{"id":2975,"date":"2019-02-16T03:54:01","date_gmt":"2019-02-16T02:54:01","guid":{"rendered":"https:\/\/sysmatec.ch\/produit\/balance-plateforme-kern-ds\/"},"modified":"2022-02-28T08:58:25","modified_gmt":"2022-02-28T07:58:25","slug":"plattformwaage-kern-ds","status":"publish","type":"product","link":"https:\/\/sysmatec.ch\/de\/Produkt\/plattformwaage-kern-ds\/","title":{"rendered":"Plattformwaage KERN DS"},"content":{"rendered":"<ul>\n<li>Waage mit Laborgenauigkeit, auch mit Eichzulassung [M]<\/li>\n<li>Bedienung Step by Step \u00fcber Ja\/Nein-Dialog im Display<\/li>\n<li>Numerischer Taravorabzug f\u00fcr bekanntes Beh\u00e4ltergewicht. N\u00fctzlich bei F\u00fcllmengenkontrollen<\/li>\n<li>Genaues Z\u00e4hlen: Die automatische Referenzoptimierung verbessert stufenweise den Durchschnittswert des Teilegewichts<\/li>\n<li>Frei programmierbare W\u00e4geeinheit, z. B. Anzeige direkt in Fadenl\u00e4nge g\/m, Papiergewicht g\/m2, o. \u00e4.<\/li>\n<\/ul>\n<table border=\"1\" width=\"636\" cellspacing=\"0\" cellpadding=\"2\">\n<tbody>\n<tr>\n<td>Waage Modell<\/td>\n<td width=\"10%\">Ablesbarkeit<\/td>\n<td width=\"10%\">W\u00e4gebereich<\/td>\n<td width=\"10%\">Reproduzierbarkeit<\/td>\n<td width=\"10%\">Linearit\u00e4t<\/td>\n<td width=\"10%\">W\u00e4geplatte<\/td>\n<\/tr>\n<tr>\n<td><\/td>\n<td width=\"10%\">g<\/td>\n<td width=\"10%\">kg<\/td>\n<td width=\"10%\">g<\/td>\n<td width=\"10%\">g<\/td>\n<td width=\"10%\">mm<\/td>\n<\/tr>\n<tr>\n<td>DS 3K0.01S<\/td>\n<td width=\"10%\">0,01<\/td>\n<td width=\"10%\">3<\/td>\n<td width=\"10%\">0,02<\/td>\n<td width=\"10%\">\u00b10,05<\/td>\n<td width=\"10%\">228&#215;228<\/td>\n<\/tr>\n<tr>\n<td>DS 5K0.05S<\/td>\n<td width=\"10%\">0,05<\/td>\n<td width=\"10%\">5<\/td>\n<td width=\"10%\">0,05<\/td>\n<td width=\"10%\">\u00b10,15<\/td>\n<td width=\"10%\">228&#215;228<\/td>\n<\/tr>\n<tr>\n<td>DS 8K0.05<\/td>\n<td width=\"10%\">0,05<\/td>\n<td width=\"10%\">8<\/td>\n<td width=\"10%\">0,05<\/td>\n<td width=\"10%\">\u00b10,15<\/td>\n<td width=\"10%\">315&#215;305<\/td>\n<\/tr>\n<tr>\n<td>DS 10K0.1S<\/td>\n<td width=\"10%\">0,1<\/td>\n<td width=\"10%\">10<\/td>\n<td width=\"10%\">0,1<\/td>\n<td width=\"10%\">\u00b10,3<\/td>\n<td width=\"10%\">228&#215;228<\/td>\n<\/tr>\n<tr>\n<td>DS 16K0.1<\/td>\n<td width=\"10%\">0,1<\/td>\n<td width=\"10%\">16<\/td>\n<td width=\"10%\">0,1<\/td>\n<td width=\"10%\">\u00b10,3<\/td>\n<td width=\"10%\">308&#215;318<\/td>\n<\/tr>\n<tr>\n<td>DS 20K0.1<\/td>\n<td width=\"10%\">0,1<\/td>\n<td width=\"10%\">20<\/td>\n<td width=\"10%\">0,1<\/td>\n<td width=\"10%\">\u00b10,3<\/td>\n<td width=\"10%\">308&#215;318<\/td>\n<\/tr>\n<tr>\n<td>DS 30K0.1<\/td>\n<td width=\"10%\">0,1<\/td>\n<td width=\"10%\">30<\/td>\n<td width=\"10%\">0,2<\/td>\n<td width=\"10%\">\u00b10,5<\/td>\n<td width=\"10%\">308&#215;318<\/td>\n<\/tr>\n<tr>\n<td>DS 30K0.1L<\/td>\n<td width=\"10%\">0,1<\/td>\n<td width=\"10%\">30<\/td>\n<td width=\"10%\">0,2<\/td>\n<td width=\"10%\">\u00b10,5<\/td>\n<td width=\"10%\">450&#215;350<\/td>\n<\/tr>\n<tr>\n<td>DS 36K0.2<\/td>\n<td width=\"10%\">0,2<\/td>\n<td width=\"10%\">36<\/td>\n<td width=\"10%\">0,2<\/td>\n<td width=\"10%\">\u00b10,6<\/td>\n<td width=\"10%\">315&#215;305<\/td>\n<\/tr>\n<tr>\n<td>DS 36K0.2L<\/td>\n<td width=\"10%\">0,2<\/td>\n<td width=\"10%\">36<\/td>\n<td width=\"10%\">0,2<\/td>\n<td width=\"10%\">\u00b10,6<\/td>\n<td width=\"10%\">450&#215;350<\/td>\n<\/tr>\n<tr>\n<td>DS 60K0.2<\/td>\n<td width=\"10%\">0,2<\/td>\n<td width=\"10%\">60<\/td>\n<td width=\"10%\">0,4<\/td>\n<td width=\"10%\">\u00b11<\/td>\n<td width=\"10%\">430&#215;350<\/td>\n<\/tr>\n<tr>\n<td>DS 65K0,5<\/td>\n<td width=\"10%\">0,5<\/td>\n<td width=\"10%\">65<\/td>\n<td width=\"10%\">0,5<\/td>\n<td width=\"10%\">\u00b11,5<\/td>\n<td width=\"10%\">450&#215;350<\/td>\n<\/tr>\n<tr>\n<td>DS 100K0.5<\/td>\n<td width=\"10%\">0,5<\/td>\n<td width=\"10%\">100<\/td>\n<td width=\"10%\">0,5<\/td>\n<td width=\"10%\">\u00b11,5<\/td>\n<td width=\"10%\">450&#215;350<\/td>\n<\/tr>\n<tr>\n<td>DS 150K1<\/td>\n<td width=\"10%\">1<\/td>\n<td width=\"10%\">150<\/td>\n<td width=\"10%\">1<\/td>\n<td width=\"10%\">\u00b13<\/td>\n<td width=\"10%\">450&#215;350<\/td>\n<\/tr>\n<tr>\n<td><\/td>\n<td width=\"10%\"><\/td>\n<td width=\"10%\"><\/td>\n<td width=\"10%\"><\/td>\n<td width=\"10%\"><\/td>\n<td width=\"10%\"><\/td>\n<\/tr>\n<\/tbody>\n<\/table>\n","protected":false},"excerpt":{"rendered":"<p>Plattformwaage 0-3 kg bis 0-150 kg<\/p>\n","protected":false},"featured_media":23464,"template":"","meta":{"_crdt_document":""},"product_brand":[],"product_cat":[165,339],"product_tag":[],"class_list":{"0":"post-2975","1":"product","2":"type-product","3":"status-publish","4":"has-post-thumbnail","6":"product_cat-gewicht","7":"product_cat-plattform","9":"first","10":"instock","11":"taxable","12":"shipping-taxable","13":"purchasable","14":"product-type-variable"},"yoast_head":"<!-- This site is optimized with the Yoast SEO plugin v27.3 - https:\/\/yoast.com\/product\/yoast-seo-wordpress\/ -->\n<title>Plattformwaage KERN DS - Sysmatec<\/title>\n<meta name=\"description\" content=\"Plattformwaage mit unabh\u00e4ngigem Bildschirm. Das Wiegen reicht von 0-3 kg bis 0-150 kg. Pr\u00e4zise Industriewaage. St\u00fcckz\u00e4hlfunktion.\" \/>\n<meta name=\"robots\" content=\"index, follow, max-snippet:-1, max-image-preview:large, max-video-preview:-1\" \/>\n<link rel=\"canonical\" href=\"https:\/\/sysmatec.ch\/de\/produit\/plattformwaage-kern-ds\/\" \/>\n<meta property=\"og:locale\" content=\"de_DE\" \/>\n<meta property=\"og:type\" content=\"article\" \/>\n<meta property=\"og:title\" content=\"Plattformwaage KERN DS - Sysmatec\" \/>\n<meta property=\"og:description\" content=\"Plattformwaage mit unabh\u00e4ngigem Bildschirm. Das Wiegen reicht von 0-3 kg bis 0-150 kg. Pr\u00e4zise Industriewaage. St\u00fcckz\u00e4hlfunktion.\" \/>\n<meta property=\"og:url\" content=\"https:\/\/sysmatec.ch\/de\/produit\/plattformwaage-kern-ds\/\" \/>\n<meta property=\"og:site_name\" content=\"Sysmatec\" \/>\n<meta property=\"article:modified_time\" content=\"2022-02-28T07:58:25+00:00\" \/>\n<meta property=\"og:image\" content=\"https:\/\/sysmatec.ch\/wp-content\/uploads\/2019\/02\/Balance_DS-scaled.jpg\" \/>\n\t<meta property=\"og:image:width\" content=\"2560\" \/>\n\t<meta property=\"og:image:height\" content=\"2366\" \/>\n\t<meta property=\"og:image:type\" content=\"image\/jpeg\" \/>\n<meta name=\"twitter:card\" content=\"summary_large_image\" \/>\n<meta name=\"twitter:label1\" content=\"Gesch\u00e4tzte Lesezeit\" \/>\n\t<meta name=\"twitter:data1\" content=\"1\u00a0Minute\" \/>\n<script type=\"application\/ld+json\" class=\"yoast-schema-graph\">{\"@context\":\"https:\\\/\\\/schema.org\",\"@graph\":[{\"@type\":\"WebPage\",\"@id\":\"https:\\\/\\\/sysmatec.ch\\\/de\\\/produit\\\/plattformwaage-kern-ds\\\/\",\"url\":\"https:\\\/\\\/sysmatec.ch\\\/de\\\/produit\\\/plattformwaage-kern-ds\\\/\",\"name\":\"Plattformwaage KERN DS - Sysmatec\",\"isPartOf\":{\"@id\":\"https:\\\/\\\/sysmatec.ch\\\/de\\\/#website\"},\"primaryImageOfPage\":{\"@id\":\"https:\\\/\\\/sysmatec.ch\\\/de\\\/produit\\\/plattformwaage-kern-ds\\\/#primaryimage\"},\"image\":{\"@id\":\"https:\\\/\\\/sysmatec.ch\\\/de\\\/produit\\\/plattformwaage-kern-ds\\\/#primaryimage\"},\"thumbnailUrl\":\"https:\\\/\\\/sysmatec.ch\\\/wp-content\\\/uploads\\\/2019\\\/02\\\/Balance_DS-scaled.jpg\",\"datePublished\":\"2019-02-16T02:54:01+00:00\",\"dateModified\":\"2022-02-28T07:58:25+00:00\",\"description\":\"Plattformwaage mit unabh\u00e4ngigem Bildschirm. Das Wiegen reicht von 0-3 kg bis 0-150 kg. Pr\u00e4zise Industriewaage. St\u00fcckz\u00e4hlfunktion.\",\"breadcrumb\":{\"@id\":\"https:\\\/\\\/sysmatec.ch\\\/de\\\/produit\\\/plattformwaage-kern-ds\\\/#breadcrumb\"},\"inLanguage\":\"de\",\"potentialAction\":[{\"@type\":\"ReadAction\",\"target\":[\"https:\\\/\\\/sysmatec.ch\\\/de\\\/produit\\\/plattformwaage-kern-ds\\\/\"]}]},{\"@type\":\"ImageObject\",\"inLanguage\":\"de\",\"@id\":\"https:\\\/\\\/sysmatec.ch\\\/de\\\/produit\\\/plattformwaage-kern-ds\\\/#primaryimage\",\"url\":\"https:\\\/\\\/sysmatec.ch\\\/wp-content\\\/uploads\\\/2019\\\/02\\\/Balance_DS-scaled.jpg\",\"contentUrl\":\"https:\\\/\\\/sysmatec.ch\\\/wp-content\\\/uploads\\\/2019\\\/02\\\/Balance_DS-scaled.jpg\",\"width\":2560,\"height\":2366},{\"@type\":\"BreadcrumbList\",\"@id\":\"https:\\\/\\\/sysmatec.ch\\\/de\\\/produit\\\/plattformwaage-kern-ds\\\/#breadcrumb\",\"itemListElement\":[{\"@type\":\"ListItem\",\"position\":1,\"name\":\"Accueil\",\"item\":\"https:\\\/\\\/sysmatec.ch\\\/de\\\/\"},{\"@type\":\"ListItem\",\"position\":2,\"name\":\"Die Aktivit\u00e4t von Sysmatec\",\"item\":\"https:\\\/\\\/sysmatec.ch\\\/de\\\/\"},{\"@type\":\"ListItem\",\"position\":3,\"name\":\"Plattformwaage KERN DS\"}]},{\"@type\":\"WebSite\",\"@id\":\"https:\\\/\\\/sysmatec.ch\\\/de\\\/#website\",\"url\":\"https:\\\/\\\/sysmatec.ch\\\/de\\\/\",\"name\":\"Sysmatec\",\"description\":\"Equipement de laboratoire et logiciels\",\"publisher\":{\"@id\":\"https:\\\/\\\/sysmatec.ch\\\/de\\\/#organization\"},\"potentialAction\":[{\"@type\":\"SearchAction\",\"target\":{\"@type\":\"EntryPoint\",\"urlTemplate\":\"https:\\\/\\\/sysmatec.ch\\\/de\\\/?s={search_term_string}\"},\"query-input\":{\"@type\":\"PropertyValueSpecification\",\"valueRequired\":true,\"valueName\":\"search_term_string\"}}],\"inLanguage\":\"de\"},{\"@type\":\"Organization\",\"@id\":\"https:\\\/\\\/sysmatec.ch\\\/de\\\/#organization\",\"name\":\"Sysmatec\",\"url\":\"https:\\\/\\\/sysmatec.ch\\\/de\\\/\",\"logo\":{\"@type\":\"ImageObject\",\"inLanguage\":\"de\",\"@id\":\"https:\\\/\\\/sysmatec.ch\\\/de\\\/#\\\/schema\\\/logo\\\/image\\\/\",\"url\":\"https:\\\/\\\/sysmatec.ch\\\/wp-content\\\/uploads\\\/2018\\\/11\\\/LogoSysmatec.jpg\",\"contentUrl\":\"https:\\\/\\\/sysmatec.ch\\\/wp-content\\\/uploads\\\/2018\\\/11\\\/LogoSysmatec.jpg\",\"width\":301,\"height\":297,\"caption\":\"Sysmatec\"},\"image\":{\"@id\":\"https:\\\/\\\/sysmatec.ch\\\/de\\\/#\\\/schema\\\/logo\\\/image\\\/\"}}]}<\/script>\n<!-- \/ Yoast SEO plugin. -->","yoast_head_json":{"title":"Plattformwaage KERN DS - Sysmatec","description":"Plattformwaage mit unabh\u00e4ngigem Bildschirm. Das Wiegen reicht von 0-3 kg bis 0-150 kg. Pr\u00e4zise Industriewaage. St\u00fcckz\u00e4hlfunktion.","robots":{"index":"index","follow":"follow","max-snippet":"max-snippet:-1","max-image-preview":"max-image-preview:large","max-video-preview":"max-video-preview:-1"},"canonical":"https:\/\/sysmatec.ch\/de\/produit\/plattformwaage-kern-ds\/","og_locale":"de_DE","og_type":"article","og_title":"Plattformwaage KERN DS - Sysmatec","og_description":"Plattformwaage mit unabh\u00e4ngigem Bildschirm. Das Wiegen reicht von 0-3 kg bis 0-150 kg. Pr\u00e4zise Industriewaage. St\u00fcckz\u00e4hlfunktion.","og_url":"https:\/\/sysmatec.ch\/de\/produit\/plattformwaage-kern-ds\/","og_site_name":"Sysmatec","article_modified_time":"2022-02-28T07:58:25+00:00","og_image":[{"width":2560,"height":2366,"url":"https:\/\/sysmatec.ch\/wp-content\/uploads\/2019\/02\/Balance_DS-scaled.jpg","type":"image\/jpeg"}],"twitter_card":"summary_large_image","twitter_misc":{"Gesch\u00e4tzte Lesezeit":"1\u00a0Minute"},"schema":{"@context":"https:\/\/schema.org","@graph":[{"@type":"WebPage","@id":"https:\/\/sysmatec.ch\/de\/produit\/plattformwaage-kern-ds\/","url":"https:\/\/sysmatec.ch\/de\/produit\/plattformwaage-kern-ds\/","name":"Plattformwaage KERN DS - Sysmatec","isPartOf":{"@id":"https:\/\/sysmatec.ch\/de\/#website"},"primaryImageOfPage":{"@id":"https:\/\/sysmatec.ch\/de\/produit\/plattformwaage-kern-ds\/#primaryimage"},"image":{"@id":"https:\/\/sysmatec.ch\/de\/produit\/plattformwaage-kern-ds\/#primaryimage"},"thumbnailUrl":"https:\/\/sysmatec.ch\/wp-content\/uploads\/2019\/02\/Balance_DS-scaled.jpg","datePublished":"2019-02-16T02:54:01+00:00","dateModified":"2022-02-28T07:58:25+00:00","description":"Plattformwaage mit unabh\u00e4ngigem Bildschirm. Das Wiegen reicht von 0-3 kg bis 0-150 kg. Pr\u00e4zise Industriewaage. St\u00fcckz\u00e4hlfunktion.","breadcrumb":{"@id":"https:\/\/sysmatec.ch\/de\/produit\/plattformwaage-kern-ds\/#breadcrumb"},"inLanguage":"de","potentialAction":[{"@type":"ReadAction","target":["https:\/\/sysmatec.ch\/de\/produit\/plattformwaage-kern-ds\/"]}]},{"@type":"ImageObject","inLanguage":"de","@id":"https:\/\/sysmatec.ch\/de\/produit\/plattformwaage-kern-ds\/#primaryimage","url":"https:\/\/sysmatec.ch\/wp-content\/uploads\/2019\/02\/Balance_DS-scaled.jpg","contentUrl":"https:\/\/sysmatec.ch\/wp-content\/uploads\/2019\/02\/Balance_DS-scaled.jpg","width":2560,"height":2366},{"@type":"BreadcrumbList","@id":"https:\/\/sysmatec.ch\/de\/produit\/plattformwaage-kern-ds\/#breadcrumb","itemListElement":[{"@type":"ListItem","position":1,"name":"Accueil","item":"https:\/\/sysmatec.ch\/de\/"},{"@type":"ListItem","position":2,"name":"Die Aktivit\u00e4t von Sysmatec","item":"https:\/\/sysmatec.ch\/de\/"},{"@type":"ListItem","position":3,"name":"Plattformwaage KERN DS"}]},{"@type":"WebSite","@id":"https:\/\/sysmatec.ch\/de\/#website","url":"https:\/\/sysmatec.ch\/de\/","name":"Sysmatec","description":"Equipement de laboratoire et logiciels","publisher":{"@id":"https:\/\/sysmatec.ch\/de\/#organization"},"potentialAction":[{"@type":"SearchAction","target":{"@type":"EntryPoint","urlTemplate":"https:\/\/sysmatec.ch\/de\/?s={search_term_string}"},"query-input":{"@type":"PropertyValueSpecification","valueRequired":true,"valueName":"search_term_string"}}],"inLanguage":"de"},{"@type":"Organization","@id":"https:\/\/sysmatec.ch\/de\/#organization","name":"Sysmatec","url":"https:\/\/sysmatec.ch\/de\/","logo":{"@type":"ImageObject","inLanguage":"de","@id":"https:\/\/sysmatec.ch\/de\/#\/schema\/logo\/image\/","url":"https:\/\/sysmatec.ch\/wp-content\/uploads\/2018\/11\/LogoSysmatec.jpg","contentUrl":"https:\/\/sysmatec.ch\/wp-content\/uploads\/2018\/11\/LogoSysmatec.jpg","width":301,"height":297,"caption":"Sysmatec"},"image":{"@id":"https:\/\/sysmatec.ch\/de\/#\/schema\/logo\/image\/"}}]}},"_links":{"self":[{"href":"https:\/\/sysmatec.ch\/de\/wp-json\/wp\/v2\/product\/2975","targetHints":{"allow":["GET"]}}],"collection":[{"href":"https:\/\/sysmatec.ch\/de\/wp-json\/wp\/v2\/product"}],"about":[{"href":"https:\/\/sysmatec.ch\/de\/wp-json\/wp\/v2\/types\/product"}],"wp:featuredmedia":[{"embeddable":true,"href":"https:\/\/sysmatec.ch\/de\/wp-json\/wp\/v2\/media\/23464"}],"wp:attachment":[{"href":"https:\/\/sysmatec.ch\/de\/wp-json\/wp\/v2\/media?parent=2975"}],"wp:term":[{"taxonomy":"product_brand","embeddable":true,"href":"https:\/\/sysmatec.ch\/de\/wp-json\/wp\/v2\/product_brand?post=2975"},{"taxonomy":"product_cat","embeddable":true,"href":"https:\/\/sysmatec.ch\/de\/wp-json\/wp\/v2\/product_cat?post=2975"},{"taxonomy":"product_tag","embeddable":true,"href":"https:\/\/sysmatec.ch\/de\/wp-json\/wp\/v2\/product_tag?post=2975"}],"curies":[{"name":"wp","href":"https:\/\/api.w.org\/{rel}","templated":true}]}}