{"id":29746,"date":"2024-06-27T15:32:45","date_gmt":"2024-06-27T13:32:45","guid":{"rendered":"https:\/\/sysmatec.ch\/?post_type=product&#038;p=29746"},"modified":"2024-06-27T15:57:16","modified_gmt":"2024-06-27T13:57:16","slug":"reaktorsystem-easysyn-500-advanced","status":"publish","type":"product","link":"https:\/\/sysmatec.ch\/de\/Produkt\/reaktorsystem-easysyn-500-advanced\/","title":{"rendered":"Reaktorsystem EasySyn 500 Advanced"},"content":{"rendered":"<p>Das Reaktorsystem ist f\u00fcr die organische oder w\u00e4ssrige Synthese konzipiert worden. Es sorgt f\u00fcr sichere und reproduzierbare chemische Reaktionen auf dem Weg vom Labor- in den Pilot-Ma\u00dfstab.<\/p>\n<p>Unser Package EasySyn 500 Advanced bildet ein vollst\u00e4ndiges Reaktorsystem f\u00fcr den Einsatz im Labor. Sie k\u00f6nnen es au\u00dferdem mit der IKA Laborsoftware labworldsoft\u00ae 6 steuern und alle Abl\u00e4ufe automatisieren. Die hohe Qualit\u00e4t der verwendeten Materialien erm\u00f6glicht den Betrieb bei Temperaturen von -50 bis 200 \u00b0C und bis zu einem Unterdruck von 3 mbar.<\/p>\n<p>Zu EasySyn Advanced geh\u00f6rt das Entleerungsset LT 5.40. Mit seinen speziellen Ventilen erm\u00f6glicht es ein schnelles und sauberes Entleeren der Temperierfl\u00fcssigkeit des Doppelmantels und das einfache Tauschen des Reaktorgef\u00e4\u00dfes.<\/p>\n<p>Zur Verf\u00fcgung 4 Reaktorengef\u00e4sse: 0.5 L , 1 l, 2 L, 5 L<\/p>\n<h2>Merkmale<\/h2>\n<ul>\n<li>Ergonomisch designtes Stativsystem f\u00fcr einen schnellen und einfachen Austausch der Reaktorgef\u00e4\u00dfe und die Anpassung der Arbeitsh\u00f6he auf die eigene K\u00f6rpergr\u00f6\u00dfe<\/li>\n<li>DN 100 Beh\u00e4lterklemme zur Aufnahme des Reaktorgef\u00e4\u00dfes<\/li>\n<li>Doppelwandiges Reaktionsgef\u00e4\u00df aus chemisch best\u00e4ndigem Borosilikat 3.3-Glas mit Bodenauslass<\/li>\n<li>Gefederte Ventilspindel des Ablassventils zur Vermeidung von Glasbruch<\/li>\n<li>Reaktordeckel mit verschiedenen \u00d6ffnungen (1 x NS 29\/32 R\u00fchrwellendurchf\u00fchrung, 2 x NS 29\/32, 1 x NS 14\/23) f\u00fcr flexible Anpassung an die gew\u00fcnschte Anwendung<\/li>\n<li>DN 100 Spannring und DN 100 FEP-ummantelter O-Ring zur Gew\u00e4hrleistung der chemischen Best\u00e4ndigkeit<\/li>\n<li>Kraftvolles R\u00fchrwerk EUROSTAR 100 control mit 100 Ncm, inklusive Schnellspannfutter f\u00fcr einfaches und schnelles Einspannen des R\u00fchrelements<\/li>\n<li>Zus\u00e4tzliche Funktionen wie Zeitschaltuhr, \u00dcberlastungsschutz und Temperaturmessung im R\u00fchrwerk integriert<\/li>\n<li>PTFE-ummantelter Schr\u00e4gblattr\u00fchrer f\u00fcr optimale Durchmischung und chemische Best\u00e4ndigkeit<\/li>\n<li>Hochwertige R\u00fchrwellendurchf\u00fchrung f\u00fcr Vakuumbetrieb bis 3 mbar<\/li>\n<li>Entleerungsset LT 5.40 mit Ventilen und Temperierschl\u00e4uchen zur einfachen Entleerung des doppelwandigen Reaktorgef\u00e4\u00dfes und zum schnellen Wechsel der Reaktorgef\u00e4\u00dfe<\/li>\n<li>RS 232-Schnittstelle am R\u00fchrwerk zur externen Steuerung mittels unserer als Zubeh\u00f6r erh\u00e4ltlichen Laborautomatisierungs-Software labworldsoft\u00ae 6<\/li>\n<\/ul>\n<h2>Lieferumfang<\/h2>\n<ul>\n<li>SY Halter<\/li>\n<li>SY D Reaktorgef\u00e4\u00df<\/li>\n<li>SY clamp 100<\/li>\n<li>SY clamp ring 100<\/li>\n<li>SY O-ring 100<\/li>\n<li>SY 100.1 Reaktordeckel<\/li>\n<li>R 4011 SY Schr\u00e4gblattr\u00fchrer<\/li>\n<li>EUROSTAR 100 control<\/li>\n<li>SY guide<\/li>\n<li>R 60 Schnellspannfutter<\/li>\n<li>LT 5.40 Entleerungsset<\/li>\n<\/ul>\n","protected":false},"excerpt":{"rendered":"<p>Laborreaktor 0.5 L bis 5 L<\/p>\n","protected":false},"featured_media":29749,"template":"","meta":{"_crdt_document":""},"product_brand":[],"product_cat":[282],"product_tag":[],"class_list":{"0":"post-29746","1":"product","2":"type-product","3":"status-publish","4":"has-post-thumbnail","6":"product_cat-chemischer-reaktor","8":"first","9":"instock","10":"taxable","11":"shipping-taxable","12":"product-type-simple"},"yoast_head":"<!-- This site is optimized with the Yoast SEO plugin v27.3 - https:\/\/yoast.com\/product\/yoast-seo-wordpress\/ -->\n<title>Reaktorsystem EasySyn 500 Advanced - Sysmatec<\/title>\n<meta name=\"description\" content=\"Doppelter Laborreaktor aus Glas. Volumina von 0,5 l bis 5 l. Mit Entnahmeventil.\" \/>\n<meta name=\"robots\" content=\"index, follow, max-snippet:-1, max-image-preview:large, max-video-preview:-1\" \/>\n<link rel=\"canonical\" href=\"https:\/\/sysmatec.ch\/de\/Produkt\/reaktorsystem-easysyn-500-advanced\/\" \/>\n<meta property=\"og:locale\" content=\"de_DE\" \/>\n<meta property=\"og:type\" content=\"article\" \/>\n<meta property=\"og:title\" content=\"Reaktorsystem EasySyn 500 Advanced - Sysmatec\" \/>\n<meta property=\"og:description\" content=\"Doppelter Laborreaktor aus Glas. Volumina von 0,5 l bis 5 l. Mit Entnahmeventil.\" \/>\n<meta property=\"og:url\" content=\"https:\/\/sysmatec.ch\/de\/Produkt\/reaktorsystem-easysyn-500-advanced\/\" \/>\n<meta property=\"og:site_name\" content=\"Sysmatec\" \/>\n<meta property=\"article:modified_time\" content=\"2024-06-27T13:57:16+00:00\" \/>\n<meta property=\"og:image\" content=\"https:\/\/sysmatec.ch\/wp-content\/uploads\/2024\/06\/Reacteur-Chmique_EasySynIKA.jpg\" \/>\n\t<meta property=\"og:image:width\" content=\"676\" \/>\n\t<meta property=\"og:image:height\" content=\"820\" \/>\n\t<meta property=\"og:image:type\" content=\"image\/jpeg\" \/>\n<meta name=\"twitter:card\" content=\"summary_large_image\" \/>\n<meta name=\"twitter:label1\" content=\"Gesch\u00e4tzte Lesezeit\" \/>\n\t<meta name=\"twitter:data1\" content=\"2\u00a0Minuten\" \/>\n<script type=\"application\/ld+json\" class=\"yoast-schema-graph\">{\"@context\":\"https:\\\/\\\/schema.org\",\"@graph\":[{\"@type\":\"WebPage\",\"@id\":\"https:\\\/\\\/sysmatec.ch\\\/de\\\/Produkt\\\/reaktorsystem-easysyn-500-advanced\\\/\",\"url\":\"https:\\\/\\\/sysmatec.ch\\\/de\\\/Produkt\\\/reaktorsystem-easysyn-500-advanced\\\/\",\"name\":\"Reaktorsystem EasySyn 500 Advanced - Sysmatec\",\"isPartOf\":{\"@id\":\"https:\\\/\\\/sysmatec.ch\\\/de\\\/#website\"},\"primaryImageOfPage\":{\"@id\":\"https:\\\/\\\/sysmatec.ch\\\/de\\\/Produkt\\\/reaktorsystem-easysyn-500-advanced\\\/#primaryimage\"},\"image\":{\"@id\":\"https:\\\/\\\/sysmatec.ch\\\/de\\\/Produkt\\\/reaktorsystem-easysyn-500-advanced\\\/#primaryimage\"},\"thumbnailUrl\":\"https:\\\/\\\/sysmatec.ch\\\/wp-content\\\/uploads\\\/2024\\\/06\\\/Reacteur-Chmique_EasySynIKA.jpg\",\"datePublished\":\"2024-06-27T13:32:45+00:00\",\"dateModified\":\"2024-06-27T13:57:16+00:00\",\"description\":\"Doppelter Laborreaktor aus Glas. Volumina von 0,5 l bis 5 l. Mit Entnahmeventil.\",\"breadcrumb\":{\"@id\":\"https:\\\/\\\/sysmatec.ch\\\/de\\\/Produkt\\\/reaktorsystem-easysyn-500-advanced\\\/#breadcrumb\"},\"inLanguage\":\"de\",\"potentialAction\":[{\"@type\":\"ReadAction\",\"target\":[\"https:\\\/\\\/sysmatec.ch\\\/de\\\/Produkt\\\/reaktorsystem-easysyn-500-advanced\\\/\"]}]},{\"@type\":\"ImageObject\",\"inLanguage\":\"de\",\"@id\":\"https:\\\/\\\/sysmatec.ch\\\/de\\\/Produkt\\\/reaktorsystem-easysyn-500-advanced\\\/#primaryimage\",\"url\":\"https:\\\/\\\/sysmatec.ch\\\/wp-content\\\/uploads\\\/2024\\\/06\\\/Reacteur-Chmique_EasySynIKA.jpg\",\"contentUrl\":\"https:\\\/\\\/sysmatec.ch\\\/wp-content\\\/uploads\\\/2024\\\/06\\\/Reacteur-Chmique_EasySynIKA.jpg\",\"width\":676,\"height\":820},{\"@type\":\"BreadcrumbList\",\"@id\":\"https:\\\/\\\/sysmatec.ch\\\/de\\\/Produkt\\\/reaktorsystem-easysyn-500-advanced\\\/#breadcrumb\",\"itemListElement\":[{\"@type\":\"ListItem\",\"position\":1,\"name\":\"Accueil\",\"item\":\"https:\\\/\\\/sysmatec.ch\\\/de\\\/\"},{\"@type\":\"ListItem\",\"position\":2,\"name\":\"Die Aktivit\u00e4t von Sysmatec\",\"item\":\"https:\\\/\\\/sysmatec.ch\\\/de\\\/\"},{\"@type\":\"ListItem\",\"position\":3,\"name\":\"Reaktorsystem EasySyn 500 Advanced\"}]},{\"@type\":\"WebSite\",\"@id\":\"https:\\\/\\\/sysmatec.ch\\\/de\\\/#website\",\"url\":\"https:\\\/\\\/sysmatec.ch\\\/de\\\/\",\"name\":\"Sysmatec\",\"description\":\"Equipement de laboratoire et logiciels\",\"publisher\":{\"@id\":\"https:\\\/\\\/sysmatec.ch\\\/de\\\/#organization\"},\"potentialAction\":[{\"@type\":\"SearchAction\",\"target\":{\"@type\":\"EntryPoint\",\"urlTemplate\":\"https:\\\/\\\/sysmatec.ch\\\/de\\\/?s={search_term_string}\"},\"query-input\":{\"@type\":\"PropertyValueSpecification\",\"valueRequired\":true,\"valueName\":\"search_term_string\"}}],\"inLanguage\":\"de\"},{\"@type\":\"Organization\",\"@id\":\"https:\\\/\\\/sysmatec.ch\\\/de\\\/#organization\",\"name\":\"Sysmatec\",\"url\":\"https:\\\/\\\/sysmatec.ch\\\/de\\\/\",\"logo\":{\"@type\":\"ImageObject\",\"inLanguage\":\"de\",\"@id\":\"https:\\\/\\\/sysmatec.ch\\\/de\\\/#\\\/schema\\\/logo\\\/image\\\/\",\"url\":\"https:\\\/\\\/sysmatec.ch\\\/wp-content\\\/uploads\\\/2018\\\/11\\\/LogoSysmatec.jpg\",\"contentUrl\":\"https:\\\/\\\/sysmatec.ch\\\/wp-content\\\/uploads\\\/2018\\\/11\\\/LogoSysmatec.jpg\",\"width\":301,\"height\":297,\"caption\":\"Sysmatec\"},\"image\":{\"@id\":\"https:\\\/\\\/sysmatec.ch\\\/de\\\/#\\\/schema\\\/logo\\\/image\\\/\"}}]}<\/script>\n<!-- \/ Yoast SEO plugin. -->","yoast_head_json":{"title":"Reaktorsystem EasySyn 500 Advanced - Sysmatec","description":"Doppelter Laborreaktor aus Glas. Volumina von 0,5 l bis 5 l. Mit Entnahmeventil.","robots":{"index":"index","follow":"follow","max-snippet":"max-snippet:-1","max-image-preview":"max-image-preview:large","max-video-preview":"max-video-preview:-1"},"canonical":"https:\/\/sysmatec.ch\/de\/Produkt\/reaktorsystem-easysyn-500-advanced\/","og_locale":"de_DE","og_type":"article","og_title":"Reaktorsystem EasySyn 500 Advanced - Sysmatec","og_description":"Doppelter Laborreaktor aus Glas. Volumina von 0,5 l bis 5 l. Mit Entnahmeventil.","og_url":"https:\/\/sysmatec.ch\/de\/Produkt\/reaktorsystem-easysyn-500-advanced\/","og_site_name":"Sysmatec","article_modified_time":"2024-06-27T13:57:16+00:00","og_image":[{"width":676,"height":820,"url":"https:\/\/sysmatec.ch\/wp-content\/uploads\/2024\/06\/Reacteur-Chmique_EasySynIKA.jpg","type":"image\/jpeg"}],"twitter_card":"summary_large_image","twitter_misc":{"Gesch\u00e4tzte Lesezeit":"2\u00a0Minuten"},"schema":{"@context":"https:\/\/schema.org","@graph":[{"@type":"WebPage","@id":"https:\/\/sysmatec.ch\/de\/Produkt\/reaktorsystem-easysyn-500-advanced\/","url":"https:\/\/sysmatec.ch\/de\/Produkt\/reaktorsystem-easysyn-500-advanced\/","name":"Reaktorsystem EasySyn 500 Advanced - Sysmatec","isPartOf":{"@id":"https:\/\/sysmatec.ch\/de\/#website"},"primaryImageOfPage":{"@id":"https:\/\/sysmatec.ch\/de\/Produkt\/reaktorsystem-easysyn-500-advanced\/#primaryimage"},"image":{"@id":"https:\/\/sysmatec.ch\/de\/Produkt\/reaktorsystem-easysyn-500-advanced\/#primaryimage"},"thumbnailUrl":"https:\/\/sysmatec.ch\/wp-content\/uploads\/2024\/06\/Reacteur-Chmique_EasySynIKA.jpg","datePublished":"2024-06-27T13:32:45+00:00","dateModified":"2024-06-27T13:57:16+00:00","description":"Doppelter Laborreaktor aus Glas. Volumina von 0,5 l bis 5 l. Mit Entnahmeventil.","breadcrumb":{"@id":"https:\/\/sysmatec.ch\/de\/Produkt\/reaktorsystem-easysyn-500-advanced\/#breadcrumb"},"inLanguage":"de","potentialAction":[{"@type":"ReadAction","target":["https:\/\/sysmatec.ch\/de\/Produkt\/reaktorsystem-easysyn-500-advanced\/"]}]},{"@type":"ImageObject","inLanguage":"de","@id":"https:\/\/sysmatec.ch\/de\/Produkt\/reaktorsystem-easysyn-500-advanced\/#primaryimage","url":"https:\/\/sysmatec.ch\/wp-content\/uploads\/2024\/06\/Reacteur-Chmique_EasySynIKA.jpg","contentUrl":"https:\/\/sysmatec.ch\/wp-content\/uploads\/2024\/06\/Reacteur-Chmique_EasySynIKA.jpg","width":676,"height":820},{"@type":"BreadcrumbList","@id":"https:\/\/sysmatec.ch\/de\/Produkt\/reaktorsystem-easysyn-500-advanced\/#breadcrumb","itemListElement":[{"@type":"ListItem","position":1,"name":"Accueil","item":"https:\/\/sysmatec.ch\/de\/"},{"@type":"ListItem","position":2,"name":"Die Aktivit\u00e4t von Sysmatec","item":"https:\/\/sysmatec.ch\/de\/"},{"@type":"ListItem","position":3,"name":"Reaktorsystem EasySyn 500 Advanced"}]},{"@type":"WebSite","@id":"https:\/\/sysmatec.ch\/de\/#website","url":"https:\/\/sysmatec.ch\/de\/","name":"Sysmatec","description":"Equipement de laboratoire et logiciels","publisher":{"@id":"https:\/\/sysmatec.ch\/de\/#organization"},"potentialAction":[{"@type":"SearchAction","target":{"@type":"EntryPoint","urlTemplate":"https:\/\/sysmatec.ch\/de\/?s={search_term_string}"},"query-input":{"@type":"PropertyValueSpecification","valueRequired":true,"valueName":"search_term_string"}}],"inLanguage":"de"},{"@type":"Organization","@id":"https:\/\/sysmatec.ch\/de\/#organization","name":"Sysmatec","url":"https:\/\/sysmatec.ch\/de\/","logo":{"@type":"ImageObject","inLanguage":"de","@id":"https:\/\/sysmatec.ch\/de\/#\/schema\/logo\/image\/","url":"https:\/\/sysmatec.ch\/wp-content\/uploads\/2018\/11\/LogoSysmatec.jpg","contentUrl":"https:\/\/sysmatec.ch\/wp-content\/uploads\/2018\/11\/LogoSysmatec.jpg","width":301,"height":297,"caption":"Sysmatec"},"image":{"@id":"https:\/\/sysmatec.ch\/de\/#\/schema\/logo\/image\/"}}]}},"_links":{"self":[{"href":"https:\/\/sysmatec.ch\/de\/wp-json\/wp\/v2\/product\/29746","targetHints":{"allow":["GET"]}}],"collection":[{"href":"https:\/\/sysmatec.ch\/de\/wp-json\/wp\/v2\/product"}],"about":[{"href":"https:\/\/sysmatec.ch\/de\/wp-json\/wp\/v2\/types\/product"}],"wp:featuredmedia":[{"embeddable":true,"href":"https:\/\/sysmatec.ch\/de\/wp-json\/wp\/v2\/media\/29749"}],"wp:attachment":[{"href":"https:\/\/sysmatec.ch\/de\/wp-json\/wp\/v2\/media?parent=29746"}],"wp:term":[{"taxonomy":"product_brand","embeddable":true,"href":"https:\/\/sysmatec.ch\/de\/wp-json\/wp\/v2\/product_brand?post=29746"},{"taxonomy":"product_cat","embeddable":true,"href":"https:\/\/sysmatec.ch\/de\/wp-json\/wp\/v2\/product_cat?post=29746"},{"taxonomy":"product_tag","embeddable":true,"href":"https:\/\/sysmatec.ch\/de\/wp-json\/wp\/v2\/product_tag?post=29746"}],"curies":[{"name":"wp","href":"https:\/\/api.w.org\/{rel}","templated":true}]}}