{"id":29738,"date":"2024-06-27T11:26:18","date_gmt":"2024-06-27T09:26:18","guid":{"rendered":"https:\/\/sysmatec.ch\/?post_type=product&#038;p=29738"},"modified":"2024-06-27T14:54:58","modified_gmt":"2024-06-27T12:54:58","slug":"thermostat-cbc-5-basic","status":"publish","type":"product","link":"https:\/\/sysmatec.ch\/de\/Produkt\/thermostat-cbc-5-basic\/","title":{"rendered":"Thermostat CBC 5 basic"},"content":{"rendered":"<p>Das CBC 5 basic ist ein leistungsstarkes K\u00e4lte-W\u00e4rme-Umw\u00e4lzthermostat mit hoher Heiz- und K\u00fchlleistung f\u00fcr einen Arbeitstemperaturbereich von &#8211; 25 \u00b0C bis + 200 \u00b0C. Dank der bew\u00e4hrten Druck- und Saugpumpe ist es bestens f\u00fcr externe Applikationen geeignet. Die hochwertige Isolierung des Ger\u00e4tes erm\u00f6glicht besonders schnelle Aufheizzeiten und vermindert W\u00e4rmeeintrag bei niedrigen Temperaturen. Alle Parameter k\u00f6nnen \u00fcber eine Software (z. B. labworldsoft(r) oder NAMUR-Befehle) verwaltet (ausgelesen, \u00fcberwacht und vollst\u00e4ndig dokumentiert) werden.<\/p>\n<h2>Merkmale<\/h2>\n<ul>\n<li>Ger\u00e4tetyp Umw\u00e4lzthermostat<\/li>\n<li>Klassenbezeichnung nach DIN 12876 III<\/li>\n<li>Kennzeichnung nach DIN 12876 FL<\/li>\n<li>K\u00e4ltemittel R134a<\/li>\n<li>K\u00e4ltemittelmenge 250 g<\/li>\n<li>K\u00e4ltemittel Druck max. 20 bar<\/li>\n<li>Heizleistung 2500 W<\/li>\n<li>K\u00e4lteleistung (@20\u00b0C) 350 W<\/li>\n<li>K\u00e4lteleistung (@10\u00b0C) 320 W<\/li>\n<li>K\u00e4lteleistung (@0\u00b0C) 270 W<\/li>\n<li>K\u00e4lteleistung (@-10\u00b0C) 190 W<\/li>\n<li>K\u00e4lteleistung (@-20\u00b0C) 80 W<\/li>\n<li>K\u00e4lteleistung (@ -20\u00b0C; 3200 rpm) 130 W<\/li>\n<li>K\u00e4lteleistung (@ 20\u00b0C; 3200 rpm) 400 W<\/li>\n<li>Arbeitstemperatur -25 &#8211; 200 \u00b0C<\/li>\n<li>Betriebstemperatur min. -25 \u00b0C<\/li>\n<li>Temperaturanzeige ja<\/li>\n<li>Temperaturkonstanz DIN 12876 (@+70\u00b0) \u00b10.02 K<\/li>\n<li>Temperaturregelung PID<\/li>\n<li>Arbeitstemperaturf\u00fchler PT 100<\/li>\n<li>Sicherheitstemperaturf\u00fchler PT1000<\/li>\n<li>Arbeitstemperaturanzeige LED<\/li>\n<li>Sicherheitstemperaturanzeige LED<\/li>\n<li>Anschluss f\u00fcr ext. Temperaturmessf\u00fchler PT 100<\/li>\n<li>Anzeigeaufl\u00f6sung 0.1 K<\/li>\n<li>Anzeige des Betriebs mit ext. F\u00fchler ja<\/li>\n<li>Warnfunktion optisch ja<\/li>\n<li>Warnfunktion akustisch ja<\/li>\n<li>Warnfunktion \u00dcbertemperatur ja<\/li>\n<li>Warnfunktion Untertemperatur ja<\/li>\n<li>Sicherheitskreis einstellbar 0 &#8211; 260 \u00b0C<\/li>\n<li>Unterniveauschutz ja<\/li>\n<li>F\u00fcllvolumen 5 &#8211; 7 l<\/li>\n<li>Pumpentyp Druck- \/ Saugpumpe<\/li>\n<li>Pumpenleistung ver\u00e4nderbar ja<\/li>\n<li>Pumpendruck max. (0 Liter F\u00f6rderstrom) 0.61 bar<\/li>\n<li>Pumpendruck (Saugseite) max. (0 Liter F\u00f6rderstrom) 0.45 bar<\/li>\n<li>F\u00f6rderstrom max. (0 bar Gegendruck) 31 l\/min<\/li>\n<li>Badtiefe min. 150 mm<\/li>\n<li>Breite Bad \u00d6ffnung 172 mm<\/li>\n<li>Tiefe Bad \u00d6ffnung 82 mm<\/li>\n<li>Kalibrierungsm\u00f6glichkeit ja<\/li>\n<li>Technische Daten nach Norm DIN 12876<\/li>\n<li>Ger\u00e4uschpegel 55 dB(A)<\/li>\n<li>Abmessungen (B x H x T) 275 x 690 x 490 mm<\/li>\n<li>Gewicht 45 kg<\/li>\n<li>Zul\u00e4ssiger Umgebungstemperaturbereich 5 &#8211; 32 \u00b0C<\/li>\n<li>Zul\u00e4ssige Relative Feuchte 80 %<\/li>\n<li>Schutzart nach DIN EN 60529 IP 21<\/li>\n<li>RS 232 Schnittstelle ja<\/li>\n<li>USB Schnittstelle ja<\/li>\n<li>Spannung 230 V<\/li>\n<li>Frequenz 50\/60 Hz<\/li>\n<li>Ger\u00e4teaufnahmeleistung 3000 W<\/li>\n<\/ul>\n<h2>Lieferumfang<\/h2>\n<ul>\n<li>CBC 5 basic<\/li>\n<li>Hose olive NW 12 (2 St.)<\/li>\n<li>Screwdriver<\/li>\n<li>USB-Kabel &#8211; USB A zu Micro-B, 2 m<\/li>\n<\/ul>\n<h2>Zubeh\u00f6r<\/h2>\n<ul>\n<li>Schl\u00e4uche auf Anfrage<\/li>\n<li>Ref. HF.Si.20.250.50A: Temperierfl\u00fcssigkeit auf Silikon Basis, Temperaturbereich in geschlossenen B\u00e4dern (HBC, CBC): 20 \u2013 250 \u00b0C, Temperaturbereich in offenen B\u00e4dern (ICC, IC): 20 \u2013 200\u00b0C, Viskosit\u00e4t bei 25 \u00b0C: 50 mPa, Farbe: rot, Menge: 10 kg, Additiviert<\/li>\n<li>Ref. HF.Si.20.200.50: Temperierfl\u00fcssigkeit auf Silikon Basis, Temperaturbereich in offenen und geschlossenen B\u00e4dern: 20 \u2013 200 \u00b0C, Temperaturbereich in geschlossenen B\u00e4dern (HBC, CBC): kurzzeitig 20 \u2013 250\u00b0C, Viskosit\u00e4t bei 25 \u00b0C: 50 mPa, Farbe: klar, Menge: 10 kg<\/li>\n<li>Ref. UF.Si.N30.150.10LV: Universal-Temperierfl\u00fcssigkeit auf Silikon Basis, Temperaturbereich in geschlossenen B\u00e4dern (HBC, CBC): -30 \u2013 150 \u00b0C, Temperaturbereich in offenen B\u00e4dern (ICC, IC): -30 \u2013 130\u00b0C, Viskosit\u00e4t bei 25 \u00b0C: 10 mPa, Farbe: klar, Menge: 9 kg<\/li>\n<\/ul>\n<p>&nbsp;<\/p>\n","protected":false},"excerpt":{"rendered":"<p>K\u00e4lte-W\u00e4rme-Umw\u00e4lzthermostat f\u00fcr einen Arbeitstemperaturbereich von &#8211; 25 \u00b0C bis + 200 \u00b0C.<\/p>\n","protected":false},"featured_media":29743,"template":"","meta":{"_crdt_document":""},"product_brand":[],"product_cat":[153],"product_tag":[],"class_list":{"0":"post-29738","1":"product","2":"type-product","3":"status-publish","4":"has-post-thumbnail","6":"product_cat-wasserbad","8":"first","9":"instock","10":"taxable","11":"shipping-taxable","12":"product-type-simple"},"yoast_head":"<!-- This site is optimized with the Yoast SEO plugin v27.3 - https:\/\/yoast.com\/product\/yoast-seo-wordpress\/ -->\n<title>Thermostat CBC 5 basic - Sysmatec<\/title>\n<meta name=\"description\" content=\"K\u00e4lte-W\u00e4rme-Umw\u00e4lzthermostat mit hoher Heiz- und K\u00fchlleistung f\u00fcr einen Arbeitstemperaturbereich von - 25 \u00b0C bis + 200 \u00b0C.\" \/>\n<meta name=\"robots\" content=\"index, follow, max-snippet:-1, max-image-preview:large, max-video-preview:-1\" \/>\n<link rel=\"canonical\" href=\"https:\/\/sysmatec.ch\/de\/Produkt\/thermostat-cbc-5-basic\/\" \/>\n<meta property=\"og:locale\" content=\"de_DE\" \/>\n<meta property=\"og:type\" content=\"article\" \/>\n<meta property=\"og:title\" content=\"Thermostat CBC 5 basic - Sysmatec\" \/>\n<meta property=\"og:description\" content=\"K\u00e4lte-W\u00e4rme-Umw\u00e4lzthermostat mit hoher Heiz- und K\u00fchlleistung f\u00fcr einen Arbeitstemperaturbereich von - 25 \u00b0C bis + 200 \u00b0C.\" \/>\n<meta property=\"og:url\" content=\"https:\/\/sysmatec.ch\/de\/Produkt\/thermostat-cbc-5-basic\/\" \/>\n<meta property=\"og:site_name\" content=\"Sysmatec\" \/>\n<meta property=\"article:modified_time\" content=\"2024-06-27T12:54:58+00:00\" \/>\n<meta property=\"og:image\" content=\"https:\/\/sysmatec.ch\/wp-content\/uploads\/2024\/06\/Thermostat_CBC-5-basicIKA.jpg\" \/>\n\t<meta property=\"og:image:width\" content=\"772\" \/>\n\t<meta property=\"og:image:height\" content=\"813\" \/>\n\t<meta property=\"og:image:type\" content=\"image\/jpeg\" \/>\n<meta name=\"twitter:card\" content=\"summary_large_image\" \/>\n<meta name=\"twitter:label1\" content=\"Gesch\u00e4tzte Lesezeit\" \/>\n\t<meta name=\"twitter:data1\" content=\"3\u00a0Minuten\" \/>\n<script type=\"application\/ld+json\" class=\"yoast-schema-graph\">{\"@context\":\"https:\\\/\\\/schema.org\",\"@graph\":[{\"@type\":\"WebPage\",\"@id\":\"https:\\\/\\\/sysmatec.ch\\\/de\\\/Produkt\\\/thermostat-cbc-5-basic\\\/\",\"url\":\"https:\\\/\\\/sysmatec.ch\\\/de\\\/Produkt\\\/thermostat-cbc-5-basic\\\/\",\"name\":\"Thermostat CBC 5 basic - Sysmatec\",\"isPartOf\":{\"@id\":\"https:\\\/\\\/sysmatec.ch\\\/de\\\/#website\"},\"primaryImageOfPage\":{\"@id\":\"https:\\\/\\\/sysmatec.ch\\\/de\\\/Produkt\\\/thermostat-cbc-5-basic\\\/#primaryimage\"},\"image\":{\"@id\":\"https:\\\/\\\/sysmatec.ch\\\/de\\\/Produkt\\\/thermostat-cbc-5-basic\\\/#primaryimage\"},\"thumbnailUrl\":\"https:\\\/\\\/sysmatec.ch\\\/wp-content\\\/uploads\\\/2024\\\/06\\\/Thermostat_CBC-5-basicIKA.jpg\",\"datePublished\":\"2024-06-27T09:26:18+00:00\",\"dateModified\":\"2024-06-27T12:54:58+00:00\",\"description\":\"K\u00e4lte-W\u00e4rme-Umw\u00e4lzthermostat mit hoher Heiz- und K\u00fchlleistung f\u00fcr einen Arbeitstemperaturbereich von - 25 \u00b0C bis + 200 \u00b0C.\",\"breadcrumb\":{\"@id\":\"https:\\\/\\\/sysmatec.ch\\\/de\\\/Produkt\\\/thermostat-cbc-5-basic\\\/#breadcrumb\"},\"inLanguage\":\"de\",\"potentialAction\":[{\"@type\":\"ReadAction\",\"target\":[\"https:\\\/\\\/sysmatec.ch\\\/de\\\/Produkt\\\/thermostat-cbc-5-basic\\\/\"]}]},{\"@type\":\"ImageObject\",\"inLanguage\":\"de\",\"@id\":\"https:\\\/\\\/sysmatec.ch\\\/de\\\/Produkt\\\/thermostat-cbc-5-basic\\\/#primaryimage\",\"url\":\"https:\\\/\\\/sysmatec.ch\\\/wp-content\\\/uploads\\\/2024\\\/06\\\/Thermostat_CBC-5-basicIKA.jpg\",\"contentUrl\":\"https:\\\/\\\/sysmatec.ch\\\/wp-content\\\/uploads\\\/2024\\\/06\\\/Thermostat_CBC-5-basicIKA.jpg\",\"width\":772,\"height\":813},{\"@type\":\"BreadcrumbList\",\"@id\":\"https:\\\/\\\/sysmatec.ch\\\/de\\\/Produkt\\\/thermostat-cbc-5-basic\\\/#breadcrumb\",\"itemListElement\":[{\"@type\":\"ListItem\",\"position\":1,\"name\":\"Accueil\",\"item\":\"https:\\\/\\\/sysmatec.ch\\\/de\\\/\"},{\"@type\":\"ListItem\",\"position\":2,\"name\":\"Die Aktivit\u00e4t von Sysmatec\",\"item\":\"https:\\\/\\\/sysmatec.ch\\\/de\\\/\"},{\"@type\":\"ListItem\",\"position\":3,\"name\":\"Thermostat CBC 5 basic\"}]},{\"@type\":\"WebSite\",\"@id\":\"https:\\\/\\\/sysmatec.ch\\\/de\\\/#website\",\"url\":\"https:\\\/\\\/sysmatec.ch\\\/de\\\/\",\"name\":\"Sysmatec\",\"description\":\"Equipement de laboratoire et logiciels\",\"publisher\":{\"@id\":\"https:\\\/\\\/sysmatec.ch\\\/de\\\/#organization\"},\"potentialAction\":[{\"@type\":\"SearchAction\",\"target\":{\"@type\":\"EntryPoint\",\"urlTemplate\":\"https:\\\/\\\/sysmatec.ch\\\/de\\\/?s={search_term_string}\"},\"query-input\":{\"@type\":\"PropertyValueSpecification\",\"valueRequired\":true,\"valueName\":\"search_term_string\"}}],\"inLanguage\":\"de\"},{\"@type\":\"Organization\",\"@id\":\"https:\\\/\\\/sysmatec.ch\\\/de\\\/#organization\",\"name\":\"Sysmatec\",\"url\":\"https:\\\/\\\/sysmatec.ch\\\/de\\\/\",\"logo\":{\"@type\":\"ImageObject\",\"inLanguage\":\"de\",\"@id\":\"https:\\\/\\\/sysmatec.ch\\\/de\\\/#\\\/schema\\\/logo\\\/image\\\/\",\"url\":\"https:\\\/\\\/sysmatec.ch\\\/wp-content\\\/uploads\\\/2018\\\/11\\\/LogoSysmatec.jpg\",\"contentUrl\":\"https:\\\/\\\/sysmatec.ch\\\/wp-content\\\/uploads\\\/2018\\\/11\\\/LogoSysmatec.jpg\",\"width\":301,\"height\":297,\"caption\":\"Sysmatec\"},\"image\":{\"@id\":\"https:\\\/\\\/sysmatec.ch\\\/de\\\/#\\\/schema\\\/logo\\\/image\\\/\"}}]}<\/script>\n<!-- \/ Yoast SEO plugin. -->","yoast_head_json":{"title":"Thermostat CBC 5 basic - Sysmatec","description":"K\u00e4lte-W\u00e4rme-Umw\u00e4lzthermostat mit hoher Heiz- und K\u00fchlleistung f\u00fcr einen Arbeitstemperaturbereich von - 25 \u00b0C bis + 200 \u00b0C.","robots":{"index":"index","follow":"follow","max-snippet":"max-snippet:-1","max-image-preview":"max-image-preview:large","max-video-preview":"max-video-preview:-1"},"canonical":"https:\/\/sysmatec.ch\/de\/Produkt\/thermostat-cbc-5-basic\/","og_locale":"de_DE","og_type":"article","og_title":"Thermostat CBC 5 basic - Sysmatec","og_description":"K\u00e4lte-W\u00e4rme-Umw\u00e4lzthermostat mit hoher Heiz- und K\u00fchlleistung f\u00fcr einen Arbeitstemperaturbereich von - 25 \u00b0C bis + 200 \u00b0C.","og_url":"https:\/\/sysmatec.ch\/de\/Produkt\/thermostat-cbc-5-basic\/","og_site_name":"Sysmatec","article_modified_time":"2024-06-27T12:54:58+00:00","og_image":[{"width":772,"height":813,"url":"https:\/\/sysmatec.ch\/wp-content\/uploads\/2024\/06\/Thermostat_CBC-5-basicIKA.jpg","type":"image\/jpeg"}],"twitter_card":"summary_large_image","twitter_misc":{"Gesch\u00e4tzte Lesezeit":"3\u00a0Minuten"},"schema":{"@context":"https:\/\/schema.org","@graph":[{"@type":"WebPage","@id":"https:\/\/sysmatec.ch\/de\/Produkt\/thermostat-cbc-5-basic\/","url":"https:\/\/sysmatec.ch\/de\/Produkt\/thermostat-cbc-5-basic\/","name":"Thermostat CBC 5 basic - Sysmatec","isPartOf":{"@id":"https:\/\/sysmatec.ch\/de\/#website"},"primaryImageOfPage":{"@id":"https:\/\/sysmatec.ch\/de\/Produkt\/thermostat-cbc-5-basic\/#primaryimage"},"image":{"@id":"https:\/\/sysmatec.ch\/de\/Produkt\/thermostat-cbc-5-basic\/#primaryimage"},"thumbnailUrl":"https:\/\/sysmatec.ch\/wp-content\/uploads\/2024\/06\/Thermostat_CBC-5-basicIKA.jpg","datePublished":"2024-06-27T09:26:18+00:00","dateModified":"2024-06-27T12:54:58+00:00","description":"K\u00e4lte-W\u00e4rme-Umw\u00e4lzthermostat mit hoher Heiz- und K\u00fchlleistung f\u00fcr einen Arbeitstemperaturbereich von - 25 \u00b0C bis + 200 \u00b0C.","breadcrumb":{"@id":"https:\/\/sysmatec.ch\/de\/Produkt\/thermostat-cbc-5-basic\/#breadcrumb"},"inLanguage":"de","potentialAction":[{"@type":"ReadAction","target":["https:\/\/sysmatec.ch\/de\/Produkt\/thermostat-cbc-5-basic\/"]}]},{"@type":"ImageObject","inLanguage":"de","@id":"https:\/\/sysmatec.ch\/de\/Produkt\/thermostat-cbc-5-basic\/#primaryimage","url":"https:\/\/sysmatec.ch\/wp-content\/uploads\/2024\/06\/Thermostat_CBC-5-basicIKA.jpg","contentUrl":"https:\/\/sysmatec.ch\/wp-content\/uploads\/2024\/06\/Thermostat_CBC-5-basicIKA.jpg","width":772,"height":813},{"@type":"BreadcrumbList","@id":"https:\/\/sysmatec.ch\/de\/Produkt\/thermostat-cbc-5-basic\/#breadcrumb","itemListElement":[{"@type":"ListItem","position":1,"name":"Accueil","item":"https:\/\/sysmatec.ch\/de\/"},{"@type":"ListItem","position":2,"name":"Die Aktivit\u00e4t von Sysmatec","item":"https:\/\/sysmatec.ch\/de\/"},{"@type":"ListItem","position":3,"name":"Thermostat CBC 5 basic"}]},{"@type":"WebSite","@id":"https:\/\/sysmatec.ch\/de\/#website","url":"https:\/\/sysmatec.ch\/de\/","name":"Sysmatec","description":"Equipement de laboratoire et logiciels","publisher":{"@id":"https:\/\/sysmatec.ch\/de\/#organization"},"potentialAction":[{"@type":"SearchAction","target":{"@type":"EntryPoint","urlTemplate":"https:\/\/sysmatec.ch\/de\/?s={search_term_string}"},"query-input":{"@type":"PropertyValueSpecification","valueRequired":true,"valueName":"search_term_string"}}],"inLanguage":"de"},{"@type":"Organization","@id":"https:\/\/sysmatec.ch\/de\/#organization","name":"Sysmatec","url":"https:\/\/sysmatec.ch\/de\/","logo":{"@type":"ImageObject","inLanguage":"de","@id":"https:\/\/sysmatec.ch\/de\/#\/schema\/logo\/image\/","url":"https:\/\/sysmatec.ch\/wp-content\/uploads\/2018\/11\/LogoSysmatec.jpg","contentUrl":"https:\/\/sysmatec.ch\/wp-content\/uploads\/2018\/11\/LogoSysmatec.jpg","width":301,"height":297,"caption":"Sysmatec"},"image":{"@id":"https:\/\/sysmatec.ch\/de\/#\/schema\/logo\/image\/"}}]}},"_links":{"self":[{"href":"https:\/\/sysmatec.ch\/de\/wp-json\/wp\/v2\/product\/29738","targetHints":{"allow":["GET"]}}],"collection":[{"href":"https:\/\/sysmatec.ch\/de\/wp-json\/wp\/v2\/product"}],"about":[{"href":"https:\/\/sysmatec.ch\/de\/wp-json\/wp\/v2\/types\/product"}],"wp:featuredmedia":[{"embeddable":true,"href":"https:\/\/sysmatec.ch\/de\/wp-json\/wp\/v2\/media\/29743"}],"wp:attachment":[{"href":"https:\/\/sysmatec.ch\/de\/wp-json\/wp\/v2\/media?parent=29738"}],"wp:term":[{"taxonomy":"product_brand","embeddable":true,"href":"https:\/\/sysmatec.ch\/de\/wp-json\/wp\/v2\/product_brand?post=29738"},{"taxonomy":"product_cat","embeddable":true,"href":"https:\/\/sysmatec.ch\/de\/wp-json\/wp\/v2\/product_cat?post=29738"},{"taxonomy":"product_tag","embeddable":true,"href":"https:\/\/sysmatec.ch\/de\/wp-json\/wp\/v2\/product_tag?post=29738"}],"curies":[{"name":"wp","href":"https:\/\/api.w.org\/{rel}","templated":true}]}}