{"id":29718,"date":"2024-06-27T09:07:52","date_gmt":"2024-06-27T07:07:52","guid":{"rendered":"https:\/\/sysmatec.ch\/?post_type=product&#038;p=29718"},"modified":"2024-06-27T10:01:53","modified_gmt":"2024-06-27T08:01:53","slug":"mehrkanal-bioreaktor-rts-8-plus","status":"publish","type":"product","link":"https:\/\/sysmatec.ch\/de\/Produkt\/mehrkanal-bioreaktor-rts-8-plus\/","title":{"rendered":"Mehrkanal-Bioreaktor RTS-8 Plus"},"content":{"rendered":"<p>Es handelt sich um einen Mehrkanal-Bioreaktor mit nichtinvasiver Echtzeit-OD-pH- und pO2-Messung.<\/p>\n<p>Der Bioreaktor nutzt die patentierte Reverse-Spin\u00ae-Technologie, die eine nichtinvasive, mechanisch angetriebene, innovative Art der Agitation mit geringem Energieverbrauch anwendet, bei der die Zellsuspension durch die Rotation des Einweg-Falcon-Bioreaktorrohrs um seine Achse mit einer \u00c4nderung der Drehrichtung gemischt wird, was zu einer hocheffizienten Mischung und Sauerstoffanreicherung f\u00fcr die aerobe Kultivierung f\u00fchrt. In Kombination mit Nahinfrarot-, Fluoreszenz- und Lumineszenz-Messsystemen ist es m\u00f6glich, Zellwachstumskinetik, pH-Wert und O2 nichtinvasiv in Echtzeit zu erfassen. F\u00fcr pH-Wert und O2 werden in den Rohren innovative Einweg-Sensorpunkte verwendet.<\/p>\n<p>Obwohl die O2-Versorgung eines der gr\u00f6\u00dften Probleme bei der Kultivierung aerober Organismen ist, insbesondere unter sauerstoffarmen Bedingungen, fehlten geeignete Methoden zur tats\u00e4chlichen \u00dcberwachung des gel\u00f6sten Sauerstoffs, und \u00fcblicherweise wurde eine ausreichende O2-Versorgung angenommen. Innovative, nicht-invasive Sauerstoffsensoren, die in Falcon-R\u00f6hrchen integriert sind, erm\u00f6glichen nun eine Online-\u00dcberwachung des Sauerstoffs und geben neue Einblicke in Stoffwechselaktivit\u00e4ten. Der pH-Wert ist eines der gr\u00f6\u00dften Probleme bei der Kultivierung von Zellen, Hefen oder Bakterien. Kultivierungsgef\u00e4\u00dfe mit begrenzten Sensoren werden h\u00e4ufig in der akademischen und industriellen Bioprozessentwicklung eingesetzt. Da geeignete Methoden zur tats\u00e4chlichen \u00dcberwachung des pH-Werts nicht verf\u00fcgbar waren, wurde umst\u00e4ndlich eine At-line-Probenahme durchgef\u00fchrt, die keine hohe Datendichte aufwies und das Wachstum beeintr\u00e4chtigte. Die nicht-invasive pH-Messung in Echtzeit bietet neue Einblicke in die Stoffwechselaktivit\u00e4t und Ver\u00e4nderungen von Stoffwechselwegen.<\/p>\n<h2>Beschreibung<\/h2>\n<ul>\n<li>Parallele Kultivierung von 8 R\u00f6hrenbioreaktoren erm\u00f6glicht Zeit- und Ressourcenersparnis bei der Bioprozessoptimierung<\/li>\n<li>Individuell gesteuerter Bioreaktor beschleunigt Optimierungsprozess<\/li>\n<li>M\u00f6glichkeit zur Kultivierung mikroaerophiler und obligat anaerober Mikroorganismen (keine streng anaeroben Bedingungen)<\/li>\n<li>Reverse\u2013Spin\u00ae-Mischprinzip erm\u00f6glicht nichtinvasive Biomassemessung in Echtzeit<\/li>\n<li>Nahinfrarot-Optiksystem erm\u00f6glicht Registrierung der Zellwachstumskinetik<\/li>\n<li>Kostenlose Software zur Speicherung, Demonstration und Analyse von Daten in Echtzeit<\/li>\n<li>Kompaktes Design mit niedrigem Profil und geringem Platzbedarf f\u00fcr den pers\u00f6nlichen Einsatz<\/li>\n<li>Individuelle Temperaturregelung f\u00fcr Bioprozessanwendungen<\/li>\n<li>Aktive K\u00fchlung f\u00fcr schnelle Temperaturregelung, z. B. f\u00fcr Experimente mit Temperaturschwankungen<\/li>\n<li>Aufgabenprofilierung f\u00fcr Prozessautomatisierung<\/li>\n<li>Cloud-Datenspeicherung zur Fern\u00fcberwachung des Kultivierungsprozesses von zu Hause oder mit einem Mobiltelefon<\/li>\n<li>Nichtinvasive O2- und pH-Messung erm\u00f6glicht genaue \u00dcberwachung metabolischer Aktivit\u00e4ten<\/li>\n<li>Echtzeit-Protokollierung des Zellwachstums<\/li>\n<li>Echtzeit-Messung und Protokollierung von pH und O2<\/li>\n<li>3D-grafische Darstellung von OD oder Wachstumsrate im Zeitverlauf pro Einheit<\/li>\n<li>Pause-Option<\/li>\n<li>Speichern\/Laden-Option<\/li>\n<li>Berichtsoption: PDF und Excel<\/li>\n<li>Fern\u00fcberwachungsoption (erfordert Interetverbindung)<\/li>\n<li>Zyklus-\/Profilierungsoptionen<\/li>\n<li>M\u00f6glichkeit zur manuellen Kalibrierung f\u00fcr die meisten Zellen<\/li>\n<\/ul>\n<h2>Anwendungen<\/h2>\n<ul>\n<li>Wachstumskinetik der Fermentation in Echtzeit<\/li>\n<li>Screening von Klonkandidaten<\/li>\n<li>Proteinexpression<\/li>\n<li>Experimente zu Temperaturstress und -schwankungen<\/li>\n<li>Screening und Optimierung von Medien<\/li>\n<li>Wachstumscharakterisierung<\/li>\n<li>Hemmungs- und Toxizit\u00e4tstests<\/li>\n<li>Qualit\u00e4tskontrolle der St\u00e4mme<\/li>\n<li>Erste Studien zur Optimierung von Bioprozessen<\/li>\n<\/ul>\n<h2>Merkmale<\/h2>\n<ul>\n<li>Lichtquelle Laser<\/li>\n<li>Messwellenl\u00e4nge (\u03bb) 850 \u00b1 15 nm<\/li>\n<li>Messbereich 0-100 OD600<\/li>\n<li>E.coli Werkskalibrierung Messbereich 0-50 OD600<\/li>\n<li>S.cerevisiae Werkskalibrierung Messbereich 0-75 OD600<\/li>\n<li>Erreichbarer Benutzerkalibrierungsmessfehler (Bereich 0,1-6 OD600) \u00b1 0,3<\/li>\n<li>Erreichbarer Benutzerkalibrierungsmessfehler (Bereich 6-50 OD600) \u2264 5 %<\/li>\n<li>Erreichbarer Benutzerkalibrierungsmessfehler (Bereich 50-75 OD600) \u2264 10 %<\/li>\n<li>Messperiodizit\u00e4t pro Stunde 1-60<\/li>\n<li>Temperatureinstellbereich +4 \u00b0C &#8230; +60 \u00b0C<\/li>\n<li>Temperaturregelbereich +15 \u00b0C unter Umgebungstemperatur &#8230; +60 \u00b0C<\/li>\n<li>Temperaturstabilit\u00e4t \u00b10,3 \u00b0C<\/li>\n<li>Probentemperaturgenauigkeit (20 \u00b0C \u2013 37\u00b0C) \u00b11 \u00b0C<\/li>\n<li>R\u00f6hrchenbuchsen 8<\/li>\n<li>Probenarbeitsvolumenbereich 3\u201350 ml<\/li>\n<li>Drehzahlregelungsbereich 150\u20132700 U\/min<\/li>\n<li>Einstellbereich R\u00fcckw\u00e4rtsdrehzeit 150-250 U\/min 0 s<\/li>\n<li>Einstellbereich R\u00fcckw\u00e4rtsdrehzeit 250\u2013300 U\/min 2-60 s<\/li>\n<li>Einstellbereich R\u00fcckw\u00e4rtsdrehzeit 300\u20132700 U\/min 0-60 s<\/li>\n<li>Anzeige LCD<\/li>\n<li>Mindestanforderungen PC Intel\/AMD-Prozessor, 1 GB RAM, Windows Vista\/7\/8\/8.1\/10\/11, USB 2.0-Anschluss<\/li>\n<li>Abmessungen (B\u00d7T\u00d7H) 350 \u00d7 690 \u00d7 300 mm<\/li>\n<li>Gewicht 20 kg<\/li>\n<li>Nennbetriebsspannung AC 230 V, 50 Hz<\/li>\n<li>Stromaufnahme 3,15 A \/ 500 W<\/li>\n<li>02-Sensor ja<\/li>\n<li>Bereich 0-100 %<\/li>\n<li>Genauigkeit \u00b10,05% O2 bei 0,2% \/ \u00b10,4% O2 bei 20,9%<\/li>\n<li>Drift &lt;0,03% O2 \u200b\u200binnerhalb 30 Tagen<\/li>\n<li>Temperaturbereich bis 40\u00b0C<\/li>\n<li>Ansprechzeit (t90) &lt;6 s<\/li>\n<li>Lagerstabilit\u00e4t 18 Monate<\/li>\n<li>pH-Sensor ja<\/li>\n<li>Bereich 4,0 &#8211; 8,5 pH<\/li>\n<li>Genauigkeit \u00b10,10 pH bei pH 7<\/li>\n<li>Drift &lt;0,005 pH pro Tag<\/li>\n<li>Temperaturbereich bis 40\u00b0C<\/li>\n<li>Ansprechzeit (t90) &lt;120 s<\/li>\n<li>Lagerstabilit\u00e4t 18 Monate<\/li>\n<\/ul>\n<p>&nbsp;<\/p>\n","protected":false},"excerpt":{"rendered":"<p>Labor-Mehrkanal-Bioreaktor mit nichtinvasiver Echtzeit-OD-, pH- und pO2-Messung.<\/p>\n","protected":false},"featured_media":29722,"template":"","meta":{"_crdt_document":""},"product_brand":[],"product_cat":[117],"product_tag":[],"class_list":{"0":"post-29718","1":"product","2":"type-product","3":"status-publish","4":"has-post-thumbnail","6":"product_cat-bioreaktor","8":"first","9":"instock","10":"taxable","11":"shipping-taxable","12":"product-type-simple"},"yoast_head":"<!-- This site is optimized with the Yoast SEO plugin v27.4 - https:\/\/yoast.com\/product\/yoast-seo-wordpress\/ -->\n<title>Mehrkanal-Bioreaktor RTS-8 Plus - Sysmatec<\/title>\n<meta name=\"description\" content=\"Labor-Mehrkanal-Bioreaktor mit nicht-invasiver Echtzeit-OD-, pH- und pO2-Messung f\u00fcr kleine Volumina.\" \/>\n<meta name=\"robots\" content=\"index, follow, max-snippet:-1, max-image-preview:large, max-video-preview:-1\" \/>\n<link rel=\"canonical\" href=\"https:\/\/sysmatec.ch\/de\/Produkt\/mehrkanal-bioreaktor-rts-8-plus\/\" \/>\n<meta property=\"og:locale\" content=\"de_DE\" \/>\n<meta property=\"og:type\" content=\"article\" \/>\n<meta property=\"og:title\" content=\"Mehrkanal-Bioreaktor RTS-8 Plus - Sysmatec\" \/>\n<meta property=\"og:description\" content=\"Labor-Mehrkanal-Bioreaktor mit nicht-invasiver Echtzeit-OD-, pH- und pO2-Messung f\u00fcr kleine Volumina.\" \/>\n<meta property=\"og:url\" content=\"https:\/\/sysmatec.ch\/de\/Produkt\/mehrkanal-bioreaktor-rts-8-plus\/\" \/>\n<meta property=\"og:site_name\" content=\"Sysmatec\" \/>\n<meta property=\"article:modified_time\" content=\"2024-06-27T08:01:53+00:00\" \/>\n<meta property=\"og:image\" content=\"https:\/\/sysmatec.ch\/wp-content\/uploads\/2024\/06\/Bioreacteur_RTS8PlusBiosan.jpg\" \/>\n\t<meta property=\"og:image:width\" content=\"528\" \/>\n\t<meta property=\"og:image:height\" content=\"453\" \/>\n\t<meta property=\"og:image:type\" content=\"image\/jpeg\" \/>\n<meta name=\"twitter:card\" content=\"summary_large_image\" \/>\n<meta name=\"twitter:label1\" content=\"Gesch\u00e4tzte Lesezeit\" \/>\n\t<meta name=\"twitter:data1\" content=\"4\u00a0Minuten\" \/>\n<script type=\"application\/ld+json\" class=\"yoast-schema-graph\">{\"@context\":\"https:\\\/\\\/schema.org\",\"@graph\":[{\"@type\":\"WebPage\",\"@id\":\"https:\\\/\\\/sysmatec.ch\\\/de\\\/Produkt\\\/mehrkanal-bioreaktor-rts-8-plus\\\/\",\"url\":\"https:\\\/\\\/sysmatec.ch\\\/de\\\/Produkt\\\/mehrkanal-bioreaktor-rts-8-plus\\\/\",\"name\":\"Mehrkanal-Bioreaktor RTS-8 Plus - Sysmatec\",\"isPartOf\":{\"@id\":\"https:\\\/\\\/sysmatec.ch\\\/de\\\/#website\"},\"primaryImageOfPage\":{\"@id\":\"https:\\\/\\\/sysmatec.ch\\\/de\\\/Produkt\\\/mehrkanal-bioreaktor-rts-8-plus\\\/#primaryimage\"},\"image\":{\"@id\":\"https:\\\/\\\/sysmatec.ch\\\/de\\\/Produkt\\\/mehrkanal-bioreaktor-rts-8-plus\\\/#primaryimage\"},\"thumbnailUrl\":\"https:\\\/\\\/sysmatec.ch\\\/wp-content\\\/uploads\\\/2024\\\/06\\\/Bioreacteur_RTS8PlusBiosan.jpg\",\"datePublished\":\"2024-06-27T07:07:52+00:00\",\"dateModified\":\"2024-06-27T08:01:53+00:00\",\"description\":\"Labor-Mehrkanal-Bioreaktor mit nicht-invasiver Echtzeit-OD-, pH- und pO2-Messung f\u00fcr kleine Volumina.\",\"breadcrumb\":{\"@id\":\"https:\\\/\\\/sysmatec.ch\\\/de\\\/Produkt\\\/mehrkanal-bioreaktor-rts-8-plus\\\/#breadcrumb\"},\"inLanguage\":\"de\",\"potentialAction\":[{\"@type\":\"ReadAction\",\"target\":[\"https:\\\/\\\/sysmatec.ch\\\/de\\\/Produkt\\\/mehrkanal-bioreaktor-rts-8-plus\\\/\"]}]},{\"@type\":\"ImageObject\",\"inLanguage\":\"de\",\"@id\":\"https:\\\/\\\/sysmatec.ch\\\/de\\\/Produkt\\\/mehrkanal-bioreaktor-rts-8-plus\\\/#primaryimage\",\"url\":\"https:\\\/\\\/sysmatec.ch\\\/wp-content\\\/uploads\\\/2024\\\/06\\\/Bioreacteur_RTS8PlusBiosan.jpg\",\"contentUrl\":\"https:\\\/\\\/sysmatec.ch\\\/wp-content\\\/uploads\\\/2024\\\/06\\\/Bioreacteur_RTS8PlusBiosan.jpg\",\"width\":528,\"height\":453},{\"@type\":\"BreadcrumbList\",\"@id\":\"https:\\\/\\\/sysmatec.ch\\\/de\\\/Produkt\\\/mehrkanal-bioreaktor-rts-8-plus\\\/#breadcrumb\",\"itemListElement\":[{\"@type\":\"ListItem\",\"position\":1,\"name\":\"Accueil\",\"item\":\"https:\\\/\\\/sysmatec.ch\\\/de\\\/\"},{\"@type\":\"ListItem\",\"position\":2,\"name\":\"Die Aktivit\u00e4t von Sysmatec\",\"item\":\"https:\\\/\\\/sysmatec.ch\\\/de\\\/\"},{\"@type\":\"ListItem\",\"position\":3,\"name\":\"Mehrkanal-Bioreaktor RTS-8 Plus\"}]},{\"@type\":\"WebSite\",\"@id\":\"https:\\\/\\\/sysmatec.ch\\\/de\\\/#website\",\"url\":\"https:\\\/\\\/sysmatec.ch\\\/de\\\/\",\"name\":\"Sysmatec\",\"description\":\"Equipement de laboratoire et logiciels\",\"publisher\":{\"@id\":\"https:\\\/\\\/sysmatec.ch\\\/de\\\/#organization\"},\"potentialAction\":[{\"@type\":\"SearchAction\",\"target\":{\"@type\":\"EntryPoint\",\"urlTemplate\":\"https:\\\/\\\/sysmatec.ch\\\/de\\\/?s={search_term_string}\"},\"query-input\":{\"@type\":\"PropertyValueSpecification\",\"valueRequired\":true,\"valueName\":\"search_term_string\"}}],\"inLanguage\":\"de\"},{\"@type\":\"Organization\",\"@id\":\"https:\\\/\\\/sysmatec.ch\\\/de\\\/#organization\",\"name\":\"Sysmatec\",\"url\":\"https:\\\/\\\/sysmatec.ch\\\/de\\\/\",\"logo\":{\"@type\":\"ImageObject\",\"inLanguage\":\"de\",\"@id\":\"https:\\\/\\\/sysmatec.ch\\\/de\\\/#\\\/schema\\\/logo\\\/image\\\/\",\"url\":\"https:\\\/\\\/sysmatec.ch\\\/wp-content\\\/uploads\\\/2018\\\/11\\\/LogoSysmatec.jpg\",\"contentUrl\":\"https:\\\/\\\/sysmatec.ch\\\/wp-content\\\/uploads\\\/2018\\\/11\\\/LogoSysmatec.jpg\",\"width\":301,\"height\":297,\"caption\":\"Sysmatec\"},\"image\":{\"@id\":\"https:\\\/\\\/sysmatec.ch\\\/de\\\/#\\\/schema\\\/logo\\\/image\\\/\"}}]}<\/script>\n<!-- \/ Yoast SEO plugin. -->","yoast_head_json":{"title":"Mehrkanal-Bioreaktor RTS-8 Plus - Sysmatec","description":"Labor-Mehrkanal-Bioreaktor mit nicht-invasiver Echtzeit-OD-, pH- und pO2-Messung f\u00fcr kleine Volumina.","robots":{"index":"index","follow":"follow","max-snippet":"max-snippet:-1","max-image-preview":"max-image-preview:large","max-video-preview":"max-video-preview:-1"},"canonical":"https:\/\/sysmatec.ch\/de\/Produkt\/mehrkanal-bioreaktor-rts-8-plus\/","og_locale":"de_DE","og_type":"article","og_title":"Mehrkanal-Bioreaktor RTS-8 Plus - Sysmatec","og_description":"Labor-Mehrkanal-Bioreaktor mit nicht-invasiver Echtzeit-OD-, pH- und pO2-Messung f\u00fcr kleine Volumina.","og_url":"https:\/\/sysmatec.ch\/de\/Produkt\/mehrkanal-bioreaktor-rts-8-plus\/","og_site_name":"Sysmatec","article_modified_time":"2024-06-27T08:01:53+00:00","og_image":[{"width":528,"height":453,"url":"https:\/\/sysmatec.ch\/wp-content\/uploads\/2024\/06\/Bioreacteur_RTS8PlusBiosan.jpg","type":"image\/jpeg"}],"twitter_card":"summary_large_image","twitter_misc":{"Gesch\u00e4tzte Lesezeit":"4\u00a0Minuten"},"schema":{"@context":"https:\/\/schema.org","@graph":[{"@type":"WebPage","@id":"https:\/\/sysmatec.ch\/de\/Produkt\/mehrkanal-bioreaktor-rts-8-plus\/","url":"https:\/\/sysmatec.ch\/de\/Produkt\/mehrkanal-bioreaktor-rts-8-plus\/","name":"Mehrkanal-Bioreaktor RTS-8 Plus - Sysmatec","isPartOf":{"@id":"https:\/\/sysmatec.ch\/de\/#website"},"primaryImageOfPage":{"@id":"https:\/\/sysmatec.ch\/de\/Produkt\/mehrkanal-bioreaktor-rts-8-plus\/#primaryimage"},"image":{"@id":"https:\/\/sysmatec.ch\/de\/Produkt\/mehrkanal-bioreaktor-rts-8-plus\/#primaryimage"},"thumbnailUrl":"https:\/\/sysmatec.ch\/wp-content\/uploads\/2024\/06\/Bioreacteur_RTS8PlusBiosan.jpg","datePublished":"2024-06-27T07:07:52+00:00","dateModified":"2024-06-27T08:01:53+00:00","description":"Labor-Mehrkanal-Bioreaktor mit nicht-invasiver Echtzeit-OD-, pH- und pO2-Messung f\u00fcr kleine Volumina.","breadcrumb":{"@id":"https:\/\/sysmatec.ch\/de\/Produkt\/mehrkanal-bioreaktor-rts-8-plus\/#breadcrumb"},"inLanguage":"de","potentialAction":[{"@type":"ReadAction","target":["https:\/\/sysmatec.ch\/de\/Produkt\/mehrkanal-bioreaktor-rts-8-plus\/"]}]},{"@type":"ImageObject","inLanguage":"de","@id":"https:\/\/sysmatec.ch\/de\/Produkt\/mehrkanal-bioreaktor-rts-8-plus\/#primaryimage","url":"https:\/\/sysmatec.ch\/wp-content\/uploads\/2024\/06\/Bioreacteur_RTS8PlusBiosan.jpg","contentUrl":"https:\/\/sysmatec.ch\/wp-content\/uploads\/2024\/06\/Bioreacteur_RTS8PlusBiosan.jpg","width":528,"height":453},{"@type":"BreadcrumbList","@id":"https:\/\/sysmatec.ch\/de\/Produkt\/mehrkanal-bioreaktor-rts-8-plus\/#breadcrumb","itemListElement":[{"@type":"ListItem","position":1,"name":"Accueil","item":"https:\/\/sysmatec.ch\/de\/"},{"@type":"ListItem","position":2,"name":"Die Aktivit\u00e4t von Sysmatec","item":"https:\/\/sysmatec.ch\/de\/"},{"@type":"ListItem","position":3,"name":"Mehrkanal-Bioreaktor RTS-8 Plus"}]},{"@type":"WebSite","@id":"https:\/\/sysmatec.ch\/de\/#website","url":"https:\/\/sysmatec.ch\/de\/","name":"Sysmatec","description":"Equipement de laboratoire et logiciels","publisher":{"@id":"https:\/\/sysmatec.ch\/de\/#organization"},"potentialAction":[{"@type":"SearchAction","target":{"@type":"EntryPoint","urlTemplate":"https:\/\/sysmatec.ch\/de\/?s={search_term_string}"},"query-input":{"@type":"PropertyValueSpecification","valueRequired":true,"valueName":"search_term_string"}}],"inLanguage":"de"},{"@type":"Organization","@id":"https:\/\/sysmatec.ch\/de\/#organization","name":"Sysmatec","url":"https:\/\/sysmatec.ch\/de\/","logo":{"@type":"ImageObject","inLanguage":"de","@id":"https:\/\/sysmatec.ch\/de\/#\/schema\/logo\/image\/","url":"https:\/\/sysmatec.ch\/wp-content\/uploads\/2018\/11\/LogoSysmatec.jpg","contentUrl":"https:\/\/sysmatec.ch\/wp-content\/uploads\/2018\/11\/LogoSysmatec.jpg","width":301,"height":297,"caption":"Sysmatec"},"image":{"@id":"https:\/\/sysmatec.ch\/de\/#\/schema\/logo\/image\/"}}]}},"_links":{"self":[{"href":"https:\/\/sysmatec.ch\/de\/wp-json\/wp\/v2\/product\/29718","targetHints":{"allow":["GET"]}}],"collection":[{"href":"https:\/\/sysmatec.ch\/de\/wp-json\/wp\/v2\/product"}],"about":[{"href":"https:\/\/sysmatec.ch\/de\/wp-json\/wp\/v2\/types\/product"}],"wp:featuredmedia":[{"embeddable":true,"href":"https:\/\/sysmatec.ch\/de\/wp-json\/wp\/v2\/media\/29722"}],"wp:attachment":[{"href":"https:\/\/sysmatec.ch\/de\/wp-json\/wp\/v2\/media?parent=29718"}],"wp:term":[{"taxonomy":"product_brand","embeddable":true,"href":"https:\/\/sysmatec.ch\/de\/wp-json\/wp\/v2\/product_brand?post=29718"},{"taxonomy":"product_cat","embeddable":true,"href":"https:\/\/sysmatec.ch\/de\/wp-json\/wp\/v2\/product_cat?post=29718"},{"taxonomy":"product_tag","embeddable":true,"href":"https:\/\/sysmatec.ch\/de\/wp-json\/wp\/v2\/product_tag?post=29718"}],"curies":[{"name":"wp","href":"https:\/\/api.w.org\/{rel}","templated":true}]}}