{"id":29711,"date":"2024-06-26T21:05:44","date_gmt":"2024-06-26T19:05:44","guid":{"rendered":"https:\/\/sysmatec.ch\/?post_type=product&#038;p=29711"},"modified":"2024-06-26T21:32:36","modified_gmt":"2024-06-26T19:32:36","slug":"ein-heiz-und-ein-kuehlthermostat-ch3-150","status":"publish","type":"product","link":"https:\/\/sysmatec.ch\/de\/Produkt\/ein-heiz-und-ein-kuehlthermostat-ch3-150\/","title":{"rendered":"Ein Heiz- und ein K\u00fchlthermostat CH3-150"},"content":{"rendered":"<p>Dieser Heiz- und K\u00fchlblock ist speziell daf\u00fcr ausgelegt, Materialien je nach Analysemethoden bei Temperaturen von \u20133\u00a0\u00b0C bis +150\u00a0\u00b0C zu thermostabilisieren. Um eine n\u00fctzliche Funktionalit\u00e4t zu erreichen und den Platzbedarf der Instrumente zu verringern, besteht Combitherm-2 aus 2 unabh\u00e4ngigen K\u00fchl- und Heiz-Steckthermobl\u00f6cken, die auf einer gemeinsamen elektronischen Platine und in einem gemeinsamen Au\u00dfengeh\u00e4use kombiniert sind. Der linke Teil der Fronttastatur ist f\u00fcr die Parametereinstellung f\u00fcr K\u00fchl-Steckbl\u00f6cke zust\u00e4ndig und der rechte Teil f\u00fcr Heiz-Steckbl\u00f6cke. Beide werden unabh\u00e4ngig voneinander geregelt und k\u00f6nnen bis zu 16 Programme einschlie\u00dflich Temperatur und Zeit in jedem Programm realisieren. Peltier-Technologie wird zum K\u00fchlen unter Raumtemperatur verwendet; PCB wird zum Heizen bis +150\u00a0\u00b0C verwendet.<\/p>\n<p>Die Trennung der K\u00fchl- und Heizteile voneinander erh\u00f6ht die Haltbarkeit des Instruments und die Geschwindigkeit der Temperatur\u00e4nderung nach dem Einstellen eines neuen Programms.<\/p>\n<h2><span title=\"\">Merkmale<\/span><\/h2>\n<ul>\n<li>Heizblock Temperatur-Einstellbereich +25\u00b0C &#8230; +150\u00b0C<\/li>\n<li>Heizblock Temperatur-Regelbereich 5\u00b0C \u00fcber Umgebungstemperatur &#8230; +150\u00b0C<\/li>\n<li>Heizblock Einstellaufl\u00f6sung 1\u00b0C<\/li>\n<li>Heizblock Stabilit\u00e4t \u00b10,1\u00b0C<\/li>\n<li>Temperatur-Kalibrierungskoeffizientenbereich 0,936&#8230;1,063 (\u00b1 0,063)<\/li>\n<li>K\u00fchlblock Temperatur-Einstellbereich \u20133\u00b0C &#8230; +20\u00b0C<\/li>\n<li>K\u00fchlblock Temperatur-Regelbereich 23\u00b0C unter Umgebungstemperatur &#8230; 5\u00b0C unter Umgebungstemperatur<\/li>\n<li>K\u00fchlblock Einstellaufl\u00f6sung 0,1\u00b0C<\/li>\n<li>K\u00fchlblock Stabilit\u00e4t \u00b10,1\u00b0C<\/li>\n<li>Digitale Zeiteinstellung 1 Min.\u201399 Std. 59 Min. (Schrittweite 1 Min.)<\/li>\n<li>Timer-Tonsignal +<\/li>\n<li>LCD-Display<\/li>\n<li>Vom Benutzer einstellbare Programme (Temperatur und Zeit) 16 (Heizen) + 16 (K\u00fchlen)<\/li>\n<li>Gesamtabmessungen (B\u00d7T\u00d7H) 295\u0445285\u0445220 mm<\/li>\n<li>Gewicht 5,6 kg<\/li>\n<li>Eingangsstrom\/Leistungsaufnahme 1,8 A \/ 430W<\/li>\n<li>Stromversorgung 230 V, 50\/60 Hz<\/li>\n<\/ul>\n<h2>Zubeh\u00f6r<\/h2>\n<ul>\n<li>Block B2-50: 2 Buchsen \u00d848 mm, Tiefe 58 mm<\/li>\n<li>Block B10-16: 10 Buchsen \u00d816 mm, Tiefe 56 mm<\/li>\n<li>Block B6-25: 6 Buchsen \u00d825 mm, Tiefe 40 mm<\/li>\n<li>Block B23-1.5: 23 Buchsen f\u00fcr 1,5 ml Mikrotestr\u00f6hrchen, Tiefe 35 mm<\/li>\n<li>Block B10-13: 10 Buchsen \u00d813 mm, flacher Boden, Tiefe 30 mm<\/li>\n<li>Block B5-29: 5 Buchsen \u00d829 mm, flacher Boden, Tiefe 40 mm<\/li>\n<li>Block B18-12: 18 Buchsen f\u00fcr \u00d812&#215;75 mm Rundbodenr\u00f6hrchen, Tiefe 58 mm<\/li>\n<\/ul>\n<p>&nbsp;<\/p>\n<p>&nbsp;<\/p>\n","protected":false},"excerpt":{"rendered":"<p>Ein Thermoblock zum Heizen und ein Thermoblock zum K\u00fchlen von Proben.<\/p>\n","protected":false},"featured_media":29715,"template":"","meta":{"_crdt_document":""},"product_brand":[],"product_cat":[274],"product_tag":[],"class_list":{"0":"post-29711","1":"product","2":"type-product","3":"status-publish","4":"has-post-thumbnail","6":"product_cat-thermostatblock","8":"first","9":"instock","10":"taxable","11":"shipping-taxable","12":"product-type-simple"},"yoast_head":"<!-- This site is optimized with the Yoast SEO plugin v27.4 - https:\/\/yoast.com\/product\/yoast-seo-wordpress\/ -->\n<title>Ein Heiz- und ein K\u00fchlthermostat CH3-150 - Sysmatec<\/title>\n<meta name=\"description\" content=\"Ein Thermoblock zum Heizen und ein Thermoblock zum K\u00fchlen von Proben in R\u00f6hrchen\" \/>\n<meta name=\"robots\" content=\"index, follow, max-snippet:-1, max-image-preview:large, max-video-preview:-1\" \/>\n<link rel=\"canonical\" href=\"https:\/\/sysmatec.ch\/de\/Produkt\/ein-heiz-und-ein-kuehlthermostat-ch3-150\/\" \/>\n<meta property=\"og:locale\" content=\"de_DE\" \/>\n<meta property=\"og:type\" content=\"article\" \/>\n<meta property=\"og:title\" content=\"Ein Heiz- und ein K\u00fchlthermostat CH3-150 - Sysmatec\" \/>\n<meta property=\"og:description\" content=\"Ein Thermoblock zum Heizen und ein Thermoblock zum K\u00fchlen von Proben in R\u00f6hrchen\" \/>\n<meta property=\"og:url\" content=\"https:\/\/sysmatec.ch\/de\/Produkt\/ein-heiz-und-ein-kuehlthermostat-ch3-150\/\" \/>\n<meta property=\"og:site_name\" content=\"Sysmatec\" \/>\n<meta property=\"article:modified_time\" content=\"2024-06-26T19:32:36+00:00\" \/>\n<meta property=\"og:image\" content=\"https:\/\/sysmatec.ch\/wp-content\/uploads\/2024\/06\/BlocThermo_CH3_150Biosan1.jpg\" \/>\n\t<meta property=\"og:image:width\" content=\"617\" \/>\n\t<meta property=\"og:image:height\" content=\"536\" \/>\n\t<meta property=\"og:image:type\" content=\"image\/jpeg\" \/>\n<meta name=\"twitter:card\" content=\"summary_large_image\" \/>\n<meta name=\"twitter:label1\" content=\"Gesch\u00e4tzte Lesezeit\" \/>\n\t<meta name=\"twitter:data1\" content=\"2\u00a0Minuten\" \/>\n<script type=\"application\/ld+json\" class=\"yoast-schema-graph\">{\"@context\":\"https:\\\/\\\/schema.org\",\"@graph\":[{\"@type\":\"WebPage\",\"@id\":\"https:\\\/\\\/sysmatec.ch\\\/de\\\/Produkt\\\/ein-heiz-und-ein-kuehlthermostat-ch3-150\\\/\",\"url\":\"https:\\\/\\\/sysmatec.ch\\\/de\\\/Produkt\\\/ein-heiz-und-ein-kuehlthermostat-ch3-150\\\/\",\"name\":\"Ein Heiz- und ein K\u00fchlthermostat CH3-150 - Sysmatec\",\"isPartOf\":{\"@id\":\"https:\\\/\\\/sysmatec.ch\\\/de\\\/#website\"},\"primaryImageOfPage\":{\"@id\":\"https:\\\/\\\/sysmatec.ch\\\/de\\\/Produkt\\\/ein-heiz-und-ein-kuehlthermostat-ch3-150\\\/#primaryimage\"},\"image\":{\"@id\":\"https:\\\/\\\/sysmatec.ch\\\/de\\\/Produkt\\\/ein-heiz-und-ein-kuehlthermostat-ch3-150\\\/#primaryimage\"},\"thumbnailUrl\":\"https:\\\/\\\/sysmatec.ch\\\/wp-content\\\/uploads\\\/2024\\\/06\\\/BlocThermo_CH3_150Biosan1.jpg\",\"datePublished\":\"2024-06-26T19:05:44+00:00\",\"dateModified\":\"2024-06-26T19:32:36+00:00\",\"description\":\"Ein Thermoblock zum Heizen und ein Thermoblock zum K\u00fchlen von Proben in R\u00f6hrchen\",\"breadcrumb\":{\"@id\":\"https:\\\/\\\/sysmatec.ch\\\/de\\\/Produkt\\\/ein-heiz-und-ein-kuehlthermostat-ch3-150\\\/#breadcrumb\"},\"inLanguage\":\"de\",\"potentialAction\":[{\"@type\":\"ReadAction\",\"target\":[\"https:\\\/\\\/sysmatec.ch\\\/de\\\/Produkt\\\/ein-heiz-und-ein-kuehlthermostat-ch3-150\\\/\"]}]},{\"@type\":\"ImageObject\",\"inLanguage\":\"de\",\"@id\":\"https:\\\/\\\/sysmatec.ch\\\/de\\\/Produkt\\\/ein-heiz-und-ein-kuehlthermostat-ch3-150\\\/#primaryimage\",\"url\":\"https:\\\/\\\/sysmatec.ch\\\/wp-content\\\/uploads\\\/2024\\\/06\\\/BlocThermo_CH3_150Biosan1.jpg\",\"contentUrl\":\"https:\\\/\\\/sysmatec.ch\\\/wp-content\\\/uploads\\\/2024\\\/06\\\/BlocThermo_CH3_150Biosan1.jpg\",\"width\":617,\"height\":536},{\"@type\":\"BreadcrumbList\",\"@id\":\"https:\\\/\\\/sysmatec.ch\\\/de\\\/Produkt\\\/ein-heiz-und-ein-kuehlthermostat-ch3-150\\\/#breadcrumb\",\"itemListElement\":[{\"@type\":\"ListItem\",\"position\":1,\"name\":\"Accueil\",\"item\":\"https:\\\/\\\/sysmatec.ch\\\/de\\\/\"},{\"@type\":\"ListItem\",\"position\":2,\"name\":\"Die Aktivit\u00e4t von Sysmatec\",\"item\":\"https:\\\/\\\/sysmatec.ch\\\/de\\\/\"},{\"@type\":\"ListItem\",\"position\":3,\"name\":\"Ein Heiz- und ein K\u00fchlthermostat CH3-150\"}]},{\"@type\":\"WebSite\",\"@id\":\"https:\\\/\\\/sysmatec.ch\\\/de\\\/#website\",\"url\":\"https:\\\/\\\/sysmatec.ch\\\/de\\\/\",\"name\":\"Sysmatec\",\"description\":\"Equipement de laboratoire et logiciels\",\"publisher\":{\"@id\":\"https:\\\/\\\/sysmatec.ch\\\/de\\\/#organization\"},\"potentialAction\":[{\"@type\":\"SearchAction\",\"target\":{\"@type\":\"EntryPoint\",\"urlTemplate\":\"https:\\\/\\\/sysmatec.ch\\\/de\\\/?s={search_term_string}\"},\"query-input\":{\"@type\":\"PropertyValueSpecification\",\"valueRequired\":true,\"valueName\":\"search_term_string\"}}],\"inLanguage\":\"de\"},{\"@type\":\"Organization\",\"@id\":\"https:\\\/\\\/sysmatec.ch\\\/de\\\/#organization\",\"name\":\"Sysmatec\",\"url\":\"https:\\\/\\\/sysmatec.ch\\\/de\\\/\",\"logo\":{\"@type\":\"ImageObject\",\"inLanguage\":\"de\",\"@id\":\"https:\\\/\\\/sysmatec.ch\\\/de\\\/#\\\/schema\\\/logo\\\/image\\\/\",\"url\":\"https:\\\/\\\/sysmatec.ch\\\/wp-content\\\/uploads\\\/2018\\\/11\\\/LogoSysmatec.jpg\",\"contentUrl\":\"https:\\\/\\\/sysmatec.ch\\\/wp-content\\\/uploads\\\/2018\\\/11\\\/LogoSysmatec.jpg\",\"width\":301,\"height\":297,\"caption\":\"Sysmatec\"},\"image\":{\"@id\":\"https:\\\/\\\/sysmatec.ch\\\/de\\\/#\\\/schema\\\/logo\\\/image\\\/\"}}]}<\/script>\n<!-- \/ Yoast SEO plugin. -->","yoast_head_json":{"title":"Ein Heiz- und ein K\u00fchlthermostat CH3-150 - Sysmatec","description":"Ein Thermoblock zum Heizen und ein Thermoblock zum K\u00fchlen von Proben in R\u00f6hrchen","robots":{"index":"index","follow":"follow","max-snippet":"max-snippet:-1","max-image-preview":"max-image-preview:large","max-video-preview":"max-video-preview:-1"},"canonical":"https:\/\/sysmatec.ch\/de\/Produkt\/ein-heiz-und-ein-kuehlthermostat-ch3-150\/","og_locale":"de_DE","og_type":"article","og_title":"Ein Heiz- und ein K\u00fchlthermostat CH3-150 - Sysmatec","og_description":"Ein Thermoblock zum Heizen und ein Thermoblock zum K\u00fchlen von Proben in R\u00f6hrchen","og_url":"https:\/\/sysmatec.ch\/de\/Produkt\/ein-heiz-und-ein-kuehlthermostat-ch3-150\/","og_site_name":"Sysmatec","article_modified_time":"2024-06-26T19:32:36+00:00","og_image":[{"width":617,"height":536,"url":"https:\/\/sysmatec.ch\/wp-content\/uploads\/2024\/06\/BlocThermo_CH3_150Biosan1.jpg","type":"image\/jpeg"}],"twitter_card":"summary_large_image","twitter_misc":{"Gesch\u00e4tzte Lesezeit":"2\u00a0Minuten"},"schema":{"@context":"https:\/\/schema.org","@graph":[{"@type":"WebPage","@id":"https:\/\/sysmatec.ch\/de\/Produkt\/ein-heiz-und-ein-kuehlthermostat-ch3-150\/","url":"https:\/\/sysmatec.ch\/de\/Produkt\/ein-heiz-und-ein-kuehlthermostat-ch3-150\/","name":"Ein Heiz- und ein K\u00fchlthermostat CH3-150 - Sysmatec","isPartOf":{"@id":"https:\/\/sysmatec.ch\/de\/#website"},"primaryImageOfPage":{"@id":"https:\/\/sysmatec.ch\/de\/Produkt\/ein-heiz-und-ein-kuehlthermostat-ch3-150\/#primaryimage"},"image":{"@id":"https:\/\/sysmatec.ch\/de\/Produkt\/ein-heiz-und-ein-kuehlthermostat-ch3-150\/#primaryimage"},"thumbnailUrl":"https:\/\/sysmatec.ch\/wp-content\/uploads\/2024\/06\/BlocThermo_CH3_150Biosan1.jpg","datePublished":"2024-06-26T19:05:44+00:00","dateModified":"2024-06-26T19:32:36+00:00","description":"Ein Thermoblock zum Heizen und ein Thermoblock zum K\u00fchlen von Proben in R\u00f6hrchen","breadcrumb":{"@id":"https:\/\/sysmatec.ch\/de\/Produkt\/ein-heiz-und-ein-kuehlthermostat-ch3-150\/#breadcrumb"},"inLanguage":"de","potentialAction":[{"@type":"ReadAction","target":["https:\/\/sysmatec.ch\/de\/Produkt\/ein-heiz-und-ein-kuehlthermostat-ch3-150\/"]}]},{"@type":"ImageObject","inLanguage":"de","@id":"https:\/\/sysmatec.ch\/de\/Produkt\/ein-heiz-und-ein-kuehlthermostat-ch3-150\/#primaryimage","url":"https:\/\/sysmatec.ch\/wp-content\/uploads\/2024\/06\/BlocThermo_CH3_150Biosan1.jpg","contentUrl":"https:\/\/sysmatec.ch\/wp-content\/uploads\/2024\/06\/BlocThermo_CH3_150Biosan1.jpg","width":617,"height":536},{"@type":"BreadcrumbList","@id":"https:\/\/sysmatec.ch\/de\/Produkt\/ein-heiz-und-ein-kuehlthermostat-ch3-150\/#breadcrumb","itemListElement":[{"@type":"ListItem","position":1,"name":"Accueil","item":"https:\/\/sysmatec.ch\/de\/"},{"@type":"ListItem","position":2,"name":"Die Aktivit\u00e4t von Sysmatec","item":"https:\/\/sysmatec.ch\/de\/"},{"@type":"ListItem","position":3,"name":"Ein Heiz- und ein K\u00fchlthermostat CH3-150"}]},{"@type":"WebSite","@id":"https:\/\/sysmatec.ch\/de\/#website","url":"https:\/\/sysmatec.ch\/de\/","name":"Sysmatec","description":"Equipement de laboratoire et logiciels","publisher":{"@id":"https:\/\/sysmatec.ch\/de\/#organization"},"potentialAction":[{"@type":"SearchAction","target":{"@type":"EntryPoint","urlTemplate":"https:\/\/sysmatec.ch\/de\/?s={search_term_string}"},"query-input":{"@type":"PropertyValueSpecification","valueRequired":true,"valueName":"search_term_string"}}],"inLanguage":"de"},{"@type":"Organization","@id":"https:\/\/sysmatec.ch\/de\/#organization","name":"Sysmatec","url":"https:\/\/sysmatec.ch\/de\/","logo":{"@type":"ImageObject","inLanguage":"de","@id":"https:\/\/sysmatec.ch\/de\/#\/schema\/logo\/image\/","url":"https:\/\/sysmatec.ch\/wp-content\/uploads\/2018\/11\/LogoSysmatec.jpg","contentUrl":"https:\/\/sysmatec.ch\/wp-content\/uploads\/2018\/11\/LogoSysmatec.jpg","width":301,"height":297,"caption":"Sysmatec"},"image":{"@id":"https:\/\/sysmatec.ch\/de\/#\/schema\/logo\/image\/"}}]}},"_links":{"self":[{"href":"https:\/\/sysmatec.ch\/de\/wp-json\/wp\/v2\/product\/29711","targetHints":{"allow":["GET"]}}],"collection":[{"href":"https:\/\/sysmatec.ch\/de\/wp-json\/wp\/v2\/product"}],"about":[{"href":"https:\/\/sysmatec.ch\/de\/wp-json\/wp\/v2\/types\/product"}],"wp:featuredmedia":[{"embeddable":true,"href":"https:\/\/sysmatec.ch\/de\/wp-json\/wp\/v2\/media\/29715"}],"wp:attachment":[{"href":"https:\/\/sysmatec.ch\/de\/wp-json\/wp\/v2\/media?parent=29711"}],"wp:term":[{"taxonomy":"product_brand","embeddable":true,"href":"https:\/\/sysmatec.ch\/de\/wp-json\/wp\/v2\/product_brand?post=29711"},{"taxonomy":"product_cat","embeddable":true,"href":"https:\/\/sysmatec.ch\/de\/wp-json\/wp\/v2\/product_cat?post=29711"},{"taxonomy":"product_tag","embeddable":true,"href":"https:\/\/sysmatec.ch\/de\/wp-json\/wp\/v2\/product_tag?post=29711"}],"curies":[{"name":"wp","href":"https:\/\/api.w.org\/{rel}","templated":true}]}}