{"id":29686,"date":"2024-06-22T11:51:27","date_gmt":"2024-06-22T09:51:27","guid":{"rendered":"https:\/\/sysmatec.ch\/?post_type=product&#038;p=29686"},"modified":"2024-06-22T12:09:39","modified_gmt":"2024-06-22T10:09:39","slug":"mikrobiologischer-wasseranalysekoffer-water-safety-kit-microbiology","status":"publish","type":"product","link":"https:\/\/sysmatec.ch\/de\/Produkt\/mikrobiologischer-wasseranalysekoffer-water-safety-kit-microbiology\/","title":{"rendered":"Mikrobiologischer Wasseranalysekoffer Water Safety Kit Microbiology"},"content":{"rendered":"<p>Mit diesem Koffer k\u00f6nnen Sie die wichtigsten mikrobiologischen Analysen von Trinkwasser durchf\u00fchren.<\/p>\n<p>Damit k\u00f6nnen Sie Tests auf Colibakterien und E. coli-Bakterien gem\u00e4\u00df den WHO-Standards durchf\u00fchren.<\/p>\n<h2>Koffer Inhalt<\/h2>\n<ul>\n<li>Markierstift<\/li>\n<li>Probenahmesystem<\/li>\n<li>Filterflasche, 500 ml<\/li>\n<li>Pinzette<\/li>\n<li>Pumpe, 35 ml Hub<\/li>\n<li>5 Universalbeh\u00e4lter und L\u00f6ffel, 30 ml<\/li>\n<li>DB 513 R\u00fchrrohr mit Deckel, 100 ml<\/li>\n<li>150 EZ Pack-Filter<\/li>\n<li>5 Einwegpipette, 1,5 ml (EDT222)<\/li>\n<li>DI 20 Inkubator<\/li>\n<li>200 Tampons und Medienspender<\/li>\n<li>Inkubator mit Blei-\/S\u00e4urebatterie<\/li>\n<li>Filterger\u00e4t<\/li>\n<li>50 Petrischale f\u00fcr den Inkubator DI 20<\/li>\n<li>Leitungssatz IEC C13, (3-polig).<\/li>\n<li>Membran-Lorbeersulfat-Br\u00fche, 40 g<\/li>\n<li>Allgemeines Handbuch<\/li>\n<li>Handbuch f\u00fcr den Inkubator DI20<\/li>\n<\/ul>\n","protected":false},"excerpt":{"rendered":"<p>Koffer f\u00fcr mikrobiologische Analysen von Wasser.<\/p>\n","protected":false},"featured_media":29690,"template":"","meta":{"_crdt_document":""},"product_brand":[],"product_cat":[185,370],"product_tag":[],"class_list":{"0":"post-29686","1":"product","2":"type-product","3":"status-publish","4":"has-post-thumbnail","6":"product_cat-analyzer-de","7":"product_cat-wasser","9":"first","10":"instock","11":"taxable","12":"shipping-taxable","13":"product-type-simple"},"yoast_head":"<!-- This site is optimized with the Yoast SEO plugin v27.4 - https:\/\/yoast.com\/product\/yoast-seo-wordpress\/ -->\n<title>Mikrobiologischer Wasseranalysekoffer Water Safety Kit Microbiology - Sysmatec<\/title>\n<meta name=\"description\" content=\"Koffer f\u00fcr mikrobiologische Analysen von Wasser wie Kolibakterien und E. coli-Bakterien.\" \/>\n<meta name=\"robots\" content=\"index, follow, max-snippet:-1, max-image-preview:large, max-video-preview:-1\" \/>\n<link rel=\"canonical\" href=\"https:\/\/sysmatec.ch\/de\/Produkt\/mikrobiologischer-wasseranalysekoffer-water-safety-kit-microbiology\/\" \/>\n<meta property=\"og:locale\" content=\"de_DE\" \/>\n<meta property=\"og:type\" content=\"article\" \/>\n<meta property=\"og:title\" content=\"Mikrobiologischer Wasseranalysekoffer Water Safety Kit Microbiology - Sysmatec\" \/>\n<meta property=\"og:description\" content=\"Koffer f\u00fcr mikrobiologische Analysen von Wasser wie Kolibakterien und E. coli-Bakterien.\" \/>\n<meta property=\"og:url\" content=\"https:\/\/sysmatec.ch\/de\/Produkt\/mikrobiologischer-wasseranalysekoffer-water-safety-kit-microbiology\/\" \/>\n<meta property=\"og:site_name\" content=\"Sysmatec\" \/>\n<meta property=\"article:modified_time\" content=\"2024-06-22T10:09:39+00:00\" \/>\n<meta property=\"og:image\" content=\"https:\/\/sysmatec.ch\/wp-content\/uploads\/2024\/06\/AnalyseMicrobioEau_Tintometer.jpg\" \/>\n\t<meta property=\"og:image:width\" content=\"1319\" \/>\n\t<meta property=\"og:image:height\" content=\"1571\" \/>\n\t<meta property=\"og:image:type\" content=\"image\/jpeg\" \/>\n<meta name=\"twitter:card\" content=\"summary_large_image\" \/>\n<meta name=\"twitter:label1\" content=\"Gesch\u00e4tzte Lesezeit\" \/>\n\t<meta name=\"twitter:data1\" content=\"1\u00a0Minute\" \/>\n<script type=\"application\/ld+json\" class=\"yoast-schema-graph\">{\"@context\":\"https:\\\/\\\/schema.org\",\"@graph\":[{\"@type\":\"WebPage\",\"@id\":\"https:\\\/\\\/sysmatec.ch\\\/de\\\/Produkt\\\/mikrobiologischer-wasseranalysekoffer-water-safety-kit-microbiology\\\/\",\"url\":\"https:\\\/\\\/sysmatec.ch\\\/de\\\/Produkt\\\/mikrobiologischer-wasseranalysekoffer-water-safety-kit-microbiology\\\/\",\"name\":\"Mikrobiologischer Wasseranalysekoffer Water Safety Kit Microbiology - Sysmatec\",\"isPartOf\":{\"@id\":\"https:\\\/\\\/sysmatec.ch\\\/de\\\/#website\"},\"primaryImageOfPage\":{\"@id\":\"https:\\\/\\\/sysmatec.ch\\\/de\\\/Produkt\\\/mikrobiologischer-wasseranalysekoffer-water-safety-kit-microbiology\\\/#primaryimage\"},\"image\":{\"@id\":\"https:\\\/\\\/sysmatec.ch\\\/de\\\/Produkt\\\/mikrobiologischer-wasseranalysekoffer-water-safety-kit-microbiology\\\/#primaryimage\"},\"thumbnailUrl\":\"https:\\\/\\\/sysmatec.ch\\\/wp-content\\\/uploads\\\/2024\\\/06\\\/AnalyseMicrobioEau_Tintometer.jpg\",\"datePublished\":\"2024-06-22T09:51:27+00:00\",\"dateModified\":\"2024-06-22T10:09:39+00:00\",\"description\":\"Koffer f\u00fcr mikrobiologische Analysen von Wasser wie Kolibakterien und E. coli-Bakterien.\",\"breadcrumb\":{\"@id\":\"https:\\\/\\\/sysmatec.ch\\\/de\\\/Produkt\\\/mikrobiologischer-wasseranalysekoffer-water-safety-kit-microbiology\\\/#breadcrumb\"},\"inLanguage\":\"de\",\"potentialAction\":[{\"@type\":\"ReadAction\",\"target\":[\"https:\\\/\\\/sysmatec.ch\\\/de\\\/Produkt\\\/mikrobiologischer-wasseranalysekoffer-water-safety-kit-microbiology\\\/\"]}]},{\"@type\":\"ImageObject\",\"inLanguage\":\"de\",\"@id\":\"https:\\\/\\\/sysmatec.ch\\\/de\\\/Produkt\\\/mikrobiologischer-wasseranalysekoffer-water-safety-kit-microbiology\\\/#primaryimage\",\"url\":\"https:\\\/\\\/sysmatec.ch\\\/wp-content\\\/uploads\\\/2024\\\/06\\\/AnalyseMicrobioEau_Tintometer.jpg\",\"contentUrl\":\"https:\\\/\\\/sysmatec.ch\\\/wp-content\\\/uploads\\\/2024\\\/06\\\/AnalyseMicrobioEau_Tintometer.jpg\",\"width\":1319,\"height\":1571},{\"@type\":\"BreadcrumbList\",\"@id\":\"https:\\\/\\\/sysmatec.ch\\\/de\\\/Produkt\\\/mikrobiologischer-wasseranalysekoffer-water-safety-kit-microbiology\\\/#breadcrumb\",\"itemListElement\":[{\"@type\":\"ListItem\",\"position\":1,\"name\":\"Accueil\",\"item\":\"https:\\\/\\\/sysmatec.ch\\\/de\\\/\"},{\"@type\":\"ListItem\",\"position\":2,\"name\":\"Die Aktivit\u00e4t von Sysmatec\",\"item\":\"https:\\\/\\\/sysmatec.ch\\\/de\\\/\"},{\"@type\":\"ListItem\",\"position\":3,\"name\":\"Mikrobiologischer Wasseranalysekoffer Water Safety Kit Microbiology\"}]},{\"@type\":\"WebSite\",\"@id\":\"https:\\\/\\\/sysmatec.ch\\\/de\\\/#website\",\"url\":\"https:\\\/\\\/sysmatec.ch\\\/de\\\/\",\"name\":\"Sysmatec\",\"description\":\"Equipement de laboratoire et logiciels\",\"publisher\":{\"@id\":\"https:\\\/\\\/sysmatec.ch\\\/de\\\/#organization\"},\"potentialAction\":[{\"@type\":\"SearchAction\",\"target\":{\"@type\":\"EntryPoint\",\"urlTemplate\":\"https:\\\/\\\/sysmatec.ch\\\/de\\\/?s={search_term_string}\"},\"query-input\":{\"@type\":\"PropertyValueSpecification\",\"valueRequired\":true,\"valueName\":\"search_term_string\"}}],\"inLanguage\":\"de\"},{\"@type\":\"Organization\",\"@id\":\"https:\\\/\\\/sysmatec.ch\\\/de\\\/#organization\",\"name\":\"Sysmatec\",\"url\":\"https:\\\/\\\/sysmatec.ch\\\/de\\\/\",\"logo\":{\"@type\":\"ImageObject\",\"inLanguage\":\"de\",\"@id\":\"https:\\\/\\\/sysmatec.ch\\\/de\\\/#\\\/schema\\\/logo\\\/image\\\/\",\"url\":\"https:\\\/\\\/sysmatec.ch\\\/wp-content\\\/uploads\\\/2018\\\/11\\\/LogoSysmatec.jpg\",\"contentUrl\":\"https:\\\/\\\/sysmatec.ch\\\/wp-content\\\/uploads\\\/2018\\\/11\\\/LogoSysmatec.jpg\",\"width\":301,\"height\":297,\"caption\":\"Sysmatec\"},\"image\":{\"@id\":\"https:\\\/\\\/sysmatec.ch\\\/de\\\/#\\\/schema\\\/logo\\\/image\\\/\"}}]}<\/script>\n<!-- \/ Yoast SEO plugin. -->","yoast_head_json":{"title":"Mikrobiologischer Wasseranalysekoffer Water Safety Kit Microbiology - Sysmatec","description":"Koffer f\u00fcr mikrobiologische Analysen von Wasser wie Kolibakterien und E. coli-Bakterien.","robots":{"index":"index","follow":"follow","max-snippet":"max-snippet:-1","max-image-preview":"max-image-preview:large","max-video-preview":"max-video-preview:-1"},"canonical":"https:\/\/sysmatec.ch\/de\/Produkt\/mikrobiologischer-wasseranalysekoffer-water-safety-kit-microbiology\/","og_locale":"de_DE","og_type":"article","og_title":"Mikrobiologischer Wasseranalysekoffer Water Safety Kit Microbiology - Sysmatec","og_description":"Koffer f\u00fcr mikrobiologische Analysen von Wasser wie Kolibakterien und E. coli-Bakterien.","og_url":"https:\/\/sysmatec.ch\/de\/Produkt\/mikrobiologischer-wasseranalysekoffer-water-safety-kit-microbiology\/","og_site_name":"Sysmatec","article_modified_time":"2024-06-22T10:09:39+00:00","og_image":[{"width":1319,"height":1571,"url":"https:\/\/sysmatec.ch\/wp-content\/uploads\/2024\/06\/AnalyseMicrobioEau_Tintometer.jpg","type":"image\/jpeg"}],"twitter_card":"summary_large_image","twitter_misc":{"Gesch\u00e4tzte Lesezeit":"1\u00a0Minute"},"schema":{"@context":"https:\/\/schema.org","@graph":[{"@type":"WebPage","@id":"https:\/\/sysmatec.ch\/de\/Produkt\/mikrobiologischer-wasseranalysekoffer-water-safety-kit-microbiology\/","url":"https:\/\/sysmatec.ch\/de\/Produkt\/mikrobiologischer-wasseranalysekoffer-water-safety-kit-microbiology\/","name":"Mikrobiologischer Wasseranalysekoffer Water Safety Kit Microbiology - Sysmatec","isPartOf":{"@id":"https:\/\/sysmatec.ch\/de\/#website"},"primaryImageOfPage":{"@id":"https:\/\/sysmatec.ch\/de\/Produkt\/mikrobiologischer-wasseranalysekoffer-water-safety-kit-microbiology\/#primaryimage"},"image":{"@id":"https:\/\/sysmatec.ch\/de\/Produkt\/mikrobiologischer-wasseranalysekoffer-water-safety-kit-microbiology\/#primaryimage"},"thumbnailUrl":"https:\/\/sysmatec.ch\/wp-content\/uploads\/2024\/06\/AnalyseMicrobioEau_Tintometer.jpg","datePublished":"2024-06-22T09:51:27+00:00","dateModified":"2024-06-22T10:09:39+00:00","description":"Koffer f\u00fcr mikrobiologische Analysen von Wasser wie Kolibakterien und E. coli-Bakterien.","breadcrumb":{"@id":"https:\/\/sysmatec.ch\/de\/Produkt\/mikrobiologischer-wasseranalysekoffer-water-safety-kit-microbiology\/#breadcrumb"},"inLanguage":"de","potentialAction":[{"@type":"ReadAction","target":["https:\/\/sysmatec.ch\/de\/Produkt\/mikrobiologischer-wasseranalysekoffer-water-safety-kit-microbiology\/"]}]},{"@type":"ImageObject","inLanguage":"de","@id":"https:\/\/sysmatec.ch\/de\/Produkt\/mikrobiologischer-wasseranalysekoffer-water-safety-kit-microbiology\/#primaryimage","url":"https:\/\/sysmatec.ch\/wp-content\/uploads\/2024\/06\/AnalyseMicrobioEau_Tintometer.jpg","contentUrl":"https:\/\/sysmatec.ch\/wp-content\/uploads\/2024\/06\/AnalyseMicrobioEau_Tintometer.jpg","width":1319,"height":1571},{"@type":"BreadcrumbList","@id":"https:\/\/sysmatec.ch\/de\/Produkt\/mikrobiologischer-wasseranalysekoffer-water-safety-kit-microbiology\/#breadcrumb","itemListElement":[{"@type":"ListItem","position":1,"name":"Accueil","item":"https:\/\/sysmatec.ch\/de\/"},{"@type":"ListItem","position":2,"name":"Die Aktivit\u00e4t von Sysmatec","item":"https:\/\/sysmatec.ch\/de\/"},{"@type":"ListItem","position":3,"name":"Mikrobiologischer Wasseranalysekoffer Water Safety Kit Microbiology"}]},{"@type":"WebSite","@id":"https:\/\/sysmatec.ch\/de\/#website","url":"https:\/\/sysmatec.ch\/de\/","name":"Sysmatec","description":"Equipement de laboratoire et logiciels","publisher":{"@id":"https:\/\/sysmatec.ch\/de\/#organization"},"potentialAction":[{"@type":"SearchAction","target":{"@type":"EntryPoint","urlTemplate":"https:\/\/sysmatec.ch\/de\/?s={search_term_string}"},"query-input":{"@type":"PropertyValueSpecification","valueRequired":true,"valueName":"search_term_string"}}],"inLanguage":"de"},{"@type":"Organization","@id":"https:\/\/sysmatec.ch\/de\/#organization","name":"Sysmatec","url":"https:\/\/sysmatec.ch\/de\/","logo":{"@type":"ImageObject","inLanguage":"de","@id":"https:\/\/sysmatec.ch\/de\/#\/schema\/logo\/image\/","url":"https:\/\/sysmatec.ch\/wp-content\/uploads\/2018\/11\/LogoSysmatec.jpg","contentUrl":"https:\/\/sysmatec.ch\/wp-content\/uploads\/2018\/11\/LogoSysmatec.jpg","width":301,"height":297,"caption":"Sysmatec"},"image":{"@id":"https:\/\/sysmatec.ch\/de\/#\/schema\/logo\/image\/"}}]}},"_links":{"self":[{"href":"https:\/\/sysmatec.ch\/de\/wp-json\/wp\/v2\/product\/29686","targetHints":{"allow":["GET"]}}],"collection":[{"href":"https:\/\/sysmatec.ch\/de\/wp-json\/wp\/v2\/product"}],"about":[{"href":"https:\/\/sysmatec.ch\/de\/wp-json\/wp\/v2\/types\/product"}],"wp:featuredmedia":[{"embeddable":true,"href":"https:\/\/sysmatec.ch\/de\/wp-json\/wp\/v2\/media\/29690"}],"wp:attachment":[{"href":"https:\/\/sysmatec.ch\/de\/wp-json\/wp\/v2\/media?parent=29686"}],"wp:term":[{"taxonomy":"product_brand","embeddable":true,"href":"https:\/\/sysmatec.ch\/de\/wp-json\/wp\/v2\/product_brand?post=29686"},{"taxonomy":"product_cat","embeddable":true,"href":"https:\/\/sysmatec.ch\/de\/wp-json\/wp\/v2\/product_cat?post=29686"},{"taxonomy":"product_tag","embeddable":true,"href":"https:\/\/sysmatec.ch\/de\/wp-json\/wp\/v2\/product_tag?post=29686"}],"curies":[{"name":"wp","href":"https:\/\/api.w.org\/{rel}","templated":true}]}}