{"id":29681,"date":"2024-06-22T11:22:00","date_gmt":"2024-06-22T09:22:00","guid":{"rendered":"https:\/\/sysmatec.ch\/?post_type=product&#038;p=29681"},"modified":"2024-06-22T11:45:32","modified_gmt":"2024-06-22T09:45:32","slug":"physikalisch-chemisches-wasseranalyse-kit-wassersicherheits-kit-chemisch","status":"publish","type":"product","link":"https:\/\/sysmatec.ch\/de\/Produkt\/physikalisch-chemisches-wasseranalyse-kit-wassersicherheits-kit-chemisch\/","title":{"rendered":"Physikalisch-chemisches Wasseranalyse-Kit, Wassersicherheits-Kit, chemisch"},"content":{"rendered":"<p>Mit diesem Koffer k\u00f6nnen Sie die wichtigsten chemischen Analysen von Trinkwasser durchf\u00fchren.<\/p>\n<p>Es umfasst das Photometer MD 600, die IR-Tr\u00fcbungsmessger\u00e4te TB 211 sowie die kompakten Sonden SD 50 (pH) und SD 70 (Redox). Dieses Kit kann in Kombination mit den Mikrobiologie-Wassersicherheitskits verwendet werden, um eine vollst\u00e4ndige Reihe von Wassertrinkbarkeitstests bereitzustellen.<br \/>\nDas Kit enth\u00e4lt Reagenzien f\u00fcr Chlor, Ammoniak, Nitrit, Nitrat, pH-Wert, Leitf\u00e4higkeit und Tr\u00fcbung, kann jedoch mithilfe von Reagenzienpaketen um alle Tests f\u00fcr das MD 600 erweitert werden.<\/p>\n<h2>Inhalt des Koffers<\/h2>\n<ul>\n<li>MD 600 Photometer<\/li>\n<li>IR-Tr\u00fcbungsmessger\u00e4t TB 211<\/li>\n<li>SD 70 Leitf\u00e4higkeitsmessger\u00e4t<\/li>\n<li>SD 50 pH-Meter<\/li>\n<li>KS16 (65ml)<\/li>\n<li>KS9 (65 ml)<\/li>\n<li>KS6 (65 ml)<\/li>\n<li>KS3 (65ml)<\/li>\n<li>250 DPD No.1 Reagenzien f\u00fcr photometrische Tabletten<\/li>\n<li>250 DPD No.3 Evo Photometer-Reagenztabletten<\/li>\n<li>Nitrat-Testpulver R282, 15 g<\/li>\n<li>100 Nitrat-Testtabletten<\/li>\n<li>Nitrat-Reagenzglas, 20 ml<\/li>\n<li>250 Nitrit LR-Reagenzien in Tablettenform<\/li>\n<li>250 Ammoniak Nr. 1-Reagenzien in Tablettenform<\/li>\n<li>250 Ammoniak-Reagenzien Nr. 2 in Tablettenform<\/li>\n<li>Kunststoff-Befeuchterrohr, 30 ml<\/li>\n<li>DB513-R\u00f6hrenbefeuchter mit Deckel, 100 ml<\/li>\n<li>R\u00fchrstab &amp;; Pulverschaufel<\/li>\n<li>3 Runde Sch\u00fcssel 24 mm mit Deckel und Dichtung<\/li>\n<li>2 Runde Sch\u00fcssel 24 mm x 54 mm<\/li>\n<li>2 Abdeckung 24 mm, schwarz<\/li>\n<li>T-CAL Tr\u00fcbungsstandard &lt; ; 0, 1 NTU<\/li>\n<li>T-CAL Tr\u00fcbungsstandard 20 NTU<\/li>\n<li>T-CAL Tr\u00fcbungsstandard 200 NTU<\/li>\n<li>T-CAL Tr\u00fcbungsstandard 800 NTU<\/li>\n<li>Handbuch<\/li>\n<\/ul>\n","protected":false},"excerpt":{"rendered":"<p>Koffer f\u00fcr physikalisch-chemische Analysen von Wasser.<\/p>\n","protected":false},"featured_media":29684,"template":"","meta":{"_crdt_document":""},"product_brand":[],"product_cat":[185,370],"product_tag":[],"class_list":{"0":"post-29681","1":"product","2":"type-product","3":"status-publish","4":"has-post-thumbnail","6":"product_cat-analyzer-de","7":"product_cat-wasser","9":"first","10":"instock","11":"taxable","12":"shipping-taxable","13":"product-type-simple"},"yoast_head":"<!-- This site is optimized with the Yoast SEO plugin v27.4 - https:\/\/yoast.com\/product\/yoast-seo-wordpress\/ -->\n<title>Physikalisch-chemisches Wasseranalyse-Kit, Wassersicherheits-Kit, chemisch - Sysmatec<\/title>\n<meta name=\"description\" content=\"Koffer f\u00fcr physikalisch-chemische Analysen von Wasser wie pH, Redox, Ammoniak, Chlor, Nitrate, Nitrite, Tr\u00fcbung.\" \/>\n<meta name=\"robots\" content=\"index, follow, max-snippet:-1, max-image-preview:large, max-video-preview:-1\" \/>\n<link rel=\"canonical\" href=\"https:\/\/sysmatec.ch\/de\/Produkt\/physikalisch-chemisches-wasseranalyse-kit-wassersicherheits-kit-chemisch\/\" \/>\n<meta property=\"og:locale\" content=\"de_DE\" \/>\n<meta property=\"og:type\" content=\"article\" \/>\n<meta property=\"og:title\" content=\"Physikalisch-chemisches Wasseranalyse-Kit, Wassersicherheits-Kit, chemisch - Sysmatec\" \/>\n<meta property=\"og:description\" content=\"Koffer f\u00fcr physikalisch-chemische Analysen von Wasser wie pH, Redox, Ammoniak, Chlor, Nitrate, Nitrite, Tr\u00fcbung.\" \/>\n<meta property=\"og:url\" content=\"https:\/\/sysmatec.ch\/de\/Produkt\/physikalisch-chemisches-wasseranalyse-kit-wassersicherheits-kit-chemisch\/\" \/>\n<meta property=\"og:site_name\" content=\"Sysmatec\" \/>\n<meta property=\"article:modified_time\" content=\"2024-06-22T09:45:32+00:00\" \/>\n<meta property=\"og:image\" content=\"https:\/\/sysmatec.ch\/wp-content\/uploads\/2024\/06\/AnalyseEau_Tintometer.jpg\" \/>\n\t<meta property=\"og:image:width\" content=\"1481\" \/>\n\t<meta property=\"og:image:height\" content=\"1514\" \/>\n\t<meta property=\"og:image:type\" content=\"image\/jpeg\" \/>\n<meta name=\"twitter:card\" content=\"summary_large_image\" \/>\n<meta name=\"twitter:label1\" content=\"Gesch\u00e4tzte Lesezeit\" \/>\n\t<meta name=\"twitter:data1\" content=\"2\u00a0Minuten\" \/>\n<script type=\"application\/ld+json\" class=\"yoast-schema-graph\">{\"@context\":\"https:\\\/\\\/schema.org\",\"@graph\":[{\"@type\":\"WebPage\",\"@id\":\"https:\\\/\\\/sysmatec.ch\\\/de\\\/Produkt\\\/physikalisch-chemisches-wasseranalyse-kit-wassersicherheits-kit-chemisch\\\/\",\"url\":\"https:\\\/\\\/sysmatec.ch\\\/de\\\/Produkt\\\/physikalisch-chemisches-wasseranalyse-kit-wassersicherheits-kit-chemisch\\\/\",\"name\":\"Physikalisch-chemisches Wasseranalyse-Kit, Wassersicherheits-Kit, chemisch - Sysmatec\",\"isPartOf\":{\"@id\":\"https:\\\/\\\/sysmatec.ch\\\/de\\\/#website\"},\"primaryImageOfPage\":{\"@id\":\"https:\\\/\\\/sysmatec.ch\\\/de\\\/Produkt\\\/physikalisch-chemisches-wasseranalyse-kit-wassersicherheits-kit-chemisch\\\/#primaryimage\"},\"image\":{\"@id\":\"https:\\\/\\\/sysmatec.ch\\\/de\\\/Produkt\\\/physikalisch-chemisches-wasseranalyse-kit-wassersicherheits-kit-chemisch\\\/#primaryimage\"},\"thumbnailUrl\":\"https:\\\/\\\/sysmatec.ch\\\/wp-content\\\/uploads\\\/2024\\\/06\\\/AnalyseEau_Tintometer.jpg\",\"datePublished\":\"2024-06-22T09:22:00+00:00\",\"dateModified\":\"2024-06-22T09:45:32+00:00\",\"description\":\"Koffer f\u00fcr physikalisch-chemische Analysen von Wasser wie pH, Redox, Ammoniak, Chlor, Nitrate, Nitrite, Tr\u00fcbung.\",\"breadcrumb\":{\"@id\":\"https:\\\/\\\/sysmatec.ch\\\/de\\\/Produkt\\\/physikalisch-chemisches-wasseranalyse-kit-wassersicherheits-kit-chemisch\\\/#breadcrumb\"},\"inLanguage\":\"de\",\"potentialAction\":[{\"@type\":\"ReadAction\",\"target\":[\"https:\\\/\\\/sysmatec.ch\\\/de\\\/Produkt\\\/physikalisch-chemisches-wasseranalyse-kit-wassersicherheits-kit-chemisch\\\/\"]}]},{\"@type\":\"ImageObject\",\"inLanguage\":\"de\",\"@id\":\"https:\\\/\\\/sysmatec.ch\\\/de\\\/Produkt\\\/physikalisch-chemisches-wasseranalyse-kit-wassersicherheits-kit-chemisch\\\/#primaryimage\",\"url\":\"https:\\\/\\\/sysmatec.ch\\\/wp-content\\\/uploads\\\/2024\\\/06\\\/AnalyseEau_Tintometer.jpg\",\"contentUrl\":\"https:\\\/\\\/sysmatec.ch\\\/wp-content\\\/uploads\\\/2024\\\/06\\\/AnalyseEau_Tintometer.jpg\",\"width\":1481,\"height\":1514},{\"@type\":\"BreadcrumbList\",\"@id\":\"https:\\\/\\\/sysmatec.ch\\\/de\\\/Produkt\\\/physikalisch-chemisches-wasseranalyse-kit-wassersicherheits-kit-chemisch\\\/#breadcrumb\",\"itemListElement\":[{\"@type\":\"ListItem\",\"position\":1,\"name\":\"Accueil\",\"item\":\"https:\\\/\\\/sysmatec.ch\\\/de\\\/\"},{\"@type\":\"ListItem\",\"position\":2,\"name\":\"Die Aktivit\u00e4t von Sysmatec\",\"item\":\"https:\\\/\\\/sysmatec.ch\\\/de\\\/\"},{\"@type\":\"ListItem\",\"position\":3,\"name\":\"Physikalisch-chemisches Wasseranalyse-Kit, Wassersicherheits-Kit, chemisch\"}]},{\"@type\":\"WebSite\",\"@id\":\"https:\\\/\\\/sysmatec.ch\\\/de\\\/#website\",\"url\":\"https:\\\/\\\/sysmatec.ch\\\/de\\\/\",\"name\":\"Sysmatec\",\"description\":\"Equipement de laboratoire et logiciels\",\"publisher\":{\"@id\":\"https:\\\/\\\/sysmatec.ch\\\/de\\\/#organization\"},\"potentialAction\":[{\"@type\":\"SearchAction\",\"target\":{\"@type\":\"EntryPoint\",\"urlTemplate\":\"https:\\\/\\\/sysmatec.ch\\\/de\\\/?s={search_term_string}\"},\"query-input\":{\"@type\":\"PropertyValueSpecification\",\"valueRequired\":true,\"valueName\":\"search_term_string\"}}],\"inLanguage\":\"de\"},{\"@type\":\"Organization\",\"@id\":\"https:\\\/\\\/sysmatec.ch\\\/de\\\/#organization\",\"name\":\"Sysmatec\",\"url\":\"https:\\\/\\\/sysmatec.ch\\\/de\\\/\",\"logo\":{\"@type\":\"ImageObject\",\"inLanguage\":\"de\",\"@id\":\"https:\\\/\\\/sysmatec.ch\\\/de\\\/#\\\/schema\\\/logo\\\/image\\\/\",\"url\":\"https:\\\/\\\/sysmatec.ch\\\/wp-content\\\/uploads\\\/2018\\\/11\\\/LogoSysmatec.jpg\",\"contentUrl\":\"https:\\\/\\\/sysmatec.ch\\\/wp-content\\\/uploads\\\/2018\\\/11\\\/LogoSysmatec.jpg\",\"width\":301,\"height\":297,\"caption\":\"Sysmatec\"},\"image\":{\"@id\":\"https:\\\/\\\/sysmatec.ch\\\/de\\\/#\\\/schema\\\/logo\\\/image\\\/\"}}]}<\/script>\n<!-- \/ Yoast SEO plugin. -->","yoast_head_json":{"title":"Physikalisch-chemisches Wasseranalyse-Kit, Wassersicherheits-Kit, chemisch - Sysmatec","description":"Koffer f\u00fcr physikalisch-chemische Analysen von Wasser wie pH, Redox, Ammoniak, Chlor, Nitrate, Nitrite, Tr\u00fcbung.","robots":{"index":"index","follow":"follow","max-snippet":"max-snippet:-1","max-image-preview":"max-image-preview:large","max-video-preview":"max-video-preview:-1"},"canonical":"https:\/\/sysmatec.ch\/de\/Produkt\/physikalisch-chemisches-wasseranalyse-kit-wassersicherheits-kit-chemisch\/","og_locale":"de_DE","og_type":"article","og_title":"Physikalisch-chemisches Wasseranalyse-Kit, Wassersicherheits-Kit, chemisch - Sysmatec","og_description":"Koffer f\u00fcr physikalisch-chemische Analysen von Wasser wie pH, Redox, Ammoniak, Chlor, Nitrate, Nitrite, Tr\u00fcbung.","og_url":"https:\/\/sysmatec.ch\/de\/Produkt\/physikalisch-chemisches-wasseranalyse-kit-wassersicherheits-kit-chemisch\/","og_site_name":"Sysmatec","article_modified_time":"2024-06-22T09:45:32+00:00","og_image":[{"width":1481,"height":1514,"url":"https:\/\/sysmatec.ch\/wp-content\/uploads\/2024\/06\/AnalyseEau_Tintometer.jpg","type":"image\/jpeg"}],"twitter_card":"summary_large_image","twitter_misc":{"Gesch\u00e4tzte Lesezeit":"2\u00a0Minuten"},"schema":{"@context":"https:\/\/schema.org","@graph":[{"@type":"WebPage","@id":"https:\/\/sysmatec.ch\/de\/Produkt\/physikalisch-chemisches-wasseranalyse-kit-wassersicherheits-kit-chemisch\/","url":"https:\/\/sysmatec.ch\/de\/Produkt\/physikalisch-chemisches-wasseranalyse-kit-wassersicherheits-kit-chemisch\/","name":"Physikalisch-chemisches Wasseranalyse-Kit, Wassersicherheits-Kit, chemisch - Sysmatec","isPartOf":{"@id":"https:\/\/sysmatec.ch\/de\/#website"},"primaryImageOfPage":{"@id":"https:\/\/sysmatec.ch\/de\/Produkt\/physikalisch-chemisches-wasseranalyse-kit-wassersicherheits-kit-chemisch\/#primaryimage"},"image":{"@id":"https:\/\/sysmatec.ch\/de\/Produkt\/physikalisch-chemisches-wasseranalyse-kit-wassersicherheits-kit-chemisch\/#primaryimage"},"thumbnailUrl":"https:\/\/sysmatec.ch\/wp-content\/uploads\/2024\/06\/AnalyseEau_Tintometer.jpg","datePublished":"2024-06-22T09:22:00+00:00","dateModified":"2024-06-22T09:45:32+00:00","description":"Koffer f\u00fcr physikalisch-chemische Analysen von Wasser wie pH, Redox, Ammoniak, Chlor, Nitrate, Nitrite, Tr\u00fcbung.","breadcrumb":{"@id":"https:\/\/sysmatec.ch\/de\/Produkt\/physikalisch-chemisches-wasseranalyse-kit-wassersicherheits-kit-chemisch\/#breadcrumb"},"inLanguage":"de","potentialAction":[{"@type":"ReadAction","target":["https:\/\/sysmatec.ch\/de\/Produkt\/physikalisch-chemisches-wasseranalyse-kit-wassersicherheits-kit-chemisch\/"]}]},{"@type":"ImageObject","inLanguage":"de","@id":"https:\/\/sysmatec.ch\/de\/Produkt\/physikalisch-chemisches-wasseranalyse-kit-wassersicherheits-kit-chemisch\/#primaryimage","url":"https:\/\/sysmatec.ch\/wp-content\/uploads\/2024\/06\/AnalyseEau_Tintometer.jpg","contentUrl":"https:\/\/sysmatec.ch\/wp-content\/uploads\/2024\/06\/AnalyseEau_Tintometer.jpg","width":1481,"height":1514},{"@type":"BreadcrumbList","@id":"https:\/\/sysmatec.ch\/de\/Produkt\/physikalisch-chemisches-wasseranalyse-kit-wassersicherheits-kit-chemisch\/#breadcrumb","itemListElement":[{"@type":"ListItem","position":1,"name":"Accueil","item":"https:\/\/sysmatec.ch\/de\/"},{"@type":"ListItem","position":2,"name":"Die Aktivit\u00e4t von Sysmatec","item":"https:\/\/sysmatec.ch\/de\/"},{"@type":"ListItem","position":3,"name":"Physikalisch-chemisches Wasseranalyse-Kit, Wassersicherheits-Kit, chemisch"}]},{"@type":"WebSite","@id":"https:\/\/sysmatec.ch\/de\/#website","url":"https:\/\/sysmatec.ch\/de\/","name":"Sysmatec","description":"Equipement de laboratoire et logiciels","publisher":{"@id":"https:\/\/sysmatec.ch\/de\/#organization"},"potentialAction":[{"@type":"SearchAction","target":{"@type":"EntryPoint","urlTemplate":"https:\/\/sysmatec.ch\/de\/?s={search_term_string}"},"query-input":{"@type":"PropertyValueSpecification","valueRequired":true,"valueName":"search_term_string"}}],"inLanguage":"de"},{"@type":"Organization","@id":"https:\/\/sysmatec.ch\/de\/#organization","name":"Sysmatec","url":"https:\/\/sysmatec.ch\/de\/","logo":{"@type":"ImageObject","inLanguage":"de","@id":"https:\/\/sysmatec.ch\/de\/#\/schema\/logo\/image\/","url":"https:\/\/sysmatec.ch\/wp-content\/uploads\/2018\/11\/LogoSysmatec.jpg","contentUrl":"https:\/\/sysmatec.ch\/wp-content\/uploads\/2018\/11\/LogoSysmatec.jpg","width":301,"height":297,"caption":"Sysmatec"},"image":{"@id":"https:\/\/sysmatec.ch\/de\/#\/schema\/logo\/image\/"}}]}},"_links":{"self":[{"href":"https:\/\/sysmatec.ch\/de\/wp-json\/wp\/v2\/product\/29681","targetHints":{"allow":["GET"]}}],"collection":[{"href":"https:\/\/sysmatec.ch\/de\/wp-json\/wp\/v2\/product"}],"about":[{"href":"https:\/\/sysmatec.ch\/de\/wp-json\/wp\/v2\/types\/product"}],"wp:featuredmedia":[{"embeddable":true,"href":"https:\/\/sysmatec.ch\/de\/wp-json\/wp\/v2\/media\/29684"}],"wp:attachment":[{"href":"https:\/\/sysmatec.ch\/de\/wp-json\/wp\/v2\/media?parent=29681"}],"wp:term":[{"taxonomy":"product_brand","embeddable":true,"href":"https:\/\/sysmatec.ch\/de\/wp-json\/wp\/v2\/product_brand?post=29681"},{"taxonomy":"product_cat","embeddable":true,"href":"https:\/\/sysmatec.ch\/de\/wp-json\/wp\/v2\/product_cat?post=29681"},{"taxonomy":"product_tag","embeddable":true,"href":"https:\/\/sysmatec.ch\/de\/wp-json\/wp\/v2\/product_tag?post=29681"}],"curies":[{"name":"wp","href":"https:\/\/api.w.org\/{rel}","templated":true}]}}