{"id":29673,"date":"2024-06-22T10:45:00","date_gmt":"2024-06-22T08:45:00","guid":{"rendered":"https:\/\/sysmatec.ch\/?post_type=product&#038;p=29673"},"modified":"2024-06-22T11:10:45","modified_gmt":"2024-06-22T09:10:45","slug":"nachweis-von-pestizidrueckstaenden-in-obst-und-gemuese","status":"publish","type":"product","link":"https:\/\/sysmatec.ch\/de\/Produkt\/nachweis-von-pestizidrueckstaenden-in-obst-und-gemuese\/","title":{"rendered":"Nachweis von Pestizidr\u00fcckst\u00e4nden in Obst und Gem\u00fcse"},"content":{"rendered":"<p>Einstufige Vorbereitung, keine Spezialger\u00e4te erforderlich<\/p>\n<p>schnell: 10 Minuten<\/p>\n<p>48 oder 96 Tests<\/p>\n<h2>Arten der nachgewiesenen Pestizide<\/h2>\n<ul>\n<li>Carbendazim, ref. V001<\/li>\n<li>Paraquat, ref. V002<\/li>\n<li>Chlorothalonil, ref. V003<\/li>\n<li>Acetamiprid, ref. V004<\/li>\n<li>Imidacloprid, ref. V005<\/li>\n<li>Cyromazine, ref. V006<\/li>\n<li>Carbaryl, ref V007<\/li>\n<li>Thiamethoxan, ref. V008<\/li>\n<li>Triazolone-Triadimenol, ref V009<\/li>\n<li>Carbofuran, ref V010<\/li>\n<li>Albendazole, ref. V011<\/li>\n<li>Fipronil, ref. V013<\/li>\n<li>Carbendazim + Acetamiprid, ref. V017<\/li>\n<li>Thiamethoxan + Crynazine, ref. V018<\/li>\n<li>Glyphosat, ref. V029<\/li>\n<\/ul>\n<h2>Vorgehensweise beim Testen<\/h2>\n<ul>\n<li>Mischen Sie die Probe mit dem Puffer in einem Probenbeutel.<\/li>\n<li>Geben Sie 200 \u00b5l der gemischten Probe in ein Fl\u00e4schchen, mischen Sie und inkubieren Sie sie 3 Minuten lang.<\/li>\n<li>Legen Sie den Teststreifen ein und warten Sie 5 Minuten.<\/li>\n<li>Lesen Sie das Ergebnis ab.<\/li>\n<li>Tragen Sie bei der Handhabung Handschuhe und entsorgen Sie die Produkte ordnungsgem\u00e4\u00df. Lassen Sie sie nicht in Reichweite von Kindern liegen.<\/li>\n<\/ul>\n","protected":false},"excerpt":{"rendered":"<p>Kit zum Nachweis von Pestiziden in Obst und Gem\u00fcse<\/p>\n","protected":false},"featured_media":29677,"template":"","meta":{"_crdt_document":""},"product_brand":[],"product_cat":[188,197,375],"product_tag":[],"class_list":{"0":"post-29673","1":"product","2":"type-product","3":"status-publish","4":"has-post-thumbnail","6":"product_cat-analyse-de","7":"product_cat-diagnose","8":"product_cat-toxin-de","10":"first","11":"instock","12":"taxable","13":"shipping-taxable","14":"product-type-simple"},"yoast_head":"<!-- This site is optimized with the Yoast SEO plugin v27.3 - https:\/\/yoast.com\/product\/yoast-seo-wordpress\/ -->\n<title>Nachweis von Pestizidr\u00fcckst\u00e4nden in Obst und Gem\u00fcse - Sysmatec<\/title>\n<meta name=\"description\" content=\"Kit zum Nachweis von Pestiziden in Agrarlebensmitteln wie Obst und Gem\u00fcse\" \/>\n<meta name=\"robots\" content=\"index, follow, max-snippet:-1, max-image-preview:large, max-video-preview:-1\" \/>\n<link rel=\"canonical\" href=\"https:\/\/sysmatec.ch\/de\/Produkt\/nachweis-von-pestizidrueckstaenden-in-obst-und-gemuese\/\" \/>\n<meta property=\"og:locale\" content=\"de_DE\" \/>\n<meta property=\"og:type\" content=\"article\" \/>\n<meta property=\"og:title\" content=\"Nachweis von Pestizidr\u00fcckst\u00e4nden in Obst und Gem\u00fcse - Sysmatec\" \/>\n<meta property=\"og:description\" content=\"Kit zum Nachweis von Pestiziden in Agrarlebensmitteln wie Obst und Gem\u00fcse\" \/>\n<meta property=\"og:url\" content=\"https:\/\/sysmatec.ch\/de\/Produkt\/nachweis-von-pestizidrueckstaenden-in-obst-und-gemuese\/\" \/>\n<meta property=\"og:site_name\" content=\"Sysmatec\" \/>\n<meta property=\"article:modified_time\" content=\"2024-06-22T09:10:45+00:00\" \/>\n<meta property=\"og:image\" content=\"https:\/\/sysmatec.ch\/wp-content\/uploads\/2024\/06\/DetectionPesticide_Ringbio.jpg\" \/>\n\t<meta property=\"og:image:width\" content=\"757\" \/>\n\t<meta property=\"og:image:height\" content=\"424\" \/>\n\t<meta property=\"og:image:type\" content=\"image\/jpeg\" \/>\n<meta name=\"twitter:card\" content=\"summary_large_image\" \/>\n<meta name=\"twitter:label1\" content=\"Gesch\u00e4tzte Lesezeit\" \/>\n\t<meta name=\"twitter:data1\" content=\"1\u00a0Minute\" \/>\n<script type=\"application\/ld+json\" class=\"yoast-schema-graph\">{\"@context\":\"https:\\\/\\\/schema.org\",\"@graph\":[{\"@type\":\"WebPage\",\"@id\":\"https:\\\/\\\/sysmatec.ch\\\/de\\\/Produkt\\\/nachweis-von-pestizidrueckstaenden-in-obst-und-gemuese\\\/\",\"url\":\"https:\\\/\\\/sysmatec.ch\\\/de\\\/Produkt\\\/nachweis-von-pestizidrueckstaenden-in-obst-und-gemuese\\\/\",\"name\":\"Nachweis von Pestizidr\u00fcckst\u00e4nden in Obst und Gem\u00fcse - Sysmatec\",\"isPartOf\":{\"@id\":\"https:\\\/\\\/sysmatec.ch\\\/de\\\/#website\"},\"primaryImageOfPage\":{\"@id\":\"https:\\\/\\\/sysmatec.ch\\\/de\\\/Produkt\\\/nachweis-von-pestizidrueckstaenden-in-obst-und-gemuese\\\/#primaryimage\"},\"image\":{\"@id\":\"https:\\\/\\\/sysmatec.ch\\\/de\\\/Produkt\\\/nachweis-von-pestizidrueckstaenden-in-obst-und-gemuese\\\/#primaryimage\"},\"thumbnailUrl\":\"https:\\\/\\\/sysmatec.ch\\\/wp-content\\\/uploads\\\/2024\\\/06\\\/DetectionPesticide_Ringbio.jpg\",\"datePublished\":\"2024-06-22T08:45:00+00:00\",\"dateModified\":\"2024-06-22T09:10:45+00:00\",\"description\":\"Kit zum Nachweis von Pestiziden in Agrarlebensmitteln wie Obst und Gem\u00fcse\",\"breadcrumb\":{\"@id\":\"https:\\\/\\\/sysmatec.ch\\\/de\\\/Produkt\\\/nachweis-von-pestizidrueckstaenden-in-obst-und-gemuese\\\/#breadcrumb\"},\"inLanguage\":\"de\",\"potentialAction\":[{\"@type\":\"ReadAction\",\"target\":[\"https:\\\/\\\/sysmatec.ch\\\/de\\\/Produkt\\\/nachweis-von-pestizidrueckstaenden-in-obst-und-gemuese\\\/\"]}]},{\"@type\":\"ImageObject\",\"inLanguage\":\"de\",\"@id\":\"https:\\\/\\\/sysmatec.ch\\\/de\\\/Produkt\\\/nachweis-von-pestizidrueckstaenden-in-obst-und-gemuese\\\/#primaryimage\",\"url\":\"https:\\\/\\\/sysmatec.ch\\\/wp-content\\\/uploads\\\/2024\\\/06\\\/DetectionPesticide_Ringbio.jpg\",\"contentUrl\":\"https:\\\/\\\/sysmatec.ch\\\/wp-content\\\/uploads\\\/2024\\\/06\\\/DetectionPesticide_Ringbio.jpg\",\"width\":757,\"height\":424},{\"@type\":\"BreadcrumbList\",\"@id\":\"https:\\\/\\\/sysmatec.ch\\\/de\\\/Produkt\\\/nachweis-von-pestizidrueckstaenden-in-obst-und-gemuese\\\/#breadcrumb\",\"itemListElement\":[{\"@type\":\"ListItem\",\"position\":1,\"name\":\"Accueil\",\"item\":\"https:\\\/\\\/sysmatec.ch\\\/de\\\/\"},{\"@type\":\"ListItem\",\"position\":2,\"name\":\"Die Aktivit\u00e4t von Sysmatec\",\"item\":\"https:\\\/\\\/sysmatec.ch\\\/de\\\/\"},{\"@type\":\"ListItem\",\"position\":3,\"name\":\"Nachweis von Pestizidr\u00fcckst\u00e4nden in Obst und Gem\u00fcse\"}]},{\"@type\":\"WebSite\",\"@id\":\"https:\\\/\\\/sysmatec.ch\\\/de\\\/#website\",\"url\":\"https:\\\/\\\/sysmatec.ch\\\/de\\\/\",\"name\":\"Sysmatec\",\"description\":\"Equipement de laboratoire et logiciels\",\"publisher\":{\"@id\":\"https:\\\/\\\/sysmatec.ch\\\/de\\\/#organization\"},\"potentialAction\":[{\"@type\":\"SearchAction\",\"target\":{\"@type\":\"EntryPoint\",\"urlTemplate\":\"https:\\\/\\\/sysmatec.ch\\\/de\\\/?s={search_term_string}\"},\"query-input\":{\"@type\":\"PropertyValueSpecification\",\"valueRequired\":true,\"valueName\":\"search_term_string\"}}],\"inLanguage\":\"de\"},{\"@type\":\"Organization\",\"@id\":\"https:\\\/\\\/sysmatec.ch\\\/de\\\/#organization\",\"name\":\"Sysmatec\",\"url\":\"https:\\\/\\\/sysmatec.ch\\\/de\\\/\",\"logo\":{\"@type\":\"ImageObject\",\"inLanguage\":\"de\",\"@id\":\"https:\\\/\\\/sysmatec.ch\\\/de\\\/#\\\/schema\\\/logo\\\/image\\\/\",\"url\":\"https:\\\/\\\/sysmatec.ch\\\/wp-content\\\/uploads\\\/2018\\\/11\\\/LogoSysmatec.jpg\",\"contentUrl\":\"https:\\\/\\\/sysmatec.ch\\\/wp-content\\\/uploads\\\/2018\\\/11\\\/LogoSysmatec.jpg\",\"width\":301,\"height\":297,\"caption\":\"Sysmatec\"},\"image\":{\"@id\":\"https:\\\/\\\/sysmatec.ch\\\/de\\\/#\\\/schema\\\/logo\\\/image\\\/\"}}]}<\/script>\n<!-- \/ Yoast SEO plugin. -->","yoast_head_json":{"title":"Nachweis von Pestizidr\u00fcckst\u00e4nden in Obst und Gem\u00fcse - Sysmatec","description":"Kit zum Nachweis von Pestiziden in Agrarlebensmitteln wie Obst und Gem\u00fcse","robots":{"index":"index","follow":"follow","max-snippet":"max-snippet:-1","max-image-preview":"max-image-preview:large","max-video-preview":"max-video-preview:-1"},"canonical":"https:\/\/sysmatec.ch\/de\/Produkt\/nachweis-von-pestizidrueckstaenden-in-obst-und-gemuese\/","og_locale":"de_DE","og_type":"article","og_title":"Nachweis von Pestizidr\u00fcckst\u00e4nden in Obst und Gem\u00fcse - Sysmatec","og_description":"Kit zum Nachweis von Pestiziden in Agrarlebensmitteln wie Obst und Gem\u00fcse","og_url":"https:\/\/sysmatec.ch\/de\/Produkt\/nachweis-von-pestizidrueckstaenden-in-obst-und-gemuese\/","og_site_name":"Sysmatec","article_modified_time":"2024-06-22T09:10:45+00:00","og_image":[{"width":757,"height":424,"url":"https:\/\/sysmatec.ch\/wp-content\/uploads\/2024\/06\/DetectionPesticide_Ringbio.jpg","type":"image\/jpeg"}],"twitter_card":"summary_large_image","twitter_misc":{"Gesch\u00e4tzte Lesezeit":"1\u00a0Minute"},"schema":{"@context":"https:\/\/schema.org","@graph":[{"@type":"WebPage","@id":"https:\/\/sysmatec.ch\/de\/Produkt\/nachweis-von-pestizidrueckstaenden-in-obst-und-gemuese\/","url":"https:\/\/sysmatec.ch\/de\/Produkt\/nachweis-von-pestizidrueckstaenden-in-obst-und-gemuese\/","name":"Nachweis von Pestizidr\u00fcckst\u00e4nden in Obst und Gem\u00fcse - Sysmatec","isPartOf":{"@id":"https:\/\/sysmatec.ch\/de\/#website"},"primaryImageOfPage":{"@id":"https:\/\/sysmatec.ch\/de\/Produkt\/nachweis-von-pestizidrueckstaenden-in-obst-und-gemuese\/#primaryimage"},"image":{"@id":"https:\/\/sysmatec.ch\/de\/Produkt\/nachweis-von-pestizidrueckstaenden-in-obst-und-gemuese\/#primaryimage"},"thumbnailUrl":"https:\/\/sysmatec.ch\/wp-content\/uploads\/2024\/06\/DetectionPesticide_Ringbio.jpg","datePublished":"2024-06-22T08:45:00+00:00","dateModified":"2024-06-22T09:10:45+00:00","description":"Kit zum Nachweis von Pestiziden in Agrarlebensmitteln wie Obst und Gem\u00fcse","breadcrumb":{"@id":"https:\/\/sysmatec.ch\/de\/Produkt\/nachweis-von-pestizidrueckstaenden-in-obst-und-gemuese\/#breadcrumb"},"inLanguage":"de","potentialAction":[{"@type":"ReadAction","target":["https:\/\/sysmatec.ch\/de\/Produkt\/nachweis-von-pestizidrueckstaenden-in-obst-und-gemuese\/"]}]},{"@type":"ImageObject","inLanguage":"de","@id":"https:\/\/sysmatec.ch\/de\/Produkt\/nachweis-von-pestizidrueckstaenden-in-obst-und-gemuese\/#primaryimage","url":"https:\/\/sysmatec.ch\/wp-content\/uploads\/2024\/06\/DetectionPesticide_Ringbio.jpg","contentUrl":"https:\/\/sysmatec.ch\/wp-content\/uploads\/2024\/06\/DetectionPesticide_Ringbio.jpg","width":757,"height":424},{"@type":"BreadcrumbList","@id":"https:\/\/sysmatec.ch\/de\/Produkt\/nachweis-von-pestizidrueckstaenden-in-obst-und-gemuese\/#breadcrumb","itemListElement":[{"@type":"ListItem","position":1,"name":"Accueil","item":"https:\/\/sysmatec.ch\/de\/"},{"@type":"ListItem","position":2,"name":"Die Aktivit\u00e4t von Sysmatec","item":"https:\/\/sysmatec.ch\/de\/"},{"@type":"ListItem","position":3,"name":"Nachweis von Pestizidr\u00fcckst\u00e4nden in Obst und Gem\u00fcse"}]},{"@type":"WebSite","@id":"https:\/\/sysmatec.ch\/de\/#website","url":"https:\/\/sysmatec.ch\/de\/","name":"Sysmatec","description":"Equipement de laboratoire et logiciels","publisher":{"@id":"https:\/\/sysmatec.ch\/de\/#organization"},"potentialAction":[{"@type":"SearchAction","target":{"@type":"EntryPoint","urlTemplate":"https:\/\/sysmatec.ch\/de\/?s={search_term_string}"},"query-input":{"@type":"PropertyValueSpecification","valueRequired":true,"valueName":"search_term_string"}}],"inLanguage":"de"},{"@type":"Organization","@id":"https:\/\/sysmatec.ch\/de\/#organization","name":"Sysmatec","url":"https:\/\/sysmatec.ch\/de\/","logo":{"@type":"ImageObject","inLanguage":"de","@id":"https:\/\/sysmatec.ch\/de\/#\/schema\/logo\/image\/","url":"https:\/\/sysmatec.ch\/wp-content\/uploads\/2018\/11\/LogoSysmatec.jpg","contentUrl":"https:\/\/sysmatec.ch\/wp-content\/uploads\/2018\/11\/LogoSysmatec.jpg","width":301,"height":297,"caption":"Sysmatec"},"image":{"@id":"https:\/\/sysmatec.ch\/de\/#\/schema\/logo\/image\/"}}]}},"_links":{"self":[{"href":"https:\/\/sysmatec.ch\/de\/wp-json\/wp\/v2\/product\/29673","targetHints":{"allow":["GET"]}}],"collection":[{"href":"https:\/\/sysmatec.ch\/de\/wp-json\/wp\/v2\/product"}],"about":[{"href":"https:\/\/sysmatec.ch\/de\/wp-json\/wp\/v2\/types\/product"}],"wp:featuredmedia":[{"embeddable":true,"href":"https:\/\/sysmatec.ch\/de\/wp-json\/wp\/v2\/media\/29677"}],"wp:attachment":[{"href":"https:\/\/sysmatec.ch\/de\/wp-json\/wp\/v2\/media?parent=29673"}],"wp:term":[{"taxonomy":"product_brand","embeddable":true,"href":"https:\/\/sysmatec.ch\/de\/wp-json\/wp\/v2\/product_brand?post=29673"},{"taxonomy":"product_cat","embeddable":true,"href":"https:\/\/sysmatec.ch\/de\/wp-json\/wp\/v2\/product_cat?post=29673"},{"taxonomy":"product_tag","embeddable":true,"href":"https:\/\/sysmatec.ch\/de\/wp-json\/wp\/v2\/product_tag?post=29673"}],"curies":[{"name":"wp","href":"https:\/\/api.w.org\/{rel}","templated":true}]}}