{"id":29650,"date":"2024-06-10T21:33:38","date_gmt":"2024-06-10T19:33:38","guid":{"rendered":"https:\/\/sysmatec.ch\/?post_type=product&#038;p=29650"},"modified":"2024-06-10T22:04:14","modified_gmt":"2024-06-10T20:04:14","slug":"ultraschallmikroflussmeter-mfr","status":"publish","type":"product","link":"https:\/\/sysmatec.ch\/de\/Produkt\/ultraschallmikroflussmeter-mfr\/","title":{"rendered":"Ultraschallmikroflussmeter MFR"},"content":{"rendered":"<p>Der MF -Ultraschall -Mikrostr\u00f6mungsmeter stellt einen signifikanten Fortschritt der Durchflussmessungstechnologie dar. Die Klemmstallinstallation erm\u00f6glicht ein einfaches und schnelles Setup, ohne vorhandene Pipelines zu st\u00f6ren, was es zu einer idealen L\u00f6sung f\u00fcr neue Installationen und Nachr\u00fcstprojekte macht. Das Ger\u00e4t wurde entwickelt, um einen weiten Durchflussbereich von 0,1 Fu\u00df\/s bis \u00b1 16 ft\/s (0,03 m\/s bis \u00b1 5 m\/s) mit einer beeindruckenden Genauigkeit von \u00b1 2%zu verarbeiten, und sorgt f\u00fcr eine zuverl\u00e4ssige Leistung in verschiedenen Betriebsumgebungen.<\/p>\n<p>Der Durchfluss ist mit verschiedenen Rohrmaterialien kompatibel, einschlie\u00dflich Edelstahl, PVC, PPR und Kupfer und unterst\u00fctzt Rohrgr\u00f6\u00dfen aus DN10 3\/8 &#8222;(O.D. 12-18,5 mm). Seine robusten Ausgangsoptionen, einschlie\u00dflich Lorawan, 4-20 mA und RS485 (Modbus, Fuji) sorgen Sie f\u00fcr eine nahtlose Integration in vorhandene \u00dcberwachungs- und Steuerungssysteme und machen es zu einem vielseitigen Tool f\u00fcr mehrere Branchen.<\/p>\n<h2>Anwendung<\/h2>\n<p>Die fortschrittliche Ultraschalltechnologie liefert genaue Durchflussmessungen f\u00fcr Anwendungen wie Wasseraufbereitung, chemische Verarbeitung, HLK und mehr. Die Effizienz des Ger\u00e4ts wird durch den niedrigen Stromverbrauch weiter verbessert und wird mit einem 10-36 VDC\/500-mA-Stromverbrauch betrieben, wodurch es f\u00fcr eine Vielzahl von industriellen Umgebungen geeignet ist.<\/p>\n<h2>Flussmeter -Merkmale<\/h2>\n<table width=\"418\">\n<tbody>\n<tr>\n<td width=\"160\">Bereich<\/td>\n<td width=\"258\">0.03 bis 5 m\/s<\/td>\n<\/tr>\n<tr>\n<td>Rohrdurchmesser<\/td>\n<td>DN10<\/td>\n<\/tr>\n<tr>\n<td>Fl\u00fcssigkeit<\/td>\n<td>Wasser<\/td>\n<\/tr>\n<tr>\n<td>Mat\u00e9riau du tuyau<\/td>\n<td>PVC, PPR, Kupfer, Edelstahl<\/td>\n<\/tr>\n<tr>\n<td>RS485<\/td>\n<td>Fuji und Modbus Protokoll<\/td>\n<\/tr>\n<tr>\n<td>Lora<\/td>\n<td>Max 22 dBm<\/td>\n<\/tr>\n<tr>\n<td>Stromspeisung<\/td>\n<td>10 bis 36 V, 500 mA<\/td>\n<\/tr>\n<tr>\n<td>Anzeige<\/td>\n<td>1.54&#8220; LCD, Farbig, 240x240Pixel<\/td>\n<\/tr>\n<tr>\n<td>Betriebstemperatur<\/td>\n<td>-10 bis 50 \u00b0C<\/td>\n<\/tr>\n<tr>\n<td>Fl\u00fcssigkeitstemperatur<\/td>\n<td>0 bis 60 \u00b0C<\/td>\n<\/tr>\n<tr>\n<td>Betriebsfeuchte<\/td>\n<td>0.-95 % RH, ohne Kondensierung<\/td>\n<\/tr>\n<tr>\n<td>IP<\/td>\n<td>IP54<\/td>\n<\/tr>\n<\/tbody>\n<\/table>\n","protected":false},"excerpt":{"rendered":"<p>Ultraschall Durchflussmesser f\u00fcr den Bereich\u00a0 0,03 bis 5 m\/s f\u00fcr DN10 -Rohre<\/p>\n","protected":false},"featured_media":29654,"template":"","meta":{"_crdt_document":""},"product_brand":[],"product_cat":[307,180],"product_tag":[],"class_list":{"0":"post-29650","1":"product","2":"type-product","3":"status-publish","4":"has-post-thumbnail","6":"product_cat-durchfluss","7":"product_cat-messung","9":"first","10":"instock","11":"taxable","12":"shipping-taxable","13":"product-type-simple"},"yoast_head":"<!-- This site is optimized with the Yoast SEO plugin v27.3 - https:\/\/yoast.com\/product\/yoast-seo-wordpress\/ -->\n<title>Ultraschallmikroflussmeter MFR - Sysmatec<\/title>\n<meta name=\"description\" content=\"Kompakte Durchflussmeter mit Ultraschall f\u00fcr DN10 -Rohre. Messung von au\u00dferhalb des Rohrs.\" \/>\n<meta name=\"robots\" content=\"index, follow, max-snippet:-1, max-image-preview:large, max-video-preview:-1\" \/>\n<link rel=\"canonical\" href=\"https:\/\/sysmatec.ch\/de\/Produkt\/ultraschallmikroflussmeter-mfr\/\" \/>\n<meta property=\"og:locale\" content=\"de_DE\" \/>\n<meta property=\"og:type\" content=\"article\" \/>\n<meta property=\"og:title\" content=\"Ultraschallmikroflussmeter MFR - Sysmatec\" \/>\n<meta property=\"og:description\" content=\"Kompakte Durchflussmeter mit Ultraschall f\u00fcr DN10 -Rohre. Messung von au\u00dferhalb des Rohrs.\" \/>\n<meta property=\"og:url\" content=\"https:\/\/sysmatec.ch\/de\/Produkt\/ultraschallmikroflussmeter-mfr\/\" \/>\n<meta property=\"og:site_name\" content=\"Sysmatec\" \/>\n<meta property=\"article:modified_time\" content=\"2024-06-10T20:04:14+00:00\" \/>\n<meta property=\"og:image\" content=\"https:\/\/sysmatec.ch\/wp-content\/uploads\/2024\/06\/Debitmetre_GentosPFlow.jpg\" \/>\n\t<meta property=\"og:image:width\" content=\"1246\" \/>\n\t<meta property=\"og:image:height\" content=\"701\" \/>\n\t<meta property=\"og:image:type\" content=\"image\/jpeg\" \/>\n<meta name=\"twitter:card\" content=\"summary_large_image\" \/>\n<meta name=\"twitter:label1\" content=\"Gesch\u00e4tzte Lesezeit\" \/>\n\t<meta name=\"twitter:data1\" content=\"2\u00a0Minuten\" \/>\n<script type=\"application\/ld+json\" class=\"yoast-schema-graph\">{\"@context\":\"https:\\\/\\\/schema.org\",\"@graph\":[{\"@type\":\"WebPage\",\"@id\":\"https:\\\/\\\/sysmatec.ch\\\/de\\\/Produkt\\\/ultraschallmikroflussmeter-mfr\\\/\",\"url\":\"https:\\\/\\\/sysmatec.ch\\\/de\\\/Produkt\\\/ultraschallmikroflussmeter-mfr\\\/\",\"name\":\"Ultraschallmikroflussmeter MFR - Sysmatec\",\"isPartOf\":{\"@id\":\"https:\\\/\\\/sysmatec.ch\\\/de\\\/#website\"},\"primaryImageOfPage\":{\"@id\":\"https:\\\/\\\/sysmatec.ch\\\/de\\\/Produkt\\\/ultraschallmikroflussmeter-mfr\\\/#primaryimage\"},\"image\":{\"@id\":\"https:\\\/\\\/sysmatec.ch\\\/de\\\/Produkt\\\/ultraschallmikroflussmeter-mfr\\\/#primaryimage\"},\"thumbnailUrl\":\"https:\\\/\\\/sysmatec.ch\\\/wp-content\\\/uploads\\\/2024\\\/06\\\/Debitmetre_GentosPFlow.jpg\",\"datePublished\":\"2024-06-10T19:33:38+00:00\",\"dateModified\":\"2024-06-10T20:04:14+00:00\",\"description\":\"Kompakte Durchflussmeter mit Ultraschall f\u00fcr DN10 -Rohre. Messung von au\u00dferhalb des Rohrs.\",\"breadcrumb\":{\"@id\":\"https:\\\/\\\/sysmatec.ch\\\/de\\\/Produkt\\\/ultraschallmikroflussmeter-mfr\\\/#breadcrumb\"},\"inLanguage\":\"de\",\"potentialAction\":[{\"@type\":\"ReadAction\",\"target\":[\"https:\\\/\\\/sysmatec.ch\\\/de\\\/Produkt\\\/ultraschallmikroflussmeter-mfr\\\/\"]}]},{\"@type\":\"ImageObject\",\"inLanguage\":\"de\",\"@id\":\"https:\\\/\\\/sysmatec.ch\\\/de\\\/Produkt\\\/ultraschallmikroflussmeter-mfr\\\/#primaryimage\",\"url\":\"https:\\\/\\\/sysmatec.ch\\\/wp-content\\\/uploads\\\/2024\\\/06\\\/Debitmetre_GentosPFlow.jpg\",\"contentUrl\":\"https:\\\/\\\/sysmatec.ch\\\/wp-content\\\/uploads\\\/2024\\\/06\\\/Debitmetre_GentosPFlow.jpg\",\"width\":1246,\"height\":701},{\"@type\":\"BreadcrumbList\",\"@id\":\"https:\\\/\\\/sysmatec.ch\\\/de\\\/Produkt\\\/ultraschallmikroflussmeter-mfr\\\/#breadcrumb\",\"itemListElement\":[{\"@type\":\"ListItem\",\"position\":1,\"name\":\"Accueil\",\"item\":\"https:\\\/\\\/sysmatec.ch\\\/de\\\/\"},{\"@type\":\"ListItem\",\"position\":2,\"name\":\"Die Aktivit\u00e4t von Sysmatec\",\"item\":\"https:\\\/\\\/sysmatec.ch\\\/de\\\/\"},{\"@type\":\"ListItem\",\"position\":3,\"name\":\"Ultraschallmikroflussmeter MFR\"}]},{\"@type\":\"WebSite\",\"@id\":\"https:\\\/\\\/sysmatec.ch\\\/de\\\/#website\",\"url\":\"https:\\\/\\\/sysmatec.ch\\\/de\\\/\",\"name\":\"Sysmatec\",\"description\":\"Equipement de laboratoire et logiciels\",\"publisher\":{\"@id\":\"https:\\\/\\\/sysmatec.ch\\\/de\\\/#organization\"},\"potentialAction\":[{\"@type\":\"SearchAction\",\"target\":{\"@type\":\"EntryPoint\",\"urlTemplate\":\"https:\\\/\\\/sysmatec.ch\\\/de\\\/?s={search_term_string}\"},\"query-input\":{\"@type\":\"PropertyValueSpecification\",\"valueRequired\":true,\"valueName\":\"search_term_string\"}}],\"inLanguage\":\"de\"},{\"@type\":\"Organization\",\"@id\":\"https:\\\/\\\/sysmatec.ch\\\/de\\\/#organization\",\"name\":\"Sysmatec\",\"url\":\"https:\\\/\\\/sysmatec.ch\\\/de\\\/\",\"logo\":{\"@type\":\"ImageObject\",\"inLanguage\":\"de\",\"@id\":\"https:\\\/\\\/sysmatec.ch\\\/de\\\/#\\\/schema\\\/logo\\\/image\\\/\",\"url\":\"https:\\\/\\\/sysmatec.ch\\\/wp-content\\\/uploads\\\/2018\\\/11\\\/LogoSysmatec.jpg\",\"contentUrl\":\"https:\\\/\\\/sysmatec.ch\\\/wp-content\\\/uploads\\\/2018\\\/11\\\/LogoSysmatec.jpg\",\"width\":301,\"height\":297,\"caption\":\"Sysmatec\"},\"image\":{\"@id\":\"https:\\\/\\\/sysmatec.ch\\\/de\\\/#\\\/schema\\\/logo\\\/image\\\/\"}}]}<\/script>\n<!-- \/ Yoast SEO plugin. -->","yoast_head_json":{"title":"Ultraschallmikroflussmeter MFR - Sysmatec","description":"Kompakte Durchflussmeter mit Ultraschall f\u00fcr DN10 -Rohre. Messung von au\u00dferhalb des Rohrs.","robots":{"index":"index","follow":"follow","max-snippet":"max-snippet:-1","max-image-preview":"max-image-preview:large","max-video-preview":"max-video-preview:-1"},"canonical":"https:\/\/sysmatec.ch\/de\/Produkt\/ultraschallmikroflussmeter-mfr\/","og_locale":"de_DE","og_type":"article","og_title":"Ultraschallmikroflussmeter MFR - Sysmatec","og_description":"Kompakte Durchflussmeter mit Ultraschall f\u00fcr DN10 -Rohre. Messung von au\u00dferhalb des Rohrs.","og_url":"https:\/\/sysmatec.ch\/de\/Produkt\/ultraschallmikroflussmeter-mfr\/","og_site_name":"Sysmatec","article_modified_time":"2024-06-10T20:04:14+00:00","og_image":[{"width":1246,"height":701,"url":"https:\/\/sysmatec.ch\/wp-content\/uploads\/2024\/06\/Debitmetre_GentosPFlow.jpg","type":"image\/jpeg"}],"twitter_card":"summary_large_image","twitter_misc":{"Gesch\u00e4tzte Lesezeit":"2\u00a0Minuten"},"schema":{"@context":"https:\/\/schema.org","@graph":[{"@type":"WebPage","@id":"https:\/\/sysmatec.ch\/de\/Produkt\/ultraschallmikroflussmeter-mfr\/","url":"https:\/\/sysmatec.ch\/de\/Produkt\/ultraschallmikroflussmeter-mfr\/","name":"Ultraschallmikroflussmeter MFR - Sysmatec","isPartOf":{"@id":"https:\/\/sysmatec.ch\/de\/#website"},"primaryImageOfPage":{"@id":"https:\/\/sysmatec.ch\/de\/Produkt\/ultraschallmikroflussmeter-mfr\/#primaryimage"},"image":{"@id":"https:\/\/sysmatec.ch\/de\/Produkt\/ultraschallmikroflussmeter-mfr\/#primaryimage"},"thumbnailUrl":"https:\/\/sysmatec.ch\/wp-content\/uploads\/2024\/06\/Debitmetre_GentosPFlow.jpg","datePublished":"2024-06-10T19:33:38+00:00","dateModified":"2024-06-10T20:04:14+00:00","description":"Kompakte Durchflussmeter mit Ultraschall f\u00fcr DN10 -Rohre. Messung von au\u00dferhalb des Rohrs.","breadcrumb":{"@id":"https:\/\/sysmatec.ch\/de\/Produkt\/ultraschallmikroflussmeter-mfr\/#breadcrumb"},"inLanguage":"de","potentialAction":[{"@type":"ReadAction","target":["https:\/\/sysmatec.ch\/de\/Produkt\/ultraschallmikroflussmeter-mfr\/"]}]},{"@type":"ImageObject","inLanguage":"de","@id":"https:\/\/sysmatec.ch\/de\/Produkt\/ultraschallmikroflussmeter-mfr\/#primaryimage","url":"https:\/\/sysmatec.ch\/wp-content\/uploads\/2024\/06\/Debitmetre_GentosPFlow.jpg","contentUrl":"https:\/\/sysmatec.ch\/wp-content\/uploads\/2024\/06\/Debitmetre_GentosPFlow.jpg","width":1246,"height":701},{"@type":"BreadcrumbList","@id":"https:\/\/sysmatec.ch\/de\/Produkt\/ultraschallmikroflussmeter-mfr\/#breadcrumb","itemListElement":[{"@type":"ListItem","position":1,"name":"Accueil","item":"https:\/\/sysmatec.ch\/de\/"},{"@type":"ListItem","position":2,"name":"Die Aktivit\u00e4t von Sysmatec","item":"https:\/\/sysmatec.ch\/de\/"},{"@type":"ListItem","position":3,"name":"Ultraschallmikroflussmeter MFR"}]},{"@type":"WebSite","@id":"https:\/\/sysmatec.ch\/de\/#website","url":"https:\/\/sysmatec.ch\/de\/","name":"Sysmatec","description":"Equipement de laboratoire et logiciels","publisher":{"@id":"https:\/\/sysmatec.ch\/de\/#organization"},"potentialAction":[{"@type":"SearchAction","target":{"@type":"EntryPoint","urlTemplate":"https:\/\/sysmatec.ch\/de\/?s={search_term_string}"},"query-input":{"@type":"PropertyValueSpecification","valueRequired":true,"valueName":"search_term_string"}}],"inLanguage":"de"},{"@type":"Organization","@id":"https:\/\/sysmatec.ch\/de\/#organization","name":"Sysmatec","url":"https:\/\/sysmatec.ch\/de\/","logo":{"@type":"ImageObject","inLanguage":"de","@id":"https:\/\/sysmatec.ch\/de\/#\/schema\/logo\/image\/","url":"https:\/\/sysmatec.ch\/wp-content\/uploads\/2018\/11\/LogoSysmatec.jpg","contentUrl":"https:\/\/sysmatec.ch\/wp-content\/uploads\/2018\/11\/LogoSysmatec.jpg","width":301,"height":297,"caption":"Sysmatec"},"image":{"@id":"https:\/\/sysmatec.ch\/de\/#\/schema\/logo\/image\/"}}]}},"_links":{"self":[{"href":"https:\/\/sysmatec.ch\/de\/wp-json\/wp\/v2\/product\/29650","targetHints":{"allow":["GET"]}}],"collection":[{"href":"https:\/\/sysmatec.ch\/de\/wp-json\/wp\/v2\/product"}],"about":[{"href":"https:\/\/sysmatec.ch\/de\/wp-json\/wp\/v2\/types\/product"}],"wp:featuredmedia":[{"embeddable":true,"href":"https:\/\/sysmatec.ch\/de\/wp-json\/wp\/v2\/media\/29654"}],"wp:attachment":[{"href":"https:\/\/sysmatec.ch\/de\/wp-json\/wp\/v2\/media?parent=29650"}],"wp:term":[{"taxonomy":"product_brand","embeddable":true,"href":"https:\/\/sysmatec.ch\/de\/wp-json\/wp\/v2\/product_brand?post=29650"},{"taxonomy":"product_cat","embeddable":true,"href":"https:\/\/sysmatec.ch\/de\/wp-json\/wp\/v2\/product_cat?post=29650"},{"taxonomy":"product_tag","embeddable":true,"href":"https:\/\/sysmatec.ch\/de\/wp-json\/wp\/v2\/product_tag?post=29650"}],"curies":[{"name":"wp","href":"https:\/\/api.w.org\/{rel}","templated":true}]}}