{"id":29629,"date":"2024-06-06T17:19:19","date_gmt":"2024-06-06T15:19:19","guid":{"rendered":"https:\/\/sysmatec.ch\/?post_type=product&#038;p=29629"},"modified":"2024-06-06T17:41:07","modified_gmt":"2024-06-06T15:41:07","slug":"orbitalschuettler-inkubator-es-20-80","status":"publish","type":"product","link":"https:\/\/sysmatec.ch\/de\/Produkt\/orbitalschuettler-inkubator-es-20-80\/","title":{"rendered":"Orbitalsch\u00fcttler-Inkubator ES-20\/80"},"content":{"rendered":"<p>Dieser Inkubator ist mit einem dreifachen Exzentermechanismus f\u00fcr die Plattformbewegung ausgestattet, der hervorragende Ausgleichseigenschaften, h\u00f6chste Zuverl\u00e4ssigkeit und einen leisen Betrieb bietet. Die erreichte Stabilit\u00e4t der Einheit w\u00e4hrend des kr\u00e4ftigen Mischens erm\u00f6glicht die stapelbare Installation von bis zu 3 Einheiten, wodurch Platz gespart wird. Das neue Display und die benutzerfreundliche Benutzeroberfl\u00e4che bieten eine klare und intuitive Steuerung der Parameter und erm\u00f6glichen auch die Datenaufzeichnung, -speicherung und -anzeige im Zeitverlauf. Zus\u00e4tzliche Funktionen wie ein Unwuchtsensor und eine automatische Thermostatfehlererkennung machen diesen Sch\u00fcttel-Inkubator zu einem fortschrittlichen und sicheren Produkt. Die Bluetooth-Konnektivit\u00e4t zum PC erm\u00f6glicht Datenverwaltung, Datenaufzeichnung, Parametersteuerung und Profilierung in der mitgelieferten Software.<\/p>\n<p>Ein eingebauter hitzebest\u00e4ndiger b\u00fcrstenloser L\u00fcfter sorgt f\u00fcr eine pr\u00e4zise Temperaturverteilung innerhalb der Kammer (von 5 \u00b0C \u00fcber Umgebungstemperatur bis zu +80 \u00b0C). Dar\u00fcber hinaus wird eine ausgezeichnete Probentemperaturgleichm\u00e4\u00dfigkeit von \u00b10,3 \u00b0C bei 37 \u00b0C erreicht. Die Innenkammer besteht aus rostfreiem Stahl. Modernster Motor, W\u00e4rmed\u00e4mmstoffe und PID-Parametersteuerung senken den Energieverbrauch und machen den Sch\u00fcttel-Inkubator trotz seiner relativ gro\u00dfen Gr\u00f6\u00dfe \u00e4u\u00dferst energieeffizient.<\/p>\n<h2>Merkmale<\/h2>\n<ul>\n<li>Temperatur-Einstellbereich +25\u00b0C bis +80\u00b0C<\/li>\n<li>Temperatur-Regelbereich 5\u00b0C \u00fcber Raumtemperatur bis +80\u00b0C<\/li>\n<li>Drehzahl-Regelbereich 50\u2013400 U\/min (Schrittweite 10 U\/min)<\/li>\n<li>Temperaturstabilit\u00e4t \u00b10,1\u00b0C<\/li>\n<li>Temperatur-Einstellaufl\u00f6sung 0,1\u00b0C<\/li>\n<li>Temperaturgenauigkeit bei +37\u00b0C \u00b10,1\u00b0C<\/li>\n<li>Temperaturgleichm\u00e4\u00dfigkeit bei +37\u00b0C \u00b10,3\u00b0C<\/li>\n<li>Umlauf 20 mm<\/li>\n<li>Display TFT, 5 Zoll<\/li>\n<li>Digitale Zeiteinstellung 1 Min.\u201396 Std. \/ nonstop (Schrittweite 1 Min.)<\/li>\n<li>Timer-Tonsignal<\/li>\n<li>Maximale Belastung 10,6 kg<\/li>\n<li>PC-Systemanforderungen Intel\/AMD-Prozessor, 1 GB RAM, Windows Vista\/7\/8\/8.1\/10\/11, USB, Bluetooth<\/li>\n<li>Abmessungen der Innenkammer 460 \u00d7 400 \u00d7 310 mm<\/li>\n<li>Gesamtabmessungen (B\u00d7T\u00d7H) 620 \u00d7 530 \u00d7 510 mm<\/li>\n<li>Gewicht 48 kg<\/li>\n<li>Stromaufnahme (230V \/ 120 V) 500 W (2,2 A) \/ &#8211;<\/li>\n<li>Nennbetriebsspannung<\/li>\n<\/ul>\n","protected":false},"excerpt":{"rendered":"<p>Orbitaler Sch\u00fcttler-Inkubator 50 bis 400 U\/min<\/p>\n","protected":false},"featured_media":29632,"template":"","meta":{"_crdt_document":""},"product_brand":[],"product_cat":[159,87],"product_tag":[],"class_list":{"0":"post-29629","1":"product","2":"type-product","3":"status-publish","4":"has-post-thumbnail","6":"product_cat-kultur","7":"product_cat-ruehren","9":"first","10":"instock","11":"taxable","12":"shipping-taxable","13":"product-type-simple"},"yoast_head":"<!-- This site is optimized with the Yoast SEO plugin v27.3 - https:\/\/yoast.com\/product\/yoast-seo-wordpress\/ -->\n<title>Orbitalsch\u00fcttler-Inkubator ES-20\/80 - Sysmatec<\/title>\n<meta name=\"description\" content=\"Orbitaler Sch\u00fcttelinkubator. Temperaturregelung bis 80\u00b0C. R\u00fchrgeschwindigkeit von 50 bis 400 U\/min.\" \/>\n<meta name=\"robots\" content=\"index, follow, max-snippet:-1, max-image-preview:large, max-video-preview:-1\" \/>\n<link rel=\"canonical\" href=\"https:\/\/sysmatec.ch\/de\/Produkt\/orbitalschuettler-inkubator-es-20-80\/\" \/>\n<meta property=\"og:locale\" content=\"de_DE\" \/>\n<meta property=\"og:type\" content=\"article\" \/>\n<meta property=\"og:title\" content=\"Orbitalsch\u00fcttler-Inkubator ES-20\/80 - Sysmatec\" \/>\n<meta property=\"og:description\" content=\"Orbitaler Sch\u00fcttelinkubator. Temperaturregelung bis 80\u00b0C. R\u00fchrgeschwindigkeit von 50 bis 400 U\/min.\" \/>\n<meta property=\"og:url\" content=\"https:\/\/sysmatec.ch\/de\/Produkt\/orbitalschuettler-inkubator-es-20-80\/\" \/>\n<meta property=\"og:site_name\" content=\"Sysmatec\" \/>\n<meta property=\"article:modified_time\" content=\"2024-06-06T15:41:07+00:00\" \/>\n<meta property=\"og:image\" content=\"https:\/\/sysmatec.ch\/wp-content\/uploads\/2024\/06\/InubateurAgite_ES20_80.jpg\" \/>\n\t<meta property=\"og:image:width\" content=\"608\" \/>\n\t<meta property=\"og:image:height\" content=\"480\" \/>\n\t<meta property=\"og:image:type\" content=\"image\/jpeg\" \/>\n<meta name=\"twitter:card\" content=\"summary_large_image\" \/>\n<meta name=\"twitter:label1\" content=\"Gesch\u00e4tzte Lesezeit\" \/>\n\t<meta name=\"twitter:data1\" content=\"2\u00a0Minuten\" \/>\n<script type=\"application\/ld+json\" class=\"yoast-schema-graph\">{\"@context\":\"https:\\\/\\\/schema.org\",\"@graph\":[{\"@type\":\"WebPage\",\"@id\":\"https:\\\/\\\/sysmatec.ch\\\/de\\\/Produkt\\\/orbitalschuettler-inkubator-es-20-80\\\/\",\"url\":\"https:\\\/\\\/sysmatec.ch\\\/de\\\/Produkt\\\/orbitalschuettler-inkubator-es-20-80\\\/\",\"name\":\"Orbitalsch\u00fcttler-Inkubator ES-20\\\/80 - Sysmatec\",\"isPartOf\":{\"@id\":\"https:\\\/\\\/sysmatec.ch\\\/de\\\/#website\"},\"primaryImageOfPage\":{\"@id\":\"https:\\\/\\\/sysmatec.ch\\\/de\\\/Produkt\\\/orbitalschuettler-inkubator-es-20-80\\\/#primaryimage\"},\"image\":{\"@id\":\"https:\\\/\\\/sysmatec.ch\\\/de\\\/Produkt\\\/orbitalschuettler-inkubator-es-20-80\\\/#primaryimage\"},\"thumbnailUrl\":\"https:\\\/\\\/sysmatec.ch\\\/wp-content\\\/uploads\\\/2024\\\/06\\\/InubateurAgite_ES20_80.jpg\",\"datePublished\":\"2024-06-06T15:19:19+00:00\",\"dateModified\":\"2024-06-06T15:41:07+00:00\",\"description\":\"Orbitaler Sch\u00fcttelinkubator. Temperaturregelung bis 80\u00b0C. R\u00fchrgeschwindigkeit von 50 bis 400 U\\\/min.\",\"breadcrumb\":{\"@id\":\"https:\\\/\\\/sysmatec.ch\\\/de\\\/Produkt\\\/orbitalschuettler-inkubator-es-20-80\\\/#breadcrumb\"},\"inLanguage\":\"de\",\"potentialAction\":[{\"@type\":\"ReadAction\",\"target\":[\"https:\\\/\\\/sysmatec.ch\\\/de\\\/Produkt\\\/orbitalschuettler-inkubator-es-20-80\\\/\"]}]},{\"@type\":\"ImageObject\",\"inLanguage\":\"de\",\"@id\":\"https:\\\/\\\/sysmatec.ch\\\/de\\\/Produkt\\\/orbitalschuettler-inkubator-es-20-80\\\/#primaryimage\",\"url\":\"https:\\\/\\\/sysmatec.ch\\\/wp-content\\\/uploads\\\/2024\\\/06\\\/InubateurAgite_ES20_80.jpg\",\"contentUrl\":\"https:\\\/\\\/sysmatec.ch\\\/wp-content\\\/uploads\\\/2024\\\/06\\\/InubateurAgite_ES20_80.jpg\",\"width\":608,\"height\":480},{\"@type\":\"BreadcrumbList\",\"@id\":\"https:\\\/\\\/sysmatec.ch\\\/de\\\/Produkt\\\/orbitalschuettler-inkubator-es-20-80\\\/#breadcrumb\",\"itemListElement\":[{\"@type\":\"ListItem\",\"position\":1,\"name\":\"Accueil\",\"item\":\"https:\\\/\\\/sysmatec.ch\\\/de\\\/\"},{\"@type\":\"ListItem\",\"position\":2,\"name\":\"Die Aktivit\u00e4t von Sysmatec\",\"item\":\"https:\\\/\\\/sysmatec.ch\\\/de\\\/\"},{\"@type\":\"ListItem\",\"position\":3,\"name\":\"Orbitalsch\u00fcttler-Inkubator ES-20\\\/80\"}]},{\"@type\":\"WebSite\",\"@id\":\"https:\\\/\\\/sysmatec.ch\\\/de\\\/#website\",\"url\":\"https:\\\/\\\/sysmatec.ch\\\/de\\\/\",\"name\":\"Sysmatec\",\"description\":\"Equipement de laboratoire et logiciels\",\"publisher\":{\"@id\":\"https:\\\/\\\/sysmatec.ch\\\/de\\\/#organization\"},\"potentialAction\":[{\"@type\":\"SearchAction\",\"target\":{\"@type\":\"EntryPoint\",\"urlTemplate\":\"https:\\\/\\\/sysmatec.ch\\\/de\\\/?s={search_term_string}\"},\"query-input\":{\"@type\":\"PropertyValueSpecification\",\"valueRequired\":true,\"valueName\":\"search_term_string\"}}],\"inLanguage\":\"de\"},{\"@type\":\"Organization\",\"@id\":\"https:\\\/\\\/sysmatec.ch\\\/de\\\/#organization\",\"name\":\"Sysmatec\",\"url\":\"https:\\\/\\\/sysmatec.ch\\\/de\\\/\",\"logo\":{\"@type\":\"ImageObject\",\"inLanguage\":\"de\",\"@id\":\"https:\\\/\\\/sysmatec.ch\\\/de\\\/#\\\/schema\\\/logo\\\/image\\\/\",\"url\":\"https:\\\/\\\/sysmatec.ch\\\/wp-content\\\/uploads\\\/2018\\\/11\\\/LogoSysmatec.jpg\",\"contentUrl\":\"https:\\\/\\\/sysmatec.ch\\\/wp-content\\\/uploads\\\/2018\\\/11\\\/LogoSysmatec.jpg\",\"width\":301,\"height\":297,\"caption\":\"Sysmatec\"},\"image\":{\"@id\":\"https:\\\/\\\/sysmatec.ch\\\/de\\\/#\\\/schema\\\/logo\\\/image\\\/\"}}]}<\/script>\n<!-- \/ Yoast SEO plugin. -->","yoast_head_json":{"title":"Orbitalsch\u00fcttler-Inkubator ES-20\/80 - Sysmatec","description":"Orbitaler Sch\u00fcttelinkubator. Temperaturregelung bis 80\u00b0C. R\u00fchrgeschwindigkeit von 50 bis 400 U\/min.","robots":{"index":"index","follow":"follow","max-snippet":"max-snippet:-1","max-image-preview":"max-image-preview:large","max-video-preview":"max-video-preview:-1"},"canonical":"https:\/\/sysmatec.ch\/de\/Produkt\/orbitalschuettler-inkubator-es-20-80\/","og_locale":"de_DE","og_type":"article","og_title":"Orbitalsch\u00fcttler-Inkubator ES-20\/80 - Sysmatec","og_description":"Orbitaler Sch\u00fcttelinkubator. Temperaturregelung bis 80\u00b0C. R\u00fchrgeschwindigkeit von 50 bis 400 U\/min.","og_url":"https:\/\/sysmatec.ch\/de\/Produkt\/orbitalschuettler-inkubator-es-20-80\/","og_site_name":"Sysmatec","article_modified_time":"2024-06-06T15:41:07+00:00","og_image":[{"width":608,"height":480,"url":"https:\/\/sysmatec.ch\/wp-content\/uploads\/2024\/06\/InubateurAgite_ES20_80.jpg","type":"image\/jpeg"}],"twitter_card":"summary_large_image","twitter_misc":{"Gesch\u00e4tzte Lesezeit":"2\u00a0Minuten"},"schema":{"@context":"https:\/\/schema.org","@graph":[{"@type":"WebPage","@id":"https:\/\/sysmatec.ch\/de\/Produkt\/orbitalschuettler-inkubator-es-20-80\/","url":"https:\/\/sysmatec.ch\/de\/Produkt\/orbitalschuettler-inkubator-es-20-80\/","name":"Orbitalsch\u00fcttler-Inkubator ES-20\/80 - Sysmatec","isPartOf":{"@id":"https:\/\/sysmatec.ch\/de\/#website"},"primaryImageOfPage":{"@id":"https:\/\/sysmatec.ch\/de\/Produkt\/orbitalschuettler-inkubator-es-20-80\/#primaryimage"},"image":{"@id":"https:\/\/sysmatec.ch\/de\/Produkt\/orbitalschuettler-inkubator-es-20-80\/#primaryimage"},"thumbnailUrl":"https:\/\/sysmatec.ch\/wp-content\/uploads\/2024\/06\/InubateurAgite_ES20_80.jpg","datePublished":"2024-06-06T15:19:19+00:00","dateModified":"2024-06-06T15:41:07+00:00","description":"Orbitaler Sch\u00fcttelinkubator. Temperaturregelung bis 80\u00b0C. R\u00fchrgeschwindigkeit von 50 bis 400 U\/min.","breadcrumb":{"@id":"https:\/\/sysmatec.ch\/de\/Produkt\/orbitalschuettler-inkubator-es-20-80\/#breadcrumb"},"inLanguage":"de","potentialAction":[{"@type":"ReadAction","target":["https:\/\/sysmatec.ch\/de\/Produkt\/orbitalschuettler-inkubator-es-20-80\/"]}]},{"@type":"ImageObject","inLanguage":"de","@id":"https:\/\/sysmatec.ch\/de\/Produkt\/orbitalschuettler-inkubator-es-20-80\/#primaryimage","url":"https:\/\/sysmatec.ch\/wp-content\/uploads\/2024\/06\/InubateurAgite_ES20_80.jpg","contentUrl":"https:\/\/sysmatec.ch\/wp-content\/uploads\/2024\/06\/InubateurAgite_ES20_80.jpg","width":608,"height":480},{"@type":"BreadcrumbList","@id":"https:\/\/sysmatec.ch\/de\/Produkt\/orbitalschuettler-inkubator-es-20-80\/#breadcrumb","itemListElement":[{"@type":"ListItem","position":1,"name":"Accueil","item":"https:\/\/sysmatec.ch\/de\/"},{"@type":"ListItem","position":2,"name":"Die Aktivit\u00e4t von Sysmatec","item":"https:\/\/sysmatec.ch\/de\/"},{"@type":"ListItem","position":3,"name":"Orbitalsch\u00fcttler-Inkubator ES-20\/80"}]},{"@type":"WebSite","@id":"https:\/\/sysmatec.ch\/de\/#website","url":"https:\/\/sysmatec.ch\/de\/","name":"Sysmatec","description":"Equipement de laboratoire et logiciels","publisher":{"@id":"https:\/\/sysmatec.ch\/de\/#organization"},"potentialAction":[{"@type":"SearchAction","target":{"@type":"EntryPoint","urlTemplate":"https:\/\/sysmatec.ch\/de\/?s={search_term_string}"},"query-input":{"@type":"PropertyValueSpecification","valueRequired":true,"valueName":"search_term_string"}}],"inLanguage":"de"},{"@type":"Organization","@id":"https:\/\/sysmatec.ch\/de\/#organization","name":"Sysmatec","url":"https:\/\/sysmatec.ch\/de\/","logo":{"@type":"ImageObject","inLanguage":"de","@id":"https:\/\/sysmatec.ch\/de\/#\/schema\/logo\/image\/","url":"https:\/\/sysmatec.ch\/wp-content\/uploads\/2018\/11\/LogoSysmatec.jpg","contentUrl":"https:\/\/sysmatec.ch\/wp-content\/uploads\/2018\/11\/LogoSysmatec.jpg","width":301,"height":297,"caption":"Sysmatec"},"image":{"@id":"https:\/\/sysmatec.ch\/de\/#\/schema\/logo\/image\/"}}]}},"_links":{"self":[{"href":"https:\/\/sysmatec.ch\/de\/wp-json\/wp\/v2\/product\/29629","targetHints":{"allow":["GET"]}}],"collection":[{"href":"https:\/\/sysmatec.ch\/de\/wp-json\/wp\/v2\/product"}],"about":[{"href":"https:\/\/sysmatec.ch\/de\/wp-json\/wp\/v2\/types\/product"}],"wp:featuredmedia":[{"embeddable":true,"href":"https:\/\/sysmatec.ch\/de\/wp-json\/wp\/v2\/media\/29632"}],"wp:attachment":[{"href":"https:\/\/sysmatec.ch\/de\/wp-json\/wp\/v2\/media?parent=29629"}],"wp:term":[{"taxonomy":"product_brand","embeddable":true,"href":"https:\/\/sysmatec.ch\/de\/wp-json\/wp\/v2\/product_brand?post=29629"},{"taxonomy":"product_cat","embeddable":true,"href":"https:\/\/sysmatec.ch\/de\/wp-json\/wp\/v2\/product_cat?post=29629"},{"taxonomy":"product_tag","embeddable":true,"href":"https:\/\/sysmatec.ch\/de\/wp-json\/wp\/v2\/product_tag?post=29629"}],"curies":[{"name":"wp","href":"https:\/\/api.w.org\/{rel}","templated":true}]}}