{"id":29597,"date":"2024-05-30T11:19:10","date_gmt":"2024-05-30T09:19:10","guid":{"rendered":"https:\/\/sysmatec.ch\/?post_type=product&#038;p=29597"},"modified":"2024-05-30T11:42:58","modified_gmt":"2024-05-30T09:42:58","slug":"handschuhbox-el202-basic","status":"publish","type":"product","link":"https:\/\/sysmatec.ch\/de\/Produkt\/handschuhbox-el202-basic\/","title":{"rendered":"Handschuhbox EL202 Basic"},"content":{"rendered":"<p>Diese Handschuhbox ist f\u00fcr den Betrieb bei \u00dcberdruck ausgelegt (f\u00fcr den Betrieb bei Unterdruck ist ein Saugsatz erforderlich).<\/p>\n<h2>Beschreibung<\/h2>\n<ul>\n<li>Monolithische Struktur aus PMMA (Acryl) mit geneigter Vorderwand<\/li>\n<li>Vorderwand mit 2 Flanschen<\/li>\n<li>2 Handschuhe aus Naturlatex, Dicke 0,5 mm, mit langem \u00c4rmel, Gr\u00f6\u00dfe 9, mit Sicherheitsring<\/li>\n<li>Vorderwand kann nach oben ge\u00f6ffnet werden, \u00d6ffnungsgr\u00f6\u00dfe 700 x 550 mm (B x H)<\/li>\n<li>Rechte Seitenwand mit installierter Luftschleuse aus Aluminium-Anticorodal-Legierung, ausgestattet mit zwei T\u00fcren (innerhalb und au\u00dferhalb der Box), Durchmesser 186 mm, L\u00e4nge 240 mm<\/li>\n<li>Ausgangsfilter<\/li>\n<li>Druckmesser zur direkten Kontrolle des Drucks in der Arbeitskammer.<\/li>\n<li>Druckmesser zur direkten Kontrolle des Drucks in der Luftschleuse.<\/li>\n<li>\u00dcberdruck-Sicherheitsventil mit Absolutfilter.<\/li>\n<li>2 Fl\u00fcssigkeitsdurchg\u00e4nge an der Arbeitskammer mit Kugelhahn und Anschluss f\u00fcr Gummischlauch.<\/li>\n<li>2 Fl\u00fcssigkeitsdurchg\u00e4nge in der Luftschleuse.<\/li>\n<li>1 Kabeldurchgang mit vier Positionen.<\/li>\n<li>Abmessungen der Arbeitsfl\u00e4che (BxTxH): ca. 900x650x750 mm<\/li>\n<li>Gesamtabmessungen (BxTxH): ca. 1250x650x950 mm<\/li>\n<li>Gewicht: ca. 45 kg<\/li>\n<\/ul>\n<p>&nbsp;<\/p>\n","protected":false},"excerpt":{"rendered":"<p>PMMA-Handschuhbox, die bei Unter- oder \u00dcberdruck eingesetzt werden kann.<\/p>\n","protected":false},"featured_media":29601,"template":"","meta":{"_crdt_document":""},"product_brand":[],"product_cat":[141],"product_tag":[],"class_list":{"0":"post-29597","1":"product","2":"type-product","3":"status-publish","4":"has-post-thumbnail","6":"product_cat-handschuhebox","8":"first","9":"instock","10":"taxable","11":"shipping-taxable","12":"product-type-simple"},"yoast_head":"<!-- This site is optimized with the Yoast SEO plugin v27.3 - https:\/\/yoast.com\/product\/yoast-seo-wordpress\/ -->\n<title>Handschuhbox EL202 Basic - Sysmatec<\/title>\n<meta name=\"description\" content=\"PMMA-Handschuhbox, die bei Unter- oder \u00dcberdruck eingesetzt werden kann.\" \/>\n<meta name=\"robots\" content=\"index, follow, max-snippet:-1, max-image-preview:large, max-video-preview:-1\" \/>\n<link rel=\"canonical\" href=\"https:\/\/sysmatec.ch\/de\/Produkt\/handschuhbox-el202-basic\/\" \/>\n<meta property=\"og:locale\" content=\"de_DE\" \/>\n<meta property=\"og:type\" content=\"article\" \/>\n<meta property=\"og:title\" content=\"Handschuhbox EL202 Basic - Sysmatec\" \/>\n<meta property=\"og:description\" content=\"PMMA-Handschuhbox, die bei Unter- oder \u00dcberdruck eingesetzt werden kann.\" \/>\n<meta property=\"og:url\" content=\"https:\/\/sysmatec.ch\/de\/Produkt\/handschuhbox-el202-basic\/\" \/>\n<meta property=\"og:site_name\" content=\"Sysmatec\" \/>\n<meta property=\"article:modified_time\" content=\"2024-05-30T09:42:58+00:00\" \/>\n<meta property=\"og:image\" content=\"https:\/\/sysmatec.ch\/wp-content\/uploads\/2024\/05\/BoiteaGants_EL202Iteco.jpg\" \/>\n\t<meta property=\"og:image:width\" content=\"468\" \/>\n\t<meta property=\"og:image:height\" content=\"391\" \/>\n\t<meta property=\"og:image:type\" content=\"image\/jpeg\" \/>\n<meta name=\"twitter:card\" content=\"summary_large_image\" \/>\n<meta name=\"twitter:label1\" content=\"Gesch\u00e4tzte Lesezeit\" \/>\n\t<meta name=\"twitter:data1\" content=\"1\u00a0Minute\" \/>\n<script type=\"application\/ld+json\" class=\"yoast-schema-graph\">{\"@context\":\"https:\\\/\\\/schema.org\",\"@graph\":[{\"@type\":\"WebPage\",\"@id\":\"https:\\\/\\\/sysmatec.ch\\\/de\\\/Produkt\\\/handschuhbox-el202-basic\\\/\",\"url\":\"https:\\\/\\\/sysmatec.ch\\\/de\\\/Produkt\\\/handschuhbox-el202-basic\\\/\",\"name\":\"Handschuhbox EL202 Basic - Sysmatec\",\"isPartOf\":{\"@id\":\"https:\\\/\\\/sysmatec.ch\\\/de\\\/#website\"},\"primaryImageOfPage\":{\"@id\":\"https:\\\/\\\/sysmatec.ch\\\/de\\\/Produkt\\\/handschuhbox-el202-basic\\\/#primaryimage\"},\"image\":{\"@id\":\"https:\\\/\\\/sysmatec.ch\\\/de\\\/Produkt\\\/handschuhbox-el202-basic\\\/#primaryimage\"},\"thumbnailUrl\":\"https:\\\/\\\/sysmatec.ch\\\/wp-content\\\/uploads\\\/2024\\\/05\\\/BoiteaGants_EL202Iteco.jpg\",\"datePublished\":\"2024-05-30T09:19:10+00:00\",\"dateModified\":\"2024-05-30T09:42:58+00:00\",\"description\":\"PMMA-Handschuhbox, die bei Unter- oder \u00dcberdruck eingesetzt werden kann.\",\"breadcrumb\":{\"@id\":\"https:\\\/\\\/sysmatec.ch\\\/de\\\/Produkt\\\/handschuhbox-el202-basic\\\/#breadcrumb\"},\"inLanguage\":\"de\",\"potentialAction\":[{\"@type\":\"ReadAction\",\"target\":[\"https:\\\/\\\/sysmatec.ch\\\/de\\\/Produkt\\\/handschuhbox-el202-basic\\\/\"]}]},{\"@type\":\"ImageObject\",\"inLanguage\":\"de\",\"@id\":\"https:\\\/\\\/sysmatec.ch\\\/de\\\/Produkt\\\/handschuhbox-el202-basic\\\/#primaryimage\",\"url\":\"https:\\\/\\\/sysmatec.ch\\\/wp-content\\\/uploads\\\/2024\\\/05\\\/BoiteaGants_EL202Iteco.jpg\",\"contentUrl\":\"https:\\\/\\\/sysmatec.ch\\\/wp-content\\\/uploads\\\/2024\\\/05\\\/BoiteaGants_EL202Iteco.jpg\",\"width\":468,\"height\":391},{\"@type\":\"BreadcrumbList\",\"@id\":\"https:\\\/\\\/sysmatec.ch\\\/de\\\/Produkt\\\/handschuhbox-el202-basic\\\/#breadcrumb\",\"itemListElement\":[{\"@type\":\"ListItem\",\"position\":1,\"name\":\"Accueil\",\"item\":\"https:\\\/\\\/sysmatec.ch\\\/de\\\/\"},{\"@type\":\"ListItem\",\"position\":2,\"name\":\"Die Aktivit\u00e4t von Sysmatec\",\"item\":\"https:\\\/\\\/sysmatec.ch\\\/de\\\/\"},{\"@type\":\"ListItem\",\"position\":3,\"name\":\"Handschuhbox EL202 Basic\"}]},{\"@type\":\"WebSite\",\"@id\":\"https:\\\/\\\/sysmatec.ch\\\/de\\\/#website\",\"url\":\"https:\\\/\\\/sysmatec.ch\\\/de\\\/\",\"name\":\"Sysmatec\",\"description\":\"Equipement de laboratoire et logiciels\",\"publisher\":{\"@id\":\"https:\\\/\\\/sysmatec.ch\\\/de\\\/#organization\"},\"potentialAction\":[{\"@type\":\"SearchAction\",\"target\":{\"@type\":\"EntryPoint\",\"urlTemplate\":\"https:\\\/\\\/sysmatec.ch\\\/de\\\/?s={search_term_string}\"},\"query-input\":{\"@type\":\"PropertyValueSpecification\",\"valueRequired\":true,\"valueName\":\"search_term_string\"}}],\"inLanguage\":\"de\"},{\"@type\":\"Organization\",\"@id\":\"https:\\\/\\\/sysmatec.ch\\\/de\\\/#organization\",\"name\":\"Sysmatec\",\"url\":\"https:\\\/\\\/sysmatec.ch\\\/de\\\/\",\"logo\":{\"@type\":\"ImageObject\",\"inLanguage\":\"de\",\"@id\":\"https:\\\/\\\/sysmatec.ch\\\/de\\\/#\\\/schema\\\/logo\\\/image\\\/\",\"url\":\"https:\\\/\\\/sysmatec.ch\\\/wp-content\\\/uploads\\\/2018\\\/11\\\/LogoSysmatec.jpg\",\"contentUrl\":\"https:\\\/\\\/sysmatec.ch\\\/wp-content\\\/uploads\\\/2018\\\/11\\\/LogoSysmatec.jpg\",\"width\":301,\"height\":297,\"caption\":\"Sysmatec\"},\"image\":{\"@id\":\"https:\\\/\\\/sysmatec.ch\\\/de\\\/#\\\/schema\\\/logo\\\/image\\\/\"}}]}<\/script>\n<!-- \/ Yoast SEO plugin. -->","yoast_head_json":{"title":"Handschuhbox EL202 Basic - Sysmatec","description":"PMMA-Handschuhbox, die bei Unter- oder \u00dcberdruck eingesetzt werden kann.","robots":{"index":"index","follow":"follow","max-snippet":"max-snippet:-1","max-image-preview":"max-image-preview:large","max-video-preview":"max-video-preview:-1"},"canonical":"https:\/\/sysmatec.ch\/de\/Produkt\/handschuhbox-el202-basic\/","og_locale":"de_DE","og_type":"article","og_title":"Handschuhbox EL202 Basic - Sysmatec","og_description":"PMMA-Handschuhbox, die bei Unter- oder \u00dcberdruck eingesetzt werden kann.","og_url":"https:\/\/sysmatec.ch\/de\/Produkt\/handschuhbox-el202-basic\/","og_site_name":"Sysmatec","article_modified_time":"2024-05-30T09:42:58+00:00","og_image":[{"width":468,"height":391,"url":"https:\/\/sysmatec.ch\/wp-content\/uploads\/2024\/05\/BoiteaGants_EL202Iteco.jpg","type":"image\/jpeg"}],"twitter_card":"summary_large_image","twitter_misc":{"Gesch\u00e4tzte Lesezeit":"1\u00a0Minute"},"schema":{"@context":"https:\/\/schema.org","@graph":[{"@type":"WebPage","@id":"https:\/\/sysmatec.ch\/de\/Produkt\/handschuhbox-el202-basic\/","url":"https:\/\/sysmatec.ch\/de\/Produkt\/handschuhbox-el202-basic\/","name":"Handschuhbox EL202 Basic - Sysmatec","isPartOf":{"@id":"https:\/\/sysmatec.ch\/de\/#website"},"primaryImageOfPage":{"@id":"https:\/\/sysmatec.ch\/de\/Produkt\/handschuhbox-el202-basic\/#primaryimage"},"image":{"@id":"https:\/\/sysmatec.ch\/de\/Produkt\/handschuhbox-el202-basic\/#primaryimage"},"thumbnailUrl":"https:\/\/sysmatec.ch\/wp-content\/uploads\/2024\/05\/BoiteaGants_EL202Iteco.jpg","datePublished":"2024-05-30T09:19:10+00:00","dateModified":"2024-05-30T09:42:58+00:00","description":"PMMA-Handschuhbox, die bei Unter- oder \u00dcberdruck eingesetzt werden kann.","breadcrumb":{"@id":"https:\/\/sysmatec.ch\/de\/Produkt\/handschuhbox-el202-basic\/#breadcrumb"},"inLanguage":"de","potentialAction":[{"@type":"ReadAction","target":["https:\/\/sysmatec.ch\/de\/Produkt\/handschuhbox-el202-basic\/"]}]},{"@type":"ImageObject","inLanguage":"de","@id":"https:\/\/sysmatec.ch\/de\/Produkt\/handschuhbox-el202-basic\/#primaryimage","url":"https:\/\/sysmatec.ch\/wp-content\/uploads\/2024\/05\/BoiteaGants_EL202Iteco.jpg","contentUrl":"https:\/\/sysmatec.ch\/wp-content\/uploads\/2024\/05\/BoiteaGants_EL202Iteco.jpg","width":468,"height":391},{"@type":"BreadcrumbList","@id":"https:\/\/sysmatec.ch\/de\/Produkt\/handschuhbox-el202-basic\/#breadcrumb","itemListElement":[{"@type":"ListItem","position":1,"name":"Accueil","item":"https:\/\/sysmatec.ch\/de\/"},{"@type":"ListItem","position":2,"name":"Die Aktivit\u00e4t von Sysmatec","item":"https:\/\/sysmatec.ch\/de\/"},{"@type":"ListItem","position":3,"name":"Handschuhbox EL202 Basic"}]},{"@type":"WebSite","@id":"https:\/\/sysmatec.ch\/de\/#website","url":"https:\/\/sysmatec.ch\/de\/","name":"Sysmatec","description":"Equipement de laboratoire et logiciels","publisher":{"@id":"https:\/\/sysmatec.ch\/de\/#organization"},"potentialAction":[{"@type":"SearchAction","target":{"@type":"EntryPoint","urlTemplate":"https:\/\/sysmatec.ch\/de\/?s={search_term_string}"},"query-input":{"@type":"PropertyValueSpecification","valueRequired":true,"valueName":"search_term_string"}}],"inLanguage":"de"},{"@type":"Organization","@id":"https:\/\/sysmatec.ch\/de\/#organization","name":"Sysmatec","url":"https:\/\/sysmatec.ch\/de\/","logo":{"@type":"ImageObject","inLanguage":"de","@id":"https:\/\/sysmatec.ch\/de\/#\/schema\/logo\/image\/","url":"https:\/\/sysmatec.ch\/wp-content\/uploads\/2018\/11\/LogoSysmatec.jpg","contentUrl":"https:\/\/sysmatec.ch\/wp-content\/uploads\/2018\/11\/LogoSysmatec.jpg","width":301,"height":297,"caption":"Sysmatec"},"image":{"@id":"https:\/\/sysmatec.ch\/de\/#\/schema\/logo\/image\/"}}]}},"_links":{"self":[{"href":"https:\/\/sysmatec.ch\/de\/wp-json\/wp\/v2\/product\/29597","targetHints":{"allow":["GET"]}}],"collection":[{"href":"https:\/\/sysmatec.ch\/de\/wp-json\/wp\/v2\/product"}],"about":[{"href":"https:\/\/sysmatec.ch\/de\/wp-json\/wp\/v2\/types\/product"}],"wp:featuredmedia":[{"embeddable":true,"href":"https:\/\/sysmatec.ch\/de\/wp-json\/wp\/v2\/media\/29601"}],"wp:attachment":[{"href":"https:\/\/sysmatec.ch\/de\/wp-json\/wp\/v2\/media?parent=29597"}],"wp:term":[{"taxonomy":"product_brand","embeddable":true,"href":"https:\/\/sysmatec.ch\/de\/wp-json\/wp\/v2\/product_brand?post=29597"},{"taxonomy":"product_cat","embeddable":true,"href":"https:\/\/sysmatec.ch\/de\/wp-json\/wp\/v2\/product_cat?post=29597"},{"taxonomy":"product_tag","embeddable":true,"href":"https:\/\/sysmatec.ch\/de\/wp-json\/wp\/v2\/product_tag?post=29597"}],"curies":[{"name":"wp","href":"https:\/\/api.w.org\/{rel}","templated":true}]}}