{"id":29591,"date":"2024-05-30T10:07:44","date_gmt":"2024-05-30T08:07:44","guid":{"rendered":"https:\/\/sysmatec.ch\/?post_type=product&#038;p=29591"},"modified":"2024-05-30T10:28:49","modified_gmt":"2024-05-30T08:28:49","slug":"milchverfaelschungstestkit-kuhmilch-in-schaf-ziegenmilch","status":"publish","type":"product","link":"https:\/\/sysmatec.ch\/de\/Produkt\/milchverfaelschungstestkit-kuhmilch-in-schaf-ziegenmilch\/","title":{"rendered":"Milchverf\u00e4lschungstestkit &#8211; Kuhmilch in Schaf-\/Ziegenmilch"},"content":{"rendered":"<p>Ziegen-\/Schafsmilch gilt als eine weitere Proteinquelle f\u00fcr den menschlichen Verzehr, da sie als sehr nahrhaft und wenig allergieausl\u00f6send gilt. In einigen L\u00e4ndern f\u00fcgen Hersteller der Ziegen-\/Schafsmilch Kuhmilch hinzu, um die Produktion und den Gewinn zu steigern.<\/p>\n<p>Dieser Teststreifen verwendet den spezifischen Antik\u00f6rper von Rinderkasein, der sich nur spezifisch an das Kasein in Milch oder Milchpulver binden kann, aber nicht mit dem Kasein in Schafsmilch oder Milchpulver reagiert, um durch kompetitive Methoden festzustellen, ob Schafsmilch oder Milchpulver mit Milch oder Milchpulver vermischt ist. Diese Methode zeichnet sich durch gute Spezifit\u00e4t, hohe Empfindlichkeit, starke Stabilit\u00e4t und starke Entst\u00f6rungsf\u00e4higkeit aus.<\/p>\n<p>Nachweisgrenze (LOD): 0,2 %\u20130,3 %<\/p>\n<h2>Kitkomponenten<\/h2>\n<p>Teststreifen, 96 St\u00fcck in 12 Plastikflaschen, 8 St\u00fcck\/Flasche. Leseger\u00e4t (optional)<\/p>\n<h2>Probenvorbereitung (Beispiel)<\/h2>\n<p>1 g (auf 0,01 g genau) Ziegenmilchpulver abwiegen, in das Zentrifugenr\u00f6hrchen gie\u00dfen und 8 ml gereinigtes Wasser hinzuf\u00fcgen, um es zu mischen und als Probe f\u00fcr den Test zu verwenden.<br \/>\nFrische Ziegenmilch: Direkt als zu testende Probe verwenden<br \/>\nHinweis: Die zu testende Probe muss eine homogene Fl\u00fcssigkeit sein, ohne Agglomeration, Versauerung und Niederschlag.<\/p>\n","protected":false},"excerpt":{"rendered":"<p>Nachweis von Kuhmilch in Ziegen- oder Schafsmilch<\/p>\n","protected":false},"featured_media":5004,"template":"","meta":{"_crdt_document":""},"product_brand":[],"product_cat":[188,377],"product_tag":[],"class_list":{"0":"post-29591","1":"product","2":"type-product","3":"status-publish","4":"has-post-thumbnail","6":"product_cat-analyse-de","7":"product_cat-milch","9":"first","10":"instock","11":"taxable","12":"shipping-taxable","13":"product-type-simple"},"yoast_head":"<!-- This site is optimized with the Yoast SEO plugin v27.3 - https:\/\/yoast.com\/product\/yoast-seo-wordpress\/ -->\n<title>Milchverf\u00e4lschungstestkit - Kuhmilch in Schaf-\/Ziegenmilch - Sysmatec<\/title>\n<meta name=\"description\" content=\"Einfach durchzuf\u00fchrender Test zum Nachweis von Milchverf\u00e4lschungen, wie z. B. der Beimischung von Kuhmilch zu Ziegen- oder Schafsmilch, mittels Teststreifen.\" \/>\n<meta name=\"robots\" content=\"index, follow, max-snippet:-1, max-image-preview:large, max-video-preview:-1\" \/>\n<link rel=\"canonical\" href=\"https:\/\/sysmatec.ch\/de\/Produkt\/milchverfaelschungstestkit-kuhmilch-in-schaf-ziegenmilch\/\" \/>\n<meta property=\"og:locale\" content=\"de_DE\" \/>\n<meta property=\"og:type\" content=\"article\" \/>\n<meta property=\"og:title\" content=\"Milchverf\u00e4lschungstestkit - Kuhmilch in Schaf-\/Ziegenmilch - Sysmatec\" \/>\n<meta property=\"og:description\" content=\"Einfach durchzuf\u00fchrender Test zum Nachweis von Milchverf\u00e4lschungen, wie z. B. der Beimischung von Kuhmilch zu Ziegen- oder Schafsmilch, mittels Teststreifen.\" \/>\n<meta property=\"og:url\" content=\"https:\/\/sysmatec.ch\/de\/Produkt\/milchverfaelschungstestkit-kuhmilch-in-schaf-ziegenmilch\/\" \/>\n<meta property=\"og:site_name\" content=\"Sysmatec\" \/>\n<meta property=\"article:modified_time\" content=\"2024-05-30T08:28:49+00:00\" \/>\n<meta property=\"og:image\" content=\"https:\/\/sysmatec.ch\/wp-content\/uploads\/2019\/04\/Analyse_ZEUBovCap1.jpg\" \/>\n\t<meta property=\"og:image:width\" content=\"186\" \/>\n\t<meta property=\"og:image:height\" content=\"258\" \/>\n\t<meta property=\"og:image:type\" content=\"image\/jpeg\" \/>\n<meta name=\"twitter:card\" content=\"summary_large_image\" \/>\n<meta name=\"twitter:label1\" content=\"Gesch\u00e4tzte Lesezeit\" \/>\n\t<meta name=\"twitter:data1\" content=\"2\u00a0Minuten\" \/>\n<script type=\"application\/ld+json\" class=\"yoast-schema-graph\">{\"@context\":\"https:\\\/\\\/schema.org\",\"@graph\":[{\"@type\":\"WebPage\",\"@id\":\"https:\\\/\\\/sysmatec.ch\\\/de\\\/Produkt\\\/milchverfaelschungstestkit-kuhmilch-in-schaf-ziegenmilch\\\/\",\"url\":\"https:\\\/\\\/sysmatec.ch\\\/de\\\/Produkt\\\/milchverfaelschungstestkit-kuhmilch-in-schaf-ziegenmilch\\\/\",\"name\":\"Milchverf\u00e4lschungstestkit - Kuhmilch in Schaf-\\\/Ziegenmilch - Sysmatec\",\"isPartOf\":{\"@id\":\"https:\\\/\\\/sysmatec.ch\\\/de\\\/#website\"},\"primaryImageOfPage\":{\"@id\":\"https:\\\/\\\/sysmatec.ch\\\/de\\\/Produkt\\\/milchverfaelschungstestkit-kuhmilch-in-schaf-ziegenmilch\\\/#primaryimage\"},\"image\":{\"@id\":\"https:\\\/\\\/sysmatec.ch\\\/de\\\/Produkt\\\/milchverfaelschungstestkit-kuhmilch-in-schaf-ziegenmilch\\\/#primaryimage\"},\"thumbnailUrl\":\"https:\\\/\\\/sysmatec.ch\\\/wp-content\\\/uploads\\\/2019\\\/04\\\/Analyse_ZEUBovCap1.jpg\",\"datePublished\":\"2024-05-30T08:07:44+00:00\",\"dateModified\":\"2024-05-30T08:28:49+00:00\",\"description\":\"Einfach durchzuf\u00fchrender Test zum Nachweis von Milchverf\u00e4lschungen, wie z. B. der Beimischung von Kuhmilch zu Ziegen- oder Schafsmilch, mittels Teststreifen.\",\"breadcrumb\":{\"@id\":\"https:\\\/\\\/sysmatec.ch\\\/de\\\/Produkt\\\/milchverfaelschungstestkit-kuhmilch-in-schaf-ziegenmilch\\\/#breadcrumb\"},\"inLanguage\":\"de\",\"potentialAction\":[{\"@type\":\"ReadAction\",\"target\":[\"https:\\\/\\\/sysmatec.ch\\\/de\\\/Produkt\\\/milchverfaelschungstestkit-kuhmilch-in-schaf-ziegenmilch\\\/\"]}]},{\"@type\":\"ImageObject\",\"inLanguage\":\"de\",\"@id\":\"https:\\\/\\\/sysmatec.ch\\\/de\\\/Produkt\\\/milchverfaelschungstestkit-kuhmilch-in-schaf-ziegenmilch\\\/#primaryimage\",\"url\":\"https:\\\/\\\/sysmatec.ch\\\/wp-content\\\/uploads\\\/2019\\\/04\\\/Analyse_ZEUBovCap1.jpg\",\"contentUrl\":\"https:\\\/\\\/sysmatec.ch\\\/wp-content\\\/uploads\\\/2019\\\/04\\\/Analyse_ZEUBovCap1.jpg\",\"width\":186,\"height\":258},{\"@type\":\"BreadcrumbList\",\"@id\":\"https:\\\/\\\/sysmatec.ch\\\/de\\\/Produkt\\\/milchverfaelschungstestkit-kuhmilch-in-schaf-ziegenmilch\\\/#breadcrumb\",\"itemListElement\":[{\"@type\":\"ListItem\",\"position\":1,\"name\":\"Accueil\",\"item\":\"https:\\\/\\\/sysmatec.ch\\\/de\\\/\"},{\"@type\":\"ListItem\",\"position\":2,\"name\":\"Die Aktivit\u00e4t von Sysmatec\",\"item\":\"https:\\\/\\\/sysmatec.ch\\\/de\\\/\"},{\"@type\":\"ListItem\",\"position\":3,\"name\":\"Milchverf\u00e4lschungstestkit &#8211; Kuhmilch in Schaf-\\\/Ziegenmilch\"}]},{\"@type\":\"WebSite\",\"@id\":\"https:\\\/\\\/sysmatec.ch\\\/de\\\/#website\",\"url\":\"https:\\\/\\\/sysmatec.ch\\\/de\\\/\",\"name\":\"Sysmatec\",\"description\":\"Equipement de laboratoire et logiciels\",\"publisher\":{\"@id\":\"https:\\\/\\\/sysmatec.ch\\\/de\\\/#organization\"},\"potentialAction\":[{\"@type\":\"SearchAction\",\"target\":{\"@type\":\"EntryPoint\",\"urlTemplate\":\"https:\\\/\\\/sysmatec.ch\\\/de\\\/?s={search_term_string}\"},\"query-input\":{\"@type\":\"PropertyValueSpecification\",\"valueRequired\":true,\"valueName\":\"search_term_string\"}}],\"inLanguage\":\"de\"},{\"@type\":\"Organization\",\"@id\":\"https:\\\/\\\/sysmatec.ch\\\/de\\\/#organization\",\"name\":\"Sysmatec\",\"url\":\"https:\\\/\\\/sysmatec.ch\\\/de\\\/\",\"logo\":{\"@type\":\"ImageObject\",\"inLanguage\":\"de\",\"@id\":\"https:\\\/\\\/sysmatec.ch\\\/de\\\/#\\\/schema\\\/logo\\\/image\\\/\",\"url\":\"https:\\\/\\\/sysmatec.ch\\\/wp-content\\\/uploads\\\/2018\\\/11\\\/LogoSysmatec.jpg\",\"contentUrl\":\"https:\\\/\\\/sysmatec.ch\\\/wp-content\\\/uploads\\\/2018\\\/11\\\/LogoSysmatec.jpg\",\"width\":301,\"height\":297,\"caption\":\"Sysmatec\"},\"image\":{\"@id\":\"https:\\\/\\\/sysmatec.ch\\\/de\\\/#\\\/schema\\\/logo\\\/image\\\/\"}}]}<\/script>\n<!-- \/ Yoast SEO plugin. -->","yoast_head_json":{"title":"Milchverf\u00e4lschungstestkit - Kuhmilch in Schaf-\/Ziegenmilch - Sysmatec","description":"Einfach durchzuf\u00fchrender Test zum Nachweis von Milchverf\u00e4lschungen, wie z. B. der Beimischung von Kuhmilch zu Ziegen- oder Schafsmilch, mittels Teststreifen.","robots":{"index":"index","follow":"follow","max-snippet":"max-snippet:-1","max-image-preview":"max-image-preview:large","max-video-preview":"max-video-preview:-1"},"canonical":"https:\/\/sysmatec.ch\/de\/Produkt\/milchverfaelschungstestkit-kuhmilch-in-schaf-ziegenmilch\/","og_locale":"de_DE","og_type":"article","og_title":"Milchverf\u00e4lschungstestkit - Kuhmilch in Schaf-\/Ziegenmilch - Sysmatec","og_description":"Einfach durchzuf\u00fchrender Test zum Nachweis von Milchverf\u00e4lschungen, wie z. B. der Beimischung von Kuhmilch zu Ziegen- oder Schafsmilch, mittels Teststreifen.","og_url":"https:\/\/sysmatec.ch\/de\/Produkt\/milchverfaelschungstestkit-kuhmilch-in-schaf-ziegenmilch\/","og_site_name":"Sysmatec","article_modified_time":"2024-05-30T08:28:49+00:00","og_image":[{"width":186,"height":258,"url":"https:\/\/sysmatec.ch\/wp-content\/uploads\/2019\/04\/Analyse_ZEUBovCap1.jpg","type":"image\/jpeg"}],"twitter_card":"summary_large_image","twitter_misc":{"Gesch\u00e4tzte Lesezeit":"2\u00a0Minuten"},"schema":{"@context":"https:\/\/schema.org","@graph":[{"@type":"WebPage","@id":"https:\/\/sysmatec.ch\/de\/Produkt\/milchverfaelschungstestkit-kuhmilch-in-schaf-ziegenmilch\/","url":"https:\/\/sysmatec.ch\/de\/Produkt\/milchverfaelschungstestkit-kuhmilch-in-schaf-ziegenmilch\/","name":"Milchverf\u00e4lschungstestkit - Kuhmilch in Schaf-\/Ziegenmilch - Sysmatec","isPartOf":{"@id":"https:\/\/sysmatec.ch\/de\/#website"},"primaryImageOfPage":{"@id":"https:\/\/sysmatec.ch\/de\/Produkt\/milchverfaelschungstestkit-kuhmilch-in-schaf-ziegenmilch\/#primaryimage"},"image":{"@id":"https:\/\/sysmatec.ch\/de\/Produkt\/milchverfaelschungstestkit-kuhmilch-in-schaf-ziegenmilch\/#primaryimage"},"thumbnailUrl":"https:\/\/sysmatec.ch\/wp-content\/uploads\/2019\/04\/Analyse_ZEUBovCap1.jpg","datePublished":"2024-05-30T08:07:44+00:00","dateModified":"2024-05-30T08:28:49+00:00","description":"Einfach durchzuf\u00fchrender Test zum Nachweis von Milchverf\u00e4lschungen, wie z. B. der Beimischung von Kuhmilch zu Ziegen- oder Schafsmilch, mittels Teststreifen.","breadcrumb":{"@id":"https:\/\/sysmatec.ch\/de\/Produkt\/milchverfaelschungstestkit-kuhmilch-in-schaf-ziegenmilch\/#breadcrumb"},"inLanguage":"de","potentialAction":[{"@type":"ReadAction","target":["https:\/\/sysmatec.ch\/de\/Produkt\/milchverfaelschungstestkit-kuhmilch-in-schaf-ziegenmilch\/"]}]},{"@type":"ImageObject","inLanguage":"de","@id":"https:\/\/sysmatec.ch\/de\/Produkt\/milchverfaelschungstestkit-kuhmilch-in-schaf-ziegenmilch\/#primaryimage","url":"https:\/\/sysmatec.ch\/wp-content\/uploads\/2019\/04\/Analyse_ZEUBovCap1.jpg","contentUrl":"https:\/\/sysmatec.ch\/wp-content\/uploads\/2019\/04\/Analyse_ZEUBovCap1.jpg","width":186,"height":258},{"@type":"BreadcrumbList","@id":"https:\/\/sysmatec.ch\/de\/Produkt\/milchverfaelschungstestkit-kuhmilch-in-schaf-ziegenmilch\/#breadcrumb","itemListElement":[{"@type":"ListItem","position":1,"name":"Accueil","item":"https:\/\/sysmatec.ch\/de\/"},{"@type":"ListItem","position":2,"name":"Die Aktivit\u00e4t von Sysmatec","item":"https:\/\/sysmatec.ch\/de\/"},{"@type":"ListItem","position":3,"name":"Milchverf\u00e4lschungstestkit &#8211; Kuhmilch in Schaf-\/Ziegenmilch"}]},{"@type":"WebSite","@id":"https:\/\/sysmatec.ch\/de\/#website","url":"https:\/\/sysmatec.ch\/de\/","name":"Sysmatec","description":"Equipement de laboratoire et logiciels","publisher":{"@id":"https:\/\/sysmatec.ch\/de\/#organization"},"potentialAction":[{"@type":"SearchAction","target":{"@type":"EntryPoint","urlTemplate":"https:\/\/sysmatec.ch\/de\/?s={search_term_string}"},"query-input":{"@type":"PropertyValueSpecification","valueRequired":true,"valueName":"search_term_string"}}],"inLanguage":"de"},{"@type":"Organization","@id":"https:\/\/sysmatec.ch\/de\/#organization","name":"Sysmatec","url":"https:\/\/sysmatec.ch\/de\/","logo":{"@type":"ImageObject","inLanguage":"de","@id":"https:\/\/sysmatec.ch\/de\/#\/schema\/logo\/image\/","url":"https:\/\/sysmatec.ch\/wp-content\/uploads\/2018\/11\/LogoSysmatec.jpg","contentUrl":"https:\/\/sysmatec.ch\/wp-content\/uploads\/2018\/11\/LogoSysmatec.jpg","width":301,"height":297,"caption":"Sysmatec"},"image":{"@id":"https:\/\/sysmatec.ch\/de\/#\/schema\/logo\/image\/"}}]}},"_links":{"self":[{"href":"https:\/\/sysmatec.ch\/de\/wp-json\/wp\/v2\/product\/29591","targetHints":{"allow":["GET"]}}],"collection":[{"href":"https:\/\/sysmatec.ch\/de\/wp-json\/wp\/v2\/product"}],"about":[{"href":"https:\/\/sysmatec.ch\/de\/wp-json\/wp\/v2\/types\/product"}],"wp:featuredmedia":[{"embeddable":true,"href":"https:\/\/sysmatec.ch\/de\/wp-json\/wp\/v2\/media\/5004"}],"wp:attachment":[{"href":"https:\/\/sysmatec.ch\/de\/wp-json\/wp\/v2\/media?parent=29591"}],"wp:term":[{"taxonomy":"product_brand","embeddable":true,"href":"https:\/\/sysmatec.ch\/de\/wp-json\/wp\/v2\/product_brand?post=29591"},{"taxonomy":"product_cat","embeddable":true,"href":"https:\/\/sysmatec.ch\/de\/wp-json\/wp\/v2\/product_cat?post=29591"},{"taxonomy":"product_tag","embeddable":true,"href":"https:\/\/sysmatec.ch\/de\/wp-json\/wp\/v2\/product_tag?post=29591"}],"curies":[{"name":"wp","href":"https:\/\/api.w.org\/{rel}","templated":true}]}}