{"id":29584,"date":"2024-05-30T09:31:16","date_gmt":"2024-05-30T07:31:16","guid":{"rendered":"https:\/\/sysmatec.ch\/?post_type=product&#038;p=29584"},"modified":"2024-05-30T10:02:55","modified_gmt":"2024-05-30T08:02:55","slug":"l-carnitin-nachweiskit","status":"publish","type":"product","link":"https:\/\/sysmatec.ch\/de\/Produkt\/l-carnitin-nachweiskit\/","title":{"rendered":"L-Carnitin-Nachweiskit"},"content":{"rendered":"<p>L-Carnitin ist eine quart\u00e4re Ammoniumverbindung, die am Stoffwechsel der meisten S\u00e4ugetiere, Pflanzen und einiger Bakterien beteiligt ist. Zur Unterst\u00fctzung des Energiestoffwechsels transportiert Carnitin langkettige Fetts\u00e4uren aus dem Zytosol in die Mitochondrien, wo sie zur Produktion freier Energie oxidiert werden, und ist auch an der Entfernung von Stoffwechselprodukten aus den Zellen beteiligt.<br \/>\nDieses Kit eignet sich zum Testen von L-Carnitin in S\u00e4uglings- und Kleinkindnahrung sowie Milchpulver.<\/p>\n<h2>Prinzip des L-Carnitin-Tests<\/h2>\n<p>Das aktuelle L-Carnitin-Testkit basiert auf einem enzymatischen Test zur quantitativen Bestimmung des gesamten L-Carnitins in Lebensmitteln, Tierfutter und pharmazeutischen Produkten. Das Kitprinzip entspricht dem ISO-Standard. L-Carnitin wird aus der Probe extrahiert und dann verd\u00fcnnt. Der verd\u00fcnnte Probenextrakt und das Substrat werden in die mit Enzym beschichtete Vertiefung der Mikrotiterplatte gegeben. 30 Minuten lang im Dunkeln bei 20\u201325 \u00b0C inkubieren. Die Plattenmessung erfolgt mit einem ELISA-Leseger\u00e4t bei 412 nm oder 405 nm. Der OD-Wert der Probe kann aus der Standardkurve abgelesen werden.<\/p>\n<h2>Kit-Komponenten<\/h2>\n<p>Mikrotiterplatte, 8 Vertiefungen pro Streifen, 6 Streifen, insgesamt 48 Vertiefungen<br \/>\nSteriles Wasser 30 ml, 1 Flasche<br \/>\nKonzentriertes Substrat, 1 ml\/Flasche, 1 Flasche<br \/>\nL-Cartinin-Feststandard, 2 Flaschen<br \/>\nMikroplattendeckel, 1 St\u00fcck<\/p>\n<h2>Erforderliche Reagenzien und Instrumente (nicht im Lieferumfang enthalten)<\/h2>\n<p>Kaliumhydroxid KOH, 4 mol\/l (22,4 g KOH mit Reinstwasser oder deionisiertem Wasser aufl\u00f6sen und auf 100 ml verd\u00fcnnen)<br \/>\n13 % HClO\u2084-L\u00f6sung (13 ml HClO\u2084 nehmen, mit Reinstwasser oder deionisiertem Wasser aufl\u00f6sen und auf 100 ml verd\u00fcnnen)<br \/>\nReinstwasser oder deionisiertes Wasser<br \/>\nAseptische Bank<br \/>\nELISA-Leseger\u00e4t mit 412 nm oder 405 nm<br \/>\nWasserbad 40 \u00b0C<br \/>\npH-Meter<br \/>\nZentrifuge \uff1e8000 x g<br \/>\nPipette 20\u2013200 \u03bcl\uff1b100\u20131000 \u03bcl<br \/>\nZentrifugenfl\u00e4schchen mit Schraubverschluss 15 ml und 50 ml<br \/>\nFl\u00e4schchen 1,5\u20132,0 ml<br \/>\nSpiralglasgef\u00e4\u00df 500 ml<br \/>\nMesskolben 100 und 1000 ml<br \/>\nBecher 100 ml<br \/>\n20 ml sterile Spritzen mit 0,45 \u03bcm Filter<br \/>\nFilterpapier<\/p>\n<p>Stabilit\u00e4t: 12 Monate bei Lagerung bei 2\u20138 \u00b0C<\/p>\n<p>Ref. R6004<\/p>\n","protected":false},"excerpt":{"rendered":"<p>Quantitative Methode zur Messung von L-Carnitin.<\/p>\n","protected":false},"featured_media":5099,"template":"","meta":{"_crdt_document":""},"product_brand":[],"product_cat":[188,368],"product_tag":[],"class_list":{"0":"post-29584","1":"product","2":"type-product","3":"status-publish","4":"has-post-thumbnail","6":"product_cat-analyse-de","7":"product_cat-chemische-verbindung","9":"first","10":"instock","11":"taxable","12":"shipping-taxable","13":"product-type-simple"},"yoast_head":"<!-- This site is optimized with the Yoast SEO plugin v27.3 - https:\/\/yoast.com\/product\/yoast-seo-wordpress\/ -->\n<title>L-Carnitin-Nachweiskit - Sysmatec<\/title>\n<meta name=\"description\" content=\"L-Carnitin-Messkit. Dies ist eine kolorimetrische Messung. Die Methode ist quantitativ und verwendet ein Mikroplattenleseger\u00e4t.\" \/>\n<meta name=\"robots\" content=\"index, follow, max-snippet:-1, max-image-preview:large, max-video-preview:-1\" \/>\n<link rel=\"canonical\" href=\"https:\/\/sysmatec.ch\/de\/Produkt\/l-carnitin-nachweiskit\/\" \/>\n<meta property=\"og:locale\" content=\"de_DE\" \/>\n<meta property=\"og:type\" content=\"article\" \/>\n<meta property=\"og:title\" content=\"L-Carnitin-Nachweiskit - Sysmatec\" \/>\n<meta property=\"og:description\" content=\"L-Carnitin-Messkit. Dies ist eine kolorimetrische Messung. Die Methode ist quantitativ und verwendet ein Mikroplattenleseger\u00e4t.\" \/>\n<meta property=\"og:url\" content=\"https:\/\/sysmatec.ch\/de\/Produkt\/l-carnitin-nachweiskit\/\" \/>\n<meta property=\"og:site_name\" content=\"Sysmatec\" \/>\n<meta property=\"article:modified_time\" content=\"2024-05-30T08:02:55+00:00\" \/>\n<meta property=\"og:image\" content=\"https:\/\/sysmatec.ch\/wp-content\/uploads\/2019\/04\/Analyse_ZEUMICROCYSTEST.jpg\" \/>\n\t<meta property=\"og:image:width\" content=\"184\" \/>\n\t<meta property=\"og:image:height\" content=\"114\" \/>\n\t<meta property=\"og:image:type\" content=\"image\/jpeg\" \/>\n<meta name=\"twitter:card\" content=\"summary_large_image\" \/>\n<meta name=\"twitter:label1\" content=\"Gesch\u00e4tzte Lesezeit\" \/>\n\t<meta name=\"twitter:data1\" content=\"2\u00a0Minuten\" \/>\n<script type=\"application\/ld+json\" class=\"yoast-schema-graph\">{\"@context\":\"https:\\\/\\\/schema.org\",\"@graph\":[{\"@type\":\"WebPage\",\"@id\":\"https:\\\/\\\/sysmatec.ch\\\/de\\\/Produkt\\\/l-carnitin-nachweiskit\\\/\",\"url\":\"https:\\\/\\\/sysmatec.ch\\\/de\\\/Produkt\\\/l-carnitin-nachweiskit\\\/\",\"name\":\"L-Carnitin-Nachweiskit - Sysmatec\",\"isPartOf\":{\"@id\":\"https:\\\/\\\/sysmatec.ch\\\/de\\\/#website\"},\"primaryImageOfPage\":{\"@id\":\"https:\\\/\\\/sysmatec.ch\\\/de\\\/Produkt\\\/l-carnitin-nachweiskit\\\/#primaryimage\"},\"image\":{\"@id\":\"https:\\\/\\\/sysmatec.ch\\\/de\\\/Produkt\\\/l-carnitin-nachweiskit\\\/#primaryimage\"},\"thumbnailUrl\":\"https:\\\/\\\/sysmatec.ch\\\/wp-content\\\/uploads\\\/2019\\\/04\\\/Analyse_ZEUMICROCYSTEST.jpg\",\"datePublished\":\"2024-05-30T07:31:16+00:00\",\"dateModified\":\"2024-05-30T08:02:55+00:00\",\"description\":\"L-Carnitin-Messkit. Dies ist eine kolorimetrische Messung. Die Methode ist quantitativ und verwendet ein Mikroplattenleseger\u00e4t.\",\"breadcrumb\":{\"@id\":\"https:\\\/\\\/sysmatec.ch\\\/de\\\/Produkt\\\/l-carnitin-nachweiskit\\\/#breadcrumb\"},\"inLanguage\":\"de\",\"potentialAction\":[{\"@type\":\"ReadAction\",\"target\":[\"https:\\\/\\\/sysmatec.ch\\\/de\\\/Produkt\\\/l-carnitin-nachweiskit\\\/\"]}]},{\"@type\":\"ImageObject\",\"inLanguage\":\"de\",\"@id\":\"https:\\\/\\\/sysmatec.ch\\\/de\\\/Produkt\\\/l-carnitin-nachweiskit\\\/#primaryimage\",\"url\":\"https:\\\/\\\/sysmatec.ch\\\/wp-content\\\/uploads\\\/2019\\\/04\\\/Analyse_ZEUMICROCYSTEST.jpg\",\"contentUrl\":\"https:\\\/\\\/sysmatec.ch\\\/wp-content\\\/uploads\\\/2019\\\/04\\\/Analyse_ZEUMICROCYSTEST.jpg\",\"width\":184,\"height\":114},{\"@type\":\"BreadcrumbList\",\"@id\":\"https:\\\/\\\/sysmatec.ch\\\/de\\\/Produkt\\\/l-carnitin-nachweiskit\\\/#breadcrumb\",\"itemListElement\":[{\"@type\":\"ListItem\",\"position\":1,\"name\":\"Accueil\",\"item\":\"https:\\\/\\\/sysmatec.ch\\\/de\\\/\"},{\"@type\":\"ListItem\",\"position\":2,\"name\":\"Die Aktivit\u00e4t von Sysmatec\",\"item\":\"https:\\\/\\\/sysmatec.ch\\\/de\\\/\"},{\"@type\":\"ListItem\",\"position\":3,\"name\":\"L-Carnitin-Nachweiskit\"}]},{\"@type\":\"WebSite\",\"@id\":\"https:\\\/\\\/sysmatec.ch\\\/de\\\/#website\",\"url\":\"https:\\\/\\\/sysmatec.ch\\\/de\\\/\",\"name\":\"Sysmatec\",\"description\":\"Equipement de laboratoire et logiciels\",\"publisher\":{\"@id\":\"https:\\\/\\\/sysmatec.ch\\\/de\\\/#organization\"},\"potentialAction\":[{\"@type\":\"SearchAction\",\"target\":{\"@type\":\"EntryPoint\",\"urlTemplate\":\"https:\\\/\\\/sysmatec.ch\\\/de\\\/?s={search_term_string}\"},\"query-input\":{\"@type\":\"PropertyValueSpecification\",\"valueRequired\":true,\"valueName\":\"search_term_string\"}}],\"inLanguage\":\"de\"},{\"@type\":\"Organization\",\"@id\":\"https:\\\/\\\/sysmatec.ch\\\/de\\\/#organization\",\"name\":\"Sysmatec\",\"url\":\"https:\\\/\\\/sysmatec.ch\\\/de\\\/\",\"logo\":{\"@type\":\"ImageObject\",\"inLanguage\":\"de\",\"@id\":\"https:\\\/\\\/sysmatec.ch\\\/de\\\/#\\\/schema\\\/logo\\\/image\\\/\",\"url\":\"https:\\\/\\\/sysmatec.ch\\\/wp-content\\\/uploads\\\/2018\\\/11\\\/LogoSysmatec.jpg\",\"contentUrl\":\"https:\\\/\\\/sysmatec.ch\\\/wp-content\\\/uploads\\\/2018\\\/11\\\/LogoSysmatec.jpg\",\"width\":301,\"height\":297,\"caption\":\"Sysmatec\"},\"image\":{\"@id\":\"https:\\\/\\\/sysmatec.ch\\\/de\\\/#\\\/schema\\\/logo\\\/image\\\/\"}}]}<\/script>\n<!-- \/ Yoast SEO plugin. -->","yoast_head_json":{"title":"L-Carnitin-Nachweiskit - Sysmatec","description":"L-Carnitin-Messkit. Dies ist eine kolorimetrische Messung. Die Methode ist quantitativ und verwendet ein Mikroplattenleseger\u00e4t.","robots":{"index":"index","follow":"follow","max-snippet":"max-snippet:-1","max-image-preview":"max-image-preview:large","max-video-preview":"max-video-preview:-1"},"canonical":"https:\/\/sysmatec.ch\/de\/Produkt\/l-carnitin-nachweiskit\/","og_locale":"de_DE","og_type":"article","og_title":"L-Carnitin-Nachweiskit - Sysmatec","og_description":"L-Carnitin-Messkit. Dies ist eine kolorimetrische Messung. Die Methode ist quantitativ und verwendet ein Mikroplattenleseger\u00e4t.","og_url":"https:\/\/sysmatec.ch\/de\/Produkt\/l-carnitin-nachweiskit\/","og_site_name":"Sysmatec","article_modified_time":"2024-05-30T08:02:55+00:00","og_image":[{"width":184,"height":114,"url":"https:\/\/sysmatec.ch\/wp-content\/uploads\/2019\/04\/Analyse_ZEUMICROCYSTEST.jpg","type":"image\/jpeg"}],"twitter_card":"summary_large_image","twitter_misc":{"Gesch\u00e4tzte Lesezeit":"2\u00a0Minuten"},"schema":{"@context":"https:\/\/schema.org","@graph":[{"@type":"WebPage","@id":"https:\/\/sysmatec.ch\/de\/Produkt\/l-carnitin-nachweiskit\/","url":"https:\/\/sysmatec.ch\/de\/Produkt\/l-carnitin-nachweiskit\/","name":"L-Carnitin-Nachweiskit - Sysmatec","isPartOf":{"@id":"https:\/\/sysmatec.ch\/de\/#website"},"primaryImageOfPage":{"@id":"https:\/\/sysmatec.ch\/de\/Produkt\/l-carnitin-nachweiskit\/#primaryimage"},"image":{"@id":"https:\/\/sysmatec.ch\/de\/Produkt\/l-carnitin-nachweiskit\/#primaryimage"},"thumbnailUrl":"https:\/\/sysmatec.ch\/wp-content\/uploads\/2019\/04\/Analyse_ZEUMICROCYSTEST.jpg","datePublished":"2024-05-30T07:31:16+00:00","dateModified":"2024-05-30T08:02:55+00:00","description":"L-Carnitin-Messkit. Dies ist eine kolorimetrische Messung. Die Methode ist quantitativ und verwendet ein Mikroplattenleseger\u00e4t.","breadcrumb":{"@id":"https:\/\/sysmatec.ch\/de\/Produkt\/l-carnitin-nachweiskit\/#breadcrumb"},"inLanguage":"de","potentialAction":[{"@type":"ReadAction","target":["https:\/\/sysmatec.ch\/de\/Produkt\/l-carnitin-nachweiskit\/"]}]},{"@type":"ImageObject","inLanguage":"de","@id":"https:\/\/sysmatec.ch\/de\/Produkt\/l-carnitin-nachweiskit\/#primaryimage","url":"https:\/\/sysmatec.ch\/wp-content\/uploads\/2019\/04\/Analyse_ZEUMICROCYSTEST.jpg","contentUrl":"https:\/\/sysmatec.ch\/wp-content\/uploads\/2019\/04\/Analyse_ZEUMICROCYSTEST.jpg","width":184,"height":114},{"@type":"BreadcrumbList","@id":"https:\/\/sysmatec.ch\/de\/Produkt\/l-carnitin-nachweiskit\/#breadcrumb","itemListElement":[{"@type":"ListItem","position":1,"name":"Accueil","item":"https:\/\/sysmatec.ch\/de\/"},{"@type":"ListItem","position":2,"name":"Die Aktivit\u00e4t von Sysmatec","item":"https:\/\/sysmatec.ch\/de\/"},{"@type":"ListItem","position":3,"name":"L-Carnitin-Nachweiskit"}]},{"@type":"WebSite","@id":"https:\/\/sysmatec.ch\/de\/#website","url":"https:\/\/sysmatec.ch\/de\/","name":"Sysmatec","description":"Equipement de laboratoire et logiciels","publisher":{"@id":"https:\/\/sysmatec.ch\/de\/#organization"},"potentialAction":[{"@type":"SearchAction","target":{"@type":"EntryPoint","urlTemplate":"https:\/\/sysmatec.ch\/de\/?s={search_term_string}"},"query-input":{"@type":"PropertyValueSpecification","valueRequired":true,"valueName":"search_term_string"}}],"inLanguage":"de"},{"@type":"Organization","@id":"https:\/\/sysmatec.ch\/de\/#organization","name":"Sysmatec","url":"https:\/\/sysmatec.ch\/de\/","logo":{"@type":"ImageObject","inLanguage":"de","@id":"https:\/\/sysmatec.ch\/de\/#\/schema\/logo\/image\/","url":"https:\/\/sysmatec.ch\/wp-content\/uploads\/2018\/11\/LogoSysmatec.jpg","contentUrl":"https:\/\/sysmatec.ch\/wp-content\/uploads\/2018\/11\/LogoSysmatec.jpg","width":301,"height":297,"caption":"Sysmatec"},"image":{"@id":"https:\/\/sysmatec.ch\/de\/#\/schema\/logo\/image\/"}}]}},"_links":{"self":[{"href":"https:\/\/sysmatec.ch\/de\/wp-json\/wp\/v2\/product\/29584","targetHints":{"allow":["GET"]}}],"collection":[{"href":"https:\/\/sysmatec.ch\/de\/wp-json\/wp\/v2\/product"}],"about":[{"href":"https:\/\/sysmatec.ch\/de\/wp-json\/wp\/v2\/types\/product"}],"wp:featuredmedia":[{"embeddable":true,"href":"https:\/\/sysmatec.ch\/de\/wp-json\/wp\/v2\/media\/5099"}],"wp:attachment":[{"href":"https:\/\/sysmatec.ch\/de\/wp-json\/wp\/v2\/media?parent=29584"}],"wp:term":[{"taxonomy":"product_brand","embeddable":true,"href":"https:\/\/sysmatec.ch\/de\/wp-json\/wp\/v2\/product_brand?post=29584"},{"taxonomy":"product_cat","embeddable":true,"href":"https:\/\/sysmatec.ch\/de\/wp-json\/wp\/v2\/product_cat?post=29584"},{"taxonomy":"product_tag","embeddable":true,"href":"https:\/\/sysmatec.ch\/de\/wp-json\/wp\/v2\/product_tag?post=29584"}],"curies":[{"name":"wp","href":"https:\/\/api.w.org\/{rel}","templated":true}]}}