{"id":29573,"date":"2024-05-24T21:19:45","date_gmt":"2024-05-24T19:19:45","guid":{"rendered":"https:\/\/sysmatec.ch\/?post_type=product&#038;p=29573"},"modified":"2024-05-25T10:01:37","modified_gmt":"2024-05-25T08:01:37","slug":"temperaturdatenlogger-tempmate-b","status":"publish","type":"product","link":"https:\/\/sysmatec.ch\/de\/Produkt\/temperaturdatenlogger-tempmate-b\/","title":{"rendered":"Temperaturdatenlogger Tempmate B"},"content":{"rendered":"<p>Bei der tempmate.\u00ae-B-Serie handelt es sich um eigenst\u00e4ndige Einkanal-Temperaturdatenlogger mit der F\u00e4higkeit, bis zu 8.000 Datenpunkte aufzuzeichnen. Je nach gew\u00e4hltem Modell messen sie zwischen -40 \u00b0C und +140 \u00b0C. Sie sind sehr klein (ungef\u00e4hr so gro\u00df wie eine Uhrenbatterie) und k\u00f6nnen daher in kleine Gegenst\u00e4nde und Pakete gesteckt werden.<\/p>\n<p>Ein Kalibrierzertifikat ist optional erh\u00e4ltlich. Eine kostenlose kostenlose Software steht ebenfalls zum Download zur Verf\u00fcgung.<\/p>\n<p>Sie sind nicht f\u00fcr hohen Druck geeignet.<\/p>\n<p>Die Daten\u00fcbertragung erfolgt \u00fcber einen USB-Adapter.<\/p>\n<h2>Merkmale<\/h2>\n<table width=\"496\">\n<tbody>\n<tr>\n<td width=\"137\"><\/td>\n<td width=\"116\">\u00a0tempmate.\u00ae-B2<\/td>\n<td width=\"123\">\u00a0tempmate.\u00ae-B3<\/td>\n<td width=\"120\">tempmate.\u00ae-B5<\/td>\n<\/tr>\n<tr>\n<td>Temperaturbereich<\/td>\n<td>-40 bis 85 \u00b0C<\/td>\n<td>-40 bis 125 \u00b0C<\/td>\n<td>15 \u00b0C bis 140 \u00b0C<\/td>\n<\/tr>\n<tr>\n<td>Genauigkeit<\/td>\n<td>\u00b1 0.5\u00b0C zwischen \u201310 \u00b0C und 65 \u00b0C<\/td>\n<td>\u00b1 0.5\u00b0C zwischen \u201310 \u00b0C und 75 \u00b0C<\/td>\n<td width=\"120\">\u00b10.2\u00b0C zwischen 110\u00b0C und 140\u00b0C,\u00a0 \u00b1 0.5\u00b0C zwischen 80 \u00b0C und 140 \u00b0C<\/td>\n<\/tr>\n<tr>\n<td>Batterie<\/td>\n<td colspan=\"3\">Interne, fest verbaute 3,0V-Lithiumbatterie<\/td>\n<\/tr>\n<tr>\n<td>Batterielebensdauer<\/td>\n<td colspan=\"3\">ca. 1 Jahr bei 80\u00b0C und ca. 5 Jahre bei 30\u00b0C (10 Min. Probenahme)<\/td>\n<\/tr>\n<tr>\n<td>Speicherungsintervall<\/td>\n<td colspan=\"3\">2 Sekunden bis 24 Stunden<\/td>\n<\/tr>\n<tr>\n<td>Speicher<\/td>\n<td colspan=\"3\">8192 Messwerte<\/td>\n<\/tr>\n<tr>\n<td>Aufl\u00f6sung<\/td>\n<td colspan=\"3\">0.5\u00b0C<\/td>\n<\/tr>\n<tr>\n<td>Reaktionszeit<\/td>\n<td colspan=\"3\">ca. 90 Sekunden (in der Luft)<\/td>\n<\/tr>\n<tr>\n<td>\u00a0Dimension<\/td>\n<td colspan=\"3\">\u00d8 17 mm x 6 mm<\/td>\n<\/tr>\n<tr>\n<td>Gewicht<\/td>\n<td colspan=\"3\">4 g<\/td>\n<\/tr>\n<tr>\n<td>Geh\u00e4usematerial<\/td>\n<td colspan=\"3\">Edelstahl 305<\/td>\n<\/tr>\n<tr>\n<td>Schutzklasse<\/td>\n<td colspan=\"3\">IP55 (andere auf Anfrage)<\/td>\n<\/tr>\n<tr>\n<td>Ex-Zertifizierung<\/td>\n<td colspan=\"3\" width=\"359\">UL Nr. 913 (4. Ausgabe), Eigensicheres Ger\u00e4t, Zulassung gem\u00e4\u00df Entity Concept f\u00fcr den Einsatz in Standorten der Klasse I, Division 1, Gruppe A, B, C und D<\/td>\n<\/tr>\n<tr>\n<td>PC-Verbindung<\/td>\n<td colspan=\"3\">USB Schnittstelle<\/td>\n<\/tr>\n<tr>\n<td>Zeit, max. Abweichung\u00b1 2 Minuten pro Monat<\/td>\n<td colspan=\"3\"><\/td>\n<\/tr>\n<tr>\n<td>Aufnahmemodi<\/td>\n<td colspan=\"3\">Ringspeicher oder Stopp, wenn er voll ist<\/td>\n<\/tr>\n<tr>\n<td>Startzeitverz\u00f6gerung<\/td>\n<td colspan=\"3\">ja<\/td>\n<\/tr>\n<tr>\n<td>Referenznummer, Standard<\/td>\n<td>100520<\/td>\n<td>100530<\/td>\n<td>N\/A<\/td>\n<\/tr>\n<tr>\n<td>Referenznummer, mit Kalibrierzertifikat<\/td>\n<td>100521<\/td>\n<td>100531<\/td>\n<td>100551<\/td>\n<\/tr>\n<tr>\n<td>Kalibrierungszertifikat<\/td>\n<td>-25\u00b0C, +4\u00b0C, +40\u00b0C<\/td>\n<td>-80\u00b0C, +100\u00b0C, +121\u00b0C<\/td>\n<td>+110\u00b0C, +121\u00b0C, +135\u00b0C<\/td>\n<\/tr>\n<\/tbody>\n<\/table>\n<p>&nbsp;<\/p>\n","protected":false},"excerpt":{"rendered":"<p>Kompakter Temperaturdatenlogger f\u00fcr mittlere und hohe Temperaturen<\/p>\n","protected":false},"featured_media":29576,"template":"","meta":{"_crdt_document":""},"product_brand":[],"product_cat":[168,173],"product_tag":[],"class_list":{"0":"post-29573","1":"product","2":"type-product","3":"status-publish","4":"has-post-thumbnail","6":"product_cat-datenlogger","7":"product_cat-temperatur","9":"first","10":"instock","11":"taxable","12":"shipping-taxable","13":"product-type-simple"},"yoast_head":"<!-- This site is optimized with the Yoast SEO plugin v27.4 - https:\/\/yoast.com\/product\/yoast-seo-wordpress\/ -->\n<title>Temperaturdatenlogger Tempmate B - Sysmatec<\/title>\n<meta name=\"description\" content=\"Datenlogger f\u00fcr mittlere und hohe Temperaturen. Temperaturbereich von -40 bis 125 \u00b0C. Speicher f\u00fcr 8 000 Daten.\" \/>\n<meta name=\"robots\" content=\"index, follow, max-snippet:-1, max-image-preview:large, max-video-preview:-1\" \/>\n<link rel=\"canonical\" href=\"https:\/\/sysmatec.ch\/de\/Produkt\/temperaturdatenlogger-tempmate-b\/\" \/>\n<meta property=\"og:locale\" content=\"de_DE\" \/>\n<meta property=\"og:type\" content=\"article\" \/>\n<meta property=\"og:title\" content=\"Temperaturdatenlogger Tempmate B - Sysmatec\" \/>\n<meta property=\"og:description\" content=\"Datenlogger f\u00fcr mittlere und hohe Temperaturen. Temperaturbereich von -40 bis 125 \u00b0C. Speicher f\u00fcr 8 000 Daten.\" \/>\n<meta property=\"og:url\" content=\"https:\/\/sysmatec.ch\/de\/Produkt\/temperaturdatenlogger-tempmate-b\/\" \/>\n<meta property=\"og:site_name\" content=\"Sysmatec\" \/>\n<meta property=\"article:modified_time\" content=\"2024-05-25T08:01:37+00:00\" \/>\n<meta property=\"og:image\" content=\"https:\/\/sysmatec.ch\/wp-content\/uploads\/2024\/05\/EnregistreurTemperature_TempmateB.jpg\" \/>\n\t<meta property=\"og:image:width\" content=\"218\" \/>\n\t<meta property=\"og:image:height\" content=\"200\" \/>\n\t<meta property=\"og:image:type\" content=\"image\/jpeg\" \/>\n<meta name=\"twitter:card\" content=\"summary_large_image\" \/>\n<meta name=\"twitter:label1\" content=\"Gesch\u00e4tzte Lesezeit\" \/>\n\t<meta name=\"twitter:data1\" content=\"2\u00a0Minuten\" \/>\n<script type=\"application\/ld+json\" class=\"yoast-schema-graph\">{\"@context\":\"https:\\\/\\\/schema.org\",\"@graph\":[{\"@type\":\"WebPage\",\"@id\":\"https:\\\/\\\/sysmatec.ch\\\/de\\\/Produkt\\\/temperaturdatenlogger-tempmate-b\\\/\",\"url\":\"https:\\\/\\\/sysmatec.ch\\\/de\\\/Produkt\\\/temperaturdatenlogger-tempmate-b\\\/\",\"name\":\"Temperaturdatenlogger Tempmate B - Sysmatec\",\"isPartOf\":{\"@id\":\"https:\\\/\\\/sysmatec.ch\\\/de\\\/#website\"},\"primaryImageOfPage\":{\"@id\":\"https:\\\/\\\/sysmatec.ch\\\/de\\\/Produkt\\\/temperaturdatenlogger-tempmate-b\\\/#primaryimage\"},\"image\":{\"@id\":\"https:\\\/\\\/sysmatec.ch\\\/de\\\/Produkt\\\/temperaturdatenlogger-tempmate-b\\\/#primaryimage\"},\"thumbnailUrl\":\"https:\\\/\\\/sysmatec.ch\\\/wp-content\\\/uploads\\\/2024\\\/05\\\/EnregistreurTemperature_TempmateB.jpg\",\"datePublished\":\"2024-05-24T19:19:45+00:00\",\"dateModified\":\"2024-05-25T08:01:37+00:00\",\"description\":\"Datenlogger f\u00fcr mittlere und hohe Temperaturen. Temperaturbereich von -40 bis 125 \u00b0C. Speicher f\u00fcr 8 000 Daten.\",\"breadcrumb\":{\"@id\":\"https:\\\/\\\/sysmatec.ch\\\/de\\\/Produkt\\\/temperaturdatenlogger-tempmate-b\\\/#breadcrumb\"},\"inLanguage\":\"de\",\"potentialAction\":[{\"@type\":\"ReadAction\",\"target\":[\"https:\\\/\\\/sysmatec.ch\\\/de\\\/Produkt\\\/temperaturdatenlogger-tempmate-b\\\/\"]}]},{\"@type\":\"ImageObject\",\"inLanguage\":\"de\",\"@id\":\"https:\\\/\\\/sysmatec.ch\\\/de\\\/Produkt\\\/temperaturdatenlogger-tempmate-b\\\/#primaryimage\",\"url\":\"https:\\\/\\\/sysmatec.ch\\\/wp-content\\\/uploads\\\/2024\\\/05\\\/EnregistreurTemperature_TempmateB.jpg\",\"contentUrl\":\"https:\\\/\\\/sysmatec.ch\\\/wp-content\\\/uploads\\\/2024\\\/05\\\/EnregistreurTemperature_TempmateB.jpg\",\"width\":218,\"height\":200},{\"@type\":\"BreadcrumbList\",\"@id\":\"https:\\\/\\\/sysmatec.ch\\\/de\\\/Produkt\\\/temperaturdatenlogger-tempmate-b\\\/#breadcrumb\",\"itemListElement\":[{\"@type\":\"ListItem\",\"position\":1,\"name\":\"Accueil\",\"item\":\"https:\\\/\\\/sysmatec.ch\\\/de\\\/\"},{\"@type\":\"ListItem\",\"position\":2,\"name\":\"Die Aktivit\u00e4t von Sysmatec\",\"item\":\"https:\\\/\\\/sysmatec.ch\\\/de\\\/\"},{\"@type\":\"ListItem\",\"position\":3,\"name\":\"Temperaturdatenlogger Tempmate B\"}]},{\"@type\":\"WebSite\",\"@id\":\"https:\\\/\\\/sysmatec.ch\\\/de\\\/#website\",\"url\":\"https:\\\/\\\/sysmatec.ch\\\/de\\\/\",\"name\":\"Sysmatec\",\"description\":\"Equipement de laboratoire et logiciels\",\"publisher\":{\"@id\":\"https:\\\/\\\/sysmatec.ch\\\/de\\\/#organization\"},\"potentialAction\":[{\"@type\":\"SearchAction\",\"target\":{\"@type\":\"EntryPoint\",\"urlTemplate\":\"https:\\\/\\\/sysmatec.ch\\\/de\\\/?s={search_term_string}\"},\"query-input\":{\"@type\":\"PropertyValueSpecification\",\"valueRequired\":true,\"valueName\":\"search_term_string\"}}],\"inLanguage\":\"de\"},{\"@type\":\"Organization\",\"@id\":\"https:\\\/\\\/sysmatec.ch\\\/de\\\/#organization\",\"name\":\"Sysmatec\",\"url\":\"https:\\\/\\\/sysmatec.ch\\\/de\\\/\",\"logo\":{\"@type\":\"ImageObject\",\"inLanguage\":\"de\",\"@id\":\"https:\\\/\\\/sysmatec.ch\\\/de\\\/#\\\/schema\\\/logo\\\/image\\\/\",\"url\":\"https:\\\/\\\/sysmatec.ch\\\/wp-content\\\/uploads\\\/2018\\\/11\\\/LogoSysmatec.jpg\",\"contentUrl\":\"https:\\\/\\\/sysmatec.ch\\\/wp-content\\\/uploads\\\/2018\\\/11\\\/LogoSysmatec.jpg\",\"width\":301,\"height\":297,\"caption\":\"Sysmatec\"},\"image\":{\"@id\":\"https:\\\/\\\/sysmatec.ch\\\/de\\\/#\\\/schema\\\/logo\\\/image\\\/\"}}]}<\/script>\n<!-- \/ Yoast SEO plugin. -->","yoast_head_json":{"title":"Temperaturdatenlogger Tempmate B - Sysmatec","description":"Datenlogger f\u00fcr mittlere und hohe Temperaturen. Temperaturbereich von -40 bis 125 \u00b0C. Speicher f\u00fcr 8 000 Daten.","robots":{"index":"index","follow":"follow","max-snippet":"max-snippet:-1","max-image-preview":"max-image-preview:large","max-video-preview":"max-video-preview:-1"},"canonical":"https:\/\/sysmatec.ch\/de\/Produkt\/temperaturdatenlogger-tempmate-b\/","og_locale":"de_DE","og_type":"article","og_title":"Temperaturdatenlogger Tempmate B - Sysmatec","og_description":"Datenlogger f\u00fcr mittlere und hohe Temperaturen. Temperaturbereich von -40 bis 125 \u00b0C. Speicher f\u00fcr 8 000 Daten.","og_url":"https:\/\/sysmatec.ch\/de\/Produkt\/temperaturdatenlogger-tempmate-b\/","og_site_name":"Sysmatec","article_modified_time":"2024-05-25T08:01:37+00:00","og_image":[{"width":218,"height":200,"url":"https:\/\/sysmatec.ch\/wp-content\/uploads\/2024\/05\/EnregistreurTemperature_TempmateB.jpg","type":"image\/jpeg"}],"twitter_card":"summary_large_image","twitter_misc":{"Gesch\u00e4tzte Lesezeit":"2\u00a0Minuten"},"schema":{"@context":"https:\/\/schema.org","@graph":[{"@type":"WebPage","@id":"https:\/\/sysmatec.ch\/de\/Produkt\/temperaturdatenlogger-tempmate-b\/","url":"https:\/\/sysmatec.ch\/de\/Produkt\/temperaturdatenlogger-tempmate-b\/","name":"Temperaturdatenlogger Tempmate B - Sysmatec","isPartOf":{"@id":"https:\/\/sysmatec.ch\/de\/#website"},"primaryImageOfPage":{"@id":"https:\/\/sysmatec.ch\/de\/Produkt\/temperaturdatenlogger-tempmate-b\/#primaryimage"},"image":{"@id":"https:\/\/sysmatec.ch\/de\/Produkt\/temperaturdatenlogger-tempmate-b\/#primaryimage"},"thumbnailUrl":"https:\/\/sysmatec.ch\/wp-content\/uploads\/2024\/05\/EnregistreurTemperature_TempmateB.jpg","datePublished":"2024-05-24T19:19:45+00:00","dateModified":"2024-05-25T08:01:37+00:00","description":"Datenlogger f\u00fcr mittlere und hohe Temperaturen. Temperaturbereich von -40 bis 125 \u00b0C. Speicher f\u00fcr 8 000 Daten.","breadcrumb":{"@id":"https:\/\/sysmatec.ch\/de\/Produkt\/temperaturdatenlogger-tempmate-b\/#breadcrumb"},"inLanguage":"de","potentialAction":[{"@type":"ReadAction","target":["https:\/\/sysmatec.ch\/de\/Produkt\/temperaturdatenlogger-tempmate-b\/"]}]},{"@type":"ImageObject","inLanguage":"de","@id":"https:\/\/sysmatec.ch\/de\/Produkt\/temperaturdatenlogger-tempmate-b\/#primaryimage","url":"https:\/\/sysmatec.ch\/wp-content\/uploads\/2024\/05\/EnregistreurTemperature_TempmateB.jpg","contentUrl":"https:\/\/sysmatec.ch\/wp-content\/uploads\/2024\/05\/EnregistreurTemperature_TempmateB.jpg","width":218,"height":200},{"@type":"BreadcrumbList","@id":"https:\/\/sysmatec.ch\/de\/Produkt\/temperaturdatenlogger-tempmate-b\/#breadcrumb","itemListElement":[{"@type":"ListItem","position":1,"name":"Accueil","item":"https:\/\/sysmatec.ch\/de\/"},{"@type":"ListItem","position":2,"name":"Die Aktivit\u00e4t von Sysmatec","item":"https:\/\/sysmatec.ch\/de\/"},{"@type":"ListItem","position":3,"name":"Temperaturdatenlogger Tempmate B"}]},{"@type":"WebSite","@id":"https:\/\/sysmatec.ch\/de\/#website","url":"https:\/\/sysmatec.ch\/de\/","name":"Sysmatec","description":"Equipement de laboratoire et logiciels","publisher":{"@id":"https:\/\/sysmatec.ch\/de\/#organization"},"potentialAction":[{"@type":"SearchAction","target":{"@type":"EntryPoint","urlTemplate":"https:\/\/sysmatec.ch\/de\/?s={search_term_string}"},"query-input":{"@type":"PropertyValueSpecification","valueRequired":true,"valueName":"search_term_string"}}],"inLanguage":"de"},{"@type":"Organization","@id":"https:\/\/sysmatec.ch\/de\/#organization","name":"Sysmatec","url":"https:\/\/sysmatec.ch\/de\/","logo":{"@type":"ImageObject","inLanguage":"de","@id":"https:\/\/sysmatec.ch\/de\/#\/schema\/logo\/image\/","url":"https:\/\/sysmatec.ch\/wp-content\/uploads\/2018\/11\/LogoSysmatec.jpg","contentUrl":"https:\/\/sysmatec.ch\/wp-content\/uploads\/2018\/11\/LogoSysmatec.jpg","width":301,"height":297,"caption":"Sysmatec"},"image":{"@id":"https:\/\/sysmatec.ch\/de\/#\/schema\/logo\/image\/"}}]}},"_links":{"self":[{"href":"https:\/\/sysmatec.ch\/de\/wp-json\/wp\/v2\/product\/29573","targetHints":{"allow":["GET"]}}],"collection":[{"href":"https:\/\/sysmatec.ch\/de\/wp-json\/wp\/v2\/product"}],"about":[{"href":"https:\/\/sysmatec.ch\/de\/wp-json\/wp\/v2\/types\/product"}],"wp:featuredmedia":[{"embeddable":true,"href":"https:\/\/sysmatec.ch\/de\/wp-json\/wp\/v2\/media\/29576"}],"wp:attachment":[{"href":"https:\/\/sysmatec.ch\/de\/wp-json\/wp\/v2\/media?parent=29573"}],"wp:term":[{"taxonomy":"product_brand","embeddable":true,"href":"https:\/\/sysmatec.ch\/de\/wp-json\/wp\/v2\/product_brand?post=29573"},{"taxonomy":"product_cat","embeddable":true,"href":"https:\/\/sysmatec.ch\/de\/wp-json\/wp\/v2\/product_cat?post=29573"},{"taxonomy":"product_tag","embeddable":true,"href":"https:\/\/sysmatec.ch\/de\/wp-json\/wp\/v2\/product_tag?post=29573"}],"curies":[{"name":"wp","href":"https:\/\/api.w.org\/{rel}","templated":true}]}}