{"id":29555,"date":"2024-05-20T11:26:08","date_gmt":"2024-05-20T09:26:08","guid":{"rendered":"https:\/\/sysmatec.ch\/?post_type=product&#038;p=29555"},"modified":"2024-05-20T11:46:33","modified_gmt":"2024-05-20T09:46:33","slug":"steriles-sammelset-sani-swipe","status":"publish","type":"product","link":"https:\/\/sysmatec.ch\/de\/Produkt\/steriles-sammelset-sani-swipe\/","title":{"rendered":"Steriles Sammelset Sani-S&#8217;wipe"},"content":{"rendered":"<p>Sani-S&#8217;wipe ist ein Set bestehend aus einem blauen Tuch und einem sterilen Beutel. Es wurde speziell zum Sammeln von Proben entwickelt, um das Vorhandensein mikrobiologischer Verunreinigungen und anderer Lebensmittelpathogene auf verschiedenen Oberfl\u00e4chen festzustellen.<\/p>\n<p>Mit diesem Tool k\u00f6nnen Sie Proben von gro\u00dfen Fl\u00e4chen, Kadavern, H\u00fchnerst\u00e4llen und mehreren anderen Lebensmitteln entnehmen. Es erleichtert somit eine l\u00fcckenlose Probenahme, sei es bei Ihren Kontrollen in der Produktion, nach der Desinfektion oder im Rahmen Ihrer Routinekontrollen.<\/p>\n<p>Dank seines extrem widerstandsf\u00e4higen Gewebes hinterl\u00e4sst es keine R\u00fcckst\u00e4nde und erm\u00f6glicht, dass das getestete Produkt den Transformationsprozess fortsetzt und verkauft wird. Dieser Ansatz reduziert Verluste und verbessert so die Produktivit\u00e4t.<\/p>\n<p>Das Tuch wird in einem haltbaren, sterilen Beutel geliefert. Aufgeklappt misst es 9&#8220; x 9&#8220; Zoll. Aufgrund seiner Gr\u00f6\u00dfe k\u00f6nnen gr\u00f6\u00dfere Fl\u00e4chen beprobt werden. Der Beutel wurde speziell entwickelt, um Durchstiche zu verhindern und die Sicherheit und Integrit\u00e4t Ihrer Proben zu gew\u00e4hrleisten.<\/p>\n","protected":false},"excerpt":{"rendered":"<p>Steriles Probenahmeset bestehend aus einem Beutel und einem Probenahmetuch.<\/p>\n","protected":false},"featured_media":29559,"template":"","meta":{"_crdt_document":""},"product_brand":[],"product_cat":[134,279],"product_tag":[],"class_list":{"0":"post-29555","1":"product","2":"type-product","3":"status-publish","4":"has-post-thumbnail","6":"product_cat-probe","7":"product_cat-verbrauchsmaterial","9":"first","10":"instock","11":"taxable","12":"shipping-taxable","13":"product-type-simple"},"yoast_head":"<!-- This site is optimized with the Yoast SEO plugin v27.3 - https:\/\/yoast.com\/product\/yoast-seo-wordpress\/ -->\n<title>Steriles Sammelset Sani-S&#039;wipe - Sysmatec<\/title>\n<meta name=\"description\" content=\"Steriles Probenahmeset bestehend aus einem Beutel und einem Probenahmetuch.\" \/>\n<meta name=\"robots\" content=\"index, follow, max-snippet:-1, max-image-preview:large, max-video-preview:-1\" \/>\n<link rel=\"canonical\" href=\"https:\/\/sysmatec.ch\/de\/Produkt\/steriles-sammelset-sani-swipe\/\" \/>\n<meta property=\"og:locale\" content=\"de_DE\" \/>\n<meta property=\"og:type\" content=\"article\" \/>\n<meta property=\"og:title\" content=\"Steriles Sammelset Sani-S&#039;wipe - Sysmatec\" \/>\n<meta property=\"og:description\" content=\"Steriles Probenahmeset bestehend aus einem Beutel und einem Probenahmetuch.\" \/>\n<meta property=\"og:url\" content=\"https:\/\/sysmatec.ch\/de\/Produkt\/steriles-sammelset-sani-swipe\/\" \/>\n<meta property=\"og:site_name\" content=\"Sysmatec\" \/>\n<meta property=\"article:modified_time\" content=\"2024-05-20T09:46:33+00:00\" \/>\n<meta property=\"og:image\" content=\"https:\/\/sysmatec.ch\/wp-content\/uploads\/2024\/05\/PrelevementSterile_Labplas.jpg\" \/>\n\t<meta property=\"og:image:width\" content=\"447\" \/>\n\t<meta property=\"og:image:height\" content=\"354\" \/>\n\t<meta property=\"og:image:type\" content=\"image\/jpeg\" \/>\n<meta name=\"twitter:card\" content=\"summary_large_image\" \/>\n<meta name=\"twitter:label1\" content=\"Gesch\u00e4tzte Lesezeit\" \/>\n\t<meta name=\"twitter:data1\" content=\"1\u00a0Minute\" \/>\n<script type=\"application\/ld+json\" class=\"yoast-schema-graph\">{\"@context\":\"https:\\\/\\\/schema.org\",\"@graph\":[{\"@type\":\"WebPage\",\"@id\":\"https:\\\/\\\/sysmatec.ch\\\/de\\\/Produkt\\\/steriles-sammelset-sani-swipe\\\/\",\"url\":\"https:\\\/\\\/sysmatec.ch\\\/de\\\/Produkt\\\/steriles-sammelset-sani-swipe\\\/\",\"name\":\"Steriles Sammelset Sani-S'wipe - Sysmatec\",\"isPartOf\":{\"@id\":\"https:\\\/\\\/sysmatec.ch\\\/de\\\/#website\"},\"primaryImageOfPage\":{\"@id\":\"https:\\\/\\\/sysmatec.ch\\\/de\\\/Produkt\\\/steriles-sammelset-sani-swipe\\\/#primaryimage\"},\"image\":{\"@id\":\"https:\\\/\\\/sysmatec.ch\\\/de\\\/Produkt\\\/steriles-sammelset-sani-swipe\\\/#primaryimage\"},\"thumbnailUrl\":\"https:\\\/\\\/sysmatec.ch\\\/wp-content\\\/uploads\\\/2024\\\/05\\\/PrelevementSterile_Labplas.jpg\",\"datePublished\":\"2024-05-20T09:26:08+00:00\",\"dateModified\":\"2024-05-20T09:46:33+00:00\",\"description\":\"Steriles Probenahmeset bestehend aus einem Beutel und einem Probenahmetuch.\",\"breadcrumb\":{\"@id\":\"https:\\\/\\\/sysmatec.ch\\\/de\\\/Produkt\\\/steriles-sammelset-sani-swipe\\\/#breadcrumb\"},\"inLanguage\":\"de\",\"potentialAction\":[{\"@type\":\"ReadAction\",\"target\":[\"https:\\\/\\\/sysmatec.ch\\\/de\\\/Produkt\\\/steriles-sammelset-sani-swipe\\\/\"]}]},{\"@type\":\"ImageObject\",\"inLanguage\":\"de\",\"@id\":\"https:\\\/\\\/sysmatec.ch\\\/de\\\/Produkt\\\/steriles-sammelset-sani-swipe\\\/#primaryimage\",\"url\":\"https:\\\/\\\/sysmatec.ch\\\/wp-content\\\/uploads\\\/2024\\\/05\\\/PrelevementSterile_Labplas.jpg\",\"contentUrl\":\"https:\\\/\\\/sysmatec.ch\\\/wp-content\\\/uploads\\\/2024\\\/05\\\/PrelevementSterile_Labplas.jpg\",\"width\":447,\"height\":354},{\"@type\":\"BreadcrumbList\",\"@id\":\"https:\\\/\\\/sysmatec.ch\\\/de\\\/Produkt\\\/steriles-sammelset-sani-swipe\\\/#breadcrumb\",\"itemListElement\":[{\"@type\":\"ListItem\",\"position\":1,\"name\":\"Accueil\",\"item\":\"https:\\\/\\\/sysmatec.ch\\\/de\\\/\"},{\"@type\":\"ListItem\",\"position\":2,\"name\":\"Die Aktivit\u00e4t von Sysmatec\",\"item\":\"https:\\\/\\\/sysmatec.ch\\\/de\\\/\"},{\"@type\":\"ListItem\",\"position\":3,\"name\":\"Steriles Sammelset Sani-S&rsquo;wipe\"}]},{\"@type\":\"WebSite\",\"@id\":\"https:\\\/\\\/sysmatec.ch\\\/de\\\/#website\",\"url\":\"https:\\\/\\\/sysmatec.ch\\\/de\\\/\",\"name\":\"Sysmatec\",\"description\":\"Equipement de laboratoire et logiciels\",\"publisher\":{\"@id\":\"https:\\\/\\\/sysmatec.ch\\\/de\\\/#organization\"},\"potentialAction\":[{\"@type\":\"SearchAction\",\"target\":{\"@type\":\"EntryPoint\",\"urlTemplate\":\"https:\\\/\\\/sysmatec.ch\\\/de\\\/?s={search_term_string}\"},\"query-input\":{\"@type\":\"PropertyValueSpecification\",\"valueRequired\":true,\"valueName\":\"search_term_string\"}}],\"inLanguage\":\"de\"},{\"@type\":\"Organization\",\"@id\":\"https:\\\/\\\/sysmatec.ch\\\/de\\\/#organization\",\"name\":\"Sysmatec\",\"url\":\"https:\\\/\\\/sysmatec.ch\\\/de\\\/\",\"logo\":{\"@type\":\"ImageObject\",\"inLanguage\":\"de\",\"@id\":\"https:\\\/\\\/sysmatec.ch\\\/de\\\/#\\\/schema\\\/logo\\\/image\\\/\",\"url\":\"https:\\\/\\\/sysmatec.ch\\\/wp-content\\\/uploads\\\/2018\\\/11\\\/LogoSysmatec.jpg\",\"contentUrl\":\"https:\\\/\\\/sysmatec.ch\\\/wp-content\\\/uploads\\\/2018\\\/11\\\/LogoSysmatec.jpg\",\"width\":301,\"height\":297,\"caption\":\"Sysmatec\"},\"image\":{\"@id\":\"https:\\\/\\\/sysmatec.ch\\\/de\\\/#\\\/schema\\\/logo\\\/image\\\/\"}}]}<\/script>\n<!-- \/ Yoast SEO plugin. -->","yoast_head_json":{"title":"Steriles Sammelset Sani-S'wipe - Sysmatec","description":"Steriles Probenahmeset bestehend aus einem Beutel und einem Probenahmetuch.","robots":{"index":"index","follow":"follow","max-snippet":"max-snippet:-1","max-image-preview":"max-image-preview:large","max-video-preview":"max-video-preview:-1"},"canonical":"https:\/\/sysmatec.ch\/de\/Produkt\/steriles-sammelset-sani-swipe\/","og_locale":"de_DE","og_type":"article","og_title":"Steriles Sammelset Sani-S'wipe - Sysmatec","og_description":"Steriles Probenahmeset bestehend aus einem Beutel und einem Probenahmetuch.","og_url":"https:\/\/sysmatec.ch\/de\/Produkt\/steriles-sammelset-sani-swipe\/","og_site_name":"Sysmatec","article_modified_time":"2024-05-20T09:46:33+00:00","og_image":[{"width":447,"height":354,"url":"https:\/\/sysmatec.ch\/wp-content\/uploads\/2024\/05\/PrelevementSterile_Labplas.jpg","type":"image\/jpeg"}],"twitter_card":"summary_large_image","twitter_misc":{"Gesch\u00e4tzte Lesezeit":"1\u00a0Minute"},"schema":{"@context":"https:\/\/schema.org","@graph":[{"@type":"WebPage","@id":"https:\/\/sysmatec.ch\/de\/Produkt\/steriles-sammelset-sani-swipe\/","url":"https:\/\/sysmatec.ch\/de\/Produkt\/steriles-sammelset-sani-swipe\/","name":"Steriles Sammelset Sani-S'wipe - Sysmatec","isPartOf":{"@id":"https:\/\/sysmatec.ch\/de\/#website"},"primaryImageOfPage":{"@id":"https:\/\/sysmatec.ch\/de\/Produkt\/steriles-sammelset-sani-swipe\/#primaryimage"},"image":{"@id":"https:\/\/sysmatec.ch\/de\/Produkt\/steriles-sammelset-sani-swipe\/#primaryimage"},"thumbnailUrl":"https:\/\/sysmatec.ch\/wp-content\/uploads\/2024\/05\/PrelevementSterile_Labplas.jpg","datePublished":"2024-05-20T09:26:08+00:00","dateModified":"2024-05-20T09:46:33+00:00","description":"Steriles Probenahmeset bestehend aus einem Beutel und einem Probenahmetuch.","breadcrumb":{"@id":"https:\/\/sysmatec.ch\/de\/Produkt\/steriles-sammelset-sani-swipe\/#breadcrumb"},"inLanguage":"de","potentialAction":[{"@type":"ReadAction","target":["https:\/\/sysmatec.ch\/de\/Produkt\/steriles-sammelset-sani-swipe\/"]}]},{"@type":"ImageObject","inLanguage":"de","@id":"https:\/\/sysmatec.ch\/de\/Produkt\/steriles-sammelset-sani-swipe\/#primaryimage","url":"https:\/\/sysmatec.ch\/wp-content\/uploads\/2024\/05\/PrelevementSterile_Labplas.jpg","contentUrl":"https:\/\/sysmatec.ch\/wp-content\/uploads\/2024\/05\/PrelevementSterile_Labplas.jpg","width":447,"height":354},{"@type":"BreadcrumbList","@id":"https:\/\/sysmatec.ch\/de\/Produkt\/steriles-sammelset-sani-swipe\/#breadcrumb","itemListElement":[{"@type":"ListItem","position":1,"name":"Accueil","item":"https:\/\/sysmatec.ch\/de\/"},{"@type":"ListItem","position":2,"name":"Die Aktivit\u00e4t von Sysmatec","item":"https:\/\/sysmatec.ch\/de\/"},{"@type":"ListItem","position":3,"name":"Steriles Sammelset Sani-S&rsquo;wipe"}]},{"@type":"WebSite","@id":"https:\/\/sysmatec.ch\/de\/#website","url":"https:\/\/sysmatec.ch\/de\/","name":"Sysmatec","description":"Equipement de laboratoire et logiciels","publisher":{"@id":"https:\/\/sysmatec.ch\/de\/#organization"},"potentialAction":[{"@type":"SearchAction","target":{"@type":"EntryPoint","urlTemplate":"https:\/\/sysmatec.ch\/de\/?s={search_term_string}"},"query-input":{"@type":"PropertyValueSpecification","valueRequired":true,"valueName":"search_term_string"}}],"inLanguage":"de"},{"@type":"Organization","@id":"https:\/\/sysmatec.ch\/de\/#organization","name":"Sysmatec","url":"https:\/\/sysmatec.ch\/de\/","logo":{"@type":"ImageObject","inLanguage":"de","@id":"https:\/\/sysmatec.ch\/de\/#\/schema\/logo\/image\/","url":"https:\/\/sysmatec.ch\/wp-content\/uploads\/2018\/11\/LogoSysmatec.jpg","contentUrl":"https:\/\/sysmatec.ch\/wp-content\/uploads\/2018\/11\/LogoSysmatec.jpg","width":301,"height":297,"caption":"Sysmatec"},"image":{"@id":"https:\/\/sysmatec.ch\/de\/#\/schema\/logo\/image\/"}}]}},"_links":{"self":[{"href":"https:\/\/sysmatec.ch\/de\/wp-json\/wp\/v2\/product\/29555","targetHints":{"allow":["GET"]}}],"collection":[{"href":"https:\/\/sysmatec.ch\/de\/wp-json\/wp\/v2\/product"}],"about":[{"href":"https:\/\/sysmatec.ch\/de\/wp-json\/wp\/v2\/types\/product"}],"wp:featuredmedia":[{"embeddable":true,"href":"https:\/\/sysmatec.ch\/de\/wp-json\/wp\/v2\/media\/29559"}],"wp:attachment":[{"href":"https:\/\/sysmatec.ch\/de\/wp-json\/wp\/v2\/media?parent=29555"}],"wp:term":[{"taxonomy":"product_brand","embeddable":true,"href":"https:\/\/sysmatec.ch\/de\/wp-json\/wp\/v2\/product_brand?post=29555"},{"taxonomy":"product_cat","embeddable":true,"href":"https:\/\/sysmatec.ch\/de\/wp-json\/wp\/v2\/product_cat?post=29555"},{"taxonomy":"product_tag","embeddable":true,"href":"https:\/\/sysmatec.ch\/de\/wp-json\/wp\/v2\/product_tag?post=29555"}],"curies":[{"name":"wp","href":"https:\/\/api.w.org\/{rel}","templated":true}]}}