{"id":29547,"date":"2024-05-17T11:51:59","date_gmt":"2024-05-17T09:51:59","guid":{"rendered":"https:\/\/sysmatec.ch\/?post_type=product&#038;p=29547"},"modified":"2024-05-17T12:12:43","modified_gmt":"2024-05-17T10:12:43","slug":"orange-sturmhaube-honeywell-junior-b-vl","status":"publish","type":"product","link":"https:\/\/sysmatec.ch\/de\/Produkt\/orange-sturmhaube-honeywell-junior-b-vl\/","title":{"rendered":"Orange Sturmhaube Honeywell Junior B VL"},"content":{"rendered":"<div class=\"p-descript\">\n<p>Die Junior B VL-Haube ist f\u00fcr die Verwendung mit elektrisch betriebenen Atemschutzger\u00e4ten (PAPR) wie den Serien PA500 und PA700 vorgesehen. Der Junior B Combi VL ist mit einem Integralschutzhelm f\u00fcr zus\u00e4tzlichen Kopfschutz ausgestattet.<\/p>\n<\/div>\n<h2>Merkmale<\/h2>\n<ul>\n<li>Weiche und leichte Sturmhaube: mit Umhang aus Polyurethan, der Kopf, Nacken und Schultern bedeckt<\/li>\n<li>Einwegvisier Art.-Nr. A160730: Passt \u00fcber das Hauptvisier der Sturmhaube und sch\u00fctzt vor Besch\u00e4digungen<\/li>\n<li>Waschbarer und austauschbarer Nackengurt: Unterst\u00fctzt ein hohes Ma\u00df an Schutz.<\/li>\n<li>Kombiversion: bestehend aus einem Integralschutzhelm.<\/li>\n<\/ul>\n<p>Ref. A114400<\/p>\n","protected":false},"excerpt":{"rendered":"<p>Schutzhaube zur Verwendung mit Atemschutzger\u00e4ten, die mit gefilterter Luft versorgt werden.<\/p>\n","protected":false},"featured_media":29551,"template":"","meta":{"_crdt_document":""},"product_brand":[],"product_cat":[272,381,279],"product_tag":[],"class_list":{"0":"post-29547","1":"product","2":"type-product","3":"status-publish","4":"has-post-thumbnail","6":"product_cat-gebraucht","7":"product_cat-schutz","8":"product_cat-verbrauchsmaterial","10":"first","11":"instock","12":"taxable","13":"shipping-taxable","14":"product-type-simple"},"yoast_head":"<!-- This site is optimized with the Yoast SEO plugin v27.4 - https:\/\/yoast.com\/product\/yoast-seo-wordpress\/ -->\n<title>Orange Sturmhaube Honeywell Junior B VL - Sysmatec<\/title>\n<meta name=\"description\" content=\"Schutzhaube zur Verwendung mit Atemschutzger\u00e4ten, die mit gefilterter Luft versorgt werden.\" \/>\n<meta name=\"robots\" content=\"index, follow, max-snippet:-1, max-image-preview:large, max-video-preview:-1\" \/>\n<link rel=\"canonical\" href=\"https:\/\/sysmatec.ch\/de\/Produkt\/orange-sturmhaube-honeywell-junior-b-vl\/\" \/>\n<meta property=\"og:locale\" content=\"de_DE\" \/>\n<meta property=\"og:type\" content=\"article\" \/>\n<meta property=\"og:title\" content=\"Orange Sturmhaube Honeywell Junior B VL - Sysmatec\" \/>\n<meta property=\"og:description\" content=\"Schutzhaube zur Verwendung mit Atemschutzger\u00e4ten, die mit gefilterter Luft versorgt werden.\" \/>\n<meta property=\"og:url\" content=\"https:\/\/sysmatec.ch\/de\/Produkt\/orange-sturmhaube-honeywell-junior-b-vl\/\" \/>\n<meta property=\"og:site_name\" content=\"Sysmatec\" \/>\n<meta property=\"article:modified_time\" content=\"2024-05-17T10:12:43+00:00\" \/>\n<meta property=\"og:image\" content=\"https:\/\/sysmatec.ch\/wp-content\/uploads\/2024\/05\/Cagoule_Honeywell.jpg\" \/>\n\t<meta property=\"og:image:width\" content=\"300\" \/>\n\t<meta property=\"og:image:height\" content=\"400\" \/>\n\t<meta property=\"og:image:type\" content=\"image\/jpeg\" \/>\n<meta name=\"twitter:card\" content=\"summary_large_image\" \/>\n<meta name=\"twitter:label1\" content=\"Gesch\u00e4tzte Lesezeit\" \/>\n\t<meta name=\"twitter:data1\" content=\"1\u00a0Minute\" \/>\n<script type=\"application\/ld+json\" class=\"yoast-schema-graph\">{\"@context\":\"https:\\\/\\\/schema.org\",\"@graph\":[{\"@type\":\"WebPage\",\"@id\":\"https:\\\/\\\/sysmatec.ch\\\/de\\\/Produkt\\\/orange-sturmhaube-honeywell-junior-b-vl\\\/\",\"url\":\"https:\\\/\\\/sysmatec.ch\\\/de\\\/Produkt\\\/orange-sturmhaube-honeywell-junior-b-vl\\\/\",\"name\":\"Orange Sturmhaube Honeywell Junior B VL - Sysmatec\",\"isPartOf\":{\"@id\":\"https:\\\/\\\/sysmatec.ch\\\/de\\\/#website\"},\"primaryImageOfPage\":{\"@id\":\"https:\\\/\\\/sysmatec.ch\\\/de\\\/Produkt\\\/orange-sturmhaube-honeywell-junior-b-vl\\\/#primaryimage\"},\"image\":{\"@id\":\"https:\\\/\\\/sysmatec.ch\\\/de\\\/Produkt\\\/orange-sturmhaube-honeywell-junior-b-vl\\\/#primaryimage\"},\"thumbnailUrl\":\"https:\\\/\\\/sysmatec.ch\\\/wp-content\\\/uploads\\\/2024\\\/05\\\/Cagoule_Honeywell.jpg\",\"datePublished\":\"2024-05-17T09:51:59+00:00\",\"dateModified\":\"2024-05-17T10:12:43+00:00\",\"description\":\"Schutzhaube zur Verwendung mit Atemschutzger\u00e4ten, die mit gefilterter Luft versorgt werden.\",\"breadcrumb\":{\"@id\":\"https:\\\/\\\/sysmatec.ch\\\/de\\\/Produkt\\\/orange-sturmhaube-honeywell-junior-b-vl\\\/#breadcrumb\"},\"inLanguage\":\"de\",\"potentialAction\":[{\"@type\":\"ReadAction\",\"target\":[\"https:\\\/\\\/sysmatec.ch\\\/de\\\/Produkt\\\/orange-sturmhaube-honeywell-junior-b-vl\\\/\"]}]},{\"@type\":\"ImageObject\",\"inLanguage\":\"de\",\"@id\":\"https:\\\/\\\/sysmatec.ch\\\/de\\\/Produkt\\\/orange-sturmhaube-honeywell-junior-b-vl\\\/#primaryimage\",\"url\":\"https:\\\/\\\/sysmatec.ch\\\/wp-content\\\/uploads\\\/2024\\\/05\\\/Cagoule_Honeywell.jpg\",\"contentUrl\":\"https:\\\/\\\/sysmatec.ch\\\/wp-content\\\/uploads\\\/2024\\\/05\\\/Cagoule_Honeywell.jpg\",\"width\":300,\"height\":400},{\"@type\":\"BreadcrumbList\",\"@id\":\"https:\\\/\\\/sysmatec.ch\\\/de\\\/Produkt\\\/orange-sturmhaube-honeywell-junior-b-vl\\\/#breadcrumb\",\"itemListElement\":[{\"@type\":\"ListItem\",\"position\":1,\"name\":\"Accueil\",\"item\":\"https:\\\/\\\/sysmatec.ch\\\/de\\\/\"},{\"@type\":\"ListItem\",\"position\":2,\"name\":\"Die Aktivit\u00e4t von Sysmatec\",\"item\":\"https:\\\/\\\/sysmatec.ch\\\/de\\\/\"},{\"@type\":\"ListItem\",\"position\":3,\"name\":\"Orange Sturmhaube Honeywell Junior B VL\"}]},{\"@type\":\"WebSite\",\"@id\":\"https:\\\/\\\/sysmatec.ch\\\/de\\\/#website\",\"url\":\"https:\\\/\\\/sysmatec.ch\\\/de\\\/\",\"name\":\"Sysmatec\",\"description\":\"Equipement de laboratoire et logiciels\",\"publisher\":{\"@id\":\"https:\\\/\\\/sysmatec.ch\\\/de\\\/#organization\"},\"potentialAction\":[{\"@type\":\"SearchAction\",\"target\":{\"@type\":\"EntryPoint\",\"urlTemplate\":\"https:\\\/\\\/sysmatec.ch\\\/de\\\/?s={search_term_string}\"},\"query-input\":{\"@type\":\"PropertyValueSpecification\",\"valueRequired\":true,\"valueName\":\"search_term_string\"}}],\"inLanguage\":\"de\"},{\"@type\":\"Organization\",\"@id\":\"https:\\\/\\\/sysmatec.ch\\\/de\\\/#organization\",\"name\":\"Sysmatec\",\"url\":\"https:\\\/\\\/sysmatec.ch\\\/de\\\/\",\"logo\":{\"@type\":\"ImageObject\",\"inLanguage\":\"de\",\"@id\":\"https:\\\/\\\/sysmatec.ch\\\/de\\\/#\\\/schema\\\/logo\\\/image\\\/\",\"url\":\"https:\\\/\\\/sysmatec.ch\\\/wp-content\\\/uploads\\\/2018\\\/11\\\/LogoSysmatec.jpg\",\"contentUrl\":\"https:\\\/\\\/sysmatec.ch\\\/wp-content\\\/uploads\\\/2018\\\/11\\\/LogoSysmatec.jpg\",\"width\":301,\"height\":297,\"caption\":\"Sysmatec\"},\"image\":{\"@id\":\"https:\\\/\\\/sysmatec.ch\\\/de\\\/#\\\/schema\\\/logo\\\/image\\\/\"}}]}<\/script>\n<!-- \/ Yoast SEO plugin. -->","yoast_head_json":{"title":"Orange Sturmhaube Honeywell Junior B VL - Sysmatec","description":"Schutzhaube zur Verwendung mit Atemschutzger\u00e4ten, die mit gefilterter Luft versorgt werden.","robots":{"index":"index","follow":"follow","max-snippet":"max-snippet:-1","max-image-preview":"max-image-preview:large","max-video-preview":"max-video-preview:-1"},"canonical":"https:\/\/sysmatec.ch\/de\/Produkt\/orange-sturmhaube-honeywell-junior-b-vl\/","og_locale":"de_DE","og_type":"article","og_title":"Orange Sturmhaube Honeywell Junior B VL - Sysmatec","og_description":"Schutzhaube zur Verwendung mit Atemschutzger\u00e4ten, die mit gefilterter Luft versorgt werden.","og_url":"https:\/\/sysmatec.ch\/de\/Produkt\/orange-sturmhaube-honeywell-junior-b-vl\/","og_site_name":"Sysmatec","article_modified_time":"2024-05-17T10:12:43+00:00","og_image":[{"width":300,"height":400,"url":"https:\/\/sysmatec.ch\/wp-content\/uploads\/2024\/05\/Cagoule_Honeywell.jpg","type":"image\/jpeg"}],"twitter_card":"summary_large_image","twitter_misc":{"Gesch\u00e4tzte Lesezeit":"1\u00a0Minute"},"schema":{"@context":"https:\/\/schema.org","@graph":[{"@type":"WebPage","@id":"https:\/\/sysmatec.ch\/de\/Produkt\/orange-sturmhaube-honeywell-junior-b-vl\/","url":"https:\/\/sysmatec.ch\/de\/Produkt\/orange-sturmhaube-honeywell-junior-b-vl\/","name":"Orange Sturmhaube Honeywell Junior B VL - Sysmatec","isPartOf":{"@id":"https:\/\/sysmatec.ch\/de\/#website"},"primaryImageOfPage":{"@id":"https:\/\/sysmatec.ch\/de\/Produkt\/orange-sturmhaube-honeywell-junior-b-vl\/#primaryimage"},"image":{"@id":"https:\/\/sysmatec.ch\/de\/Produkt\/orange-sturmhaube-honeywell-junior-b-vl\/#primaryimage"},"thumbnailUrl":"https:\/\/sysmatec.ch\/wp-content\/uploads\/2024\/05\/Cagoule_Honeywell.jpg","datePublished":"2024-05-17T09:51:59+00:00","dateModified":"2024-05-17T10:12:43+00:00","description":"Schutzhaube zur Verwendung mit Atemschutzger\u00e4ten, die mit gefilterter Luft versorgt werden.","breadcrumb":{"@id":"https:\/\/sysmatec.ch\/de\/Produkt\/orange-sturmhaube-honeywell-junior-b-vl\/#breadcrumb"},"inLanguage":"de","potentialAction":[{"@type":"ReadAction","target":["https:\/\/sysmatec.ch\/de\/Produkt\/orange-sturmhaube-honeywell-junior-b-vl\/"]}]},{"@type":"ImageObject","inLanguage":"de","@id":"https:\/\/sysmatec.ch\/de\/Produkt\/orange-sturmhaube-honeywell-junior-b-vl\/#primaryimage","url":"https:\/\/sysmatec.ch\/wp-content\/uploads\/2024\/05\/Cagoule_Honeywell.jpg","contentUrl":"https:\/\/sysmatec.ch\/wp-content\/uploads\/2024\/05\/Cagoule_Honeywell.jpg","width":300,"height":400},{"@type":"BreadcrumbList","@id":"https:\/\/sysmatec.ch\/de\/Produkt\/orange-sturmhaube-honeywell-junior-b-vl\/#breadcrumb","itemListElement":[{"@type":"ListItem","position":1,"name":"Accueil","item":"https:\/\/sysmatec.ch\/de\/"},{"@type":"ListItem","position":2,"name":"Die Aktivit\u00e4t von Sysmatec","item":"https:\/\/sysmatec.ch\/de\/"},{"@type":"ListItem","position":3,"name":"Orange Sturmhaube Honeywell Junior B VL"}]},{"@type":"WebSite","@id":"https:\/\/sysmatec.ch\/de\/#website","url":"https:\/\/sysmatec.ch\/de\/","name":"Sysmatec","description":"Equipement de laboratoire et logiciels","publisher":{"@id":"https:\/\/sysmatec.ch\/de\/#organization"},"potentialAction":[{"@type":"SearchAction","target":{"@type":"EntryPoint","urlTemplate":"https:\/\/sysmatec.ch\/de\/?s={search_term_string}"},"query-input":{"@type":"PropertyValueSpecification","valueRequired":true,"valueName":"search_term_string"}}],"inLanguage":"de"},{"@type":"Organization","@id":"https:\/\/sysmatec.ch\/de\/#organization","name":"Sysmatec","url":"https:\/\/sysmatec.ch\/de\/","logo":{"@type":"ImageObject","inLanguage":"de","@id":"https:\/\/sysmatec.ch\/de\/#\/schema\/logo\/image\/","url":"https:\/\/sysmatec.ch\/wp-content\/uploads\/2018\/11\/LogoSysmatec.jpg","contentUrl":"https:\/\/sysmatec.ch\/wp-content\/uploads\/2018\/11\/LogoSysmatec.jpg","width":301,"height":297,"caption":"Sysmatec"},"image":{"@id":"https:\/\/sysmatec.ch\/de\/#\/schema\/logo\/image\/"}}]}},"_links":{"self":[{"href":"https:\/\/sysmatec.ch\/de\/wp-json\/wp\/v2\/product\/29547","targetHints":{"allow":["GET"]}}],"collection":[{"href":"https:\/\/sysmatec.ch\/de\/wp-json\/wp\/v2\/product"}],"about":[{"href":"https:\/\/sysmatec.ch\/de\/wp-json\/wp\/v2\/types\/product"}],"wp:featuredmedia":[{"embeddable":true,"href":"https:\/\/sysmatec.ch\/de\/wp-json\/wp\/v2\/media\/29551"}],"wp:attachment":[{"href":"https:\/\/sysmatec.ch\/de\/wp-json\/wp\/v2\/media?parent=29547"}],"wp:term":[{"taxonomy":"product_brand","embeddable":true,"href":"https:\/\/sysmatec.ch\/de\/wp-json\/wp\/v2\/product_brand?post=29547"},{"taxonomy":"product_cat","embeddable":true,"href":"https:\/\/sysmatec.ch\/de\/wp-json\/wp\/v2\/product_cat?post=29547"},{"taxonomy":"product_tag","embeddable":true,"href":"https:\/\/sysmatec.ch\/de\/wp-json\/wp\/v2\/product_tag?post=29547"}],"curies":[{"name":"wp","href":"https:\/\/api.w.org\/{rel}","templated":true}]}}