{"id":29472,"date":"2024-05-14T19:14:39","date_gmt":"2024-05-14T17:14:39","guid":{"rendered":"https:\/\/sysmatec.ch\/?post_type=product&#038;p=29472"},"modified":"2024-05-14T20:28:44","modified_gmt":"2024-05-14T18:28:44","slug":"temperatur-und-feuchtigkeitssonde-ee99-1","status":"publish","type":"product","link":"https:\/\/sysmatec.ch\/de\/Produkt\/temperatur-und-feuchtigkeitssonde-ee99-1\/","title":{"rendered":"Temperatur- und Feuchtigkeitssonde EE99-1"},"content":{"rendered":"<p>Dieser Feuchtigkeitssensor arbeitet in einem Bereich von -50 \u00b0C bis 180 \u00b0C. Es stehen verschiedene Sonden- und Kabell\u00e4ngen zur Verf\u00fcgung. Die Elektronikkarte verf\u00fcgt \u00fcber einen 4-20 mA-Ausgang f\u00fcr Feuchtigkeit.<\/p>\n<p>Die exklusive E+E-Beschichtung sch\u00fctzt die Sensorelemente vor korrosiver und elektrisch leitf\u00e4higer Verschmutzung und f\u00fchrt so zu einer hervorragenden Langzeitstabilit\u00e4t, selbst in rauen Umgebungen.<\/p>\n<h2>Merkmale<\/h2>\n<ul>\n<li type=\"disc\">Messbereich Relative Luftfeuchtigkeit: 0 bis 100 % RH<\/li>\n<li type=\"disc\">Pr\u00e4zision:<br \/>\n-15 bis 40\u00b0C \u226490 %RH \u00b1 (1,3 + 0,003*gemessener Wert) %RH<br \/>\n&gt;90 % rF \u00b1 2,3 % rF<br \/>\n-25 bis 70 \u00b0C (-13&#8230;158 \u00b0F) \u00b1 (1,4 + 0,01*gemessener Wert) %RH<br \/>\n-50 bis 80 \u00b0C (-40&#8230;356 \u00b0F) \u00b1 (1,5 + 0,015*gemessener Wert) %RH<\/li>\n<li type=\"disc\">Reaktionszeit t90, typ. bei 20\u00b0C &lt;15 s<\/li>\n<li type=\"disc\">Temperaturmessbereich -50 bis 180\u00b0C f\u00fcr die Sonde, -40 bis 60\u00b0C f\u00fcr die Elektronik<\/li>\n<li type=\"disc\">HR-Analogausgang: 4 &#8211; 20 mA (3-Leiter) Lastwiderstand \u2264350 \u03a9<\/li>\n<li type=\"disc\">Analoger Temperaturausgang Pt100, Pt1000 DIN A (DIN EN 60751), 3-Leiter-Anschluss<\/li>\n<li type=\"disc\">Stromversorgung Klasse III: 10 &#8211; 28 V AC, 10 &#8211; 35 V DC<\/li>\n<li type=\"disc\">Kabell\u00e4ngen: 2, 5 und 10 m<\/li>\n<li type=\"disc\">Sondenl\u00e4nge: 65 und 200 mm<\/li>\n<\/ul>\n","protected":false},"excerpt":{"rendered":"<p>Feuchtemesssonde mit 4-20 mA Ausgang<\/p>\n","protected":false},"featured_media":29475,"template":"","meta":{"_crdt_document":""},"product_brand":[],"product_cat":[175,180],"product_tag":[],"class_list":{"0":"post-29472","1":"product","2":"type-product","3":"status-publish","4":"has-post-thumbnail","6":"product_cat-feuchte","7":"product_cat-messung","9":"first","10":"instock","11":"taxable","12":"shipping-taxable","13":"product-type-simple"},"yoast_head":"<!-- This site is optimized with the Yoast SEO plugin v27.3 - https:\/\/yoast.com\/product\/yoast-seo-wordpress\/ -->\n<title>Temperatur- und Feuchtigkeitssonde EE99-1 - Sysmatec<\/title>\n<meta name=\"description\" content=\"Temperatur- und Luftfeuchtigkeitssender ohne Display. Es verf\u00fcgt \u00fcber analoge Ausg\u00e4nge zum Anschluss beispielsweise an eine SPS.\" \/>\n<meta name=\"robots\" content=\"index, follow, max-snippet:-1, max-image-preview:large, max-video-preview:-1\" \/>\n<link rel=\"canonical\" href=\"https:\/\/sysmatec.ch\/de\/Produkt\/temperatur-und-feuchtigkeitssonde-ee99-1\/\" \/>\n<meta property=\"og:locale\" content=\"de_DE\" \/>\n<meta property=\"og:type\" content=\"article\" \/>\n<meta property=\"og:title\" content=\"Temperatur- und Feuchtigkeitssonde EE99-1 - Sysmatec\" \/>\n<meta property=\"og:description\" content=\"Temperatur- und Luftfeuchtigkeitssender ohne Display. Es verf\u00fcgt \u00fcber analoge Ausg\u00e4nge zum Anschluss beispielsweise an eine SPS.\" \/>\n<meta property=\"og:url\" content=\"https:\/\/sysmatec.ch\/de\/Produkt\/temperatur-und-feuchtigkeitssonde-ee99-1\/\" \/>\n<meta property=\"og:site_name\" content=\"Sysmatec\" \/>\n<meta property=\"article:modified_time\" content=\"2024-05-14T18:28:44+00:00\" \/>\n<meta property=\"og:image\" content=\"https:\/\/sysmatec.ch\/wp-content\/uploads\/2024\/05\/SondeHumidite_EE991.jpg\" \/>\n\t<meta property=\"og:image:width\" content=\"710\" \/>\n\t<meta property=\"og:image:height\" content=\"445\" \/>\n\t<meta property=\"og:image:type\" content=\"image\/jpeg\" \/>\n<meta name=\"twitter:card\" content=\"summary_large_image\" \/>\n<meta name=\"twitter:label1\" content=\"Gesch\u00e4tzte Lesezeit\" \/>\n\t<meta name=\"twitter:data1\" content=\"2\u00a0Minuten\" \/>\n<script type=\"application\/ld+json\" class=\"yoast-schema-graph\">{\"@context\":\"https:\\\/\\\/schema.org\",\"@graph\":[{\"@type\":\"WebPage\",\"@id\":\"https:\\\/\\\/sysmatec.ch\\\/de\\\/Produkt\\\/temperatur-und-feuchtigkeitssonde-ee99-1\\\/\",\"url\":\"https:\\\/\\\/sysmatec.ch\\\/de\\\/Produkt\\\/temperatur-und-feuchtigkeitssonde-ee99-1\\\/\",\"name\":\"Temperatur- und Feuchtigkeitssonde EE99-1 - Sysmatec\",\"isPartOf\":{\"@id\":\"https:\\\/\\\/sysmatec.ch\\\/de\\\/#website\"},\"primaryImageOfPage\":{\"@id\":\"https:\\\/\\\/sysmatec.ch\\\/de\\\/Produkt\\\/temperatur-und-feuchtigkeitssonde-ee99-1\\\/#primaryimage\"},\"image\":{\"@id\":\"https:\\\/\\\/sysmatec.ch\\\/de\\\/Produkt\\\/temperatur-und-feuchtigkeitssonde-ee99-1\\\/#primaryimage\"},\"thumbnailUrl\":\"https:\\\/\\\/sysmatec.ch\\\/wp-content\\\/uploads\\\/2024\\\/05\\\/SondeHumidite_EE991.jpg\",\"datePublished\":\"2024-05-14T17:14:39+00:00\",\"dateModified\":\"2024-05-14T18:28:44+00:00\",\"description\":\"Temperatur- und Luftfeuchtigkeitssender ohne Display. Es verf\u00fcgt \u00fcber analoge Ausg\u00e4nge zum Anschluss beispielsweise an eine SPS.\",\"breadcrumb\":{\"@id\":\"https:\\\/\\\/sysmatec.ch\\\/de\\\/Produkt\\\/temperatur-und-feuchtigkeitssonde-ee99-1\\\/#breadcrumb\"},\"inLanguage\":\"de\",\"potentialAction\":[{\"@type\":\"ReadAction\",\"target\":[\"https:\\\/\\\/sysmatec.ch\\\/de\\\/Produkt\\\/temperatur-und-feuchtigkeitssonde-ee99-1\\\/\"]}]},{\"@type\":\"ImageObject\",\"inLanguage\":\"de\",\"@id\":\"https:\\\/\\\/sysmatec.ch\\\/de\\\/Produkt\\\/temperatur-und-feuchtigkeitssonde-ee99-1\\\/#primaryimage\",\"url\":\"https:\\\/\\\/sysmatec.ch\\\/wp-content\\\/uploads\\\/2024\\\/05\\\/SondeHumidite_EE991.jpg\",\"contentUrl\":\"https:\\\/\\\/sysmatec.ch\\\/wp-content\\\/uploads\\\/2024\\\/05\\\/SondeHumidite_EE991.jpg\",\"width\":710,\"height\":445},{\"@type\":\"BreadcrumbList\",\"@id\":\"https:\\\/\\\/sysmatec.ch\\\/de\\\/Produkt\\\/temperatur-und-feuchtigkeitssonde-ee99-1\\\/#breadcrumb\",\"itemListElement\":[{\"@type\":\"ListItem\",\"position\":1,\"name\":\"Accueil\",\"item\":\"https:\\\/\\\/sysmatec.ch\\\/de\\\/\"},{\"@type\":\"ListItem\",\"position\":2,\"name\":\"Die Aktivit\u00e4t von Sysmatec\",\"item\":\"https:\\\/\\\/sysmatec.ch\\\/de\\\/\"},{\"@type\":\"ListItem\",\"position\":3,\"name\":\"Temperatur- und Feuchtigkeitssonde EE99-1\"}]},{\"@type\":\"WebSite\",\"@id\":\"https:\\\/\\\/sysmatec.ch\\\/de\\\/#website\",\"url\":\"https:\\\/\\\/sysmatec.ch\\\/de\\\/\",\"name\":\"Sysmatec\",\"description\":\"Equipement de laboratoire et logiciels\",\"publisher\":{\"@id\":\"https:\\\/\\\/sysmatec.ch\\\/de\\\/#organization\"},\"potentialAction\":[{\"@type\":\"SearchAction\",\"target\":{\"@type\":\"EntryPoint\",\"urlTemplate\":\"https:\\\/\\\/sysmatec.ch\\\/de\\\/?s={search_term_string}\"},\"query-input\":{\"@type\":\"PropertyValueSpecification\",\"valueRequired\":true,\"valueName\":\"search_term_string\"}}],\"inLanguage\":\"de\"},{\"@type\":\"Organization\",\"@id\":\"https:\\\/\\\/sysmatec.ch\\\/de\\\/#organization\",\"name\":\"Sysmatec\",\"url\":\"https:\\\/\\\/sysmatec.ch\\\/de\\\/\",\"logo\":{\"@type\":\"ImageObject\",\"inLanguage\":\"de\",\"@id\":\"https:\\\/\\\/sysmatec.ch\\\/de\\\/#\\\/schema\\\/logo\\\/image\\\/\",\"url\":\"https:\\\/\\\/sysmatec.ch\\\/wp-content\\\/uploads\\\/2018\\\/11\\\/LogoSysmatec.jpg\",\"contentUrl\":\"https:\\\/\\\/sysmatec.ch\\\/wp-content\\\/uploads\\\/2018\\\/11\\\/LogoSysmatec.jpg\",\"width\":301,\"height\":297,\"caption\":\"Sysmatec\"},\"image\":{\"@id\":\"https:\\\/\\\/sysmatec.ch\\\/de\\\/#\\\/schema\\\/logo\\\/image\\\/\"}}]}<\/script>\n<!-- \/ Yoast SEO plugin. -->","yoast_head_json":{"title":"Temperatur- und Feuchtigkeitssonde EE99-1 - Sysmatec","description":"Temperatur- und Luftfeuchtigkeitssender ohne Display. Es verf\u00fcgt \u00fcber analoge Ausg\u00e4nge zum Anschluss beispielsweise an eine SPS.","robots":{"index":"index","follow":"follow","max-snippet":"max-snippet:-1","max-image-preview":"max-image-preview:large","max-video-preview":"max-video-preview:-1"},"canonical":"https:\/\/sysmatec.ch\/de\/Produkt\/temperatur-und-feuchtigkeitssonde-ee99-1\/","og_locale":"de_DE","og_type":"article","og_title":"Temperatur- und Feuchtigkeitssonde EE99-1 - Sysmatec","og_description":"Temperatur- und Luftfeuchtigkeitssender ohne Display. Es verf\u00fcgt \u00fcber analoge Ausg\u00e4nge zum Anschluss beispielsweise an eine SPS.","og_url":"https:\/\/sysmatec.ch\/de\/Produkt\/temperatur-und-feuchtigkeitssonde-ee99-1\/","og_site_name":"Sysmatec","article_modified_time":"2024-05-14T18:28:44+00:00","og_image":[{"width":710,"height":445,"url":"https:\/\/sysmatec.ch\/wp-content\/uploads\/2024\/05\/SondeHumidite_EE991.jpg","type":"image\/jpeg"}],"twitter_card":"summary_large_image","twitter_misc":{"Gesch\u00e4tzte Lesezeit":"2\u00a0Minuten"},"schema":{"@context":"https:\/\/schema.org","@graph":[{"@type":"WebPage","@id":"https:\/\/sysmatec.ch\/de\/Produkt\/temperatur-und-feuchtigkeitssonde-ee99-1\/","url":"https:\/\/sysmatec.ch\/de\/Produkt\/temperatur-und-feuchtigkeitssonde-ee99-1\/","name":"Temperatur- und Feuchtigkeitssonde EE99-1 - Sysmatec","isPartOf":{"@id":"https:\/\/sysmatec.ch\/de\/#website"},"primaryImageOfPage":{"@id":"https:\/\/sysmatec.ch\/de\/Produkt\/temperatur-und-feuchtigkeitssonde-ee99-1\/#primaryimage"},"image":{"@id":"https:\/\/sysmatec.ch\/de\/Produkt\/temperatur-und-feuchtigkeitssonde-ee99-1\/#primaryimage"},"thumbnailUrl":"https:\/\/sysmatec.ch\/wp-content\/uploads\/2024\/05\/SondeHumidite_EE991.jpg","datePublished":"2024-05-14T17:14:39+00:00","dateModified":"2024-05-14T18:28:44+00:00","description":"Temperatur- und Luftfeuchtigkeitssender ohne Display. Es verf\u00fcgt \u00fcber analoge Ausg\u00e4nge zum Anschluss beispielsweise an eine SPS.","breadcrumb":{"@id":"https:\/\/sysmatec.ch\/de\/Produkt\/temperatur-und-feuchtigkeitssonde-ee99-1\/#breadcrumb"},"inLanguage":"de","potentialAction":[{"@type":"ReadAction","target":["https:\/\/sysmatec.ch\/de\/Produkt\/temperatur-und-feuchtigkeitssonde-ee99-1\/"]}]},{"@type":"ImageObject","inLanguage":"de","@id":"https:\/\/sysmatec.ch\/de\/Produkt\/temperatur-und-feuchtigkeitssonde-ee99-1\/#primaryimage","url":"https:\/\/sysmatec.ch\/wp-content\/uploads\/2024\/05\/SondeHumidite_EE991.jpg","contentUrl":"https:\/\/sysmatec.ch\/wp-content\/uploads\/2024\/05\/SondeHumidite_EE991.jpg","width":710,"height":445},{"@type":"BreadcrumbList","@id":"https:\/\/sysmatec.ch\/de\/Produkt\/temperatur-und-feuchtigkeitssonde-ee99-1\/#breadcrumb","itemListElement":[{"@type":"ListItem","position":1,"name":"Accueil","item":"https:\/\/sysmatec.ch\/de\/"},{"@type":"ListItem","position":2,"name":"Die Aktivit\u00e4t von Sysmatec","item":"https:\/\/sysmatec.ch\/de\/"},{"@type":"ListItem","position":3,"name":"Temperatur- und Feuchtigkeitssonde EE99-1"}]},{"@type":"WebSite","@id":"https:\/\/sysmatec.ch\/de\/#website","url":"https:\/\/sysmatec.ch\/de\/","name":"Sysmatec","description":"Equipement de laboratoire et logiciels","publisher":{"@id":"https:\/\/sysmatec.ch\/de\/#organization"},"potentialAction":[{"@type":"SearchAction","target":{"@type":"EntryPoint","urlTemplate":"https:\/\/sysmatec.ch\/de\/?s={search_term_string}"},"query-input":{"@type":"PropertyValueSpecification","valueRequired":true,"valueName":"search_term_string"}}],"inLanguage":"de"},{"@type":"Organization","@id":"https:\/\/sysmatec.ch\/de\/#organization","name":"Sysmatec","url":"https:\/\/sysmatec.ch\/de\/","logo":{"@type":"ImageObject","inLanguage":"de","@id":"https:\/\/sysmatec.ch\/de\/#\/schema\/logo\/image\/","url":"https:\/\/sysmatec.ch\/wp-content\/uploads\/2018\/11\/LogoSysmatec.jpg","contentUrl":"https:\/\/sysmatec.ch\/wp-content\/uploads\/2018\/11\/LogoSysmatec.jpg","width":301,"height":297,"caption":"Sysmatec"},"image":{"@id":"https:\/\/sysmatec.ch\/de\/#\/schema\/logo\/image\/"}}]}},"_links":{"self":[{"href":"https:\/\/sysmatec.ch\/de\/wp-json\/wp\/v2\/product\/29472","targetHints":{"allow":["GET"]}}],"collection":[{"href":"https:\/\/sysmatec.ch\/de\/wp-json\/wp\/v2\/product"}],"about":[{"href":"https:\/\/sysmatec.ch\/de\/wp-json\/wp\/v2\/types\/product"}],"wp:featuredmedia":[{"embeddable":true,"href":"https:\/\/sysmatec.ch\/de\/wp-json\/wp\/v2\/media\/29475"}],"wp:attachment":[{"href":"https:\/\/sysmatec.ch\/de\/wp-json\/wp\/v2\/media?parent=29472"}],"wp:term":[{"taxonomy":"product_brand","embeddable":true,"href":"https:\/\/sysmatec.ch\/de\/wp-json\/wp\/v2\/product_brand?post=29472"},{"taxonomy":"product_cat","embeddable":true,"href":"https:\/\/sysmatec.ch\/de\/wp-json\/wp\/v2\/product_cat?post=29472"},{"taxonomy":"product_tag","embeddable":true,"href":"https:\/\/sysmatec.ch\/de\/wp-json\/wp\/v2\/product_tag?post=29472"}],"curies":[{"name":"wp","href":"https:\/\/api.w.org\/{rel}","templated":true}]}}