{"id":29464,"date":"2024-05-14T14:56:32","date_gmt":"2024-05-14T12:56:32","guid":{"rendered":"https:\/\/sysmatec.ch\/?post_type=product&#038;p=29464"},"modified":"2024-05-17T08:45:46","modified_gmt":"2024-05-17T06:45:46","slug":"sauerstoffsonde-visitrace-ma-mit-4-20-ma-ausgang","status":"publish","type":"product","link":"https:\/\/sysmatec.ch\/de\/Produkt\/sauerstoffsonde-visitrace-ma-mit-4-20-ma-ausgang\/","title":{"rendered":"Sauerstoffsonde Visitrace mA mit 4\u201320 mA-Ausgang"},"content":{"rendered":"<p>Die VisiTrace mA- und RS485-Sonden sind f\u00fcr die Messung von gel\u00f6stem Sauerstoff im niedrigen Konzentrationsbereich konzipiert, insbesondere bei Brauereianwendungen, einschlie\u00dflich der Filtration und Abf\u00fcllung. Die Vorteile dieser optischen Sensoren f\u00fcr gel\u00f6sten Sauerstoff sind eine schnelle Reaktionszeit und ein geringer Wartungsaufwand. Zu den Verbesserungen gegen\u00fcber herk\u00f6mmlichen elektrochemischen (amperometrischen) Sensoren geh\u00f6ren Str\u00f6mungsunabh\u00e4ngigkeit, schneller Start ohne Polarisationszeit und vereinfachte Wartung. Die \u00dcberwachung im niedrigen ppb-Bereich ist in vielen Anwendungen wie Brauprozessen und Kraftwerken unerl\u00e4sslich. VisiTrace mA verf\u00fcgt \u00fcber HART und drahtlose Kommunikation \u00fcber Bluetooth direkt vom Sensor zu Ihrem Computer und vereinfacht so die Kalibrierung, Konfiguration und Wartung. VisiTrace RS485 erfordert einen Arc Wi-Adapter f\u00fcr die drahtlose Kommunikation.<\/p>\n<p>Dieser Sensor f\u00fcr gel\u00f6sten Sauerstoff eignet sich auch f\u00fcr Messungen in Kesselwasser, wo ein hoher Chloridgehalt vorliegt und die Wirkung der Sauerstoffkorrosion erh\u00f6ht ist. VisiTrace mA ist ATEX- und IECEx-zugelassen.<\/p>\n<p>Dieser Sondentyp kann auch in der Biotechnologie zur Messung der O2-Konzentration in Bioreaktoren eingesetzt werden (verschiedene Messbereiche stehen zur Verf\u00fcgung).<\/p>\n<h2>Merkmale<\/h2>\n<ul>\n<li>Sensorausgang: 4 bis 20 mA \/ HART<\/li>\n<li>Verf\u00fcgbare L\u00e4ngen: 120 mm, 225, 325 und 425 mm<\/li>\n<li>Elektrischer Anschluss: M12<\/li>\n<li>Messprinzip: Sauerstoffabh\u00e4ngige Lumineszenzl\u00f6schung, Temperaturkompensation<\/li>\n<li>Messbereich: 0 bis 2 ppm (0 bis 50 mbar) O2 and 0-5 % vol bei 25 \u00b0C und 1 bar Druck.<\/li>\n<li>Genauigkeit bei 25 \u00b0C: \u00b10,5 ppb oder 2 %, je nachdem, welcher Wert gr\u00f6\u00dfer ist<\/li>\n<li>Drift bei Raumtemperatur: &lt; 1 % pro Woche bei 100 ppb<\/li>\n<li>Sauerstoffverbrauch: Keiner<\/li>\n<li>NTC-Temperatursensor 22 kOhm<\/li>\n<li>Konfigurierbare Werte DO: mbar; %-sat; %-Flug ; \u00b5g\/l; mg\/l; ppb\/ppm (Gas); ppb\/ppm (gel\u00f6ster Sauerstoff); Temperatur: \u00b0C, \u00b0F, K<\/li>\n<li>Durchmesser: 12 mm<\/li>\n<li>Anbindung an den PG13.5-Prozess<\/li>\n<li>Ber\u00fchrte Teile: Edelstahl 1.4435, EPDM (Ethylen-Propylen-Elastomer), Silikon-FDA 21 CFR 177.2600<\/li>\n<li>VMQ (Silikonelastomer)<\/li>\n<li>Stahloberfl\u00e4chenqualit\u00e4t Ra &lt; 0,4 \u00b5m (N5)<\/li>\n<li>Strombereich 4 bis 20 mA (3,5 bis 22 mA)<\/li>\n<li>Analoge Schnittstelle 1 Zweidraht-K\u00fchlk\u00f6rper 4 bis 20 mA f\u00fcr DO, programmierbar<\/li>\n<li>Genauigkeit 4 bis 20 mA &lt; 0,3 % + 0,05 mA<\/li>\n<li>Maximale Sendeleistung 4 dBm<\/li>\n<li>Digitale Bluetooth 5.0-Schnittstelle<\/li>\n<li>HART-Version 7.0<\/li>\n<li>Betriebsspannung 18 bis 30 VDC<\/li>\n<li>Ansprechzeit t90 % &lt; 20 s in Gas; &lt; 90 s im Wasser<\/li>\n<li>ATEX-Zulassung II 1 G Ex ia IIC T3\/T4\/T5\/T6 Ga; II 1 D Ex ia IIIC T135\u00b0C Da<\/li>\n<li>Zulassung IECEx ll 1 G Ex ia llC T3\/T4\/T5\/T6 Ga; II 1 D Ex ia IIIC T135\u00b0C Da<\/li>\n<li>Autoklavierbar Ja<\/li>\n<li>CIP Ja<\/li>\n<li>Dampfsterilisierbar Ja, max. Temperatur 140\u00b0C<\/li>\n<li>Betriebstemperaturbereich -10 bis 140 \u00b0C; Der Sensor liefert \u00fcber 85 \u00b0C keinen Sauerstoffwert<\/li>\n<li>Druckbereich bar g -1 bis 12 bar<\/li>\n<li>Schutzart IP 68<\/li>\n<\/ul>\n","protected":false},"excerpt":{"rendered":"<p>Sauerstoffsonde mit 4-20 mA Ausgang. Autoklavierbar bei 121 \u00b0C.<\/p>\n","protected":false},"featured_media":29468,"template":"","meta":{"_crdt_document":""},"product_brand":[],"product_cat":[180,246],"product_tag":[],"class_list":{"0":"post-29464","1":"product","2":"type-product","3":"status-publish","4":"has-post-thumbnail","6":"product_cat-messung","7":"product_cat-sauerstoff","9":"first","10":"instock","11":"taxable","12":"shipping-taxable","13":"product-type-simple"},"yoast_head":"<!-- This site is optimized with the Yoast SEO plugin v27.3 - https:\/\/yoast.com\/product\/yoast-seo-wordpress\/ -->\n<title>Sauerstoffsonde Visitrace mA mit 4\u201320 mA-Ausgang - Sysmatec<\/title>\n<meta name=\"description\" content=\"Sauerstoffmesssonde bestehend aus einem optischen Sensor und einem elektrooptischen Modul. Es verf\u00fcgt \u00fcber einen 4-20-mA-Ausgang. Autoklavierbar bei 121 \u00b0C\" \/>\n<meta name=\"robots\" content=\"index, follow, max-snippet:-1, max-image-preview:large, max-video-preview:-1\" \/>\n<link rel=\"canonical\" href=\"https:\/\/sysmatec.ch\/de\/Produkt\/sauerstoffsonde-visitrace-ma-mit-4-20-ma-ausgang\/\" \/>\n<meta property=\"og:locale\" content=\"de_DE\" \/>\n<meta property=\"og:type\" content=\"article\" \/>\n<meta property=\"og:title\" content=\"Sauerstoffsonde Visitrace mA mit 4\u201320 mA-Ausgang - Sysmatec\" \/>\n<meta property=\"og:description\" content=\"Sauerstoffmesssonde bestehend aus einem optischen Sensor und einem elektrooptischen Modul. Es verf\u00fcgt \u00fcber einen 4-20-mA-Ausgang. Autoklavierbar bei 121 \u00b0C\" \/>\n<meta property=\"og:url\" content=\"https:\/\/sysmatec.ch\/de\/Produkt\/sauerstoffsonde-visitrace-ma-mit-4-20-ma-ausgang\/\" \/>\n<meta property=\"og:site_name\" content=\"Sysmatec\" \/>\n<meta property=\"article:modified_time\" content=\"2024-05-17T06:45:46+00:00\" \/>\n<meta property=\"og:image\" content=\"https:\/\/sysmatec.ch\/wp-content\/uploads\/2024\/05\/CapteurOxygene_HamiltonVisiTrace.jpg\" \/>\n\t<meta property=\"og:image:width\" content=\"452\" \/>\n\t<meta property=\"og:image:height\" content=\"323\" \/>\n\t<meta property=\"og:image:type\" content=\"image\/jpeg\" \/>\n<meta name=\"twitter:card\" content=\"summary_large_image\" \/>\n<meta name=\"twitter:label1\" content=\"Gesch\u00e4tzte Lesezeit\" \/>\n\t<meta name=\"twitter:data1\" content=\"3\u00a0Minuten\" \/>\n<script type=\"application\/ld+json\" class=\"yoast-schema-graph\">{\"@context\":\"https:\\\/\\\/schema.org\",\"@graph\":[{\"@type\":\"WebPage\",\"@id\":\"https:\\\/\\\/sysmatec.ch\\\/de\\\/Produkt\\\/sauerstoffsonde-visitrace-ma-mit-4-20-ma-ausgang\\\/\",\"url\":\"https:\\\/\\\/sysmatec.ch\\\/de\\\/Produkt\\\/sauerstoffsonde-visitrace-ma-mit-4-20-ma-ausgang\\\/\",\"name\":\"Sauerstoffsonde Visitrace mA mit 4\u201320 mA-Ausgang - Sysmatec\",\"isPartOf\":{\"@id\":\"https:\\\/\\\/sysmatec.ch\\\/de\\\/#website\"},\"primaryImageOfPage\":{\"@id\":\"https:\\\/\\\/sysmatec.ch\\\/de\\\/Produkt\\\/sauerstoffsonde-visitrace-ma-mit-4-20-ma-ausgang\\\/#primaryimage\"},\"image\":{\"@id\":\"https:\\\/\\\/sysmatec.ch\\\/de\\\/Produkt\\\/sauerstoffsonde-visitrace-ma-mit-4-20-ma-ausgang\\\/#primaryimage\"},\"thumbnailUrl\":\"https:\\\/\\\/sysmatec.ch\\\/wp-content\\\/uploads\\\/2024\\\/05\\\/CapteurOxygene_HamiltonVisiTrace.jpg\",\"datePublished\":\"2024-05-14T12:56:32+00:00\",\"dateModified\":\"2024-05-17T06:45:46+00:00\",\"description\":\"Sauerstoffmesssonde bestehend aus einem optischen Sensor und einem elektrooptischen Modul. Es verf\u00fcgt \u00fcber einen 4-20-mA-Ausgang. Autoklavierbar bei 121 \u00b0C\",\"breadcrumb\":{\"@id\":\"https:\\\/\\\/sysmatec.ch\\\/de\\\/Produkt\\\/sauerstoffsonde-visitrace-ma-mit-4-20-ma-ausgang\\\/#breadcrumb\"},\"inLanguage\":\"de\",\"potentialAction\":[{\"@type\":\"ReadAction\",\"target\":[\"https:\\\/\\\/sysmatec.ch\\\/de\\\/Produkt\\\/sauerstoffsonde-visitrace-ma-mit-4-20-ma-ausgang\\\/\"]}]},{\"@type\":\"ImageObject\",\"inLanguage\":\"de\",\"@id\":\"https:\\\/\\\/sysmatec.ch\\\/de\\\/Produkt\\\/sauerstoffsonde-visitrace-ma-mit-4-20-ma-ausgang\\\/#primaryimage\",\"url\":\"https:\\\/\\\/sysmatec.ch\\\/wp-content\\\/uploads\\\/2024\\\/05\\\/CapteurOxygene_HamiltonVisiTrace.jpg\",\"contentUrl\":\"https:\\\/\\\/sysmatec.ch\\\/wp-content\\\/uploads\\\/2024\\\/05\\\/CapteurOxygene_HamiltonVisiTrace.jpg\",\"width\":452,\"height\":323},{\"@type\":\"BreadcrumbList\",\"@id\":\"https:\\\/\\\/sysmatec.ch\\\/de\\\/Produkt\\\/sauerstoffsonde-visitrace-ma-mit-4-20-ma-ausgang\\\/#breadcrumb\",\"itemListElement\":[{\"@type\":\"ListItem\",\"position\":1,\"name\":\"Accueil\",\"item\":\"https:\\\/\\\/sysmatec.ch\\\/de\\\/\"},{\"@type\":\"ListItem\",\"position\":2,\"name\":\"Die Aktivit\u00e4t von Sysmatec\",\"item\":\"https:\\\/\\\/sysmatec.ch\\\/de\\\/\"},{\"@type\":\"ListItem\",\"position\":3,\"name\":\"Sauerstoffsonde Visitrace mA mit 4\u201320 mA-Ausgang\"}]},{\"@type\":\"WebSite\",\"@id\":\"https:\\\/\\\/sysmatec.ch\\\/de\\\/#website\",\"url\":\"https:\\\/\\\/sysmatec.ch\\\/de\\\/\",\"name\":\"Sysmatec\",\"description\":\"Equipement de laboratoire et logiciels\",\"publisher\":{\"@id\":\"https:\\\/\\\/sysmatec.ch\\\/de\\\/#organization\"},\"potentialAction\":[{\"@type\":\"SearchAction\",\"target\":{\"@type\":\"EntryPoint\",\"urlTemplate\":\"https:\\\/\\\/sysmatec.ch\\\/de\\\/?s={search_term_string}\"},\"query-input\":{\"@type\":\"PropertyValueSpecification\",\"valueRequired\":true,\"valueName\":\"search_term_string\"}}],\"inLanguage\":\"de\"},{\"@type\":\"Organization\",\"@id\":\"https:\\\/\\\/sysmatec.ch\\\/de\\\/#organization\",\"name\":\"Sysmatec\",\"url\":\"https:\\\/\\\/sysmatec.ch\\\/de\\\/\",\"logo\":{\"@type\":\"ImageObject\",\"inLanguage\":\"de\",\"@id\":\"https:\\\/\\\/sysmatec.ch\\\/de\\\/#\\\/schema\\\/logo\\\/image\\\/\",\"url\":\"https:\\\/\\\/sysmatec.ch\\\/wp-content\\\/uploads\\\/2018\\\/11\\\/LogoSysmatec.jpg\",\"contentUrl\":\"https:\\\/\\\/sysmatec.ch\\\/wp-content\\\/uploads\\\/2018\\\/11\\\/LogoSysmatec.jpg\",\"width\":301,\"height\":297,\"caption\":\"Sysmatec\"},\"image\":{\"@id\":\"https:\\\/\\\/sysmatec.ch\\\/de\\\/#\\\/schema\\\/logo\\\/image\\\/\"}}]}<\/script>\n<!-- \/ Yoast SEO plugin. -->","yoast_head_json":{"title":"Sauerstoffsonde Visitrace mA mit 4\u201320 mA-Ausgang - Sysmatec","description":"Sauerstoffmesssonde bestehend aus einem optischen Sensor und einem elektrooptischen Modul. Es verf\u00fcgt \u00fcber einen 4-20-mA-Ausgang. Autoklavierbar bei 121 \u00b0C","robots":{"index":"index","follow":"follow","max-snippet":"max-snippet:-1","max-image-preview":"max-image-preview:large","max-video-preview":"max-video-preview:-1"},"canonical":"https:\/\/sysmatec.ch\/de\/Produkt\/sauerstoffsonde-visitrace-ma-mit-4-20-ma-ausgang\/","og_locale":"de_DE","og_type":"article","og_title":"Sauerstoffsonde Visitrace mA mit 4\u201320 mA-Ausgang - Sysmatec","og_description":"Sauerstoffmesssonde bestehend aus einem optischen Sensor und einem elektrooptischen Modul. Es verf\u00fcgt \u00fcber einen 4-20-mA-Ausgang. Autoklavierbar bei 121 \u00b0C","og_url":"https:\/\/sysmatec.ch\/de\/Produkt\/sauerstoffsonde-visitrace-ma-mit-4-20-ma-ausgang\/","og_site_name":"Sysmatec","article_modified_time":"2024-05-17T06:45:46+00:00","og_image":[{"width":452,"height":323,"url":"https:\/\/sysmatec.ch\/wp-content\/uploads\/2024\/05\/CapteurOxygene_HamiltonVisiTrace.jpg","type":"image\/jpeg"}],"twitter_card":"summary_large_image","twitter_misc":{"Gesch\u00e4tzte Lesezeit":"3\u00a0Minuten"},"schema":{"@context":"https:\/\/schema.org","@graph":[{"@type":"WebPage","@id":"https:\/\/sysmatec.ch\/de\/Produkt\/sauerstoffsonde-visitrace-ma-mit-4-20-ma-ausgang\/","url":"https:\/\/sysmatec.ch\/de\/Produkt\/sauerstoffsonde-visitrace-ma-mit-4-20-ma-ausgang\/","name":"Sauerstoffsonde Visitrace mA mit 4\u201320 mA-Ausgang - Sysmatec","isPartOf":{"@id":"https:\/\/sysmatec.ch\/de\/#website"},"primaryImageOfPage":{"@id":"https:\/\/sysmatec.ch\/de\/Produkt\/sauerstoffsonde-visitrace-ma-mit-4-20-ma-ausgang\/#primaryimage"},"image":{"@id":"https:\/\/sysmatec.ch\/de\/Produkt\/sauerstoffsonde-visitrace-ma-mit-4-20-ma-ausgang\/#primaryimage"},"thumbnailUrl":"https:\/\/sysmatec.ch\/wp-content\/uploads\/2024\/05\/CapteurOxygene_HamiltonVisiTrace.jpg","datePublished":"2024-05-14T12:56:32+00:00","dateModified":"2024-05-17T06:45:46+00:00","description":"Sauerstoffmesssonde bestehend aus einem optischen Sensor und einem elektrooptischen Modul. Es verf\u00fcgt \u00fcber einen 4-20-mA-Ausgang. Autoklavierbar bei 121 \u00b0C","breadcrumb":{"@id":"https:\/\/sysmatec.ch\/de\/Produkt\/sauerstoffsonde-visitrace-ma-mit-4-20-ma-ausgang\/#breadcrumb"},"inLanguage":"de","potentialAction":[{"@type":"ReadAction","target":["https:\/\/sysmatec.ch\/de\/Produkt\/sauerstoffsonde-visitrace-ma-mit-4-20-ma-ausgang\/"]}]},{"@type":"ImageObject","inLanguage":"de","@id":"https:\/\/sysmatec.ch\/de\/Produkt\/sauerstoffsonde-visitrace-ma-mit-4-20-ma-ausgang\/#primaryimage","url":"https:\/\/sysmatec.ch\/wp-content\/uploads\/2024\/05\/CapteurOxygene_HamiltonVisiTrace.jpg","contentUrl":"https:\/\/sysmatec.ch\/wp-content\/uploads\/2024\/05\/CapteurOxygene_HamiltonVisiTrace.jpg","width":452,"height":323},{"@type":"BreadcrumbList","@id":"https:\/\/sysmatec.ch\/de\/Produkt\/sauerstoffsonde-visitrace-ma-mit-4-20-ma-ausgang\/#breadcrumb","itemListElement":[{"@type":"ListItem","position":1,"name":"Accueil","item":"https:\/\/sysmatec.ch\/de\/"},{"@type":"ListItem","position":2,"name":"Die Aktivit\u00e4t von Sysmatec","item":"https:\/\/sysmatec.ch\/de\/"},{"@type":"ListItem","position":3,"name":"Sauerstoffsonde Visitrace mA mit 4\u201320 mA-Ausgang"}]},{"@type":"WebSite","@id":"https:\/\/sysmatec.ch\/de\/#website","url":"https:\/\/sysmatec.ch\/de\/","name":"Sysmatec","description":"Equipement de laboratoire et logiciels","publisher":{"@id":"https:\/\/sysmatec.ch\/de\/#organization"},"potentialAction":[{"@type":"SearchAction","target":{"@type":"EntryPoint","urlTemplate":"https:\/\/sysmatec.ch\/de\/?s={search_term_string}"},"query-input":{"@type":"PropertyValueSpecification","valueRequired":true,"valueName":"search_term_string"}}],"inLanguage":"de"},{"@type":"Organization","@id":"https:\/\/sysmatec.ch\/de\/#organization","name":"Sysmatec","url":"https:\/\/sysmatec.ch\/de\/","logo":{"@type":"ImageObject","inLanguage":"de","@id":"https:\/\/sysmatec.ch\/de\/#\/schema\/logo\/image\/","url":"https:\/\/sysmatec.ch\/wp-content\/uploads\/2018\/11\/LogoSysmatec.jpg","contentUrl":"https:\/\/sysmatec.ch\/wp-content\/uploads\/2018\/11\/LogoSysmatec.jpg","width":301,"height":297,"caption":"Sysmatec"},"image":{"@id":"https:\/\/sysmatec.ch\/de\/#\/schema\/logo\/image\/"}}]}},"_links":{"self":[{"href":"https:\/\/sysmatec.ch\/de\/wp-json\/wp\/v2\/product\/29464","targetHints":{"allow":["GET"]}}],"collection":[{"href":"https:\/\/sysmatec.ch\/de\/wp-json\/wp\/v2\/product"}],"about":[{"href":"https:\/\/sysmatec.ch\/de\/wp-json\/wp\/v2\/types\/product"}],"wp:featuredmedia":[{"embeddable":true,"href":"https:\/\/sysmatec.ch\/de\/wp-json\/wp\/v2\/media\/29468"}],"wp:attachment":[{"href":"https:\/\/sysmatec.ch\/de\/wp-json\/wp\/v2\/media?parent=29464"}],"wp:term":[{"taxonomy":"product_brand","embeddable":true,"href":"https:\/\/sysmatec.ch\/de\/wp-json\/wp\/v2\/product_brand?post=29464"},{"taxonomy":"product_cat","embeddable":true,"href":"https:\/\/sysmatec.ch\/de\/wp-json\/wp\/v2\/product_cat?post=29464"},{"taxonomy":"product_tag","embeddable":true,"href":"https:\/\/sysmatec.ch\/de\/wp-json\/wp\/v2\/product_tag?post=29464"}],"curies":[{"name":"wp","href":"https:\/\/api.w.org\/{rel}","templated":true}]}}