{"id":29455,"date":"2024-05-14T08:37:57","date_gmt":"2024-05-14T06:37:57","guid":{"rendered":"https:\/\/sysmatec.ch\/?post_type=product&#038;p=29455"},"modified":"2024-05-14T09:03:58","modified_gmt":"2024-05-14T07:03:58","slug":"handschuhebox-captair-pyramid","status":"publish","type":"product","link":"https:\/\/sysmatec.ch\/de\/Produkt\/handschuhebox-captair-pyramid\/","title":{"rendered":"Handschuhebox Captair Pyramid"},"content":{"rendered":"<p>Zusammenklappbares und transportables Feld- und Laboruntersuchungsgeh\u00e4use.<\/p>\n<p>Multifunktionaler Lautsprecher aus hochwertigem transparentem PVC. In Sekundenschnelle zusammengebaut, kann es \u00fcberall verwendet werden. Die geneigte Form der Struktur erm\u00f6glicht eine ergonomische Arbeitsposition.<br \/>\nDieses transportable und leichte Schutzgeh\u00e4use eignet sich f\u00fcr viele Anwendungen im Labor oder im Feld.<\/p>\n<p>Jeder Lautsprecher wird getestet, bevor er auf den Markt gebracht wird. Das Aufpumpen mit Druckluft erfolgt mit einem Druck von 2,5 mm Hg.<\/p>\n<p>Jedem Lautsprecher liegt eine Konformit\u00e4tsbescheinigung bei, die durch eine Seriennummer identifiziert wird.<\/p>\n<h2>Merkmale<\/h2>\n<ul>\n<li>Weich-PVC-Geh\u00e4use und Sockel werden durch Hochfrequenzschwei\u00dfen zusammengef\u00fcgt, um eine optimale Wasserdichtigkeit zu gew\u00e4hrleisten.<\/li>\n<li>\u00d6ffnungsrei\u00dfverschluss, Zwei-Rillen-Verschluss f\u00fcr optimale Wasserdichtigkeit.<\/li>\n<li>Durch Hochfrequenzschwei\u00dfen zusammengesetzte medizinische Handschuhe aus PVC.<\/li>\n<li>Hochfeste Halte\u00f6se zum Transportieren und Aufh\u00e4ngen des Lautsprechers.<\/li>\n<li>Seitenstangen zum Halten des Lautsprechers.<\/li>\n<li>Durchgang der Arme.<\/li>\n<li>Ventil zur m\u00f6glichen Bef\u00fcllung des Geh\u00e4uses mit einem Inertgas (Stickstoff). Aufpumpen des Lautsprechers bei normalem Gebrauch bei 2,5 mm Hg.<\/li>\n<li>Jedes Geh\u00e4use ist durch eine Nutzungsnummer gekennzeichnet<\/li>\n<li>Abmessungen (L x T x H): 860 x 560 x 725 mm<\/li>\n<li>Verschluss: doppelte Dichtungsnut (600 mm)<\/li>\n<li>Arm\u00f6ffnungen: Hart-PVC 115 mm \u2205<\/li>\n<li>Betriebstemperatur: -25 \u00b0C bis +45 \u00b0C<\/li>\n<li>Gewicht: 1,6 kg<\/li>\n<li>Ventil zum Bef\u00fcllen des Geh\u00e4uses mit einem Inertgas (Stickstoff)<\/li>\n<\/ul>\n","protected":false},"excerpt":{"rendered":"<p>Untersuchungskammer im Feld und im Labor.<\/p>\n","protected":false},"featured_media":29460,"template":"","meta":{"_crdt_document":""},"product_brand":[],"product_cat":[141],"product_tag":[],"class_list":{"0":"post-29455","1":"product","2":"type-product","3":"status-publish","4":"has-post-thumbnail","6":"product_cat-handschuhebox","8":"first","9":"instock","10":"taxable","11":"shipping-taxable","12":"product-type-simple"},"yoast_head":"<!-- This site is optimized with the Yoast SEO plugin v27.3 - https:\/\/yoast.com\/product\/yoast-seo-wordpress\/ -->\n<title>Handschuhebox Captair Pyramid - Sysmatec<\/title>\n<meta name=\"description\" content=\"PVC-Untersuchungshandschuhbox im Feld und im Labor, faltbar und transportabel. Es ist inertisierbar.\" \/>\n<meta name=\"robots\" content=\"index, follow, max-snippet:-1, max-image-preview:large, max-video-preview:-1\" \/>\n<link rel=\"canonical\" href=\"https:\/\/sysmatec.ch\/de\/Produkt\/handschuhebox-captair-pyramid\/\" \/>\n<meta property=\"og:locale\" content=\"de_DE\" \/>\n<meta property=\"og:type\" content=\"article\" \/>\n<meta property=\"og:title\" content=\"Handschuhebox Captair Pyramid - Sysmatec\" \/>\n<meta property=\"og:description\" content=\"PVC-Untersuchungshandschuhbox im Feld und im Labor, faltbar und transportabel. Es ist inertisierbar.\" \/>\n<meta property=\"og:url\" content=\"https:\/\/sysmatec.ch\/de\/Produkt\/handschuhebox-captair-pyramid\/\" \/>\n<meta property=\"og:site_name\" content=\"Sysmatec\" \/>\n<meta property=\"article:modified_time\" content=\"2024-05-14T07:03:58+00:00\" \/>\n<meta property=\"og:image\" content=\"https:\/\/sysmatec.ch\/wp-content\/uploads\/2024\/05\/BoiteAGants_CaptairPyramid.jpg\" \/>\n\t<meta property=\"og:image:width\" content=\"823\" \/>\n\t<meta property=\"og:image:height\" content=\"752\" \/>\n\t<meta property=\"og:image:type\" content=\"image\/jpeg\" \/>\n<meta name=\"twitter:card\" content=\"summary_large_image\" \/>\n<meta name=\"twitter:label1\" content=\"Gesch\u00e4tzte Lesezeit\" \/>\n\t<meta name=\"twitter:data1\" content=\"2\u00a0Minuten\" \/>\n<script type=\"application\/ld+json\" class=\"yoast-schema-graph\">{\"@context\":\"https:\\\/\\\/schema.org\",\"@graph\":[{\"@type\":\"WebPage\",\"@id\":\"https:\\\/\\\/sysmatec.ch\\\/de\\\/Produkt\\\/handschuhebox-captair-pyramid\\\/\",\"url\":\"https:\\\/\\\/sysmatec.ch\\\/de\\\/Produkt\\\/handschuhebox-captair-pyramid\\\/\",\"name\":\"Handschuhebox Captair Pyramid - Sysmatec\",\"isPartOf\":{\"@id\":\"https:\\\/\\\/sysmatec.ch\\\/de\\\/#website\"},\"primaryImageOfPage\":{\"@id\":\"https:\\\/\\\/sysmatec.ch\\\/de\\\/Produkt\\\/handschuhebox-captair-pyramid\\\/#primaryimage\"},\"image\":{\"@id\":\"https:\\\/\\\/sysmatec.ch\\\/de\\\/Produkt\\\/handschuhebox-captair-pyramid\\\/#primaryimage\"},\"thumbnailUrl\":\"https:\\\/\\\/sysmatec.ch\\\/wp-content\\\/uploads\\\/2024\\\/05\\\/BoiteAGants_CaptairPyramid.jpg\",\"datePublished\":\"2024-05-14T06:37:57+00:00\",\"dateModified\":\"2024-05-14T07:03:58+00:00\",\"description\":\"PVC-Untersuchungshandschuhbox im Feld und im Labor, faltbar und transportabel. Es ist inertisierbar.\",\"breadcrumb\":{\"@id\":\"https:\\\/\\\/sysmatec.ch\\\/de\\\/Produkt\\\/handschuhebox-captair-pyramid\\\/#breadcrumb\"},\"inLanguage\":\"de\",\"potentialAction\":[{\"@type\":\"ReadAction\",\"target\":[\"https:\\\/\\\/sysmatec.ch\\\/de\\\/Produkt\\\/handschuhebox-captair-pyramid\\\/\"]}]},{\"@type\":\"ImageObject\",\"inLanguage\":\"de\",\"@id\":\"https:\\\/\\\/sysmatec.ch\\\/de\\\/Produkt\\\/handschuhebox-captair-pyramid\\\/#primaryimage\",\"url\":\"https:\\\/\\\/sysmatec.ch\\\/wp-content\\\/uploads\\\/2024\\\/05\\\/BoiteAGants_CaptairPyramid.jpg\",\"contentUrl\":\"https:\\\/\\\/sysmatec.ch\\\/wp-content\\\/uploads\\\/2024\\\/05\\\/BoiteAGants_CaptairPyramid.jpg\",\"width\":823,\"height\":752},{\"@type\":\"BreadcrumbList\",\"@id\":\"https:\\\/\\\/sysmatec.ch\\\/de\\\/Produkt\\\/handschuhebox-captair-pyramid\\\/#breadcrumb\",\"itemListElement\":[{\"@type\":\"ListItem\",\"position\":1,\"name\":\"Accueil\",\"item\":\"https:\\\/\\\/sysmatec.ch\\\/de\\\/\"},{\"@type\":\"ListItem\",\"position\":2,\"name\":\"Die Aktivit\u00e4t von Sysmatec\",\"item\":\"https:\\\/\\\/sysmatec.ch\\\/de\\\/\"},{\"@type\":\"ListItem\",\"position\":3,\"name\":\"Handschuhebox Captair Pyramid\"}]},{\"@type\":\"WebSite\",\"@id\":\"https:\\\/\\\/sysmatec.ch\\\/de\\\/#website\",\"url\":\"https:\\\/\\\/sysmatec.ch\\\/de\\\/\",\"name\":\"Sysmatec\",\"description\":\"Equipement de laboratoire et logiciels\",\"publisher\":{\"@id\":\"https:\\\/\\\/sysmatec.ch\\\/de\\\/#organization\"},\"potentialAction\":[{\"@type\":\"SearchAction\",\"target\":{\"@type\":\"EntryPoint\",\"urlTemplate\":\"https:\\\/\\\/sysmatec.ch\\\/de\\\/?s={search_term_string}\"},\"query-input\":{\"@type\":\"PropertyValueSpecification\",\"valueRequired\":true,\"valueName\":\"search_term_string\"}}],\"inLanguage\":\"de\"},{\"@type\":\"Organization\",\"@id\":\"https:\\\/\\\/sysmatec.ch\\\/de\\\/#organization\",\"name\":\"Sysmatec\",\"url\":\"https:\\\/\\\/sysmatec.ch\\\/de\\\/\",\"logo\":{\"@type\":\"ImageObject\",\"inLanguage\":\"de\",\"@id\":\"https:\\\/\\\/sysmatec.ch\\\/de\\\/#\\\/schema\\\/logo\\\/image\\\/\",\"url\":\"https:\\\/\\\/sysmatec.ch\\\/wp-content\\\/uploads\\\/2018\\\/11\\\/LogoSysmatec.jpg\",\"contentUrl\":\"https:\\\/\\\/sysmatec.ch\\\/wp-content\\\/uploads\\\/2018\\\/11\\\/LogoSysmatec.jpg\",\"width\":301,\"height\":297,\"caption\":\"Sysmatec\"},\"image\":{\"@id\":\"https:\\\/\\\/sysmatec.ch\\\/de\\\/#\\\/schema\\\/logo\\\/image\\\/\"}}]}<\/script>\n<!-- \/ Yoast SEO plugin. -->","yoast_head_json":{"title":"Handschuhebox Captair Pyramid - Sysmatec","description":"PVC-Untersuchungshandschuhbox im Feld und im Labor, faltbar und transportabel. Es ist inertisierbar.","robots":{"index":"index","follow":"follow","max-snippet":"max-snippet:-1","max-image-preview":"max-image-preview:large","max-video-preview":"max-video-preview:-1"},"canonical":"https:\/\/sysmatec.ch\/de\/Produkt\/handschuhebox-captair-pyramid\/","og_locale":"de_DE","og_type":"article","og_title":"Handschuhebox Captair Pyramid - Sysmatec","og_description":"PVC-Untersuchungshandschuhbox im Feld und im Labor, faltbar und transportabel. Es ist inertisierbar.","og_url":"https:\/\/sysmatec.ch\/de\/Produkt\/handschuhebox-captair-pyramid\/","og_site_name":"Sysmatec","article_modified_time":"2024-05-14T07:03:58+00:00","og_image":[{"width":823,"height":752,"url":"https:\/\/sysmatec.ch\/wp-content\/uploads\/2024\/05\/BoiteAGants_CaptairPyramid.jpg","type":"image\/jpeg"}],"twitter_card":"summary_large_image","twitter_misc":{"Gesch\u00e4tzte Lesezeit":"2\u00a0Minuten"},"schema":{"@context":"https:\/\/schema.org","@graph":[{"@type":"WebPage","@id":"https:\/\/sysmatec.ch\/de\/Produkt\/handschuhebox-captair-pyramid\/","url":"https:\/\/sysmatec.ch\/de\/Produkt\/handschuhebox-captair-pyramid\/","name":"Handschuhebox Captair Pyramid - Sysmatec","isPartOf":{"@id":"https:\/\/sysmatec.ch\/de\/#website"},"primaryImageOfPage":{"@id":"https:\/\/sysmatec.ch\/de\/Produkt\/handschuhebox-captair-pyramid\/#primaryimage"},"image":{"@id":"https:\/\/sysmatec.ch\/de\/Produkt\/handschuhebox-captair-pyramid\/#primaryimage"},"thumbnailUrl":"https:\/\/sysmatec.ch\/wp-content\/uploads\/2024\/05\/BoiteAGants_CaptairPyramid.jpg","datePublished":"2024-05-14T06:37:57+00:00","dateModified":"2024-05-14T07:03:58+00:00","description":"PVC-Untersuchungshandschuhbox im Feld und im Labor, faltbar und transportabel. Es ist inertisierbar.","breadcrumb":{"@id":"https:\/\/sysmatec.ch\/de\/Produkt\/handschuhebox-captair-pyramid\/#breadcrumb"},"inLanguage":"de","potentialAction":[{"@type":"ReadAction","target":["https:\/\/sysmatec.ch\/de\/Produkt\/handschuhebox-captair-pyramid\/"]}]},{"@type":"ImageObject","inLanguage":"de","@id":"https:\/\/sysmatec.ch\/de\/Produkt\/handschuhebox-captair-pyramid\/#primaryimage","url":"https:\/\/sysmatec.ch\/wp-content\/uploads\/2024\/05\/BoiteAGants_CaptairPyramid.jpg","contentUrl":"https:\/\/sysmatec.ch\/wp-content\/uploads\/2024\/05\/BoiteAGants_CaptairPyramid.jpg","width":823,"height":752},{"@type":"BreadcrumbList","@id":"https:\/\/sysmatec.ch\/de\/Produkt\/handschuhebox-captair-pyramid\/#breadcrumb","itemListElement":[{"@type":"ListItem","position":1,"name":"Accueil","item":"https:\/\/sysmatec.ch\/de\/"},{"@type":"ListItem","position":2,"name":"Die Aktivit\u00e4t von Sysmatec","item":"https:\/\/sysmatec.ch\/de\/"},{"@type":"ListItem","position":3,"name":"Handschuhebox Captair Pyramid"}]},{"@type":"WebSite","@id":"https:\/\/sysmatec.ch\/de\/#website","url":"https:\/\/sysmatec.ch\/de\/","name":"Sysmatec","description":"Equipement de laboratoire et logiciels","publisher":{"@id":"https:\/\/sysmatec.ch\/de\/#organization"},"potentialAction":[{"@type":"SearchAction","target":{"@type":"EntryPoint","urlTemplate":"https:\/\/sysmatec.ch\/de\/?s={search_term_string}"},"query-input":{"@type":"PropertyValueSpecification","valueRequired":true,"valueName":"search_term_string"}}],"inLanguage":"de"},{"@type":"Organization","@id":"https:\/\/sysmatec.ch\/de\/#organization","name":"Sysmatec","url":"https:\/\/sysmatec.ch\/de\/","logo":{"@type":"ImageObject","inLanguage":"de","@id":"https:\/\/sysmatec.ch\/de\/#\/schema\/logo\/image\/","url":"https:\/\/sysmatec.ch\/wp-content\/uploads\/2018\/11\/LogoSysmatec.jpg","contentUrl":"https:\/\/sysmatec.ch\/wp-content\/uploads\/2018\/11\/LogoSysmatec.jpg","width":301,"height":297,"caption":"Sysmatec"},"image":{"@id":"https:\/\/sysmatec.ch\/de\/#\/schema\/logo\/image\/"}}]}},"_links":{"self":[{"href":"https:\/\/sysmatec.ch\/de\/wp-json\/wp\/v2\/product\/29455","targetHints":{"allow":["GET"]}}],"collection":[{"href":"https:\/\/sysmatec.ch\/de\/wp-json\/wp\/v2\/product"}],"about":[{"href":"https:\/\/sysmatec.ch\/de\/wp-json\/wp\/v2\/types\/product"}],"wp:featuredmedia":[{"embeddable":true,"href":"https:\/\/sysmatec.ch\/de\/wp-json\/wp\/v2\/media\/29460"}],"wp:attachment":[{"href":"https:\/\/sysmatec.ch\/de\/wp-json\/wp\/v2\/media?parent=29455"}],"wp:term":[{"taxonomy":"product_brand","embeddable":true,"href":"https:\/\/sysmatec.ch\/de\/wp-json\/wp\/v2\/product_brand?post=29455"},{"taxonomy":"product_cat","embeddable":true,"href":"https:\/\/sysmatec.ch\/de\/wp-json\/wp\/v2\/product_cat?post=29455"},{"taxonomy":"product_tag","embeddable":true,"href":"https:\/\/sysmatec.ch\/de\/wp-json\/wp\/v2\/product_tag?post=29455"}],"curies":[{"name":"wp","href":"https:\/\/api.w.org\/{rel}","templated":true}]}}