{"id":29430,"date":"2024-05-04T14:42:36","date_gmt":"2024-05-04T12:42:36","guid":{"rendered":"https:\/\/sysmatec.ch\/?post_type=product&#038;p=29430"},"modified":"2024-05-25T09:42:45","modified_gmt":"2024-05-25T07:42:45","slug":"glasfaser-inspektionskamera-ykpt55","status":"publish","type":"product","link":"https:\/\/sysmatec.ch\/de\/Produkt\/glasfaser-inspektionskamera-ykpt55\/","title":{"rendered":"Glasfaser-Inspektionskamera YKPT55"},"content":{"rendered":"<p>Bei diesem Ger\u00e4t handelt es sich um eine Inspektionskamera f\u00fcr Rohre. Die maximal verf\u00fcgbare L\u00e4nge betr\u00e4gt 20 m. Es verf\u00fcgt \u00fcber ein separates Befehlsmodul.<\/p>\n<h2>Endoscope Hauptmerkmale<\/h2>\n<ul>\n<li>Kameragr\u00f6\u00dfe D 50 x 160 mm, Sensorgr\u00f6\u00dfe 1\/3CCD Sony<\/li>\n<li>Drehung: 360\u00b0 horizontal, 180\u00b0 vertikal<\/li>\n<li>4 LED-Lampen, IP65<\/li>\n<li>Die Kamera h\u00e4lt einem Druck von 1 Bar stand (10 m tiefes Wasser).<\/li>\n<li>Die Ladezeit f\u00fcr die Batterie betr\u00e4gt ca. 5 Stunden, die Arbeitszeit ca. 4 Stunden<\/li>\n<li>Display: 9&#8220; TFT-Farb-LCD-Touchscreen<\/li>\n<li>10-stufige Zoomvergr\u00f6\u00dferung<\/li>\n<li>Kabell\u00e4nge 60 bis 120 m auf Anfrage, Kabeldurchmesser 9,5 mm<\/li>\n<li>Videoaufnahme im MP4-Format, Bildaufnahme im JPG-Format, Tect-Aufnahme und Mikrofon-Audioausgabe<\/li>\n<li>Speicherkonfiguration: 8 GB SD-Karte und SD-Kartenleser (bis zu 256 GB)<\/li>\n<li>Geeignet f\u00fcr DN100-1200-Rohre<\/li>\n<\/ul>\n<h2>Kamerafunktionen<\/h2>\n<ul>\n<li>Gr\u00f6\u00dfe: TxL 20 x 160 mm<\/li>\n<li>Stromversorgung: 12 V Gleichstrom<\/li>\n<li>Arbeitsstrom: 500 mA<\/li>\n<li>Blickwinkel: 90\u00b0<\/li>\n<li>Kameralicht: 4 St\u00fcck LED, einstellbar<\/li>\n<li>Drehung: 360\u00b0 horizontal, 180\u00b0 vertikal<\/li>\n<li>960 TVline<\/li>\n<li>Linse: Saphirglas<\/li>\n<li>Fokusbereich: 7 cm bis 100 cm<\/li>\n<li>Wasserdicht IP68<\/li>\n<li>Gewicht: 0,7 kg<\/li>\n<\/ul>\n<p>&nbsp;<\/p>\n","protected":false},"excerpt":{"rendered":"<p>Optische Inspektionskamera f\u00fcr Rohre. Kabel 60 bis 120 m auf Anfrage.<\/p>\n","protected":false},"featured_media":29433,"template":"","meta":{"_crdt_document":""},"product_brand":[],"product_cat":[212],"product_tag":[],"class_list":{"0":"post-29430","1":"product","2":"type-product","3":"status-publish","4":"has-post-thumbnail","6":"product_cat-endoskop","8":"first","9":"instock","10":"taxable","11":"shipping-taxable","12":"product-type-simple"},"yoast_head":"<!-- This site is optimized with the Yoast SEO plugin v27.3 - https:\/\/yoast.com\/product\/yoast-seo-wordpress\/ -->\n<title>Glasfaser-Inspektionskamera YKPT55 - Sysmatec<\/title>\n<meta name=\"description\" content=\"Optische Inspektionskamera f\u00fcr Rohre. Kann in Wassertiefen bis zu 10 m verwendet werden. Kabel 60 bis 120 m auf Anfrage.\" \/>\n<meta name=\"robots\" content=\"index, follow, max-snippet:-1, max-image-preview:large, max-video-preview:-1\" \/>\n<link rel=\"canonical\" href=\"https:\/\/sysmatec.ch\/de\/Produkt\/glasfaser-inspektionskamera-ykpt55\/\" \/>\n<meta property=\"og:locale\" content=\"de_DE\" \/>\n<meta property=\"og:type\" content=\"article\" \/>\n<meta property=\"og:title\" content=\"Glasfaser-Inspektionskamera YKPT55 - Sysmatec\" \/>\n<meta property=\"og:description\" content=\"Optische Inspektionskamera f\u00fcr Rohre. Kann in Wassertiefen bis zu 10 m verwendet werden. Kabel 60 bis 120 m auf Anfrage.\" \/>\n<meta property=\"og:url\" content=\"https:\/\/sysmatec.ch\/de\/Produkt\/glasfaser-inspektionskamera-ykpt55\/\" \/>\n<meta property=\"og:site_name\" content=\"Sysmatec\" \/>\n<meta property=\"article:modified_time\" content=\"2024-05-25T07:42:45+00:00\" \/>\n<meta property=\"og:image\" content=\"https:\/\/sysmatec.ch\/wp-content\/uploads\/2024\/05\/EndoscopeYKPT55_YKNDT.jpg\" \/>\n\t<meta property=\"og:image:width\" content=\"600\" \/>\n\t<meta property=\"og:image:height\" content=\"501\" \/>\n\t<meta property=\"og:image:type\" content=\"image\/jpeg\" \/>\n<meta name=\"twitter:card\" content=\"summary_large_image\" \/>\n<meta name=\"twitter:label1\" content=\"Gesch\u00e4tzte Lesezeit\" \/>\n\t<meta name=\"twitter:data1\" content=\"1\u00a0Minute\" \/>\n<script type=\"application\/ld+json\" class=\"yoast-schema-graph\">{\"@context\":\"https:\\\/\\\/schema.org\",\"@graph\":[{\"@type\":\"WebPage\",\"@id\":\"https:\\\/\\\/sysmatec.ch\\\/de\\\/Produkt\\\/glasfaser-inspektionskamera-ykpt55\\\/\",\"url\":\"https:\\\/\\\/sysmatec.ch\\\/de\\\/Produkt\\\/glasfaser-inspektionskamera-ykpt55\\\/\",\"name\":\"Glasfaser-Inspektionskamera YKPT55 - Sysmatec\",\"isPartOf\":{\"@id\":\"https:\\\/\\\/sysmatec.ch\\\/de\\\/#website\"},\"primaryImageOfPage\":{\"@id\":\"https:\\\/\\\/sysmatec.ch\\\/de\\\/Produkt\\\/glasfaser-inspektionskamera-ykpt55\\\/#primaryimage\"},\"image\":{\"@id\":\"https:\\\/\\\/sysmatec.ch\\\/de\\\/Produkt\\\/glasfaser-inspektionskamera-ykpt55\\\/#primaryimage\"},\"thumbnailUrl\":\"https:\\\/\\\/sysmatec.ch\\\/wp-content\\\/uploads\\\/2024\\\/05\\\/EndoscopeYKPT55_YKNDT.jpg\",\"datePublished\":\"2024-05-04T12:42:36+00:00\",\"dateModified\":\"2024-05-25T07:42:45+00:00\",\"description\":\"Optische Inspektionskamera f\u00fcr Rohre. Kann in Wassertiefen bis zu 10 m verwendet werden. Kabel 60 bis 120 m auf Anfrage.\",\"breadcrumb\":{\"@id\":\"https:\\\/\\\/sysmatec.ch\\\/de\\\/Produkt\\\/glasfaser-inspektionskamera-ykpt55\\\/#breadcrumb\"},\"inLanguage\":\"de\",\"potentialAction\":[{\"@type\":\"ReadAction\",\"target\":[\"https:\\\/\\\/sysmatec.ch\\\/de\\\/Produkt\\\/glasfaser-inspektionskamera-ykpt55\\\/\"]}]},{\"@type\":\"ImageObject\",\"inLanguage\":\"de\",\"@id\":\"https:\\\/\\\/sysmatec.ch\\\/de\\\/Produkt\\\/glasfaser-inspektionskamera-ykpt55\\\/#primaryimage\",\"url\":\"https:\\\/\\\/sysmatec.ch\\\/wp-content\\\/uploads\\\/2024\\\/05\\\/EndoscopeYKPT55_YKNDT.jpg\",\"contentUrl\":\"https:\\\/\\\/sysmatec.ch\\\/wp-content\\\/uploads\\\/2024\\\/05\\\/EndoscopeYKPT55_YKNDT.jpg\",\"width\":600,\"height\":501},{\"@type\":\"BreadcrumbList\",\"@id\":\"https:\\\/\\\/sysmatec.ch\\\/de\\\/Produkt\\\/glasfaser-inspektionskamera-ykpt55\\\/#breadcrumb\",\"itemListElement\":[{\"@type\":\"ListItem\",\"position\":1,\"name\":\"Accueil\",\"item\":\"https:\\\/\\\/sysmatec.ch\\\/de\\\/\"},{\"@type\":\"ListItem\",\"position\":2,\"name\":\"Die Aktivit\u00e4t von Sysmatec\",\"item\":\"https:\\\/\\\/sysmatec.ch\\\/de\\\/\"},{\"@type\":\"ListItem\",\"position\":3,\"name\":\"Glasfaser-Inspektionskamera YKPT55\"}]},{\"@type\":\"WebSite\",\"@id\":\"https:\\\/\\\/sysmatec.ch\\\/de\\\/#website\",\"url\":\"https:\\\/\\\/sysmatec.ch\\\/de\\\/\",\"name\":\"Sysmatec\",\"description\":\"Equipement de laboratoire et logiciels\",\"publisher\":{\"@id\":\"https:\\\/\\\/sysmatec.ch\\\/de\\\/#organization\"},\"potentialAction\":[{\"@type\":\"SearchAction\",\"target\":{\"@type\":\"EntryPoint\",\"urlTemplate\":\"https:\\\/\\\/sysmatec.ch\\\/de\\\/?s={search_term_string}\"},\"query-input\":{\"@type\":\"PropertyValueSpecification\",\"valueRequired\":true,\"valueName\":\"search_term_string\"}}],\"inLanguage\":\"de\"},{\"@type\":\"Organization\",\"@id\":\"https:\\\/\\\/sysmatec.ch\\\/de\\\/#organization\",\"name\":\"Sysmatec\",\"url\":\"https:\\\/\\\/sysmatec.ch\\\/de\\\/\",\"logo\":{\"@type\":\"ImageObject\",\"inLanguage\":\"de\",\"@id\":\"https:\\\/\\\/sysmatec.ch\\\/de\\\/#\\\/schema\\\/logo\\\/image\\\/\",\"url\":\"https:\\\/\\\/sysmatec.ch\\\/wp-content\\\/uploads\\\/2018\\\/11\\\/LogoSysmatec.jpg\",\"contentUrl\":\"https:\\\/\\\/sysmatec.ch\\\/wp-content\\\/uploads\\\/2018\\\/11\\\/LogoSysmatec.jpg\",\"width\":301,\"height\":297,\"caption\":\"Sysmatec\"},\"image\":{\"@id\":\"https:\\\/\\\/sysmatec.ch\\\/de\\\/#\\\/schema\\\/logo\\\/image\\\/\"}}]}<\/script>\n<!-- \/ Yoast SEO plugin. -->","yoast_head_json":{"title":"Glasfaser-Inspektionskamera YKPT55 - Sysmatec","description":"Optische Inspektionskamera f\u00fcr Rohre. Kann in Wassertiefen bis zu 10 m verwendet werden. Kabel 60 bis 120 m auf Anfrage.","robots":{"index":"index","follow":"follow","max-snippet":"max-snippet:-1","max-image-preview":"max-image-preview:large","max-video-preview":"max-video-preview:-1"},"canonical":"https:\/\/sysmatec.ch\/de\/Produkt\/glasfaser-inspektionskamera-ykpt55\/","og_locale":"de_DE","og_type":"article","og_title":"Glasfaser-Inspektionskamera YKPT55 - Sysmatec","og_description":"Optische Inspektionskamera f\u00fcr Rohre. Kann in Wassertiefen bis zu 10 m verwendet werden. Kabel 60 bis 120 m auf Anfrage.","og_url":"https:\/\/sysmatec.ch\/de\/Produkt\/glasfaser-inspektionskamera-ykpt55\/","og_site_name":"Sysmatec","article_modified_time":"2024-05-25T07:42:45+00:00","og_image":[{"width":600,"height":501,"url":"https:\/\/sysmatec.ch\/wp-content\/uploads\/2024\/05\/EndoscopeYKPT55_YKNDT.jpg","type":"image\/jpeg"}],"twitter_card":"summary_large_image","twitter_misc":{"Gesch\u00e4tzte Lesezeit":"1\u00a0Minute"},"schema":{"@context":"https:\/\/schema.org","@graph":[{"@type":"WebPage","@id":"https:\/\/sysmatec.ch\/de\/Produkt\/glasfaser-inspektionskamera-ykpt55\/","url":"https:\/\/sysmatec.ch\/de\/Produkt\/glasfaser-inspektionskamera-ykpt55\/","name":"Glasfaser-Inspektionskamera YKPT55 - Sysmatec","isPartOf":{"@id":"https:\/\/sysmatec.ch\/de\/#website"},"primaryImageOfPage":{"@id":"https:\/\/sysmatec.ch\/de\/Produkt\/glasfaser-inspektionskamera-ykpt55\/#primaryimage"},"image":{"@id":"https:\/\/sysmatec.ch\/de\/Produkt\/glasfaser-inspektionskamera-ykpt55\/#primaryimage"},"thumbnailUrl":"https:\/\/sysmatec.ch\/wp-content\/uploads\/2024\/05\/EndoscopeYKPT55_YKNDT.jpg","datePublished":"2024-05-04T12:42:36+00:00","dateModified":"2024-05-25T07:42:45+00:00","description":"Optische Inspektionskamera f\u00fcr Rohre. Kann in Wassertiefen bis zu 10 m verwendet werden. Kabel 60 bis 120 m auf Anfrage.","breadcrumb":{"@id":"https:\/\/sysmatec.ch\/de\/Produkt\/glasfaser-inspektionskamera-ykpt55\/#breadcrumb"},"inLanguage":"de","potentialAction":[{"@type":"ReadAction","target":["https:\/\/sysmatec.ch\/de\/Produkt\/glasfaser-inspektionskamera-ykpt55\/"]}]},{"@type":"ImageObject","inLanguage":"de","@id":"https:\/\/sysmatec.ch\/de\/Produkt\/glasfaser-inspektionskamera-ykpt55\/#primaryimage","url":"https:\/\/sysmatec.ch\/wp-content\/uploads\/2024\/05\/EndoscopeYKPT55_YKNDT.jpg","contentUrl":"https:\/\/sysmatec.ch\/wp-content\/uploads\/2024\/05\/EndoscopeYKPT55_YKNDT.jpg","width":600,"height":501},{"@type":"BreadcrumbList","@id":"https:\/\/sysmatec.ch\/de\/Produkt\/glasfaser-inspektionskamera-ykpt55\/#breadcrumb","itemListElement":[{"@type":"ListItem","position":1,"name":"Accueil","item":"https:\/\/sysmatec.ch\/de\/"},{"@type":"ListItem","position":2,"name":"Die Aktivit\u00e4t von Sysmatec","item":"https:\/\/sysmatec.ch\/de\/"},{"@type":"ListItem","position":3,"name":"Glasfaser-Inspektionskamera YKPT55"}]},{"@type":"WebSite","@id":"https:\/\/sysmatec.ch\/de\/#website","url":"https:\/\/sysmatec.ch\/de\/","name":"Sysmatec","description":"Equipement de laboratoire et logiciels","publisher":{"@id":"https:\/\/sysmatec.ch\/de\/#organization"},"potentialAction":[{"@type":"SearchAction","target":{"@type":"EntryPoint","urlTemplate":"https:\/\/sysmatec.ch\/de\/?s={search_term_string}"},"query-input":{"@type":"PropertyValueSpecification","valueRequired":true,"valueName":"search_term_string"}}],"inLanguage":"de"},{"@type":"Organization","@id":"https:\/\/sysmatec.ch\/de\/#organization","name":"Sysmatec","url":"https:\/\/sysmatec.ch\/de\/","logo":{"@type":"ImageObject","inLanguage":"de","@id":"https:\/\/sysmatec.ch\/de\/#\/schema\/logo\/image\/","url":"https:\/\/sysmatec.ch\/wp-content\/uploads\/2018\/11\/LogoSysmatec.jpg","contentUrl":"https:\/\/sysmatec.ch\/wp-content\/uploads\/2018\/11\/LogoSysmatec.jpg","width":301,"height":297,"caption":"Sysmatec"},"image":{"@id":"https:\/\/sysmatec.ch\/de\/#\/schema\/logo\/image\/"}}]}},"_links":{"self":[{"href":"https:\/\/sysmatec.ch\/de\/wp-json\/wp\/v2\/product\/29430","targetHints":{"allow":["GET"]}}],"collection":[{"href":"https:\/\/sysmatec.ch\/de\/wp-json\/wp\/v2\/product"}],"about":[{"href":"https:\/\/sysmatec.ch\/de\/wp-json\/wp\/v2\/types\/product"}],"wp:featuredmedia":[{"embeddable":true,"href":"https:\/\/sysmatec.ch\/de\/wp-json\/wp\/v2\/media\/29433"}],"wp:attachment":[{"href":"https:\/\/sysmatec.ch\/de\/wp-json\/wp\/v2\/media?parent=29430"}],"wp:term":[{"taxonomy":"product_brand","embeddable":true,"href":"https:\/\/sysmatec.ch\/de\/wp-json\/wp\/v2\/product_brand?post=29430"},{"taxonomy":"product_cat","embeddable":true,"href":"https:\/\/sysmatec.ch\/de\/wp-json\/wp\/v2\/product_cat?post=29430"},{"taxonomy":"product_tag","embeddable":true,"href":"https:\/\/sysmatec.ch\/de\/wp-json\/wp\/v2\/product_tag?post=29430"}],"curies":[{"name":"wp","href":"https:\/\/api.w.org\/{rel}","templated":true}]}}