{"id":29409,"date":"2024-04-30T18:05:55","date_gmt":"2024-04-30T16:05:55","guid":{"rendered":"https:\/\/sysmatec.ch\/?post_type=product&#038;p=29409"},"modified":"2024-04-30T18:36:31","modified_gmt":"2024-04-30T16:36:31","slug":"kuehl-zentrifuge-rc-01-mylab","status":"publish","type":"product","link":"https:\/\/sysmatec.ch\/de\/Produkt\/kuehl-zentrifuge-rc-01-mylab\/","title":{"rendered":"K\u00fchl-Zentrifuge RC-01 myLab"},"content":{"rendered":"<p>Diese Zentrifuge ist mit einem effizienten K\u00fchlsystem ausgestattet, das die Rotorkammer auch bei hohen Drehzahlen bei minimalen Temperaturschwankungen (\u00b14 \u00b0C) auf -20 \u00b0C k\u00fchlen kann. Ein voreingestellter Schnellk\u00fchlmodus senkt die Temperatur der Rotorkammer in kurzer Zeit auf 4 \u00b0C unter der Umgebungstemperatur.<\/p>\n<p>Ein fein abgestimmter b\u00fcrstenloser Gleichstrommotor sorgt f\u00fcr einen ger\u00e4uschlosen Betrieb bei erstklassigen Schleudergeschwindigkeiten von bis zu 15.000 U\/min. Das b\u00fcrstenlose Design senkt die Wartungskosten und sorgt f\u00fcr eine lang anhaltende Leistung.<\/p>\n<p>Gummif\u00fc\u00dfe und der Hightech-Motor minimieren Vibrationen w\u00e4hrend der Zentrifugation und sorgen daf\u00fcr, dass die Zentrifuge stets stabil auf der Werkbank steht.<\/p>\n<p>Ein Sicherheitsmechanismus mit Deckelverriegelung verhindert den Zugriff auf den Rotor, w\u00e4hrend er sich dreht. Aufschraubbare Rotordeckel sorgen daf\u00fcr, dass die R\u00f6hrchen sicher im Rotor verankert sind. Ein gebogener K\u00f6rper verringert das Verletzungsrisiko, wenn Benutzer versehentlich gegen die Zentrifuge sto\u00dfen.<\/p>\n<p>Eine elektronische Unwuchterkennungsfunktion erkennt Lastungleichgewichte automatisch, um Rotor und Motor vor Sch\u00e4den zu sch\u00fctzen.<\/p>\n<p>F\u00fcr R\u00f6hrchen von 1,5 ml bis 5 ml sind verschiedene Rotoren erh\u00e4ltlich.<\/p>\n<h2>Merkmale der Zentrifuge<\/h2>\n<ul>\n<li>K\u00fchltemp. Bereich bis -20 \u00b0C<\/li>\n<li>Drehzahlbereich 500\u201315.000 U\/min<\/li>\n<li>Zeiteinstellungen 30 Sek. \u2013 999 Min. oder unendlich<\/li>\n<li>Gro\u00dfes, hintergrundbeleuchtetes LCD-Display<\/li>\n<li>Bis zu 99 benutzerdefinierte Programme mit jeweils 4 Zeilen<\/li>\n<li>Sicherheitsfunktion mit Deckelverriegelung<\/li>\n<li>Erkennung von Ungleichgewichten<\/li>\n<li>Abmessungen (L x B x H) 452 x 314 x 278 mm<\/li>\n<li>Gewicht 43 kg (inkl. Rotor)<\/li>\n<\/ul>\n<h2>Zentrifugenkomponenten<\/h2>\n<ul>\n<li>Ref. 7-040-00-0: AHN myLab\u00ae RC-01 K\u00fchlzentrifuge (ohne Rotor)<\/li>\n<li>Ref. CR-15-44: Fester Winkelrotor f\u00fcr 44 x 1.5 ml\/2.0 ml MT, 22388 x g<\/li>\n<li>Ref. CR-15-24: Fester Winkelrotor f\u00fcr 24 x 1.5 ml\/2.0 ml MT, 21420 x g<\/li>\n<li>Ref. CR-15-8: Fester Winkelrotor f\u00fcr 8x 5.0 ml MT, 18462 x g<\/li>\n<li>Ref. CR-15-4 Festwinkelrotor f\u00fcr 4 Streifen mit 8 x 0.2 ml\/0.5 ml PCR-R\u00f6hrchen, 15397 x g<\/li>\n<\/ul>\n","protected":false},"excerpt":{"rendered":"<p>Gek\u00fchlte Tischzentrifuge.<\/p>\n","protected":false},"featured_media":29413,"template":"","meta":{"_crdt_document":""},"product_brand":[],"product_cat":[145],"product_tag":[],"class_list":{"0":"post-29409","1":"product","2":"type-product","3":"status-publish","4":"has-post-thumbnail","6":"product_cat-zentrifuge","8":"first","9":"instock","10":"taxable","11":"shipping-taxable","12":"product-type-simple"},"yoast_head":"<!-- This site is optimized with the Yoast SEO plugin v27.4 - https:\/\/yoast.com\/product\/yoast-seo-wordpress\/ -->\n<title>K\u00fchl-Zentrifuge RC-01 myLab - Sysmatec<\/title>\n<meta name=\"description\" content=\"Gek\u00fchlte Zentrifuge, verwendbar mit unterschiedlichen Rotoren f\u00fcr unterschiedliche R\u00f6hrchen. Maximale Drehzahl 15.000 U\/min.\" \/>\n<meta name=\"robots\" content=\"index, follow, max-snippet:-1, max-image-preview:large, max-video-preview:-1\" \/>\n<link rel=\"canonical\" href=\"https:\/\/sysmatec.ch\/de\/Produkt\/kuehl-zentrifuge-rc-01-mylab\/\" \/>\n<meta property=\"og:locale\" content=\"de_DE\" \/>\n<meta property=\"og:type\" content=\"article\" \/>\n<meta property=\"og:title\" content=\"K\u00fchl-Zentrifuge RC-01 myLab - Sysmatec\" \/>\n<meta property=\"og:description\" content=\"Gek\u00fchlte Zentrifuge, verwendbar mit unterschiedlichen Rotoren f\u00fcr unterschiedliche R\u00f6hrchen. Maximale Drehzahl 15.000 U\/min.\" \/>\n<meta property=\"og:url\" content=\"https:\/\/sysmatec.ch\/de\/Produkt\/kuehl-zentrifuge-rc-01-mylab\/\" \/>\n<meta property=\"og:site_name\" content=\"Sysmatec\" \/>\n<meta property=\"article:modified_time\" content=\"2024-04-30T16:36:31+00:00\" \/>\n<meta property=\"og:image\" content=\"https:\/\/sysmatec.ch\/wp-content\/uploads\/2024\/04\/Centrifugeuse_RC01MyLabAhn.jpg\" \/>\n\t<meta property=\"og:image:width\" content=\"423\" \/>\n\t<meta property=\"og:image:height\" content=\"401\" \/>\n\t<meta property=\"og:image:type\" content=\"image\/jpeg\" \/>\n<meta name=\"twitter:card\" content=\"summary_large_image\" \/>\n<meta name=\"twitter:label1\" content=\"Gesch\u00e4tzte Lesezeit\" \/>\n\t<meta name=\"twitter:data1\" content=\"2\u00a0Minuten\" \/>\n<script type=\"application\/ld+json\" class=\"yoast-schema-graph\">{\"@context\":\"https:\\\/\\\/schema.org\",\"@graph\":[{\"@type\":\"WebPage\",\"@id\":\"https:\\\/\\\/sysmatec.ch\\\/de\\\/Produkt\\\/kuehl-zentrifuge-rc-01-mylab\\\/\",\"url\":\"https:\\\/\\\/sysmatec.ch\\\/de\\\/Produkt\\\/kuehl-zentrifuge-rc-01-mylab\\\/\",\"name\":\"K\u00fchl-Zentrifuge RC-01 myLab - Sysmatec\",\"isPartOf\":{\"@id\":\"https:\\\/\\\/sysmatec.ch\\\/de\\\/#website\"},\"primaryImageOfPage\":{\"@id\":\"https:\\\/\\\/sysmatec.ch\\\/de\\\/Produkt\\\/kuehl-zentrifuge-rc-01-mylab\\\/#primaryimage\"},\"image\":{\"@id\":\"https:\\\/\\\/sysmatec.ch\\\/de\\\/Produkt\\\/kuehl-zentrifuge-rc-01-mylab\\\/#primaryimage\"},\"thumbnailUrl\":\"https:\\\/\\\/sysmatec.ch\\\/wp-content\\\/uploads\\\/2024\\\/04\\\/Centrifugeuse_RC01MyLabAhn.jpg\",\"datePublished\":\"2024-04-30T16:05:55+00:00\",\"dateModified\":\"2024-04-30T16:36:31+00:00\",\"description\":\"Gek\u00fchlte Zentrifuge, verwendbar mit unterschiedlichen Rotoren f\u00fcr unterschiedliche R\u00f6hrchen. Maximale Drehzahl 15.000 U\\\/min.\",\"breadcrumb\":{\"@id\":\"https:\\\/\\\/sysmatec.ch\\\/de\\\/Produkt\\\/kuehl-zentrifuge-rc-01-mylab\\\/#breadcrumb\"},\"inLanguage\":\"de\",\"potentialAction\":[{\"@type\":\"ReadAction\",\"target\":[\"https:\\\/\\\/sysmatec.ch\\\/de\\\/Produkt\\\/kuehl-zentrifuge-rc-01-mylab\\\/\"]}]},{\"@type\":\"ImageObject\",\"inLanguage\":\"de\",\"@id\":\"https:\\\/\\\/sysmatec.ch\\\/de\\\/Produkt\\\/kuehl-zentrifuge-rc-01-mylab\\\/#primaryimage\",\"url\":\"https:\\\/\\\/sysmatec.ch\\\/wp-content\\\/uploads\\\/2024\\\/04\\\/Centrifugeuse_RC01MyLabAhn.jpg\",\"contentUrl\":\"https:\\\/\\\/sysmatec.ch\\\/wp-content\\\/uploads\\\/2024\\\/04\\\/Centrifugeuse_RC01MyLabAhn.jpg\",\"width\":423,\"height\":401},{\"@type\":\"BreadcrumbList\",\"@id\":\"https:\\\/\\\/sysmatec.ch\\\/de\\\/Produkt\\\/kuehl-zentrifuge-rc-01-mylab\\\/#breadcrumb\",\"itemListElement\":[{\"@type\":\"ListItem\",\"position\":1,\"name\":\"Accueil\",\"item\":\"https:\\\/\\\/sysmatec.ch\\\/de\\\/\"},{\"@type\":\"ListItem\",\"position\":2,\"name\":\"Die Aktivit\u00e4t von Sysmatec\",\"item\":\"https:\\\/\\\/sysmatec.ch\\\/de\\\/\"},{\"@type\":\"ListItem\",\"position\":3,\"name\":\"K\u00fchl-Zentrifuge RC-01 myLab\"}]},{\"@type\":\"WebSite\",\"@id\":\"https:\\\/\\\/sysmatec.ch\\\/de\\\/#website\",\"url\":\"https:\\\/\\\/sysmatec.ch\\\/de\\\/\",\"name\":\"Sysmatec\",\"description\":\"Equipement de laboratoire et logiciels\",\"publisher\":{\"@id\":\"https:\\\/\\\/sysmatec.ch\\\/de\\\/#organization\"},\"potentialAction\":[{\"@type\":\"SearchAction\",\"target\":{\"@type\":\"EntryPoint\",\"urlTemplate\":\"https:\\\/\\\/sysmatec.ch\\\/de\\\/?s={search_term_string}\"},\"query-input\":{\"@type\":\"PropertyValueSpecification\",\"valueRequired\":true,\"valueName\":\"search_term_string\"}}],\"inLanguage\":\"de\"},{\"@type\":\"Organization\",\"@id\":\"https:\\\/\\\/sysmatec.ch\\\/de\\\/#organization\",\"name\":\"Sysmatec\",\"url\":\"https:\\\/\\\/sysmatec.ch\\\/de\\\/\",\"logo\":{\"@type\":\"ImageObject\",\"inLanguage\":\"de\",\"@id\":\"https:\\\/\\\/sysmatec.ch\\\/de\\\/#\\\/schema\\\/logo\\\/image\\\/\",\"url\":\"https:\\\/\\\/sysmatec.ch\\\/wp-content\\\/uploads\\\/2018\\\/11\\\/LogoSysmatec.jpg\",\"contentUrl\":\"https:\\\/\\\/sysmatec.ch\\\/wp-content\\\/uploads\\\/2018\\\/11\\\/LogoSysmatec.jpg\",\"width\":301,\"height\":297,\"caption\":\"Sysmatec\"},\"image\":{\"@id\":\"https:\\\/\\\/sysmatec.ch\\\/de\\\/#\\\/schema\\\/logo\\\/image\\\/\"}}]}<\/script>\n<!-- \/ Yoast SEO plugin. -->","yoast_head_json":{"title":"K\u00fchl-Zentrifuge RC-01 myLab - Sysmatec","description":"Gek\u00fchlte Zentrifuge, verwendbar mit unterschiedlichen Rotoren f\u00fcr unterschiedliche R\u00f6hrchen. Maximale Drehzahl 15.000 U\/min.","robots":{"index":"index","follow":"follow","max-snippet":"max-snippet:-1","max-image-preview":"max-image-preview:large","max-video-preview":"max-video-preview:-1"},"canonical":"https:\/\/sysmatec.ch\/de\/Produkt\/kuehl-zentrifuge-rc-01-mylab\/","og_locale":"de_DE","og_type":"article","og_title":"K\u00fchl-Zentrifuge RC-01 myLab - Sysmatec","og_description":"Gek\u00fchlte Zentrifuge, verwendbar mit unterschiedlichen Rotoren f\u00fcr unterschiedliche R\u00f6hrchen. Maximale Drehzahl 15.000 U\/min.","og_url":"https:\/\/sysmatec.ch\/de\/Produkt\/kuehl-zentrifuge-rc-01-mylab\/","og_site_name":"Sysmatec","article_modified_time":"2024-04-30T16:36:31+00:00","og_image":[{"width":423,"height":401,"url":"https:\/\/sysmatec.ch\/wp-content\/uploads\/2024\/04\/Centrifugeuse_RC01MyLabAhn.jpg","type":"image\/jpeg"}],"twitter_card":"summary_large_image","twitter_misc":{"Gesch\u00e4tzte Lesezeit":"2\u00a0Minuten"},"schema":{"@context":"https:\/\/schema.org","@graph":[{"@type":"WebPage","@id":"https:\/\/sysmatec.ch\/de\/Produkt\/kuehl-zentrifuge-rc-01-mylab\/","url":"https:\/\/sysmatec.ch\/de\/Produkt\/kuehl-zentrifuge-rc-01-mylab\/","name":"K\u00fchl-Zentrifuge RC-01 myLab - Sysmatec","isPartOf":{"@id":"https:\/\/sysmatec.ch\/de\/#website"},"primaryImageOfPage":{"@id":"https:\/\/sysmatec.ch\/de\/Produkt\/kuehl-zentrifuge-rc-01-mylab\/#primaryimage"},"image":{"@id":"https:\/\/sysmatec.ch\/de\/Produkt\/kuehl-zentrifuge-rc-01-mylab\/#primaryimage"},"thumbnailUrl":"https:\/\/sysmatec.ch\/wp-content\/uploads\/2024\/04\/Centrifugeuse_RC01MyLabAhn.jpg","datePublished":"2024-04-30T16:05:55+00:00","dateModified":"2024-04-30T16:36:31+00:00","description":"Gek\u00fchlte Zentrifuge, verwendbar mit unterschiedlichen Rotoren f\u00fcr unterschiedliche R\u00f6hrchen. Maximale Drehzahl 15.000 U\/min.","breadcrumb":{"@id":"https:\/\/sysmatec.ch\/de\/Produkt\/kuehl-zentrifuge-rc-01-mylab\/#breadcrumb"},"inLanguage":"de","potentialAction":[{"@type":"ReadAction","target":["https:\/\/sysmatec.ch\/de\/Produkt\/kuehl-zentrifuge-rc-01-mylab\/"]}]},{"@type":"ImageObject","inLanguage":"de","@id":"https:\/\/sysmatec.ch\/de\/Produkt\/kuehl-zentrifuge-rc-01-mylab\/#primaryimage","url":"https:\/\/sysmatec.ch\/wp-content\/uploads\/2024\/04\/Centrifugeuse_RC01MyLabAhn.jpg","contentUrl":"https:\/\/sysmatec.ch\/wp-content\/uploads\/2024\/04\/Centrifugeuse_RC01MyLabAhn.jpg","width":423,"height":401},{"@type":"BreadcrumbList","@id":"https:\/\/sysmatec.ch\/de\/Produkt\/kuehl-zentrifuge-rc-01-mylab\/#breadcrumb","itemListElement":[{"@type":"ListItem","position":1,"name":"Accueil","item":"https:\/\/sysmatec.ch\/de\/"},{"@type":"ListItem","position":2,"name":"Die Aktivit\u00e4t von Sysmatec","item":"https:\/\/sysmatec.ch\/de\/"},{"@type":"ListItem","position":3,"name":"K\u00fchl-Zentrifuge RC-01 myLab"}]},{"@type":"WebSite","@id":"https:\/\/sysmatec.ch\/de\/#website","url":"https:\/\/sysmatec.ch\/de\/","name":"Sysmatec","description":"Equipement de laboratoire et logiciels","publisher":{"@id":"https:\/\/sysmatec.ch\/de\/#organization"},"potentialAction":[{"@type":"SearchAction","target":{"@type":"EntryPoint","urlTemplate":"https:\/\/sysmatec.ch\/de\/?s={search_term_string}"},"query-input":{"@type":"PropertyValueSpecification","valueRequired":true,"valueName":"search_term_string"}}],"inLanguage":"de"},{"@type":"Organization","@id":"https:\/\/sysmatec.ch\/de\/#organization","name":"Sysmatec","url":"https:\/\/sysmatec.ch\/de\/","logo":{"@type":"ImageObject","inLanguage":"de","@id":"https:\/\/sysmatec.ch\/de\/#\/schema\/logo\/image\/","url":"https:\/\/sysmatec.ch\/wp-content\/uploads\/2018\/11\/LogoSysmatec.jpg","contentUrl":"https:\/\/sysmatec.ch\/wp-content\/uploads\/2018\/11\/LogoSysmatec.jpg","width":301,"height":297,"caption":"Sysmatec"},"image":{"@id":"https:\/\/sysmatec.ch\/de\/#\/schema\/logo\/image\/"}}]}},"_links":{"self":[{"href":"https:\/\/sysmatec.ch\/de\/wp-json\/wp\/v2\/product\/29409","targetHints":{"allow":["GET"]}}],"collection":[{"href":"https:\/\/sysmatec.ch\/de\/wp-json\/wp\/v2\/product"}],"about":[{"href":"https:\/\/sysmatec.ch\/de\/wp-json\/wp\/v2\/types\/product"}],"wp:featuredmedia":[{"embeddable":true,"href":"https:\/\/sysmatec.ch\/de\/wp-json\/wp\/v2\/media\/29413"}],"wp:attachment":[{"href":"https:\/\/sysmatec.ch\/de\/wp-json\/wp\/v2\/media?parent=29409"}],"wp:term":[{"taxonomy":"product_brand","embeddable":true,"href":"https:\/\/sysmatec.ch\/de\/wp-json\/wp\/v2\/product_brand?post=29409"},{"taxonomy":"product_cat","embeddable":true,"href":"https:\/\/sysmatec.ch\/de\/wp-json\/wp\/v2\/product_cat?post=29409"},{"taxonomy":"product_tag","embeddable":true,"href":"https:\/\/sysmatec.ch\/de\/wp-json\/wp\/v2\/product_tag?post=29409"}],"curies":[{"name":"wp","href":"https:\/\/api.w.org\/{rel}","templated":true}]}}