{"id":29390,"date":"2024-04-14T11:42:46","date_gmt":"2024-04-14T09:42:46","guid":{"rendered":"https:\/\/sysmatec.ch\/?post_type=product&#038;p=29390"},"modified":"2024-04-14T12:00:38","modified_gmt":"2024-04-14T10:00:38","slug":"datenlogger-4-20-ma-nb-iot","status":"publish","type":"product","link":"https:\/\/sysmatec.ch\/de\/Produkt\/datenlogger-4-20-ma-nb-iot\/","title":{"rendered":"Datenlogger 4-20 mA NB-IOT"},"content":{"rendered":"<p>Mit dieser 4-20-mA-Sensorschnittstelle k\u00f6nnen Benutzer analoge Sensoren mit der Cloud verbinden. Ger\u00e4t kann mit analogen Schnittstellen (2 x 4-20 mA) ausgestattet werden. Sensoren k\u00f6nnen entweder \u00fcber die Batterie des Ger\u00e4ts oder \u00fcber eine externe Stromquelle mit Strom versorgt werden. Daten von den analogen Sensoren k\u00f6nnen als Strom (4\u201320 mA) dargestellt oder in andere Messtypen umgewandelt werden, sobald sie die Efento Cloud-Plattform erreichen.<\/p>\n<p>Efento NB-IoT-Ger\u00e4te \u00fcbertragen die Daten \u00fcber ein Mobilfunknetz (Narrowband IoT) und erfordern keine zus\u00e4tzlichen Ger\u00e4te (Router, Gateway usw.). Die Ger\u00e4te sind au\u00dferdem mit einer Bluetooth Low Energy-Schnittstelle ausgestattet, die eine schnelle und einfache Konfiguration mit einem Smartphone erm\u00f6glicht. Efento-Ger\u00e4te k\u00f6nnen in jede Cloud-Plattform integriert werden.<\/p>\n<h2>Merkmale<\/h2>\n<ul>\n<li>Die Batterie gew\u00e4hrleistet einen wartungsfreien Betrieb von bis zu 5 Jahren<\/li>\n<li>NB-IoT-Sensoren senden die Daten \u00fcber das Mobilfunknetz an Efento Cloud oder eine andere Cloud-Plattform.<\/li>\n<li>Messzeitraum: 1 Minute \u2013 10 Tage (vom Benutzer konfigurierbar)<\/li>\n<li>Vom Benutzer konfigurierbare Alarmschwellen. Wenn einer der Schwellenwerte \u00fcberschritten wird, sendet der Sensor die Daten sofort an die Plattform<\/li>\n<li>Das Ger\u00e4t speichert 40.000 Messungen in seinem Speicher, wenn der Speicher voll ist, werden die \u00e4ltesten Messungen \u00fcberschrieben<\/li>\n<li>Die Konfiguration des Sensors kann aus der Ferne aus der Cloud oder mit einer mobilen Anwendung \u00fcber Bluetooth Low Energy ge\u00e4ndert werden<\/li>\n<\/ul>\n","protected":false},"excerpt":{"rendered":"<p>Datenlogger mit 4-20 mA Stromeingang und Mobilfunkkommunikation<\/p>\n","protected":false},"featured_media":29393,"template":"","meta":{"_crdt_document":""},"product_brand":[],"product_cat":[315],"product_tag":[],"class_list":{"0":"post-29390","1":"product","2":"type-product","3":"status-publish","4":"has-post-thumbnail","6":"product_cat-universal-datenlogger","8":"first","9":"instock","10":"taxable","11":"shipping-taxable","12":"product-type-simple"},"yoast_head":"<!-- This site is optimized with the Yoast SEO plugin v27.4 - https:\/\/yoast.com\/product\/yoast-seo-wordpress\/ -->\n<title>Datenlogger 4-20 mA NB-IOT - Sysmatec<\/title>\n<meta name=\"description\" content=\"Datenlogger mit 4-20 mA Stromeingang. Die Daten werden vom Mobilfunknetz an eine Cloud gesendet.\" \/>\n<meta name=\"robots\" content=\"index, follow, max-snippet:-1, max-image-preview:large, max-video-preview:-1\" \/>\n<link rel=\"canonical\" href=\"https:\/\/sysmatec.ch\/de\/Produkt\/datenlogger-4-20-ma-nb-iot\/\" \/>\n<meta property=\"og:locale\" content=\"de_DE\" \/>\n<meta property=\"og:type\" content=\"article\" \/>\n<meta property=\"og:title\" content=\"Datenlogger 4-20 mA NB-IOT - Sysmatec\" \/>\n<meta property=\"og:description\" content=\"Datenlogger mit 4-20 mA Stromeingang. Die Daten werden vom Mobilfunknetz an eine Cloud gesendet.\" \/>\n<meta property=\"og:url\" content=\"https:\/\/sysmatec.ch\/de\/Produkt\/datenlogger-4-20-ma-nb-iot\/\" \/>\n<meta property=\"og:site_name\" content=\"Sysmatec\" \/>\n<meta property=\"article:modified_time\" content=\"2024-04-14T10:00:38+00:00\" \/>\n<meta property=\"og:image\" content=\"https:\/\/sysmatec.ch\/wp-content\/uploads\/2024\/04\/EnregistreurDeCourant_Efento.jpg\" \/>\n\t<meta property=\"og:image:width\" content=\"620\" \/>\n\t<meta property=\"og:image:height\" content=\"443\" \/>\n\t<meta property=\"og:image:type\" content=\"image\/jpeg\" \/>\n<meta name=\"twitter:card\" content=\"summary_large_image\" \/>\n<meta name=\"twitter:label1\" content=\"Gesch\u00e4tzte Lesezeit\" \/>\n\t<meta name=\"twitter:data1\" content=\"2\u00a0Minuten\" \/>\n<script type=\"application\/ld+json\" class=\"yoast-schema-graph\">{\"@context\":\"https:\\\/\\\/schema.org\",\"@graph\":[{\"@type\":\"WebPage\",\"@id\":\"https:\\\/\\\/sysmatec.ch\\\/de\\\/Produkt\\\/datenlogger-4-20-ma-nb-iot\\\/\",\"url\":\"https:\\\/\\\/sysmatec.ch\\\/de\\\/Produkt\\\/datenlogger-4-20-ma-nb-iot\\\/\",\"name\":\"Datenlogger 4-20 mA NB-IOT - Sysmatec\",\"isPartOf\":{\"@id\":\"https:\\\/\\\/sysmatec.ch\\\/de\\\/#website\"},\"primaryImageOfPage\":{\"@id\":\"https:\\\/\\\/sysmatec.ch\\\/de\\\/Produkt\\\/datenlogger-4-20-ma-nb-iot\\\/#primaryimage\"},\"image\":{\"@id\":\"https:\\\/\\\/sysmatec.ch\\\/de\\\/Produkt\\\/datenlogger-4-20-ma-nb-iot\\\/#primaryimage\"},\"thumbnailUrl\":\"https:\\\/\\\/sysmatec.ch\\\/wp-content\\\/uploads\\\/2024\\\/04\\\/EnregistreurDeCourant_Efento.jpg\",\"datePublished\":\"2024-04-14T09:42:46+00:00\",\"dateModified\":\"2024-04-14T10:00:38+00:00\",\"description\":\"Datenlogger mit 4-20 mA Stromeingang. Die Daten werden vom Mobilfunknetz an eine Cloud gesendet.\",\"breadcrumb\":{\"@id\":\"https:\\\/\\\/sysmatec.ch\\\/de\\\/Produkt\\\/datenlogger-4-20-ma-nb-iot\\\/#breadcrumb\"},\"inLanguage\":\"de\",\"potentialAction\":[{\"@type\":\"ReadAction\",\"target\":[\"https:\\\/\\\/sysmatec.ch\\\/de\\\/Produkt\\\/datenlogger-4-20-ma-nb-iot\\\/\"]}]},{\"@type\":\"ImageObject\",\"inLanguage\":\"de\",\"@id\":\"https:\\\/\\\/sysmatec.ch\\\/de\\\/Produkt\\\/datenlogger-4-20-ma-nb-iot\\\/#primaryimage\",\"url\":\"https:\\\/\\\/sysmatec.ch\\\/wp-content\\\/uploads\\\/2024\\\/04\\\/EnregistreurDeCourant_Efento.jpg\",\"contentUrl\":\"https:\\\/\\\/sysmatec.ch\\\/wp-content\\\/uploads\\\/2024\\\/04\\\/EnregistreurDeCourant_Efento.jpg\",\"width\":620,\"height\":443},{\"@type\":\"BreadcrumbList\",\"@id\":\"https:\\\/\\\/sysmatec.ch\\\/de\\\/Produkt\\\/datenlogger-4-20-ma-nb-iot\\\/#breadcrumb\",\"itemListElement\":[{\"@type\":\"ListItem\",\"position\":1,\"name\":\"Accueil\",\"item\":\"https:\\\/\\\/sysmatec.ch\\\/de\\\/\"},{\"@type\":\"ListItem\",\"position\":2,\"name\":\"Die Aktivit\u00e4t von Sysmatec\",\"item\":\"https:\\\/\\\/sysmatec.ch\\\/de\\\/\"},{\"@type\":\"ListItem\",\"position\":3,\"name\":\"Datenlogger 4-20 mA NB-IOT\"}]},{\"@type\":\"WebSite\",\"@id\":\"https:\\\/\\\/sysmatec.ch\\\/de\\\/#website\",\"url\":\"https:\\\/\\\/sysmatec.ch\\\/de\\\/\",\"name\":\"Sysmatec\",\"description\":\"Equipement de laboratoire et logiciels\",\"publisher\":{\"@id\":\"https:\\\/\\\/sysmatec.ch\\\/de\\\/#organization\"},\"potentialAction\":[{\"@type\":\"SearchAction\",\"target\":{\"@type\":\"EntryPoint\",\"urlTemplate\":\"https:\\\/\\\/sysmatec.ch\\\/de\\\/?s={search_term_string}\"},\"query-input\":{\"@type\":\"PropertyValueSpecification\",\"valueRequired\":true,\"valueName\":\"search_term_string\"}}],\"inLanguage\":\"de\"},{\"@type\":\"Organization\",\"@id\":\"https:\\\/\\\/sysmatec.ch\\\/de\\\/#organization\",\"name\":\"Sysmatec\",\"url\":\"https:\\\/\\\/sysmatec.ch\\\/de\\\/\",\"logo\":{\"@type\":\"ImageObject\",\"inLanguage\":\"de\",\"@id\":\"https:\\\/\\\/sysmatec.ch\\\/de\\\/#\\\/schema\\\/logo\\\/image\\\/\",\"url\":\"https:\\\/\\\/sysmatec.ch\\\/wp-content\\\/uploads\\\/2018\\\/11\\\/LogoSysmatec.jpg\",\"contentUrl\":\"https:\\\/\\\/sysmatec.ch\\\/wp-content\\\/uploads\\\/2018\\\/11\\\/LogoSysmatec.jpg\",\"width\":301,\"height\":297,\"caption\":\"Sysmatec\"},\"image\":{\"@id\":\"https:\\\/\\\/sysmatec.ch\\\/de\\\/#\\\/schema\\\/logo\\\/image\\\/\"}}]}<\/script>\n<!-- \/ Yoast SEO plugin. -->","yoast_head_json":{"title":"Datenlogger 4-20 mA NB-IOT - Sysmatec","description":"Datenlogger mit 4-20 mA Stromeingang. Die Daten werden vom Mobilfunknetz an eine Cloud gesendet.","robots":{"index":"index","follow":"follow","max-snippet":"max-snippet:-1","max-image-preview":"max-image-preview:large","max-video-preview":"max-video-preview:-1"},"canonical":"https:\/\/sysmatec.ch\/de\/Produkt\/datenlogger-4-20-ma-nb-iot\/","og_locale":"de_DE","og_type":"article","og_title":"Datenlogger 4-20 mA NB-IOT - Sysmatec","og_description":"Datenlogger mit 4-20 mA Stromeingang. Die Daten werden vom Mobilfunknetz an eine Cloud gesendet.","og_url":"https:\/\/sysmatec.ch\/de\/Produkt\/datenlogger-4-20-ma-nb-iot\/","og_site_name":"Sysmatec","article_modified_time":"2024-04-14T10:00:38+00:00","og_image":[{"width":620,"height":443,"url":"https:\/\/sysmatec.ch\/wp-content\/uploads\/2024\/04\/EnregistreurDeCourant_Efento.jpg","type":"image\/jpeg"}],"twitter_card":"summary_large_image","twitter_misc":{"Gesch\u00e4tzte Lesezeit":"2\u00a0Minuten"},"schema":{"@context":"https:\/\/schema.org","@graph":[{"@type":"WebPage","@id":"https:\/\/sysmatec.ch\/de\/Produkt\/datenlogger-4-20-ma-nb-iot\/","url":"https:\/\/sysmatec.ch\/de\/Produkt\/datenlogger-4-20-ma-nb-iot\/","name":"Datenlogger 4-20 mA NB-IOT - Sysmatec","isPartOf":{"@id":"https:\/\/sysmatec.ch\/de\/#website"},"primaryImageOfPage":{"@id":"https:\/\/sysmatec.ch\/de\/Produkt\/datenlogger-4-20-ma-nb-iot\/#primaryimage"},"image":{"@id":"https:\/\/sysmatec.ch\/de\/Produkt\/datenlogger-4-20-ma-nb-iot\/#primaryimage"},"thumbnailUrl":"https:\/\/sysmatec.ch\/wp-content\/uploads\/2024\/04\/EnregistreurDeCourant_Efento.jpg","datePublished":"2024-04-14T09:42:46+00:00","dateModified":"2024-04-14T10:00:38+00:00","description":"Datenlogger mit 4-20 mA Stromeingang. Die Daten werden vom Mobilfunknetz an eine Cloud gesendet.","breadcrumb":{"@id":"https:\/\/sysmatec.ch\/de\/Produkt\/datenlogger-4-20-ma-nb-iot\/#breadcrumb"},"inLanguage":"de","potentialAction":[{"@type":"ReadAction","target":["https:\/\/sysmatec.ch\/de\/Produkt\/datenlogger-4-20-ma-nb-iot\/"]}]},{"@type":"ImageObject","inLanguage":"de","@id":"https:\/\/sysmatec.ch\/de\/Produkt\/datenlogger-4-20-ma-nb-iot\/#primaryimage","url":"https:\/\/sysmatec.ch\/wp-content\/uploads\/2024\/04\/EnregistreurDeCourant_Efento.jpg","contentUrl":"https:\/\/sysmatec.ch\/wp-content\/uploads\/2024\/04\/EnregistreurDeCourant_Efento.jpg","width":620,"height":443},{"@type":"BreadcrumbList","@id":"https:\/\/sysmatec.ch\/de\/Produkt\/datenlogger-4-20-ma-nb-iot\/#breadcrumb","itemListElement":[{"@type":"ListItem","position":1,"name":"Accueil","item":"https:\/\/sysmatec.ch\/de\/"},{"@type":"ListItem","position":2,"name":"Die Aktivit\u00e4t von Sysmatec","item":"https:\/\/sysmatec.ch\/de\/"},{"@type":"ListItem","position":3,"name":"Datenlogger 4-20 mA NB-IOT"}]},{"@type":"WebSite","@id":"https:\/\/sysmatec.ch\/de\/#website","url":"https:\/\/sysmatec.ch\/de\/","name":"Sysmatec","description":"Equipement de laboratoire et logiciels","publisher":{"@id":"https:\/\/sysmatec.ch\/de\/#organization"},"potentialAction":[{"@type":"SearchAction","target":{"@type":"EntryPoint","urlTemplate":"https:\/\/sysmatec.ch\/de\/?s={search_term_string}"},"query-input":{"@type":"PropertyValueSpecification","valueRequired":true,"valueName":"search_term_string"}}],"inLanguage":"de"},{"@type":"Organization","@id":"https:\/\/sysmatec.ch\/de\/#organization","name":"Sysmatec","url":"https:\/\/sysmatec.ch\/de\/","logo":{"@type":"ImageObject","inLanguage":"de","@id":"https:\/\/sysmatec.ch\/de\/#\/schema\/logo\/image\/","url":"https:\/\/sysmatec.ch\/wp-content\/uploads\/2018\/11\/LogoSysmatec.jpg","contentUrl":"https:\/\/sysmatec.ch\/wp-content\/uploads\/2018\/11\/LogoSysmatec.jpg","width":301,"height":297,"caption":"Sysmatec"},"image":{"@id":"https:\/\/sysmatec.ch\/de\/#\/schema\/logo\/image\/"}}]}},"_links":{"self":[{"href":"https:\/\/sysmatec.ch\/de\/wp-json\/wp\/v2\/product\/29390","targetHints":{"allow":["GET"]}}],"collection":[{"href":"https:\/\/sysmatec.ch\/de\/wp-json\/wp\/v2\/product"}],"about":[{"href":"https:\/\/sysmatec.ch\/de\/wp-json\/wp\/v2\/types\/product"}],"wp:featuredmedia":[{"embeddable":true,"href":"https:\/\/sysmatec.ch\/de\/wp-json\/wp\/v2\/media\/29393"}],"wp:attachment":[{"href":"https:\/\/sysmatec.ch\/de\/wp-json\/wp\/v2\/media?parent=29390"}],"wp:term":[{"taxonomy":"product_brand","embeddable":true,"href":"https:\/\/sysmatec.ch\/de\/wp-json\/wp\/v2\/product_brand?post=29390"},{"taxonomy":"product_cat","embeddable":true,"href":"https:\/\/sysmatec.ch\/de\/wp-json\/wp\/v2\/product_cat?post=29390"},{"taxonomy":"product_tag","embeddable":true,"href":"https:\/\/sysmatec.ch\/de\/wp-json\/wp\/v2\/product_tag?post=29390"}],"curies":[{"name":"wp","href":"https:\/\/api.w.org\/{rel}","templated":true}]}}