{"id":29383,"date":"2024-04-14T11:26:30","date_gmt":"2024-04-14T09:26:30","guid":{"rendered":"https:\/\/sysmatec.ch\/?post_type=product&#038;p=29383"},"modified":"2024-04-14T11:35:20","modified_gmt":"2024-04-14T09:35:20","slug":"nbiot-kabelloser-wasserlecklogger-mit-streifen","status":"publish","type":"product","link":"https:\/\/sysmatec.ch\/de\/Produkt\/nbiot-kabelloser-wasserlecklogger-mit-streifen\/","title":{"rendered":"NBIOT Kabelloser Wasserlecklogger mit Streifen"},"content":{"rendered":"<p>Diese Rekorder sind mit einem Streifen ausgestattet, der die gro\u00dffl\u00e4chige Erkennung von Lecks erm\u00f6glicht.<\/p>\n<p>Wasserlecksensoren werden dort eingesetzt, wo ein unkontrolliertes Leck erhebliche Sch\u00e4den verursachen kann, z.B. in Archiven, Museen, Serverr\u00e4umen, Lagerhallen, Laboren. Sie eignen sich ideal zur \u00dcberwachung von Lecks an Heizungen, Klimaanlagen, Geschirrsp\u00fclern, Waschmaschinen, Pumpen sowie K\u00fchl- oder Gefrierschr\u00e4nken.<\/p>\n<p>Efento NB-IoT-Sensoren \u00fcbertragen Daten \u00fcber ein Mobilfunknetz (Narrowband IoT) und erfordern keine zus\u00e4tzlichen Ger\u00e4te (Router, Gateway usw.). Die Sensoren sind au\u00dferdem mit einer Bluetooth Low Energy-Schnittstelle ausgestattet, die eine schnelle und einfache Konfiguration mit einem Smartphone erm\u00f6glicht. Efento NB-IoT-Sensoren k\u00f6nnen in jede Cloud-Plattform integriert werden.<\/p>\n<h2>Merkmale<\/h2>\n<ul>\n<li>Erkennt das Vorhandensein einer leitf\u00e4higen Fl\u00fcssigkeit an jedem Punkt entlang der gesamten L\u00e4nge der Sonde<\/li>\n<li>Der Sensor sendet Informationen an die Cloud, sobald er ein Wasserleck erkennt<\/li>\n<li>Sondenl\u00e4nge: 3m (andere L\u00e4ngen auf Anfrage erh\u00e4ltlich)<\/li>\n<li>Die Batterie garantiert einen wartungsfreien Betrieb von bis zu 5 Jahren<\/li>\n<li>NB-IoT-Sensoren senden Daten \u00fcber das Mobilfunknetz an die Efento Cloud oder eine andere Cloud-Plattform.<\/li>\n<li>Die Sensorkonfiguration kann aus der Ferne aus der Cloud oder mit einer mobilen App \u00fcber Bluetooth Low Energy ge\u00e4ndert werden<\/li>\n<li>Das Ger\u00e4t speichert 40.000 Messungen in seinem Speicher, wenn der Speicher voll ist, werden die \u00e4ltesten Messungen \u00fcberschrieben<\/li>\n<\/ul>\n","protected":false},"excerpt":{"rendered":"<p>Boden Leckdetektor mit Streifen<\/p>\n","protected":false},"featured_media":29387,"template":"","meta":{"_crdt_document":""},"product_brand":[],"product_cat":[236],"product_tag":[],"class_list":{"0":"post-29383","1":"product","2":"type-product","3":"status-publish","4":"has-post-thumbnail","6":"product_cat-fuellstand","8":"first","9":"instock","10":"taxable","11":"shipping-taxable","12":"product-type-simple"},"yoast_head":"<!-- This site is optimized with the Yoast SEO plugin v27.3 - https:\/\/yoast.com\/product\/yoast-seo-wordpress\/ -->\n<title>NBIOT Kabelloser Wasserlecklogger mit Streifen - Sysmatec<\/title>\n<meta name=\"description\" content=\"Erdungsleckschreiber mit Detektionsstreifen. Die Daten werden an eine Cloud gesendet, die Alarme ausl\u00f6sen kann.\" \/>\n<meta name=\"robots\" content=\"index, follow, max-snippet:-1, max-image-preview:large, max-video-preview:-1\" \/>\n<link rel=\"canonical\" href=\"https:\/\/sysmatec.ch\/de\/Produkt\/nbiot-kabelloser-wasserlecklogger-mit-streifen\/\" \/>\n<meta property=\"og:locale\" content=\"de_DE\" \/>\n<meta property=\"og:type\" content=\"article\" \/>\n<meta property=\"og:title\" content=\"NBIOT Kabelloser Wasserlecklogger mit Streifen - Sysmatec\" \/>\n<meta property=\"og:description\" content=\"Erdungsleckschreiber mit Detektionsstreifen. Die Daten werden an eine Cloud gesendet, die Alarme ausl\u00f6sen kann.\" \/>\n<meta property=\"og:url\" content=\"https:\/\/sysmatec.ch\/de\/Produkt\/nbiot-kabelloser-wasserlecklogger-mit-streifen\/\" \/>\n<meta property=\"og:site_name\" content=\"Sysmatec\" \/>\n<meta property=\"article:modified_time\" content=\"2024-04-14T09:35:20+00:00\" \/>\n<meta property=\"og:image\" content=\"https:\/\/sysmatec.ch\/wp-content\/uploads\/2024\/04\/EnregistreurFuite2_Efento.jpg\" \/>\n\t<meta property=\"og:image:width\" content=\"620\" \/>\n\t<meta property=\"og:image:height\" content=\"414\" \/>\n\t<meta property=\"og:image:type\" content=\"image\/jpeg\" \/>\n<meta name=\"twitter:card\" content=\"summary_large_image\" \/>\n<meta name=\"twitter:label1\" content=\"Gesch\u00e4tzte Lesezeit\" \/>\n\t<meta name=\"twitter:data1\" content=\"2\u00a0Minuten\" \/>\n<script type=\"application\/ld+json\" class=\"yoast-schema-graph\">{\"@context\":\"https:\\\/\\\/schema.org\",\"@graph\":[{\"@type\":\"WebPage\",\"@id\":\"https:\\\/\\\/sysmatec.ch\\\/de\\\/Produkt\\\/nbiot-kabelloser-wasserlecklogger-mit-streifen\\\/\",\"url\":\"https:\\\/\\\/sysmatec.ch\\\/de\\\/Produkt\\\/nbiot-kabelloser-wasserlecklogger-mit-streifen\\\/\",\"name\":\"NBIOT Kabelloser Wasserlecklogger mit Streifen - Sysmatec\",\"isPartOf\":{\"@id\":\"https:\\\/\\\/sysmatec.ch\\\/de\\\/#website\"},\"primaryImageOfPage\":{\"@id\":\"https:\\\/\\\/sysmatec.ch\\\/de\\\/Produkt\\\/nbiot-kabelloser-wasserlecklogger-mit-streifen\\\/#primaryimage\"},\"image\":{\"@id\":\"https:\\\/\\\/sysmatec.ch\\\/de\\\/Produkt\\\/nbiot-kabelloser-wasserlecklogger-mit-streifen\\\/#primaryimage\"},\"thumbnailUrl\":\"https:\\\/\\\/sysmatec.ch\\\/wp-content\\\/uploads\\\/2024\\\/04\\\/EnregistreurFuite2_Efento.jpg\",\"datePublished\":\"2024-04-14T09:26:30+00:00\",\"dateModified\":\"2024-04-14T09:35:20+00:00\",\"description\":\"Erdungsleckschreiber mit Detektionsstreifen. Die Daten werden an eine Cloud gesendet, die Alarme ausl\u00f6sen kann.\",\"breadcrumb\":{\"@id\":\"https:\\\/\\\/sysmatec.ch\\\/de\\\/Produkt\\\/nbiot-kabelloser-wasserlecklogger-mit-streifen\\\/#breadcrumb\"},\"inLanguage\":\"de\",\"potentialAction\":[{\"@type\":\"ReadAction\",\"target\":[\"https:\\\/\\\/sysmatec.ch\\\/de\\\/Produkt\\\/nbiot-kabelloser-wasserlecklogger-mit-streifen\\\/\"]}]},{\"@type\":\"ImageObject\",\"inLanguage\":\"de\",\"@id\":\"https:\\\/\\\/sysmatec.ch\\\/de\\\/Produkt\\\/nbiot-kabelloser-wasserlecklogger-mit-streifen\\\/#primaryimage\",\"url\":\"https:\\\/\\\/sysmatec.ch\\\/wp-content\\\/uploads\\\/2024\\\/04\\\/EnregistreurFuite2_Efento.jpg\",\"contentUrl\":\"https:\\\/\\\/sysmatec.ch\\\/wp-content\\\/uploads\\\/2024\\\/04\\\/EnregistreurFuite2_Efento.jpg\",\"width\":620,\"height\":414},{\"@type\":\"BreadcrumbList\",\"@id\":\"https:\\\/\\\/sysmatec.ch\\\/de\\\/Produkt\\\/nbiot-kabelloser-wasserlecklogger-mit-streifen\\\/#breadcrumb\",\"itemListElement\":[{\"@type\":\"ListItem\",\"position\":1,\"name\":\"Accueil\",\"item\":\"https:\\\/\\\/sysmatec.ch\\\/de\\\/\"},{\"@type\":\"ListItem\",\"position\":2,\"name\":\"Die Aktivit\u00e4t von Sysmatec\",\"item\":\"https:\\\/\\\/sysmatec.ch\\\/de\\\/\"},{\"@type\":\"ListItem\",\"position\":3,\"name\":\"NBIOT Kabelloser Wasserlecklogger mit Streifen\"}]},{\"@type\":\"WebSite\",\"@id\":\"https:\\\/\\\/sysmatec.ch\\\/de\\\/#website\",\"url\":\"https:\\\/\\\/sysmatec.ch\\\/de\\\/\",\"name\":\"Sysmatec\",\"description\":\"Equipement de laboratoire et logiciels\",\"publisher\":{\"@id\":\"https:\\\/\\\/sysmatec.ch\\\/de\\\/#organization\"},\"potentialAction\":[{\"@type\":\"SearchAction\",\"target\":{\"@type\":\"EntryPoint\",\"urlTemplate\":\"https:\\\/\\\/sysmatec.ch\\\/de\\\/?s={search_term_string}\"},\"query-input\":{\"@type\":\"PropertyValueSpecification\",\"valueRequired\":true,\"valueName\":\"search_term_string\"}}],\"inLanguage\":\"de\"},{\"@type\":\"Organization\",\"@id\":\"https:\\\/\\\/sysmatec.ch\\\/de\\\/#organization\",\"name\":\"Sysmatec\",\"url\":\"https:\\\/\\\/sysmatec.ch\\\/de\\\/\",\"logo\":{\"@type\":\"ImageObject\",\"inLanguage\":\"de\",\"@id\":\"https:\\\/\\\/sysmatec.ch\\\/de\\\/#\\\/schema\\\/logo\\\/image\\\/\",\"url\":\"https:\\\/\\\/sysmatec.ch\\\/wp-content\\\/uploads\\\/2018\\\/11\\\/LogoSysmatec.jpg\",\"contentUrl\":\"https:\\\/\\\/sysmatec.ch\\\/wp-content\\\/uploads\\\/2018\\\/11\\\/LogoSysmatec.jpg\",\"width\":301,\"height\":297,\"caption\":\"Sysmatec\"},\"image\":{\"@id\":\"https:\\\/\\\/sysmatec.ch\\\/de\\\/#\\\/schema\\\/logo\\\/image\\\/\"}}]}<\/script>\n<!-- \/ Yoast SEO plugin. -->","yoast_head_json":{"title":"NBIOT Kabelloser Wasserlecklogger mit Streifen - Sysmatec","description":"Erdungsleckschreiber mit Detektionsstreifen. Die Daten werden an eine Cloud gesendet, die Alarme ausl\u00f6sen kann.","robots":{"index":"index","follow":"follow","max-snippet":"max-snippet:-1","max-image-preview":"max-image-preview:large","max-video-preview":"max-video-preview:-1"},"canonical":"https:\/\/sysmatec.ch\/de\/Produkt\/nbiot-kabelloser-wasserlecklogger-mit-streifen\/","og_locale":"de_DE","og_type":"article","og_title":"NBIOT Kabelloser Wasserlecklogger mit Streifen - Sysmatec","og_description":"Erdungsleckschreiber mit Detektionsstreifen. Die Daten werden an eine Cloud gesendet, die Alarme ausl\u00f6sen kann.","og_url":"https:\/\/sysmatec.ch\/de\/Produkt\/nbiot-kabelloser-wasserlecklogger-mit-streifen\/","og_site_name":"Sysmatec","article_modified_time":"2024-04-14T09:35:20+00:00","og_image":[{"width":620,"height":414,"url":"https:\/\/sysmatec.ch\/wp-content\/uploads\/2024\/04\/EnregistreurFuite2_Efento.jpg","type":"image\/jpeg"}],"twitter_card":"summary_large_image","twitter_misc":{"Gesch\u00e4tzte Lesezeit":"2\u00a0Minuten"},"schema":{"@context":"https:\/\/schema.org","@graph":[{"@type":"WebPage","@id":"https:\/\/sysmatec.ch\/de\/Produkt\/nbiot-kabelloser-wasserlecklogger-mit-streifen\/","url":"https:\/\/sysmatec.ch\/de\/Produkt\/nbiot-kabelloser-wasserlecklogger-mit-streifen\/","name":"NBIOT Kabelloser Wasserlecklogger mit Streifen - Sysmatec","isPartOf":{"@id":"https:\/\/sysmatec.ch\/de\/#website"},"primaryImageOfPage":{"@id":"https:\/\/sysmatec.ch\/de\/Produkt\/nbiot-kabelloser-wasserlecklogger-mit-streifen\/#primaryimage"},"image":{"@id":"https:\/\/sysmatec.ch\/de\/Produkt\/nbiot-kabelloser-wasserlecklogger-mit-streifen\/#primaryimage"},"thumbnailUrl":"https:\/\/sysmatec.ch\/wp-content\/uploads\/2024\/04\/EnregistreurFuite2_Efento.jpg","datePublished":"2024-04-14T09:26:30+00:00","dateModified":"2024-04-14T09:35:20+00:00","description":"Erdungsleckschreiber mit Detektionsstreifen. Die Daten werden an eine Cloud gesendet, die Alarme ausl\u00f6sen kann.","breadcrumb":{"@id":"https:\/\/sysmatec.ch\/de\/Produkt\/nbiot-kabelloser-wasserlecklogger-mit-streifen\/#breadcrumb"},"inLanguage":"de","potentialAction":[{"@type":"ReadAction","target":["https:\/\/sysmatec.ch\/de\/Produkt\/nbiot-kabelloser-wasserlecklogger-mit-streifen\/"]}]},{"@type":"ImageObject","inLanguage":"de","@id":"https:\/\/sysmatec.ch\/de\/Produkt\/nbiot-kabelloser-wasserlecklogger-mit-streifen\/#primaryimage","url":"https:\/\/sysmatec.ch\/wp-content\/uploads\/2024\/04\/EnregistreurFuite2_Efento.jpg","contentUrl":"https:\/\/sysmatec.ch\/wp-content\/uploads\/2024\/04\/EnregistreurFuite2_Efento.jpg","width":620,"height":414},{"@type":"BreadcrumbList","@id":"https:\/\/sysmatec.ch\/de\/Produkt\/nbiot-kabelloser-wasserlecklogger-mit-streifen\/#breadcrumb","itemListElement":[{"@type":"ListItem","position":1,"name":"Accueil","item":"https:\/\/sysmatec.ch\/de\/"},{"@type":"ListItem","position":2,"name":"Die Aktivit\u00e4t von Sysmatec","item":"https:\/\/sysmatec.ch\/de\/"},{"@type":"ListItem","position":3,"name":"NBIOT Kabelloser Wasserlecklogger mit Streifen"}]},{"@type":"WebSite","@id":"https:\/\/sysmatec.ch\/de\/#website","url":"https:\/\/sysmatec.ch\/de\/","name":"Sysmatec","description":"Equipement de laboratoire et logiciels","publisher":{"@id":"https:\/\/sysmatec.ch\/de\/#organization"},"potentialAction":[{"@type":"SearchAction","target":{"@type":"EntryPoint","urlTemplate":"https:\/\/sysmatec.ch\/de\/?s={search_term_string}"},"query-input":{"@type":"PropertyValueSpecification","valueRequired":true,"valueName":"search_term_string"}}],"inLanguage":"de"},{"@type":"Organization","@id":"https:\/\/sysmatec.ch\/de\/#organization","name":"Sysmatec","url":"https:\/\/sysmatec.ch\/de\/","logo":{"@type":"ImageObject","inLanguage":"de","@id":"https:\/\/sysmatec.ch\/de\/#\/schema\/logo\/image\/","url":"https:\/\/sysmatec.ch\/wp-content\/uploads\/2018\/11\/LogoSysmatec.jpg","contentUrl":"https:\/\/sysmatec.ch\/wp-content\/uploads\/2018\/11\/LogoSysmatec.jpg","width":301,"height":297,"caption":"Sysmatec"},"image":{"@id":"https:\/\/sysmatec.ch\/de\/#\/schema\/logo\/image\/"}}]}},"_links":{"self":[{"href":"https:\/\/sysmatec.ch\/de\/wp-json\/wp\/v2\/product\/29383","targetHints":{"allow":["GET"]}}],"collection":[{"href":"https:\/\/sysmatec.ch\/de\/wp-json\/wp\/v2\/product"}],"about":[{"href":"https:\/\/sysmatec.ch\/de\/wp-json\/wp\/v2\/types\/product"}],"wp:featuredmedia":[{"embeddable":true,"href":"https:\/\/sysmatec.ch\/de\/wp-json\/wp\/v2\/media\/29387"}],"wp:attachment":[{"href":"https:\/\/sysmatec.ch\/de\/wp-json\/wp\/v2\/media?parent=29383"}],"wp:term":[{"taxonomy":"product_brand","embeddable":true,"href":"https:\/\/sysmatec.ch\/de\/wp-json\/wp\/v2\/product_brand?post=29383"},{"taxonomy":"product_cat","embeddable":true,"href":"https:\/\/sysmatec.ch\/de\/wp-json\/wp\/v2\/product_cat?post=29383"},{"taxonomy":"product_tag","embeddable":true,"href":"https:\/\/sysmatec.ch\/de\/wp-json\/wp\/v2\/product_tag?post=29383"}],"curies":[{"name":"wp","href":"https:\/\/api.w.org\/{rel}","templated":true}]}}