{"id":29375,"date":"2024-04-14T11:13:39","date_gmt":"2024-04-14T09:13:39","guid":{"rendered":"https:\/\/sysmatec.ch\/?post_type=product&#038;p=29375"},"modified":"2024-04-14T11:25:49","modified_gmt":"2024-04-14T09:25:49","slug":"kabelloser-wasserlecklogger-nbiot","status":"publish","type":"product","link":"https:\/\/sysmatec.ch\/de\/Produkt\/kabelloser-wasserlecklogger-nbiot\/","title":{"rendered":"Kabelloser Wasserlecklogger NBIOT"},"content":{"rendered":"<p>Wasserlecksensoren werden dort eingesetzt, wo unkontrollierte Leckagen gro\u00dfe Sch\u00e4den verursachen k\u00f6nnen, z.B. in Archiven, Museen, Serverr\u00e4umen, Lagerhallen, Laboren. Sie eignen sich ideal zur \u00dcberwachung von Leckagen an Heizger\u00e4ten, Klimaanlagen, Geschirrsp\u00fclern, Waschmaschinen, Pumpen sowie K\u00fchl- oder Gefrierschr\u00e4nken.<\/p>\n<p>Efento NB-IoT-Sensoren \u00fcbertragen die Daten \u00fcber ein Mobilfunknetz (Narrowband IoT) und erfordern keine zus\u00e4tzlichen Ger\u00e4te (Router, Gateway usw.). Die Sensoren sind au\u00dferdem mit einer Bluetooth Low Energy-Schnittstelle ausgestattet, die eine schnelle und einfache Konfiguration mit einem Smartphone erm\u00f6glicht. Efento NB-IoT-Sensoren k\u00f6nnen in jede Cloud-Plattform integriert werden.<\/p>\n<h2>Merkmale<\/h2>\n<ul>\n<li>Erkennt das Vorhandensein einer leitf\u00e4higen Fl\u00fcssigkeit auf dem Niveau, auf dem die Sonde montiert ist<\/li>\n<li>Der Sensor sendet die Informationen an die Cloud, sobald er einen Wasseraustritt erkennt<\/li>\n<li>Sondenl\u00e4nge: 3m (andere L\u00e4ngen auf Anfrage erh\u00e4ltlich)<\/li>\n<li>Die Batterie gew\u00e4hrleistet einen wartungsfreien Betrieb von bis zu 5 Jahren<\/li>\n<li>NB-IoT-Sensoren senden die Daten \u00fcber das Mobilfunknetz an Efento Cloud oder eine andere Cloud-Plattform.<\/li>\n<li>Die Konfiguration des Sensors kann aus der Ferne aus der Cloud oder mit einer mobilen Anwendung \u00fcber Bluetooth Low Energy ge\u00e4ndert werden<\/li>\n<li>Das Ger\u00e4t speichert 40.000 Messungen in seinem Speicher, wenn der Speicher voll ist, werden die \u00e4ltesten Messungen \u00fcberschrieben<\/li>\n<\/ul>\n","protected":false},"excerpt":{"rendered":"<p>Boden Leckdetektor<\/p>\n","protected":false},"featured_media":29380,"template":"","meta":{"_crdt_document":""},"product_brand":[],"product_cat":[236],"product_tag":[],"class_list":{"0":"post-29375","1":"product","2":"type-product","3":"status-publish","4":"has-post-thumbnail","6":"product_cat-fuellstand","8":"first","9":"instock","10":"taxable","11":"shipping-taxable","12":"product-type-simple"},"yoast_head":"<!-- This site is optimized with the Yoast SEO plugin v27.4 - https:\/\/yoast.com\/product\/yoast-seo-wordpress\/ -->\n<title>Kabelloser Wasserlecklogger NBIOT - Sysmatec<\/title>\n<meta name=\"description\" content=\"Erdungsleckschreiber. Die Daten werden an eine Cloud gesendet, die Alarme ausl\u00f6sen kann.\" \/>\n<meta name=\"robots\" content=\"index, follow, max-snippet:-1, max-image-preview:large, max-video-preview:-1\" \/>\n<link rel=\"canonical\" href=\"https:\/\/sysmatec.ch\/de\/Produkt\/kabelloser-wasserlecklogger-nbiot\/\" \/>\n<meta property=\"og:locale\" content=\"de_DE\" \/>\n<meta property=\"og:type\" content=\"article\" \/>\n<meta property=\"og:title\" content=\"Kabelloser Wasserlecklogger NBIOT - Sysmatec\" \/>\n<meta property=\"og:description\" content=\"Erdungsleckschreiber. Die Daten werden an eine Cloud gesendet, die Alarme ausl\u00f6sen kann.\" \/>\n<meta property=\"og:url\" content=\"https:\/\/sysmatec.ch\/de\/Produkt\/kabelloser-wasserlecklogger-nbiot\/\" \/>\n<meta property=\"og:site_name\" content=\"Sysmatec\" \/>\n<meta property=\"article:modified_time\" content=\"2024-04-14T09:25:49+00:00\" \/>\n<meta property=\"og:image\" content=\"https:\/\/sysmatec.ch\/wp-content\/uploads\/2024\/04\/EnregistreurFuite_Efento.jpg\" \/>\n\t<meta property=\"og:image:width\" content=\"600\" \/>\n\t<meta property=\"og:image:height\" content=\"428\" \/>\n\t<meta property=\"og:image:type\" content=\"image\/jpeg\" \/>\n<meta name=\"twitter:card\" content=\"summary_large_image\" \/>\n<meta name=\"twitter:label1\" content=\"Gesch\u00e4tzte Lesezeit\" \/>\n\t<meta name=\"twitter:data1\" content=\"2\u00a0Minuten\" \/>\n<script type=\"application\/ld+json\" class=\"yoast-schema-graph\">{\"@context\":\"https:\\\/\\\/schema.org\",\"@graph\":[{\"@type\":\"WebPage\",\"@id\":\"https:\\\/\\\/sysmatec.ch\\\/de\\\/Produkt\\\/kabelloser-wasserlecklogger-nbiot\\\/\",\"url\":\"https:\\\/\\\/sysmatec.ch\\\/de\\\/Produkt\\\/kabelloser-wasserlecklogger-nbiot\\\/\",\"name\":\"Kabelloser Wasserlecklogger NBIOT - Sysmatec\",\"isPartOf\":{\"@id\":\"https:\\\/\\\/sysmatec.ch\\\/de\\\/#website\"},\"primaryImageOfPage\":{\"@id\":\"https:\\\/\\\/sysmatec.ch\\\/de\\\/Produkt\\\/kabelloser-wasserlecklogger-nbiot\\\/#primaryimage\"},\"image\":{\"@id\":\"https:\\\/\\\/sysmatec.ch\\\/de\\\/Produkt\\\/kabelloser-wasserlecklogger-nbiot\\\/#primaryimage\"},\"thumbnailUrl\":\"https:\\\/\\\/sysmatec.ch\\\/wp-content\\\/uploads\\\/2024\\\/04\\\/EnregistreurFuite_Efento.jpg\",\"datePublished\":\"2024-04-14T09:13:39+00:00\",\"dateModified\":\"2024-04-14T09:25:49+00:00\",\"description\":\"Erdungsleckschreiber. Die Daten werden an eine Cloud gesendet, die Alarme ausl\u00f6sen kann.\",\"breadcrumb\":{\"@id\":\"https:\\\/\\\/sysmatec.ch\\\/de\\\/Produkt\\\/kabelloser-wasserlecklogger-nbiot\\\/#breadcrumb\"},\"inLanguage\":\"de\",\"potentialAction\":[{\"@type\":\"ReadAction\",\"target\":[\"https:\\\/\\\/sysmatec.ch\\\/de\\\/Produkt\\\/kabelloser-wasserlecklogger-nbiot\\\/\"]}]},{\"@type\":\"ImageObject\",\"inLanguage\":\"de\",\"@id\":\"https:\\\/\\\/sysmatec.ch\\\/de\\\/Produkt\\\/kabelloser-wasserlecklogger-nbiot\\\/#primaryimage\",\"url\":\"https:\\\/\\\/sysmatec.ch\\\/wp-content\\\/uploads\\\/2024\\\/04\\\/EnregistreurFuite_Efento.jpg\",\"contentUrl\":\"https:\\\/\\\/sysmatec.ch\\\/wp-content\\\/uploads\\\/2024\\\/04\\\/EnregistreurFuite_Efento.jpg\",\"width\":600,\"height\":428},{\"@type\":\"BreadcrumbList\",\"@id\":\"https:\\\/\\\/sysmatec.ch\\\/de\\\/Produkt\\\/kabelloser-wasserlecklogger-nbiot\\\/#breadcrumb\",\"itemListElement\":[{\"@type\":\"ListItem\",\"position\":1,\"name\":\"Accueil\",\"item\":\"https:\\\/\\\/sysmatec.ch\\\/de\\\/\"},{\"@type\":\"ListItem\",\"position\":2,\"name\":\"Die Aktivit\u00e4t von Sysmatec\",\"item\":\"https:\\\/\\\/sysmatec.ch\\\/de\\\/\"},{\"@type\":\"ListItem\",\"position\":3,\"name\":\"Kabelloser Wasserlecklogger NBIOT\"}]},{\"@type\":\"WebSite\",\"@id\":\"https:\\\/\\\/sysmatec.ch\\\/de\\\/#website\",\"url\":\"https:\\\/\\\/sysmatec.ch\\\/de\\\/\",\"name\":\"Sysmatec\",\"description\":\"Equipement de laboratoire et logiciels\",\"publisher\":{\"@id\":\"https:\\\/\\\/sysmatec.ch\\\/de\\\/#organization\"},\"potentialAction\":[{\"@type\":\"SearchAction\",\"target\":{\"@type\":\"EntryPoint\",\"urlTemplate\":\"https:\\\/\\\/sysmatec.ch\\\/de\\\/?s={search_term_string}\"},\"query-input\":{\"@type\":\"PropertyValueSpecification\",\"valueRequired\":true,\"valueName\":\"search_term_string\"}}],\"inLanguage\":\"de\"},{\"@type\":\"Organization\",\"@id\":\"https:\\\/\\\/sysmatec.ch\\\/de\\\/#organization\",\"name\":\"Sysmatec\",\"url\":\"https:\\\/\\\/sysmatec.ch\\\/de\\\/\",\"logo\":{\"@type\":\"ImageObject\",\"inLanguage\":\"de\",\"@id\":\"https:\\\/\\\/sysmatec.ch\\\/de\\\/#\\\/schema\\\/logo\\\/image\\\/\",\"url\":\"https:\\\/\\\/sysmatec.ch\\\/wp-content\\\/uploads\\\/2018\\\/11\\\/LogoSysmatec.jpg\",\"contentUrl\":\"https:\\\/\\\/sysmatec.ch\\\/wp-content\\\/uploads\\\/2018\\\/11\\\/LogoSysmatec.jpg\",\"width\":301,\"height\":297,\"caption\":\"Sysmatec\"},\"image\":{\"@id\":\"https:\\\/\\\/sysmatec.ch\\\/de\\\/#\\\/schema\\\/logo\\\/image\\\/\"}}]}<\/script>\n<!-- \/ Yoast SEO plugin. -->","yoast_head_json":{"title":"Kabelloser Wasserlecklogger NBIOT - Sysmatec","description":"Erdungsleckschreiber. Die Daten werden an eine Cloud gesendet, die Alarme ausl\u00f6sen kann.","robots":{"index":"index","follow":"follow","max-snippet":"max-snippet:-1","max-image-preview":"max-image-preview:large","max-video-preview":"max-video-preview:-1"},"canonical":"https:\/\/sysmatec.ch\/de\/Produkt\/kabelloser-wasserlecklogger-nbiot\/","og_locale":"de_DE","og_type":"article","og_title":"Kabelloser Wasserlecklogger NBIOT - Sysmatec","og_description":"Erdungsleckschreiber. Die Daten werden an eine Cloud gesendet, die Alarme ausl\u00f6sen kann.","og_url":"https:\/\/sysmatec.ch\/de\/Produkt\/kabelloser-wasserlecklogger-nbiot\/","og_site_name":"Sysmatec","article_modified_time":"2024-04-14T09:25:49+00:00","og_image":[{"width":600,"height":428,"url":"https:\/\/sysmatec.ch\/wp-content\/uploads\/2024\/04\/EnregistreurFuite_Efento.jpg","type":"image\/jpeg"}],"twitter_card":"summary_large_image","twitter_misc":{"Gesch\u00e4tzte Lesezeit":"2\u00a0Minuten"},"schema":{"@context":"https:\/\/schema.org","@graph":[{"@type":"WebPage","@id":"https:\/\/sysmatec.ch\/de\/Produkt\/kabelloser-wasserlecklogger-nbiot\/","url":"https:\/\/sysmatec.ch\/de\/Produkt\/kabelloser-wasserlecklogger-nbiot\/","name":"Kabelloser Wasserlecklogger NBIOT - Sysmatec","isPartOf":{"@id":"https:\/\/sysmatec.ch\/de\/#website"},"primaryImageOfPage":{"@id":"https:\/\/sysmatec.ch\/de\/Produkt\/kabelloser-wasserlecklogger-nbiot\/#primaryimage"},"image":{"@id":"https:\/\/sysmatec.ch\/de\/Produkt\/kabelloser-wasserlecklogger-nbiot\/#primaryimage"},"thumbnailUrl":"https:\/\/sysmatec.ch\/wp-content\/uploads\/2024\/04\/EnregistreurFuite_Efento.jpg","datePublished":"2024-04-14T09:13:39+00:00","dateModified":"2024-04-14T09:25:49+00:00","description":"Erdungsleckschreiber. Die Daten werden an eine Cloud gesendet, die Alarme ausl\u00f6sen kann.","breadcrumb":{"@id":"https:\/\/sysmatec.ch\/de\/Produkt\/kabelloser-wasserlecklogger-nbiot\/#breadcrumb"},"inLanguage":"de","potentialAction":[{"@type":"ReadAction","target":["https:\/\/sysmatec.ch\/de\/Produkt\/kabelloser-wasserlecklogger-nbiot\/"]}]},{"@type":"ImageObject","inLanguage":"de","@id":"https:\/\/sysmatec.ch\/de\/Produkt\/kabelloser-wasserlecklogger-nbiot\/#primaryimage","url":"https:\/\/sysmatec.ch\/wp-content\/uploads\/2024\/04\/EnregistreurFuite_Efento.jpg","contentUrl":"https:\/\/sysmatec.ch\/wp-content\/uploads\/2024\/04\/EnregistreurFuite_Efento.jpg","width":600,"height":428},{"@type":"BreadcrumbList","@id":"https:\/\/sysmatec.ch\/de\/Produkt\/kabelloser-wasserlecklogger-nbiot\/#breadcrumb","itemListElement":[{"@type":"ListItem","position":1,"name":"Accueil","item":"https:\/\/sysmatec.ch\/de\/"},{"@type":"ListItem","position":2,"name":"Die Aktivit\u00e4t von Sysmatec","item":"https:\/\/sysmatec.ch\/de\/"},{"@type":"ListItem","position":3,"name":"Kabelloser Wasserlecklogger NBIOT"}]},{"@type":"WebSite","@id":"https:\/\/sysmatec.ch\/de\/#website","url":"https:\/\/sysmatec.ch\/de\/","name":"Sysmatec","description":"Equipement de laboratoire et logiciels","publisher":{"@id":"https:\/\/sysmatec.ch\/de\/#organization"},"potentialAction":[{"@type":"SearchAction","target":{"@type":"EntryPoint","urlTemplate":"https:\/\/sysmatec.ch\/de\/?s={search_term_string}"},"query-input":{"@type":"PropertyValueSpecification","valueRequired":true,"valueName":"search_term_string"}}],"inLanguage":"de"},{"@type":"Organization","@id":"https:\/\/sysmatec.ch\/de\/#organization","name":"Sysmatec","url":"https:\/\/sysmatec.ch\/de\/","logo":{"@type":"ImageObject","inLanguage":"de","@id":"https:\/\/sysmatec.ch\/de\/#\/schema\/logo\/image\/","url":"https:\/\/sysmatec.ch\/wp-content\/uploads\/2018\/11\/LogoSysmatec.jpg","contentUrl":"https:\/\/sysmatec.ch\/wp-content\/uploads\/2018\/11\/LogoSysmatec.jpg","width":301,"height":297,"caption":"Sysmatec"},"image":{"@id":"https:\/\/sysmatec.ch\/de\/#\/schema\/logo\/image\/"}}]}},"_links":{"self":[{"href":"https:\/\/sysmatec.ch\/de\/wp-json\/wp\/v2\/product\/29375","targetHints":{"allow":["GET"]}}],"collection":[{"href":"https:\/\/sysmatec.ch\/de\/wp-json\/wp\/v2\/product"}],"about":[{"href":"https:\/\/sysmatec.ch\/de\/wp-json\/wp\/v2\/types\/product"}],"wp:featuredmedia":[{"embeddable":true,"href":"https:\/\/sysmatec.ch\/de\/wp-json\/wp\/v2\/media\/29380"}],"wp:attachment":[{"href":"https:\/\/sysmatec.ch\/de\/wp-json\/wp\/v2\/media?parent=29375"}],"wp:term":[{"taxonomy":"product_brand","embeddable":true,"href":"https:\/\/sysmatec.ch\/de\/wp-json\/wp\/v2\/product_brand?post=29375"},{"taxonomy":"product_cat","embeddable":true,"href":"https:\/\/sysmatec.ch\/de\/wp-json\/wp\/v2\/product_cat?post=29375"},{"taxonomy":"product_tag","embeddable":true,"href":"https:\/\/sysmatec.ch\/de\/wp-json\/wp\/v2\/product_tag?post=29375"}],"curies":[{"name":"wp","href":"https:\/\/api.w.org\/{rel}","templated":true}]}}