{"id":29369,"date":"2024-04-14T10:52:34","date_gmt":"2024-04-14T08:52:34","guid":{"rendered":"https:\/\/sysmatec.ch\/?post_type=product&#038;p=29369"},"modified":"2024-04-14T11:06:41","modified_gmt":"2024-04-14T09:06:41","slug":"co2-und-luftqualitaetslogger-nbiotco2","status":"publish","type":"product","link":"https:\/\/sysmatec.ch\/de\/Produkt\/co2-und-luftqualitaetslogger-nbiotco2\/","title":{"rendered":"CO2- und Luftqualit\u00e4tslogger NBIOTCO2"},"content":{"rendered":"<p>Der drahtlose Kohlendioxid (CO2)-Logger von NB-IoT misst die Gaskonzentration und \u00fcbertr\u00e4gt seine Werte \u00fcber ein Mobilfunknetz (Narrowband IoT). Neben der Gaskonzentration misst der Logger auch Temperatur, Luftfeuchtigkeit und Luftdruck. Die Sensoren sind au\u00dferdem mit einer Bluetooth Low Energy-Schnittstelle ausgestattet, die eine schnelle und einfache Konfiguration mit einem Smartphone erm\u00f6glicht. Efento NB-IoT CO2-Sensoren k\u00f6nnen in jede Cloud-Plattform integriert werden.<\/p>\n<h2>Merkmale des CO2-Datenloggers<\/h2>\n<ul>\n<li>CO2: 400 ppm \u2013 5000 ppm, Genauigkeit \u00b1(40 ppm + 5 % des Messwerts)<\/li>\n<li>Temperatur: -15 bis +70\u00b0C, Genauigkeit: bis 0,4\u00b0C<\/li>\n<li>Luftfeuchtigkeit: 0 bis 99 % RH, Genauigkeit bis zu 4 % im Bereich von 0 bis 80 %<\/li>\n<li>Druck: 300 bis 1100 hPa, absolute Genauigkeit +\/- 3 hPa bei 0 bis + 65\u00b0C, relative +\/- 0,12 hPa bei 0 bis + 65\u00b0C, p = 800 &#8211; 900 hPa<\/li>\n<li>Die Batterie gew\u00e4hrleistet einen wartungsfreien Betrieb von bis zu 5 Jahren<\/li>\n<li>NB-IoT-Sensoren senden die Daten \u00fcber das Mobilfunknetz an Efento Cloud oder eine andere Cloud-Plattform.<\/li>\n<li>Messzeitraum: 1 Minute \u2013 10 Tage (vom Benutzer konfigurierbar)<\/li>\n<li>Vom Benutzer konfigurierbare Alarmschwellen. Wenn einer der Schwellenwerte \u00fcberschritten wird, sendet der Sensor die Daten sofort an die Plattform<\/li>\n<li>Die Konfiguration des Sensors kann aus der Ferne aus der Cloud oder mit einer mobilen Anwendung \u00fcber Bluetooth Low Energy ge\u00e4ndert werden<\/li>\n<\/ul>\n","protected":false},"excerpt":{"rendered":"<p>CO2-Datenlogger, Messung von CO2, Temperatur und Luftfeuchtigkeit in R\u00e4umen.<\/p>\n","protected":false},"featured_media":29373,"template":"","meta":{"_crdt_document":""},"product_brand":[],"product_cat":[185,248,374],"product_tag":[],"class_list":{"0":"post-29369","1":"product","2":"type-product","3":"status-publish","4":"has-post-thumbnail","6":"product_cat-analyzer-de","7":"product_cat-co2-de","8":"product_cat-gas-de","10":"first","11":"instock","12":"taxable","13":"shipping-taxable","14":"product-type-simple"},"yoast_head":"<!-- This site is optimized with the Yoast SEO plugin v27.4 - https:\/\/yoast.com\/product\/yoast-seo-wordpress\/ -->\n<title>CO2- und Luftqualit\u00e4tslogger NBIOTCO2 - Sysmatec<\/title>\n<meta name=\"description\" content=\"CO2-Datenlogger, Messung von CO2, Temperatur und Luftfeuchtigkeit in R\u00e4umen, mit Alarm, f\u00fcr bessere Luftqualit\u00e4t.\" \/>\n<meta name=\"robots\" content=\"index, follow, max-snippet:-1, max-image-preview:large, max-video-preview:-1\" \/>\n<link rel=\"canonical\" href=\"https:\/\/sysmatec.ch\/de\/Produkt\/co2-und-luftqualitaetslogger-nbiotco2\/\" \/>\n<meta property=\"og:locale\" content=\"de_DE\" \/>\n<meta property=\"og:type\" content=\"article\" \/>\n<meta property=\"og:title\" content=\"CO2- und Luftqualit\u00e4tslogger NBIOTCO2 - Sysmatec\" \/>\n<meta property=\"og:description\" content=\"CO2-Datenlogger, Messung von CO2, Temperatur und Luftfeuchtigkeit in R\u00e4umen, mit Alarm, f\u00fcr bessere Luftqualit\u00e4t.\" \/>\n<meta property=\"og:url\" content=\"https:\/\/sysmatec.ch\/de\/Produkt\/co2-und-luftqualitaetslogger-nbiotco2\/\" \/>\n<meta property=\"og:site_name\" content=\"Sysmatec\" \/>\n<meta property=\"article:modified_time\" content=\"2024-04-14T09:06:41+00:00\" \/>\n<meta property=\"og:image\" content=\"https:\/\/sysmatec.ch\/wp-content\/uploads\/2024\/04\/EnregistreurCO2_Efento.jpg\" \/>\n\t<meta property=\"og:image:width\" content=\"600\" \/>\n\t<meta property=\"og:image:height\" content=\"486\" \/>\n\t<meta property=\"og:image:type\" content=\"image\/jpeg\" \/>\n<meta name=\"twitter:card\" content=\"summary_large_image\" \/>\n<meta name=\"twitter:label1\" content=\"Gesch\u00e4tzte Lesezeit\" \/>\n\t<meta name=\"twitter:data1\" content=\"2\u00a0Minuten\" \/>\n<script type=\"application\/ld+json\" class=\"yoast-schema-graph\">{\"@context\":\"https:\\\/\\\/schema.org\",\"@graph\":[{\"@type\":\"WebPage\",\"@id\":\"https:\\\/\\\/sysmatec.ch\\\/de\\\/Produkt\\\/co2-und-luftqualitaetslogger-nbiotco2\\\/\",\"url\":\"https:\\\/\\\/sysmatec.ch\\\/de\\\/Produkt\\\/co2-und-luftqualitaetslogger-nbiotco2\\\/\",\"name\":\"CO2- und Luftqualit\u00e4tslogger NBIOTCO2 - Sysmatec\",\"isPartOf\":{\"@id\":\"https:\\\/\\\/sysmatec.ch\\\/de\\\/#website\"},\"primaryImageOfPage\":{\"@id\":\"https:\\\/\\\/sysmatec.ch\\\/de\\\/Produkt\\\/co2-und-luftqualitaetslogger-nbiotco2\\\/#primaryimage\"},\"image\":{\"@id\":\"https:\\\/\\\/sysmatec.ch\\\/de\\\/Produkt\\\/co2-und-luftqualitaetslogger-nbiotco2\\\/#primaryimage\"},\"thumbnailUrl\":\"https:\\\/\\\/sysmatec.ch\\\/wp-content\\\/uploads\\\/2024\\\/04\\\/EnregistreurCO2_Efento.jpg\",\"datePublished\":\"2024-04-14T08:52:34+00:00\",\"dateModified\":\"2024-04-14T09:06:41+00:00\",\"description\":\"CO2-Datenlogger, Messung von CO2, Temperatur und Luftfeuchtigkeit in R\u00e4umen, mit Alarm, f\u00fcr bessere Luftqualit\u00e4t.\",\"breadcrumb\":{\"@id\":\"https:\\\/\\\/sysmatec.ch\\\/de\\\/Produkt\\\/co2-und-luftqualitaetslogger-nbiotco2\\\/#breadcrumb\"},\"inLanguage\":\"de\",\"potentialAction\":[{\"@type\":\"ReadAction\",\"target\":[\"https:\\\/\\\/sysmatec.ch\\\/de\\\/Produkt\\\/co2-und-luftqualitaetslogger-nbiotco2\\\/\"]}]},{\"@type\":\"ImageObject\",\"inLanguage\":\"de\",\"@id\":\"https:\\\/\\\/sysmatec.ch\\\/de\\\/Produkt\\\/co2-und-luftqualitaetslogger-nbiotco2\\\/#primaryimage\",\"url\":\"https:\\\/\\\/sysmatec.ch\\\/wp-content\\\/uploads\\\/2024\\\/04\\\/EnregistreurCO2_Efento.jpg\",\"contentUrl\":\"https:\\\/\\\/sysmatec.ch\\\/wp-content\\\/uploads\\\/2024\\\/04\\\/EnregistreurCO2_Efento.jpg\",\"width\":600,\"height\":486},{\"@type\":\"BreadcrumbList\",\"@id\":\"https:\\\/\\\/sysmatec.ch\\\/de\\\/Produkt\\\/co2-und-luftqualitaetslogger-nbiotco2\\\/#breadcrumb\",\"itemListElement\":[{\"@type\":\"ListItem\",\"position\":1,\"name\":\"Accueil\",\"item\":\"https:\\\/\\\/sysmatec.ch\\\/de\\\/\"},{\"@type\":\"ListItem\",\"position\":2,\"name\":\"Die Aktivit\u00e4t von Sysmatec\",\"item\":\"https:\\\/\\\/sysmatec.ch\\\/de\\\/\"},{\"@type\":\"ListItem\",\"position\":3,\"name\":\"CO2- und Luftqualit\u00e4tslogger NBIOTCO2\"}]},{\"@type\":\"WebSite\",\"@id\":\"https:\\\/\\\/sysmatec.ch\\\/de\\\/#website\",\"url\":\"https:\\\/\\\/sysmatec.ch\\\/de\\\/\",\"name\":\"Sysmatec\",\"description\":\"Equipement de laboratoire et logiciels\",\"publisher\":{\"@id\":\"https:\\\/\\\/sysmatec.ch\\\/de\\\/#organization\"},\"potentialAction\":[{\"@type\":\"SearchAction\",\"target\":{\"@type\":\"EntryPoint\",\"urlTemplate\":\"https:\\\/\\\/sysmatec.ch\\\/de\\\/?s={search_term_string}\"},\"query-input\":{\"@type\":\"PropertyValueSpecification\",\"valueRequired\":true,\"valueName\":\"search_term_string\"}}],\"inLanguage\":\"de\"},{\"@type\":\"Organization\",\"@id\":\"https:\\\/\\\/sysmatec.ch\\\/de\\\/#organization\",\"name\":\"Sysmatec\",\"url\":\"https:\\\/\\\/sysmatec.ch\\\/de\\\/\",\"logo\":{\"@type\":\"ImageObject\",\"inLanguage\":\"de\",\"@id\":\"https:\\\/\\\/sysmatec.ch\\\/de\\\/#\\\/schema\\\/logo\\\/image\\\/\",\"url\":\"https:\\\/\\\/sysmatec.ch\\\/wp-content\\\/uploads\\\/2018\\\/11\\\/LogoSysmatec.jpg\",\"contentUrl\":\"https:\\\/\\\/sysmatec.ch\\\/wp-content\\\/uploads\\\/2018\\\/11\\\/LogoSysmatec.jpg\",\"width\":301,\"height\":297,\"caption\":\"Sysmatec\"},\"image\":{\"@id\":\"https:\\\/\\\/sysmatec.ch\\\/de\\\/#\\\/schema\\\/logo\\\/image\\\/\"}}]}<\/script>\n<!-- \/ Yoast SEO plugin. -->","yoast_head_json":{"title":"CO2- und Luftqualit\u00e4tslogger NBIOTCO2 - Sysmatec","description":"CO2-Datenlogger, Messung von CO2, Temperatur und Luftfeuchtigkeit in R\u00e4umen, mit Alarm, f\u00fcr bessere Luftqualit\u00e4t.","robots":{"index":"index","follow":"follow","max-snippet":"max-snippet:-1","max-image-preview":"max-image-preview:large","max-video-preview":"max-video-preview:-1"},"canonical":"https:\/\/sysmatec.ch\/de\/Produkt\/co2-und-luftqualitaetslogger-nbiotco2\/","og_locale":"de_DE","og_type":"article","og_title":"CO2- und Luftqualit\u00e4tslogger NBIOTCO2 - Sysmatec","og_description":"CO2-Datenlogger, Messung von CO2, Temperatur und Luftfeuchtigkeit in R\u00e4umen, mit Alarm, f\u00fcr bessere Luftqualit\u00e4t.","og_url":"https:\/\/sysmatec.ch\/de\/Produkt\/co2-und-luftqualitaetslogger-nbiotco2\/","og_site_name":"Sysmatec","article_modified_time":"2024-04-14T09:06:41+00:00","og_image":[{"width":600,"height":486,"url":"https:\/\/sysmatec.ch\/wp-content\/uploads\/2024\/04\/EnregistreurCO2_Efento.jpg","type":"image\/jpeg"}],"twitter_card":"summary_large_image","twitter_misc":{"Gesch\u00e4tzte Lesezeit":"2\u00a0Minuten"},"schema":{"@context":"https:\/\/schema.org","@graph":[{"@type":"WebPage","@id":"https:\/\/sysmatec.ch\/de\/Produkt\/co2-und-luftqualitaetslogger-nbiotco2\/","url":"https:\/\/sysmatec.ch\/de\/Produkt\/co2-und-luftqualitaetslogger-nbiotco2\/","name":"CO2- und Luftqualit\u00e4tslogger NBIOTCO2 - Sysmatec","isPartOf":{"@id":"https:\/\/sysmatec.ch\/de\/#website"},"primaryImageOfPage":{"@id":"https:\/\/sysmatec.ch\/de\/Produkt\/co2-und-luftqualitaetslogger-nbiotco2\/#primaryimage"},"image":{"@id":"https:\/\/sysmatec.ch\/de\/Produkt\/co2-und-luftqualitaetslogger-nbiotco2\/#primaryimage"},"thumbnailUrl":"https:\/\/sysmatec.ch\/wp-content\/uploads\/2024\/04\/EnregistreurCO2_Efento.jpg","datePublished":"2024-04-14T08:52:34+00:00","dateModified":"2024-04-14T09:06:41+00:00","description":"CO2-Datenlogger, Messung von CO2, Temperatur und Luftfeuchtigkeit in R\u00e4umen, mit Alarm, f\u00fcr bessere Luftqualit\u00e4t.","breadcrumb":{"@id":"https:\/\/sysmatec.ch\/de\/Produkt\/co2-und-luftqualitaetslogger-nbiotco2\/#breadcrumb"},"inLanguage":"de","potentialAction":[{"@type":"ReadAction","target":["https:\/\/sysmatec.ch\/de\/Produkt\/co2-und-luftqualitaetslogger-nbiotco2\/"]}]},{"@type":"ImageObject","inLanguage":"de","@id":"https:\/\/sysmatec.ch\/de\/Produkt\/co2-und-luftqualitaetslogger-nbiotco2\/#primaryimage","url":"https:\/\/sysmatec.ch\/wp-content\/uploads\/2024\/04\/EnregistreurCO2_Efento.jpg","contentUrl":"https:\/\/sysmatec.ch\/wp-content\/uploads\/2024\/04\/EnregistreurCO2_Efento.jpg","width":600,"height":486},{"@type":"BreadcrumbList","@id":"https:\/\/sysmatec.ch\/de\/Produkt\/co2-und-luftqualitaetslogger-nbiotco2\/#breadcrumb","itemListElement":[{"@type":"ListItem","position":1,"name":"Accueil","item":"https:\/\/sysmatec.ch\/de\/"},{"@type":"ListItem","position":2,"name":"Die Aktivit\u00e4t von Sysmatec","item":"https:\/\/sysmatec.ch\/de\/"},{"@type":"ListItem","position":3,"name":"CO2- und Luftqualit\u00e4tslogger NBIOTCO2"}]},{"@type":"WebSite","@id":"https:\/\/sysmatec.ch\/de\/#website","url":"https:\/\/sysmatec.ch\/de\/","name":"Sysmatec","description":"Equipement de laboratoire et logiciels","publisher":{"@id":"https:\/\/sysmatec.ch\/de\/#organization"},"potentialAction":[{"@type":"SearchAction","target":{"@type":"EntryPoint","urlTemplate":"https:\/\/sysmatec.ch\/de\/?s={search_term_string}"},"query-input":{"@type":"PropertyValueSpecification","valueRequired":true,"valueName":"search_term_string"}}],"inLanguage":"de"},{"@type":"Organization","@id":"https:\/\/sysmatec.ch\/de\/#organization","name":"Sysmatec","url":"https:\/\/sysmatec.ch\/de\/","logo":{"@type":"ImageObject","inLanguage":"de","@id":"https:\/\/sysmatec.ch\/de\/#\/schema\/logo\/image\/","url":"https:\/\/sysmatec.ch\/wp-content\/uploads\/2018\/11\/LogoSysmatec.jpg","contentUrl":"https:\/\/sysmatec.ch\/wp-content\/uploads\/2018\/11\/LogoSysmatec.jpg","width":301,"height":297,"caption":"Sysmatec"},"image":{"@id":"https:\/\/sysmatec.ch\/de\/#\/schema\/logo\/image\/"}}]}},"_links":{"self":[{"href":"https:\/\/sysmatec.ch\/de\/wp-json\/wp\/v2\/product\/29369","targetHints":{"allow":["GET"]}}],"collection":[{"href":"https:\/\/sysmatec.ch\/de\/wp-json\/wp\/v2\/product"}],"about":[{"href":"https:\/\/sysmatec.ch\/de\/wp-json\/wp\/v2\/types\/product"}],"wp:featuredmedia":[{"embeddable":true,"href":"https:\/\/sysmatec.ch\/de\/wp-json\/wp\/v2\/media\/29373"}],"wp:attachment":[{"href":"https:\/\/sysmatec.ch\/de\/wp-json\/wp\/v2\/media?parent=29369"}],"wp:term":[{"taxonomy":"product_brand","embeddable":true,"href":"https:\/\/sysmatec.ch\/de\/wp-json\/wp\/v2\/product_brand?post=29369"},{"taxonomy":"product_cat","embeddable":true,"href":"https:\/\/sysmatec.ch\/de\/wp-json\/wp\/v2\/product_cat?post=29369"},{"taxonomy":"product_tag","embeddable":true,"href":"https:\/\/sysmatec.ch\/de\/wp-json\/wp\/v2\/product_tag?post=29369"}],"curies":[{"name":"wp","href":"https:\/\/api.w.org\/{rel}","templated":true}]}}