{"id":29360,"date":"2024-04-13T11:29:12","date_gmt":"2024-04-13T09:29:12","guid":{"rendered":"https:\/\/sysmatec.ch\/?post_type=product&#038;p=29360"},"modified":"2024-04-16T18:26:06","modified_gmt":"2024-04-16T16:26:06","slug":"schnelltest-auf-antibiotika-in-milch-tritest-bts","status":"publish","type":"product","link":"https:\/\/sysmatec.ch\/de\/Produkt\/schnelltest-auf-antibiotika-in-milch-tritest-bts\/","title":{"rendered":"Schnelltest auf Antibiotika in Milch TriTest BTS"},"content":{"rendered":"<p>Das Tritest BTS-Testkit \u03b2-Lactams &amp; Tetracyclines &amp; Sulfonamides ist ein zweistufiger, 10-min\u00fctiger qualitativer Schnelltest, der es erm\u00f6glicht, gleichzeitig das Vorhandensein von \u03b2-Lactam-, Tetracyclin- und Sulfonamid-R\u00fcckst\u00e4nden in einer Probe roher Kuhmilch nachzuweisen und zu unterscheiden. Das Testkit ist f\u00fcr die Inkubation bei Raumtemperatur konzipiert und kann daher ohne Hilfsmittel verwendet werden.<\/p>\n<p>Es nutzt hochaffine Antik\u00f6rper und F\u00e4ngerproteine gegen Sulfonamide, Tetracycline und Beta-Lactame-Antibiotika, mit denen diese potenziell gef\u00e4hrlichen Substanzen in der Milch ohne Hilfsmittel leicht identifiziert werden k\u00f6nnen.<\/p>\n<p>&nbsp;<\/p>\n<table border=\"1\" width=\"398\" cellspacing=\"2\" cellpadding=\"0\">\n<tbody>\n<tr>\n<td><strong>Beta-Lactames<\/strong><\/td>\n<td>MRL (ug\/L)<\/td>\n<td>LOD (ug\/L)<\/td>\n<\/tr>\n<tr>\n<td>Penicillin G<\/td>\n<td>4<\/td>\n<td>0.5-1<\/td>\n<\/tr>\n<tr>\n<td>Ampicillin<\/td>\n<td>4<\/td>\n<td>1-2<\/td>\n<\/tr>\n<tr>\n<td>Amoxillin<\/td>\n<td>4<\/td>\n<td>1.5-3<\/td>\n<\/tr>\n<tr>\n<td>Oxacillin<\/td>\n<td>30<\/td>\n<td>1.5-3<\/td>\n<\/tr>\n<tr>\n<td>Cloxacilin<\/td>\n<td>30<\/td>\n<td>1-2<\/td>\n<\/tr>\n<tr>\n<td>Dicloxacillin<\/td>\n<td>30<\/td>\n<td>1-2<\/td>\n<\/tr>\n<tr>\n<td>Nafcillin<\/td>\n<td>30<\/td>\n<td>5-8<\/td>\n<\/tr>\n<tr>\n<td>Cefazolin<\/td>\n<td>50<\/td>\n<td>20-25<\/td>\n<\/tr>\n<tr>\n<td>Cefuroxime<\/td>\n<td><\/td>\n<td>100-150<\/td>\n<\/tr>\n<tr>\n<td><strong>Tetracyclines<\/strong><\/td>\n<td><\/td>\n<td><\/td>\n<\/tr>\n<tr>\n<td>Tetracycline<\/td>\n<td>100<\/td>\n<td>2-3<\/td>\n<\/tr>\n<tr>\n<td>Oxytetracycline<\/td>\n<td>100<\/td>\n<td>2-3<\/td>\n<\/tr>\n<tr>\n<td>Doxycycline<\/td>\n<td>100<\/td>\n<td>2-3<\/td>\n<\/tr>\n<tr>\n<td>Chlortetracycline<\/td>\n<td>100<\/td>\n<td>2-3<\/td>\n<\/tr>\n<tr>\n<td><strong>Cephalosporines<\/strong><\/td>\n<td><\/td>\n<td><\/td>\n<\/tr>\n<tr>\n<td>Cefquinome<\/td>\n<td>20<\/td>\n<td>5-8<\/td>\n<\/tr>\n<tr>\n<td>Cefacetrile<\/td>\n<td>125<\/td>\n<td>4-7<\/td>\n<\/tr>\n<tr>\n<td>Cefalonium<\/td>\n<td>20<\/td>\n<td>1-2<\/td>\n<\/tr>\n<tr>\n<td>Cefoperazone<\/td>\n<td>50<\/td>\n<td>1-1.5<\/td>\n<\/tr>\n<tr>\n<td>Cephapirin<\/td>\n<td>60<\/td>\n<td>2-3<\/td>\n<\/tr>\n<tr>\n<td>Cephapirin<\/td>\n<td><\/td>\n<td>4<\/td>\n<\/tr>\n<tr>\n<td>Ceftiofur<\/td>\n<td>100<\/td>\n<td>40.60<\/td>\n<\/tr>\n<tr>\n<td>Piperacillin<\/td>\n<td><\/td>\n<td>1-2<\/td>\n<\/tr>\n<tr>\n<td><strong>Sulfonamides<\/strong><\/td>\n<td><\/td>\n<td><\/td>\n<\/tr>\n<tr>\n<td>Sulfachlorpyridazine<\/td>\n<td><\/td>\n<td>5-7<\/td>\n<\/tr>\n<tr>\n<td>Sulfadiazine<\/td>\n<td><\/td>\n<td>5-8<\/td>\n<\/tr>\n<tr>\n<td>Sulfadoxine<\/td>\n<td><\/td>\n<td>3<\/td>\n<\/tr>\n<tr>\n<td>Sulfamerazine<\/td>\n<td><\/td>\n<td>4-6<\/td>\n<\/tr>\n<tr>\n<td>Sulfamethizole<\/td>\n<td><\/td>\n<td>4-6<\/td>\n<\/tr>\n<tr>\n<td>Sulfamethoxazole<\/td>\n<td><\/td>\n<td>6-10<\/td>\n<\/tr>\n<tr>\n<td>Sulfamethoxypyridazine<\/td>\n<td><\/td>\n<td>8-10<\/td>\n<\/tr>\n<tr>\n<td>Sulfapyridine<\/td>\n<td><\/td>\n<td>60-90<\/td>\n<\/tr>\n<tr>\n<td>Sulfaquinoxaline<\/td>\n<td><\/td>\n<td>5-8<\/td>\n<\/tr>\n<tr>\n<td>Sulfathiazole<\/td>\n<td><\/td>\n<td>60-80<\/td>\n<\/tr>\n<tr>\n<td>Sulfamonomethoxine<\/td>\n<td><\/td>\n<td>3-4<\/td>\n<\/tr>\n<tr>\n<td>Sulfamoxole<\/td>\n<td><\/td>\n<td>20-30<\/td>\n<\/tr>\n<tr>\n<td>Sulfamoxole<\/td>\n<td><\/td>\n<td>20-30<\/td>\n<\/tr>\n<tr>\n<td>Sulfadimidine<\/td>\n<td><\/td>\n<td>5-8<\/td>\n<\/tr>\n<tr>\n<td>Sulfisomidine<\/td>\n<td><\/td>\n<td>2-4<\/td>\n<\/tr>\n<tr>\n<td>Sulfachloropyrazine<\/td>\n<td><\/td>\n<td>4-6<\/td>\n<\/tr>\n<tr>\n<td>Sulfamethoxydiazine<\/td>\n<td><\/td>\n<td>3-4<\/td>\n<\/tr>\n<tr>\n<td>Sulfisoxazole<\/td>\n<td><\/td>\n<td>40-60<\/td>\n<\/tr>\n<tr>\n<td>Sulfadimethoxine<\/td>\n<td><\/td>\n<td>2-4<\/td>\n<\/tr>\n<\/tbody>\n<\/table>\n<p>MRL: Maximum Residue Limit (Maximale R\u00fcckstandsgrenze)<\/p>\n<p>LOD: Limit Of Determination (Bestimmungsgrenze)<\/p>\n<h2>Benutzung<\/h2>\n<p>1. Bringen Sie alle Testproben auf Raumtemperatur. (Die optimale Temperatur f\u00fcr den Test betr\u00e4gt 20\u201325 \u00b0C.)<\/p>\n<p>2. Bringen Sie das Testkit und die Proben auf Raumtemperatur. Milchproben sollten vollst\u00e4ndig fl\u00fcssig sein und keine Agglomeration oder Ablagerung aufweisen.<\/p>\n<p>3. Nehmen Sie die erforderlichen Vertiefungen und Streifen aus der Flasche und markieren Sie sie entsprechend. Verwenden Sie die Teststreifen innerhalb von 1 Stunde. Verschlie\u00dfen Sie die Flaschenverschl\u00fcsse und bewahren Sie den Rest des unbenutzten Kits auf.<\/p>\n<p>4. Stellen Sie die Vertiefungen auf die Heizung. Geben Sie 200 \u00b5l der Milchprobe in die Mikrovertiefung und absorbieren Sie sie wiederholt<br \/>\nf\u00fcnfmal nach unten dr\u00fccken, um die Probe vollst\u00e4ndig mit dem Reagenz in den Vertiefungen zu vermischen. Die Mischung sollte rosa sein.<br \/>\nHinweis: Wenn Sie mit einer Kunststoffpipette Proben entnehmen, geben Sie die Probe in die Markierungslinie der Mikrovertiefung ein.<\/p>\n<p>5. Inkubieren Sie 5 Minuten lang bei Raumtemperatur und f\u00fchren Sie dann den Teststreifen in die Vertiefung ein, wobei das \u201eeingetauchte\u201c Ende vollst\u00e4ndig in das gemischte Reagenz und die Probe eingetaucht sein muss, und lassen Sie ihn 5 Minuten lang bei Raumtemperatur stehen<\/p>\n<p>6. Nehmen Sie den Streifen heraus; Bestimmen Sie das Ergebnis anhand der Anleitung.<\/p>\n<p>7. M\u00f6glichkeit zur Quantifizierung der Antibiotikakonzentration mit dem speziellen NBReader Q3-System oder NBReader Fast 2<\/p>\n<h2>Im Kit enthalten<\/h2>\n<ul>\n<li>In jedem Testkit sind 12 R\u00f6hrchen, 1 Mikrotiterplattenhalter, 1 Anleitung und 100 Pipetten enthalten<\/li>\n<li>Positivkontrolle und Negativkontrolle<\/li>\n<li>In jedem R\u00f6hrchen befinden sich 8 Teststreifen und 8 Mikrowell-Reagenzien. Insgesamt sind 96 Tests enthalten.<\/li>\n<\/ul>\n<p>Bei 2\u20138 \u00b0C an einem k\u00fchlen, dunklen Ort lagern, nicht einfrieren. Das Kit ist 12 Monate ab Herstellungsdatum g\u00fcltig.<\/p>\n<p>Referenznummer: 140015 TriTest BTS<\/p>\n<p>&nbsp;<\/p>\n","protected":false},"excerpt":{"rendered":"<p>Schnelltest zur Bestimmung von Antibiotika in Milch.<\/p>\n","protected":false},"featured_media":29364,"template":"","meta":{"_crdt_document":""},"product_brand":[],"product_cat":[188,377],"product_tag":[],"class_list":{"0":"post-29360","1":"product","2":"type-product","3":"status-publish","4":"has-post-thumbnail","6":"product_cat-analyse-de","7":"product_cat-milch","9":"first","10":"instock","11":"taxable","12":"shipping-taxable","13":"product-type-simple"},"yoast_head":"<!-- This site is optimized with the Yoast SEO plugin v27.4 - https:\/\/yoast.com\/product\/yoast-seo-wordpress\/ -->\n<title>Schnelltest auf Antibiotika in Milch TriTest BTS - Sysmatec<\/title>\n<meta name=\"description\" content=\"Schnelltest zur Bestimmung von Antibiotika einschlie\u00dflich Beta-Lactam, Tetracyclin und Sulfonamiden in Milch.\" \/>\n<meta name=\"robots\" content=\"index, follow, max-snippet:-1, max-image-preview:large, max-video-preview:-1\" \/>\n<link rel=\"canonical\" href=\"https:\/\/sysmatec.ch\/de\/Produkt\/schnelltest-auf-antibiotika-in-milch-tritest-bts\/\" \/>\n<meta property=\"og:locale\" content=\"de_DE\" \/>\n<meta property=\"og:type\" content=\"article\" \/>\n<meta property=\"og:title\" content=\"Schnelltest auf Antibiotika in Milch TriTest BTS - Sysmatec\" \/>\n<meta property=\"og:description\" content=\"Schnelltest zur Bestimmung von Antibiotika einschlie\u00dflich Beta-Lactam, Tetracyclin und Sulfonamiden in Milch.\" \/>\n<meta property=\"og:url\" content=\"https:\/\/sysmatec.ch\/de\/Produkt\/schnelltest-auf-antibiotika-in-milch-tritest-bts\/\" \/>\n<meta property=\"og:site_name\" content=\"Sysmatec\" \/>\n<meta property=\"article:modified_time\" content=\"2024-04-16T16:26:06+00:00\" \/>\n<meta property=\"og:image\" content=\"https:\/\/sysmatec.ch\/wp-content\/uploads\/2024\/04\/AntbiotiqueDansLait_Ringbio.jpg\" \/>\n\t<meta property=\"og:image:width\" content=\"440\" \/>\n\t<meta property=\"og:image:height\" content=\"451\" \/>\n\t<meta property=\"og:image:type\" content=\"image\/jpeg\" \/>\n<meta name=\"twitter:card\" content=\"summary_large_image\" \/>\n<meta name=\"twitter:label1\" content=\"Gesch\u00e4tzte Lesezeit\" \/>\n\t<meta name=\"twitter:data1\" content=\"3\u00a0Minuten\" \/>\n<script type=\"application\/ld+json\" class=\"yoast-schema-graph\">{\"@context\":\"https:\\\/\\\/schema.org\",\"@graph\":[{\"@type\":\"WebPage\",\"@id\":\"https:\\\/\\\/sysmatec.ch\\\/de\\\/Produkt\\\/schnelltest-auf-antibiotika-in-milch-tritest-bts\\\/\",\"url\":\"https:\\\/\\\/sysmatec.ch\\\/de\\\/Produkt\\\/schnelltest-auf-antibiotika-in-milch-tritest-bts\\\/\",\"name\":\"Schnelltest auf Antibiotika in Milch TriTest BTS - Sysmatec\",\"isPartOf\":{\"@id\":\"https:\\\/\\\/sysmatec.ch\\\/de\\\/#website\"},\"primaryImageOfPage\":{\"@id\":\"https:\\\/\\\/sysmatec.ch\\\/de\\\/Produkt\\\/schnelltest-auf-antibiotika-in-milch-tritest-bts\\\/#primaryimage\"},\"image\":{\"@id\":\"https:\\\/\\\/sysmatec.ch\\\/de\\\/Produkt\\\/schnelltest-auf-antibiotika-in-milch-tritest-bts\\\/#primaryimage\"},\"thumbnailUrl\":\"https:\\\/\\\/sysmatec.ch\\\/wp-content\\\/uploads\\\/2024\\\/04\\\/AntbiotiqueDansLait_Ringbio.jpg\",\"datePublished\":\"2024-04-13T09:29:12+00:00\",\"dateModified\":\"2024-04-16T16:26:06+00:00\",\"description\":\"Schnelltest zur Bestimmung von Antibiotika einschlie\u00dflich Beta-Lactam, Tetracyclin und Sulfonamiden in Milch.\",\"breadcrumb\":{\"@id\":\"https:\\\/\\\/sysmatec.ch\\\/de\\\/Produkt\\\/schnelltest-auf-antibiotika-in-milch-tritest-bts\\\/#breadcrumb\"},\"inLanguage\":\"de\",\"potentialAction\":[{\"@type\":\"ReadAction\",\"target\":[\"https:\\\/\\\/sysmatec.ch\\\/de\\\/Produkt\\\/schnelltest-auf-antibiotika-in-milch-tritest-bts\\\/\"]}]},{\"@type\":\"ImageObject\",\"inLanguage\":\"de\",\"@id\":\"https:\\\/\\\/sysmatec.ch\\\/de\\\/Produkt\\\/schnelltest-auf-antibiotika-in-milch-tritest-bts\\\/#primaryimage\",\"url\":\"https:\\\/\\\/sysmatec.ch\\\/wp-content\\\/uploads\\\/2024\\\/04\\\/AntbiotiqueDansLait_Ringbio.jpg\",\"contentUrl\":\"https:\\\/\\\/sysmatec.ch\\\/wp-content\\\/uploads\\\/2024\\\/04\\\/AntbiotiqueDansLait_Ringbio.jpg\",\"width\":440,\"height\":451},{\"@type\":\"BreadcrumbList\",\"@id\":\"https:\\\/\\\/sysmatec.ch\\\/de\\\/Produkt\\\/schnelltest-auf-antibiotika-in-milch-tritest-bts\\\/#breadcrumb\",\"itemListElement\":[{\"@type\":\"ListItem\",\"position\":1,\"name\":\"Accueil\",\"item\":\"https:\\\/\\\/sysmatec.ch\\\/de\\\/\"},{\"@type\":\"ListItem\",\"position\":2,\"name\":\"Die Aktivit\u00e4t von Sysmatec\",\"item\":\"https:\\\/\\\/sysmatec.ch\\\/de\\\/\"},{\"@type\":\"ListItem\",\"position\":3,\"name\":\"Schnelltest auf Antibiotika in Milch TriTest BTS\"}]},{\"@type\":\"WebSite\",\"@id\":\"https:\\\/\\\/sysmatec.ch\\\/de\\\/#website\",\"url\":\"https:\\\/\\\/sysmatec.ch\\\/de\\\/\",\"name\":\"Sysmatec\",\"description\":\"Equipement de laboratoire et logiciels\",\"publisher\":{\"@id\":\"https:\\\/\\\/sysmatec.ch\\\/de\\\/#organization\"},\"potentialAction\":[{\"@type\":\"SearchAction\",\"target\":{\"@type\":\"EntryPoint\",\"urlTemplate\":\"https:\\\/\\\/sysmatec.ch\\\/de\\\/?s={search_term_string}\"},\"query-input\":{\"@type\":\"PropertyValueSpecification\",\"valueRequired\":true,\"valueName\":\"search_term_string\"}}],\"inLanguage\":\"de\"},{\"@type\":\"Organization\",\"@id\":\"https:\\\/\\\/sysmatec.ch\\\/de\\\/#organization\",\"name\":\"Sysmatec\",\"url\":\"https:\\\/\\\/sysmatec.ch\\\/de\\\/\",\"logo\":{\"@type\":\"ImageObject\",\"inLanguage\":\"de\",\"@id\":\"https:\\\/\\\/sysmatec.ch\\\/de\\\/#\\\/schema\\\/logo\\\/image\\\/\",\"url\":\"https:\\\/\\\/sysmatec.ch\\\/wp-content\\\/uploads\\\/2018\\\/11\\\/LogoSysmatec.jpg\",\"contentUrl\":\"https:\\\/\\\/sysmatec.ch\\\/wp-content\\\/uploads\\\/2018\\\/11\\\/LogoSysmatec.jpg\",\"width\":301,\"height\":297,\"caption\":\"Sysmatec\"},\"image\":{\"@id\":\"https:\\\/\\\/sysmatec.ch\\\/de\\\/#\\\/schema\\\/logo\\\/image\\\/\"}}]}<\/script>\n<!-- \/ Yoast SEO plugin. -->","yoast_head_json":{"title":"Schnelltest auf Antibiotika in Milch TriTest BTS - Sysmatec","description":"Schnelltest zur Bestimmung von Antibiotika einschlie\u00dflich Beta-Lactam, Tetracyclin und Sulfonamiden in Milch.","robots":{"index":"index","follow":"follow","max-snippet":"max-snippet:-1","max-image-preview":"max-image-preview:large","max-video-preview":"max-video-preview:-1"},"canonical":"https:\/\/sysmatec.ch\/de\/Produkt\/schnelltest-auf-antibiotika-in-milch-tritest-bts\/","og_locale":"de_DE","og_type":"article","og_title":"Schnelltest auf Antibiotika in Milch TriTest BTS - Sysmatec","og_description":"Schnelltest zur Bestimmung von Antibiotika einschlie\u00dflich Beta-Lactam, Tetracyclin und Sulfonamiden in Milch.","og_url":"https:\/\/sysmatec.ch\/de\/Produkt\/schnelltest-auf-antibiotika-in-milch-tritest-bts\/","og_site_name":"Sysmatec","article_modified_time":"2024-04-16T16:26:06+00:00","og_image":[{"width":440,"height":451,"url":"https:\/\/sysmatec.ch\/wp-content\/uploads\/2024\/04\/AntbiotiqueDansLait_Ringbio.jpg","type":"image\/jpeg"}],"twitter_card":"summary_large_image","twitter_misc":{"Gesch\u00e4tzte Lesezeit":"3\u00a0Minuten"},"schema":{"@context":"https:\/\/schema.org","@graph":[{"@type":"WebPage","@id":"https:\/\/sysmatec.ch\/de\/Produkt\/schnelltest-auf-antibiotika-in-milch-tritest-bts\/","url":"https:\/\/sysmatec.ch\/de\/Produkt\/schnelltest-auf-antibiotika-in-milch-tritest-bts\/","name":"Schnelltest auf Antibiotika in Milch TriTest BTS - Sysmatec","isPartOf":{"@id":"https:\/\/sysmatec.ch\/de\/#website"},"primaryImageOfPage":{"@id":"https:\/\/sysmatec.ch\/de\/Produkt\/schnelltest-auf-antibiotika-in-milch-tritest-bts\/#primaryimage"},"image":{"@id":"https:\/\/sysmatec.ch\/de\/Produkt\/schnelltest-auf-antibiotika-in-milch-tritest-bts\/#primaryimage"},"thumbnailUrl":"https:\/\/sysmatec.ch\/wp-content\/uploads\/2024\/04\/AntbiotiqueDansLait_Ringbio.jpg","datePublished":"2024-04-13T09:29:12+00:00","dateModified":"2024-04-16T16:26:06+00:00","description":"Schnelltest zur Bestimmung von Antibiotika einschlie\u00dflich Beta-Lactam, Tetracyclin und Sulfonamiden in Milch.","breadcrumb":{"@id":"https:\/\/sysmatec.ch\/de\/Produkt\/schnelltest-auf-antibiotika-in-milch-tritest-bts\/#breadcrumb"},"inLanguage":"de","potentialAction":[{"@type":"ReadAction","target":["https:\/\/sysmatec.ch\/de\/Produkt\/schnelltest-auf-antibiotika-in-milch-tritest-bts\/"]}]},{"@type":"ImageObject","inLanguage":"de","@id":"https:\/\/sysmatec.ch\/de\/Produkt\/schnelltest-auf-antibiotika-in-milch-tritest-bts\/#primaryimage","url":"https:\/\/sysmatec.ch\/wp-content\/uploads\/2024\/04\/AntbiotiqueDansLait_Ringbio.jpg","contentUrl":"https:\/\/sysmatec.ch\/wp-content\/uploads\/2024\/04\/AntbiotiqueDansLait_Ringbio.jpg","width":440,"height":451},{"@type":"BreadcrumbList","@id":"https:\/\/sysmatec.ch\/de\/Produkt\/schnelltest-auf-antibiotika-in-milch-tritest-bts\/#breadcrumb","itemListElement":[{"@type":"ListItem","position":1,"name":"Accueil","item":"https:\/\/sysmatec.ch\/de\/"},{"@type":"ListItem","position":2,"name":"Die Aktivit\u00e4t von Sysmatec","item":"https:\/\/sysmatec.ch\/de\/"},{"@type":"ListItem","position":3,"name":"Schnelltest auf Antibiotika in Milch TriTest BTS"}]},{"@type":"WebSite","@id":"https:\/\/sysmatec.ch\/de\/#website","url":"https:\/\/sysmatec.ch\/de\/","name":"Sysmatec","description":"Equipement de laboratoire et logiciels","publisher":{"@id":"https:\/\/sysmatec.ch\/de\/#organization"},"potentialAction":[{"@type":"SearchAction","target":{"@type":"EntryPoint","urlTemplate":"https:\/\/sysmatec.ch\/de\/?s={search_term_string}"},"query-input":{"@type":"PropertyValueSpecification","valueRequired":true,"valueName":"search_term_string"}}],"inLanguage":"de"},{"@type":"Organization","@id":"https:\/\/sysmatec.ch\/de\/#organization","name":"Sysmatec","url":"https:\/\/sysmatec.ch\/de\/","logo":{"@type":"ImageObject","inLanguage":"de","@id":"https:\/\/sysmatec.ch\/de\/#\/schema\/logo\/image\/","url":"https:\/\/sysmatec.ch\/wp-content\/uploads\/2018\/11\/LogoSysmatec.jpg","contentUrl":"https:\/\/sysmatec.ch\/wp-content\/uploads\/2018\/11\/LogoSysmatec.jpg","width":301,"height":297,"caption":"Sysmatec"},"image":{"@id":"https:\/\/sysmatec.ch\/de\/#\/schema\/logo\/image\/"}}]}},"_links":{"self":[{"href":"https:\/\/sysmatec.ch\/de\/wp-json\/wp\/v2\/product\/29360","targetHints":{"allow":["GET"]}}],"collection":[{"href":"https:\/\/sysmatec.ch\/de\/wp-json\/wp\/v2\/product"}],"about":[{"href":"https:\/\/sysmatec.ch\/de\/wp-json\/wp\/v2\/types\/product"}],"wp:featuredmedia":[{"embeddable":true,"href":"https:\/\/sysmatec.ch\/de\/wp-json\/wp\/v2\/media\/29364"}],"wp:attachment":[{"href":"https:\/\/sysmatec.ch\/de\/wp-json\/wp\/v2\/media?parent=29360"}],"wp:term":[{"taxonomy":"product_brand","embeddable":true,"href":"https:\/\/sysmatec.ch\/de\/wp-json\/wp\/v2\/product_brand?post=29360"},{"taxonomy":"product_cat","embeddable":true,"href":"https:\/\/sysmatec.ch\/de\/wp-json\/wp\/v2\/product_cat?post=29360"},{"taxonomy":"product_tag","embeddable":true,"href":"https:\/\/sysmatec.ch\/de\/wp-json\/wp\/v2\/product_tag?post=29360"}],"curies":[{"name":"wp","href":"https:\/\/api.w.org\/{rel}","templated":true}]}}