{"id":29331,"date":"2024-04-08T09:11:55","date_gmt":"2024-04-08T07:11:56","guid":{"rendered":"https:\/\/sysmatec.ch\/?post_type=product&#038;p=29331"},"modified":"2024-04-08T22:10:58","modified_gmt":"2024-04-08T20:10:58","slug":"swab-test-zu-nachweis-von-mikroorganismen-auf-oberflaechen","status":"publish","type":"product","link":"https:\/\/sysmatec.ch\/de\/Produkt\/swab-test-zu-nachweis-von-mikroorganismen-auf-oberflaechen\/","title":{"rendered":"Swab Test zu Nachweis von Mikroorganismen auf Oberfl\u00e4chen"},"content":{"rendered":"<p>Diese Tests sind f\u00fcr die einfache und direkte Anwendung in Bereichen mit Verdacht auf Kontamination konzipiert und erm\u00f6glichen die Quantifizierung (Keimzahl) und Identifizierung vorhandener Mikroben. Es ist eine wertvolle Ressource in Umgebungen, die ein strenges Mikrobenmanagement erfordern, wie z. B. Labore, Gesundheitseinrichtungen, Lebensmittelverarbeitungsbetriebe und andere Bereiche, in denen Sauberkeit und Sterilit\u00e4t von entscheidender Bedeutung sind. Durch die Bereitstellung einer unkomplizierten Methode zur \u00dcberwachung der Oberfl\u00e4chenreinheit tragen die MICROBES CONTAM SWABS-Serien dazu bei, Hygienestandards aufrechtzuerhalten und eine mikrobielle Kontamination zu verhindern.<\/p>\n<h2>Vorteile<\/h2>\n<ul>\n<li>Facilit\u00e9 d&#8217;utilisation : Les tests sont simples \u00e0 administrer directement sur les surfaces de travail sans n\u00e9cessiter de formation sp\u00e9cialis\u00e9e, ce qui les rend accessibles pour une surveillance de routine.<\/li>\n<li>Changements de couleur clairs : Les milieux de culture sont con\u00e7us pour pr\u00e9senter des changements de couleur visibles en pr\u00e9sence de croissance microbienne, simplifiant ainsi l&#8217;interpr\u00e9tation des r\u00e9sultats.<\/li>\n<li>Aucun r\u00e9actif suppl\u00e9mentaire requis : ces tests autonomes \u00e9liminent le besoin de r\u00e9actifs externes, rationalisant ainsi le processus de test et r\u00e9duisant les erreurs potentielles.<\/li>\n<li>R\u00e9sultats rapides : Les r\u00e9sultats peuvent \u00eatre obtenus dans un d\u00e9lai de 18 \u00e0 24 heures, permettant une prise de d\u00e9cision rapide concernant la propret\u00e9 et la n\u00e9cessit\u00e9 d&#8217;une d\u00e9sinfection.<br \/>\nD\u00e9tection sensible\u00a0: Avec une limite de d\u00e9tection de 10 unit\u00e9s formant colonie (UFC) par millilitre, les tests sont tr\u00e8s sensibles, garantissant que m\u00eame de faibles niveaux de contamination microbienne peuvent \u00eatre d\u00e9tect\u00e9s.<\/li>\n<\/ul>\n<h2>Verfahren<\/h2>\n<ul>\n<li>\u00d6ffnen Sie den Umschlag und entnehmen Sie vorsichtig den mitgelieferten sterilen Tupfer. Tauchen Sie den Tupfer in ein mit steriler physiologischer L\u00f6sung gef\u00fclltes R\u00f6hrchen, um sicherzustellen, dass er ausreichend befeuchtet ist.<\/li>\n<li>Dr\u00fccken Sie den Tupfer vorsichtig gegen die Innenwand des R\u00f6hrchens, um \u00fcbersch\u00fcssige Fl\u00fcssigkeit zu entfernen und ihn so f\u00fcr den Probenahmevorgang vorzubereiten<br \/>\n\u00dcbers\u00e4ttigung.<\/li>\n<li>Streichen Sie mit dem vorbereiteten Tupfer vorsichtig horizontal \u00fcber die Arbeitsfl\u00e4che oder das Ger\u00e4t.<\/li>\n<li>Anschlie\u00dfend vertikal \u00fcber denselben Bereich streichen, um eine umfassende Abdeckung f\u00fcr eine effektive Probenahme zu gew\u00e4hrleisten. Diese Kreuzschraffurmethode hilft dabei, ein breites Spektrum potenzieller mikrobieller Verunreinigungen von der Oberfl\u00e4che zu sammeln.<\/li>\n<li>Nachdem Sie die Probe entnommen haben, f\u00fchren Sie den Tupfer vorsichtig wieder in das R\u00f6hrchen ein, das das Kulturmedium enth\u00e4lt.<\/li>\n<li>Verschlie\u00dfen Sie das R\u00f6hrchen sicher, um eine Kontamination oder einen Verlust der Probe zu verhindern.<\/li>\n<li>Stellen Sie das R\u00f6hrchen in einen auf 37 \u00b0C eingestellten Inkubator. Lassen Sie die Probe 18 bis 24 Stunden lang inkubieren. Dieser Temperatur- und Zeitrahmen ist optimal f\u00fcr das Wachstum vieler h\u00e4ufiger Bakterienarten.<\/li>\n<li>Nach der Inkubationszeit interpretieren Sie die Ergebnisse anhand der im Kulturmedium beobachteten Ver\u00e4nderungen, wie z. B. Farbver\u00e4nderungen oder das Auftreten von Tr\u00fcbungen, die auf mikrobielles Wachstum hinweisen.<\/li>\n<\/ul>\n<h2>Verpackung<\/h2>\n<ul>\n<li>Das Kit ist auf Benutzerfreundlichkeit und Langlebigkeit ausgelegt und wird idealerweise lichtgesch\u00fctzt bei 10\u201325 \u00b0C gelagert.<\/li>\n<li>Inhalt: 30 Fl\u00e4schchen mit Reagenz, 30 sterile Wattest\u00e4bchen aus Holz, 30 Flaschen Wasser f\u00fcr Injektionszwecke<\/li>\n<\/ul>\n<p>&nbsp;<\/p>\n","protected":false},"excerpt":{"rendered":"<p>Tests zum Nachweis von Mikroorganismen auf Oberfl\u00e4chen.<\/p>\n","protected":false},"featured_media":29335,"template":"","meta":{"_crdt_document":""},"product_brand":[],"product_cat":[188,435],"product_tag":[],"class_list":{"0":"post-29331","1":"product","2":"type-product","3":"status-publish","4":"has-post-thumbnail","6":"product_cat-analyse-de","7":"product_cat-mikrobiologie","9":"first","10":"instock","11":"taxable","12":"shipping-taxable","13":"product-type-simple"},"yoast_head":"<!-- This site is optimized with the Yoast SEO plugin v27.4 - https:\/\/yoast.com\/product\/yoast-seo-wordpress\/ -->\n<title>Swab Test zu Nachweis von Mikroorganismen auf Oberfl\u00e4chen - Sysmatec<\/title>\n<meta name=\"description\" content=\"Hierbei handelt es sich um Tests zum Nachweis von Mikroorganismen auf Oberfl\u00e4chen.\" \/>\n<meta name=\"robots\" content=\"index, follow, max-snippet:-1, max-image-preview:large, max-video-preview:-1\" \/>\n<link rel=\"canonical\" href=\"https:\/\/sysmatec.ch\/de\/Produkt\/swab-test-zu-nachweis-von-mikroorganismen-auf-oberflaechen\/\" \/>\n<meta property=\"og:locale\" content=\"de_DE\" \/>\n<meta property=\"og:type\" content=\"article\" \/>\n<meta property=\"og:title\" content=\"Swab Test zu Nachweis von Mikroorganismen auf Oberfl\u00e4chen - Sysmatec\" \/>\n<meta property=\"og:description\" content=\"Hierbei handelt es sich um Tests zum Nachweis von Mikroorganismen auf Oberfl\u00e4chen.\" \/>\n<meta property=\"og:url\" content=\"https:\/\/sysmatec.ch\/de\/Produkt\/swab-test-zu-nachweis-von-mikroorganismen-auf-oberflaechen\/\" \/>\n<meta property=\"og:site_name\" content=\"Sysmatec\" \/>\n<meta property=\"article:modified_time\" content=\"2024-04-08T20:10:58+00:00\" \/>\n<meta property=\"og:image\" content=\"https:\/\/sysmatec.ch\/wp-content\/uploads\/2024\/04\/MicroorganismeSwab_Menidimedica.jpg\" \/>\n\t<meta property=\"og:image:width\" content=\"594\" \/>\n\t<meta property=\"og:image:height\" content=\"265\" \/>\n\t<meta property=\"og:image:type\" content=\"image\/jpeg\" \/>\n<meta name=\"twitter:card\" content=\"summary_large_image\" \/>\n<meta name=\"twitter:label1\" content=\"Gesch\u00e4tzte Lesezeit\" \/>\n\t<meta name=\"twitter:data1\" content=\"3\u00a0Minuten\" \/>\n<script type=\"application\/ld+json\" class=\"yoast-schema-graph\">{\"@context\":\"https:\\\/\\\/schema.org\",\"@graph\":[{\"@type\":\"WebPage\",\"@id\":\"https:\\\/\\\/sysmatec.ch\\\/de\\\/Produkt\\\/swab-test-zu-nachweis-von-mikroorganismen-auf-oberflaechen\\\/\",\"url\":\"https:\\\/\\\/sysmatec.ch\\\/de\\\/Produkt\\\/swab-test-zu-nachweis-von-mikroorganismen-auf-oberflaechen\\\/\",\"name\":\"Swab Test zu Nachweis von Mikroorganismen auf Oberfl\u00e4chen - Sysmatec\",\"isPartOf\":{\"@id\":\"https:\\\/\\\/sysmatec.ch\\\/de\\\/#website\"},\"primaryImageOfPage\":{\"@id\":\"https:\\\/\\\/sysmatec.ch\\\/de\\\/Produkt\\\/swab-test-zu-nachweis-von-mikroorganismen-auf-oberflaechen\\\/#primaryimage\"},\"image\":{\"@id\":\"https:\\\/\\\/sysmatec.ch\\\/de\\\/Produkt\\\/swab-test-zu-nachweis-von-mikroorganismen-auf-oberflaechen\\\/#primaryimage\"},\"thumbnailUrl\":\"https:\\\/\\\/sysmatec.ch\\\/wp-content\\\/uploads\\\/2024\\\/04\\\/MicroorganismeSwab_Menidimedica.jpg\",\"datePublished\":\"2024-04-08T07:11:56+00:00\",\"dateModified\":\"2024-04-08T20:10:58+00:00\",\"description\":\"Hierbei handelt es sich um Tests zum Nachweis von Mikroorganismen auf Oberfl\u00e4chen.\",\"breadcrumb\":{\"@id\":\"https:\\\/\\\/sysmatec.ch\\\/de\\\/Produkt\\\/swab-test-zu-nachweis-von-mikroorganismen-auf-oberflaechen\\\/#breadcrumb\"},\"inLanguage\":\"de\",\"potentialAction\":[{\"@type\":\"ReadAction\",\"target\":[\"https:\\\/\\\/sysmatec.ch\\\/de\\\/Produkt\\\/swab-test-zu-nachweis-von-mikroorganismen-auf-oberflaechen\\\/\"]}]},{\"@type\":\"ImageObject\",\"inLanguage\":\"de\",\"@id\":\"https:\\\/\\\/sysmatec.ch\\\/de\\\/Produkt\\\/swab-test-zu-nachweis-von-mikroorganismen-auf-oberflaechen\\\/#primaryimage\",\"url\":\"https:\\\/\\\/sysmatec.ch\\\/wp-content\\\/uploads\\\/2024\\\/04\\\/MicroorganismeSwab_Menidimedica.jpg\",\"contentUrl\":\"https:\\\/\\\/sysmatec.ch\\\/wp-content\\\/uploads\\\/2024\\\/04\\\/MicroorganismeSwab_Menidimedica.jpg\",\"width\":594,\"height\":265},{\"@type\":\"BreadcrumbList\",\"@id\":\"https:\\\/\\\/sysmatec.ch\\\/de\\\/Produkt\\\/swab-test-zu-nachweis-von-mikroorganismen-auf-oberflaechen\\\/#breadcrumb\",\"itemListElement\":[{\"@type\":\"ListItem\",\"position\":1,\"name\":\"Accueil\",\"item\":\"https:\\\/\\\/sysmatec.ch\\\/de\\\/\"},{\"@type\":\"ListItem\",\"position\":2,\"name\":\"Die Aktivit\u00e4t von Sysmatec\",\"item\":\"https:\\\/\\\/sysmatec.ch\\\/de\\\/\"},{\"@type\":\"ListItem\",\"position\":3,\"name\":\"Swab Test zu Nachweis von Mikroorganismen auf Oberfl\u00e4chen\"}]},{\"@type\":\"WebSite\",\"@id\":\"https:\\\/\\\/sysmatec.ch\\\/de\\\/#website\",\"url\":\"https:\\\/\\\/sysmatec.ch\\\/de\\\/\",\"name\":\"Sysmatec\",\"description\":\"Equipement de laboratoire et logiciels\",\"publisher\":{\"@id\":\"https:\\\/\\\/sysmatec.ch\\\/de\\\/#organization\"},\"potentialAction\":[{\"@type\":\"SearchAction\",\"target\":{\"@type\":\"EntryPoint\",\"urlTemplate\":\"https:\\\/\\\/sysmatec.ch\\\/de\\\/?s={search_term_string}\"},\"query-input\":{\"@type\":\"PropertyValueSpecification\",\"valueRequired\":true,\"valueName\":\"search_term_string\"}}],\"inLanguage\":\"de\"},{\"@type\":\"Organization\",\"@id\":\"https:\\\/\\\/sysmatec.ch\\\/de\\\/#organization\",\"name\":\"Sysmatec\",\"url\":\"https:\\\/\\\/sysmatec.ch\\\/de\\\/\",\"logo\":{\"@type\":\"ImageObject\",\"inLanguage\":\"de\",\"@id\":\"https:\\\/\\\/sysmatec.ch\\\/de\\\/#\\\/schema\\\/logo\\\/image\\\/\",\"url\":\"https:\\\/\\\/sysmatec.ch\\\/wp-content\\\/uploads\\\/2018\\\/11\\\/LogoSysmatec.jpg\",\"contentUrl\":\"https:\\\/\\\/sysmatec.ch\\\/wp-content\\\/uploads\\\/2018\\\/11\\\/LogoSysmatec.jpg\",\"width\":301,\"height\":297,\"caption\":\"Sysmatec\"},\"image\":{\"@id\":\"https:\\\/\\\/sysmatec.ch\\\/de\\\/#\\\/schema\\\/logo\\\/image\\\/\"}}]}<\/script>\n<!-- \/ Yoast SEO plugin. -->","yoast_head_json":{"title":"Swab Test zu Nachweis von Mikroorganismen auf Oberfl\u00e4chen - Sysmatec","description":"Hierbei handelt es sich um Tests zum Nachweis von Mikroorganismen auf Oberfl\u00e4chen.","robots":{"index":"index","follow":"follow","max-snippet":"max-snippet:-1","max-image-preview":"max-image-preview:large","max-video-preview":"max-video-preview:-1"},"canonical":"https:\/\/sysmatec.ch\/de\/Produkt\/swab-test-zu-nachweis-von-mikroorganismen-auf-oberflaechen\/","og_locale":"de_DE","og_type":"article","og_title":"Swab Test zu Nachweis von Mikroorganismen auf Oberfl\u00e4chen - Sysmatec","og_description":"Hierbei handelt es sich um Tests zum Nachweis von Mikroorganismen auf Oberfl\u00e4chen.","og_url":"https:\/\/sysmatec.ch\/de\/Produkt\/swab-test-zu-nachweis-von-mikroorganismen-auf-oberflaechen\/","og_site_name":"Sysmatec","article_modified_time":"2024-04-08T20:10:58+00:00","og_image":[{"width":594,"height":265,"url":"https:\/\/sysmatec.ch\/wp-content\/uploads\/2024\/04\/MicroorganismeSwab_Menidimedica.jpg","type":"image\/jpeg"}],"twitter_card":"summary_large_image","twitter_misc":{"Gesch\u00e4tzte Lesezeit":"3\u00a0Minuten"},"schema":{"@context":"https:\/\/schema.org","@graph":[{"@type":"WebPage","@id":"https:\/\/sysmatec.ch\/de\/Produkt\/swab-test-zu-nachweis-von-mikroorganismen-auf-oberflaechen\/","url":"https:\/\/sysmatec.ch\/de\/Produkt\/swab-test-zu-nachweis-von-mikroorganismen-auf-oberflaechen\/","name":"Swab Test zu Nachweis von Mikroorganismen auf Oberfl\u00e4chen - Sysmatec","isPartOf":{"@id":"https:\/\/sysmatec.ch\/de\/#website"},"primaryImageOfPage":{"@id":"https:\/\/sysmatec.ch\/de\/Produkt\/swab-test-zu-nachweis-von-mikroorganismen-auf-oberflaechen\/#primaryimage"},"image":{"@id":"https:\/\/sysmatec.ch\/de\/Produkt\/swab-test-zu-nachweis-von-mikroorganismen-auf-oberflaechen\/#primaryimage"},"thumbnailUrl":"https:\/\/sysmatec.ch\/wp-content\/uploads\/2024\/04\/MicroorganismeSwab_Menidimedica.jpg","datePublished":"2024-04-08T07:11:56+00:00","dateModified":"2024-04-08T20:10:58+00:00","description":"Hierbei handelt es sich um Tests zum Nachweis von Mikroorganismen auf Oberfl\u00e4chen.","breadcrumb":{"@id":"https:\/\/sysmatec.ch\/de\/Produkt\/swab-test-zu-nachweis-von-mikroorganismen-auf-oberflaechen\/#breadcrumb"},"inLanguage":"de","potentialAction":[{"@type":"ReadAction","target":["https:\/\/sysmatec.ch\/de\/Produkt\/swab-test-zu-nachweis-von-mikroorganismen-auf-oberflaechen\/"]}]},{"@type":"ImageObject","inLanguage":"de","@id":"https:\/\/sysmatec.ch\/de\/Produkt\/swab-test-zu-nachweis-von-mikroorganismen-auf-oberflaechen\/#primaryimage","url":"https:\/\/sysmatec.ch\/wp-content\/uploads\/2024\/04\/MicroorganismeSwab_Menidimedica.jpg","contentUrl":"https:\/\/sysmatec.ch\/wp-content\/uploads\/2024\/04\/MicroorganismeSwab_Menidimedica.jpg","width":594,"height":265},{"@type":"BreadcrumbList","@id":"https:\/\/sysmatec.ch\/de\/Produkt\/swab-test-zu-nachweis-von-mikroorganismen-auf-oberflaechen\/#breadcrumb","itemListElement":[{"@type":"ListItem","position":1,"name":"Accueil","item":"https:\/\/sysmatec.ch\/de\/"},{"@type":"ListItem","position":2,"name":"Die Aktivit\u00e4t von Sysmatec","item":"https:\/\/sysmatec.ch\/de\/"},{"@type":"ListItem","position":3,"name":"Swab Test zu Nachweis von Mikroorganismen auf Oberfl\u00e4chen"}]},{"@type":"WebSite","@id":"https:\/\/sysmatec.ch\/de\/#website","url":"https:\/\/sysmatec.ch\/de\/","name":"Sysmatec","description":"Equipement de laboratoire et logiciels","publisher":{"@id":"https:\/\/sysmatec.ch\/de\/#organization"},"potentialAction":[{"@type":"SearchAction","target":{"@type":"EntryPoint","urlTemplate":"https:\/\/sysmatec.ch\/de\/?s={search_term_string}"},"query-input":{"@type":"PropertyValueSpecification","valueRequired":true,"valueName":"search_term_string"}}],"inLanguage":"de"},{"@type":"Organization","@id":"https:\/\/sysmatec.ch\/de\/#organization","name":"Sysmatec","url":"https:\/\/sysmatec.ch\/de\/","logo":{"@type":"ImageObject","inLanguage":"de","@id":"https:\/\/sysmatec.ch\/de\/#\/schema\/logo\/image\/","url":"https:\/\/sysmatec.ch\/wp-content\/uploads\/2018\/11\/LogoSysmatec.jpg","contentUrl":"https:\/\/sysmatec.ch\/wp-content\/uploads\/2018\/11\/LogoSysmatec.jpg","width":301,"height":297,"caption":"Sysmatec"},"image":{"@id":"https:\/\/sysmatec.ch\/de\/#\/schema\/logo\/image\/"}}]}},"_links":{"self":[{"href":"https:\/\/sysmatec.ch\/de\/wp-json\/wp\/v2\/product\/29331","targetHints":{"allow":["GET"]}}],"collection":[{"href":"https:\/\/sysmatec.ch\/de\/wp-json\/wp\/v2\/product"}],"about":[{"href":"https:\/\/sysmatec.ch\/de\/wp-json\/wp\/v2\/types\/product"}],"wp:featuredmedia":[{"embeddable":true,"href":"https:\/\/sysmatec.ch\/de\/wp-json\/wp\/v2\/media\/29335"}],"wp:attachment":[{"href":"https:\/\/sysmatec.ch\/de\/wp-json\/wp\/v2\/media?parent=29331"}],"wp:term":[{"taxonomy":"product_brand","embeddable":true,"href":"https:\/\/sysmatec.ch\/de\/wp-json\/wp\/v2\/product_brand?post=29331"},{"taxonomy":"product_cat","embeddable":true,"href":"https:\/\/sysmatec.ch\/de\/wp-json\/wp\/v2\/product_cat?post=29331"},{"taxonomy":"product_tag","embeddable":true,"href":"https:\/\/sysmatec.ch\/de\/wp-json\/wp\/v2\/product_tag?post=29331"}],"curies":[{"name":"wp","href":"https:\/\/api.w.org\/{rel}","templated":true}]}}