{"id":2921,"date":"2019-02-14T21:16:06","date_gmt":"2019-02-14T20:16:06","guid":{"rendered":"https:\/\/sysmatec.ch\/produit\/balance-industrielle-kern-gat\/"},"modified":"2022-02-28T17:44:53","modified_gmt":"2022-02-28T16:44:53","slug":"industrie-waage-kern-gat","status":"publish","type":"product","link":"https:\/\/sysmatec.ch\/de\/Produkt\/industrie-waage-kern-gat\/","title":{"rendered":"Industrie Waage KERN GAT"},"content":{"rendered":"<ul>\n<li>Easy-Touch-Tischwaage<\/li>\n<li>Dank des intuitiven Touchscreen-Konzepts und der mehrsprachigen Bedienung (DE, GB, IT, ES, PT, NL, FI, PL, RUS, SE, CZ) ist die Waage f\u00fcr unge\u00fcbten Bediener sofort und leicht einsetzbar. F\u00fcr den Profi-User sieht die Waage Komfort-Funktionen vor, die einen hohen Grad an Individualisierung zulassen und dadurch die Verwendung deutlich erleichtern und beschleunigen.<\/li>\n<li>Durch einen gro\u00dfen Speicher, z. B. f\u00fcr Artikelstammdaten, W\u00e4gedaten etc. ist diese Waage die ideale L\u00f6sung f\u00fcr das Arbeiten mit gro\u00dfen Warensortimenten oder bei hohen Anpr\u00fcchen an Datenhaltung und Dokumentation<\/li>\n<li>Dank der gro\u00dfen Konnektivt\u00e4t ist der Anschluss von Barcodelesern zur Artikelerkennung, USB-Sticks zur Datenspeicherung oder die Daten\u00fcbertragung an PCs und Netzwerke per RS-232 oder USB bequem m\u00f6glich und macht diese Serie dadurch multifunktionell in Industrie 4.0-Anwendungen einsetzbar<\/li>\n<li>Komfortables Rezeptieren<\/li>\n<li>Standard-Use: Direkteingabe der Rezepturbestandteile in Gramm oder Prozent<\/li>\n<li>Professional-Use: Aufrufen von Artikeln aus der Datenbank mit allen relevanten Zusatzdaten, wie Sollwert, Toleranzen, Name, Tarabeh\u00e4ltergewicht. Dadurch super schneller Ablauf des Rezepturvorgangs: Rezepturauswahl \u2013 Einwiegen \u2013 fertig!<\/li>\n<li>Ein grafisches Signal hilft beim Dosieren der einzelnen Rezepturbestandteile. Eine Infos\u00e4ule am linken Bildschirmrand informiert stets \u00fcber die bereits eingewogenen Bestandteile (anteilig)<\/li>\n<li>Klassifizieren: Gleichartige Gegenst\u00e4nde werden automatisch entsprechend ihrer Masse in vorgegebene Klassen eingestuft. Das Klassifizierungsergebnis wird grafisch im vertikalen Bargraph und als gro\u00dfes Zeichen (Klasse) zentral dargestellt. Damit ist die Klasse schnell und fehlerfrei erkennbar<\/li>\n<li>AUTO-DRUCK-Funktion: Automatisches Drucken des W\u00e4gergebnisses nach W\u00e4gestillstand. Die Druck-Funktion sowie die Inhalte des Ausdrucks sind je nach Betriebsart individuell einstellbar<\/li>\n<li>Fernsteuerung der Waage \u00fcber externe Schalter oder Computer \u00fcber KCP (KERN Communication Protocol), kompatibel zum gro\u00dfen SICS-Befehlssatz (Standard Interface Command Set, Level 0\/1)<\/li>\n<li>Das Akkufach des Ger\u00e4tes l\u00e4sst sich bequem \u00f6ffnen, dadurch ist das Wechseln des Akkus ohne Werkzeug oder ohne eine etwaige Eichsiegelmarke etc. zu zerst\u00f6ren m\u00f6glich<\/li>\n<li>Komfortable St\u00fcckz\u00e4hl-Funktion<\/li>\n<li>Standard-Use: Direkteingabe der Referenzmenge oder des Referenzgewichtes<\/li>\n<li>Professional-Use: Aufrufen von Z\u00e4hlartikeln aus der Datenbank mit allen relevanten Zusatzdaten, wie St\u00fcckgewicht, Name, Referenzst\u00fcckzahl, Tarabeh\u00e4ltergewicht, Toleranzen. Dadurch super schneller Ablauf des Z\u00e4hlvorgangs: Artikelauswahl \u2013 Auflegen \u2013 Z\u00e4hlen \u2013 fertig!<\/li>\n<li>Fill-to-target-Funktion: Zielst\u00fcckzahl bzw. Zielgewicht programmierbar, z. B. f\u00fcr Checkweighing. Ein farbiger Bargraph zeigt an, ob die entnommene Menge unterschritten ist (blau), innerhalb der angegebenen Toleranzen liegt (gr\u00fcn) oder \u00fcberschritten ist (rot). Damit kann sehr effizient und pr\u00e4zise immer dieselbe Zielmenge abgez\u00e4hlt und kommissioniert werden<\/li>\n<li>Komfortables W\u00e4gen mit Toleranzbereich (Checkweighing)<\/li>\n<li>Standard-Use: Direkteingabe der Toleranzen in Gramm oder Prozent<\/li>\n<li>Professional-Use: Aufrufen von Artikeln aus der Datenbank mit allen relevanten Zusatzdaten, wie St\u00fcckgewicht, Name, Referenzst\u00fcckzahl, Tarabeh\u00e4ltergewicht, Toleranzen. Dadurch super schneller Ablauf des Portionier-, Dosier- oder Sortiervorgangs: Artikelauswahl \u2013 Auflegen \u2013 Kontrollieren \u2013 fertig!<\/li>\n<\/ul>\n<table border=\"1\" width=\"488\" cellspacing=\"0\" cellpadding=\"2\">\n<tbody>\n<tr>\n<td>Modell<\/td>\n<td width=\"10%\">Ablesbarkeit<\/td>\n<td width=\"10%\">W\u00e4gebereich<\/td>\n<td width=\"10%\">W\u00e4geplatte<\/td>\n<\/tr>\n<tr>\n<td><\/td>\n<td width=\"10%\">g<\/td>\n<td width=\"10%\">kg<\/td>\n<td width=\"10%\">mm<\/td>\n<\/tr>\n<tr>\n<td>GAT 6K-4<\/td>\n<td width=\"10%\">0.2<\/td>\n<td width=\"10%\">6<\/td>\n<td width=\"10%\">300&#215;225<\/td>\n<\/tr>\n<tr>\n<td>GAT 10K-4<\/td>\n<td width=\"10%\">0.5<\/td>\n<td width=\"10%\">15<\/td>\n<td width=\"10%\">300&#215;225<\/td>\n<\/tr>\n<tr>\n<td>GAT 30K-3<\/td>\n<td width=\"10%\">1<\/td>\n<td width=\"10%\">30<\/td>\n<td width=\"10%\">300&#215;225<\/td>\n<\/tr>\n<\/tbody>\n<\/table>\n","protected":false},"excerpt":{"rendered":"<p>Industrie Waage<\/p>\n","protected":false},"featured_media":2919,"template":"","meta":{"_crdt_document":""},"product_brand":[],"product_cat":[165,341],"product_tag":[],"class_list":{"0":"post-2921","1":"product","2":"type-product","3":"status-publish","4":"has-post-thumbnail","6":"product_cat-gewicht","7":"product_cat-industriell","9":"first","10":"instock","11":"taxable","12":"shipping-taxable","13":"purchasable","14":"product-type-variable"},"yoast_head":"<!-- This site is optimized with the Yoast SEO plugin v27.3 - https:\/\/yoast.com\/product\/yoast-seo-wordpress\/ -->\n<title>Industrie Waage KERN GAT - Sysmatec<\/title>\n<meta name=\"description\" content=\"Kompakte und leichte Industriewaage mit Touchscreen. Das Wiegen reicht von 0-6 kg bis 0-30 kg. Grosse Speicherkapazit\u00e4t f\u00fcr Artikel.\" \/>\n<meta name=\"robots\" content=\"index, follow, max-snippet:-1, max-image-preview:large, max-video-preview:-1\" \/>\n<link rel=\"canonical\" href=\"https:\/\/sysmatec.ch\/de\/produit\/industrie-waage-kern-gat\/\" \/>\n<meta property=\"og:locale\" content=\"de_DE\" \/>\n<meta property=\"og:type\" content=\"article\" \/>\n<meta property=\"og:title\" content=\"Industrie Waage KERN GAT - Sysmatec\" \/>\n<meta property=\"og:description\" content=\"Kompakte und leichte Industriewaage mit Touchscreen. Das Wiegen reicht von 0-6 kg bis 0-30 kg. Grosse Speicherkapazit\u00e4t f\u00fcr Artikel.\" \/>\n<meta property=\"og:url\" content=\"https:\/\/sysmatec.ch\/de\/produit\/industrie-waage-kern-gat\/\" \/>\n<meta property=\"og:site_name\" content=\"Sysmatec\" \/>\n<meta property=\"article:modified_time\" content=\"2022-02-28T16:44:53+00:00\" \/>\n<meta property=\"og:image\" content=\"https:\/\/sysmatec.ch\/wp-content\/uploads\/2019\/02\/Balance_KernGAT.jpg\" \/>\n\t<meta property=\"og:image:width\" content=\"183\" \/>\n\t<meta property=\"og:image:height\" content=\"156\" \/>\n\t<meta property=\"og:image:type\" content=\"image\/jpeg\" \/>\n<meta name=\"twitter:card\" content=\"summary_large_image\" \/>\n<meta name=\"twitter:label1\" content=\"Gesch\u00e4tzte Lesezeit\" \/>\n\t<meta name=\"twitter:data1\" content=\"2\u00a0Minuten\" \/>\n<script type=\"application\/ld+json\" class=\"yoast-schema-graph\">{\"@context\":\"https:\\\/\\\/schema.org\",\"@graph\":[{\"@type\":\"WebPage\",\"@id\":\"https:\\\/\\\/sysmatec.ch\\\/de\\\/produit\\\/industrie-waage-kern-gat\\\/\",\"url\":\"https:\\\/\\\/sysmatec.ch\\\/de\\\/produit\\\/industrie-waage-kern-gat\\\/\",\"name\":\"Industrie Waage KERN GAT - Sysmatec\",\"isPartOf\":{\"@id\":\"https:\\\/\\\/sysmatec.ch\\\/de\\\/#website\"},\"primaryImageOfPage\":{\"@id\":\"https:\\\/\\\/sysmatec.ch\\\/de\\\/produit\\\/industrie-waage-kern-gat\\\/#primaryimage\"},\"image\":{\"@id\":\"https:\\\/\\\/sysmatec.ch\\\/de\\\/produit\\\/industrie-waage-kern-gat\\\/#primaryimage\"},\"thumbnailUrl\":\"https:\\\/\\\/sysmatec.ch\\\/wp-content\\\/uploads\\\/2019\\\/02\\\/Balance_KernGAT.jpg\",\"datePublished\":\"2019-02-14T20:16:06+00:00\",\"dateModified\":\"2022-02-28T16:44:53+00:00\",\"description\":\"Kompakte und leichte Industriewaage mit Touchscreen. Das Wiegen reicht von 0-6 kg bis 0-30 kg. Grosse Speicherkapazit\u00e4t f\u00fcr Artikel.\",\"breadcrumb\":{\"@id\":\"https:\\\/\\\/sysmatec.ch\\\/de\\\/produit\\\/industrie-waage-kern-gat\\\/#breadcrumb\"},\"inLanguage\":\"de\",\"potentialAction\":[{\"@type\":\"ReadAction\",\"target\":[\"https:\\\/\\\/sysmatec.ch\\\/de\\\/produit\\\/industrie-waage-kern-gat\\\/\"]}]},{\"@type\":\"ImageObject\",\"inLanguage\":\"de\",\"@id\":\"https:\\\/\\\/sysmatec.ch\\\/de\\\/produit\\\/industrie-waage-kern-gat\\\/#primaryimage\",\"url\":\"https:\\\/\\\/sysmatec.ch\\\/wp-content\\\/uploads\\\/2019\\\/02\\\/Balance_KernGAT.jpg\",\"contentUrl\":\"https:\\\/\\\/sysmatec.ch\\\/wp-content\\\/uploads\\\/2019\\\/02\\\/Balance_KernGAT.jpg\",\"width\":183,\"height\":156},{\"@type\":\"BreadcrumbList\",\"@id\":\"https:\\\/\\\/sysmatec.ch\\\/de\\\/produit\\\/industrie-waage-kern-gat\\\/#breadcrumb\",\"itemListElement\":[{\"@type\":\"ListItem\",\"position\":1,\"name\":\"Accueil\",\"item\":\"https:\\\/\\\/sysmatec.ch\\\/de\\\/\"},{\"@type\":\"ListItem\",\"position\":2,\"name\":\"Die Aktivit\u00e4t von Sysmatec\",\"item\":\"https:\\\/\\\/sysmatec.ch\\\/de\\\/\"},{\"@type\":\"ListItem\",\"position\":3,\"name\":\"Industrie Waage KERN GAT\"}]},{\"@type\":\"WebSite\",\"@id\":\"https:\\\/\\\/sysmatec.ch\\\/de\\\/#website\",\"url\":\"https:\\\/\\\/sysmatec.ch\\\/de\\\/\",\"name\":\"Sysmatec\",\"description\":\"Equipement de laboratoire et logiciels\",\"publisher\":{\"@id\":\"https:\\\/\\\/sysmatec.ch\\\/de\\\/#organization\"},\"potentialAction\":[{\"@type\":\"SearchAction\",\"target\":{\"@type\":\"EntryPoint\",\"urlTemplate\":\"https:\\\/\\\/sysmatec.ch\\\/de\\\/?s={search_term_string}\"},\"query-input\":{\"@type\":\"PropertyValueSpecification\",\"valueRequired\":true,\"valueName\":\"search_term_string\"}}],\"inLanguage\":\"de\"},{\"@type\":\"Organization\",\"@id\":\"https:\\\/\\\/sysmatec.ch\\\/de\\\/#organization\",\"name\":\"Sysmatec\",\"url\":\"https:\\\/\\\/sysmatec.ch\\\/de\\\/\",\"logo\":{\"@type\":\"ImageObject\",\"inLanguage\":\"de\",\"@id\":\"https:\\\/\\\/sysmatec.ch\\\/de\\\/#\\\/schema\\\/logo\\\/image\\\/\",\"url\":\"https:\\\/\\\/sysmatec.ch\\\/wp-content\\\/uploads\\\/2018\\\/11\\\/LogoSysmatec.jpg\",\"contentUrl\":\"https:\\\/\\\/sysmatec.ch\\\/wp-content\\\/uploads\\\/2018\\\/11\\\/LogoSysmatec.jpg\",\"width\":301,\"height\":297,\"caption\":\"Sysmatec\"},\"image\":{\"@id\":\"https:\\\/\\\/sysmatec.ch\\\/de\\\/#\\\/schema\\\/logo\\\/image\\\/\"}}]}<\/script>\n<!-- \/ Yoast SEO plugin. -->","yoast_head_json":{"title":"Industrie Waage KERN GAT - Sysmatec","description":"Kompakte und leichte Industriewaage mit Touchscreen. Das Wiegen reicht von 0-6 kg bis 0-30 kg. Grosse Speicherkapazit\u00e4t f\u00fcr Artikel.","robots":{"index":"index","follow":"follow","max-snippet":"max-snippet:-1","max-image-preview":"max-image-preview:large","max-video-preview":"max-video-preview:-1"},"canonical":"https:\/\/sysmatec.ch\/de\/produit\/industrie-waage-kern-gat\/","og_locale":"de_DE","og_type":"article","og_title":"Industrie Waage KERN GAT - Sysmatec","og_description":"Kompakte und leichte Industriewaage mit Touchscreen. Das Wiegen reicht von 0-6 kg bis 0-30 kg. Grosse Speicherkapazit\u00e4t f\u00fcr Artikel.","og_url":"https:\/\/sysmatec.ch\/de\/produit\/industrie-waage-kern-gat\/","og_site_name":"Sysmatec","article_modified_time":"2022-02-28T16:44:53+00:00","og_image":[{"width":183,"height":156,"url":"https:\/\/sysmatec.ch\/wp-content\/uploads\/2019\/02\/Balance_KernGAT.jpg","type":"image\/jpeg"}],"twitter_card":"summary_large_image","twitter_misc":{"Gesch\u00e4tzte Lesezeit":"2\u00a0Minuten"},"schema":{"@context":"https:\/\/schema.org","@graph":[{"@type":"WebPage","@id":"https:\/\/sysmatec.ch\/de\/produit\/industrie-waage-kern-gat\/","url":"https:\/\/sysmatec.ch\/de\/produit\/industrie-waage-kern-gat\/","name":"Industrie Waage KERN GAT - Sysmatec","isPartOf":{"@id":"https:\/\/sysmatec.ch\/de\/#website"},"primaryImageOfPage":{"@id":"https:\/\/sysmatec.ch\/de\/produit\/industrie-waage-kern-gat\/#primaryimage"},"image":{"@id":"https:\/\/sysmatec.ch\/de\/produit\/industrie-waage-kern-gat\/#primaryimage"},"thumbnailUrl":"https:\/\/sysmatec.ch\/wp-content\/uploads\/2019\/02\/Balance_KernGAT.jpg","datePublished":"2019-02-14T20:16:06+00:00","dateModified":"2022-02-28T16:44:53+00:00","description":"Kompakte und leichte Industriewaage mit Touchscreen. Das Wiegen reicht von 0-6 kg bis 0-30 kg. Grosse Speicherkapazit\u00e4t f\u00fcr Artikel.","breadcrumb":{"@id":"https:\/\/sysmatec.ch\/de\/produit\/industrie-waage-kern-gat\/#breadcrumb"},"inLanguage":"de","potentialAction":[{"@type":"ReadAction","target":["https:\/\/sysmatec.ch\/de\/produit\/industrie-waage-kern-gat\/"]}]},{"@type":"ImageObject","inLanguage":"de","@id":"https:\/\/sysmatec.ch\/de\/produit\/industrie-waage-kern-gat\/#primaryimage","url":"https:\/\/sysmatec.ch\/wp-content\/uploads\/2019\/02\/Balance_KernGAT.jpg","contentUrl":"https:\/\/sysmatec.ch\/wp-content\/uploads\/2019\/02\/Balance_KernGAT.jpg","width":183,"height":156},{"@type":"BreadcrumbList","@id":"https:\/\/sysmatec.ch\/de\/produit\/industrie-waage-kern-gat\/#breadcrumb","itemListElement":[{"@type":"ListItem","position":1,"name":"Accueil","item":"https:\/\/sysmatec.ch\/de\/"},{"@type":"ListItem","position":2,"name":"Die Aktivit\u00e4t von Sysmatec","item":"https:\/\/sysmatec.ch\/de\/"},{"@type":"ListItem","position":3,"name":"Industrie Waage KERN GAT"}]},{"@type":"WebSite","@id":"https:\/\/sysmatec.ch\/de\/#website","url":"https:\/\/sysmatec.ch\/de\/","name":"Sysmatec","description":"Equipement de laboratoire et logiciels","publisher":{"@id":"https:\/\/sysmatec.ch\/de\/#organization"},"potentialAction":[{"@type":"SearchAction","target":{"@type":"EntryPoint","urlTemplate":"https:\/\/sysmatec.ch\/de\/?s={search_term_string}"},"query-input":{"@type":"PropertyValueSpecification","valueRequired":true,"valueName":"search_term_string"}}],"inLanguage":"de"},{"@type":"Organization","@id":"https:\/\/sysmatec.ch\/de\/#organization","name":"Sysmatec","url":"https:\/\/sysmatec.ch\/de\/","logo":{"@type":"ImageObject","inLanguage":"de","@id":"https:\/\/sysmatec.ch\/de\/#\/schema\/logo\/image\/","url":"https:\/\/sysmatec.ch\/wp-content\/uploads\/2018\/11\/LogoSysmatec.jpg","contentUrl":"https:\/\/sysmatec.ch\/wp-content\/uploads\/2018\/11\/LogoSysmatec.jpg","width":301,"height":297,"caption":"Sysmatec"},"image":{"@id":"https:\/\/sysmatec.ch\/de\/#\/schema\/logo\/image\/"}}]}},"_links":{"self":[{"href":"https:\/\/sysmatec.ch\/de\/wp-json\/wp\/v2\/product\/2921","targetHints":{"allow":["GET"]}}],"collection":[{"href":"https:\/\/sysmatec.ch\/de\/wp-json\/wp\/v2\/product"}],"about":[{"href":"https:\/\/sysmatec.ch\/de\/wp-json\/wp\/v2\/types\/product"}],"wp:featuredmedia":[{"embeddable":true,"href":"https:\/\/sysmatec.ch\/de\/wp-json\/wp\/v2\/media\/2919"}],"wp:attachment":[{"href":"https:\/\/sysmatec.ch\/de\/wp-json\/wp\/v2\/media?parent=2921"}],"wp:term":[{"taxonomy":"product_brand","embeddable":true,"href":"https:\/\/sysmatec.ch\/de\/wp-json\/wp\/v2\/product_brand?post=2921"},{"taxonomy":"product_cat","embeddable":true,"href":"https:\/\/sysmatec.ch\/de\/wp-json\/wp\/v2\/product_cat?post=2921"},{"taxonomy":"product_tag","embeddable":true,"href":"https:\/\/sysmatec.ch\/de\/wp-json\/wp\/v2\/product_tag?post=2921"}],"curies":[{"name":"wp","href":"https:\/\/api.w.org\/{rel}","templated":true}]}}