{"id":29166,"date":"2024-03-24T12:11:28","date_gmt":"2024-03-24T11:11:28","guid":{"rendered":"https:\/\/sysmatec.ch\/?post_type=product&#038;p=29166"},"modified":"2024-03-25T09:01:17","modified_gmt":"2024-03-25T08:01:17","slug":"nachweis-von-salmonellen-auf-oberflaechen","status":"publish","type":"product","link":"https:\/\/sysmatec.ch\/de\/Produkt\/nachweis-von-salmonellen-auf-oberflaechen\/","title":{"rendered":"Nachweis von Salmonellen auf Oberfl\u00e4chen"},"content":{"rendered":"<p>Salmonellen, ein weit verbreitetes, aber gef\u00e4hrliches Bakterium, kommen auf einer Vielzahl von Oberfl\u00e4chen und in einer Vielzahl von Lebensmitteln vor, beispielsweise in H\u00fchnern, Rind- und Schweinefleisch, Eiern, Obst, Gem\u00fcse und verarbeiteten Waren.<\/p>\n<p>Das Salmonellix-Kit verk\u00f6rpert modernste mikrobiologische Fortschritte und verf\u00fcgt \u00fcber ein selektives und differenzielles Medium, das Salmonella spp. isoliert und identifiziert. mit Pr\u00e4zision. Dieses umfassende Kit ist Ihr erster Schutz vor Kontaminationen und gew\u00e4hrleistet h\u00f6chste Hygiene- und Sicherheitsstandards.<\/p>\n<h2>Verfahren<\/h2>\n<ul>\n<li>Befeuchten: Tauchen Sie den Tupfer zur Aktivierung in sterile physiologische L\u00f6sung.<\/li>\n<li>Probe: Streichen Sie mit dem Tupfer in horizontalen und vertikalen Bewegungen \u00fcber eine Fl\u00e4che von 10 cm x 10 cm.<\/li>\n<li>Kultivieren: F\u00fchren Sie den Tupfer in das R\u00f6hrchen mit dem Kulturmedium ein.<\/li>\n<li>Inkubieren: Befestigen Sie das R\u00f6hrchen und inkubieren Sie es 18\u201324 Stunden lang bei 37 \u00b0C f\u00fcr optimales Wachstum<\/li>\n<li>Rot interpretieren: Feiern Sie ein sauberes Gesundheitszeugnis ohne Salmonella spp. erkannt. Rot\/Schwarz: Vorhandensein von Salmonellen spp., was auf eine Kontamination hinweist. Gelb\/Schwarz: Nachweis von Citrobacter spp.<\/li>\n<\/ul>\n<h2>Verpackung<\/h2>\n<ul>\n<li>30 versiegelte Detektionseinheiten: Jede Einheit besteht aus einem sterilen Tupfer und einem Kulturmediumr\u00f6hrchen.<\/li>\n<li>Umfassendes Anleitungsblatt: Detaillierte Schritt-f\u00fcr-Schritt-Anleitung zur Gew\u00e4hrleistung einer genauen Probenahme und Ergebnisinterpretation.<\/li>\n<li>30 sterile physiologische L\u00f6sungenns<\/li>\n<\/ul>\n","protected":false},"excerpt":{"rendered":"<p>Salmonellen-Diagnosekits<\/p>\n","protected":false},"featured_media":5099,"template":"","meta":{"_crdt_document":""},"product_brand":[],"product_cat":[188,435,375],"product_tag":[],"class_list":{"0":"post-29166","1":"product","2":"type-product","3":"status-publish","4":"has-post-thumbnail","6":"product_cat-analyse-de","7":"product_cat-mikrobiologie","8":"product_cat-toxin-de","10":"first","11":"instock","12":"taxable","13":"shipping-taxable","14":"product-type-simple"},"yoast_head":"<!-- This site is optimized with the Yoast SEO plugin v27.4 - https:\/\/yoast.com\/product\/yoast-seo-wordpress\/ -->\n<title>Nachweis von Salmonellen auf Oberfl\u00e4chen - Sysmatec<\/title>\n<meta name=\"description\" content=\"Molekulardiagnostisches Kit zum Nachweis von Salmonellen auf Arbeitsfl\u00e4chen und Lebensmitteln.\" \/>\n<meta name=\"robots\" content=\"index, follow, max-snippet:-1, max-image-preview:large, max-video-preview:-1\" \/>\n<link rel=\"canonical\" href=\"https:\/\/sysmatec.ch\/de\/Produkt\/nachweis-von-salmonellen-auf-oberflaechen\/\" \/>\n<meta property=\"og:locale\" content=\"de_DE\" \/>\n<meta property=\"og:type\" content=\"article\" \/>\n<meta property=\"og:title\" content=\"Nachweis von Salmonellen auf Oberfl\u00e4chen - Sysmatec\" \/>\n<meta property=\"og:description\" content=\"Molekulardiagnostisches Kit zum Nachweis von Salmonellen auf Arbeitsfl\u00e4chen und Lebensmitteln.\" \/>\n<meta property=\"og:url\" content=\"https:\/\/sysmatec.ch\/de\/Produkt\/nachweis-von-salmonellen-auf-oberflaechen\/\" \/>\n<meta property=\"og:site_name\" content=\"Sysmatec\" \/>\n<meta property=\"article:modified_time\" content=\"2024-03-25T08:01:17+00:00\" \/>\n<meta property=\"og:image\" content=\"https:\/\/sysmatec.ch\/wp-content\/uploads\/2019\/04\/Analyse_ZEUMICROCYSTEST.jpg\" \/>\n\t<meta property=\"og:image:width\" content=\"184\" \/>\n\t<meta property=\"og:image:height\" content=\"114\" \/>\n\t<meta property=\"og:image:type\" content=\"image\/jpeg\" \/>\n<meta name=\"twitter:card\" content=\"summary_large_image\" \/>\n<meta name=\"twitter:label1\" content=\"Gesch\u00e4tzte Lesezeit\" \/>\n\t<meta name=\"twitter:data1\" content=\"2\u00a0Minuten\" \/>\n<script type=\"application\/ld+json\" class=\"yoast-schema-graph\">{\"@context\":\"https:\\\/\\\/schema.org\",\"@graph\":[{\"@type\":\"WebPage\",\"@id\":\"https:\\\/\\\/sysmatec.ch\\\/de\\\/Produkt\\\/nachweis-von-salmonellen-auf-oberflaechen\\\/\",\"url\":\"https:\\\/\\\/sysmatec.ch\\\/de\\\/Produkt\\\/nachweis-von-salmonellen-auf-oberflaechen\\\/\",\"name\":\"Nachweis von Salmonellen auf Oberfl\u00e4chen - Sysmatec\",\"isPartOf\":{\"@id\":\"https:\\\/\\\/sysmatec.ch\\\/de\\\/#website\"},\"primaryImageOfPage\":{\"@id\":\"https:\\\/\\\/sysmatec.ch\\\/de\\\/Produkt\\\/nachweis-von-salmonellen-auf-oberflaechen\\\/#primaryimage\"},\"image\":{\"@id\":\"https:\\\/\\\/sysmatec.ch\\\/de\\\/Produkt\\\/nachweis-von-salmonellen-auf-oberflaechen\\\/#primaryimage\"},\"thumbnailUrl\":\"https:\\\/\\\/sysmatec.ch\\\/wp-content\\\/uploads\\\/2019\\\/04\\\/Analyse_ZEUMICROCYSTEST.jpg\",\"datePublished\":\"2024-03-24T11:11:28+00:00\",\"dateModified\":\"2024-03-25T08:01:17+00:00\",\"description\":\"Molekulardiagnostisches Kit zum Nachweis von Salmonellen auf Arbeitsfl\u00e4chen und Lebensmitteln.\",\"breadcrumb\":{\"@id\":\"https:\\\/\\\/sysmatec.ch\\\/de\\\/Produkt\\\/nachweis-von-salmonellen-auf-oberflaechen\\\/#breadcrumb\"},\"inLanguage\":\"de\",\"potentialAction\":[{\"@type\":\"ReadAction\",\"target\":[\"https:\\\/\\\/sysmatec.ch\\\/de\\\/Produkt\\\/nachweis-von-salmonellen-auf-oberflaechen\\\/\"]}]},{\"@type\":\"ImageObject\",\"inLanguage\":\"de\",\"@id\":\"https:\\\/\\\/sysmatec.ch\\\/de\\\/Produkt\\\/nachweis-von-salmonellen-auf-oberflaechen\\\/#primaryimage\",\"url\":\"https:\\\/\\\/sysmatec.ch\\\/wp-content\\\/uploads\\\/2019\\\/04\\\/Analyse_ZEUMICROCYSTEST.jpg\",\"contentUrl\":\"https:\\\/\\\/sysmatec.ch\\\/wp-content\\\/uploads\\\/2019\\\/04\\\/Analyse_ZEUMICROCYSTEST.jpg\",\"width\":184,\"height\":114},{\"@type\":\"BreadcrumbList\",\"@id\":\"https:\\\/\\\/sysmatec.ch\\\/de\\\/Produkt\\\/nachweis-von-salmonellen-auf-oberflaechen\\\/#breadcrumb\",\"itemListElement\":[{\"@type\":\"ListItem\",\"position\":1,\"name\":\"Accueil\",\"item\":\"https:\\\/\\\/sysmatec.ch\\\/de\\\/\"},{\"@type\":\"ListItem\",\"position\":2,\"name\":\"Die Aktivit\u00e4t von Sysmatec\",\"item\":\"https:\\\/\\\/sysmatec.ch\\\/de\\\/\"},{\"@type\":\"ListItem\",\"position\":3,\"name\":\"Nachweis von Salmonellen auf Oberfl\u00e4chen\"}]},{\"@type\":\"WebSite\",\"@id\":\"https:\\\/\\\/sysmatec.ch\\\/de\\\/#website\",\"url\":\"https:\\\/\\\/sysmatec.ch\\\/de\\\/\",\"name\":\"Sysmatec\",\"description\":\"Equipement de laboratoire et logiciels\",\"publisher\":{\"@id\":\"https:\\\/\\\/sysmatec.ch\\\/de\\\/#organization\"},\"potentialAction\":[{\"@type\":\"SearchAction\",\"target\":{\"@type\":\"EntryPoint\",\"urlTemplate\":\"https:\\\/\\\/sysmatec.ch\\\/de\\\/?s={search_term_string}\"},\"query-input\":{\"@type\":\"PropertyValueSpecification\",\"valueRequired\":true,\"valueName\":\"search_term_string\"}}],\"inLanguage\":\"de\"},{\"@type\":\"Organization\",\"@id\":\"https:\\\/\\\/sysmatec.ch\\\/de\\\/#organization\",\"name\":\"Sysmatec\",\"url\":\"https:\\\/\\\/sysmatec.ch\\\/de\\\/\",\"logo\":{\"@type\":\"ImageObject\",\"inLanguage\":\"de\",\"@id\":\"https:\\\/\\\/sysmatec.ch\\\/de\\\/#\\\/schema\\\/logo\\\/image\\\/\",\"url\":\"https:\\\/\\\/sysmatec.ch\\\/wp-content\\\/uploads\\\/2018\\\/11\\\/LogoSysmatec.jpg\",\"contentUrl\":\"https:\\\/\\\/sysmatec.ch\\\/wp-content\\\/uploads\\\/2018\\\/11\\\/LogoSysmatec.jpg\",\"width\":301,\"height\":297,\"caption\":\"Sysmatec\"},\"image\":{\"@id\":\"https:\\\/\\\/sysmatec.ch\\\/de\\\/#\\\/schema\\\/logo\\\/image\\\/\"}}]}<\/script>\n<!-- \/ Yoast SEO plugin. -->","yoast_head_json":{"title":"Nachweis von Salmonellen auf Oberfl\u00e4chen - Sysmatec","description":"Molekulardiagnostisches Kit zum Nachweis von Salmonellen auf Arbeitsfl\u00e4chen und Lebensmitteln.","robots":{"index":"index","follow":"follow","max-snippet":"max-snippet:-1","max-image-preview":"max-image-preview:large","max-video-preview":"max-video-preview:-1"},"canonical":"https:\/\/sysmatec.ch\/de\/Produkt\/nachweis-von-salmonellen-auf-oberflaechen\/","og_locale":"de_DE","og_type":"article","og_title":"Nachweis von Salmonellen auf Oberfl\u00e4chen - Sysmatec","og_description":"Molekulardiagnostisches Kit zum Nachweis von Salmonellen auf Arbeitsfl\u00e4chen und Lebensmitteln.","og_url":"https:\/\/sysmatec.ch\/de\/Produkt\/nachweis-von-salmonellen-auf-oberflaechen\/","og_site_name":"Sysmatec","article_modified_time":"2024-03-25T08:01:17+00:00","og_image":[{"width":184,"height":114,"url":"https:\/\/sysmatec.ch\/wp-content\/uploads\/2019\/04\/Analyse_ZEUMICROCYSTEST.jpg","type":"image\/jpeg"}],"twitter_card":"summary_large_image","twitter_misc":{"Gesch\u00e4tzte Lesezeit":"2\u00a0Minuten"},"schema":{"@context":"https:\/\/schema.org","@graph":[{"@type":"WebPage","@id":"https:\/\/sysmatec.ch\/de\/Produkt\/nachweis-von-salmonellen-auf-oberflaechen\/","url":"https:\/\/sysmatec.ch\/de\/Produkt\/nachweis-von-salmonellen-auf-oberflaechen\/","name":"Nachweis von Salmonellen auf Oberfl\u00e4chen - Sysmatec","isPartOf":{"@id":"https:\/\/sysmatec.ch\/de\/#website"},"primaryImageOfPage":{"@id":"https:\/\/sysmatec.ch\/de\/Produkt\/nachweis-von-salmonellen-auf-oberflaechen\/#primaryimage"},"image":{"@id":"https:\/\/sysmatec.ch\/de\/Produkt\/nachweis-von-salmonellen-auf-oberflaechen\/#primaryimage"},"thumbnailUrl":"https:\/\/sysmatec.ch\/wp-content\/uploads\/2019\/04\/Analyse_ZEUMICROCYSTEST.jpg","datePublished":"2024-03-24T11:11:28+00:00","dateModified":"2024-03-25T08:01:17+00:00","description":"Molekulardiagnostisches Kit zum Nachweis von Salmonellen auf Arbeitsfl\u00e4chen und Lebensmitteln.","breadcrumb":{"@id":"https:\/\/sysmatec.ch\/de\/Produkt\/nachweis-von-salmonellen-auf-oberflaechen\/#breadcrumb"},"inLanguage":"de","potentialAction":[{"@type":"ReadAction","target":["https:\/\/sysmatec.ch\/de\/Produkt\/nachweis-von-salmonellen-auf-oberflaechen\/"]}]},{"@type":"ImageObject","inLanguage":"de","@id":"https:\/\/sysmatec.ch\/de\/Produkt\/nachweis-von-salmonellen-auf-oberflaechen\/#primaryimage","url":"https:\/\/sysmatec.ch\/wp-content\/uploads\/2019\/04\/Analyse_ZEUMICROCYSTEST.jpg","contentUrl":"https:\/\/sysmatec.ch\/wp-content\/uploads\/2019\/04\/Analyse_ZEUMICROCYSTEST.jpg","width":184,"height":114},{"@type":"BreadcrumbList","@id":"https:\/\/sysmatec.ch\/de\/Produkt\/nachweis-von-salmonellen-auf-oberflaechen\/#breadcrumb","itemListElement":[{"@type":"ListItem","position":1,"name":"Accueil","item":"https:\/\/sysmatec.ch\/de\/"},{"@type":"ListItem","position":2,"name":"Die Aktivit\u00e4t von Sysmatec","item":"https:\/\/sysmatec.ch\/de\/"},{"@type":"ListItem","position":3,"name":"Nachweis von Salmonellen auf Oberfl\u00e4chen"}]},{"@type":"WebSite","@id":"https:\/\/sysmatec.ch\/de\/#website","url":"https:\/\/sysmatec.ch\/de\/","name":"Sysmatec","description":"Equipement de laboratoire et logiciels","publisher":{"@id":"https:\/\/sysmatec.ch\/de\/#organization"},"potentialAction":[{"@type":"SearchAction","target":{"@type":"EntryPoint","urlTemplate":"https:\/\/sysmatec.ch\/de\/?s={search_term_string}"},"query-input":{"@type":"PropertyValueSpecification","valueRequired":true,"valueName":"search_term_string"}}],"inLanguage":"de"},{"@type":"Organization","@id":"https:\/\/sysmatec.ch\/de\/#organization","name":"Sysmatec","url":"https:\/\/sysmatec.ch\/de\/","logo":{"@type":"ImageObject","inLanguage":"de","@id":"https:\/\/sysmatec.ch\/de\/#\/schema\/logo\/image\/","url":"https:\/\/sysmatec.ch\/wp-content\/uploads\/2018\/11\/LogoSysmatec.jpg","contentUrl":"https:\/\/sysmatec.ch\/wp-content\/uploads\/2018\/11\/LogoSysmatec.jpg","width":301,"height":297,"caption":"Sysmatec"},"image":{"@id":"https:\/\/sysmatec.ch\/de\/#\/schema\/logo\/image\/"}}]}},"_links":{"self":[{"href":"https:\/\/sysmatec.ch\/de\/wp-json\/wp\/v2\/product\/29166","targetHints":{"allow":["GET"]}}],"collection":[{"href":"https:\/\/sysmatec.ch\/de\/wp-json\/wp\/v2\/product"}],"about":[{"href":"https:\/\/sysmatec.ch\/de\/wp-json\/wp\/v2\/types\/product"}],"wp:featuredmedia":[{"embeddable":true,"href":"https:\/\/sysmatec.ch\/de\/wp-json\/wp\/v2\/media\/5099"}],"wp:attachment":[{"href":"https:\/\/sysmatec.ch\/de\/wp-json\/wp\/v2\/media?parent=29166"}],"wp:term":[{"taxonomy":"product_brand","embeddable":true,"href":"https:\/\/sysmatec.ch\/de\/wp-json\/wp\/v2\/product_brand?post=29166"},{"taxonomy":"product_cat","embeddable":true,"href":"https:\/\/sysmatec.ch\/de\/wp-json\/wp\/v2\/product_cat?post=29166"},{"taxonomy":"product_tag","embeddable":true,"href":"https:\/\/sysmatec.ch\/de\/wp-json\/wp\/v2\/product_tag?post=29166"}],"curies":[{"name":"wp","href":"https:\/\/api.w.org\/{rel}","templated":true}]}}