{"id":2915,"date":"2019-02-14T21:07:00","date_gmt":"2019-02-14T20:07:00","guid":{"rendered":"https:\/\/sysmatec.ch\/produit\/balance-industrielle-kern-fkt\/"},"modified":"2022-03-01T08:18:56","modified_gmt":"2022-03-01T07:18:56","slug":"industrie-waage-kern-fkt","status":"publish","type":"product","link":"https:\/\/sysmatec.ch\/de\/Produkt\/industrie-waage-kern-fkt\/","title":{"rendered":"Industrie Waage KERN FKT"},"content":{"rendered":"<ul>\n<li>Touchscreen-Industriewaage mit riesigem Funktionsumfang, auch mit Eichzulassung [M]<\/li>\n<li>80 Speicherpl\u00e4tze pro Betriebsart z. B. f\u00fcr Checkweighing, PRE-TARE, Referenzgewicht, Zielwert bei Dosierung etc.<\/li>\n<li>Komfortables Rezeptieren: 99 Rezepturen mit je 10 Mischungsbestandteilen im Klartext hinterlegbar. Die praktische Rezepturanpassung bei \u00dcberdosierung ermittelt bei einem Rezepturbestandteil mit einer zu hohen Einwaage automatisch die neuen Sollgewichte der anderen Rezepturbestandteile. Die Ist- und Sollwerte sowie der anteilige Prozentwert k\u00f6nnen anschlie\u00dfend ausgedruckt werden. Die Rezepturen k\u00f6nnen komfortabel in einer Excelliste am PC erstellt und \u00fcber die RS-232 Datenschnittstelle auf die Waage \u00fcbertragen werden. Alternativ k\u00f6nnen die Rezepturen auch direkt \u00fcber das Tastaturfeld eingegeben werden<\/li>\n<li>Multiplikator-Funktion: Rezepturen, deren Komponentengewichte als %-Werte erfasst wurden, k\u00f6nnen bequem per Eingabe des neuen Soll-Gewichts vervielf\u00e4ltigt werden, ideal f\u00fcr die Herstellung von gr\u00f6\u00dferen Gebinden, Gro\u00dfpackungen etc.<\/li>\n<li>Rapid-Funktion f\u00fcr verk\u00fcrzte Einschwingzeit bei reduzierter Ablesbarkeit<\/li>\n<li>16 Druckformulare mit bis zu 20 Informationen speicherbar, wie z. B. Datum, Uhrzeit, Bediener, Artikel, Netto, Tara, Brutto, PCS, Sollgewicht, PRE-TARE etc. Die Druckformulare k\u00f6nnen komfortabel in einer Excel-Liste am PC erstellt und \u00fcber die RS-232 Datenschnittstelle auf die Waage \u00fcbertragen werden<\/li>\n<li>Steuer-Ausg\u00e4nge (Optokoppler, Digital I\/O) zum Anschluss von Relais, Signallampen, Ventilen etc. (35 V \/ 80 mA)<\/li>\n<li>Haken f\u00fcr Unterflurw\u00e4gungen von h\u00e4ngenden Lasten serienm\u00e4\u00dfig f\u00fcr Modelle mit W\u00e4geplattengr\u00f6\u00dfe<\/li>\n<li>F\u00fcr besonders hohe Z\u00e4hlgenauigkeit besteht die M\u00f6glichkeit die Serie KERN FKT mit hochpr\u00e4zisen Referenzwaagen zu einem Z\u00e4hlsystem zu vereinen, bitte anfragen<\/li>\n<\/ul>\n<table border=\"1\" width=\"635\" cellspacing=\"0\" cellpadding=\"2\">\n<tbody>\n<tr>\n<td>Modell<\/td>\n<td width=\"10%\">Ablesbarkeit<\/td>\n<td width=\"10%\">W\u00e4gebereich<\/td>\n<td width=\"10%\">Reproduzierbarkeit<\/td>\n<td width=\"10%\">Linearit\u00e4t<\/td>\n<td width=\"10%\">W\u00e4geplatte<\/td>\n<\/tr>\n<tr>\n<td><\/td>\n<td width=\"10%\">g<\/td>\n<td width=\"10%\">kg<\/td>\n<td width=\"10%\">g<\/td>\n<td width=\"10%\">g<\/td>\n<td width=\"10%\">mm<\/td>\n<\/tr>\n<tr>\n<td>FKT 30K0.5L<\/td>\n<td width=\"10%\">0.5<\/td>\n<td width=\"10%\">30<\/td>\n<td width=\"10%\">0.5<\/td>\n<td width=\"10%\">\u00b11<\/td>\n<td width=\"10%\">340&#215;240<\/td>\n<\/tr>\n<tr>\n<td>FKT 60K1L<\/td>\n<td width=\"10%\">1<\/td>\n<td width=\"10%\">60<\/td>\n<td width=\"10%\">1<\/td>\n<td width=\"10%\">\u00b12<\/td>\n<td width=\"10%\">340&#215;240<\/td>\n<\/tr>\n<tr>\n<td><\/td>\n<td width=\"10%\"><\/td>\n<td width=\"10%\"><\/td>\n<td width=\"10%\"><\/td>\n<td width=\"10%\"><\/td>\n<td width=\"10%\"><\/td>\n<\/tr>\n<tr>\n<td>FKT 6K0.02L<\/td>\n<td width=\"10%\">0.02<\/td>\n<td width=\"10%\">6<\/td>\n<td width=\"10%\">0.04<\/td>\n<td width=\"10%\">\u00b10.1<\/td>\n<td width=\"10%\">340&#215;240<\/td>\n<\/tr>\n<tr>\n<td>FKT 16K0.05L<\/td>\n<td width=\"10%\">0.05<\/td>\n<td width=\"10%\">16<\/td>\n<td width=\"10%\">0.1<\/td>\n<td width=\"10%\">\u00b10.25<\/td>\n<td width=\"10%\">340&#215;240<\/td>\n<\/tr>\n<tr>\n<td>FKT 24K0.1<\/td>\n<td width=\"10%\">0.1<\/td>\n<td width=\"10%\">24<\/td>\n<td width=\"10%\">0.1<\/td>\n<td width=\"10%\">\u00b10.3<\/td>\n<td width=\"10%\">253&#215;228<\/td>\n<\/tr>\n<tr>\n<td>FKT 36K0.1L<\/td>\n<td width=\"10%\">0.1<\/td>\n<td width=\"10%\">36<\/td>\n<td width=\"10%\">0.1<\/td>\n<td width=\"10%\">\u00b10.5<\/td>\n<td width=\"10%\">340&#215;240<\/td>\n<\/tr>\n<tr>\n<td>FKT 65K0.2L<\/td>\n<td width=\"10%\">0.2<\/td>\n<td width=\"10%\">65<\/td>\n<td width=\"10%\">0.4<\/td>\n<td width=\"10%\">\u00b11<\/td>\n<td width=\"10%\">340&#215;240<\/td>\n<\/tr>\n<tr>\n<td>FKT 6K1LM<\/td>\n<td width=\"10%\">1<\/td>\n<td width=\"10%\">6<\/td>\n<td width=\"10%\">0.5<\/td>\n<td width=\"10%\">\u00b10.5<\/td>\n<td width=\"10%\">340&#215;240<\/td>\n<\/tr>\n<tr>\n<td>FKT 12K2LM<\/td>\n<td width=\"10%\">2<\/td>\n<td width=\"10%\">12<\/td>\n<td width=\"10%\">1<\/td>\n<td width=\"10%\">\u00b11<\/td>\n<td width=\"10%\">340&#215;240<\/td>\n<\/tr>\n<tr>\n<td>FKT 30K5LM<\/td>\n<td width=\"10%\">5<\/td>\n<td width=\"10%\">30<\/td>\n<td width=\"10%\">2.5<\/td>\n<td width=\"10%\">\u00b12.5<\/td>\n<td width=\"10%\">340&#215;240<\/td>\n<\/tr>\n<tr>\n<td>FKT 60K10LM<\/td>\n<td width=\"10%\">10<\/td>\n<td width=\"10%\">60<\/td>\n<td width=\"10%\">10<\/td>\n<td width=\"10%\">\u00b110<\/td>\n<td width=\"10%\">340&#215;240<\/td>\n<\/tr>\n<\/tbody>\n<\/table>\n","protected":false},"excerpt":{"rendered":"<p>Touchscreen-Industriewaage<\/p>\n","protected":false},"featured_media":2913,"template":"","meta":{"_crdt_document":""},"product_brand":[],"product_cat":[165,341],"product_tag":[],"class_list":{"0":"post-2915","1":"product","2":"type-product","3":"status-publish","4":"has-post-thumbnail","6":"product_cat-gewicht","7":"product_cat-industriell","9":"first","10":"instock","11":"taxable","12":"shipping-taxable","13":"purchasable","14":"product-type-variable"},"yoast_head":"<!-- This site is optimized with the Yoast SEO plugin v27.3 - https:\/\/yoast.com\/product\/yoast-seo-wordpress\/ -->\n<title>Industrie Waage KERN FKT - Sysmatec<\/title>\n<meta name=\"description\" content=\"Zugelassene Industriewaage mit Touchscreen. Rezepturverwaltung. Messbereich von 0-6 kg bis 0-60 kg.\" \/>\n<meta name=\"robots\" content=\"index, follow, max-snippet:-1, max-image-preview:large, max-video-preview:-1\" \/>\n<link rel=\"canonical\" href=\"https:\/\/sysmatec.ch\/de\/produit\/industrie-waage-kern-fkt\/\" \/>\n<meta property=\"og:locale\" content=\"de_DE\" \/>\n<meta property=\"og:type\" content=\"article\" \/>\n<meta property=\"og:title\" content=\"Industrie Waage KERN FKT - Sysmatec\" \/>\n<meta property=\"og:description\" content=\"Zugelassene Industriewaage mit Touchscreen. Rezepturverwaltung. Messbereich von 0-6 kg bis 0-60 kg.\" \/>\n<meta property=\"og:url\" content=\"https:\/\/sysmatec.ch\/de\/produit\/industrie-waage-kern-fkt\/\" \/>\n<meta property=\"og:site_name\" content=\"Sysmatec\" \/>\n<meta property=\"article:modified_time\" content=\"2022-03-01T07:18:56+00:00\" \/>\n<meta property=\"og:image\" content=\"https:\/\/sysmatec.ch\/wp-content\/uploads\/2019\/02\/Balance_KernFKT.jpg\" \/>\n\t<meta property=\"og:image:width\" content=\"185\" \/>\n\t<meta property=\"og:image:height\" content=\"152\" \/>\n\t<meta property=\"og:image:type\" content=\"image\/jpeg\" \/>\n<meta name=\"twitter:card\" content=\"summary_large_image\" \/>\n<meta name=\"twitter:label1\" content=\"Gesch\u00e4tzte Lesezeit\" \/>\n\t<meta name=\"twitter:data1\" content=\"1\u00a0Minute\" \/>\n<script type=\"application\/ld+json\" class=\"yoast-schema-graph\">{\"@context\":\"https:\\\/\\\/schema.org\",\"@graph\":[{\"@type\":\"WebPage\",\"@id\":\"https:\\\/\\\/sysmatec.ch\\\/de\\\/produit\\\/industrie-waage-kern-fkt\\\/\",\"url\":\"https:\\\/\\\/sysmatec.ch\\\/de\\\/produit\\\/industrie-waage-kern-fkt\\\/\",\"name\":\"Industrie Waage KERN FKT - Sysmatec\",\"isPartOf\":{\"@id\":\"https:\\\/\\\/sysmatec.ch\\\/de\\\/#website\"},\"primaryImageOfPage\":{\"@id\":\"https:\\\/\\\/sysmatec.ch\\\/de\\\/produit\\\/industrie-waage-kern-fkt\\\/#primaryimage\"},\"image\":{\"@id\":\"https:\\\/\\\/sysmatec.ch\\\/de\\\/produit\\\/industrie-waage-kern-fkt\\\/#primaryimage\"},\"thumbnailUrl\":\"https:\\\/\\\/sysmatec.ch\\\/wp-content\\\/uploads\\\/2019\\\/02\\\/Balance_KernFKT.jpg\",\"datePublished\":\"2019-02-14T20:07:00+00:00\",\"dateModified\":\"2022-03-01T07:18:56+00:00\",\"description\":\"Zugelassene Industriewaage mit Touchscreen. Rezepturverwaltung. Messbereich von 0-6 kg bis 0-60 kg.\",\"breadcrumb\":{\"@id\":\"https:\\\/\\\/sysmatec.ch\\\/de\\\/produit\\\/industrie-waage-kern-fkt\\\/#breadcrumb\"},\"inLanguage\":\"de\",\"potentialAction\":[{\"@type\":\"ReadAction\",\"target\":[\"https:\\\/\\\/sysmatec.ch\\\/de\\\/produit\\\/industrie-waage-kern-fkt\\\/\"]}]},{\"@type\":\"ImageObject\",\"inLanguage\":\"de\",\"@id\":\"https:\\\/\\\/sysmatec.ch\\\/de\\\/produit\\\/industrie-waage-kern-fkt\\\/#primaryimage\",\"url\":\"https:\\\/\\\/sysmatec.ch\\\/wp-content\\\/uploads\\\/2019\\\/02\\\/Balance_KernFKT.jpg\",\"contentUrl\":\"https:\\\/\\\/sysmatec.ch\\\/wp-content\\\/uploads\\\/2019\\\/02\\\/Balance_KernFKT.jpg\",\"width\":185,\"height\":152},{\"@type\":\"BreadcrumbList\",\"@id\":\"https:\\\/\\\/sysmatec.ch\\\/de\\\/produit\\\/industrie-waage-kern-fkt\\\/#breadcrumb\",\"itemListElement\":[{\"@type\":\"ListItem\",\"position\":1,\"name\":\"Accueil\",\"item\":\"https:\\\/\\\/sysmatec.ch\\\/de\\\/\"},{\"@type\":\"ListItem\",\"position\":2,\"name\":\"Die Aktivit\u00e4t von Sysmatec\",\"item\":\"https:\\\/\\\/sysmatec.ch\\\/de\\\/\"},{\"@type\":\"ListItem\",\"position\":3,\"name\":\"Industrie Waage KERN FKT\"}]},{\"@type\":\"WebSite\",\"@id\":\"https:\\\/\\\/sysmatec.ch\\\/de\\\/#website\",\"url\":\"https:\\\/\\\/sysmatec.ch\\\/de\\\/\",\"name\":\"Sysmatec\",\"description\":\"Equipement de laboratoire et logiciels\",\"publisher\":{\"@id\":\"https:\\\/\\\/sysmatec.ch\\\/de\\\/#organization\"},\"potentialAction\":[{\"@type\":\"SearchAction\",\"target\":{\"@type\":\"EntryPoint\",\"urlTemplate\":\"https:\\\/\\\/sysmatec.ch\\\/de\\\/?s={search_term_string}\"},\"query-input\":{\"@type\":\"PropertyValueSpecification\",\"valueRequired\":true,\"valueName\":\"search_term_string\"}}],\"inLanguage\":\"de\"},{\"@type\":\"Organization\",\"@id\":\"https:\\\/\\\/sysmatec.ch\\\/de\\\/#organization\",\"name\":\"Sysmatec\",\"url\":\"https:\\\/\\\/sysmatec.ch\\\/de\\\/\",\"logo\":{\"@type\":\"ImageObject\",\"inLanguage\":\"de\",\"@id\":\"https:\\\/\\\/sysmatec.ch\\\/de\\\/#\\\/schema\\\/logo\\\/image\\\/\",\"url\":\"https:\\\/\\\/sysmatec.ch\\\/wp-content\\\/uploads\\\/2018\\\/11\\\/LogoSysmatec.jpg\",\"contentUrl\":\"https:\\\/\\\/sysmatec.ch\\\/wp-content\\\/uploads\\\/2018\\\/11\\\/LogoSysmatec.jpg\",\"width\":301,\"height\":297,\"caption\":\"Sysmatec\"},\"image\":{\"@id\":\"https:\\\/\\\/sysmatec.ch\\\/de\\\/#\\\/schema\\\/logo\\\/image\\\/\"}}]}<\/script>\n<!-- \/ Yoast SEO plugin. -->","yoast_head_json":{"title":"Industrie Waage KERN FKT - Sysmatec","description":"Zugelassene Industriewaage mit Touchscreen. Rezepturverwaltung. Messbereich von 0-6 kg bis 0-60 kg.","robots":{"index":"index","follow":"follow","max-snippet":"max-snippet:-1","max-image-preview":"max-image-preview:large","max-video-preview":"max-video-preview:-1"},"canonical":"https:\/\/sysmatec.ch\/de\/produit\/industrie-waage-kern-fkt\/","og_locale":"de_DE","og_type":"article","og_title":"Industrie Waage KERN FKT - Sysmatec","og_description":"Zugelassene Industriewaage mit Touchscreen. Rezepturverwaltung. Messbereich von 0-6 kg bis 0-60 kg.","og_url":"https:\/\/sysmatec.ch\/de\/produit\/industrie-waage-kern-fkt\/","og_site_name":"Sysmatec","article_modified_time":"2022-03-01T07:18:56+00:00","og_image":[{"width":185,"height":152,"url":"https:\/\/sysmatec.ch\/wp-content\/uploads\/2019\/02\/Balance_KernFKT.jpg","type":"image\/jpeg"}],"twitter_card":"summary_large_image","twitter_misc":{"Gesch\u00e4tzte Lesezeit":"1\u00a0Minute"},"schema":{"@context":"https:\/\/schema.org","@graph":[{"@type":"WebPage","@id":"https:\/\/sysmatec.ch\/de\/produit\/industrie-waage-kern-fkt\/","url":"https:\/\/sysmatec.ch\/de\/produit\/industrie-waage-kern-fkt\/","name":"Industrie Waage KERN FKT - Sysmatec","isPartOf":{"@id":"https:\/\/sysmatec.ch\/de\/#website"},"primaryImageOfPage":{"@id":"https:\/\/sysmatec.ch\/de\/produit\/industrie-waage-kern-fkt\/#primaryimage"},"image":{"@id":"https:\/\/sysmatec.ch\/de\/produit\/industrie-waage-kern-fkt\/#primaryimage"},"thumbnailUrl":"https:\/\/sysmatec.ch\/wp-content\/uploads\/2019\/02\/Balance_KernFKT.jpg","datePublished":"2019-02-14T20:07:00+00:00","dateModified":"2022-03-01T07:18:56+00:00","description":"Zugelassene Industriewaage mit Touchscreen. Rezepturverwaltung. Messbereich von 0-6 kg bis 0-60 kg.","breadcrumb":{"@id":"https:\/\/sysmatec.ch\/de\/produit\/industrie-waage-kern-fkt\/#breadcrumb"},"inLanguage":"de","potentialAction":[{"@type":"ReadAction","target":["https:\/\/sysmatec.ch\/de\/produit\/industrie-waage-kern-fkt\/"]}]},{"@type":"ImageObject","inLanguage":"de","@id":"https:\/\/sysmatec.ch\/de\/produit\/industrie-waage-kern-fkt\/#primaryimage","url":"https:\/\/sysmatec.ch\/wp-content\/uploads\/2019\/02\/Balance_KernFKT.jpg","contentUrl":"https:\/\/sysmatec.ch\/wp-content\/uploads\/2019\/02\/Balance_KernFKT.jpg","width":185,"height":152},{"@type":"BreadcrumbList","@id":"https:\/\/sysmatec.ch\/de\/produit\/industrie-waage-kern-fkt\/#breadcrumb","itemListElement":[{"@type":"ListItem","position":1,"name":"Accueil","item":"https:\/\/sysmatec.ch\/de\/"},{"@type":"ListItem","position":2,"name":"Die Aktivit\u00e4t von Sysmatec","item":"https:\/\/sysmatec.ch\/de\/"},{"@type":"ListItem","position":3,"name":"Industrie Waage KERN FKT"}]},{"@type":"WebSite","@id":"https:\/\/sysmatec.ch\/de\/#website","url":"https:\/\/sysmatec.ch\/de\/","name":"Sysmatec","description":"Equipement de laboratoire et logiciels","publisher":{"@id":"https:\/\/sysmatec.ch\/de\/#organization"},"potentialAction":[{"@type":"SearchAction","target":{"@type":"EntryPoint","urlTemplate":"https:\/\/sysmatec.ch\/de\/?s={search_term_string}"},"query-input":{"@type":"PropertyValueSpecification","valueRequired":true,"valueName":"search_term_string"}}],"inLanguage":"de"},{"@type":"Organization","@id":"https:\/\/sysmatec.ch\/de\/#organization","name":"Sysmatec","url":"https:\/\/sysmatec.ch\/de\/","logo":{"@type":"ImageObject","inLanguage":"de","@id":"https:\/\/sysmatec.ch\/de\/#\/schema\/logo\/image\/","url":"https:\/\/sysmatec.ch\/wp-content\/uploads\/2018\/11\/LogoSysmatec.jpg","contentUrl":"https:\/\/sysmatec.ch\/wp-content\/uploads\/2018\/11\/LogoSysmatec.jpg","width":301,"height":297,"caption":"Sysmatec"},"image":{"@id":"https:\/\/sysmatec.ch\/de\/#\/schema\/logo\/image\/"}}]}},"_links":{"self":[{"href":"https:\/\/sysmatec.ch\/de\/wp-json\/wp\/v2\/product\/2915","targetHints":{"allow":["GET"]}}],"collection":[{"href":"https:\/\/sysmatec.ch\/de\/wp-json\/wp\/v2\/product"}],"about":[{"href":"https:\/\/sysmatec.ch\/de\/wp-json\/wp\/v2\/types\/product"}],"wp:featuredmedia":[{"embeddable":true,"href":"https:\/\/sysmatec.ch\/de\/wp-json\/wp\/v2\/media\/2913"}],"wp:attachment":[{"href":"https:\/\/sysmatec.ch\/de\/wp-json\/wp\/v2\/media?parent=2915"}],"wp:term":[{"taxonomy":"product_brand","embeddable":true,"href":"https:\/\/sysmatec.ch\/de\/wp-json\/wp\/v2\/product_brand?post=2915"},{"taxonomy":"product_cat","embeddable":true,"href":"https:\/\/sysmatec.ch\/de\/wp-json\/wp\/v2\/product_cat?post=2915"},{"taxonomy":"product_tag","embeddable":true,"href":"https:\/\/sysmatec.ch\/de\/wp-json\/wp\/v2\/product_tag?post=2915"}],"curies":[{"name":"wp","href":"https:\/\/api.w.org\/{rel}","templated":true}]}}