{"id":29124,"date":"2024-03-09T18:33:28","date_gmt":"2024-03-09T17:33:28","guid":{"rendered":"https:\/\/sysmatec.ch\/?post_type=product&#038;p=29124"},"modified":"2024-03-09T20:59:46","modified_gmt":"2024-03-09T19:59:46","slug":"gsm-datenlogger-fuer-temperatur-und-luftfeuchtigkeit-tempmate-gm2","status":"publish","type":"product","link":"https:\/\/sysmatec.ch\/de\/Produkt\/gsm-datenlogger-fuer-temperatur-und-luftfeuchtigkeit-tempmate-gm2\/","title":{"rendered":"GSM-Datenlogger f\u00fcr Temperatur und Luftfeuchtigkeit Tempmate GM2"},"content":{"rendered":"<p>Der Tempmate.\u00ae-GM2 ist ein 4G-Datenlogger. Es bietet Ihnen die M\u00f6glichkeit, eine weltweite* Echtzeit\u00fcberwachung aller relevanten Daten durchzuf\u00fchren. W\u00e4hrend die Hardware alle wichtigen Parameter am gew\u00fcnschten Ort aufzeichnet, haben Sie von Ihrem PC aus den vollst\u00e4ndigen \u00dcberblick \u00fcber aktuelle und vergangene Prozesse. Dies sichert nicht nur Ihre Qualit\u00e4tsstandards, sondern vereinfacht und optimiert auch Ihre internen Prozesse und Ressourcen.<br \/>\nDank globaler* Konnektivit\u00e4t und Cloud-Unterst\u00fctzung haben Sie jederzeit die M\u00f6glichkeit, den Zustand Ihrer Waren zu verfolgen. Durch die Festlegung individueller Alarmgrenzen werden Sie in Echtzeit gewarnt. Sch\u00e4den k\u00f6nnen so eindeutig lokalisiert und identifiziert werden. Durch den kontinuierlichen Einsatz optimieren Sie Ihre Transportwege und internen Prozesse.<br \/>\nKonfiguration, Hardware- und Datenmanagement an einem Ort \u2013 das macht die tempmate.\u00ae Cloud m\u00f6glich<\/p>\n<h2>Technische Spezifikationen<\/h2>\n<table width=\"705\">\n<tbody>\n<tr>\n<td width=\"232\"><\/td>\n<td width=\"153\">Tempmate GM2<\/td>\n<td width=\"165\">Tempmate GM2 EXt40<\/td>\n<td width=\"155\">Tempmate GM2 EXt200<\/td>\n<\/tr>\n<tr>\n<td width=\"232\">Temperaturbereich<\/td>\n<td width=\"153\">-30 bis 70 \u00b0C<\/td>\n<td width=\"165\">-40 bis 80 \u00b0C<\/td>\n<td width=\"155\">-200 bis 100 \u00b0C<\/td>\n<\/tr>\n<tr>\n<td width=\"232\">Externer Sensor<\/td>\n<td width=\"153\">&#8211;<\/td>\n<td width=\"165\">PVC-Kabel 1 m x Spitze 40 mm<\/td>\n<td width=\"155\">PVC-Kabel 1 m x Spitze 60 mm<\/td>\n<\/tr>\n<tr>\n<td width=\"232\">Temperaturgenauigkeit<\/td>\n<td colspan=\"3\" width=\"473\">+\/- 0.5 \u00b0C (-20 bis 40\u00b0C) +\/-1\u00b0C aussen<\/td>\n<\/tr>\n<tr>\n<td width=\"232\">Temperaturaufl\u00f6sung<\/td>\n<td colspan=\"3\" width=\"473\">0.1 \u00b0C<\/td>\n<\/tr>\n<tr>\n<td width=\"232\">Temperatursensor<\/td>\n<td width=\"153\">intern<\/td>\n<td width=\"165\">extern<\/td>\n<td width=\"155\">extern<\/td>\n<\/tr>\n<tr>\n<td width=\"232\">Feuchtebereich<\/td>\n<td colspan=\"3\" width=\"473\">5 bis 95 % RH<\/td>\n<\/tr>\n<tr>\n<td width=\"232\">Feuchtegenauigkeit<\/td>\n<td colspan=\"3\" width=\"473\">+\/-3% (20 bis 80 %RH), +-\/ 5 % aussen<\/td>\n<\/tr>\n<tr>\n<td width=\"232\">Feuchteaufl\u00f6sung<\/td>\n<td colspan=\"3\" width=\"473\">1 %<\/td>\n<\/tr>\n<tr>\n<td width=\"232\">Umgebungslichtbereich<\/td>\n<td colspan=\"3\" width=\"473\">0 bis 52000 Lx<\/td>\n<\/tr>\n<tr>\n<td width=\"232\">\u00a0Umgebungslichtaufl\u00f6sung<\/td>\n<td colspan=\"3\" width=\"473\">1 lx<\/td>\n<\/tr>\n<tr>\n<td width=\"232\">Schockanzeige<\/td>\n<td colspan=\"3\" width=\"473\">8 Anzeigebereiche<\/td>\n<\/tr>\n<tr>\n<td width=\"232\">Neigungsanzeige<\/td>\n<td colspan=\"3\" width=\"473\">Neigung &gt;90\u00b0 \u00e4ndern<\/td>\n<\/tr>\n<tr>\n<td width=\"232\">Speicher<\/td>\n<td colspan=\"3\" width=\"473\">50 000 Werte<\/td>\n<\/tr>\n<tr>\n<td width=\"232\">Batterie<\/td>\n<td colspan=\"3\" width=\"473\">Lithium, 3500 mAh aufladbar<\/td>\n<\/tr>\n<tr>\n<td width=\"232\">Stromversorgung<\/td>\n<td colspan=\"3\" width=\"473\">optional 5V, 1 A<\/td>\n<\/tr>\n<tr>\n<td width=\"232\">Log Intervall<\/td>\n<td colspan=\"3\" width=\"473\">1 Min bis 60 Min (standard 10 Min)<\/td>\n<\/tr>\n<tr>\n<td width=\"232\">Transmission intervall<\/td>\n<td colspan=\"3\" width=\"473\">10 Min bis1440 Min (standard 120 Min)<\/td>\n<\/tr>\n<tr>\n<td width=\"232\">Aufnahmedauer<\/td>\n<td colspan=\"3\" width=\"473\">bis zu 120 Tage<\/td>\n<\/tr>\n<tr>\n<td width=\"232\">Start\/stop<\/td>\n<td colspan=\"3\" width=\"473\">per Knopf oder Cloud<\/td>\n<\/tr>\n<tr>\n<td width=\"232\">Startverz\u00f6gerung<\/td>\n<td colspan=\"3\" width=\"473\">0 bis 1440 min<\/td>\n<\/tr>\n<tr>\n<td width=\"232\">Protection Klasse<\/td>\n<td colspan=\"3\" width=\"473\">IP65<\/td>\n<\/tr>\n<tr>\n<td width=\"232\">Zertifizierung<\/td>\n<td colspan=\"3\" width=\"473\">CE, EN12830, RoHS, FCC38.3, DO-160G<\/td>\n<\/tr>\n<tr>\n<td width=\"232\">Kommunikation<\/td>\n<td colspan=\"3\" width=\"473\">Global LTE 4G\/5G, fallback 2G network<\/td>\n<\/tr>\n<tr>\n<td width=\"232\">Lokalisierung<\/td>\n<td colspan=\"3\" width=\"473\">LBS-GSM-Lokalisierung<\/td>\n<\/tr>\n<tr>\n<td width=\"232\">Alarm<\/td>\n<td colspan=\"3\" width=\"473\">bis zu 6 Schwellenwerte f\u00fcr Temperatur, 3 f\u00fcr Licht, 1 f\u00fcr Schock, 1 f\u00fcr Neigung<\/td>\n<\/tr>\n<tr>\n<td width=\"232\">Geh\u00e4use<\/td>\n<td colspan=\"3\" width=\"473\">Polycarbonate<\/td>\n<\/tr>\n<tr>\n<td width=\"232\">Dimension<\/td>\n<td colspan=\"3\" width=\"473\">103 mm x 66 mm x 19 mm<\/td>\n<\/tr>\n<tr>\n<td width=\"232\">Gewicht<\/td>\n<td colspan=\"3\" width=\"473\">160 g<\/td>\n<\/tr>\n<\/tbody>\n<\/table>\n","protected":false},"excerpt":{"rendered":"<p>Wiederverwendbarer Temperatur-\/Feuchtigkeitslogger basierend auf 4G-Mobilfunknetz, optional 2G<\/p>\n","protected":false},"featured_media":29128,"template":"","meta":{"_crdt_document":""},"product_brand":[],"product_cat":[168,175],"product_tag":[],"class_list":{"0":"post-29124","1":"product","2":"type-product","3":"status-publish","4":"has-post-thumbnail","6":"product_cat-datenlogger","7":"product_cat-feuchte","9":"first","10":"instock","11":"taxable","12":"shipping-taxable","13":"product-type-simple"},"yoast_head":"<!-- This site is optimized with the Yoast SEO plugin v27.4 - https:\/\/yoast.com\/product\/yoast-seo-wordpress\/ -->\n<title>GSM-Datenlogger f\u00fcr Temperatur und Luftfeuchtigkeit Tempmate GM2 - Sysmatec<\/title>\n<meta name=\"description\" content=\"Wiederverwendbarer Feuchtigkeits- und Temperaturlogger mit 4G- oder 2G-Kommunikation. Die Daten werden in einer Cloud gespeichert und sind \u00fcber einen Internetbrowser zug\u00e4nglich.\" \/>\n<meta name=\"robots\" content=\"index, follow, max-snippet:-1, max-image-preview:large, max-video-preview:-1\" \/>\n<link rel=\"canonical\" href=\"https:\/\/sysmatec.ch\/de\/Produkt\/gsm-datenlogger-fuer-temperatur-und-luftfeuchtigkeit-tempmate-gm2\/\" \/>\n<meta property=\"og:locale\" content=\"de_DE\" \/>\n<meta property=\"og:type\" content=\"article\" \/>\n<meta property=\"og:title\" content=\"GSM-Datenlogger f\u00fcr Temperatur und Luftfeuchtigkeit Tempmate GM2 - Sysmatec\" \/>\n<meta property=\"og:description\" content=\"Wiederverwendbarer Feuchtigkeits- und Temperaturlogger mit 4G- oder 2G-Kommunikation. Die Daten werden in einer Cloud gespeichert und sind \u00fcber einen Internetbrowser zug\u00e4nglich.\" \/>\n<meta property=\"og:url\" content=\"https:\/\/sysmatec.ch\/de\/Produkt\/gsm-datenlogger-fuer-temperatur-und-luftfeuchtigkeit-tempmate-gm2\/\" \/>\n<meta property=\"og:site_name\" content=\"Sysmatec\" \/>\n<meta property=\"article:modified_time\" content=\"2024-03-09T19:59:46+00:00\" \/>\n<meta property=\"og:image\" content=\"https:\/\/sysmatec.ch\/wp-content\/uploads\/2024\/03\/EnregistreurHumidite_TempmateGM2_1.jpg\" \/>\n\t<meta property=\"og:image:width\" content=\"431\" \/>\n\t<meta property=\"og:image:height\" content=\"603\" \/>\n\t<meta property=\"og:image:type\" content=\"image\/jpeg\" \/>\n<meta name=\"twitter:card\" content=\"summary_large_image\" \/>\n<meta name=\"twitter:label1\" content=\"Gesch\u00e4tzte Lesezeit\" \/>\n\t<meta name=\"twitter:data1\" content=\"2\u00a0Minuten\" \/>\n<script type=\"application\/ld+json\" class=\"yoast-schema-graph\">{\"@context\":\"https:\\\/\\\/schema.org\",\"@graph\":[{\"@type\":\"WebPage\",\"@id\":\"https:\\\/\\\/sysmatec.ch\\\/de\\\/Produkt\\\/gsm-datenlogger-fuer-temperatur-und-luftfeuchtigkeit-tempmate-gm2\\\/\",\"url\":\"https:\\\/\\\/sysmatec.ch\\\/de\\\/Produkt\\\/gsm-datenlogger-fuer-temperatur-und-luftfeuchtigkeit-tempmate-gm2\\\/\",\"name\":\"GSM-Datenlogger f\u00fcr Temperatur und Luftfeuchtigkeit Tempmate GM2 - Sysmatec\",\"isPartOf\":{\"@id\":\"https:\\\/\\\/sysmatec.ch\\\/de\\\/#website\"},\"primaryImageOfPage\":{\"@id\":\"https:\\\/\\\/sysmatec.ch\\\/de\\\/Produkt\\\/gsm-datenlogger-fuer-temperatur-und-luftfeuchtigkeit-tempmate-gm2\\\/#primaryimage\"},\"image\":{\"@id\":\"https:\\\/\\\/sysmatec.ch\\\/de\\\/Produkt\\\/gsm-datenlogger-fuer-temperatur-und-luftfeuchtigkeit-tempmate-gm2\\\/#primaryimage\"},\"thumbnailUrl\":\"https:\\\/\\\/sysmatec.ch\\\/wp-content\\\/uploads\\\/2024\\\/03\\\/EnregistreurHumidite_TempmateGM2_1.jpg\",\"datePublished\":\"2024-03-09T17:33:28+00:00\",\"dateModified\":\"2024-03-09T19:59:46+00:00\",\"description\":\"Wiederverwendbarer Feuchtigkeits- und Temperaturlogger mit 4G- oder 2G-Kommunikation. Die Daten werden in einer Cloud gespeichert und sind \u00fcber einen Internetbrowser zug\u00e4nglich.\",\"breadcrumb\":{\"@id\":\"https:\\\/\\\/sysmatec.ch\\\/de\\\/Produkt\\\/gsm-datenlogger-fuer-temperatur-und-luftfeuchtigkeit-tempmate-gm2\\\/#breadcrumb\"},\"inLanguage\":\"de\",\"potentialAction\":[{\"@type\":\"ReadAction\",\"target\":[\"https:\\\/\\\/sysmatec.ch\\\/de\\\/Produkt\\\/gsm-datenlogger-fuer-temperatur-und-luftfeuchtigkeit-tempmate-gm2\\\/\"]}]},{\"@type\":\"ImageObject\",\"inLanguage\":\"de\",\"@id\":\"https:\\\/\\\/sysmatec.ch\\\/de\\\/Produkt\\\/gsm-datenlogger-fuer-temperatur-und-luftfeuchtigkeit-tempmate-gm2\\\/#primaryimage\",\"url\":\"https:\\\/\\\/sysmatec.ch\\\/wp-content\\\/uploads\\\/2024\\\/03\\\/EnregistreurHumidite_TempmateGM2_1.jpg\",\"contentUrl\":\"https:\\\/\\\/sysmatec.ch\\\/wp-content\\\/uploads\\\/2024\\\/03\\\/EnregistreurHumidite_TempmateGM2_1.jpg\",\"width\":431,\"height\":603},{\"@type\":\"BreadcrumbList\",\"@id\":\"https:\\\/\\\/sysmatec.ch\\\/de\\\/Produkt\\\/gsm-datenlogger-fuer-temperatur-und-luftfeuchtigkeit-tempmate-gm2\\\/#breadcrumb\",\"itemListElement\":[{\"@type\":\"ListItem\",\"position\":1,\"name\":\"Accueil\",\"item\":\"https:\\\/\\\/sysmatec.ch\\\/de\\\/\"},{\"@type\":\"ListItem\",\"position\":2,\"name\":\"Die Aktivit\u00e4t von Sysmatec\",\"item\":\"https:\\\/\\\/sysmatec.ch\\\/de\\\/\"},{\"@type\":\"ListItem\",\"position\":3,\"name\":\"GSM-Datenlogger f\u00fcr Temperatur und Luftfeuchtigkeit Tempmate GM2\"}]},{\"@type\":\"WebSite\",\"@id\":\"https:\\\/\\\/sysmatec.ch\\\/de\\\/#website\",\"url\":\"https:\\\/\\\/sysmatec.ch\\\/de\\\/\",\"name\":\"Sysmatec\",\"description\":\"Equipement de laboratoire et logiciels\",\"publisher\":{\"@id\":\"https:\\\/\\\/sysmatec.ch\\\/de\\\/#organization\"},\"potentialAction\":[{\"@type\":\"SearchAction\",\"target\":{\"@type\":\"EntryPoint\",\"urlTemplate\":\"https:\\\/\\\/sysmatec.ch\\\/de\\\/?s={search_term_string}\"},\"query-input\":{\"@type\":\"PropertyValueSpecification\",\"valueRequired\":true,\"valueName\":\"search_term_string\"}}],\"inLanguage\":\"de\"},{\"@type\":\"Organization\",\"@id\":\"https:\\\/\\\/sysmatec.ch\\\/de\\\/#organization\",\"name\":\"Sysmatec\",\"url\":\"https:\\\/\\\/sysmatec.ch\\\/de\\\/\",\"logo\":{\"@type\":\"ImageObject\",\"inLanguage\":\"de\",\"@id\":\"https:\\\/\\\/sysmatec.ch\\\/de\\\/#\\\/schema\\\/logo\\\/image\\\/\",\"url\":\"https:\\\/\\\/sysmatec.ch\\\/wp-content\\\/uploads\\\/2018\\\/11\\\/LogoSysmatec.jpg\",\"contentUrl\":\"https:\\\/\\\/sysmatec.ch\\\/wp-content\\\/uploads\\\/2018\\\/11\\\/LogoSysmatec.jpg\",\"width\":301,\"height\":297,\"caption\":\"Sysmatec\"},\"image\":{\"@id\":\"https:\\\/\\\/sysmatec.ch\\\/de\\\/#\\\/schema\\\/logo\\\/image\\\/\"}}]}<\/script>\n<!-- \/ Yoast SEO plugin. -->","yoast_head_json":{"title":"GSM-Datenlogger f\u00fcr Temperatur und Luftfeuchtigkeit Tempmate GM2 - Sysmatec","description":"Wiederverwendbarer Feuchtigkeits- und Temperaturlogger mit 4G- oder 2G-Kommunikation. Die Daten werden in einer Cloud gespeichert und sind \u00fcber einen Internetbrowser zug\u00e4nglich.","robots":{"index":"index","follow":"follow","max-snippet":"max-snippet:-1","max-image-preview":"max-image-preview:large","max-video-preview":"max-video-preview:-1"},"canonical":"https:\/\/sysmatec.ch\/de\/Produkt\/gsm-datenlogger-fuer-temperatur-und-luftfeuchtigkeit-tempmate-gm2\/","og_locale":"de_DE","og_type":"article","og_title":"GSM-Datenlogger f\u00fcr Temperatur und Luftfeuchtigkeit Tempmate GM2 - Sysmatec","og_description":"Wiederverwendbarer Feuchtigkeits- und Temperaturlogger mit 4G- oder 2G-Kommunikation. Die Daten werden in einer Cloud gespeichert und sind \u00fcber einen Internetbrowser zug\u00e4nglich.","og_url":"https:\/\/sysmatec.ch\/de\/Produkt\/gsm-datenlogger-fuer-temperatur-und-luftfeuchtigkeit-tempmate-gm2\/","og_site_name":"Sysmatec","article_modified_time":"2024-03-09T19:59:46+00:00","og_image":[{"width":431,"height":603,"url":"https:\/\/sysmatec.ch\/wp-content\/uploads\/2024\/03\/EnregistreurHumidite_TempmateGM2_1.jpg","type":"image\/jpeg"}],"twitter_card":"summary_large_image","twitter_misc":{"Gesch\u00e4tzte Lesezeit":"2\u00a0Minuten"},"schema":{"@context":"https:\/\/schema.org","@graph":[{"@type":"WebPage","@id":"https:\/\/sysmatec.ch\/de\/Produkt\/gsm-datenlogger-fuer-temperatur-und-luftfeuchtigkeit-tempmate-gm2\/","url":"https:\/\/sysmatec.ch\/de\/Produkt\/gsm-datenlogger-fuer-temperatur-und-luftfeuchtigkeit-tempmate-gm2\/","name":"GSM-Datenlogger f\u00fcr Temperatur und Luftfeuchtigkeit Tempmate GM2 - Sysmatec","isPartOf":{"@id":"https:\/\/sysmatec.ch\/de\/#website"},"primaryImageOfPage":{"@id":"https:\/\/sysmatec.ch\/de\/Produkt\/gsm-datenlogger-fuer-temperatur-und-luftfeuchtigkeit-tempmate-gm2\/#primaryimage"},"image":{"@id":"https:\/\/sysmatec.ch\/de\/Produkt\/gsm-datenlogger-fuer-temperatur-und-luftfeuchtigkeit-tempmate-gm2\/#primaryimage"},"thumbnailUrl":"https:\/\/sysmatec.ch\/wp-content\/uploads\/2024\/03\/EnregistreurHumidite_TempmateGM2_1.jpg","datePublished":"2024-03-09T17:33:28+00:00","dateModified":"2024-03-09T19:59:46+00:00","description":"Wiederverwendbarer Feuchtigkeits- und Temperaturlogger mit 4G- oder 2G-Kommunikation. Die Daten werden in einer Cloud gespeichert und sind \u00fcber einen Internetbrowser zug\u00e4nglich.","breadcrumb":{"@id":"https:\/\/sysmatec.ch\/de\/Produkt\/gsm-datenlogger-fuer-temperatur-und-luftfeuchtigkeit-tempmate-gm2\/#breadcrumb"},"inLanguage":"de","potentialAction":[{"@type":"ReadAction","target":["https:\/\/sysmatec.ch\/de\/Produkt\/gsm-datenlogger-fuer-temperatur-und-luftfeuchtigkeit-tempmate-gm2\/"]}]},{"@type":"ImageObject","inLanguage":"de","@id":"https:\/\/sysmatec.ch\/de\/Produkt\/gsm-datenlogger-fuer-temperatur-und-luftfeuchtigkeit-tempmate-gm2\/#primaryimage","url":"https:\/\/sysmatec.ch\/wp-content\/uploads\/2024\/03\/EnregistreurHumidite_TempmateGM2_1.jpg","contentUrl":"https:\/\/sysmatec.ch\/wp-content\/uploads\/2024\/03\/EnregistreurHumidite_TempmateGM2_1.jpg","width":431,"height":603},{"@type":"BreadcrumbList","@id":"https:\/\/sysmatec.ch\/de\/Produkt\/gsm-datenlogger-fuer-temperatur-und-luftfeuchtigkeit-tempmate-gm2\/#breadcrumb","itemListElement":[{"@type":"ListItem","position":1,"name":"Accueil","item":"https:\/\/sysmatec.ch\/de\/"},{"@type":"ListItem","position":2,"name":"Die Aktivit\u00e4t von Sysmatec","item":"https:\/\/sysmatec.ch\/de\/"},{"@type":"ListItem","position":3,"name":"GSM-Datenlogger f\u00fcr Temperatur und Luftfeuchtigkeit Tempmate GM2"}]},{"@type":"WebSite","@id":"https:\/\/sysmatec.ch\/de\/#website","url":"https:\/\/sysmatec.ch\/de\/","name":"Sysmatec","description":"Equipement de laboratoire et logiciels","publisher":{"@id":"https:\/\/sysmatec.ch\/de\/#organization"},"potentialAction":[{"@type":"SearchAction","target":{"@type":"EntryPoint","urlTemplate":"https:\/\/sysmatec.ch\/de\/?s={search_term_string}"},"query-input":{"@type":"PropertyValueSpecification","valueRequired":true,"valueName":"search_term_string"}}],"inLanguage":"de"},{"@type":"Organization","@id":"https:\/\/sysmatec.ch\/de\/#organization","name":"Sysmatec","url":"https:\/\/sysmatec.ch\/de\/","logo":{"@type":"ImageObject","inLanguage":"de","@id":"https:\/\/sysmatec.ch\/de\/#\/schema\/logo\/image\/","url":"https:\/\/sysmatec.ch\/wp-content\/uploads\/2018\/11\/LogoSysmatec.jpg","contentUrl":"https:\/\/sysmatec.ch\/wp-content\/uploads\/2018\/11\/LogoSysmatec.jpg","width":301,"height":297,"caption":"Sysmatec"},"image":{"@id":"https:\/\/sysmatec.ch\/de\/#\/schema\/logo\/image\/"}}]}},"_links":{"self":[{"href":"https:\/\/sysmatec.ch\/de\/wp-json\/wp\/v2\/product\/29124","targetHints":{"allow":["GET"]}}],"collection":[{"href":"https:\/\/sysmatec.ch\/de\/wp-json\/wp\/v2\/product"}],"about":[{"href":"https:\/\/sysmatec.ch\/de\/wp-json\/wp\/v2\/types\/product"}],"wp:featuredmedia":[{"embeddable":true,"href":"https:\/\/sysmatec.ch\/de\/wp-json\/wp\/v2\/media\/29128"}],"wp:attachment":[{"href":"https:\/\/sysmatec.ch\/de\/wp-json\/wp\/v2\/media?parent=29124"}],"wp:term":[{"taxonomy":"product_brand","embeddable":true,"href":"https:\/\/sysmatec.ch\/de\/wp-json\/wp\/v2\/product_brand?post=29124"},{"taxonomy":"product_cat","embeddable":true,"href":"https:\/\/sysmatec.ch\/de\/wp-json\/wp\/v2\/product_cat?post=29124"},{"taxonomy":"product_tag","embeddable":true,"href":"https:\/\/sysmatec.ch\/de\/wp-json\/wp\/v2\/product_tag?post=29124"}],"curies":[{"name":"wp","href":"https:\/\/api.w.org\/{rel}","templated":true}]}}