{"id":29121,"date":"2024-03-09T14:47:05","date_gmt":"2024-03-09T13:47:05","guid":{"rendered":"https:\/\/sysmatec.ch\/?post_type=product&#038;p=29121"},"modified":"2024-03-09T14:54:32","modified_gmt":"2024-03-09T13:54:32","slug":"gsm-datenlogger-fuer-temperatur-und-luftfeuchtigkeit-tempsir-gt3-multi","status":"publish","type":"product","link":"https:\/\/sysmatec.ch\/de\/Produkt\/gsm-datenlogger-fuer-temperatur-und-luftfeuchtigkeit-tempsir-gt3-multi\/","title":{"rendered":"GSM-Datenlogger f\u00fcr Temperatur und Luftfeuchtigkeit TempSir GT3 Multi"},"content":{"rendered":"<p>Es handelt sich um einen IoT-Datenlogger, der sowohl Ferndaten\u00fcbertragung als auch lokalen Datenexport bietet (keine Computersoftware erforderlich, einfach ein Mobiltelefon verwenden).<br \/>\nKabel). Zu den Optionen geh\u00f6ren Temperatur, Luftfeuchtigkeit, Licht, Vibration, Neigungswinkel und Atmosph\u00e4rendruck. TempSir-GT bietet Echtzeit-Standortinformationen und Ortung mit einer Genauigkeit auf Stadtebene innerhalb von 50 Metern. W\u00e4hlen Sie je nach Wunsch zwischen der Inlandsversion und der globalen Version.<\/p>\n<h2>Allgemeine Merkmale<\/h2>\n<ul>\n<li>Echtzeit\u00fcberwachung und Aufzeichnung von Temperatur, Luftfeuchtigkeit, Licht, Neigung, Vibration, Neigungswinkel, Luftdruck und Standortdaten f\u00fcr eine effektive Optimierung des G\u00fctertransports.<\/li>\n<li>Unterst\u00fctzt die Massen\u00fcbertragung von Ger\u00e4ten und behandelt automatisch Parallelit\u00e4tsprobleme.<\/li>\n<li>Unterst\u00fctzt Remote-Ger\u00e4tekonfiguration, -Start und -Stopp.<\/li>\n<li>Direkter Export von PDF- und Excel-Berichten \u00fcber einen lokalen USB-Stick oder eine lokale Plattform, keine Software erforderlich.<\/li>\n<li>Gro\u00dfz\u00fcgige lokale Speicherkapazit\u00e4t mit Datenerhaltung auch im Offline-Modus, mit automatischer Daten\u00fcbertragung bei erneuter Verbindung.<\/li>\n<li>Wahl zwischen Nicht-Lithium-Alkalibatterien (keine IATA-Gefahrgutkennzeichnung erforderlich) oder Lithiumbatterien.<\/li>\n<li>Modus mit geringem Stromverbrauch, ideal f\u00fcr den G\u00fctertransport \u00fcber einen l\u00e4ngeren Zeitraum.<\/li>\n<li>Unterst\u00fctzt verschiedene Echtzeit-Benachrichtigungsmethoden wie SMS und E-Mail.<\/li>\n<li>Schnelle Upload-Befehle reduzieren die Zeit, die f\u00fcr das Hochladen gro\u00dfer Datenmengen ben\u00f6tigt wird, und beschleunigen die Ladungsinspektion.<\/li>\n<li>Unterst\u00fctzt Plattform- und lokale Softwarekonfiguration.<\/li>\n<li>4G+2G-Unterst\u00fctzung mit automatischem 2G-Fallback bei fehlendem 4G-Signal f\u00fcr eine unterbrechungsfreie Daten\u00fcbertragung.<\/li>\n<\/ul>\n<h2>Technical Specifications<\/h2>\n<table width=\"454\">\n<tbody>\n<tr>\n<td width=\"157\"><\/td>\n<td width=\"146\">GT3<\/td>\n<td width=\"151\">GT3-200<\/td>\n<\/tr>\n<tr>\n<td>Temperaturbereich<\/td>\n<td>-30 bis 70 \u00b0C<\/td>\n<td>-200 bis 80 \u00b0C<\/td>\n<\/tr>\n<tr>\n<td>Temperaturgenauigkeit<\/td>\n<td>+\/- 0.5 \u00b0C<\/td>\n<td>+\/- 0.5 \u00b0C<\/td>\n<\/tr>\n<tr>\n<td>Temperaturaufl\u00f6sung<\/td>\n<td>0.1 \u00b0C<\/td>\n<td>0.1 \u00b0C<\/td>\n<\/tr>\n<tr>\n<td>Sensor<\/td>\n<td>intern<\/td>\n<td>extern<\/td>\n<\/tr>\n<tr>\n<td>Ladezeit<\/td>\n<td colspan=\"2\">3 Std<\/td>\n<\/tr>\n<tr>\n<td>Batterielebensdauer<\/td>\n<td colspan=\"2\">20 Tage (Upload alle 5 Minuten)\/30 Tage (30 Minuten)\/60 Tage (1 Stunde)\/90 Tage (2 Stunden)\/120 Tage (3 Stunden)<\/td>\n<\/tr>\n<tr>\n<td>Positionierung<\/td>\n<td colspan=\"2\">+\/-50 m<\/td>\n<\/tr>\n<tr>\n<td>SMS<\/td>\n<td colspan=\"2\">ja<\/td>\n<\/tr>\n<tr>\n<td>Mails<\/td>\n<td colspan=\"2\">ja<\/td>\n<\/tr>\n<tr>\n<td>Batterie<\/td>\n<td colspan=\"2\">Lithium\u00a0 oder Non lithium<\/td>\n<\/tr>\n<tr>\n<td>Optionnel<\/td>\n<td colspan=\"2\">Vibration (0\u20138 G), Lichtempfindung (0\u201365535 Lux), Neigungswinkel (0\u2013180 \u00b0).<\/td>\n<\/tr>\n<tr>\n<td>Maximale Lesepunkte<\/td>\n<td colspan=\"2\">32000\/Kanal<\/td>\n<\/tr>\n<tr>\n<td>Lade-\/Datenanschluss<\/td>\n<td colspan=\"2\">USB C<\/td>\n<\/tr>\n<tr>\n<td>Report format<\/td>\n<td colspan=\"2\">PDF\/PDF&amp;EXCEL,Supportfor local rep<\/td>\n<\/tr>\n<tr>\n<td>Schutzgrad<\/td>\n<td colspan=\"2\">IP65<\/td>\n<\/tr>\n<tr>\n<td>Dimension<\/td>\n<td colspan=\"2\">97mmx60mmx19.5mm<\/td>\n<\/tr>\n<tr>\n<td>Gewicht<\/td>\n<td>110 g<\/td>\n<td>145 g<\/td>\n<\/tr>\n<\/tbody>\n<\/table>\n","protected":false},"excerpt":{"rendered":"<p>Wiederverwenbarer -Temperatur-\/Feuchtigkeitslogger mit 4G-, optional 2G-Mobilfunknetz<\/p>\n","protected":false},"featured_media":29112,"template":"","meta":{"_crdt_document":""},"product_brand":[],"product_cat":[168,175],"product_tag":[],"class_list":{"0":"post-29121","1":"product","2":"type-product","3":"status-publish","4":"has-post-thumbnail","6":"product_cat-datenlogger","7":"product_cat-feuchte","9":"first","10":"instock","11":"taxable","12":"shipping-taxable","13":"product-type-simple"},"yoast_head":"<!-- This site is optimized with the Yoast SEO plugin v27.4 - https:\/\/yoast.com\/product\/yoast-seo-wordpress\/ -->\n<title>GSM-Datenlogger f\u00fcr Temperatur und Luftfeuchtigkeit TempSir GT3 Multi - Sysmatec<\/title>\n<meta name=\"description\" content=\"Wiederverwenbarer Feuchtelogger mit 4G- oder 2G-Kommunikation. Die Daten werden in einer Cloud aufgezeichnet und k\u00f6nnen \u00fcber einen Internetbrowser abgerufen werden.\" \/>\n<meta name=\"robots\" content=\"index, follow, max-snippet:-1, max-image-preview:large, max-video-preview:-1\" \/>\n<link rel=\"canonical\" href=\"https:\/\/sysmatec.ch\/de\/Produkt\/gsm-datenlogger-fuer-temperatur-und-luftfeuchtigkeit-tempsir-gt3-multi\/\" \/>\n<meta property=\"og:locale\" content=\"de_DE\" \/>\n<meta property=\"og:type\" content=\"article\" \/>\n<meta property=\"og:title\" content=\"GSM-Datenlogger f\u00fcr Temperatur und Luftfeuchtigkeit TempSir GT3 Multi - Sysmatec\" \/>\n<meta property=\"og:description\" content=\"Wiederverwenbarer Feuchtelogger mit 4G- oder 2G-Kommunikation. Die Daten werden in einer Cloud aufgezeichnet und k\u00f6nnen \u00fcber einen Internetbrowser abgerufen werden.\" \/>\n<meta property=\"og:url\" content=\"https:\/\/sysmatec.ch\/de\/Produkt\/gsm-datenlogger-fuer-temperatur-und-luftfeuchtigkeit-tempsir-gt3-multi\/\" \/>\n<meta property=\"og:site_name\" content=\"Sysmatec\" \/>\n<meta property=\"article:modified_time\" content=\"2024-03-09T13:54:32+00:00\" \/>\n<meta property=\"og:image\" content=\"https:\/\/sysmatec.ch\/wp-content\/uploads\/2024\/03\/EnregistreurHumidity_EtomatoesG3.jpg\" \/>\n\t<meta property=\"og:image:width\" content=\"377\" \/>\n\t<meta property=\"og:image:height\" content=\"563\" \/>\n\t<meta property=\"og:image:type\" content=\"image\/jpeg\" \/>\n<meta name=\"twitter:card\" content=\"summary_large_image\" \/>\n<meta name=\"twitter:label1\" content=\"Gesch\u00e4tzte Lesezeit\" \/>\n\t<meta name=\"twitter:data1\" content=\"2\u00a0Minuten\" \/>\n<script type=\"application\/ld+json\" class=\"yoast-schema-graph\">{\"@context\":\"https:\\\/\\\/schema.org\",\"@graph\":[{\"@type\":\"WebPage\",\"@id\":\"https:\\\/\\\/sysmatec.ch\\\/de\\\/Produkt\\\/gsm-datenlogger-fuer-temperatur-und-luftfeuchtigkeit-tempsir-gt3-multi\\\/\",\"url\":\"https:\\\/\\\/sysmatec.ch\\\/de\\\/Produkt\\\/gsm-datenlogger-fuer-temperatur-und-luftfeuchtigkeit-tempsir-gt3-multi\\\/\",\"name\":\"GSM-Datenlogger f\u00fcr Temperatur und Luftfeuchtigkeit TempSir GT3 Multi - Sysmatec\",\"isPartOf\":{\"@id\":\"https:\\\/\\\/sysmatec.ch\\\/de\\\/#website\"},\"primaryImageOfPage\":{\"@id\":\"https:\\\/\\\/sysmatec.ch\\\/de\\\/Produkt\\\/gsm-datenlogger-fuer-temperatur-und-luftfeuchtigkeit-tempsir-gt3-multi\\\/#primaryimage\"},\"image\":{\"@id\":\"https:\\\/\\\/sysmatec.ch\\\/de\\\/Produkt\\\/gsm-datenlogger-fuer-temperatur-und-luftfeuchtigkeit-tempsir-gt3-multi\\\/#primaryimage\"},\"thumbnailUrl\":\"https:\\\/\\\/sysmatec.ch\\\/wp-content\\\/uploads\\\/2024\\\/03\\\/EnregistreurHumidity_EtomatoesG3.jpg\",\"datePublished\":\"2024-03-09T13:47:05+00:00\",\"dateModified\":\"2024-03-09T13:54:32+00:00\",\"description\":\"Wiederverwenbarer Feuchtelogger mit 4G- oder 2G-Kommunikation. Die Daten werden in einer Cloud aufgezeichnet und k\u00f6nnen \u00fcber einen Internetbrowser abgerufen werden.\",\"breadcrumb\":{\"@id\":\"https:\\\/\\\/sysmatec.ch\\\/de\\\/Produkt\\\/gsm-datenlogger-fuer-temperatur-und-luftfeuchtigkeit-tempsir-gt3-multi\\\/#breadcrumb\"},\"inLanguage\":\"de\",\"potentialAction\":[{\"@type\":\"ReadAction\",\"target\":[\"https:\\\/\\\/sysmatec.ch\\\/de\\\/Produkt\\\/gsm-datenlogger-fuer-temperatur-und-luftfeuchtigkeit-tempsir-gt3-multi\\\/\"]}]},{\"@type\":\"ImageObject\",\"inLanguage\":\"de\",\"@id\":\"https:\\\/\\\/sysmatec.ch\\\/de\\\/Produkt\\\/gsm-datenlogger-fuer-temperatur-und-luftfeuchtigkeit-tempsir-gt3-multi\\\/#primaryimage\",\"url\":\"https:\\\/\\\/sysmatec.ch\\\/wp-content\\\/uploads\\\/2024\\\/03\\\/EnregistreurHumidity_EtomatoesG3.jpg\",\"contentUrl\":\"https:\\\/\\\/sysmatec.ch\\\/wp-content\\\/uploads\\\/2024\\\/03\\\/EnregistreurHumidity_EtomatoesG3.jpg\",\"width\":377,\"height\":563},{\"@type\":\"BreadcrumbList\",\"@id\":\"https:\\\/\\\/sysmatec.ch\\\/de\\\/Produkt\\\/gsm-datenlogger-fuer-temperatur-und-luftfeuchtigkeit-tempsir-gt3-multi\\\/#breadcrumb\",\"itemListElement\":[{\"@type\":\"ListItem\",\"position\":1,\"name\":\"Accueil\",\"item\":\"https:\\\/\\\/sysmatec.ch\\\/de\\\/\"},{\"@type\":\"ListItem\",\"position\":2,\"name\":\"Die Aktivit\u00e4t von Sysmatec\",\"item\":\"https:\\\/\\\/sysmatec.ch\\\/de\\\/\"},{\"@type\":\"ListItem\",\"position\":3,\"name\":\"GSM-Datenlogger f\u00fcr Temperatur und Luftfeuchtigkeit TempSir GT3 Multi\"}]},{\"@type\":\"WebSite\",\"@id\":\"https:\\\/\\\/sysmatec.ch\\\/de\\\/#website\",\"url\":\"https:\\\/\\\/sysmatec.ch\\\/de\\\/\",\"name\":\"Sysmatec\",\"description\":\"Equipement de laboratoire et logiciels\",\"publisher\":{\"@id\":\"https:\\\/\\\/sysmatec.ch\\\/de\\\/#organization\"},\"potentialAction\":[{\"@type\":\"SearchAction\",\"target\":{\"@type\":\"EntryPoint\",\"urlTemplate\":\"https:\\\/\\\/sysmatec.ch\\\/de\\\/?s={search_term_string}\"},\"query-input\":{\"@type\":\"PropertyValueSpecification\",\"valueRequired\":true,\"valueName\":\"search_term_string\"}}],\"inLanguage\":\"de\"},{\"@type\":\"Organization\",\"@id\":\"https:\\\/\\\/sysmatec.ch\\\/de\\\/#organization\",\"name\":\"Sysmatec\",\"url\":\"https:\\\/\\\/sysmatec.ch\\\/de\\\/\",\"logo\":{\"@type\":\"ImageObject\",\"inLanguage\":\"de\",\"@id\":\"https:\\\/\\\/sysmatec.ch\\\/de\\\/#\\\/schema\\\/logo\\\/image\\\/\",\"url\":\"https:\\\/\\\/sysmatec.ch\\\/wp-content\\\/uploads\\\/2018\\\/11\\\/LogoSysmatec.jpg\",\"contentUrl\":\"https:\\\/\\\/sysmatec.ch\\\/wp-content\\\/uploads\\\/2018\\\/11\\\/LogoSysmatec.jpg\",\"width\":301,\"height\":297,\"caption\":\"Sysmatec\"},\"image\":{\"@id\":\"https:\\\/\\\/sysmatec.ch\\\/de\\\/#\\\/schema\\\/logo\\\/image\\\/\"}}]}<\/script>\n<!-- \/ Yoast SEO plugin. -->","yoast_head_json":{"title":"GSM-Datenlogger f\u00fcr Temperatur und Luftfeuchtigkeit TempSir GT3 Multi - Sysmatec","description":"Wiederverwenbarer Feuchtelogger mit 4G- oder 2G-Kommunikation. Die Daten werden in einer Cloud aufgezeichnet und k\u00f6nnen \u00fcber einen Internetbrowser abgerufen werden.","robots":{"index":"index","follow":"follow","max-snippet":"max-snippet:-1","max-image-preview":"max-image-preview:large","max-video-preview":"max-video-preview:-1"},"canonical":"https:\/\/sysmatec.ch\/de\/Produkt\/gsm-datenlogger-fuer-temperatur-und-luftfeuchtigkeit-tempsir-gt3-multi\/","og_locale":"de_DE","og_type":"article","og_title":"GSM-Datenlogger f\u00fcr Temperatur und Luftfeuchtigkeit TempSir GT3 Multi - Sysmatec","og_description":"Wiederverwenbarer Feuchtelogger mit 4G- oder 2G-Kommunikation. Die Daten werden in einer Cloud aufgezeichnet und k\u00f6nnen \u00fcber einen Internetbrowser abgerufen werden.","og_url":"https:\/\/sysmatec.ch\/de\/Produkt\/gsm-datenlogger-fuer-temperatur-und-luftfeuchtigkeit-tempsir-gt3-multi\/","og_site_name":"Sysmatec","article_modified_time":"2024-03-09T13:54:32+00:00","og_image":[{"width":377,"height":563,"url":"https:\/\/sysmatec.ch\/wp-content\/uploads\/2024\/03\/EnregistreurHumidity_EtomatoesG3.jpg","type":"image\/jpeg"}],"twitter_card":"summary_large_image","twitter_misc":{"Gesch\u00e4tzte Lesezeit":"2\u00a0Minuten"},"schema":{"@context":"https:\/\/schema.org","@graph":[{"@type":"WebPage","@id":"https:\/\/sysmatec.ch\/de\/Produkt\/gsm-datenlogger-fuer-temperatur-und-luftfeuchtigkeit-tempsir-gt3-multi\/","url":"https:\/\/sysmatec.ch\/de\/Produkt\/gsm-datenlogger-fuer-temperatur-und-luftfeuchtigkeit-tempsir-gt3-multi\/","name":"GSM-Datenlogger f\u00fcr Temperatur und Luftfeuchtigkeit TempSir GT3 Multi - Sysmatec","isPartOf":{"@id":"https:\/\/sysmatec.ch\/de\/#website"},"primaryImageOfPage":{"@id":"https:\/\/sysmatec.ch\/de\/Produkt\/gsm-datenlogger-fuer-temperatur-und-luftfeuchtigkeit-tempsir-gt3-multi\/#primaryimage"},"image":{"@id":"https:\/\/sysmatec.ch\/de\/Produkt\/gsm-datenlogger-fuer-temperatur-und-luftfeuchtigkeit-tempsir-gt3-multi\/#primaryimage"},"thumbnailUrl":"https:\/\/sysmatec.ch\/wp-content\/uploads\/2024\/03\/EnregistreurHumidity_EtomatoesG3.jpg","datePublished":"2024-03-09T13:47:05+00:00","dateModified":"2024-03-09T13:54:32+00:00","description":"Wiederverwenbarer Feuchtelogger mit 4G- oder 2G-Kommunikation. Die Daten werden in einer Cloud aufgezeichnet und k\u00f6nnen \u00fcber einen Internetbrowser abgerufen werden.","breadcrumb":{"@id":"https:\/\/sysmatec.ch\/de\/Produkt\/gsm-datenlogger-fuer-temperatur-und-luftfeuchtigkeit-tempsir-gt3-multi\/#breadcrumb"},"inLanguage":"de","potentialAction":[{"@type":"ReadAction","target":["https:\/\/sysmatec.ch\/de\/Produkt\/gsm-datenlogger-fuer-temperatur-und-luftfeuchtigkeit-tempsir-gt3-multi\/"]}]},{"@type":"ImageObject","inLanguage":"de","@id":"https:\/\/sysmatec.ch\/de\/Produkt\/gsm-datenlogger-fuer-temperatur-und-luftfeuchtigkeit-tempsir-gt3-multi\/#primaryimage","url":"https:\/\/sysmatec.ch\/wp-content\/uploads\/2024\/03\/EnregistreurHumidity_EtomatoesG3.jpg","contentUrl":"https:\/\/sysmatec.ch\/wp-content\/uploads\/2024\/03\/EnregistreurHumidity_EtomatoesG3.jpg","width":377,"height":563},{"@type":"BreadcrumbList","@id":"https:\/\/sysmatec.ch\/de\/Produkt\/gsm-datenlogger-fuer-temperatur-und-luftfeuchtigkeit-tempsir-gt3-multi\/#breadcrumb","itemListElement":[{"@type":"ListItem","position":1,"name":"Accueil","item":"https:\/\/sysmatec.ch\/de\/"},{"@type":"ListItem","position":2,"name":"Die Aktivit\u00e4t von Sysmatec","item":"https:\/\/sysmatec.ch\/de\/"},{"@type":"ListItem","position":3,"name":"GSM-Datenlogger f\u00fcr Temperatur und Luftfeuchtigkeit TempSir GT3 Multi"}]},{"@type":"WebSite","@id":"https:\/\/sysmatec.ch\/de\/#website","url":"https:\/\/sysmatec.ch\/de\/","name":"Sysmatec","description":"Equipement de laboratoire et logiciels","publisher":{"@id":"https:\/\/sysmatec.ch\/de\/#organization"},"potentialAction":[{"@type":"SearchAction","target":{"@type":"EntryPoint","urlTemplate":"https:\/\/sysmatec.ch\/de\/?s={search_term_string}"},"query-input":{"@type":"PropertyValueSpecification","valueRequired":true,"valueName":"search_term_string"}}],"inLanguage":"de"},{"@type":"Organization","@id":"https:\/\/sysmatec.ch\/de\/#organization","name":"Sysmatec","url":"https:\/\/sysmatec.ch\/de\/","logo":{"@type":"ImageObject","inLanguage":"de","@id":"https:\/\/sysmatec.ch\/de\/#\/schema\/logo\/image\/","url":"https:\/\/sysmatec.ch\/wp-content\/uploads\/2018\/11\/LogoSysmatec.jpg","contentUrl":"https:\/\/sysmatec.ch\/wp-content\/uploads\/2018\/11\/LogoSysmatec.jpg","width":301,"height":297,"caption":"Sysmatec"},"image":{"@id":"https:\/\/sysmatec.ch\/de\/#\/schema\/logo\/image\/"}}]}},"_links":{"self":[{"href":"https:\/\/sysmatec.ch\/de\/wp-json\/wp\/v2\/product\/29121","targetHints":{"allow":["GET"]}}],"collection":[{"href":"https:\/\/sysmatec.ch\/de\/wp-json\/wp\/v2\/product"}],"about":[{"href":"https:\/\/sysmatec.ch\/de\/wp-json\/wp\/v2\/types\/product"}],"wp:featuredmedia":[{"embeddable":true,"href":"https:\/\/sysmatec.ch\/de\/wp-json\/wp\/v2\/media\/29112"}],"wp:attachment":[{"href":"https:\/\/sysmatec.ch\/de\/wp-json\/wp\/v2\/media?parent=29121"}],"wp:term":[{"taxonomy":"product_brand","embeddable":true,"href":"https:\/\/sysmatec.ch\/de\/wp-json\/wp\/v2\/product_brand?post=29121"},{"taxonomy":"product_cat","embeddable":true,"href":"https:\/\/sysmatec.ch\/de\/wp-json\/wp\/v2\/product_cat?post=29121"},{"taxonomy":"product_tag","embeddable":true,"href":"https:\/\/sysmatec.ch\/de\/wp-json\/wp\/v2\/product_tag?post=29121"}],"curies":[{"name":"wp","href":"https:\/\/api.w.org\/{rel}","templated":true}]}}