{"id":2908,"date":"2019-02-14T20:58:11","date_gmt":"2019-02-14T19:58:11","guid":{"rendered":"https:\/\/sysmatec.ch\/produit\/balance-industrielle-kern-fkb-a\/"},"modified":"2022-03-01T08:22:31","modified_gmt":"2022-03-01T07:22:31","slug":"industrie-waage-kern-fkb-a","status":"publish","type":"product","link":"https:\/\/sysmatec.ch\/de\/Produkt\/industrie-waage-kern-fkb-a\/","title":{"rendered":"Industrie-Waage KERN FKB-A"},"content":{"rendered":"<ul>\n<li>Waage mit PRE-TARE-Funktion f\u00fcr manuellen Vorabzug eines bekannten Beh\u00e4ltergewichts, n\u00fctzlich bei F\u00fcllmengenkontrollen<\/li>\n<li>Besonders praktisch: dank gro\u00dfer W\u00e4gebereiche und kompakter Abmessungen k\u00f6nnen auch auf engstem Raum schwere Lasten hochpr\u00e4zise gewogen werden. N\u00fctzlich bei der Ermittlung von kleinsten Gewichtsunterschieden wie z. B. verbrauchtes Gas, Abrieb bei mechanischen Teilen etc.<\/li>\n<li>Frei programmierbare W\u00e4geeinheit, z. B. Anzeige direkt in Drahtl\u00e4nge g\/m, Fl\u00e4chengewicht g\/m2 o. \u00e4.<\/li>\n<li>Netzadapter 220 V \/ 9 V inklusiv<\/li>\n<li>Serielle Schnittstelle: RS232<\/li>\n<li>Datentransfert an PC oder Drucker wie:\n<ul>\n<li>KERN YKT-01<\/li>\n<li>KERN YKB-01<\/li>\n<li>KERN YKL-01<\/li>\n<\/ul>\n<\/li>\n<li>Edelstahl W\u00e4geplatte<\/li>\n<li>Abmessung (BxTxH): 350 x 390 x 120 mm<\/li>\n<\/ul>\n<table border=\"1\" width=\"635\" cellspacing=\"0\" cellpadding=\"2\">\n<tbody>\n<tr>\n<td>Waage Modell<\/td>\n<td width=\"10%\">Ablesbarkeit<\/td>\n<td width=\"10%\">W\u00e4gebereich<\/td>\n<td width=\"10%\">Reproduzierbarkeit<\/td>\n<td width=\"10%\">Linearit\u00e4t<\/td>\n<td width=\"10%\">W\u00e4geplatte<\/td>\n<\/tr>\n<tr>\n<td><\/td>\n<td width=\"10%\">g<\/td>\n<td width=\"10%\">kg<\/td>\n<td width=\"10%\">g<\/td>\n<td width=\"10%\">g<\/td>\n<td width=\"10%\">mm<\/td>\n<\/tr>\n<tr>\n<td>FKB 8K0.1A<\/td>\n<td width=\"10%\">0.1<\/td>\n<td width=\"10%\">8<\/td>\n<td width=\"10%\">0.1<\/td>\n<td width=\"10%\">\u00b10.3<\/td>\n<td width=\"10%\">340&#215;240<\/td>\n<\/tr>\n<tr>\n<td>FKB 15K0.5A<\/td>\n<td width=\"10%\">0.5<\/td>\n<td width=\"10%\">15<\/td>\n<td width=\"10%\">0.5<\/td>\n<td width=\"10%\">\u00b11.5<\/td>\n<td width=\"10%\">340&#215;240<\/td>\n<\/tr>\n<tr>\n<td>FKB 15K1A<\/td>\n<td width=\"10%\">1<\/td>\n<td width=\"10%\">15<\/td>\n<td width=\"10%\">1<\/td>\n<td width=\"10%\">\u00b12<\/td>\n<td width=\"10%\">340&#215;240<\/td>\n<\/tr>\n<tr>\n<td>FKB 30K1A<\/td>\n<td width=\"10%\">1<\/td>\n<td width=\"10%\">30<\/td>\n<td width=\"10%\">1<\/td>\n<td width=\"10%\">\u00b13<\/td>\n<td width=\"10%\">340&#215;240<\/td>\n<\/tr>\n<tr>\n<td>FKB 60K1A<\/td>\n<td width=\"10%\">1<\/td>\n<td width=\"10%\">65<\/td>\n<td width=\"10%\">1<\/td>\n<td width=\"10%\">\u00b13<\/td>\n<td width=\"10%\">340&#215;240<\/td>\n<\/tr>\n<\/tbody>\n<\/table>\n","protected":false},"excerpt":{"rendered":"<p>Industrie-Waage 0-8 kg bis 0-65 kg<\/p>\n","protected":false},"featured_media":22972,"template":"","meta":{"_crdt_document":""},"product_brand":[],"product_cat":[165,341],"product_tag":[],"class_list":{"0":"post-2908","1":"product","2":"type-product","3":"status-publish","4":"has-post-thumbnail","6":"product_cat-gewicht","7":"product_cat-industriell","9":"first","10":"instock","11":"taxable","12":"shipping-taxable","13":"purchasable","14":"product-type-variable"},"yoast_head":"<!-- This site is optimized with the Yoast SEO plugin v27.3 - https:\/\/yoast.com\/product\/yoast-seo-wordpress\/ -->\n<title>Industrie-Waage KERN FKB-A - Sysmatec<\/title>\n<meta name=\"description\" content=\"Einfache und robuste Industriewaage mit gro\u00dfer Plattform. Messbereich von 0-8 kg bis 0-65 kg.\" \/>\n<meta name=\"robots\" content=\"index, follow, max-snippet:-1, max-image-preview:large, max-video-preview:-1\" \/>\n<link rel=\"canonical\" href=\"https:\/\/sysmatec.ch\/de\/produit\/industrie-waage-kern-fkb-a\/\" \/>\n<meta property=\"og:locale\" content=\"de_DE\" \/>\n<meta property=\"og:type\" content=\"article\" \/>\n<meta property=\"og:title\" content=\"Industrie-Waage KERN FKB-A - Sysmatec\" \/>\n<meta property=\"og:description\" content=\"Einfache und robuste Industriewaage mit gro\u00dfer Plattform. Messbereich von 0-8 kg bis 0-65 kg.\" \/>\n<meta property=\"og:url\" content=\"https:\/\/sysmatec.ch\/de\/produit\/industrie-waage-kern-fkb-a\/\" \/>\n<meta property=\"og:site_name\" content=\"Sysmatec\" \/>\n<meta property=\"article:modified_time\" content=\"2022-03-01T07:22:31+00:00\" \/>\n<meta property=\"og:image\" content=\"https:\/\/sysmatec.ch\/wp-content\/uploads\/2019\/02\/Balance_FKB-8K0.1A-scaled.jpg\" \/>\n\t<meta property=\"og:image:width\" content=\"2560\" \/>\n\t<meta property=\"og:image:height\" content=\"2108\" \/>\n\t<meta property=\"og:image:type\" content=\"image\/jpeg\" \/>\n<meta name=\"twitter:card\" content=\"summary_large_image\" \/>\n<meta name=\"twitter:label1\" content=\"Gesch\u00e4tzte Lesezeit\" \/>\n\t<meta name=\"twitter:data1\" content=\"1\u00a0Minute\" \/>\n<script type=\"application\/ld+json\" class=\"yoast-schema-graph\">{\"@context\":\"https:\\\/\\\/schema.org\",\"@graph\":[{\"@type\":\"WebPage\",\"@id\":\"https:\\\/\\\/sysmatec.ch\\\/de\\\/produit\\\/industrie-waage-kern-fkb-a\\\/\",\"url\":\"https:\\\/\\\/sysmatec.ch\\\/de\\\/produit\\\/industrie-waage-kern-fkb-a\\\/\",\"name\":\"Industrie-Waage KERN FKB-A - Sysmatec\",\"isPartOf\":{\"@id\":\"https:\\\/\\\/sysmatec.ch\\\/de\\\/#website\"},\"primaryImageOfPage\":{\"@id\":\"https:\\\/\\\/sysmatec.ch\\\/de\\\/produit\\\/industrie-waage-kern-fkb-a\\\/#primaryimage\"},\"image\":{\"@id\":\"https:\\\/\\\/sysmatec.ch\\\/de\\\/produit\\\/industrie-waage-kern-fkb-a\\\/#primaryimage\"},\"thumbnailUrl\":\"https:\\\/\\\/sysmatec.ch\\\/wp-content\\\/uploads\\\/2019\\\/02\\\/Balance_FKB-8K0.1A-scaled.jpg\",\"datePublished\":\"2019-02-14T19:58:11+00:00\",\"dateModified\":\"2022-03-01T07:22:31+00:00\",\"description\":\"Einfache und robuste Industriewaage mit gro\u00dfer Plattform. Messbereich von 0-8 kg bis 0-65 kg.\",\"breadcrumb\":{\"@id\":\"https:\\\/\\\/sysmatec.ch\\\/de\\\/produit\\\/industrie-waage-kern-fkb-a\\\/#breadcrumb\"},\"inLanguage\":\"de\",\"potentialAction\":[{\"@type\":\"ReadAction\",\"target\":[\"https:\\\/\\\/sysmatec.ch\\\/de\\\/produit\\\/industrie-waage-kern-fkb-a\\\/\"]}]},{\"@type\":\"ImageObject\",\"inLanguage\":\"de\",\"@id\":\"https:\\\/\\\/sysmatec.ch\\\/de\\\/produit\\\/industrie-waage-kern-fkb-a\\\/#primaryimage\",\"url\":\"https:\\\/\\\/sysmatec.ch\\\/wp-content\\\/uploads\\\/2019\\\/02\\\/Balance_FKB-8K0.1A-scaled.jpg\",\"contentUrl\":\"https:\\\/\\\/sysmatec.ch\\\/wp-content\\\/uploads\\\/2019\\\/02\\\/Balance_FKB-8K0.1A-scaled.jpg\",\"width\":2560,\"height\":2108,\"caption\":\"OLYMPUS DIGITAL CAMERA\"},{\"@type\":\"BreadcrumbList\",\"@id\":\"https:\\\/\\\/sysmatec.ch\\\/de\\\/produit\\\/industrie-waage-kern-fkb-a\\\/#breadcrumb\",\"itemListElement\":[{\"@type\":\"ListItem\",\"position\":1,\"name\":\"Accueil\",\"item\":\"https:\\\/\\\/sysmatec.ch\\\/de\\\/\"},{\"@type\":\"ListItem\",\"position\":2,\"name\":\"Die Aktivit\u00e4t von Sysmatec\",\"item\":\"https:\\\/\\\/sysmatec.ch\\\/de\\\/\"},{\"@type\":\"ListItem\",\"position\":3,\"name\":\"Industrie-Waage KERN FKB-A\"}]},{\"@type\":\"WebSite\",\"@id\":\"https:\\\/\\\/sysmatec.ch\\\/de\\\/#website\",\"url\":\"https:\\\/\\\/sysmatec.ch\\\/de\\\/\",\"name\":\"Sysmatec\",\"description\":\"Equipement de laboratoire et logiciels\",\"publisher\":{\"@id\":\"https:\\\/\\\/sysmatec.ch\\\/de\\\/#organization\"},\"potentialAction\":[{\"@type\":\"SearchAction\",\"target\":{\"@type\":\"EntryPoint\",\"urlTemplate\":\"https:\\\/\\\/sysmatec.ch\\\/de\\\/?s={search_term_string}\"},\"query-input\":{\"@type\":\"PropertyValueSpecification\",\"valueRequired\":true,\"valueName\":\"search_term_string\"}}],\"inLanguage\":\"de\"},{\"@type\":\"Organization\",\"@id\":\"https:\\\/\\\/sysmatec.ch\\\/de\\\/#organization\",\"name\":\"Sysmatec\",\"url\":\"https:\\\/\\\/sysmatec.ch\\\/de\\\/\",\"logo\":{\"@type\":\"ImageObject\",\"inLanguage\":\"de\",\"@id\":\"https:\\\/\\\/sysmatec.ch\\\/de\\\/#\\\/schema\\\/logo\\\/image\\\/\",\"url\":\"https:\\\/\\\/sysmatec.ch\\\/wp-content\\\/uploads\\\/2018\\\/11\\\/LogoSysmatec.jpg\",\"contentUrl\":\"https:\\\/\\\/sysmatec.ch\\\/wp-content\\\/uploads\\\/2018\\\/11\\\/LogoSysmatec.jpg\",\"width\":301,\"height\":297,\"caption\":\"Sysmatec\"},\"image\":{\"@id\":\"https:\\\/\\\/sysmatec.ch\\\/de\\\/#\\\/schema\\\/logo\\\/image\\\/\"}}]}<\/script>\n<!-- \/ Yoast SEO plugin. -->","yoast_head_json":{"title":"Industrie-Waage KERN FKB-A - Sysmatec","description":"Einfache und robuste Industriewaage mit gro\u00dfer Plattform. Messbereich von 0-8 kg bis 0-65 kg.","robots":{"index":"index","follow":"follow","max-snippet":"max-snippet:-1","max-image-preview":"max-image-preview:large","max-video-preview":"max-video-preview:-1"},"canonical":"https:\/\/sysmatec.ch\/de\/produit\/industrie-waage-kern-fkb-a\/","og_locale":"de_DE","og_type":"article","og_title":"Industrie-Waage KERN FKB-A - Sysmatec","og_description":"Einfache und robuste Industriewaage mit gro\u00dfer Plattform. Messbereich von 0-8 kg bis 0-65 kg.","og_url":"https:\/\/sysmatec.ch\/de\/produit\/industrie-waage-kern-fkb-a\/","og_site_name":"Sysmatec","article_modified_time":"2022-03-01T07:22:31+00:00","og_image":[{"width":2560,"height":2108,"url":"https:\/\/sysmatec.ch\/wp-content\/uploads\/2019\/02\/Balance_FKB-8K0.1A-scaled.jpg","type":"image\/jpeg"}],"twitter_card":"summary_large_image","twitter_misc":{"Gesch\u00e4tzte Lesezeit":"1\u00a0Minute"},"schema":{"@context":"https:\/\/schema.org","@graph":[{"@type":"WebPage","@id":"https:\/\/sysmatec.ch\/de\/produit\/industrie-waage-kern-fkb-a\/","url":"https:\/\/sysmatec.ch\/de\/produit\/industrie-waage-kern-fkb-a\/","name":"Industrie-Waage KERN FKB-A - Sysmatec","isPartOf":{"@id":"https:\/\/sysmatec.ch\/de\/#website"},"primaryImageOfPage":{"@id":"https:\/\/sysmatec.ch\/de\/produit\/industrie-waage-kern-fkb-a\/#primaryimage"},"image":{"@id":"https:\/\/sysmatec.ch\/de\/produit\/industrie-waage-kern-fkb-a\/#primaryimage"},"thumbnailUrl":"https:\/\/sysmatec.ch\/wp-content\/uploads\/2019\/02\/Balance_FKB-8K0.1A-scaled.jpg","datePublished":"2019-02-14T19:58:11+00:00","dateModified":"2022-03-01T07:22:31+00:00","description":"Einfache und robuste Industriewaage mit gro\u00dfer Plattform. Messbereich von 0-8 kg bis 0-65 kg.","breadcrumb":{"@id":"https:\/\/sysmatec.ch\/de\/produit\/industrie-waage-kern-fkb-a\/#breadcrumb"},"inLanguage":"de","potentialAction":[{"@type":"ReadAction","target":["https:\/\/sysmatec.ch\/de\/produit\/industrie-waage-kern-fkb-a\/"]}]},{"@type":"ImageObject","inLanguage":"de","@id":"https:\/\/sysmatec.ch\/de\/produit\/industrie-waage-kern-fkb-a\/#primaryimage","url":"https:\/\/sysmatec.ch\/wp-content\/uploads\/2019\/02\/Balance_FKB-8K0.1A-scaled.jpg","contentUrl":"https:\/\/sysmatec.ch\/wp-content\/uploads\/2019\/02\/Balance_FKB-8K0.1A-scaled.jpg","width":2560,"height":2108,"caption":"OLYMPUS DIGITAL CAMERA"},{"@type":"BreadcrumbList","@id":"https:\/\/sysmatec.ch\/de\/produit\/industrie-waage-kern-fkb-a\/#breadcrumb","itemListElement":[{"@type":"ListItem","position":1,"name":"Accueil","item":"https:\/\/sysmatec.ch\/de\/"},{"@type":"ListItem","position":2,"name":"Die Aktivit\u00e4t von Sysmatec","item":"https:\/\/sysmatec.ch\/de\/"},{"@type":"ListItem","position":3,"name":"Industrie-Waage KERN FKB-A"}]},{"@type":"WebSite","@id":"https:\/\/sysmatec.ch\/de\/#website","url":"https:\/\/sysmatec.ch\/de\/","name":"Sysmatec","description":"Equipement de laboratoire et logiciels","publisher":{"@id":"https:\/\/sysmatec.ch\/de\/#organization"},"potentialAction":[{"@type":"SearchAction","target":{"@type":"EntryPoint","urlTemplate":"https:\/\/sysmatec.ch\/de\/?s={search_term_string}"},"query-input":{"@type":"PropertyValueSpecification","valueRequired":true,"valueName":"search_term_string"}}],"inLanguage":"de"},{"@type":"Organization","@id":"https:\/\/sysmatec.ch\/de\/#organization","name":"Sysmatec","url":"https:\/\/sysmatec.ch\/de\/","logo":{"@type":"ImageObject","inLanguage":"de","@id":"https:\/\/sysmatec.ch\/de\/#\/schema\/logo\/image\/","url":"https:\/\/sysmatec.ch\/wp-content\/uploads\/2018\/11\/LogoSysmatec.jpg","contentUrl":"https:\/\/sysmatec.ch\/wp-content\/uploads\/2018\/11\/LogoSysmatec.jpg","width":301,"height":297,"caption":"Sysmatec"},"image":{"@id":"https:\/\/sysmatec.ch\/de\/#\/schema\/logo\/image\/"}}]}},"_links":{"self":[{"href":"https:\/\/sysmatec.ch\/de\/wp-json\/wp\/v2\/product\/2908","targetHints":{"allow":["GET"]}}],"collection":[{"href":"https:\/\/sysmatec.ch\/de\/wp-json\/wp\/v2\/product"}],"about":[{"href":"https:\/\/sysmatec.ch\/de\/wp-json\/wp\/v2\/types\/product"}],"wp:featuredmedia":[{"embeddable":true,"href":"https:\/\/sysmatec.ch\/de\/wp-json\/wp\/v2\/media\/22972"}],"wp:attachment":[{"href":"https:\/\/sysmatec.ch\/de\/wp-json\/wp\/v2\/media?parent=2908"}],"wp:term":[{"taxonomy":"product_brand","embeddable":true,"href":"https:\/\/sysmatec.ch\/de\/wp-json\/wp\/v2\/product_brand?post=2908"},{"taxonomy":"product_cat","embeddable":true,"href":"https:\/\/sysmatec.ch\/de\/wp-json\/wp\/v2\/product_cat?post=2908"},{"taxonomy":"product_tag","embeddable":true,"href":"https:\/\/sysmatec.ch\/de\/wp-json\/wp\/v2\/product_tag?post=2908"}],"curies":[{"name":"wp","href":"https:\/\/api.w.org\/{rel}","templated":true}]}}