{"id":29063,"date":"2024-02-27T18:13:46","date_gmt":"2024-02-27T17:13:46","guid":{"rendered":"https:\/\/sysmatec.ch\/?post_type=product&#038;p=29063"},"modified":"2024-02-27T19:04:57","modified_gmt":"2024-02-27T18:04:57","slug":"drahtloser-temperaturlogger-nb-iot","status":"publish","type":"product","link":"https:\/\/sysmatec.ch\/de\/Produkt\/drahtloser-temperaturlogger-nb-iot\/","title":{"rendered":"Drahtloser Temperaturlogger NB-IOT"},"content":{"rendered":"<p>Efento NB-IoT-Sensoren \u00fcbertragen die Daten \u00fcber ein Mobilfunknetz (Narrowband IoT) und erfordern keine zus\u00e4tzlichen Ger\u00e4te (Router, Gateway usw.). Die Sensoren sind au\u00dferdem mit einer Bluetooth Low Energy-Schnittstelle ausgestattet, die eine schnelle und einfache Konfiguration mit einem Smartphone erm\u00f6glicht. Efento NB-IoT-Sensoren k\u00f6nnen in jede Cloud-Plattform integriert werden.<\/p>\n<p>Ger\u00e4te analysieren die Daten und senden sie bei Bedarf an die Cloud-Plattform. Dadurch kann die Anzahl der Mobilfunk\u00fcbertragungen verringert und die Batterielebensdauer verl\u00e4ngert werden. Es gibt verschiedene Arten von Analysen, die der Sensor durchf\u00fchren kann: vom einfachen Vergleich des Messwerts mit dem Schwellenwert bis hin zu komplexeren mathematischen Operationen.<\/p>\n<p>Alle Einstellungen der NB-IoT-Sensoren k\u00f6nnen auf sichere Weise aus der Ferne ge\u00e4ndert werden. Auf diese Weise k\u00f6nnen Sie Tausende der bereitgestellten Ger\u00e4te problemlos neu konfigurieren, unabh\u00e4ngig davon, wie weit sie entfernt sind.<\/p>\n<p>Im Internet der Dinge geht es darum, Datenquellen zu integrieren, die Daten zu analysieren und daraus Schlussfolgerungen zu ziehen. Wenn Sie Efento-Logger in Ihre Software, Cloud-Plattform oder mobile Anwendung integrieren m\u00f6chten, stellen wir Ihnen die notwendige Dokumentation, Bibliotheken, SDKs zur Verf\u00fcgung und unterst\u00fctzen Sie gerne.<\/p>\n<p>Auf Kundenwunsch kann jeder Efento-Sensor mit einem Kalibrierzertifikat gem\u00e4\u00df ISO\/IEC 17025 geliefert werden. Die Pr\u00fcfung erfolgt in einem externen, ILAC-zertifizierten Labor.<\/p>\n<h2>Technische Daten<\/h2>\n<table width=\"803\">\n<tbody>\n<tr>\n<td width=\"193\">Modell<\/td>\n<td width=\"112\">1<\/td>\n<td width=\"190\">2<\/td>\n<td width=\"168\">3<\/td>\n<td width=\"140\">4<\/td>\n<\/tr>\n<tr>\n<td>Sensortyp<\/td>\n<td>intern<\/td>\n<td>extern<\/td>\n<td>extern<\/td>\n<td>extern<\/td>\n<\/tr>\n<tr>\n<td>Temperaturbereich (\u00b0C)<\/td>\n<td>-15 bis 70<\/td>\n<td>-55 bis +125<\/td>\n<td>-200 bis +200<\/td>\n<td>-70 bis +450<\/td>\n<\/tr>\n<tr>\n<td>Temperaturgenauigkeit (\u00b0C)<\/td>\n<td>0.4<\/td>\n<td>0,5 im Bereich -10\u00b0C bis +85\u00b0C und bis zu 2 au\u00dferhalb<\/td>\n<td>0.5 bei 200 \u00b0C, 1.3 bei-200 \u00b0C<\/td>\n<td>0.3 bei 0\u00b0C, 1.8 bei 300 \u00b0C<\/td>\n<\/tr>\n<tr>\n<td>Temperaturaufl\u00f6sung(\u00b0C)<\/td>\n<td colspan=\"4\">0.1<\/td>\n<\/tr>\n<tr>\n<td>Drift<\/td>\n<td colspan=\"4\">0.1 \u00b0C\/Jahr<\/td>\n<\/tr>\n<tr>\n<td>Messintervall<\/td>\n<td colspan=\"4\">1 Minute bis 10 Tage, konfigurierbar<\/td>\n<\/tr>\n<tr>\n<td>Speicher<\/td>\n<td colspan=\"4\">40 000 Werte<\/td>\n<\/tr>\n<tr>\n<td>NB.IOT<\/td>\n<td colspan=\"4\">B8 und B20, an Anfrage: B1\/B2\/B3\/B4\/B5\/B8\/B12\/B13\/B17\/B18\/B19\/B20\/B25\/B26\/B28\/B66, 3GPP: Release 13, Leistung: 23 dBm \u00b12 dB<\/td>\n<\/tr>\n<tr>\n<td>Bluetooth LE<\/td>\n<td colspan=\"4\">Frequenz des Funkmoduls: 2,4 GHz, Reichweite: bis zu 100 m (LOS), Leistung: 2,5 mW (4 dBm), \u00dcbertragungsdauer: 1 s<\/td>\n<\/tr>\n<tr>\n<td>Kommunikation<\/td>\n<td colspan=\"4\">Protokoll: CoAP; \u00dcbertragungsintervall: 5 Minuten \u2013 10 Tage, konfigurierbar<\/td>\n<\/tr>\n<tr>\n<td>Software-Aktualisierung<\/td>\n<td colspan=\"4\">Over the Air (mit Delta-Mechanismus); \u00dcber Bluetooth Low Energy<\/td>\n<\/tr>\n<tr>\n<td>Stromspeisung<\/td>\n<td colspan=\"4\" width=\"610\">Packung mit 3 x AA, 6300 mAh (austauschbar), Batteriebetriebsdauer: bis zu 5 Jahre, USB 5V mit 1000 mAh wiederaufladbar<br \/>\nBatterie<\/td>\n<\/tr>\n<tr>\n<td>Dimension<\/td>\n<td>124x60x26 mm<\/td>\n<td>20x45x85 mm<\/td>\n<td>124x60x26 mm<\/td>\n<td>124x60x26 mm<\/td>\n<\/tr>\n<tr>\n<td>Gewicht<\/td>\n<td>0.13 kg<\/td>\n<td>0.08<\/td>\n<td>0.14<\/td>\n<td>0.14<\/td>\n<\/tr>\n<\/tbody>\n<\/table>\n","protected":false},"excerpt":{"rendered":"<p>NB-IOT Temperaturlogger mit Mobilfunkkommunikation<\/p>\n","protected":false},"featured_media":29067,"template":"","meta":{"_crdt_document":""},"product_brand":[],"product_cat":[168,173],"product_tag":[],"class_list":{"0":"post-29063","1":"product","2":"type-product","3":"status-publish","4":"has-post-thumbnail","6":"product_cat-datenlogger","7":"product_cat-temperatur","9":"first","10":"instock","11":"taxable","12":"shipping-taxable","13":"product-type-simple"},"yoast_head":"<!-- This site is optimized with the Yoast SEO plugin v27.4 - https:\/\/yoast.com\/product\/yoast-seo-wordpress\/ -->\n<title>Drahtloser Temperaturlogger NB-IOT - Sysmatec<\/title>\n<meta name=\"description\" content=\"NB-IOT-Temperaturlogger mit Mobilfunkkommunikation, NB-IoT-Band und Bluetooth LE. Interne und externe Sensoren.\" \/>\n<meta name=\"robots\" content=\"index, follow, max-snippet:-1, max-image-preview:large, max-video-preview:-1\" \/>\n<link rel=\"canonical\" href=\"https:\/\/sysmatec.ch\/de\/Produkt\/drahtloser-temperaturlogger-nb-iot\/\" \/>\n<meta property=\"og:locale\" content=\"de_DE\" \/>\n<meta property=\"og:type\" content=\"article\" \/>\n<meta property=\"og:title\" content=\"Drahtloser Temperaturlogger NB-IOT - Sysmatec\" \/>\n<meta property=\"og:description\" content=\"NB-IOT-Temperaturlogger mit Mobilfunkkommunikation, NB-IoT-Band und Bluetooth LE. Interne und externe Sensoren.\" \/>\n<meta property=\"og:url\" content=\"https:\/\/sysmatec.ch\/de\/Produkt\/drahtloser-temperaturlogger-nb-iot\/\" \/>\n<meta property=\"og:site_name\" content=\"Sysmatec\" \/>\n<meta property=\"article:modified_time\" content=\"2024-02-27T18:04:57+00:00\" \/>\n<meta property=\"og:image\" content=\"https:\/\/sysmatec.ch\/wp-content\/uploads\/2024\/02\/EnregistreurTemperature_EfentoNBIOT1.jpg\" \/>\n\t<meta property=\"og:image:width\" content=\"499\" \/>\n\t<meta property=\"og:image:height\" content=\"443\" \/>\n\t<meta property=\"og:image:type\" content=\"image\/jpeg\" \/>\n<meta name=\"twitter:card\" content=\"summary_large_image\" \/>\n<meta name=\"twitter:label1\" content=\"Gesch\u00e4tzte Lesezeit\" \/>\n\t<meta name=\"twitter:data1\" content=\"3\u00a0Minuten\" \/>\n<script type=\"application\/ld+json\" class=\"yoast-schema-graph\">{\"@context\":\"https:\\\/\\\/schema.org\",\"@graph\":[{\"@type\":\"WebPage\",\"@id\":\"https:\\\/\\\/sysmatec.ch\\\/de\\\/Produkt\\\/drahtloser-temperaturlogger-nb-iot\\\/\",\"url\":\"https:\\\/\\\/sysmatec.ch\\\/de\\\/Produkt\\\/drahtloser-temperaturlogger-nb-iot\\\/\",\"name\":\"Drahtloser Temperaturlogger NB-IOT - Sysmatec\",\"isPartOf\":{\"@id\":\"https:\\\/\\\/sysmatec.ch\\\/de\\\/#website\"},\"primaryImageOfPage\":{\"@id\":\"https:\\\/\\\/sysmatec.ch\\\/de\\\/Produkt\\\/drahtloser-temperaturlogger-nb-iot\\\/#primaryimage\"},\"image\":{\"@id\":\"https:\\\/\\\/sysmatec.ch\\\/de\\\/Produkt\\\/drahtloser-temperaturlogger-nb-iot\\\/#primaryimage\"},\"thumbnailUrl\":\"https:\\\/\\\/sysmatec.ch\\\/wp-content\\\/uploads\\\/2024\\\/02\\\/EnregistreurTemperature_EfentoNBIOT1.jpg\",\"datePublished\":\"2024-02-27T17:13:46+00:00\",\"dateModified\":\"2024-02-27T18:04:57+00:00\",\"description\":\"NB-IOT-Temperaturlogger mit Mobilfunkkommunikation, NB-IoT-Band und Bluetooth LE. Interne und externe Sensoren.\",\"breadcrumb\":{\"@id\":\"https:\\\/\\\/sysmatec.ch\\\/de\\\/Produkt\\\/drahtloser-temperaturlogger-nb-iot\\\/#breadcrumb\"},\"inLanguage\":\"de\",\"potentialAction\":[{\"@type\":\"ReadAction\",\"target\":[\"https:\\\/\\\/sysmatec.ch\\\/de\\\/Produkt\\\/drahtloser-temperaturlogger-nb-iot\\\/\"]}]},{\"@type\":\"ImageObject\",\"inLanguage\":\"de\",\"@id\":\"https:\\\/\\\/sysmatec.ch\\\/de\\\/Produkt\\\/drahtloser-temperaturlogger-nb-iot\\\/#primaryimage\",\"url\":\"https:\\\/\\\/sysmatec.ch\\\/wp-content\\\/uploads\\\/2024\\\/02\\\/EnregistreurTemperature_EfentoNBIOT1.jpg\",\"contentUrl\":\"https:\\\/\\\/sysmatec.ch\\\/wp-content\\\/uploads\\\/2024\\\/02\\\/EnregistreurTemperature_EfentoNBIOT1.jpg\",\"width\":499,\"height\":443},{\"@type\":\"BreadcrumbList\",\"@id\":\"https:\\\/\\\/sysmatec.ch\\\/de\\\/Produkt\\\/drahtloser-temperaturlogger-nb-iot\\\/#breadcrumb\",\"itemListElement\":[{\"@type\":\"ListItem\",\"position\":1,\"name\":\"Accueil\",\"item\":\"https:\\\/\\\/sysmatec.ch\\\/de\\\/\"},{\"@type\":\"ListItem\",\"position\":2,\"name\":\"Die Aktivit\u00e4t von Sysmatec\",\"item\":\"https:\\\/\\\/sysmatec.ch\\\/de\\\/\"},{\"@type\":\"ListItem\",\"position\":3,\"name\":\"Drahtloser Temperaturlogger NB-IOT\"}]},{\"@type\":\"WebSite\",\"@id\":\"https:\\\/\\\/sysmatec.ch\\\/de\\\/#website\",\"url\":\"https:\\\/\\\/sysmatec.ch\\\/de\\\/\",\"name\":\"Sysmatec\",\"description\":\"Equipement de laboratoire et logiciels\",\"publisher\":{\"@id\":\"https:\\\/\\\/sysmatec.ch\\\/de\\\/#organization\"},\"potentialAction\":[{\"@type\":\"SearchAction\",\"target\":{\"@type\":\"EntryPoint\",\"urlTemplate\":\"https:\\\/\\\/sysmatec.ch\\\/de\\\/?s={search_term_string}\"},\"query-input\":{\"@type\":\"PropertyValueSpecification\",\"valueRequired\":true,\"valueName\":\"search_term_string\"}}],\"inLanguage\":\"de\"},{\"@type\":\"Organization\",\"@id\":\"https:\\\/\\\/sysmatec.ch\\\/de\\\/#organization\",\"name\":\"Sysmatec\",\"url\":\"https:\\\/\\\/sysmatec.ch\\\/de\\\/\",\"logo\":{\"@type\":\"ImageObject\",\"inLanguage\":\"de\",\"@id\":\"https:\\\/\\\/sysmatec.ch\\\/de\\\/#\\\/schema\\\/logo\\\/image\\\/\",\"url\":\"https:\\\/\\\/sysmatec.ch\\\/wp-content\\\/uploads\\\/2018\\\/11\\\/LogoSysmatec.jpg\",\"contentUrl\":\"https:\\\/\\\/sysmatec.ch\\\/wp-content\\\/uploads\\\/2018\\\/11\\\/LogoSysmatec.jpg\",\"width\":301,\"height\":297,\"caption\":\"Sysmatec\"},\"image\":{\"@id\":\"https:\\\/\\\/sysmatec.ch\\\/de\\\/#\\\/schema\\\/logo\\\/image\\\/\"}}]}<\/script>\n<!-- \/ Yoast SEO plugin. -->","yoast_head_json":{"title":"Drahtloser Temperaturlogger NB-IOT - Sysmatec","description":"NB-IOT-Temperaturlogger mit Mobilfunkkommunikation, NB-IoT-Band und Bluetooth LE. Interne und externe Sensoren.","robots":{"index":"index","follow":"follow","max-snippet":"max-snippet:-1","max-image-preview":"max-image-preview:large","max-video-preview":"max-video-preview:-1"},"canonical":"https:\/\/sysmatec.ch\/de\/Produkt\/drahtloser-temperaturlogger-nb-iot\/","og_locale":"de_DE","og_type":"article","og_title":"Drahtloser Temperaturlogger NB-IOT - Sysmatec","og_description":"NB-IOT-Temperaturlogger mit Mobilfunkkommunikation, NB-IoT-Band und Bluetooth LE. Interne und externe Sensoren.","og_url":"https:\/\/sysmatec.ch\/de\/Produkt\/drahtloser-temperaturlogger-nb-iot\/","og_site_name":"Sysmatec","article_modified_time":"2024-02-27T18:04:57+00:00","og_image":[{"width":499,"height":443,"url":"https:\/\/sysmatec.ch\/wp-content\/uploads\/2024\/02\/EnregistreurTemperature_EfentoNBIOT1.jpg","type":"image\/jpeg"}],"twitter_card":"summary_large_image","twitter_misc":{"Gesch\u00e4tzte Lesezeit":"3\u00a0Minuten"},"schema":{"@context":"https:\/\/schema.org","@graph":[{"@type":"WebPage","@id":"https:\/\/sysmatec.ch\/de\/Produkt\/drahtloser-temperaturlogger-nb-iot\/","url":"https:\/\/sysmatec.ch\/de\/Produkt\/drahtloser-temperaturlogger-nb-iot\/","name":"Drahtloser Temperaturlogger NB-IOT - Sysmatec","isPartOf":{"@id":"https:\/\/sysmatec.ch\/de\/#website"},"primaryImageOfPage":{"@id":"https:\/\/sysmatec.ch\/de\/Produkt\/drahtloser-temperaturlogger-nb-iot\/#primaryimage"},"image":{"@id":"https:\/\/sysmatec.ch\/de\/Produkt\/drahtloser-temperaturlogger-nb-iot\/#primaryimage"},"thumbnailUrl":"https:\/\/sysmatec.ch\/wp-content\/uploads\/2024\/02\/EnregistreurTemperature_EfentoNBIOT1.jpg","datePublished":"2024-02-27T17:13:46+00:00","dateModified":"2024-02-27T18:04:57+00:00","description":"NB-IOT-Temperaturlogger mit Mobilfunkkommunikation, NB-IoT-Band und Bluetooth LE. Interne und externe Sensoren.","breadcrumb":{"@id":"https:\/\/sysmatec.ch\/de\/Produkt\/drahtloser-temperaturlogger-nb-iot\/#breadcrumb"},"inLanguage":"de","potentialAction":[{"@type":"ReadAction","target":["https:\/\/sysmatec.ch\/de\/Produkt\/drahtloser-temperaturlogger-nb-iot\/"]}]},{"@type":"ImageObject","inLanguage":"de","@id":"https:\/\/sysmatec.ch\/de\/Produkt\/drahtloser-temperaturlogger-nb-iot\/#primaryimage","url":"https:\/\/sysmatec.ch\/wp-content\/uploads\/2024\/02\/EnregistreurTemperature_EfentoNBIOT1.jpg","contentUrl":"https:\/\/sysmatec.ch\/wp-content\/uploads\/2024\/02\/EnregistreurTemperature_EfentoNBIOT1.jpg","width":499,"height":443},{"@type":"BreadcrumbList","@id":"https:\/\/sysmatec.ch\/de\/Produkt\/drahtloser-temperaturlogger-nb-iot\/#breadcrumb","itemListElement":[{"@type":"ListItem","position":1,"name":"Accueil","item":"https:\/\/sysmatec.ch\/de\/"},{"@type":"ListItem","position":2,"name":"Die Aktivit\u00e4t von Sysmatec","item":"https:\/\/sysmatec.ch\/de\/"},{"@type":"ListItem","position":3,"name":"Drahtloser Temperaturlogger NB-IOT"}]},{"@type":"WebSite","@id":"https:\/\/sysmatec.ch\/de\/#website","url":"https:\/\/sysmatec.ch\/de\/","name":"Sysmatec","description":"Equipement de laboratoire et logiciels","publisher":{"@id":"https:\/\/sysmatec.ch\/de\/#organization"},"potentialAction":[{"@type":"SearchAction","target":{"@type":"EntryPoint","urlTemplate":"https:\/\/sysmatec.ch\/de\/?s={search_term_string}"},"query-input":{"@type":"PropertyValueSpecification","valueRequired":true,"valueName":"search_term_string"}}],"inLanguage":"de"},{"@type":"Organization","@id":"https:\/\/sysmatec.ch\/de\/#organization","name":"Sysmatec","url":"https:\/\/sysmatec.ch\/de\/","logo":{"@type":"ImageObject","inLanguage":"de","@id":"https:\/\/sysmatec.ch\/de\/#\/schema\/logo\/image\/","url":"https:\/\/sysmatec.ch\/wp-content\/uploads\/2018\/11\/LogoSysmatec.jpg","contentUrl":"https:\/\/sysmatec.ch\/wp-content\/uploads\/2018\/11\/LogoSysmatec.jpg","width":301,"height":297,"caption":"Sysmatec"},"image":{"@id":"https:\/\/sysmatec.ch\/de\/#\/schema\/logo\/image\/"}}]}},"_links":{"self":[{"href":"https:\/\/sysmatec.ch\/de\/wp-json\/wp\/v2\/product\/29063","targetHints":{"allow":["GET"]}}],"collection":[{"href":"https:\/\/sysmatec.ch\/de\/wp-json\/wp\/v2\/product"}],"about":[{"href":"https:\/\/sysmatec.ch\/de\/wp-json\/wp\/v2\/types\/product"}],"wp:featuredmedia":[{"embeddable":true,"href":"https:\/\/sysmatec.ch\/de\/wp-json\/wp\/v2\/media\/29067"}],"wp:attachment":[{"href":"https:\/\/sysmatec.ch\/de\/wp-json\/wp\/v2\/media?parent=29063"}],"wp:term":[{"taxonomy":"product_brand","embeddable":true,"href":"https:\/\/sysmatec.ch\/de\/wp-json\/wp\/v2\/product_brand?post=29063"},{"taxonomy":"product_cat","embeddable":true,"href":"https:\/\/sysmatec.ch\/de\/wp-json\/wp\/v2\/product_cat?post=29063"},{"taxonomy":"product_tag","embeddable":true,"href":"https:\/\/sysmatec.ch\/de\/wp-json\/wp\/v2\/product_tag?post=29063"}],"curies":[{"name":"wp","href":"https:\/\/api.w.org\/{rel}","templated":true}]}}