{"id":29025,"date":"2024-02-22T20:52:41","date_gmt":"2024-02-22T19:52:41","guid":{"rendered":"https:\/\/sysmatec.ch\/?post_type=product&#038;p=29025"},"modified":"2024-02-22T21:43:37","modified_gmt":"2024-02-22T20:43:37","slug":"mehrkanal-temperaturlogger-s1500","status":"publish","type":"product","link":"https:\/\/sysmatec.ch\/de\/Produkt\/mehrkanal-temperaturlogger-s1500\/","title":{"rendered":"Mehrkanal-Temperaturlogger S1500"},"content":{"rendered":"<p>Dieser tragbare Mehrkanal-Thermoelement-Datenlogger unterst\u00fctzt bis zu 16 Thermoelement-Signaleing\u00e4nge. Die gesammelten Dateninformationen k\u00f6nnen in Echtzeit angezeigt werden. Das Ger\u00e4t verf\u00fcgt \u00fcber umfangreiche Peripherieschnittstellen wie USB, TF-Karte, RJ45 und WLAN. Es handelt sich um ein tragbares Aufnahmeger\u00e4t mit umfangreichen Funktionen, hoher Integration und Intelligenz.<\/p>\n<h2>Funktionen des Datenloggers<\/h2>\n<ul>\n<li>Unterst\u00fctzt Mehrkanal-Eing\u00e4nge und bis zu 16 Thermoelement-Eing\u00e4nge<\/li>\n<li>Unterst\u00fctzt mehrere Arten von Thermoelement-Eing\u00e4ngen: K \/ J \/ E \/ T \/ R \/ S \/ N \/ B \/ C<\/li>\n<li>Gro\u00dfer Temperaturbereich: &#8211; 270 bis 2320 \u2103<\/li>\n<li>Echtzeitdatenkurve und historische Datenkurve<\/li>\n<li>Einzelaufzeichnungskapazit\u00e4t: 100.000 Datens\u00e4tze; Gesamtdatenaufzeichnungskapazit\u00e4t: 8 Millionen Datens\u00e4tze<\/li>\n<li>Unterst\u00fctzt USB-Flash-Disk und SD-Karte, um das Programm zu aktualisieren, was f\u00fcr Benutzer praktisch ist.<\/li>\n<li>Abmessungen: 189,3 * 103,5 * 39 mm (mit Schutzh\u00fclle)<\/li>\n<li>Display: 5 Zoll kapazitiver Touchscreen, Aufl\u00f6sung 800 * 480<\/li>\n<li>Anzahl der Kan\u00e4le: 8-Kanal (Ref. S1508T) \/12-Kanal (S1512T) \/16-Kanal\u00a0 (S1516T)<\/li>\n<li>Speicherkapazit\u00e4t: Einzeldatensatzkapazit\u00e4t: 100.000 Datens\u00e4tze; Gesamtdatenaufzeichnungskapazit\u00e4t: 8 Millionen Datens\u00e4tze<\/li>\n<li>Interner Speicher: 32 GB<\/li>\n<li>Externe \u00dcbertragung: Unterst\u00fctzt U-Disk (USB 2.0), SD-Karte (32 GB).<\/li>\n<li>Ethernet: \u00dcbertragungsrate: 10 m \/ 100 Mbit\/s, Vollduplex und Halbduplex<\/li>\n<li>Batteriekapazit\u00e4t: 5000 mAh<\/li>\n<li>Abtastfrequenz: ab 1 s<\/li>\n<li>Aufnahmefrequenz: ab 1s<\/li>\n<li>Datenformat: CSV<\/li>\n<li>Arbeitstemperatur: -10\u201350 \u00b0C<\/li>\n<li>Lagertemperatur: -20\u201360 \u00b0C<\/li>\n<li>Relative Luftfeuchtigkeit: 5 % \u2013 95 % RH, keine Kondensation<\/li>\n<li>Geh\u00e4usematerial: PC + ABS-Material und die Schutzh\u00fclle besteht aus 68-Grad-Silikon<\/li>\n<\/ul>\n<h2>Thermocouple input (excluding cold junction error(+\/- 1.5 \u00b0C)<\/h2>\n<table width=\"529\">\n<tbody>\n<tr>\n<td width=\"80\">Typ<\/td>\n<td width=\"117\">Messbereich\uff08\u00b0C\uff09<\/td>\n<td width=\"107\">Aufl\u00f6sung(\u00b0C)<\/td>\n<td width=\"225\">Maximal zul\u00e4ssiger Fehler (\u00b0C)<\/td>\n<\/tr>\n<tr>\n<td>K<\/td>\n<td>-270-1370\u00b0C<\/td>\n<td>0.01\u00b0C<\/td>\n<td>\u00b10.5\u00b0C<\/td>\n<\/tr>\n<tr>\n<td>J<\/td>\n<td>-200-760\u00b0C<\/td>\n<td>0.01\u00b0C<\/td>\n<td>\u00b10.5\u00b0C<\/td>\n<\/tr>\n<tr>\n<td>E<\/td>\n<td>-270-980\u00b0C<\/td>\n<td>0.01\u2103<\/td>\n<td>\u00b10.5\u00b0C<\/td>\n<\/tr>\n<tr>\n<td>T<\/td>\n<td>-270-400\u00b0C<\/td>\n<td>\u00a00.01\u00b0C<\/td>\n<td>\u00b10.5\u00b0C<\/td>\n<\/tr>\n<tr>\n<td>R<\/td>\n<td>-50-1760\u00b0C<\/td>\n<td>\u00a00.01\u00b0C<\/td>\n<td>\u00b12\u00b0C<\/td>\n<\/tr>\n<tr>\n<td>S<\/td>\n<td>-50-1760\u00b0C<\/td>\n<td>\u00a00.01\u00b0C<\/td>\n<td>\u00b12\u00b0C<\/td>\n<\/tr>\n<tr>\n<td>N<\/td>\n<td>-270-1300\u00b0C<\/td>\n<td>\u00a00.01\u00b0C<\/td>\n<td>\u00b12\u00b0C<\/td>\n<\/tr>\n<tr>\n<td>B<\/td>\n<td>600-1820\u00b0C<\/td>\n<td>\u00a00.01\u00b0C<\/td>\n<td>\u00b12\u00b0C (600-1820 \u00b0C)<\/td>\n<\/tr>\n<tr>\n<td>C<\/td>\n<td>0-2320\u00b0C<\/td>\n<td>\u00a00.01\u00b0C<\/td>\n<td>425 \u00b0C\uff1a\u00b14.5\u00b0C\uff0c425-2320\u00b0C\uff1a1.0%<\/td>\n<\/tr>\n<\/tbody>\n<\/table>\n<p>&nbsp;<\/p>\n","protected":false},"excerpt":{"rendered":"<p>8\/12\/18-Kanal-Temperaturschreiber f\u00fcr Thermoelemente<\/p>\n","protected":false},"featured_media":29029,"template":"","meta":{"_crdt_document":""},"product_brand":[],"product_cat":[168,173],"product_tag":[],"class_list":{"0":"post-29025","1":"product","2":"type-product","3":"status-publish","4":"has-post-thumbnail","6":"product_cat-datenlogger","7":"product_cat-temperatur","9":"first","10":"instock","11":"taxable","12":"shipping-taxable","13":"product-type-simple"},"yoast_head":"<!-- This site is optimized with the Yoast SEO plugin v27.3 - https:\/\/yoast.com\/product\/yoast-seo-wordpress\/ -->\n<title>Mehrkanal-Temperaturlogger S1500 - Sysmatec<\/title>\n<meta name=\"description\" content=\"Temperaturschreiber, der den Anschluss von 8, 12 oder 16 Thermoelementsensoren K, J, E, T, R, N, S, C und B erm\u00f6glicht\" \/>\n<meta name=\"robots\" content=\"index, follow, max-snippet:-1, max-image-preview:large, max-video-preview:-1\" \/>\n<link rel=\"canonical\" href=\"https:\/\/sysmatec.ch\/de\/Produkt\/mehrkanal-temperaturlogger-s1500\/\" \/>\n<meta property=\"og:locale\" content=\"de_DE\" \/>\n<meta property=\"og:type\" content=\"article\" \/>\n<meta property=\"og:title\" content=\"Mehrkanal-Temperaturlogger S1500 - Sysmatec\" \/>\n<meta property=\"og:description\" content=\"Temperaturschreiber, der den Anschluss von 8, 12 oder 16 Thermoelementsensoren K, J, E, T, R, N, S, C und B erm\u00f6glicht\" \/>\n<meta property=\"og:url\" content=\"https:\/\/sysmatec.ch\/de\/Produkt\/mehrkanal-temperaturlogger-s1500\/\" \/>\n<meta property=\"og:site_name\" content=\"Sysmatec\" \/>\n<meta property=\"article:modified_time\" content=\"2024-02-22T20:43:37+00:00\" \/>\n<meta property=\"og:image\" content=\"https:\/\/sysmatec.ch\/wp-content\/uploads\/2024\/02\/Enregistreurtemperature_HuatoS1500_1.jpg\" \/>\n\t<meta property=\"og:image:width\" content=\"509\" \/>\n\t<meta property=\"og:image:height\" content=\"428\" \/>\n\t<meta property=\"og:image:type\" content=\"image\/jpeg\" \/>\n<meta name=\"twitter:card\" content=\"summary_large_image\" \/>\n<meta name=\"twitter:label1\" content=\"Gesch\u00e4tzte Lesezeit\" \/>\n\t<meta name=\"twitter:data1\" content=\"2\u00a0Minuten\" \/>\n<script type=\"application\/ld+json\" class=\"yoast-schema-graph\">{\"@context\":\"https:\\\/\\\/schema.org\",\"@graph\":[{\"@type\":\"WebPage\",\"@id\":\"https:\\\/\\\/sysmatec.ch\\\/de\\\/Produkt\\\/mehrkanal-temperaturlogger-s1500\\\/\",\"url\":\"https:\\\/\\\/sysmatec.ch\\\/de\\\/Produkt\\\/mehrkanal-temperaturlogger-s1500\\\/\",\"name\":\"Mehrkanal-Temperaturlogger S1500 - Sysmatec\",\"isPartOf\":{\"@id\":\"https:\\\/\\\/sysmatec.ch\\\/de\\\/#website\"},\"primaryImageOfPage\":{\"@id\":\"https:\\\/\\\/sysmatec.ch\\\/de\\\/Produkt\\\/mehrkanal-temperaturlogger-s1500\\\/#primaryimage\"},\"image\":{\"@id\":\"https:\\\/\\\/sysmatec.ch\\\/de\\\/Produkt\\\/mehrkanal-temperaturlogger-s1500\\\/#primaryimage\"},\"thumbnailUrl\":\"https:\\\/\\\/sysmatec.ch\\\/wp-content\\\/uploads\\\/2024\\\/02\\\/Enregistreurtemperature_HuatoS1500_1.jpg\",\"datePublished\":\"2024-02-22T19:52:41+00:00\",\"dateModified\":\"2024-02-22T20:43:37+00:00\",\"description\":\"Temperaturschreiber, der den Anschluss von 8, 12 oder 16 Thermoelementsensoren K, J, E, T, R, N, S, C und B erm\u00f6glicht\",\"breadcrumb\":{\"@id\":\"https:\\\/\\\/sysmatec.ch\\\/de\\\/Produkt\\\/mehrkanal-temperaturlogger-s1500\\\/#breadcrumb\"},\"inLanguage\":\"de\",\"potentialAction\":[{\"@type\":\"ReadAction\",\"target\":[\"https:\\\/\\\/sysmatec.ch\\\/de\\\/Produkt\\\/mehrkanal-temperaturlogger-s1500\\\/\"]}]},{\"@type\":\"ImageObject\",\"inLanguage\":\"de\",\"@id\":\"https:\\\/\\\/sysmatec.ch\\\/de\\\/Produkt\\\/mehrkanal-temperaturlogger-s1500\\\/#primaryimage\",\"url\":\"https:\\\/\\\/sysmatec.ch\\\/wp-content\\\/uploads\\\/2024\\\/02\\\/Enregistreurtemperature_HuatoS1500_1.jpg\",\"contentUrl\":\"https:\\\/\\\/sysmatec.ch\\\/wp-content\\\/uploads\\\/2024\\\/02\\\/Enregistreurtemperature_HuatoS1500_1.jpg\",\"width\":509,\"height\":428},{\"@type\":\"BreadcrumbList\",\"@id\":\"https:\\\/\\\/sysmatec.ch\\\/de\\\/Produkt\\\/mehrkanal-temperaturlogger-s1500\\\/#breadcrumb\",\"itemListElement\":[{\"@type\":\"ListItem\",\"position\":1,\"name\":\"Accueil\",\"item\":\"https:\\\/\\\/sysmatec.ch\\\/de\\\/\"},{\"@type\":\"ListItem\",\"position\":2,\"name\":\"Die Aktivit\u00e4t von Sysmatec\",\"item\":\"https:\\\/\\\/sysmatec.ch\\\/de\\\/\"},{\"@type\":\"ListItem\",\"position\":3,\"name\":\"Mehrkanal-Temperaturlogger S1500\"}]},{\"@type\":\"WebSite\",\"@id\":\"https:\\\/\\\/sysmatec.ch\\\/de\\\/#website\",\"url\":\"https:\\\/\\\/sysmatec.ch\\\/de\\\/\",\"name\":\"Sysmatec\",\"description\":\"Equipement de laboratoire et logiciels\",\"publisher\":{\"@id\":\"https:\\\/\\\/sysmatec.ch\\\/de\\\/#organization\"},\"potentialAction\":[{\"@type\":\"SearchAction\",\"target\":{\"@type\":\"EntryPoint\",\"urlTemplate\":\"https:\\\/\\\/sysmatec.ch\\\/de\\\/?s={search_term_string}\"},\"query-input\":{\"@type\":\"PropertyValueSpecification\",\"valueRequired\":true,\"valueName\":\"search_term_string\"}}],\"inLanguage\":\"de\"},{\"@type\":\"Organization\",\"@id\":\"https:\\\/\\\/sysmatec.ch\\\/de\\\/#organization\",\"name\":\"Sysmatec\",\"url\":\"https:\\\/\\\/sysmatec.ch\\\/de\\\/\",\"logo\":{\"@type\":\"ImageObject\",\"inLanguage\":\"de\",\"@id\":\"https:\\\/\\\/sysmatec.ch\\\/de\\\/#\\\/schema\\\/logo\\\/image\\\/\",\"url\":\"https:\\\/\\\/sysmatec.ch\\\/wp-content\\\/uploads\\\/2018\\\/11\\\/LogoSysmatec.jpg\",\"contentUrl\":\"https:\\\/\\\/sysmatec.ch\\\/wp-content\\\/uploads\\\/2018\\\/11\\\/LogoSysmatec.jpg\",\"width\":301,\"height\":297,\"caption\":\"Sysmatec\"},\"image\":{\"@id\":\"https:\\\/\\\/sysmatec.ch\\\/de\\\/#\\\/schema\\\/logo\\\/image\\\/\"}}]}<\/script>\n<!-- \/ Yoast SEO plugin. -->","yoast_head_json":{"title":"Mehrkanal-Temperaturlogger S1500 - Sysmatec","description":"Temperaturschreiber, der den Anschluss von 8, 12 oder 16 Thermoelementsensoren K, J, E, T, R, N, S, C und B erm\u00f6glicht","robots":{"index":"index","follow":"follow","max-snippet":"max-snippet:-1","max-image-preview":"max-image-preview:large","max-video-preview":"max-video-preview:-1"},"canonical":"https:\/\/sysmatec.ch\/de\/Produkt\/mehrkanal-temperaturlogger-s1500\/","og_locale":"de_DE","og_type":"article","og_title":"Mehrkanal-Temperaturlogger S1500 - Sysmatec","og_description":"Temperaturschreiber, der den Anschluss von 8, 12 oder 16 Thermoelementsensoren K, J, E, T, R, N, S, C und B erm\u00f6glicht","og_url":"https:\/\/sysmatec.ch\/de\/Produkt\/mehrkanal-temperaturlogger-s1500\/","og_site_name":"Sysmatec","article_modified_time":"2024-02-22T20:43:37+00:00","og_image":[{"width":509,"height":428,"url":"https:\/\/sysmatec.ch\/wp-content\/uploads\/2024\/02\/Enregistreurtemperature_HuatoS1500_1.jpg","type":"image\/jpeg"}],"twitter_card":"summary_large_image","twitter_misc":{"Gesch\u00e4tzte Lesezeit":"2\u00a0Minuten"},"schema":{"@context":"https:\/\/schema.org","@graph":[{"@type":"WebPage","@id":"https:\/\/sysmatec.ch\/de\/Produkt\/mehrkanal-temperaturlogger-s1500\/","url":"https:\/\/sysmatec.ch\/de\/Produkt\/mehrkanal-temperaturlogger-s1500\/","name":"Mehrkanal-Temperaturlogger S1500 - Sysmatec","isPartOf":{"@id":"https:\/\/sysmatec.ch\/de\/#website"},"primaryImageOfPage":{"@id":"https:\/\/sysmatec.ch\/de\/Produkt\/mehrkanal-temperaturlogger-s1500\/#primaryimage"},"image":{"@id":"https:\/\/sysmatec.ch\/de\/Produkt\/mehrkanal-temperaturlogger-s1500\/#primaryimage"},"thumbnailUrl":"https:\/\/sysmatec.ch\/wp-content\/uploads\/2024\/02\/Enregistreurtemperature_HuatoS1500_1.jpg","datePublished":"2024-02-22T19:52:41+00:00","dateModified":"2024-02-22T20:43:37+00:00","description":"Temperaturschreiber, der den Anschluss von 8, 12 oder 16 Thermoelementsensoren K, J, E, T, R, N, S, C und B erm\u00f6glicht","breadcrumb":{"@id":"https:\/\/sysmatec.ch\/de\/Produkt\/mehrkanal-temperaturlogger-s1500\/#breadcrumb"},"inLanguage":"de","potentialAction":[{"@type":"ReadAction","target":["https:\/\/sysmatec.ch\/de\/Produkt\/mehrkanal-temperaturlogger-s1500\/"]}]},{"@type":"ImageObject","inLanguage":"de","@id":"https:\/\/sysmatec.ch\/de\/Produkt\/mehrkanal-temperaturlogger-s1500\/#primaryimage","url":"https:\/\/sysmatec.ch\/wp-content\/uploads\/2024\/02\/Enregistreurtemperature_HuatoS1500_1.jpg","contentUrl":"https:\/\/sysmatec.ch\/wp-content\/uploads\/2024\/02\/Enregistreurtemperature_HuatoS1500_1.jpg","width":509,"height":428},{"@type":"BreadcrumbList","@id":"https:\/\/sysmatec.ch\/de\/Produkt\/mehrkanal-temperaturlogger-s1500\/#breadcrumb","itemListElement":[{"@type":"ListItem","position":1,"name":"Accueil","item":"https:\/\/sysmatec.ch\/de\/"},{"@type":"ListItem","position":2,"name":"Die Aktivit\u00e4t von Sysmatec","item":"https:\/\/sysmatec.ch\/de\/"},{"@type":"ListItem","position":3,"name":"Mehrkanal-Temperaturlogger S1500"}]},{"@type":"WebSite","@id":"https:\/\/sysmatec.ch\/de\/#website","url":"https:\/\/sysmatec.ch\/de\/","name":"Sysmatec","description":"Equipement de laboratoire et logiciels","publisher":{"@id":"https:\/\/sysmatec.ch\/de\/#organization"},"potentialAction":[{"@type":"SearchAction","target":{"@type":"EntryPoint","urlTemplate":"https:\/\/sysmatec.ch\/de\/?s={search_term_string}"},"query-input":{"@type":"PropertyValueSpecification","valueRequired":true,"valueName":"search_term_string"}}],"inLanguage":"de"},{"@type":"Organization","@id":"https:\/\/sysmatec.ch\/de\/#organization","name":"Sysmatec","url":"https:\/\/sysmatec.ch\/de\/","logo":{"@type":"ImageObject","inLanguage":"de","@id":"https:\/\/sysmatec.ch\/de\/#\/schema\/logo\/image\/","url":"https:\/\/sysmatec.ch\/wp-content\/uploads\/2018\/11\/LogoSysmatec.jpg","contentUrl":"https:\/\/sysmatec.ch\/wp-content\/uploads\/2018\/11\/LogoSysmatec.jpg","width":301,"height":297,"caption":"Sysmatec"},"image":{"@id":"https:\/\/sysmatec.ch\/de\/#\/schema\/logo\/image\/"}}]}},"_links":{"self":[{"href":"https:\/\/sysmatec.ch\/de\/wp-json\/wp\/v2\/product\/29025","targetHints":{"allow":["GET"]}}],"collection":[{"href":"https:\/\/sysmatec.ch\/de\/wp-json\/wp\/v2\/product"}],"about":[{"href":"https:\/\/sysmatec.ch\/de\/wp-json\/wp\/v2\/types\/product"}],"wp:featuredmedia":[{"embeddable":true,"href":"https:\/\/sysmatec.ch\/de\/wp-json\/wp\/v2\/media\/29029"}],"wp:attachment":[{"href":"https:\/\/sysmatec.ch\/de\/wp-json\/wp\/v2\/media?parent=29025"}],"wp:term":[{"taxonomy":"product_brand","embeddable":true,"href":"https:\/\/sysmatec.ch\/de\/wp-json\/wp\/v2\/product_brand?post=29025"},{"taxonomy":"product_cat","embeddable":true,"href":"https:\/\/sysmatec.ch\/de\/wp-json\/wp\/v2\/product_cat?post=29025"},{"taxonomy":"product_tag","embeddable":true,"href":"https:\/\/sysmatec.ch\/de\/wp-json\/wp\/v2\/product_tag?post=29025"}],"curies":[{"name":"wp","href":"https:\/\/api.w.org\/{rel}","templated":true}]}}