{"id":28979,"date":"2024-01-17T20:45:08","date_gmt":"2024-01-17T19:45:08","guid":{"rendered":"https:\/\/sysmatec.ch\/?post_type=product&#038;p=28979"},"modified":"2024-01-17T21:49:22","modified_gmt":"2024-01-17T20:49:22","slug":"praezisionsthermometer-calsys-c-4004","status":"publish","type":"product","link":"https:\/\/sysmatec.ch\/de\/Produkt\/praezisionsthermometer-calsys-c-4004\/","title":{"rendered":"Pr\u00e4zisionsthermometer Calsys C-4004"},"content":{"rendered":"<p>Dieses Thermometer ist geeignet f\u00fcr alle wichtigen Sensoren geeignet (Thermoelemente wie B, C, D, E, J, K, N, R, S, T und RTDs wie PT-100, PT-50, PT-10, PT-200). , PT-500, PT-1000).<\/p>\n<p>Das Instrument kann in Branchen eingesetzt werden, in denen eine hochgenaue Temperaturmessung unerl\u00e4sslich ist. Der Zweikanaleingang erm\u00f6glicht A-, B- und A-B-Messungen auf dem LCD-Display. Das Ger\u00e4t bietet eine au\u00dfergew\u00f6hnlich stabile Vergleichsstellenkompensation mit Auswahlm\u00f6glichkeiten f\u00fcr den Benutzer wie \u201eAutomatisch\u201c, \u201eAus\u201c und \u201eExtern\u201c.<br \/>\nDieses Temperaturmessger\u00e4t verf\u00fcgt \u00fcber Tasten auf der Vorderseite f\u00fcr eine einfache Bedienung wie Einheitenauswahl (\u00b0C\/\u00b0F), Aufl\u00f6sung (0.01\/0.001) und Datenprotokollierung.<br \/>\nDie Gesamtstabilit\u00e4t wird durch die Verwendung hochwertiger Komponenten mit hoher Pr\u00e4zision optimiert. Es gibt vier Eingangsanschl\u00fcsse, zwei f\u00fcr Thermoelemente und zwei f\u00fcr RTD.<br \/>\nUm die Temperatur zu messen, sollte eine geeignete Sonde an den TC- und RTD-Eingang angeschlossen werden. Die vom Ger\u00e4t gemessene Temperatur wird in gr\u00f6\u00dferen Schriftarten angezeigt und der tats\u00e4chliche Widerstand (Ohm) im Falle eines RTD und die Spannung (mV) im Falle eines Thermoelements werden in kleineren Schriftarten angezeigt. Alle Kanaldetails und Konfiguration werden auf dem LCD-Display angezeigt.<br \/>\nDieses Thermometer kann zwei RTDs oder zwei Thermoelemente oder einen RTD und ein Thermoelement gleichzeitig aufnehmen. Die gemessene Temperatur kann von einem der Eing\u00e4nge oder der Differenz beider Eingangskan\u00e4le angezeigt werden.<\/p>\n<h2>Merkmales<\/h2>\n<ul>\n<li>Display 192&#215;64 LCD-Grafikpanel mit Hintergrundbeleuchtung<\/li>\n<li>Eing\u00e4nge: 2 Kan\u00e4le f\u00fcr RTD und Thermoelement \u00fcber Steckverbinder der Lemo 1-S-Serie<\/li>\n<li>Auswahl der Vergleichsstelle: automatisch (interne Vergleichsstelle, Bereich 0 bis +100 \u00b0C), extern (\u00fcber Pt 100-Sensor, der an Kanal A und B angeschlossen ist, Bereich 0 bis +100 \u00b0C), Aus (schaltet die Vergleichsstelle AUS = 0\u00b0C)<\/li>\n<li>Arbeitstemperatur 0 bis 50\u00b0C rel. Luftfeuchtigkeit weniger als 90 %, nicht kondensierend<\/li>\n<li>Lagertemperatur -20 bis +55 \u00b0C<\/li>\n<li>Netzversorgung 85\u2013264 VAC \/ 120\u2013370 VDC, 47\u201363 Hz<\/li>\n<li>Datenprotokollierung Bis zu 1500 Werte k\u00f6nnen zusammen mit Datum und Uhrzeit gespeichert werden<\/li>\n<li>Abmessungen 224 x 318 x 90<\/li>\n<\/ul>\n<h2>Eingangssensorbereich<\/h2>\n<table width=\"525\">\n<tbody>\n<tr>\n<td width=\"144\">Thermocoupletyp<\/td>\n<td width=\"139\">Temperaturbereich<\/td>\n<td width=\"96\">Aufl\u00f6sung<\/td>\n<td width=\"146\">Genauiigkeit bei 0\u00b15\u00b0C<\/td>\n<\/tr>\n<tr>\n<td>Type K<\/td>\n<td>-200\u00b0C bis 1372\u00b0C<\/td>\n<td>0.01<\/td>\n<td>\u00b1(0.01\u00b0C + 0.006% FS)<\/td>\n<\/tr>\n<tr>\n<td>Type J<\/td>\n<td>-210\u00b0C bis 1200\u00b0C<\/td>\n<td>0.01<\/td>\n<td>\u00b1(0.008\u00b0C + 0.007% FS)<\/td>\n<\/tr>\n<tr>\n<td>Type E<\/td>\n<td>-200\u00b0C bis 1000\u00b0C<\/td>\n<td>0.01<\/td>\n<td>\u00b1(0.01\u00b0C + 0.007% FS)<\/td>\n<\/tr>\n<tr>\n<td>Type N<\/td>\n<td>-200\u00b0C bis 1300\u00b0C<\/td>\n<td>0.01<\/td>\n<td>\u00b1(0.01\u00b0C + 0.006% FS)<\/td>\n<\/tr>\n<tr>\n<td>Type R<\/td>\n<td>0\u00b0C bis 1768\u00b0C<\/td>\n<td>0.01<\/td>\n<td>\u00b1(0.005\u00b0C + 0.015% FS)<\/td>\n<\/tr>\n<tr>\n<td>Type S<\/td>\n<td>0\u00b0C bis 1768\u00b0C<\/td>\n<td>0.01<\/td>\n<td>\u00b1(0.005\u00b0C + 0.015% FS)<\/td>\n<\/tr>\n<tr>\n<td>Type B<\/td>\n<td>400\u00b0C bis 1820\u00b0C<\/td>\n<td>0.01<\/td>\n<td>\u00b1(0.02\u00b0C + 0.006% FS)<\/td>\n<\/tr>\n<tr>\n<td>Type T<\/td>\n<td>-250\u00b0C bis 400\u00b0C<\/td>\n<td>0.01<\/td>\n<td>\u00b1(0.005\u00b0C + 0.015% FS)<\/td>\n<\/tr>\n<tr>\n<td>Type C<\/td>\n<td>0\u00b0C bis 2315\u00b0C<\/td>\n<td>0.01<\/td>\n<td>\u00b1(0.075\u00b0C + 0.005% FS)<\/td>\n<\/tr>\n<tr>\n<td>Type D<\/td>\n<td>0\u00b0C bis 2315\u00b0C<\/td>\n<td>0.01<\/td>\n<td>\u00b1(0.075\u00b0C + 0.005% FS)<\/td>\n<\/tr>\n<tr>\n<td><\/td>\n<td><\/td>\n<td><\/td>\n<td><\/td>\n<\/tr>\n<tr>\n<td>RTD Typ<\/td>\n<td><\/td>\n<td><\/td>\n<td><\/td>\n<\/tr>\n<tr>\n<td>PT-100<\/td>\n<td>-200\u00b0C bis -100\u00b0C<\/td>\n<td>0.001<\/td>\n<td>0.02\u00b0C<\/td>\n<\/tr>\n<tr>\n<td>PT-100<\/td>\n<td>-100\u00b0C bis +500\u00b0C<\/td>\n<td>0.001<\/td>\n<td>0.01\u00b0C<\/td>\n<\/tr>\n<tr>\n<td>PT-100<\/td>\n<td>+500\u00b0C bis +800\u00b0C<\/td>\n<td>0.001<\/td>\n<td>0.02\u00b0C<\/td>\n<\/tr>\n<tr>\n<td>PT-10<\/td>\n<td>-200\u00b0C bis +800\u00b0C<\/td>\n<td>0.001<\/td>\n<td>0.02\u00b0C<\/td>\n<\/tr>\n<tr>\n<td>PT-50<\/td>\n<td>-200\u00b0C bis +800\u00b0C<\/td>\n<td>0.001<\/td>\n<td>0.02\u00b0C<\/td>\n<\/tr>\n<tr>\n<td>PT-200<\/td>\n<td>-200\u00b0C bis +800\u00b0C<\/td>\n<td>0.001<\/td>\n<td>0.02\u00b0C<\/td>\n<\/tr>\n<tr>\n<td>PT-500<\/td>\n<td>-200\u00b0C bis +800\u00b0C<\/td>\n<td>0.001<\/td>\n<td>0.02\u00b0C<\/td>\n<\/tr>\n<tr>\n<td>T-1000<\/td>\n<td>-200\u00b0C bis +800\u00b0<\/td>\n<td>0.001<\/td>\n<td>0.02\u00b0C<\/td>\n<\/tr>\n<\/tbody>\n<\/table>\n","protected":false},"excerpt":{"rendered":"<p>Pr\u00e4zisionsthermometer f\u00fcr den Bereich -200\u00b0C bis 1820\u00b0C<\/p>\n","protected":false},"featured_media":28983,"template":"","meta":{"_crdt_document":""},"product_brand":[],"product_cat":[180,173],"product_tag":[],"class_list":{"0":"post-28979","1":"product","2":"type-product","3":"status-publish","4":"has-post-thumbnail","6":"product_cat-messung","7":"product_cat-temperatur","9":"first","10":"instock","11":"taxable","12":"shipping-taxable","13":"product-type-simple"},"yoast_head":"<!-- This site is optimized with the Yoast SEO plugin v27.4 - https:\/\/yoast.com\/product\/yoast-seo-wordpress\/ -->\n<title>Pr\u00e4zisionsthermometer Calsys C-4004 - Sysmatec<\/title>\n<meta name=\"description\" content=\"Pr\u00e4zisionsthermometer, das als Referenzthermometer zur Temperaturkalibrierung von Thermometern im Bereich von -200\u00b0C bis 1820\u00b0C verwendet werden kann\" \/>\n<meta name=\"robots\" content=\"index, follow, max-snippet:-1, max-image-preview:large, max-video-preview:-1\" \/>\n<link rel=\"canonical\" href=\"https:\/\/sysmatec.ch\/de\/Produkt\/praezisionsthermometer-calsys-c-4004\/\" \/>\n<meta property=\"og:locale\" content=\"de_DE\" \/>\n<meta property=\"og:type\" content=\"article\" \/>\n<meta property=\"og:title\" content=\"Pr\u00e4zisionsthermometer Calsys C-4004 - Sysmatec\" \/>\n<meta property=\"og:description\" content=\"Pr\u00e4zisionsthermometer, das als Referenzthermometer zur Temperaturkalibrierung von Thermometern im Bereich von -200\u00b0C bis 1820\u00b0C verwendet werden kann\" \/>\n<meta property=\"og:url\" content=\"https:\/\/sysmatec.ch\/de\/Produkt\/praezisionsthermometer-calsys-c-4004\/\" \/>\n<meta property=\"og:site_name\" content=\"Sysmatec\" \/>\n<meta property=\"article:modified_time\" content=\"2024-01-17T20:49:22+00:00\" \/>\n<meta property=\"og:image\" content=\"https:\/\/sysmatec.ch\/wp-content\/uploads\/2024\/01\/Thermometer_CalsysC4004Tempsens.jpg\" \/>\n\t<meta property=\"og:image:width\" content=\"540\" \/>\n\t<meta property=\"og:image:height\" content=\"340\" \/>\n\t<meta property=\"og:image:type\" content=\"image\/jpeg\" \/>\n<meta name=\"twitter:card\" content=\"summary_large_image\" \/>\n<meta name=\"twitter:label1\" content=\"Gesch\u00e4tzte Lesezeit\" \/>\n\t<meta name=\"twitter:data1\" content=\"3\u00a0Minuten\" \/>\n<script type=\"application\/ld+json\" class=\"yoast-schema-graph\">{\"@context\":\"https:\\\/\\\/schema.org\",\"@graph\":[{\"@type\":\"WebPage\",\"@id\":\"https:\\\/\\\/sysmatec.ch\\\/de\\\/Produkt\\\/praezisionsthermometer-calsys-c-4004\\\/\",\"url\":\"https:\\\/\\\/sysmatec.ch\\\/de\\\/Produkt\\\/praezisionsthermometer-calsys-c-4004\\\/\",\"name\":\"Pr\u00e4zisionsthermometer Calsys C-4004 - Sysmatec\",\"isPartOf\":{\"@id\":\"https:\\\/\\\/sysmatec.ch\\\/de\\\/#website\"},\"primaryImageOfPage\":{\"@id\":\"https:\\\/\\\/sysmatec.ch\\\/de\\\/Produkt\\\/praezisionsthermometer-calsys-c-4004\\\/#primaryimage\"},\"image\":{\"@id\":\"https:\\\/\\\/sysmatec.ch\\\/de\\\/Produkt\\\/praezisionsthermometer-calsys-c-4004\\\/#primaryimage\"},\"thumbnailUrl\":\"https:\\\/\\\/sysmatec.ch\\\/wp-content\\\/uploads\\\/2024\\\/01\\\/Thermometer_CalsysC4004Tempsens.jpg\",\"datePublished\":\"2024-01-17T19:45:08+00:00\",\"dateModified\":\"2024-01-17T20:49:22+00:00\",\"description\":\"Pr\u00e4zisionsthermometer, das als Referenzthermometer zur Temperaturkalibrierung von Thermometern im Bereich von -200\u00b0C bis 1820\u00b0C verwendet werden kann\",\"breadcrumb\":{\"@id\":\"https:\\\/\\\/sysmatec.ch\\\/de\\\/Produkt\\\/praezisionsthermometer-calsys-c-4004\\\/#breadcrumb\"},\"inLanguage\":\"de\",\"potentialAction\":[{\"@type\":\"ReadAction\",\"target\":[\"https:\\\/\\\/sysmatec.ch\\\/de\\\/Produkt\\\/praezisionsthermometer-calsys-c-4004\\\/\"]}]},{\"@type\":\"ImageObject\",\"inLanguage\":\"de\",\"@id\":\"https:\\\/\\\/sysmatec.ch\\\/de\\\/Produkt\\\/praezisionsthermometer-calsys-c-4004\\\/#primaryimage\",\"url\":\"https:\\\/\\\/sysmatec.ch\\\/wp-content\\\/uploads\\\/2024\\\/01\\\/Thermometer_CalsysC4004Tempsens.jpg\",\"contentUrl\":\"https:\\\/\\\/sysmatec.ch\\\/wp-content\\\/uploads\\\/2024\\\/01\\\/Thermometer_CalsysC4004Tempsens.jpg\",\"width\":540,\"height\":340},{\"@type\":\"BreadcrumbList\",\"@id\":\"https:\\\/\\\/sysmatec.ch\\\/de\\\/Produkt\\\/praezisionsthermometer-calsys-c-4004\\\/#breadcrumb\",\"itemListElement\":[{\"@type\":\"ListItem\",\"position\":1,\"name\":\"Accueil\",\"item\":\"https:\\\/\\\/sysmatec.ch\\\/de\\\/\"},{\"@type\":\"ListItem\",\"position\":2,\"name\":\"Die Aktivit\u00e4t von Sysmatec\",\"item\":\"https:\\\/\\\/sysmatec.ch\\\/de\\\/\"},{\"@type\":\"ListItem\",\"position\":3,\"name\":\"Pr\u00e4zisionsthermometer Calsys C-4004\"}]},{\"@type\":\"WebSite\",\"@id\":\"https:\\\/\\\/sysmatec.ch\\\/de\\\/#website\",\"url\":\"https:\\\/\\\/sysmatec.ch\\\/de\\\/\",\"name\":\"Sysmatec\",\"description\":\"Equipement de laboratoire et logiciels\",\"publisher\":{\"@id\":\"https:\\\/\\\/sysmatec.ch\\\/de\\\/#organization\"},\"potentialAction\":[{\"@type\":\"SearchAction\",\"target\":{\"@type\":\"EntryPoint\",\"urlTemplate\":\"https:\\\/\\\/sysmatec.ch\\\/de\\\/?s={search_term_string}\"},\"query-input\":{\"@type\":\"PropertyValueSpecification\",\"valueRequired\":true,\"valueName\":\"search_term_string\"}}],\"inLanguage\":\"de\"},{\"@type\":\"Organization\",\"@id\":\"https:\\\/\\\/sysmatec.ch\\\/de\\\/#organization\",\"name\":\"Sysmatec\",\"url\":\"https:\\\/\\\/sysmatec.ch\\\/de\\\/\",\"logo\":{\"@type\":\"ImageObject\",\"inLanguage\":\"de\",\"@id\":\"https:\\\/\\\/sysmatec.ch\\\/de\\\/#\\\/schema\\\/logo\\\/image\\\/\",\"url\":\"https:\\\/\\\/sysmatec.ch\\\/wp-content\\\/uploads\\\/2018\\\/11\\\/LogoSysmatec.jpg\",\"contentUrl\":\"https:\\\/\\\/sysmatec.ch\\\/wp-content\\\/uploads\\\/2018\\\/11\\\/LogoSysmatec.jpg\",\"width\":301,\"height\":297,\"caption\":\"Sysmatec\"},\"image\":{\"@id\":\"https:\\\/\\\/sysmatec.ch\\\/de\\\/#\\\/schema\\\/logo\\\/image\\\/\"}}]}<\/script>\n<!-- \/ Yoast SEO plugin. -->","yoast_head_json":{"title":"Pr\u00e4zisionsthermometer Calsys C-4004 - Sysmatec","description":"Pr\u00e4zisionsthermometer, das als Referenzthermometer zur Temperaturkalibrierung von Thermometern im Bereich von -200\u00b0C bis 1820\u00b0C verwendet werden kann","robots":{"index":"index","follow":"follow","max-snippet":"max-snippet:-1","max-image-preview":"max-image-preview:large","max-video-preview":"max-video-preview:-1"},"canonical":"https:\/\/sysmatec.ch\/de\/Produkt\/praezisionsthermometer-calsys-c-4004\/","og_locale":"de_DE","og_type":"article","og_title":"Pr\u00e4zisionsthermometer Calsys C-4004 - Sysmatec","og_description":"Pr\u00e4zisionsthermometer, das als Referenzthermometer zur Temperaturkalibrierung von Thermometern im Bereich von -200\u00b0C bis 1820\u00b0C verwendet werden kann","og_url":"https:\/\/sysmatec.ch\/de\/Produkt\/praezisionsthermometer-calsys-c-4004\/","og_site_name":"Sysmatec","article_modified_time":"2024-01-17T20:49:22+00:00","og_image":[{"width":540,"height":340,"url":"https:\/\/sysmatec.ch\/wp-content\/uploads\/2024\/01\/Thermometer_CalsysC4004Tempsens.jpg","type":"image\/jpeg"}],"twitter_card":"summary_large_image","twitter_misc":{"Gesch\u00e4tzte Lesezeit":"3\u00a0Minuten"},"schema":{"@context":"https:\/\/schema.org","@graph":[{"@type":"WebPage","@id":"https:\/\/sysmatec.ch\/de\/Produkt\/praezisionsthermometer-calsys-c-4004\/","url":"https:\/\/sysmatec.ch\/de\/Produkt\/praezisionsthermometer-calsys-c-4004\/","name":"Pr\u00e4zisionsthermometer Calsys C-4004 - Sysmatec","isPartOf":{"@id":"https:\/\/sysmatec.ch\/de\/#website"},"primaryImageOfPage":{"@id":"https:\/\/sysmatec.ch\/de\/Produkt\/praezisionsthermometer-calsys-c-4004\/#primaryimage"},"image":{"@id":"https:\/\/sysmatec.ch\/de\/Produkt\/praezisionsthermometer-calsys-c-4004\/#primaryimage"},"thumbnailUrl":"https:\/\/sysmatec.ch\/wp-content\/uploads\/2024\/01\/Thermometer_CalsysC4004Tempsens.jpg","datePublished":"2024-01-17T19:45:08+00:00","dateModified":"2024-01-17T20:49:22+00:00","description":"Pr\u00e4zisionsthermometer, das als Referenzthermometer zur Temperaturkalibrierung von Thermometern im Bereich von -200\u00b0C bis 1820\u00b0C verwendet werden kann","breadcrumb":{"@id":"https:\/\/sysmatec.ch\/de\/Produkt\/praezisionsthermometer-calsys-c-4004\/#breadcrumb"},"inLanguage":"de","potentialAction":[{"@type":"ReadAction","target":["https:\/\/sysmatec.ch\/de\/Produkt\/praezisionsthermometer-calsys-c-4004\/"]}]},{"@type":"ImageObject","inLanguage":"de","@id":"https:\/\/sysmatec.ch\/de\/Produkt\/praezisionsthermometer-calsys-c-4004\/#primaryimage","url":"https:\/\/sysmatec.ch\/wp-content\/uploads\/2024\/01\/Thermometer_CalsysC4004Tempsens.jpg","contentUrl":"https:\/\/sysmatec.ch\/wp-content\/uploads\/2024\/01\/Thermometer_CalsysC4004Tempsens.jpg","width":540,"height":340},{"@type":"BreadcrumbList","@id":"https:\/\/sysmatec.ch\/de\/Produkt\/praezisionsthermometer-calsys-c-4004\/#breadcrumb","itemListElement":[{"@type":"ListItem","position":1,"name":"Accueil","item":"https:\/\/sysmatec.ch\/de\/"},{"@type":"ListItem","position":2,"name":"Die Aktivit\u00e4t von Sysmatec","item":"https:\/\/sysmatec.ch\/de\/"},{"@type":"ListItem","position":3,"name":"Pr\u00e4zisionsthermometer Calsys C-4004"}]},{"@type":"WebSite","@id":"https:\/\/sysmatec.ch\/de\/#website","url":"https:\/\/sysmatec.ch\/de\/","name":"Sysmatec","description":"Equipement de laboratoire et logiciels","publisher":{"@id":"https:\/\/sysmatec.ch\/de\/#organization"},"potentialAction":[{"@type":"SearchAction","target":{"@type":"EntryPoint","urlTemplate":"https:\/\/sysmatec.ch\/de\/?s={search_term_string}"},"query-input":{"@type":"PropertyValueSpecification","valueRequired":true,"valueName":"search_term_string"}}],"inLanguage":"de"},{"@type":"Organization","@id":"https:\/\/sysmatec.ch\/de\/#organization","name":"Sysmatec","url":"https:\/\/sysmatec.ch\/de\/","logo":{"@type":"ImageObject","inLanguage":"de","@id":"https:\/\/sysmatec.ch\/de\/#\/schema\/logo\/image\/","url":"https:\/\/sysmatec.ch\/wp-content\/uploads\/2018\/11\/LogoSysmatec.jpg","contentUrl":"https:\/\/sysmatec.ch\/wp-content\/uploads\/2018\/11\/LogoSysmatec.jpg","width":301,"height":297,"caption":"Sysmatec"},"image":{"@id":"https:\/\/sysmatec.ch\/de\/#\/schema\/logo\/image\/"}}]}},"_links":{"self":[{"href":"https:\/\/sysmatec.ch\/de\/wp-json\/wp\/v2\/product\/28979","targetHints":{"allow":["GET"]}}],"collection":[{"href":"https:\/\/sysmatec.ch\/de\/wp-json\/wp\/v2\/product"}],"about":[{"href":"https:\/\/sysmatec.ch\/de\/wp-json\/wp\/v2\/types\/product"}],"wp:featuredmedia":[{"embeddable":true,"href":"https:\/\/sysmatec.ch\/de\/wp-json\/wp\/v2\/media\/28983"}],"wp:attachment":[{"href":"https:\/\/sysmatec.ch\/de\/wp-json\/wp\/v2\/media?parent=28979"}],"wp:term":[{"taxonomy":"product_brand","embeddable":true,"href":"https:\/\/sysmatec.ch\/de\/wp-json\/wp\/v2\/product_brand?post=28979"},{"taxonomy":"product_cat","embeddable":true,"href":"https:\/\/sysmatec.ch\/de\/wp-json\/wp\/v2\/product_cat?post=28979"},{"taxonomy":"product_tag","embeddable":true,"href":"https:\/\/sysmatec.ch\/de\/wp-json\/wp\/v2\/product_tag?post=28979"}],"curies":[{"name":"wp","href":"https:\/\/api.w.org\/{rel}","templated":true}]}}