{"id":28964,"date":"2024-01-17T18:22:23","date_gmt":"2024-01-17T17:22:24","guid":{"rendered":"https:\/\/sysmatec.ch\/?post_type=product&#038;p=28964"},"modified":"2024-01-17T20:39:28","modified_gmt":"2024-01-17T19:39:28","slug":"leitfaehigkeit-und-temperatur-sonde","status":"publish","type":"product","link":"https:\/\/sysmatec.ch\/de\/Produkt\/leitfaehigkeit-und-temperatur-sonde\/","title":{"rendered":"Leitf\u00e4higkeit und Temperatur Sonde"},"content":{"rendered":"<p>Hierbei handelt es sich um eine innovative Leitf\u00e4higkeitselektrode. Sie ist kabellos, glasfrei, robust.<\/p>\n<p>Die Sonde ist \u00fcber Bluetooth drahtlos mit der Sentron-App verbunden, um Konfigurationen vorzunehmen, alle Ihre Messdaten zu erfassen, zu speichern und zu exportieren.<\/p>\n<h2>4-Elektrode Leitf\u00e4higkeit Sensor<\/h2>\n<p>Tauchen Sie mit unserem fortschrittlichen 4-Elektroden-Sensor in die herausragende Leitf\u00e4higkeitsanalyse ein. Minimieren Sie St\u00f6rungen f\u00fcr pr\u00e4zise Ergebnisse und heben Sie Ihr Verst\u00e4ndnis der Wasser- oder Feuchtigkeitszusammensetzung auf ein neues Niveau<\/p>\n<h2>Cloud Anwendung<\/h2>\n<p>Einfache und intuitive Anwendung, kompatibel mit Android, Harmony OS und iOS<br \/>\nKalibrierung, Erfassung, Visualisierung, Speicherung und Export von Messdaten;<br \/>\nBis zu 6 anschlie\u00dfbare Sonden f\u00fcr gleichzeitige drahtlose Messungen;<br \/>\nSprache Englisch, Niederl\u00e4ndisch, Spanisch, Franz\u00f6sisch, Chinesisch, Russisch, Japanisch, Schwedisch, Koreanisch;<br \/>\nKostenlos herunterladbar in GooglePlay, Huawei App Gallery, AppStore<\/p>\n<table width=\"503\">\n<tbody>\n<tr>\n<td width=\"123\"><\/td>\n<td width=\"125\">ConeFET EC\/T<\/td>\n<td width=\"124\">LanceFET EC\/T<\/td>\n<td width=\"131\">MicroFET EC\/T<\/td>\n<\/tr>\n<tr>\n<td>Produktbestellcode<\/td>\n<td>3380-300<\/td>\n<td>2370-300<\/td>\n<td>9370-300<\/td>\n<\/tr>\n<tr>\n<td><\/td>\n<td><img loading=\"lazy\" decoding=\"async\" class=\"alignnone size-full wp-image-28972\" src=\"https:\/\/sysmatec.ch\/wp-content\/uploads\/2024\/01\/ConeFET_Conductivite_Sentron.jpg\" alt=\"\" width=\"252\" height=\"85\" \/><\/td>\n<td><img loading=\"lazy\" decoding=\"async\" class=\"alignnone size-full wp-image-28969\" src=\"https:\/\/sysmatec.ch\/wp-content\/uploads\/2024\/01\/LanceFET_Conductivite_Sentron.jpg\" alt=\"\" width=\"236\" height=\"80\" \/><\/td>\n<td><img loading=\"lazy\" decoding=\"async\" class=\"alignnone size-full wp-image-28966\" src=\"https:\/\/sysmatec.ch\/wp-content\/uploads\/2024\/01\/MicroFET_Conductivite_Sentron.jpg\" alt=\"\" width=\"248\" height=\"83\" \/><\/td>\n<\/tr>\n<tr>\n<td><\/td>\n<td width=\"125\">Robuster generel<br \/>\nZweck<br \/>\nEC\/T-Sonde<\/td>\n<td width=\"124\">Stahlspitze<br \/>\nEC\/T-Sonde f\u00fcr einfache<br \/>\nEindringen von Unternehmen<br \/>\nProben (z. B. Fleisch,<br \/>\nFr\u00fcchte, gemahlen)<\/td>\n<td width=\"131\">Labor<br \/>\nEC\/T-Sonde von<br \/>\n3 mm Durchmesser<br \/>\npasst in Rohre und<br \/>\nMinik\u00fcvetten<\/td>\n<\/tr>\n<tr>\n<td>Allgemeine Fl\u00fcssigkeiten (niedrige Viskosit\u00e4t)<\/td>\n<td>ja<\/td>\n<td width=\"124\">ja<\/td>\n<td>ja<\/td>\n<\/tr>\n<tr>\n<td width=\"123\">Halbfl\u00fcssig (niedrig bis mittel).<br \/>\nViskosit\u00e4t)<\/td>\n<td>ja<\/td>\n<td>ja<\/td>\n<td><\/td>\n<\/tr>\n<tr>\n<td width=\"123\">Pasten und Halbfeststoffe (mittel<br \/>\nbis hohe Viskosit\u00e4t)<\/td>\n<td>ja<\/td>\n<td>ja<\/td>\n<td><\/td>\n<\/tr>\n<tr>\n<td colspan=\"1\">Piercing-Anwendungen (normale bis mittlere Zwangspenetration)<\/td>\n<td><\/td>\n<td>ja<\/td>\n<td><\/td>\n<\/tr>\n<tr>\n<td>Allgemeine Becher und Beh\u00e4lter<\/td>\n<td>ja<\/td>\n<td>ja<\/td>\n<td>ja<\/td>\n<\/tr>\n<tr>\n<td width=\"123\">Schmale Fl\u00e4schchen\/Reagenzgl\u00e4ser (so klein<br \/>\nals \u00d8 3 mm)<\/td>\n<td><\/td>\n<td><\/td>\n<td>ja<\/td>\n<\/tr>\n<tr>\n<td>Sensor<\/td>\n<td colspan=\"3\">4-Elektroden-EC-Sensor<\/td>\n<\/tr>\n<tr>\n<td>Zellkonstante K (typisch)<\/td>\n<td colspan=\"3\">3.89 cm-1<\/td>\n<\/tr>\n<tr>\n<td>Bereich<\/td>\n<td colspan=\"3\">50 bis 111 800 \u00b5S\/cm<\/td>\n<\/tr>\n<tr>\n<td>Genauigkeit innerhalb von 1 %<\/td>\n<td colspan=\"3\">50 bis 12 880 \u00b5S\/cm<\/td>\n<\/tr>\n<tr>\n<td>Genauigkeit innerhalb von 10 %<\/td>\n<td colspan=\"3\">50 bis 111 800 \u00b5S\/cm<\/td>\n<\/tr>\n<tr>\n<td>Aufl\u00f6sung (50 bis 12.880 \u00b5S\/cm)<\/td>\n<td colspan=\"3\">0.5 nS\/cm<\/td>\n<\/tr>\n<tr>\n<td>Aufl\u00f6sung (50 bis 111.800 \u00b5S\/cm)<\/td>\n<td colspan=\"3\">50 nS\/cm<\/td>\n<\/tr>\n<tr>\n<td width=\"123\">Typische Drift (in 1.413 \u00b5S\/cm EC<br \/>\nStandard bei 25\u00b0C)<\/td>\n<td colspan=\"3\">2.5 \u00b5S\/cm \/ Tag<\/td>\n<\/tr>\n<tr>\n<td>Kalibration<\/td>\n<td colspan=\"3\">im Werk \/ 1-Punkt-Kalibrierung<\/td>\n<\/tr>\n<tr>\n<td width=\"123\">Automatische Temperatur<br \/>\nKompensierte (ATC) Kalibrierung<\/td>\n<td colspan=\"3\">ja<\/td>\n<\/tr>\n<tr>\n<td>Kalibrierungsstandards<\/td>\n<td colspan=\"3\" width=\"380\">Sentron-Kalibrierstandards (500 \u03bcS\/cm, 1.413 \u03bcS\/cm, 12.880<br \/>\n\u03bcS\/cm)<\/td>\n<\/tr>\n<tr>\n<td><\/td>\n<td><\/td>\n<td><\/td>\n<td><\/td>\n<\/tr>\n<tr>\n<td>Temperaturbereich<\/td>\n<td colspan=\"3\" width=\"380\">0 bis 80 \u00b0C<\/td>\n<\/tr>\n<tr>\n<td>Aufl\u00f6sung<\/td>\n<td colspan=\"3\" width=\"380\">0.1 \u00b0C<\/td>\n<\/tr>\n<tr>\n<td>Genauigkeit<\/td>\n<td colspan=\"3\">1%<\/td>\n<\/tr>\n<tr>\n<td>Sensor<\/td>\n<td colspan=\"3\" width=\"380\">NTC<\/td>\n<\/tr>\n<\/tbody>\n<\/table>\n","protected":false},"excerpt":{"rendered":"<p>Elektrode zur Messung von Leitf\u00e4higkeit und Temperatur.<\/p>\n","protected":false},"featured_media":28962,"template":"","meta":{"_crdt_document":""},"product_brand":[],"product_cat":[194,180],"product_tag":[],"class_list":{"0":"post-28964","1":"product","2":"type-product","3":"status-publish","4":"has-post-thumbnail","6":"product_cat-leitfaehigkeit","7":"product_cat-messung","9":"first","10":"instock","11":"taxable","12":"shipping-taxable","13":"product-type-simple"},"yoast_head":"<!-- This site is optimized with the Yoast SEO plugin v27.3 - https:\/\/yoast.com\/product\/yoast-seo-wordpress\/ -->\n<title>Leitf\u00e4higkeit und Temperatur Sonde - Sysmatec<\/title>\n<meta name=\"description\" content=\"Multifunktionselektrode zur Messung von Leitf\u00e4higkeit und Temperatur mit Bluetooth-Kommunikation.\" \/>\n<meta name=\"robots\" content=\"index, follow, max-snippet:-1, max-image-preview:large, max-video-preview:-1\" \/>\n<link rel=\"canonical\" href=\"https:\/\/sysmatec.ch\/de\/Produkt\/leitfaehigkeit-und-temperatur-sonde\/\" \/>\n<meta property=\"og:locale\" content=\"de_DE\" \/>\n<meta property=\"og:type\" content=\"article\" \/>\n<meta property=\"og:title\" content=\"Leitf\u00e4higkeit und Temperatur Sonde - Sysmatec\" \/>\n<meta property=\"og:description\" content=\"Multifunktionselektrode zur Messung von Leitf\u00e4higkeit und Temperatur mit Bluetooth-Kommunikation.\" \/>\n<meta property=\"og:url\" content=\"https:\/\/sysmatec.ch\/de\/Produkt\/leitfaehigkeit-und-temperatur-sonde\/\" \/>\n<meta property=\"og:site_name\" content=\"Sysmatec\" \/>\n<meta property=\"article:modified_time\" content=\"2024-01-17T19:39:28+00:00\" \/>\n<meta property=\"og:image\" content=\"https:\/\/sysmatec.ch\/wp-content\/uploads\/2024\/01\/pHRedoxConductuvite_Sentron-scaled.jpg\" \/>\n\t<meta property=\"og:image:width\" content=\"2560\" \/>\n\t<meta property=\"og:image:height\" content=\"2560\" \/>\n\t<meta property=\"og:image:type\" content=\"image\/jpeg\" \/>\n<meta name=\"twitter:card\" content=\"summary_large_image\" \/>\n<meta name=\"twitter:label1\" content=\"Gesch\u00e4tzte Lesezeit\" \/>\n\t<meta name=\"twitter:data1\" content=\"3\u00a0Minuten\" \/>\n<script type=\"application\/ld+json\" class=\"yoast-schema-graph\">{\"@context\":\"https:\\\/\\\/schema.org\",\"@graph\":[{\"@type\":\"WebPage\",\"@id\":\"https:\\\/\\\/sysmatec.ch\\\/de\\\/Produkt\\\/leitfaehigkeit-und-temperatur-sonde\\\/\",\"url\":\"https:\\\/\\\/sysmatec.ch\\\/de\\\/Produkt\\\/leitfaehigkeit-und-temperatur-sonde\\\/\",\"name\":\"Leitf\u00e4higkeit und Temperatur Sonde - Sysmatec\",\"isPartOf\":{\"@id\":\"https:\\\/\\\/sysmatec.ch\\\/de\\\/#website\"},\"primaryImageOfPage\":{\"@id\":\"https:\\\/\\\/sysmatec.ch\\\/de\\\/Produkt\\\/leitfaehigkeit-und-temperatur-sonde\\\/#primaryimage\"},\"image\":{\"@id\":\"https:\\\/\\\/sysmatec.ch\\\/de\\\/Produkt\\\/leitfaehigkeit-und-temperatur-sonde\\\/#primaryimage\"},\"thumbnailUrl\":\"https:\\\/\\\/sysmatec.ch\\\/wp-content\\\/uploads\\\/2024\\\/01\\\/pHRedoxConductuvite_Sentron-scaled.jpg\",\"datePublished\":\"2024-01-17T17:22:24+00:00\",\"dateModified\":\"2024-01-17T19:39:28+00:00\",\"description\":\"Multifunktionselektrode zur Messung von Leitf\u00e4higkeit und Temperatur mit Bluetooth-Kommunikation.\",\"breadcrumb\":{\"@id\":\"https:\\\/\\\/sysmatec.ch\\\/de\\\/Produkt\\\/leitfaehigkeit-und-temperatur-sonde\\\/#breadcrumb\"},\"inLanguage\":\"de\",\"potentialAction\":[{\"@type\":\"ReadAction\",\"target\":[\"https:\\\/\\\/sysmatec.ch\\\/de\\\/Produkt\\\/leitfaehigkeit-und-temperatur-sonde\\\/\"]}]},{\"@type\":\"ImageObject\",\"inLanguage\":\"de\",\"@id\":\"https:\\\/\\\/sysmatec.ch\\\/de\\\/Produkt\\\/leitfaehigkeit-und-temperatur-sonde\\\/#primaryimage\",\"url\":\"https:\\\/\\\/sysmatec.ch\\\/wp-content\\\/uploads\\\/2024\\\/01\\\/pHRedoxConductuvite_Sentron-scaled.jpg\",\"contentUrl\":\"https:\\\/\\\/sysmatec.ch\\\/wp-content\\\/uploads\\\/2024\\\/01\\\/pHRedoxConductuvite_Sentron-scaled.jpg\",\"width\":2560,\"height\":2560},{\"@type\":\"BreadcrumbList\",\"@id\":\"https:\\\/\\\/sysmatec.ch\\\/de\\\/Produkt\\\/leitfaehigkeit-und-temperatur-sonde\\\/#breadcrumb\",\"itemListElement\":[{\"@type\":\"ListItem\",\"position\":1,\"name\":\"Accueil\",\"item\":\"https:\\\/\\\/sysmatec.ch\\\/de\\\/\"},{\"@type\":\"ListItem\",\"position\":2,\"name\":\"Die Aktivit\u00e4t von Sysmatec\",\"item\":\"https:\\\/\\\/sysmatec.ch\\\/de\\\/\"},{\"@type\":\"ListItem\",\"position\":3,\"name\":\"Leitf\u00e4higkeit und Temperatur Sonde\"}]},{\"@type\":\"WebSite\",\"@id\":\"https:\\\/\\\/sysmatec.ch\\\/de\\\/#website\",\"url\":\"https:\\\/\\\/sysmatec.ch\\\/de\\\/\",\"name\":\"Sysmatec\",\"description\":\"Equipement de laboratoire et logiciels\",\"publisher\":{\"@id\":\"https:\\\/\\\/sysmatec.ch\\\/de\\\/#organization\"},\"potentialAction\":[{\"@type\":\"SearchAction\",\"target\":{\"@type\":\"EntryPoint\",\"urlTemplate\":\"https:\\\/\\\/sysmatec.ch\\\/de\\\/?s={search_term_string}\"},\"query-input\":{\"@type\":\"PropertyValueSpecification\",\"valueRequired\":true,\"valueName\":\"search_term_string\"}}],\"inLanguage\":\"de\"},{\"@type\":\"Organization\",\"@id\":\"https:\\\/\\\/sysmatec.ch\\\/de\\\/#organization\",\"name\":\"Sysmatec\",\"url\":\"https:\\\/\\\/sysmatec.ch\\\/de\\\/\",\"logo\":{\"@type\":\"ImageObject\",\"inLanguage\":\"de\",\"@id\":\"https:\\\/\\\/sysmatec.ch\\\/de\\\/#\\\/schema\\\/logo\\\/image\\\/\",\"url\":\"https:\\\/\\\/sysmatec.ch\\\/wp-content\\\/uploads\\\/2018\\\/11\\\/LogoSysmatec.jpg\",\"contentUrl\":\"https:\\\/\\\/sysmatec.ch\\\/wp-content\\\/uploads\\\/2018\\\/11\\\/LogoSysmatec.jpg\",\"width\":301,\"height\":297,\"caption\":\"Sysmatec\"},\"image\":{\"@id\":\"https:\\\/\\\/sysmatec.ch\\\/de\\\/#\\\/schema\\\/logo\\\/image\\\/\"}}]}<\/script>\n<!-- \/ Yoast SEO plugin. -->","yoast_head_json":{"title":"Leitf\u00e4higkeit und Temperatur Sonde - Sysmatec","description":"Multifunktionselektrode zur Messung von Leitf\u00e4higkeit und Temperatur mit Bluetooth-Kommunikation.","robots":{"index":"index","follow":"follow","max-snippet":"max-snippet:-1","max-image-preview":"max-image-preview:large","max-video-preview":"max-video-preview:-1"},"canonical":"https:\/\/sysmatec.ch\/de\/Produkt\/leitfaehigkeit-und-temperatur-sonde\/","og_locale":"de_DE","og_type":"article","og_title":"Leitf\u00e4higkeit und Temperatur Sonde - Sysmatec","og_description":"Multifunktionselektrode zur Messung von Leitf\u00e4higkeit und Temperatur mit Bluetooth-Kommunikation.","og_url":"https:\/\/sysmatec.ch\/de\/Produkt\/leitfaehigkeit-und-temperatur-sonde\/","og_site_name":"Sysmatec","article_modified_time":"2024-01-17T19:39:28+00:00","og_image":[{"width":2560,"height":2560,"url":"https:\/\/sysmatec.ch\/wp-content\/uploads\/2024\/01\/pHRedoxConductuvite_Sentron-scaled.jpg","type":"image\/jpeg"}],"twitter_card":"summary_large_image","twitter_misc":{"Gesch\u00e4tzte Lesezeit":"3\u00a0Minuten"},"schema":{"@context":"https:\/\/schema.org","@graph":[{"@type":"WebPage","@id":"https:\/\/sysmatec.ch\/de\/Produkt\/leitfaehigkeit-und-temperatur-sonde\/","url":"https:\/\/sysmatec.ch\/de\/Produkt\/leitfaehigkeit-und-temperatur-sonde\/","name":"Leitf\u00e4higkeit und Temperatur Sonde - Sysmatec","isPartOf":{"@id":"https:\/\/sysmatec.ch\/de\/#website"},"primaryImageOfPage":{"@id":"https:\/\/sysmatec.ch\/de\/Produkt\/leitfaehigkeit-und-temperatur-sonde\/#primaryimage"},"image":{"@id":"https:\/\/sysmatec.ch\/de\/Produkt\/leitfaehigkeit-und-temperatur-sonde\/#primaryimage"},"thumbnailUrl":"https:\/\/sysmatec.ch\/wp-content\/uploads\/2024\/01\/pHRedoxConductuvite_Sentron-scaled.jpg","datePublished":"2024-01-17T17:22:24+00:00","dateModified":"2024-01-17T19:39:28+00:00","description":"Multifunktionselektrode zur Messung von Leitf\u00e4higkeit und Temperatur mit Bluetooth-Kommunikation.","breadcrumb":{"@id":"https:\/\/sysmatec.ch\/de\/Produkt\/leitfaehigkeit-und-temperatur-sonde\/#breadcrumb"},"inLanguage":"de","potentialAction":[{"@type":"ReadAction","target":["https:\/\/sysmatec.ch\/de\/Produkt\/leitfaehigkeit-und-temperatur-sonde\/"]}]},{"@type":"ImageObject","inLanguage":"de","@id":"https:\/\/sysmatec.ch\/de\/Produkt\/leitfaehigkeit-und-temperatur-sonde\/#primaryimage","url":"https:\/\/sysmatec.ch\/wp-content\/uploads\/2024\/01\/pHRedoxConductuvite_Sentron-scaled.jpg","contentUrl":"https:\/\/sysmatec.ch\/wp-content\/uploads\/2024\/01\/pHRedoxConductuvite_Sentron-scaled.jpg","width":2560,"height":2560},{"@type":"BreadcrumbList","@id":"https:\/\/sysmatec.ch\/de\/Produkt\/leitfaehigkeit-und-temperatur-sonde\/#breadcrumb","itemListElement":[{"@type":"ListItem","position":1,"name":"Accueil","item":"https:\/\/sysmatec.ch\/de\/"},{"@type":"ListItem","position":2,"name":"Die Aktivit\u00e4t von Sysmatec","item":"https:\/\/sysmatec.ch\/de\/"},{"@type":"ListItem","position":3,"name":"Leitf\u00e4higkeit und Temperatur Sonde"}]},{"@type":"WebSite","@id":"https:\/\/sysmatec.ch\/de\/#website","url":"https:\/\/sysmatec.ch\/de\/","name":"Sysmatec","description":"Equipement de laboratoire et logiciels","publisher":{"@id":"https:\/\/sysmatec.ch\/de\/#organization"},"potentialAction":[{"@type":"SearchAction","target":{"@type":"EntryPoint","urlTemplate":"https:\/\/sysmatec.ch\/de\/?s={search_term_string}"},"query-input":{"@type":"PropertyValueSpecification","valueRequired":true,"valueName":"search_term_string"}}],"inLanguage":"de"},{"@type":"Organization","@id":"https:\/\/sysmatec.ch\/de\/#organization","name":"Sysmatec","url":"https:\/\/sysmatec.ch\/de\/","logo":{"@type":"ImageObject","inLanguage":"de","@id":"https:\/\/sysmatec.ch\/de\/#\/schema\/logo\/image\/","url":"https:\/\/sysmatec.ch\/wp-content\/uploads\/2018\/11\/LogoSysmatec.jpg","contentUrl":"https:\/\/sysmatec.ch\/wp-content\/uploads\/2018\/11\/LogoSysmatec.jpg","width":301,"height":297,"caption":"Sysmatec"},"image":{"@id":"https:\/\/sysmatec.ch\/de\/#\/schema\/logo\/image\/"}}]}},"_links":{"self":[{"href":"https:\/\/sysmatec.ch\/de\/wp-json\/wp\/v2\/product\/28964","targetHints":{"allow":["GET"]}}],"collection":[{"href":"https:\/\/sysmatec.ch\/de\/wp-json\/wp\/v2\/product"}],"about":[{"href":"https:\/\/sysmatec.ch\/de\/wp-json\/wp\/v2\/types\/product"}],"wp:featuredmedia":[{"embeddable":true,"href":"https:\/\/sysmatec.ch\/de\/wp-json\/wp\/v2\/media\/28962"}],"wp:attachment":[{"href":"https:\/\/sysmatec.ch\/de\/wp-json\/wp\/v2\/media?parent=28964"}],"wp:term":[{"taxonomy":"product_brand","embeddable":true,"href":"https:\/\/sysmatec.ch\/de\/wp-json\/wp\/v2\/product_brand?post=28964"},{"taxonomy":"product_cat","embeddable":true,"href":"https:\/\/sysmatec.ch\/de\/wp-json\/wp\/v2\/product_cat?post=28964"},{"taxonomy":"product_tag","embeddable":true,"href":"https:\/\/sysmatec.ch\/de\/wp-json\/wp\/v2\/product_tag?post=28964"}],"curies":[{"name":"wp","href":"https:\/\/api.w.org\/{rel}","templated":true}]}}