{"id":28957,"date":"2024-01-15T21:01:04","date_gmt":"2024-01-15T20:01:04","guid":{"rendered":"https:\/\/sysmatec.ch\/produit\/ph-conductivity-orp-temperature-probe\/"},"modified":"2024-01-17T19:13:44","modified_gmt":"2024-01-17T18:13:44","slug":"ph-leitfaehigkeit-orp-temperatur-sonde","status":"publish","type":"product","link":"https:\/\/sysmatec.ch\/de\/Produkt\/ph-leitfaehigkeit-orp-temperatur-sonde\/","title":{"rendered":"pH Leitf\u00e4higkeit ORP Temperatur Sonde"},"content":{"rendered":"<p>Hierbei handelt es sich um eine innovative Sonde, die \u00fcber herk\u00f6mmliche Einschr\u00e4nkungen hinausgeht und ISFET-pH-Messung, 4-Elektroden-Leitf\u00e4higkeitsmessung und ORP-Analyse (Redoxpotential) in einem einzigen Ger\u00e4t vereint. Die Multiparametersonde ISFET pH\/EC\/ORP\/T ist ein All-in-One-Ger\u00e4t. Es ist kabellos, glasfrei, robust. Es kann trocken gelagert werden.<\/p>\n<p>Die Sonde ist \u00fcber Bluetooth drahtlos mit der Sentron-App verbunden, um Konfigurationen vorzunehmen, alle Ihre Messdaten zu erfassen, zu speichern und zu exportieren.<\/p>\n<h2>ISFET pH Sensor<\/h2>\n<p>Erleben Sie die Zukunft der pH-Messung mit unserer robusten ISFET-Technologie. Dieser Sensor wurde f\u00fcr Fachkundige entwickelt und garantiert genaue Messwerte in den anspruchsvollsten Anwendungen. Pr\u00e4zision und Haltbarkeit vereinen sich, um pH-Werte unter h\u00e4rtesten Bedingungen zu liefern und zerbrechliche Glaselektroden \u00fcberfl\u00fcssig zu machen.<\/p>\n<h2>4-Elektrode Leitf\u00e4higkeit Sensor<\/h2>\n<p>Tauchen Sie mit unserem fortschrittlichen 4-Elektroden-Sensor in die herausragende Leitf\u00e4higkeitsanalyse ein. Minimieren Sie St\u00f6rungen f\u00fcr pr\u00e4zise Ergebnisse und heben Sie Ihr Verst\u00e4ndnis der Wasser- oder Feuchtigkeitszusammensetzung auf ein neues Niveau<\/p>\n<h2>ORP Monitoring<\/h2>\n<p>Der 4-Elektroden-Sensor in Verbindung mit der vielseitigen Referenzelektrode, die f\u00fcr ISFET-Messungen kompatibel ist, bietet eine beispiellose Genauigkeit bei Redox-Bewertungen. Dieses Doppelfunktionssystem sorgt f\u00fcr zuverl\u00e4ssige und pr\u00e4zise Ergebnisse und deckt unterschiedliche analytische Anforderungen ab<\/p>\n<p>Der Sensor kann in einem Koffer mit Kalibrierl\u00f6sungen, einem Smartphone oder einem Tablet bereitgestellt werden. Die Sonden kommunizieren \u00fcber Bluetooth mit dem Ger\u00e4t.<\/p>\n<h2>Cloud Anwendung<\/h2>\n<p>Einfache und intuitive Anwendung, kompatibel mit Android, Harmony OS und iOS<br \/>\nKalibrierung, Erfassung, Visualisierung, Speicherung und Export von Messdaten;<br \/>\nBis zu 6 anschlie\u00dfbare Sonden f\u00fcr gleichzeitige drahtlose Messungen;<br \/>\nEchtzeitbenachrichtigungen, wenn der pH-Wert au\u00dferhalb der Reichweite liegt;<br \/>\nGPS-Standortbasierte pH-Karte in Google Maps;<br \/>\nSprache Englisch, Niederl\u00e4ndisch, Spanisch, Franz\u00f6sisch, Chinesisch, Russisch, Japanisch, Schwedisch, Koreanisch;<br \/>\nKostenlos herunterladbar in GooglePlay, Huawei App Gallery, AppStore<\/p>\n<table width=\"583\">\n<tbody>\n<tr>\n<td width=\"144\"><\/td>\n<td width=\"210\">ConeFET pH\/EC\/ORP\/T<\/td>\n<td width=\"229\">LanceFET pH\/EC\/ORP\/T<\/td>\n<\/tr>\n<tr>\n<td>Ref.<\/td>\n<td>3380-200<\/td>\n<td>2370-200<\/td>\n<\/tr>\n<tr>\n<td><\/td>\n<td width=\"210\"><img loading=\"lazy\" decoding=\"async\" class=\"alignnone size-full wp-image-28948\" src=\"https:\/\/sysmatec.ch\/wp-content\/uploads\/2024\/01\/ConeFET_Sentron.jpg\" alt=\"\" width=\"254\" height=\"80\" \/><\/td>\n<td width=\"229\"><img loading=\"lazy\" decoding=\"async\" class=\"alignnone size-full wp-image-28951\" src=\"https:\/\/sysmatec.ch\/wp-content\/uploads\/2024\/01\/LanceFET_Sentron.jpg\" alt=\"\" width=\"253\" height=\"72\" \/><\/td>\n<\/tr>\n<tr>\n<td><\/td>\n<td width=\"210\">f\u00fcr allgemeine Zwecke<\/td>\n<td>pH-\/EC-\/ORP-\/T-Sonde mit Stahlspitze f\u00fcr einfaches Eindringen in feste Proben (z. B. Fleisch, Obst, Boden)<\/td>\n<\/tr>\n<tr>\n<td><\/td>\n<td>allgemeine Fl\u00fcssigkeiten (niedrige Viskosit\u00e4t)<\/td>\n<td>allgemeine Fl\u00fcssigkeiten (niedrige Viskosit\u00e4t)<\/td>\n<\/tr>\n<tr>\n<td><\/td>\n<td width=\"210\">Halbfl\u00fcssige Stoffe (niedrige bis mittlere Viskosit\u00e4t)<\/td>\n<td width=\"229\">Halbfl\u00fcssige Stoffe (niedrige bis mittlere Viskosit\u00e4t)<\/td>\n<\/tr>\n<tr>\n<td><\/td>\n<td width=\"210\">Pasten und Halbfeststoffe (mittlere bis hohe Viskosit\u00e4t)<\/td>\n<td width=\"229\">Pasten und Halbfeststoffe (mittlere bis hohe Viskosit\u00e4t)<\/td>\n<\/tr>\n<tr>\n<td><\/td>\n<td width=\"210\">Allgemeine Becher und Beh\u00e4lter<\/td>\n<td width=\"229\">Allgemeine Becher und Beh\u00e4lter<\/td>\n<\/tr>\n<tr>\n<td><\/td>\n<td><\/td>\n<td width=\"229\">Durchstechen-Anwendungen (normale bis mittlere Zwangspenetration)<\/td>\n<\/tr>\n<tr>\n<td>Leitf\u00e4higkeitsbereich<\/td>\n<td width=\"210\">50 bis 111 800 \u00b5S\/cm<\/td>\n<td width=\"229\">50 bis 111 800 \u00b5S\/cm<\/td>\n<\/tr>\n<tr>\n<td>Sensortyp<\/td>\n<td width=\"210\">4-Elektroden-EC-Sensor<\/td>\n<td width=\"229\">\u00a04-Elektroden-EC-Sensor<\/td>\n<\/tr>\n<tr>\n<td>Zellkonstante K (typisch)<\/td>\n<td width=\"210\">3.89 cm-1<\/td>\n<td width=\"229\">3.89 cm-1<\/td>\n<\/tr>\n<tr>\n<td>Genauigkeit<\/td>\n<td width=\"210\">1 % von 50 bis 12 880 \u00b5S\/cm, 10 % au\u00dferhalb<\/td>\n<td width=\"229\">1 % von 50 bis 12 880 \u00b5S\/cm, 10 % au\u00dferhalb<\/td>\n<\/tr>\n<tr>\n<td>Aufl\u00f6sung<\/td>\n<td width=\"210\">0.5 nS\/cm von 50 bis 12.880 \u00b5S\/cm, 50 nS\/cm au\u00dferhalb<\/td>\n<td width=\"229\">0.5 nS\/cm von 50 bis 12.880 \u00b5S\/cm, 50 nS\/cm au\u00dferhalb<\/td>\n<\/tr>\n<tr>\n<td width=\"144\">Typische Drift (in 1.413 \u00b5S\/cm EC<br \/>\nStandard bei 25\u00b0C)<\/td>\n<td width=\"210\">2.5 \u00b5S\/cm \/ Tag2.5 \u00b5S\/cm \/ Tag<\/td>\n<td width=\"229\"><\/td>\n<\/tr>\n<tr>\n<td>Kalibration<\/td>\n<td width=\"210\">im Werk \/ 1-Punkt-Kalibrierung<\/td>\n<td width=\"229\">\u00a0im Werk \/ 1-Punkt-Kalibrierung<\/td>\n<\/tr>\n<tr>\n<td>Automatische Temperaturkompensation (ATC)<\/td>\n<td width=\"210\">ja<\/td>\n<td width=\"229\">ja<\/td>\n<\/tr>\n<tr>\n<td>Oxidations-Reduktionsbereich<\/td>\n<td width=\"210\">-2.000\u00a0 bis +2.000 mV<\/td>\n<td width=\"229\">-2.000\u00a0 bis +2.000 mV<\/td>\n<\/tr>\n<tr>\n<td>Genauigkeit<\/td>\n<td width=\"210\">\u00b10.2mV<\/td>\n<td width=\"229\">\u00b10.2mV<\/td>\n<\/tr>\n<tr>\n<td>Aufl\u00f6sung<\/td>\n<td width=\"210\">0.1 mV<\/td>\n<td width=\"229\">0.1 mV<\/td>\n<\/tr>\n<tr>\n<td>Kalibration<\/td>\n<td width=\"210\">im Werk<\/td>\n<td width=\"229\">im Werk<\/td>\n<\/tr>\n<tr>\n<td><\/td>\n<td><\/td>\n<td><\/td>\n<\/tr>\n<tr>\n<td>pH Bereich<\/td>\n<td width=\"210\">0 bis 14<\/td>\n<td width=\"229\">0 bis 14<\/td>\n<\/tr>\n<tr>\n<td>Genauigkeit<\/td>\n<td width=\"210\">+\/- 0.02 pH<\/td>\n<td width=\"229\">+\/- 0.02 pH<\/td>\n<\/tr>\n<tr>\n<td>Aufl\u00f6sung<\/td>\n<td width=\"210\">0.01 pH<\/td>\n<td width=\"229\">0.01 pH<\/td>\n<\/tr>\n<tr>\n<td>Drift maximal (bei pH7 @ 25\u00b0C)<\/td>\n<td width=\"210\">0.14 pH\/Tag<\/td>\n<td width=\"229\">0.14 pH\/Tag<\/td>\n<\/tr>\n<tr>\n<td>Kalibration<\/td>\n<td width=\"210\">1-, 2-, 3- und 5-Punkt-Kalibrierung<\/td>\n<td width=\"229\">1-, 2-, 3- und 5-Punkt-Kalibrierung<\/td>\n<\/tr>\n<tr>\n<td width=\"144\">Automatische Temperaturkompensation (ATC)<\/td>\n<td width=\"210\">ja<\/td>\n<td width=\"229\">ja<\/td>\n<\/tr>\n<tr>\n<td>Kalibrierungspuffertypen<\/td>\n<td width=\"210\">Sentron-Puffer, DIN, NIST, JIS<\/td>\n<td width=\"229\">Sentron-Puffer, DIN, NIST, JIS<\/td>\n<\/tr>\n<tr>\n<td><\/td>\n<td><\/td>\n<td><\/td>\n<\/tr>\n<tr>\n<td>Temperatur Bereich<\/td>\n<td width=\"210\">0 bis 80 \u00b0C<\/td>\n<td width=\"229\">0 bis 80 \u00b0C<\/td>\n<\/tr>\n<tr>\n<td>Aufl\u00f6sung<\/td>\n<td width=\"210\">0.1 \u00b0C<\/td>\n<td width=\"229\">0.1 \u00b0C<\/td>\n<\/tr>\n<tr>\n<td>Genauigkeit<\/td>\n<td>1%<\/td>\n<td>1%<\/td>\n<\/tr>\n<tr>\n<td>Sensor<\/td>\n<td width=\"210\">NTC<\/td>\n<td width=\"229\">NTC<\/td>\n<\/tr>\n<\/tbody>\n<\/table>\n","protected":false},"excerpt":{"rendered":"<p>Elektrode zur Messung von pH, Leitf\u00e4higkeit, Redox und Temperatur.<\/p>\n","protected":false},"featured_media":28962,"template":"","meta":{"_crdt_document":""},"product_brand":[],"product_cat":[194,180,241,242],"product_tag":[],"class_list":{"0":"post-28957","1":"product","2":"type-product","3":"status-publish","4":"has-post-thumbnail","6":"product_cat-leitfaehigkeit","7":"product_cat-messung","8":"product_cat-ph-de","9":"product_cat-redox-de","11":"first","12":"instock","13":"taxable","14":"shipping-taxable","15":"product-type-simple"},"yoast_head":"<!-- This site is optimized with the Yoast SEO plugin v27.4 - https:\/\/yoast.com\/product\/yoast-seo-wordpress\/ -->\n<title>pH Leitf\u00e4higkeit ORP Temperatur Sonde - Sysmatec<\/title>\n<meta name=\"description\" content=\"Multifunktionselektrode zur Messung von pH, Leitf\u00e4higkeit, Redox und Temperatur mit Bluetooth-Kommunikation.\" \/>\n<meta name=\"robots\" content=\"index, follow, max-snippet:-1, max-image-preview:large, max-video-preview:-1\" \/>\n<link rel=\"canonical\" href=\"https:\/\/sysmatec.ch\/de\/Produkt\/ph-leitfaehigkeit-orp-temperatur-sonde\/\" \/>\n<meta property=\"og:locale\" content=\"de_DE\" \/>\n<meta property=\"og:type\" content=\"article\" \/>\n<meta property=\"og:title\" content=\"pH Leitf\u00e4higkeit ORP Temperatur Sonde - Sysmatec\" \/>\n<meta property=\"og:description\" content=\"Multifunktionselektrode zur Messung von pH, Leitf\u00e4higkeit, Redox und Temperatur mit Bluetooth-Kommunikation.\" \/>\n<meta property=\"og:url\" content=\"https:\/\/sysmatec.ch\/de\/Produkt\/ph-leitfaehigkeit-orp-temperatur-sonde\/\" \/>\n<meta property=\"og:site_name\" content=\"Sysmatec\" \/>\n<meta property=\"article:modified_time\" content=\"2024-01-17T18:13:44+00:00\" \/>\n<meta property=\"og:image\" content=\"https:\/\/sysmatec.ch\/wp-content\/uploads\/2024\/01\/pHRedoxConductuvite_Sentron-scaled.jpg\" \/>\n\t<meta property=\"og:image:width\" content=\"2560\" \/>\n\t<meta property=\"og:image:height\" content=\"2560\" \/>\n\t<meta property=\"og:image:type\" content=\"image\/jpeg\" \/>\n<meta name=\"twitter:card\" content=\"summary_large_image\" \/>\n<meta name=\"twitter:label1\" content=\"Gesch\u00e4tzte Lesezeit\" \/>\n\t<meta name=\"twitter:data1\" content=\"4\u00a0Minuten\" \/>\n<script type=\"application\/ld+json\" class=\"yoast-schema-graph\">{\"@context\":\"https:\\\/\\\/schema.org\",\"@graph\":[{\"@type\":\"WebPage\",\"@id\":\"https:\\\/\\\/sysmatec.ch\\\/de\\\/Produkt\\\/ph-leitfaehigkeit-orp-temperatur-sonde\\\/\",\"url\":\"https:\\\/\\\/sysmatec.ch\\\/de\\\/Produkt\\\/ph-leitfaehigkeit-orp-temperatur-sonde\\\/\",\"name\":\"pH Leitf\u00e4higkeit ORP Temperatur Sonde - Sysmatec\",\"isPartOf\":{\"@id\":\"https:\\\/\\\/sysmatec.ch\\\/de\\\/#website\"},\"primaryImageOfPage\":{\"@id\":\"https:\\\/\\\/sysmatec.ch\\\/de\\\/Produkt\\\/ph-leitfaehigkeit-orp-temperatur-sonde\\\/#primaryimage\"},\"image\":{\"@id\":\"https:\\\/\\\/sysmatec.ch\\\/de\\\/Produkt\\\/ph-leitfaehigkeit-orp-temperatur-sonde\\\/#primaryimage\"},\"thumbnailUrl\":\"https:\\\/\\\/sysmatec.ch\\\/wp-content\\\/uploads\\\/2024\\\/01\\\/pHRedoxConductuvite_Sentron-scaled.jpg\",\"datePublished\":\"2024-01-15T20:01:04+00:00\",\"dateModified\":\"2024-01-17T18:13:44+00:00\",\"description\":\"Multifunktionselektrode zur Messung von pH, Leitf\u00e4higkeit, Redox und Temperatur mit Bluetooth-Kommunikation.\",\"breadcrumb\":{\"@id\":\"https:\\\/\\\/sysmatec.ch\\\/de\\\/Produkt\\\/ph-leitfaehigkeit-orp-temperatur-sonde\\\/#breadcrumb\"},\"inLanguage\":\"de\",\"potentialAction\":[{\"@type\":\"ReadAction\",\"target\":[\"https:\\\/\\\/sysmatec.ch\\\/de\\\/Produkt\\\/ph-leitfaehigkeit-orp-temperatur-sonde\\\/\"]}]},{\"@type\":\"ImageObject\",\"inLanguage\":\"de\",\"@id\":\"https:\\\/\\\/sysmatec.ch\\\/de\\\/Produkt\\\/ph-leitfaehigkeit-orp-temperatur-sonde\\\/#primaryimage\",\"url\":\"https:\\\/\\\/sysmatec.ch\\\/wp-content\\\/uploads\\\/2024\\\/01\\\/pHRedoxConductuvite_Sentron-scaled.jpg\",\"contentUrl\":\"https:\\\/\\\/sysmatec.ch\\\/wp-content\\\/uploads\\\/2024\\\/01\\\/pHRedoxConductuvite_Sentron-scaled.jpg\",\"width\":2560,\"height\":2560},{\"@type\":\"BreadcrumbList\",\"@id\":\"https:\\\/\\\/sysmatec.ch\\\/de\\\/Produkt\\\/ph-leitfaehigkeit-orp-temperatur-sonde\\\/#breadcrumb\",\"itemListElement\":[{\"@type\":\"ListItem\",\"position\":1,\"name\":\"Accueil\",\"item\":\"https:\\\/\\\/sysmatec.ch\\\/de\\\/\"},{\"@type\":\"ListItem\",\"position\":2,\"name\":\"Die Aktivit\u00e4t von Sysmatec\",\"item\":\"https:\\\/\\\/sysmatec.ch\\\/de\\\/\"},{\"@type\":\"ListItem\",\"position\":3,\"name\":\"pH Leitf\u00e4higkeit ORP Temperatur Sonde\"}]},{\"@type\":\"WebSite\",\"@id\":\"https:\\\/\\\/sysmatec.ch\\\/de\\\/#website\",\"url\":\"https:\\\/\\\/sysmatec.ch\\\/de\\\/\",\"name\":\"Sysmatec\",\"description\":\"Equipement de laboratoire et logiciels\",\"publisher\":{\"@id\":\"https:\\\/\\\/sysmatec.ch\\\/de\\\/#organization\"},\"potentialAction\":[{\"@type\":\"SearchAction\",\"target\":{\"@type\":\"EntryPoint\",\"urlTemplate\":\"https:\\\/\\\/sysmatec.ch\\\/de\\\/?s={search_term_string}\"},\"query-input\":{\"@type\":\"PropertyValueSpecification\",\"valueRequired\":true,\"valueName\":\"search_term_string\"}}],\"inLanguage\":\"de\"},{\"@type\":\"Organization\",\"@id\":\"https:\\\/\\\/sysmatec.ch\\\/de\\\/#organization\",\"name\":\"Sysmatec\",\"url\":\"https:\\\/\\\/sysmatec.ch\\\/de\\\/\",\"logo\":{\"@type\":\"ImageObject\",\"inLanguage\":\"de\",\"@id\":\"https:\\\/\\\/sysmatec.ch\\\/de\\\/#\\\/schema\\\/logo\\\/image\\\/\",\"url\":\"https:\\\/\\\/sysmatec.ch\\\/wp-content\\\/uploads\\\/2018\\\/11\\\/LogoSysmatec.jpg\",\"contentUrl\":\"https:\\\/\\\/sysmatec.ch\\\/wp-content\\\/uploads\\\/2018\\\/11\\\/LogoSysmatec.jpg\",\"width\":301,\"height\":297,\"caption\":\"Sysmatec\"},\"image\":{\"@id\":\"https:\\\/\\\/sysmatec.ch\\\/de\\\/#\\\/schema\\\/logo\\\/image\\\/\"}}]}<\/script>\n<!-- \/ Yoast SEO plugin. -->","yoast_head_json":{"title":"pH Leitf\u00e4higkeit ORP Temperatur Sonde - Sysmatec","description":"Multifunktionselektrode zur Messung von pH, Leitf\u00e4higkeit, Redox und Temperatur mit Bluetooth-Kommunikation.","robots":{"index":"index","follow":"follow","max-snippet":"max-snippet:-1","max-image-preview":"max-image-preview:large","max-video-preview":"max-video-preview:-1"},"canonical":"https:\/\/sysmatec.ch\/de\/Produkt\/ph-leitfaehigkeit-orp-temperatur-sonde\/","og_locale":"de_DE","og_type":"article","og_title":"pH Leitf\u00e4higkeit ORP Temperatur Sonde - Sysmatec","og_description":"Multifunktionselektrode zur Messung von pH, Leitf\u00e4higkeit, Redox und Temperatur mit Bluetooth-Kommunikation.","og_url":"https:\/\/sysmatec.ch\/de\/Produkt\/ph-leitfaehigkeit-orp-temperatur-sonde\/","og_site_name":"Sysmatec","article_modified_time":"2024-01-17T18:13:44+00:00","og_image":[{"width":2560,"height":2560,"url":"https:\/\/sysmatec.ch\/wp-content\/uploads\/2024\/01\/pHRedoxConductuvite_Sentron-scaled.jpg","type":"image\/jpeg"}],"twitter_card":"summary_large_image","twitter_misc":{"Gesch\u00e4tzte Lesezeit":"4\u00a0Minuten"},"schema":{"@context":"https:\/\/schema.org","@graph":[{"@type":"WebPage","@id":"https:\/\/sysmatec.ch\/de\/Produkt\/ph-leitfaehigkeit-orp-temperatur-sonde\/","url":"https:\/\/sysmatec.ch\/de\/Produkt\/ph-leitfaehigkeit-orp-temperatur-sonde\/","name":"pH Leitf\u00e4higkeit ORP Temperatur Sonde - Sysmatec","isPartOf":{"@id":"https:\/\/sysmatec.ch\/de\/#website"},"primaryImageOfPage":{"@id":"https:\/\/sysmatec.ch\/de\/Produkt\/ph-leitfaehigkeit-orp-temperatur-sonde\/#primaryimage"},"image":{"@id":"https:\/\/sysmatec.ch\/de\/Produkt\/ph-leitfaehigkeit-orp-temperatur-sonde\/#primaryimage"},"thumbnailUrl":"https:\/\/sysmatec.ch\/wp-content\/uploads\/2024\/01\/pHRedoxConductuvite_Sentron-scaled.jpg","datePublished":"2024-01-15T20:01:04+00:00","dateModified":"2024-01-17T18:13:44+00:00","description":"Multifunktionselektrode zur Messung von pH, Leitf\u00e4higkeit, Redox und Temperatur mit Bluetooth-Kommunikation.","breadcrumb":{"@id":"https:\/\/sysmatec.ch\/de\/Produkt\/ph-leitfaehigkeit-orp-temperatur-sonde\/#breadcrumb"},"inLanguage":"de","potentialAction":[{"@type":"ReadAction","target":["https:\/\/sysmatec.ch\/de\/Produkt\/ph-leitfaehigkeit-orp-temperatur-sonde\/"]}]},{"@type":"ImageObject","inLanguage":"de","@id":"https:\/\/sysmatec.ch\/de\/Produkt\/ph-leitfaehigkeit-orp-temperatur-sonde\/#primaryimage","url":"https:\/\/sysmatec.ch\/wp-content\/uploads\/2024\/01\/pHRedoxConductuvite_Sentron-scaled.jpg","contentUrl":"https:\/\/sysmatec.ch\/wp-content\/uploads\/2024\/01\/pHRedoxConductuvite_Sentron-scaled.jpg","width":2560,"height":2560},{"@type":"BreadcrumbList","@id":"https:\/\/sysmatec.ch\/de\/Produkt\/ph-leitfaehigkeit-orp-temperatur-sonde\/#breadcrumb","itemListElement":[{"@type":"ListItem","position":1,"name":"Accueil","item":"https:\/\/sysmatec.ch\/de\/"},{"@type":"ListItem","position":2,"name":"Die Aktivit\u00e4t von Sysmatec","item":"https:\/\/sysmatec.ch\/de\/"},{"@type":"ListItem","position":3,"name":"pH Leitf\u00e4higkeit ORP Temperatur Sonde"}]},{"@type":"WebSite","@id":"https:\/\/sysmatec.ch\/de\/#website","url":"https:\/\/sysmatec.ch\/de\/","name":"Sysmatec","description":"Equipement de laboratoire et logiciels","publisher":{"@id":"https:\/\/sysmatec.ch\/de\/#organization"},"potentialAction":[{"@type":"SearchAction","target":{"@type":"EntryPoint","urlTemplate":"https:\/\/sysmatec.ch\/de\/?s={search_term_string}"},"query-input":{"@type":"PropertyValueSpecification","valueRequired":true,"valueName":"search_term_string"}}],"inLanguage":"de"},{"@type":"Organization","@id":"https:\/\/sysmatec.ch\/de\/#organization","name":"Sysmatec","url":"https:\/\/sysmatec.ch\/de\/","logo":{"@type":"ImageObject","inLanguage":"de","@id":"https:\/\/sysmatec.ch\/de\/#\/schema\/logo\/image\/","url":"https:\/\/sysmatec.ch\/wp-content\/uploads\/2018\/11\/LogoSysmatec.jpg","contentUrl":"https:\/\/sysmatec.ch\/wp-content\/uploads\/2018\/11\/LogoSysmatec.jpg","width":301,"height":297,"caption":"Sysmatec"},"image":{"@id":"https:\/\/sysmatec.ch\/de\/#\/schema\/logo\/image\/"}}]}},"_links":{"self":[{"href":"https:\/\/sysmatec.ch\/de\/wp-json\/wp\/v2\/product\/28957","targetHints":{"allow":["GET"]}}],"collection":[{"href":"https:\/\/sysmatec.ch\/de\/wp-json\/wp\/v2\/product"}],"about":[{"href":"https:\/\/sysmatec.ch\/de\/wp-json\/wp\/v2\/types\/product"}],"wp:featuredmedia":[{"embeddable":true,"href":"https:\/\/sysmatec.ch\/de\/wp-json\/wp\/v2\/media\/28962"}],"wp:attachment":[{"href":"https:\/\/sysmatec.ch\/de\/wp-json\/wp\/v2\/media?parent=28957"}],"wp:term":[{"taxonomy":"product_brand","embeddable":true,"href":"https:\/\/sysmatec.ch\/de\/wp-json\/wp\/v2\/product_brand?post=28957"},{"taxonomy":"product_cat","embeddable":true,"href":"https:\/\/sysmatec.ch\/de\/wp-json\/wp\/v2\/product_cat?post=28957"},{"taxonomy":"product_tag","embeddable":true,"href":"https:\/\/sysmatec.ch\/de\/wp-json\/wp\/v2\/product_tag?post=28957"}],"curies":[{"name":"wp","href":"https:\/\/api.w.org\/{rel}","templated":true}]}}