{"id":28934,"date":"2024-01-14T18:54:08","date_gmt":"2024-01-14T17:54:08","guid":{"rendered":"https:\/\/sysmatec.ch\/?post_type=product&#038;p=28934"},"modified":"2024-01-14T19:20:46","modified_gmt":"2024-01-14T18:20:46","slug":"ionenaustauschersaeule-r2","status":"publish","type":"product","link":"https:\/\/sysmatec.ch\/de\/Produkt\/ionenaustauschersaeule-r2\/","title":{"rendered":"Ionenaustauschers\u00e4ule R2"},"content":{"rendered":"<p>Le m\u00e9lange de r\u00e9sines qui composent l\u2019\u00e9changeur d\u2019ions R2 se comporte comme un grand nombre de paires d\u2019\u00e9changeurs de cations et d\u2019anions en s\u00e9rie. L\u2019acide fort produit par la r\u00e9sine cationique (RH+ + NaCl =&gt;RNa+ + HCl) est imm\u00e9diatement neutralis\u00e9 par la r\u00e9sine anionique voisine (ROH &#8211;+HCl RCl H2O) avec formation d\u2019eau, si bien que le front d\u2019\u00e9change reste neutre. Ainsi l\u2019eau qui traverse l\u2019\u00e9changeur est d\u00e9min\u00e9ralis\u00e9e sans lib\u00e9rer les co-ions issus de l\u2019\u00e9change, qui auraient pour effet de limiter la r\u00e9action par \u00e9tablissement d\u2019un \u00e9quilibre, comme dans le cas d\u2019un \u00e9change cationique ou anionique seul.<\/p>\n<p>Die Harzmischung, aus der der R2-Ionenaustauscher besteht, verh\u00e4lt sich wie eine gro\u00dfe Anzahl in Reihe geschalteter Kationen- und Anionenaustauscherpaare. Die vom kationischen Harz erzeugte starke S\u00e4ure (RH+ + NaCl =&gt;RNa+ + HCl) wird durch das benachbarte anionische Harz (ROH &#8211;+HCl RCl H2O) sofort unter Bildung von Wasser neutralisiert, so dass die Austauschfront neutral bleibt. Auf diese Weise wird das durch den Austauscher str\u00f6mende Wasser demineralisiert, ohne dass die aus dem Austausch resultierenden Co-Ionen freigesetzt werden, was zu einer Begrenzung der Reaktion durch die Herstellung eines Gleichgewichts f\u00fchren w\u00fcrde, wie im Fall eines alleinigen kationischen oder anionischen Austauschs.<br \/>\nDie H\u00f6he der Austauschfront h\u00e4ngt daher von der Diffusionsgeschwindigkeit der Ionen, der Volumenladung der L\u00f6sung und ihrer Anfangskonzentration ab.<br \/>\nAuf diese Weise erhalten wir Wasser von au\u00dfergew\u00f6hnlicher Qualit\u00e4t, das mit einer klassischen Technik in getrennten kationischen und anionischen Betten kaum zu gewinnen ist. Durch das Vorhandensein eines farbigen Indikators k\u00f6nnen Sie den S\u00e4ttigungspunkt visualisieren. Nach der S\u00e4ttigung kann das Harz nicht mehr regeneriert werden<\/p>\n<p>Die Ionenaustauschs\u00e4ule R2 erm\u00f6glicht die Gewinnung von gereinigtem Wasser f\u00fcr die Forschung, den medizinischen und pharmazeutischen Bereich.<\/p>\n<h2>Merkmale<\/h2>\n<ul>\n<li>Grundger\u00fcst: Styrol\/Divinylbenzol-Copolymer<\/li>\n<li>Funktionelle Gruppen: Quart\u00e4res Ammonium<\/li>\n<li>Zusammensetzung: 40 % stark saure Kationen, 60 % stark basische Anionen<\/li>\n<li>Ionische Form: H+ (mindestens 95 %)\/OH- (mindestens 90 %)<\/li>\n<li>Chemische Resistenz: unl\u00f6slich in S\u00e4uren, verd\u00fcnnten Basen und \u00fcblichen L\u00f6sungsmitteln.<\/li>\n<li>Leitf\u00e4higkeit: 0,3 bis 2 \u00b5S\/cm<\/li>\n<li>S\u00e4ttigung: Der Farbindikator wechselt nach Austausch von 715 Meq von Blau zu Ocker<\/li>\n<li>Maximaler Druck: 3 bar bei Umgebungstemperatur (2,5 bar empfohlen)<\/li>\n<li>Mindestens verarbeitetes Volumen: 180 l bei 20 \u00b0F<\/li>\n<li>Durchflussmenge: 20 Liter\/Stunde<\/li>\n<li>Betriebstemperatur: 10\u201360 \u00b0C<\/li>\n<li>Haltbarkeit: 2 Jahre, in der Originalverpackung, bei Raumtemperatur<\/li>\n<li>Abmessungen: 500x60mm<\/li>\n<li>Gewicht: 1,35 kg<\/li>\n<\/ul>\n<p>&nbsp;<\/p>\n<p>&nbsp;<\/p>\n","protected":false},"excerpt":{"rendered":"<p>Ionenaustauscher zur Wasserreinigung.<\/p>\n","protected":false},"featured_media":28944,"template":"","meta":{"_crdt_document":""},"product_brand":[],"product_cat":[125],"product_tag":[],"class_list":{"0":"post-28934","1":"product","2":"type-product","3":"status-publish","4":"has-post-thumbnail","6":"product_cat-reinstwasser","8":"first","9":"instock","10":"taxable","11":"shipping-taxable","12":"product-type-simple"},"yoast_head":"<!-- This site is optimized with the Yoast SEO plugin v27.3 - https:\/\/yoast.com\/product\/yoast-seo-wordpress\/ -->\n<title>Ionenaustauschers\u00e4ule R2 - Sysmatec<\/title>\n<meta name=\"description\" content=\"Ionenaustauschers\u00e4ule zur Wasserreinigung bestehend aus einem sauren Kationenaustauscher und einem basischen Anionenaustauscher.\" \/>\n<meta name=\"robots\" content=\"index, follow, max-snippet:-1, max-image-preview:large, max-video-preview:-1\" \/>\n<link rel=\"canonical\" href=\"https:\/\/sysmatec.ch\/de\/Produkt\/ionenaustauschersaeule-r2\/\" \/>\n<meta property=\"og:locale\" content=\"de_DE\" \/>\n<meta property=\"og:type\" content=\"article\" \/>\n<meta property=\"og:title\" content=\"Ionenaustauschers\u00e4ule R2 - Sysmatec\" \/>\n<meta property=\"og:description\" content=\"Ionenaustauschers\u00e4ule zur Wasserreinigung bestehend aus einem sauren Kationenaustauscher und einem basischen Anionenaustauscher.\" \/>\n<meta property=\"og:url\" content=\"https:\/\/sysmatec.ch\/de\/Produkt\/ionenaustauschersaeule-r2\/\" \/>\n<meta property=\"og:site_name\" content=\"Sysmatec\" \/>\n<meta property=\"article:modified_time\" content=\"2024-01-14T18:20:46+00:00\" \/>\n<meta property=\"og:image\" content=\"https:\/\/sysmatec.ch\/wp-content\/uploads\/2024\/01\/EauPure_MaxyU20.jpg\" \/>\n\t<meta property=\"og:image:width\" content=\"600\" \/>\n\t<meta property=\"og:image:height\" content=\"600\" \/>\n\t<meta property=\"og:image:type\" content=\"image\/jpeg\" \/>\n<meta name=\"twitter:card\" content=\"summary_large_image\" \/>\n<meta name=\"twitter:label1\" content=\"Gesch\u00e4tzte Lesezeit\" \/>\n\t<meta name=\"twitter:data1\" content=\"3\u00a0Minuten\" \/>\n<script type=\"application\/ld+json\" class=\"yoast-schema-graph\">{\"@context\":\"https:\\\/\\\/schema.org\",\"@graph\":[{\"@type\":\"WebPage\",\"@id\":\"https:\\\/\\\/sysmatec.ch\\\/de\\\/Produkt\\\/ionenaustauschersaeule-r2\\\/\",\"url\":\"https:\\\/\\\/sysmatec.ch\\\/de\\\/Produkt\\\/ionenaustauschersaeule-r2\\\/\",\"name\":\"Ionenaustauschers\u00e4ule R2 - Sysmatec\",\"isPartOf\":{\"@id\":\"https:\\\/\\\/sysmatec.ch\\\/de\\\/#website\"},\"primaryImageOfPage\":{\"@id\":\"https:\\\/\\\/sysmatec.ch\\\/de\\\/Produkt\\\/ionenaustauschersaeule-r2\\\/#primaryimage\"},\"image\":{\"@id\":\"https:\\\/\\\/sysmatec.ch\\\/de\\\/Produkt\\\/ionenaustauschersaeule-r2\\\/#primaryimage\"},\"thumbnailUrl\":\"https:\\\/\\\/sysmatec.ch\\\/wp-content\\\/uploads\\\/2024\\\/01\\\/R2-2022-600x600-1.jpg\",\"datePublished\":\"2024-01-14T17:54:08+00:00\",\"dateModified\":\"2024-01-14T18:20:46+00:00\",\"description\":\"Ionenaustauschers\u00e4ule zur Wasserreinigung bestehend aus einem sauren Kationenaustauscher und einem basischen Anionenaustauscher.\",\"breadcrumb\":{\"@id\":\"https:\\\/\\\/sysmatec.ch\\\/de\\\/Produkt\\\/ionenaustauschersaeule-r2\\\/#breadcrumb\"},\"inLanguage\":\"de\",\"potentialAction\":[{\"@type\":\"ReadAction\",\"target\":[\"https:\\\/\\\/sysmatec.ch\\\/de\\\/Produkt\\\/ionenaustauschersaeule-r2\\\/\"]}]},{\"@type\":\"ImageObject\",\"inLanguage\":\"de\",\"@id\":\"https:\\\/\\\/sysmatec.ch\\\/de\\\/Produkt\\\/ionenaustauschersaeule-r2\\\/#primaryimage\",\"url\":\"https:\\\/\\\/sysmatec.ch\\\/wp-content\\\/uploads\\\/2024\\\/01\\\/R2-2022-600x600-1.jpg\",\"contentUrl\":\"https:\\\/\\\/sysmatec.ch\\\/wp-content\\\/uploads\\\/2024\\\/01\\\/R2-2022-600x600-1.jpg\",\"width\":600,\"height\":600},{\"@type\":\"BreadcrumbList\",\"@id\":\"https:\\\/\\\/sysmatec.ch\\\/de\\\/Produkt\\\/ionenaustauschersaeule-r2\\\/#breadcrumb\",\"itemListElement\":[{\"@type\":\"ListItem\",\"position\":1,\"name\":\"Accueil\",\"item\":\"https:\\\/\\\/sysmatec.ch\\\/de\\\/\"},{\"@type\":\"ListItem\",\"position\":2,\"name\":\"Die Aktivit\u00e4t von Sysmatec\",\"item\":\"https:\\\/\\\/sysmatec.ch\\\/de\\\/\"},{\"@type\":\"ListItem\",\"position\":3,\"name\":\"Ionenaustauschers\u00e4ule R2\"}]},{\"@type\":\"WebSite\",\"@id\":\"https:\\\/\\\/sysmatec.ch\\\/de\\\/#website\",\"url\":\"https:\\\/\\\/sysmatec.ch\\\/de\\\/\",\"name\":\"Sysmatec\",\"description\":\"Equipement de laboratoire et logiciels\",\"publisher\":{\"@id\":\"https:\\\/\\\/sysmatec.ch\\\/de\\\/#organization\"},\"potentialAction\":[{\"@type\":\"SearchAction\",\"target\":{\"@type\":\"EntryPoint\",\"urlTemplate\":\"https:\\\/\\\/sysmatec.ch\\\/de\\\/?s={search_term_string}\"},\"query-input\":{\"@type\":\"PropertyValueSpecification\",\"valueRequired\":true,\"valueName\":\"search_term_string\"}}],\"inLanguage\":\"de\"},{\"@type\":\"Organization\",\"@id\":\"https:\\\/\\\/sysmatec.ch\\\/de\\\/#organization\",\"name\":\"Sysmatec\",\"url\":\"https:\\\/\\\/sysmatec.ch\\\/de\\\/\",\"logo\":{\"@type\":\"ImageObject\",\"inLanguage\":\"de\",\"@id\":\"https:\\\/\\\/sysmatec.ch\\\/de\\\/#\\\/schema\\\/logo\\\/image\\\/\",\"url\":\"https:\\\/\\\/sysmatec.ch\\\/wp-content\\\/uploads\\\/2018\\\/11\\\/LogoSysmatec.jpg\",\"contentUrl\":\"https:\\\/\\\/sysmatec.ch\\\/wp-content\\\/uploads\\\/2018\\\/11\\\/LogoSysmatec.jpg\",\"width\":301,\"height\":297,\"caption\":\"Sysmatec\"},\"image\":{\"@id\":\"https:\\\/\\\/sysmatec.ch\\\/de\\\/#\\\/schema\\\/logo\\\/image\\\/\"}}]}<\/script>\n<!-- \/ Yoast SEO plugin. -->","yoast_head_json":{"title":"Ionenaustauschers\u00e4ule R2 - Sysmatec","description":"Ionenaustauschers\u00e4ule zur Wasserreinigung bestehend aus einem sauren Kationenaustauscher und einem basischen Anionenaustauscher.","robots":{"index":"index","follow":"follow","max-snippet":"max-snippet:-1","max-image-preview":"max-image-preview:large","max-video-preview":"max-video-preview:-1"},"canonical":"https:\/\/sysmatec.ch\/de\/Produkt\/ionenaustauschersaeule-r2\/","og_locale":"de_DE","og_type":"article","og_title":"Ionenaustauschers\u00e4ule R2 - Sysmatec","og_description":"Ionenaustauschers\u00e4ule zur Wasserreinigung bestehend aus einem sauren Kationenaustauscher und einem basischen Anionenaustauscher.","og_url":"https:\/\/sysmatec.ch\/de\/Produkt\/ionenaustauschersaeule-r2\/","og_site_name":"Sysmatec","article_modified_time":"2024-01-14T18:20:46+00:00","og_image":[{"width":600,"height":600,"url":"https:\/\/sysmatec.ch\/wp-content\/uploads\/2024\/01\/EauPure_MaxyU20.jpg","type":"image\/jpeg"}],"twitter_card":"summary_large_image","twitter_misc":{"Gesch\u00e4tzte Lesezeit":"3\u00a0Minuten"},"schema":{"@context":"https:\/\/schema.org","@graph":[{"@type":"WebPage","@id":"https:\/\/sysmatec.ch\/de\/Produkt\/ionenaustauschersaeule-r2\/","url":"https:\/\/sysmatec.ch\/de\/Produkt\/ionenaustauschersaeule-r2\/","name":"Ionenaustauschers\u00e4ule R2 - Sysmatec","isPartOf":{"@id":"https:\/\/sysmatec.ch\/de\/#website"},"primaryImageOfPage":{"@id":"https:\/\/sysmatec.ch\/de\/Produkt\/ionenaustauschersaeule-r2\/#primaryimage"},"image":{"@id":"https:\/\/sysmatec.ch\/de\/Produkt\/ionenaustauschersaeule-r2\/#primaryimage"},"thumbnailUrl":"https:\/\/sysmatec.ch\/wp-content\/uploads\/2024\/01\/R2-2022-600x600-1.jpg","datePublished":"2024-01-14T17:54:08+00:00","dateModified":"2024-01-14T18:20:46+00:00","description":"Ionenaustauschers\u00e4ule zur Wasserreinigung bestehend aus einem sauren Kationenaustauscher und einem basischen Anionenaustauscher.","breadcrumb":{"@id":"https:\/\/sysmatec.ch\/de\/Produkt\/ionenaustauschersaeule-r2\/#breadcrumb"},"inLanguage":"de","potentialAction":[{"@type":"ReadAction","target":["https:\/\/sysmatec.ch\/de\/Produkt\/ionenaustauschersaeule-r2\/"]}]},{"@type":"ImageObject","inLanguage":"de","@id":"https:\/\/sysmatec.ch\/de\/Produkt\/ionenaustauschersaeule-r2\/#primaryimage","url":"https:\/\/sysmatec.ch\/wp-content\/uploads\/2024\/01\/R2-2022-600x600-1.jpg","contentUrl":"https:\/\/sysmatec.ch\/wp-content\/uploads\/2024\/01\/R2-2022-600x600-1.jpg","width":600,"height":600},{"@type":"BreadcrumbList","@id":"https:\/\/sysmatec.ch\/de\/Produkt\/ionenaustauschersaeule-r2\/#breadcrumb","itemListElement":[{"@type":"ListItem","position":1,"name":"Accueil","item":"https:\/\/sysmatec.ch\/de\/"},{"@type":"ListItem","position":2,"name":"Die Aktivit\u00e4t von Sysmatec","item":"https:\/\/sysmatec.ch\/de\/"},{"@type":"ListItem","position":3,"name":"Ionenaustauschers\u00e4ule R2"}]},{"@type":"WebSite","@id":"https:\/\/sysmatec.ch\/de\/#website","url":"https:\/\/sysmatec.ch\/de\/","name":"Sysmatec","description":"Equipement de laboratoire et logiciels","publisher":{"@id":"https:\/\/sysmatec.ch\/de\/#organization"},"potentialAction":[{"@type":"SearchAction","target":{"@type":"EntryPoint","urlTemplate":"https:\/\/sysmatec.ch\/de\/?s={search_term_string}"},"query-input":{"@type":"PropertyValueSpecification","valueRequired":true,"valueName":"search_term_string"}}],"inLanguage":"de"},{"@type":"Organization","@id":"https:\/\/sysmatec.ch\/de\/#organization","name":"Sysmatec","url":"https:\/\/sysmatec.ch\/de\/","logo":{"@type":"ImageObject","inLanguage":"de","@id":"https:\/\/sysmatec.ch\/de\/#\/schema\/logo\/image\/","url":"https:\/\/sysmatec.ch\/wp-content\/uploads\/2018\/11\/LogoSysmatec.jpg","contentUrl":"https:\/\/sysmatec.ch\/wp-content\/uploads\/2018\/11\/LogoSysmatec.jpg","width":301,"height":297,"caption":"Sysmatec"},"image":{"@id":"https:\/\/sysmatec.ch\/de\/#\/schema\/logo\/image\/"}}]}},"_links":{"self":[{"href":"https:\/\/sysmatec.ch\/de\/wp-json\/wp\/v2\/product\/28934","targetHints":{"allow":["GET"]}}],"collection":[{"href":"https:\/\/sysmatec.ch\/de\/wp-json\/wp\/v2\/product"}],"about":[{"href":"https:\/\/sysmatec.ch\/de\/wp-json\/wp\/v2\/types\/product"}],"wp:featuredmedia":[{"embeddable":true,"href":"https:\/\/sysmatec.ch\/de\/wp-json\/wp\/v2\/media\/28944"}],"wp:attachment":[{"href":"https:\/\/sysmatec.ch\/de\/wp-json\/wp\/v2\/media?parent=28934"}],"wp:term":[{"taxonomy":"product_brand","embeddable":true,"href":"https:\/\/sysmatec.ch\/de\/wp-json\/wp\/v2\/product_brand?post=28934"},{"taxonomy":"product_cat","embeddable":true,"href":"https:\/\/sysmatec.ch\/de\/wp-json\/wp\/v2\/product_cat?post=28934"},{"taxonomy":"product_tag","embeddable":true,"href":"https:\/\/sysmatec.ch\/de\/wp-json\/wp\/v2\/product_tag?post=28934"}],"curies":[{"name":"wp","href":"https:\/\/api.w.org\/{rel}","templated":true}]}}