{"id":28920,"date":"2024-01-14T11:46:36","date_gmt":"2024-01-14T10:46:36","guid":{"rendered":"https:\/\/sysmatec.ch\/?post_type=product&#038;p=28920"},"modified":"2024-01-14T12:04:20","modified_gmt":"2024-01-14T11:04:20","slug":"ionenaustauschsaeule-rmax","status":"publish","type":"product","link":"https:\/\/sysmatec.ch\/de\/Produkt\/ionenaustauschsaeule-rmax\/","title":{"rendered":"Ionenaustauschs\u00e4ule Rmax"},"content":{"rendered":"<p>Das Mischbett aus Harzen, aus dem der Rmax-Ionenaustauscher besteht, verh\u00e4lt sich wie eine gro\u00dfe Anzahl in Reihe geschalteter Kationen- und Anionenaustauscherpaare. Die vom kationischen Harz erzeugte starke S\u00e4ure wird durch das benachbarte anionische Harz sofort unter Bildung von Wasser neutralisiert, so dass die Austauschfront neutral bleibt.<br \/>\nAuf diese Weise wird das Wasser, das durch den Austauscher flie\u00dft, demineralisiert, ohne dass die aus dem Austausch resultierenden Co-Ionen freigesetzt werden, was zu einer Begrenzung der Reaktion durch die Herstellung eines Gleichgewichts f\u00fchren w\u00fcrde, wie im Fall eines alleinigen kationischen oder anionischen Austauschs. Die H\u00f6he der Austauschfront h\u00e4ngt von der Diffusionsgeschwindigkeit der Ionen, der Volumenladung der L\u00f6sung und ihrer Anfangskonzentration ab. Auf diese Weise erhalten wir Wasser von au\u00dfergew\u00f6hnlicher Qualit\u00e4t, das mit einer klassischen Technik in getrennten kationischen und anionischen Betten kaum zu gewinnen ist.<\/p>\n<p>Durch das Vorhandensein eines farbigen Indikators k\u00f6nnen Sie den S\u00e4ttigungspunkt visualisieren. Bei S\u00e4ttigung wechselt das Harz von Blau zu Ocker. Nach einer S\u00e4ttigung kann das Harz nicht regeneriert werden.<\/p>\n<h2>Merkmale<\/h2>\n<ul>\n<li>Produziert reines und hochreines Wasser zu geringen Kosten<\/li>\n<li>Funktioniert ohne Strom<\/li>\n<li>Einfacher S\u00e4ulenwechsel (Werkzeug im Lieferumfang enthalten)<\/li>\n<li>Grundger\u00fcst: Styrol\/Divinylbenzol-Copolymer<\/li>\n<li>Funktionelle Gruppen: Quart\u00e4res Ammonium<\/li>\n<li>Chemische Best\u00e4ndigkeit: unl\u00f6slich in S\u00e4uren, verd\u00fcnnten Basen und \u00fcblichen L\u00f6sungsmitteln<\/li>\n<li>Leitf\u00e4higkeit: &lt;2 \u00b5S\/cm<\/li>\n<li>S\u00e4ttigung: Farbindikator \u00e4ndert sich nach Austausch von 1117 Meq von Blau zu Ocker<\/li>\n<li>Maximaler Druck: 2,5 bar bei Raumtemperatur<\/li>\n<li>Mindestens behandeltes Volumen: 280 l bei 20 \u00b0F<\/li>\n<li>Durchflussmenge: 80 Liter\/Stunde<\/li>\n<li>Betriebstemperatur: 10 bis 60 \u00b0C<br \/>\nAbmessungen: H\u00f6he 430 mm, Durchmesser 80 mm<\/li>\n<li>Tipps: Lang + Diffusoren<\/li>\n<li>Bruttogewicht: 1,8 kg<\/li>\n<li>Haltbarkeit: 2 Jahre, in der Originalverpackung, bei Raumtemperatur.<\/li>\n<\/ul>\n<p>&nbsp;<\/p>\n<p>&nbsp;<\/p>\n","protected":false},"excerpt":{"rendered":"<p>Ionenaustauscher zur Herstellung von Rein- und Reinstwasser.<\/p>\n","protected":false},"featured_media":28924,"template":"","meta":{"_crdt_document":""},"product_brand":[],"product_cat":[125],"product_tag":[],"class_list":{"0":"post-28920","1":"product","2":"type-product","3":"status-publish","4":"has-post-thumbnail","6":"product_cat-reinstwasser","8":"first","9":"instock","10":"taxable","11":"shipping-taxable","12":"product-type-simple"},"yoast_head":"<!-- This site is optimized with the Yoast SEO plugin v27.3 - https:\/\/yoast.com\/product\/yoast-seo-wordpress\/ -->\n<title>Ionenaustauschs\u00e4ule Rmax - Sysmatec<\/title>\n<meta name=\"description\" content=\"Ionenaustauschers\u00e4ule zur Herstellung von Rein- und Reinstwasser bestehend aus einem sauren Kationenaustauscher und einem basischen Anionenaustauscher.\" \/>\n<meta name=\"robots\" content=\"index, follow, max-snippet:-1, max-image-preview:large, max-video-preview:-1\" \/>\n<link rel=\"canonical\" href=\"https:\/\/sysmatec.ch\/de\/Produkt\/ionenaustauschsaeule-rmax\/\" \/>\n<meta property=\"og:locale\" content=\"de_DE\" \/>\n<meta property=\"og:type\" content=\"article\" \/>\n<meta property=\"og:title\" content=\"Ionenaustauschs\u00e4ule Rmax - Sysmatec\" \/>\n<meta property=\"og:description\" content=\"Ionenaustauschers\u00e4ule zur Herstellung von Rein- und Reinstwasser bestehend aus einem sauren Kationenaustauscher und einem basischen Anionenaustauscher.\" \/>\n<meta property=\"og:url\" content=\"https:\/\/sysmatec.ch\/de\/Produkt\/ionenaustauschsaeule-rmax\/\" \/>\n<meta property=\"og:site_name\" content=\"Sysmatec\" \/>\n<meta property=\"article:modified_time\" content=\"2024-01-14T11:04:20+00:00\" \/>\n<meta property=\"og:image\" content=\"https:\/\/sysmatec.ch\/wp-content\/uploads\/2024\/01\/EauPure_MaxyRMAX.jpg\" \/>\n\t<meta property=\"og:image:width\" content=\"600\" \/>\n\t<meta property=\"og:image:height\" content=\"600\" \/>\n\t<meta property=\"og:image:type\" content=\"image\/jpeg\" \/>\n<meta name=\"twitter:card\" content=\"summary_large_image\" \/>\n<meta name=\"twitter:label1\" content=\"Gesch\u00e4tzte Lesezeit\" \/>\n\t<meta name=\"twitter:data1\" content=\"2\u00a0Minuten\" \/>\n<script type=\"application\/ld+json\" class=\"yoast-schema-graph\">{\"@context\":\"https:\\\/\\\/schema.org\",\"@graph\":[{\"@type\":\"WebPage\",\"@id\":\"https:\\\/\\\/sysmatec.ch\\\/de\\\/Produkt\\\/ionenaustauschsaeule-rmax\\\/\",\"url\":\"https:\\\/\\\/sysmatec.ch\\\/de\\\/Produkt\\\/ionenaustauschsaeule-rmax\\\/\",\"name\":\"Ionenaustauschs\u00e4ule Rmax - Sysmatec\",\"isPartOf\":{\"@id\":\"https:\\\/\\\/sysmatec.ch\\\/de\\\/#website\"},\"primaryImageOfPage\":{\"@id\":\"https:\\\/\\\/sysmatec.ch\\\/de\\\/Produkt\\\/ionenaustauschsaeule-rmax\\\/#primaryimage\"},\"image\":{\"@id\":\"https:\\\/\\\/sysmatec.ch\\\/de\\\/Produkt\\\/ionenaustauschsaeule-rmax\\\/#primaryimage\"},\"thumbnailUrl\":\"https:\\\/\\\/sysmatec.ch\\\/wp-content\\\/uploads\\\/2024\\\/01\\\/EauPure_MaxyRMAX.jpg\",\"datePublished\":\"2024-01-14T10:46:36+00:00\",\"dateModified\":\"2024-01-14T11:04:20+00:00\",\"description\":\"Ionenaustauschers\u00e4ule zur Herstellung von Rein- und Reinstwasser bestehend aus einem sauren Kationenaustauscher und einem basischen Anionenaustauscher.\",\"breadcrumb\":{\"@id\":\"https:\\\/\\\/sysmatec.ch\\\/de\\\/Produkt\\\/ionenaustauschsaeule-rmax\\\/#breadcrumb\"},\"inLanguage\":\"de\",\"potentialAction\":[{\"@type\":\"ReadAction\",\"target\":[\"https:\\\/\\\/sysmatec.ch\\\/de\\\/Produkt\\\/ionenaustauschsaeule-rmax\\\/\"]}]},{\"@type\":\"ImageObject\",\"inLanguage\":\"de\",\"@id\":\"https:\\\/\\\/sysmatec.ch\\\/de\\\/Produkt\\\/ionenaustauschsaeule-rmax\\\/#primaryimage\",\"url\":\"https:\\\/\\\/sysmatec.ch\\\/wp-content\\\/uploads\\\/2024\\\/01\\\/EauPure_MaxyRMAX.jpg\",\"contentUrl\":\"https:\\\/\\\/sysmatec.ch\\\/wp-content\\\/uploads\\\/2024\\\/01\\\/EauPure_MaxyRMAX.jpg\",\"width\":600,\"height\":600},{\"@type\":\"BreadcrumbList\",\"@id\":\"https:\\\/\\\/sysmatec.ch\\\/de\\\/Produkt\\\/ionenaustauschsaeule-rmax\\\/#breadcrumb\",\"itemListElement\":[{\"@type\":\"ListItem\",\"position\":1,\"name\":\"Accueil\",\"item\":\"https:\\\/\\\/sysmatec.ch\\\/de\\\/\"},{\"@type\":\"ListItem\",\"position\":2,\"name\":\"Die Aktivit\u00e4t von Sysmatec\",\"item\":\"https:\\\/\\\/sysmatec.ch\\\/de\\\/\"},{\"@type\":\"ListItem\",\"position\":3,\"name\":\"Ionenaustauschs\u00e4ule Rmax\"}]},{\"@type\":\"WebSite\",\"@id\":\"https:\\\/\\\/sysmatec.ch\\\/de\\\/#website\",\"url\":\"https:\\\/\\\/sysmatec.ch\\\/de\\\/\",\"name\":\"Sysmatec\",\"description\":\"Equipement de laboratoire et logiciels\",\"publisher\":{\"@id\":\"https:\\\/\\\/sysmatec.ch\\\/de\\\/#organization\"},\"potentialAction\":[{\"@type\":\"SearchAction\",\"target\":{\"@type\":\"EntryPoint\",\"urlTemplate\":\"https:\\\/\\\/sysmatec.ch\\\/de\\\/?s={search_term_string}\"},\"query-input\":{\"@type\":\"PropertyValueSpecification\",\"valueRequired\":true,\"valueName\":\"search_term_string\"}}],\"inLanguage\":\"de\"},{\"@type\":\"Organization\",\"@id\":\"https:\\\/\\\/sysmatec.ch\\\/de\\\/#organization\",\"name\":\"Sysmatec\",\"url\":\"https:\\\/\\\/sysmatec.ch\\\/de\\\/\",\"logo\":{\"@type\":\"ImageObject\",\"inLanguage\":\"de\",\"@id\":\"https:\\\/\\\/sysmatec.ch\\\/de\\\/#\\\/schema\\\/logo\\\/image\\\/\",\"url\":\"https:\\\/\\\/sysmatec.ch\\\/wp-content\\\/uploads\\\/2018\\\/11\\\/LogoSysmatec.jpg\",\"contentUrl\":\"https:\\\/\\\/sysmatec.ch\\\/wp-content\\\/uploads\\\/2018\\\/11\\\/LogoSysmatec.jpg\",\"width\":301,\"height\":297,\"caption\":\"Sysmatec\"},\"image\":{\"@id\":\"https:\\\/\\\/sysmatec.ch\\\/de\\\/#\\\/schema\\\/logo\\\/image\\\/\"}}]}<\/script>\n<!-- \/ Yoast SEO plugin. -->","yoast_head_json":{"title":"Ionenaustauschs\u00e4ule Rmax - Sysmatec","description":"Ionenaustauschers\u00e4ule zur Herstellung von Rein- und Reinstwasser bestehend aus einem sauren Kationenaustauscher und einem basischen Anionenaustauscher.","robots":{"index":"index","follow":"follow","max-snippet":"max-snippet:-1","max-image-preview":"max-image-preview:large","max-video-preview":"max-video-preview:-1"},"canonical":"https:\/\/sysmatec.ch\/de\/Produkt\/ionenaustauschsaeule-rmax\/","og_locale":"de_DE","og_type":"article","og_title":"Ionenaustauschs\u00e4ule Rmax - Sysmatec","og_description":"Ionenaustauschers\u00e4ule zur Herstellung von Rein- und Reinstwasser bestehend aus einem sauren Kationenaustauscher und einem basischen Anionenaustauscher.","og_url":"https:\/\/sysmatec.ch\/de\/Produkt\/ionenaustauschsaeule-rmax\/","og_site_name":"Sysmatec","article_modified_time":"2024-01-14T11:04:20+00:00","og_image":[{"width":600,"height":600,"url":"https:\/\/sysmatec.ch\/wp-content\/uploads\/2024\/01\/EauPure_MaxyRMAX.jpg","type":"image\/jpeg"}],"twitter_card":"summary_large_image","twitter_misc":{"Gesch\u00e4tzte Lesezeit":"2\u00a0Minuten"},"schema":{"@context":"https:\/\/schema.org","@graph":[{"@type":"WebPage","@id":"https:\/\/sysmatec.ch\/de\/Produkt\/ionenaustauschsaeule-rmax\/","url":"https:\/\/sysmatec.ch\/de\/Produkt\/ionenaustauschsaeule-rmax\/","name":"Ionenaustauschs\u00e4ule Rmax - Sysmatec","isPartOf":{"@id":"https:\/\/sysmatec.ch\/de\/#website"},"primaryImageOfPage":{"@id":"https:\/\/sysmatec.ch\/de\/Produkt\/ionenaustauschsaeule-rmax\/#primaryimage"},"image":{"@id":"https:\/\/sysmatec.ch\/de\/Produkt\/ionenaustauschsaeule-rmax\/#primaryimage"},"thumbnailUrl":"https:\/\/sysmatec.ch\/wp-content\/uploads\/2024\/01\/EauPure_MaxyRMAX.jpg","datePublished":"2024-01-14T10:46:36+00:00","dateModified":"2024-01-14T11:04:20+00:00","description":"Ionenaustauschers\u00e4ule zur Herstellung von Rein- und Reinstwasser bestehend aus einem sauren Kationenaustauscher und einem basischen Anionenaustauscher.","breadcrumb":{"@id":"https:\/\/sysmatec.ch\/de\/Produkt\/ionenaustauschsaeule-rmax\/#breadcrumb"},"inLanguage":"de","potentialAction":[{"@type":"ReadAction","target":["https:\/\/sysmatec.ch\/de\/Produkt\/ionenaustauschsaeule-rmax\/"]}]},{"@type":"ImageObject","inLanguage":"de","@id":"https:\/\/sysmatec.ch\/de\/Produkt\/ionenaustauschsaeule-rmax\/#primaryimage","url":"https:\/\/sysmatec.ch\/wp-content\/uploads\/2024\/01\/EauPure_MaxyRMAX.jpg","contentUrl":"https:\/\/sysmatec.ch\/wp-content\/uploads\/2024\/01\/EauPure_MaxyRMAX.jpg","width":600,"height":600},{"@type":"BreadcrumbList","@id":"https:\/\/sysmatec.ch\/de\/Produkt\/ionenaustauschsaeule-rmax\/#breadcrumb","itemListElement":[{"@type":"ListItem","position":1,"name":"Accueil","item":"https:\/\/sysmatec.ch\/de\/"},{"@type":"ListItem","position":2,"name":"Die Aktivit\u00e4t von Sysmatec","item":"https:\/\/sysmatec.ch\/de\/"},{"@type":"ListItem","position":3,"name":"Ionenaustauschs\u00e4ule Rmax"}]},{"@type":"WebSite","@id":"https:\/\/sysmatec.ch\/de\/#website","url":"https:\/\/sysmatec.ch\/de\/","name":"Sysmatec","description":"Equipement de laboratoire et logiciels","publisher":{"@id":"https:\/\/sysmatec.ch\/de\/#organization"},"potentialAction":[{"@type":"SearchAction","target":{"@type":"EntryPoint","urlTemplate":"https:\/\/sysmatec.ch\/de\/?s={search_term_string}"},"query-input":{"@type":"PropertyValueSpecification","valueRequired":true,"valueName":"search_term_string"}}],"inLanguage":"de"},{"@type":"Organization","@id":"https:\/\/sysmatec.ch\/de\/#organization","name":"Sysmatec","url":"https:\/\/sysmatec.ch\/de\/","logo":{"@type":"ImageObject","inLanguage":"de","@id":"https:\/\/sysmatec.ch\/de\/#\/schema\/logo\/image\/","url":"https:\/\/sysmatec.ch\/wp-content\/uploads\/2018\/11\/LogoSysmatec.jpg","contentUrl":"https:\/\/sysmatec.ch\/wp-content\/uploads\/2018\/11\/LogoSysmatec.jpg","width":301,"height":297,"caption":"Sysmatec"},"image":{"@id":"https:\/\/sysmatec.ch\/de\/#\/schema\/logo\/image\/"}}]}},"_links":{"self":[{"href":"https:\/\/sysmatec.ch\/de\/wp-json\/wp\/v2\/product\/28920","targetHints":{"allow":["GET"]}}],"collection":[{"href":"https:\/\/sysmatec.ch\/de\/wp-json\/wp\/v2\/product"}],"about":[{"href":"https:\/\/sysmatec.ch\/de\/wp-json\/wp\/v2\/types\/product"}],"wp:featuredmedia":[{"embeddable":true,"href":"https:\/\/sysmatec.ch\/de\/wp-json\/wp\/v2\/media\/28924"}],"wp:attachment":[{"href":"https:\/\/sysmatec.ch\/de\/wp-json\/wp\/v2\/media?parent=28920"}],"wp:term":[{"taxonomy":"product_brand","embeddable":true,"href":"https:\/\/sysmatec.ch\/de\/wp-json\/wp\/v2\/product_brand?post=28920"},{"taxonomy":"product_cat","embeddable":true,"href":"https:\/\/sysmatec.ch\/de\/wp-json\/wp\/v2\/product_cat?post=28920"},{"taxonomy":"product_tag","embeddable":true,"href":"https:\/\/sysmatec.ch\/de\/wp-json\/wp\/v2\/product_tag?post=28920"}],"curies":[{"name":"wp","href":"https:\/\/api.w.org\/{rel}","templated":true}]}}