{"id":28878,"date":"2024-01-06T21:12:51","date_gmt":"2024-01-06T20:12:51","guid":{"rendered":"https:\/\/sysmatec.ch\/?post_type=product&#038;p=28878"},"modified":"2024-01-07T11:33:09","modified_gmt":"2024-01-07T10:33:09","slug":"feuchtigkeitsgenerator-hg6000","status":"publish","type":"product","link":"https:\/\/sysmatec.ch\/de\/Produkt\/feuchtigkeitsgenerator-hg6000\/","title":{"rendered":"Feuchtigkeitsgenerator HG6000"},"content":{"rendered":"<p>Bei diesem Ger\u00e4t handelt es sich um einen Hochleistungs-Mischstrom-Feuchtegenerator. Basierend auf der Halbleiter-Thermostat-Technologie kann innerhalb des eingestellten Temperaturbereichs eine Umgebung mit unterschiedlicher Luftfeuchtigkeit erzeugt werden. Die eingebaute Doppelpumpe und der R\u00fchrventilator k\u00f6nnen schnell auf den eingestellten Feuchtigkeitswert reagieren. Der Feuchtegenerator kann die Kalibrierung innerhalb kurzer Zeit durchf\u00fchren, da seine Stabilit\u00e4tszeit weniger als 10 Minuten betr\u00e4gt.<\/p>\n<p>Die Benutzeroberfl\u00e4che ist einfach und erm\u00f6glicht eine schnelle Abfrage grundlegender Funktionen wie Temperatur- und Luftfeuchtigkeitseinstellung, Programmierung usw. durch Dr\u00fccken der Taste. Sie k\u00f6nnen die Daten\u00e4nderung anhand der Grafik \u00fcberpr\u00fcfen. Auf der rechten Seite der Benutzeroberfl\u00e4che befinden sich die Tastenkombinationen, z. B. Speicherverwaltung,\u00a0 Screenshot, Tag- und Nachtmodus, Systemeinstellungen, Bildschirmsperre usw.<\/p>\n<h2>Merkmale<\/h2>\n<ul>\n<li>Luftfeuchtigkeitsbereich: 5 bis 95 % relative Luftfeuchtigkeit<\/li>\n<li>Stabilit\u00e4t der Feuchtigkeitsregelung: \u00b10.2 % RH<\/li>\n<li>Feuchtigkeitsgenauigkeit der Standardsonde (23 \u00b0C): \u00b11,0 % RH (10\u201390 % RH), \u00b12,0 % RH (\u226410, \u226590 % RH)<\/li>\n<li>Reaktionszeit der Luftfeuchtigkeitsanpassung: \u00c4nderung der Luftfeuchtigkeit um 30 % in weniger als 5 Minuten<\/li>\n<li>Temperaturgenauigkeit: \u22640.2 \u00b0C<\/li>\n<li>Temperaturbereich: 5 bis 50 \u00b0C<\/li>\n<li>Stabilit\u00e4t der Temperaturregelung: \u00b10.1 \u00b0C (23 \u00b0C \u00b1 2 \u00b0C), \u00b10,2 \u00b0C (Vollausschlag)<\/li>\n<li>Temperatur- und Feuchtigkeitsstabilit\u00e4t der Verifizierungskammer: \u00b10.2 % RH, \u00b10,1 \u00b0C<\/li>\n<li>Temperatur- und Feuchtigkeitsgleichm\u00e4\u00dfigkeit in der Verifizierungskammer: \u00b10.3 % RH, \u00b10.2 \u00b0C<\/li>\n<li>Durchschnittliche Heizrate: 3.0 \u00b0C\/min<\/li>\n<li>Durchschnittliche Abk\u00fchlrate: 1.0 \u00b0C\/min (Umgebungstemperatur liegt unter 23 \u00b0C)<\/li>\n<li>Innendurchmesser der Kalibrierkammer: \u03a696\u00d7120mm<\/li>\n<li>Gr\u00f6\u00dfe des Kalibrierungsfensters: \u03a612~19 mm, Sondergr\u00f6\u00dfe optional<\/li>\n<li>Arbeitsumgebung: -10\u201340 \u00b0C, 10\u201395 % relative Luftfeuchtigkeit (keine Kondensation)<\/li>\n<li>Trockenmittel: Molekularsieb-Trockenmittel<\/li>\n<li>Display: 9 Zoll, 1024\u00d7600TFT LCD-Display<\/li>\n<li>Kommunikationsschnittstelle: RS485\/232, USB, LAN, WLAN (optional)<\/li>\n<li>Abmessungen: 442 x 190 x 410 mm (Standard 4U, 19-Zoll-Rack-Montagegr\u00f6\u00dfe)<\/li>\n<li>Gewicht: 18,8 kg<\/li>\n<li>Zertifikat: CE, FCC, VCCI, C-TICK<\/li>\n<li>Gewicht: 3.3 kg<\/li>\n<\/ul>\n<p>&nbsp;<\/p>\n","protected":false},"excerpt":{"rendered":"<p>Pr\u00e4zisions-Feuchtegenerator f\u00fcr den Bereich 5 bis 95 % relative Luftfeuchtigkeit<\/p>\n","protected":false},"featured_media":28883,"template":"","meta":{"_crdt_document":""},"product_brand":[],"product_cat":[175,180],"product_tag":[],"class_list":{"0":"post-28878","1":"product","2":"type-product","3":"status-publish","4":"has-post-thumbnail","6":"product_cat-feuchte","7":"product_cat-messung","9":"first","10":"instock","11":"taxable","12":"shipping-taxable","13":"product-type-simple"},"yoast_head":"<!-- This site is optimized with the Yoast SEO plugin v27.4 - https:\/\/yoast.com\/product\/yoast-seo-wordpress\/ -->\n<title>Feuchtigkeitsgenerator HG6000 - Sysmatec<\/title>\n<meta name=\"description\" content=\"Pr\u00e4zisions-Feuchtegenerator zur Kalibrierung von Feuchtemessger\u00e4ten, im Bereich 5 bis 95 % relative Feuchte\" \/>\n<meta name=\"robots\" content=\"index, follow, max-snippet:-1, max-image-preview:large, max-video-preview:-1\" \/>\n<link rel=\"canonical\" href=\"https:\/\/sysmatec.ch\/de\/Produkt\/feuchtigkeitsgenerator-hg6000\/\" \/>\n<meta property=\"og:locale\" content=\"de_DE\" \/>\n<meta property=\"og:type\" content=\"article\" \/>\n<meta property=\"og:title\" content=\"Feuchtigkeitsgenerator HG6000 - Sysmatec\" \/>\n<meta property=\"og:description\" content=\"Pr\u00e4zisions-Feuchtegenerator zur Kalibrierung von Feuchtemessger\u00e4ten, im Bereich 5 bis 95 % relative Feuchte\" \/>\n<meta property=\"og:url\" content=\"https:\/\/sysmatec.ch\/de\/Produkt\/feuchtigkeitsgenerator-hg6000\/\" \/>\n<meta property=\"og:site_name\" content=\"Sysmatec\" \/>\n<meta property=\"article:modified_time\" content=\"2024-01-07T10:33:09+00:00\" \/>\n<meta property=\"og:image\" content=\"https:\/\/sysmatec.ch\/wp-content\/uploads\/2024\/01\/CalibrationHumidite_ZoglabHG6000_1.jpg\" \/>\n\t<meta property=\"og:image:width\" content=\"2090\" \/>\n\t<meta property=\"og:image:height\" content=\"1567\" \/>\n\t<meta property=\"og:image:type\" content=\"image\/jpeg\" \/>\n<meta name=\"twitter:card\" content=\"summary_large_image\" \/>\n<meta name=\"twitter:label1\" content=\"Gesch\u00e4tzte Lesezeit\" \/>\n\t<meta name=\"twitter:data1\" content=\"2\u00a0Minuten\" \/>\n<script type=\"application\/ld+json\" class=\"yoast-schema-graph\">{\"@context\":\"https:\\\/\\\/schema.org\",\"@graph\":[{\"@type\":\"WebPage\",\"@id\":\"https:\\\/\\\/sysmatec.ch\\\/de\\\/Produkt\\\/feuchtigkeitsgenerator-hg6000\\\/\",\"url\":\"https:\\\/\\\/sysmatec.ch\\\/de\\\/Produkt\\\/feuchtigkeitsgenerator-hg6000\\\/\",\"name\":\"Feuchtigkeitsgenerator HG6000 - Sysmatec\",\"isPartOf\":{\"@id\":\"https:\\\/\\\/sysmatec.ch\\\/de\\\/#website\"},\"primaryImageOfPage\":{\"@id\":\"https:\\\/\\\/sysmatec.ch\\\/de\\\/Produkt\\\/feuchtigkeitsgenerator-hg6000\\\/#primaryimage\"},\"image\":{\"@id\":\"https:\\\/\\\/sysmatec.ch\\\/de\\\/Produkt\\\/feuchtigkeitsgenerator-hg6000\\\/#primaryimage\"},\"thumbnailUrl\":\"https:\\\/\\\/sysmatec.ch\\\/wp-content\\\/uploads\\\/2024\\\/01\\\/CalibrationHumidite_ZoglabHG6000_1.jpg\",\"datePublished\":\"2024-01-06T20:12:51+00:00\",\"dateModified\":\"2024-01-07T10:33:09+00:00\",\"description\":\"Pr\u00e4zisions-Feuchtegenerator zur Kalibrierung von Feuchtemessger\u00e4ten, im Bereich 5 bis 95 % relative Feuchte\",\"breadcrumb\":{\"@id\":\"https:\\\/\\\/sysmatec.ch\\\/de\\\/Produkt\\\/feuchtigkeitsgenerator-hg6000\\\/#breadcrumb\"},\"inLanguage\":\"de\",\"potentialAction\":[{\"@type\":\"ReadAction\",\"target\":[\"https:\\\/\\\/sysmatec.ch\\\/de\\\/Produkt\\\/feuchtigkeitsgenerator-hg6000\\\/\"]}]},{\"@type\":\"ImageObject\",\"inLanguage\":\"de\",\"@id\":\"https:\\\/\\\/sysmatec.ch\\\/de\\\/Produkt\\\/feuchtigkeitsgenerator-hg6000\\\/#primaryimage\",\"url\":\"https:\\\/\\\/sysmatec.ch\\\/wp-content\\\/uploads\\\/2024\\\/01\\\/CalibrationHumidite_ZoglabHG6000_1.jpg\",\"contentUrl\":\"https:\\\/\\\/sysmatec.ch\\\/wp-content\\\/uploads\\\/2024\\\/01\\\/CalibrationHumidite_ZoglabHG6000_1.jpg\",\"width\":2090,\"height\":1567},{\"@type\":\"BreadcrumbList\",\"@id\":\"https:\\\/\\\/sysmatec.ch\\\/de\\\/Produkt\\\/feuchtigkeitsgenerator-hg6000\\\/#breadcrumb\",\"itemListElement\":[{\"@type\":\"ListItem\",\"position\":1,\"name\":\"Accueil\",\"item\":\"https:\\\/\\\/sysmatec.ch\\\/de\\\/\"},{\"@type\":\"ListItem\",\"position\":2,\"name\":\"Die Aktivit\u00e4t von Sysmatec\",\"item\":\"https:\\\/\\\/sysmatec.ch\\\/de\\\/\"},{\"@type\":\"ListItem\",\"position\":3,\"name\":\"Feuchtigkeitsgenerator HG6000\"}]},{\"@type\":\"WebSite\",\"@id\":\"https:\\\/\\\/sysmatec.ch\\\/de\\\/#website\",\"url\":\"https:\\\/\\\/sysmatec.ch\\\/de\\\/\",\"name\":\"Sysmatec\",\"description\":\"Equipement de laboratoire et logiciels\",\"publisher\":{\"@id\":\"https:\\\/\\\/sysmatec.ch\\\/de\\\/#organization\"},\"potentialAction\":[{\"@type\":\"SearchAction\",\"target\":{\"@type\":\"EntryPoint\",\"urlTemplate\":\"https:\\\/\\\/sysmatec.ch\\\/de\\\/?s={search_term_string}\"},\"query-input\":{\"@type\":\"PropertyValueSpecification\",\"valueRequired\":true,\"valueName\":\"search_term_string\"}}],\"inLanguage\":\"de\"},{\"@type\":\"Organization\",\"@id\":\"https:\\\/\\\/sysmatec.ch\\\/de\\\/#organization\",\"name\":\"Sysmatec\",\"url\":\"https:\\\/\\\/sysmatec.ch\\\/de\\\/\",\"logo\":{\"@type\":\"ImageObject\",\"inLanguage\":\"de\",\"@id\":\"https:\\\/\\\/sysmatec.ch\\\/de\\\/#\\\/schema\\\/logo\\\/image\\\/\",\"url\":\"https:\\\/\\\/sysmatec.ch\\\/wp-content\\\/uploads\\\/2018\\\/11\\\/LogoSysmatec.jpg\",\"contentUrl\":\"https:\\\/\\\/sysmatec.ch\\\/wp-content\\\/uploads\\\/2018\\\/11\\\/LogoSysmatec.jpg\",\"width\":301,\"height\":297,\"caption\":\"Sysmatec\"},\"image\":{\"@id\":\"https:\\\/\\\/sysmatec.ch\\\/de\\\/#\\\/schema\\\/logo\\\/image\\\/\"}}]}<\/script>\n<!-- \/ Yoast SEO plugin. -->","yoast_head_json":{"title":"Feuchtigkeitsgenerator HG6000 - Sysmatec","description":"Pr\u00e4zisions-Feuchtegenerator zur Kalibrierung von Feuchtemessger\u00e4ten, im Bereich 5 bis 95 % relative Feuchte","robots":{"index":"index","follow":"follow","max-snippet":"max-snippet:-1","max-image-preview":"max-image-preview:large","max-video-preview":"max-video-preview:-1"},"canonical":"https:\/\/sysmatec.ch\/de\/Produkt\/feuchtigkeitsgenerator-hg6000\/","og_locale":"de_DE","og_type":"article","og_title":"Feuchtigkeitsgenerator HG6000 - Sysmatec","og_description":"Pr\u00e4zisions-Feuchtegenerator zur Kalibrierung von Feuchtemessger\u00e4ten, im Bereich 5 bis 95 % relative Feuchte","og_url":"https:\/\/sysmatec.ch\/de\/Produkt\/feuchtigkeitsgenerator-hg6000\/","og_site_name":"Sysmatec","article_modified_time":"2024-01-07T10:33:09+00:00","og_image":[{"width":2090,"height":1567,"url":"https:\/\/sysmatec.ch\/wp-content\/uploads\/2024\/01\/CalibrationHumidite_ZoglabHG6000_1.jpg","type":"image\/jpeg"}],"twitter_card":"summary_large_image","twitter_misc":{"Gesch\u00e4tzte Lesezeit":"2\u00a0Minuten"},"schema":{"@context":"https:\/\/schema.org","@graph":[{"@type":"WebPage","@id":"https:\/\/sysmatec.ch\/de\/Produkt\/feuchtigkeitsgenerator-hg6000\/","url":"https:\/\/sysmatec.ch\/de\/Produkt\/feuchtigkeitsgenerator-hg6000\/","name":"Feuchtigkeitsgenerator HG6000 - Sysmatec","isPartOf":{"@id":"https:\/\/sysmatec.ch\/de\/#website"},"primaryImageOfPage":{"@id":"https:\/\/sysmatec.ch\/de\/Produkt\/feuchtigkeitsgenerator-hg6000\/#primaryimage"},"image":{"@id":"https:\/\/sysmatec.ch\/de\/Produkt\/feuchtigkeitsgenerator-hg6000\/#primaryimage"},"thumbnailUrl":"https:\/\/sysmatec.ch\/wp-content\/uploads\/2024\/01\/CalibrationHumidite_ZoglabHG6000_1.jpg","datePublished":"2024-01-06T20:12:51+00:00","dateModified":"2024-01-07T10:33:09+00:00","description":"Pr\u00e4zisions-Feuchtegenerator zur Kalibrierung von Feuchtemessger\u00e4ten, im Bereich 5 bis 95 % relative Feuchte","breadcrumb":{"@id":"https:\/\/sysmatec.ch\/de\/Produkt\/feuchtigkeitsgenerator-hg6000\/#breadcrumb"},"inLanguage":"de","potentialAction":[{"@type":"ReadAction","target":["https:\/\/sysmatec.ch\/de\/Produkt\/feuchtigkeitsgenerator-hg6000\/"]}]},{"@type":"ImageObject","inLanguage":"de","@id":"https:\/\/sysmatec.ch\/de\/Produkt\/feuchtigkeitsgenerator-hg6000\/#primaryimage","url":"https:\/\/sysmatec.ch\/wp-content\/uploads\/2024\/01\/CalibrationHumidite_ZoglabHG6000_1.jpg","contentUrl":"https:\/\/sysmatec.ch\/wp-content\/uploads\/2024\/01\/CalibrationHumidite_ZoglabHG6000_1.jpg","width":2090,"height":1567},{"@type":"BreadcrumbList","@id":"https:\/\/sysmatec.ch\/de\/Produkt\/feuchtigkeitsgenerator-hg6000\/#breadcrumb","itemListElement":[{"@type":"ListItem","position":1,"name":"Accueil","item":"https:\/\/sysmatec.ch\/de\/"},{"@type":"ListItem","position":2,"name":"Die Aktivit\u00e4t von Sysmatec","item":"https:\/\/sysmatec.ch\/de\/"},{"@type":"ListItem","position":3,"name":"Feuchtigkeitsgenerator HG6000"}]},{"@type":"WebSite","@id":"https:\/\/sysmatec.ch\/de\/#website","url":"https:\/\/sysmatec.ch\/de\/","name":"Sysmatec","description":"Equipement de laboratoire et logiciels","publisher":{"@id":"https:\/\/sysmatec.ch\/de\/#organization"},"potentialAction":[{"@type":"SearchAction","target":{"@type":"EntryPoint","urlTemplate":"https:\/\/sysmatec.ch\/de\/?s={search_term_string}"},"query-input":{"@type":"PropertyValueSpecification","valueRequired":true,"valueName":"search_term_string"}}],"inLanguage":"de"},{"@type":"Organization","@id":"https:\/\/sysmatec.ch\/de\/#organization","name":"Sysmatec","url":"https:\/\/sysmatec.ch\/de\/","logo":{"@type":"ImageObject","inLanguage":"de","@id":"https:\/\/sysmatec.ch\/de\/#\/schema\/logo\/image\/","url":"https:\/\/sysmatec.ch\/wp-content\/uploads\/2018\/11\/LogoSysmatec.jpg","contentUrl":"https:\/\/sysmatec.ch\/wp-content\/uploads\/2018\/11\/LogoSysmatec.jpg","width":301,"height":297,"caption":"Sysmatec"},"image":{"@id":"https:\/\/sysmatec.ch\/de\/#\/schema\/logo\/image\/"}}]}},"_links":{"self":[{"href":"https:\/\/sysmatec.ch\/de\/wp-json\/wp\/v2\/product\/28878","targetHints":{"allow":["GET"]}}],"collection":[{"href":"https:\/\/sysmatec.ch\/de\/wp-json\/wp\/v2\/product"}],"about":[{"href":"https:\/\/sysmatec.ch\/de\/wp-json\/wp\/v2\/types\/product"}],"wp:featuredmedia":[{"embeddable":true,"href":"https:\/\/sysmatec.ch\/de\/wp-json\/wp\/v2\/media\/28883"}],"wp:attachment":[{"href":"https:\/\/sysmatec.ch\/de\/wp-json\/wp\/v2\/media?parent=28878"}],"wp:term":[{"taxonomy":"product_brand","embeddable":true,"href":"https:\/\/sysmatec.ch\/de\/wp-json\/wp\/v2\/product_brand?post=28878"},{"taxonomy":"product_cat","embeddable":true,"href":"https:\/\/sysmatec.ch\/de\/wp-json\/wp\/v2\/product_cat?post=28878"},{"taxonomy":"product_tag","embeddable":true,"href":"https:\/\/sysmatec.ch\/de\/wp-json\/wp\/v2\/product_tag?post=28878"}],"curies":[{"name":"wp","href":"https:\/\/api.w.org\/{rel}","templated":true}]}}