{"id":28865,"date":"2024-01-06T18:47:29","date_gmt":"2024-01-06T17:47:29","guid":{"rendered":"https:\/\/sysmatec.ch\/?post_type=product&#038;p=28865"},"modified":"2024-01-06T21:36:30","modified_gmt":"2024-01-06T20:36:30","slug":"praezisionsthermometer-tm1000","status":"publish","type":"product","link":"https:\/\/sysmatec.ch\/de\/Produkt\/praezisionsthermometer-tm1000\/","title":{"rendered":"Pr\u00e4zisionsthermometer TM1000"},"content":{"rendered":"<p>Es handelt sich um ein hochpr\u00e4zises Temperaturmessger\u00e4t, das zwei PT100-Kan\u00e4le unterst\u00fctzt. Die Temperaturaufl\u00f6sung kann erreicht werden 0,0001\u00b0C. Dieses Thermometer ist mit einem sehr hellen Display ausgestattet, so dass eine klare Ablesung auch bei Sonnenschein effektiv ist<\/p>\n<h2>Merkmale<\/h2>\n<ul>\n<li>Messbereich -60 bis 160\u00b0C<\/li>\n<li>2 Kan\u00e4le f\u00fcr Pt100-F\u00fchler<\/li>\n<li>Anzeigeeinheit: \u2103,\u00b0F,K,\u03a9<\/li>\n<li>Temperaturaufl\u00f6sung bis 0,001 \u00b0C<\/li>\n<li>Genauigkeit \u00b10,05 \u00b0C (PT100 1\/10 B)<\/li>\n<li>Temperaturstabilit\u00e4t 0,5 ppm\/\u00b0C<\/li>\n<li>Langzeitstabilit\u00e4t: 6 ppm\/Jahr<\/li>\n<li>Widerstandsmessbereich: 0-4000 \u03a9<\/li>\n<li>Widerstandsmessgenauigkeit: \u00b10,0005 \u03a9 (0 ~ 20 \u03a9), \u00b1 25 ppm (20 ~ 400 \u03a9)<\/li>\n<li>Widerstandsaufl\u00f6sung: 0,0001 \u03a9<\/li>\n<li>Protokollierungsintervall 1 Sekunde bis 24 Stunden<\/li>\n<li>Kommunikationsunterst\u00fctzung \u00fcber RS232\/RS485, USB, LAN<\/li>\n<li>Wechselstrom: 100\u2013240 V Wechselstrom, 0,5 A, 50\u201360 Hz<\/li>\n<li>Der eingebaute Akku (optional) kann 12 Stunden lang ununterbrochen arbeiten, 7,4 V, 2600 mAh, Lithium-Polymer-Akku<\/li>\n<li>Arbeitsumgebung 10\u201340 \u2103, 10\u201395 % relative Luftfeuchtigkeit (keine Kondensation)<\/li>\n<li>EMV: EN 50081-1 Klasse B, EN 50082-1 \u200b\u200b\u200b\u200bKlasse B<\/li>\n<li>ESD-Schutz: \u00b125 kV<\/li>\n<li>Zertifikate: CE, FCC, VCCI, C-TICK<\/li>\n<li>Dimension: 215\u00d791\u00d7313.5mm<\/li>\n<li>Gewicht: 3,3 kg<\/li>\n<\/ul>\n<p>&nbsp;<\/p>\n","protected":false},"excerpt":{"rendered":"<p>Pr\u00e4zisionsthermometer f\u00fcr den Bereich -50\u00b0C bis 160\u00b0C<\/p>\n","protected":false},"featured_media":28869,"template":"","meta":{"_crdt_document":""},"product_brand":[],"product_cat":[180,173],"product_tag":[],"class_list":{"0":"post-28865","1":"product","2":"type-product","3":"status-publish","4":"has-post-thumbnail","6":"product_cat-messung","7":"product_cat-temperatur","9":"first","10":"instock","11":"taxable","12":"shipping-taxable","13":"product-type-simple"},"yoast_head":"<!-- This site is optimized with the Yoast SEO plugin v27.3 - https:\/\/yoast.com\/product\/yoast-seo-wordpress\/ -->\n<title>Pr\u00e4zisionsthermometer TM1000 - Sysmatec<\/title>\n<meta name=\"description\" content=\"Pr\u00e4zisionsthermometer, das als Referenzthermometer zur Temperaturkalibrierung von Thermometern im Bereich von -50\u00b0C bis 160\u00b0C verwendet werden kann\" \/>\n<meta name=\"robots\" content=\"index, follow, max-snippet:-1, max-image-preview:large, max-video-preview:-1\" \/>\n<link rel=\"canonical\" href=\"https:\/\/sysmatec.ch\/de\/Produkt\/praezisionsthermometer-tm1000\/\" \/>\n<meta property=\"og:locale\" content=\"de_DE\" \/>\n<meta property=\"og:type\" content=\"article\" \/>\n<meta property=\"og:title\" content=\"Pr\u00e4zisionsthermometer TM1000 - Sysmatec\" \/>\n<meta property=\"og:description\" content=\"Pr\u00e4zisionsthermometer, das als Referenzthermometer zur Temperaturkalibrierung von Thermometern im Bereich von -50\u00b0C bis 160\u00b0C verwendet werden kann\" \/>\n<meta property=\"og:url\" content=\"https:\/\/sysmatec.ch\/de\/Produkt\/praezisionsthermometer-tm1000\/\" \/>\n<meta property=\"og:site_name\" content=\"Sysmatec\" \/>\n<meta property=\"article:modified_time\" content=\"2024-01-06T20:36:30+00:00\" \/>\n<meta property=\"og:image\" content=\"https:\/\/sysmatec.ch\/wp-content\/uploads\/2024\/01\/Thermometre_ZoglabTM1000_1.jpg\" \/>\n\t<meta property=\"og:image:width\" content=\"670\" \/>\n\t<meta property=\"og:image:height\" content=\"386\" \/>\n\t<meta property=\"og:image:type\" content=\"image\/jpeg\" \/>\n<meta name=\"twitter:card\" content=\"summary_large_image\" \/>\n<meta name=\"twitter:label1\" content=\"Gesch\u00e4tzte Lesezeit\" \/>\n\t<meta name=\"twitter:data1\" content=\"1\u00a0Minute\" \/>\n<script type=\"application\/ld+json\" class=\"yoast-schema-graph\">{\"@context\":\"https:\\\/\\\/schema.org\",\"@graph\":[{\"@type\":\"WebPage\",\"@id\":\"https:\\\/\\\/sysmatec.ch\\\/de\\\/Produkt\\\/praezisionsthermometer-tm1000\\\/\",\"url\":\"https:\\\/\\\/sysmatec.ch\\\/de\\\/Produkt\\\/praezisionsthermometer-tm1000\\\/\",\"name\":\"Pr\u00e4zisionsthermometer TM1000 - Sysmatec\",\"isPartOf\":{\"@id\":\"https:\\\/\\\/sysmatec.ch\\\/de\\\/#website\"},\"primaryImageOfPage\":{\"@id\":\"https:\\\/\\\/sysmatec.ch\\\/de\\\/Produkt\\\/praezisionsthermometer-tm1000\\\/#primaryimage\"},\"image\":{\"@id\":\"https:\\\/\\\/sysmatec.ch\\\/de\\\/Produkt\\\/praezisionsthermometer-tm1000\\\/#primaryimage\"},\"thumbnailUrl\":\"https:\\\/\\\/sysmatec.ch\\\/wp-content\\\/uploads\\\/2024\\\/01\\\/Thermometre_ZoglabTM1000_1.jpg\",\"datePublished\":\"2024-01-06T17:47:29+00:00\",\"dateModified\":\"2024-01-06T20:36:30+00:00\",\"description\":\"Pr\u00e4zisionsthermometer, das als Referenzthermometer zur Temperaturkalibrierung von Thermometern im Bereich von -50\u00b0C bis 160\u00b0C verwendet werden kann\",\"breadcrumb\":{\"@id\":\"https:\\\/\\\/sysmatec.ch\\\/de\\\/Produkt\\\/praezisionsthermometer-tm1000\\\/#breadcrumb\"},\"inLanguage\":\"de\",\"potentialAction\":[{\"@type\":\"ReadAction\",\"target\":[\"https:\\\/\\\/sysmatec.ch\\\/de\\\/Produkt\\\/praezisionsthermometer-tm1000\\\/\"]}]},{\"@type\":\"ImageObject\",\"inLanguage\":\"de\",\"@id\":\"https:\\\/\\\/sysmatec.ch\\\/de\\\/Produkt\\\/praezisionsthermometer-tm1000\\\/#primaryimage\",\"url\":\"https:\\\/\\\/sysmatec.ch\\\/wp-content\\\/uploads\\\/2024\\\/01\\\/Thermometre_ZoglabTM1000_1.jpg\",\"contentUrl\":\"https:\\\/\\\/sysmatec.ch\\\/wp-content\\\/uploads\\\/2024\\\/01\\\/Thermometre_ZoglabTM1000_1.jpg\",\"width\":670,\"height\":386},{\"@type\":\"BreadcrumbList\",\"@id\":\"https:\\\/\\\/sysmatec.ch\\\/de\\\/Produkt\\\/praezisionsthermometer-tm1000\\\/#breadcrumb\",\"itemListElement\":[{\"@type\":\"ListItem\",\"position\":1,\"name\":\"Accueil\",\"item\":\"https:\\\/\\\/sysmatec.ch\\\/de\\\/\"},{\"@type\":\"ListItem\",\"position\":2,\"name\":\"Die Aktivit\u00e4t von Sysmatec\",\"item\":\"https:\\\/\\\/sysmatec.ch\\\/de\\\/\"},{\"@type\":\"ListItem\",\"position\":3,\"name\":\"Pr\u00e4zisionsthermometer TM1000\"}]},{\"@type\":\"WebSite\",\"@id\":\"https:\\\/\\\/sysmatec.ch\\\/de\\\/#website\",\"url\":\"https:\\\/\\\/sysmatec.ch\\\/de\\\/\",\"name\":\"Sysmatec\",\"description\":\"Equipement de laboratoire et logiciels\",\"publisher\":{\"@id\":\"https:\\\/\\\/sysmatec.ch\\\/de\\\/#organization\"},\"potentialAction\":[{\"@type\":\"SearchAction\",\"target\":{\"@type\":\"EntryPoint\",\"urlTemplate\":\"https:\\\/\\\/sysmatec.ch\\\/de\\\/?s={search_term_string}\"},\"query-input\":{\"@type\":\"PropertyValueSpecification\",\"valueRequired\":true,\"valueName\":\"search_term_string\"}}],\"inLanguage\":\"de\"},{\"@type\":\"Organization\",\"@id\":\"https:\\\/\\\/sysmatec.ch\\\/de\\\/#organization\",\"name\":\"Sysmatec\",\"url\":\"https:\\\/\\\/sysmatec.ch\\\/de\\\/\",\"logo\":{\"@type\":\"ImageObject\",\"inLanguage\":\"de\",\"@id\":\"https:\\\/\\\/sysmatec.ch\\\/de\\\/#\\\/schema\\\/logo\\\/image\\\/\",\"url\":\"https:\\\/\\\/sysmatec.ch\\\/wp-content\\\/uploads\\\/2018\\\/11\\\/LogoSysmatec.jpg\",\"contentUrl\":\"https:\\\/\\\/sysmatec.ch\\\/wp-content\\\/uploads\\\/2018\\\/11\\\/LogoSysmatec.jpg\",\"width\":301,\"height\":297,\"caption\":\"Sysmatec\"},\"image\":{\"@id\":\"https:\\\/\\\/sysmatec.ch\\\/de\\\/#\\\/schema\\\/logo\\\/image\\\/\"}}]}<\/script>\n<!-- \/ Yoast SEO plugin. -->","yoast_head_json":{"title":"Pr\u00e4zisionsthermometer TM1000 - Sysmatec","description":"Pr\u00e4zisionsthermometer, das als Referenzthermometer zur Temperaturkalibrierung von Thermometern im Bereich von -50\u00b0C bis 160\u00b0C verwendet werden kann","robots":{"index":"index","follow":"follow","max-snippet":"max-snippet:-1","max-image-preview":"max-image-preview:large","max-video-preview":"max-video-preview:-1"},"canonical":"https:\/\/sysmatec.ch\/de\/Produkt\/praezisionsthermometer-tm1000\/","og_locale":"de_DE","og_type":"article","og_title":"Pr\u00e4zisionsthermometer TM1000 - Sysmatec","og_description":"Pr\u00e4zisionsthermometer, das als Referenzthermometer zur Temperaturkalibrierung von Thermometern im Bereich von -50\u00b0C bis 160\u00b0C verwendet werden kann","og_url":"https:\/\/sysmatec.ch\/de\/Produkt\/praezisionsthermometer-tm1000\/","og_site_name":"Sysmatec","article_modified_time":"2024-01-06T20:36:30+00:00","og_image":[{"width":670,"height":386,"url":"https:\/\/sysmatec.ch\/wp-content\/uploads\/2024\/01\/Thermometre_ZoglabTM1000_1.jpg","type":"image\/jpeg"}],"twitter_card":"summary_large_image","twitter_misc":{"Gesch\u00e4tzte Lesezeit":"1\u00a0Minute"},"schema":{"@context":"https:\/\/schema.org","@graph":[{"@type":"WebPage","@id":"https:\/\/sysmatec.ch\/de\/Produkt\/praezisionsthermometer-tm1000\/","url":"https:\/\/sysmatec.ch\/de\/Produkt\/praezisionsthermometer-tm1000\/","name":"Pr\u00e4zisionsthermometer TM1000 - Sysmatec","isPartOf":{"@id":"https:\/\/sysmatec.ch\/de\/#website"},"primaryImageOfPage":{"@id":"https:\/\/sysmatec.ch\/de\/Produkt\/praezisionsthermometer-tm1000\/#primaryimage"},"image":{"@id":"https:\/\/sysmatec.ch\/de\/Produkt\/praezisionsthermometer-tm1000\/#primaryimage"},"thumbnailUrl":"https:\/\/sysmatec.ch\/wp-content\/uploads\/2024\/01\/Thermometre_ZoglabTM1000_1.jpg","datePublished":"2024-01-06T17:47:29+00:00","dateModified":"2024-01-06T20:36:30+00:00","description":"Pr\u00e4zisionsthermometer, das als Referenzthermometer zur Temperaturkalibrierung von Thermometern im Bereich von -50\u00b0C bis 160\u00b0C verwendet werden kann","breadcrumb":{"@id":"https:\/\/sysmatec.ch\/de\/Produkt\/praezisionsthermometer-tm1000\/#breadcrumb"},"inLanguage":"de","potentialAction":[{"@type":"ReadAction","target":["https:\/\/sysmatec.ch\/de\/Produkt\/praezisionsthermometer-tm1000\/"]}]},{"@type":"ImageObject","inLanguage":"de","@id":"https:\/\/sysmatec.ch\/de\/Produkt\/praezisionsthermometer-tm1000\/#primaryimage","url":"https:\/\/sysmatec.ch\/wp-content\/uploads\/2024\/01\/Thermometre_ZoglabTM1000_1.jpg","contentUrl":"https:\/\/sysmatec.ch\/wp-content\/uploads\/2024\/01\/Thermometre_ZoglabTM1000_1.jpg","width":670,"height":386},{"@type":"BreadcrumbList","@id":"https:\/\/sysmatec.ch\/de\/Produkt\/praezisionsthermometer-tm1000\/#breadcrumb","itemListElement":[{"@type":"ListItem","position":1,"name":"Accueil","item":"https:\/\/sysmatec.ch\/de\/"},{"@type":"ListItem","position":2,"name":"Die Aktivit\u00e4t von Sysmatec","item":"https:\/\/sysmatec.ch\/de\/"},{"@type":"ListItem","position":3,"name":"Pr\u00e4zisionsthermometer TM1000"}]},{"@type":"WebSite","@id":"https:\/\/sysmatec.ch\/de\/#website","url":"https:\/\/sysmatec.ch\/de\/","name":"Sysmatec","description":"Equipement de laboratoire et logiciels","publisher":{"@id":"https:\/\/sysmatec.ch\/de\/#organization"},"potentialAction":[{"@type":"SearchAction","target":{"@type":"EntryPoint","urlTemplate":"https:\/\/sysmatec.ch\/de\/?s={search_term_string}"},"query-input":{"@type":"PropertyValueSpecification","valueRequired":true,"valueName":"search_term_string"}}],"inLanguage":"de"},{"@type":"Organization","@id":"https:\/\/sysmatec.ch\/de\/#organization","name":"Sysmatec","url":"https:\/\/sysmatec.ch\/de\/","logo":{"@type":"ImageObject","inLanguage":"de","@id":"https:\/\/sysmatec.ch\/de\/#\/schema\/logo\/image\/","url":"https:\/\/sysmatec.ch\/wp-content\/uploads\/2018\/11\/LogoSysmatec.jpg","contentUrl":"https:\/\/sysmatec.ch\/wp-content\/uploads\/2018\/11\/LogoSysmatec.jpg","width":301,"height":297,"caption":"Sysmatec"},"image":{"@id":"https:\/\/sysmatec.ch\/de\/#\/schema\/logo\/image\/"}}]}},"_links":{"self":[{"href":"https:\/\/sysmatec.ch\/de\/wp-json\/wp\/v2\/product\/28865","targetHints":{"allow":["GET"]}}],"collection":[{"href":"https:\/\/sysmatec.ch\/de\/wp-json\/wp\/v2\/product"}],"about":[{"href":"https:\/\/sysmatec.ch\/de\/wp-json\/wp\/v2\/types\/product"}],"wp:featuredmedia":[{"embeddable":true,"href":"https:\/\/sysmatec.ch\/de\/wp-json\/wp\/v2\/media\/28869"}],"wp:attachment":[{"href":"https:\/\/sysmatec.ch\/de\/wp-json\/wp\/v2\/media?parent=28865"}],"wp:term":[{"taxonomy":"product_brand","embeddable":true,"href":"https:\/\/sysmatec.ch\/de\/wp-json\/wp\/v2\/product_brand?post=28865"},{"taxonomy":"product_cat","embeddable":true,"href":"https:\/\/sysmatec.ch\/de\/wp-json\/wp\/v2\/product_cat?post=28865"},{"taxonomy":"product_tag","embeddable":true,"href":"https:\/\/sysmatec.ch\/de\/wp-json\/wp\/v2\/product_tag?post=28865"}],"curies":[{"name":"wp","href":"https:\/\/api.w.org\/{rel}","templated":true}]}}