{"id":28843,"date":"2023-11-09T20:23:47","date_gmt":"2023-11-09T19:23:47","guid":{"rendered":"https:\/\/sysmatec.ch\/?post_type=product&#038;p=28843"},"modified":"2023-11-09T21:21:27","modified_gmt":"2023-11-09T20:21:27","slug":"waage-mit-rollenbahn","status":"publish","type":"product","link":"https:\/\/sysmatec.ch\/de\/Produkt\/waage-mit-rollenbahn\/","title":{"rendered":"Waage mit Rollenbahn"},"content":{"rendered":"<p>Rollenbahnmodul auf Waage<\/p>\n<ul>\n<li>W\u00e4gezellen: Robust, IP68, OIML III, mit hoher \u00dcberlastf\u00e4higkeit. Nivilierf\u00fc\u00dfe.<\/li>\n<li>Installation: 2.5 m Kabel zwischen Plattform und Anzeige. Zulassungen: OIML C3, CE Konform.<\/li>\n<li>Stromversorgung: 230 VAC.<\/li>\n<li>Indikator: KPZ 5218, eichf\u00e4hig: KPZ 52E8.<\/li>\n<\/ul>\n<table width=\"605\">\n<tbody>\n<tr>\n<td width=\"92\">Artikel Nr.<\/td>\n<td width=\"88\">Anzeige<\/td>\n<td width=\"94\">Waage KPZ<\/td>\n<td width=\"91\">Kapazit\u00e4t, kg<\/td>\n<td width=\"80\">Teilung, g<\/td>\n<td width=\"80\">Dimension mm<\/td>\n<td width=\"80\">Eichf\u00e4hig<\/td>\n<\/tr>\n<tr>\n<td>206S00604600<\/td>\n<td>52-18<\/td>\n<td>206S<\/td>\n<td>75<\/td>\n<td>5<\/td>\n<td>460&#215;600<\/td>\n<td>nein<\/td>\n<\/tr>\n<tr>\n<td>2E06S0060460<\/td>\n<td>52E-8<\/td>\n<td>2E06S<\/td>\n<td>60<\/td>\n<td>20<\/td>\n<td>460&#215;600<\/td>\n<td>ja<\/td>\n<\/tr>\n<tr>\n<td>206S01504600<\/td>\n<td>52-18<\/td>\n<td>2E06S<\/td>\n<td>150<\/td>\n<td>10<\/td>\n<td>460&#215;600<\/td>\n<td>nein<\/td>\n<\/tr>\n<tr>\n<td>2E06S0150460<\/td>\n<td>52E-8<\/td>\n<td>2E06S<\/td>\n<td>150<\/td>\n<td>50<\/td>\n<td>460&#215;600<\/td>\n<td>ja<\/td>\n<\/tr>\n<tr>\n<td>2E06SM300460<\/td>\n<td>52E-8<\/td>\n<td>2E06SM<\/td>\n<td>150\/300<\/td>\n<td>50\/100<\/td>\n<td>460&#215;600<\/td>\n<td>ja<\/td>\n<\/tr>\n<tr>\n<td>206S03004600<\/td>\n<td>52-18<\/td>\n<td>206S<\/td>\n<td>300<\/td>\n<td>20<\/td>\n<td>460&#215;600<\/td>\n<td>nein<\/td>\n<\/tr>\n<tr>\n<td>2E06S0300460<\/td>\n<td>52E-8<\/td>\n<td>2E06S<\/td>\n<td>300<\/td>\n<td>100<\/td>\n<td>460&#215;600<\/td>\n<td>ja<\/td>\n<\/tr>\n<\/tbody>\n<\/table>\n<p>andere Gr\u00f6sse zur Verf\u00fcgung<\/p>\n<p>Rouleaux en diff\u00e9rents mat\u00e9riaux tels que PVC, inox ou m\u00e9tal galvanis\u00e9<\/p>\n","protected":false},"excerpt":{"rendered":"<p>Rollenbahnwaage f\u00fcr W\u00e4gebereiche von 0-60 bis 0-500 kg.<\/p>\n","protected":false},"featured_media":28846,"template":"","meta":{"_crdt_document":""},"product_brand":[],"product_cat":[165,339],"product_tag":[],"class_list":{"0":"post-28843","1":"product","2":"type-product","3":"status-publish","4":"has-post-thumbnail","6":"product_cat-gewicht","7":"product_cat-plattform","9":"first","10":"instock","11":"taxable","12":"shipping-taxable","13":"product-type-simple"},"yoast_head":"<!-- This site is optimized with the Yoast SEO plugin v27.3 - https:\/\/yoast.com\/product\/yoast-seo-wordpress\/ -->\n<title>Waage mit Rollenbahn - Sysmatec<\/title>\n<meta name=\"description\" content=\"Rollenbahnwaage f\u00fcr W\u00e4gebereiche von 0-60 bis 0-500 kg. Erh\u00e4ltlich in verschiedenen Breiten und L\u00e4ngen.\" \/>\n<meta name=\"robots\" content=\"index, follow, max-snippet:-1, max-image-preview:large, max-video-preview:-1\" \/>\n<link rel=\"canonical\" href=\"https:\/\/sysmatec.ch\/de\/Produkt\/waage-mit-rollenbahn\/\" \/>\n<meta property=\"og:locale\" content=\"de_DE\" \/>\n<meta property=\"og:type\" content=\"article\" \/>\n<meta property=\"og:title\" content=\"Waage mit Rollenbahn - Sysmatec\" \/>\n<meta property=\"og:description\" content=\"Rollenbahnwaage f\u00fcr W\u00e4gebereiche von 0-60 bis 0-500 kg. Erh\u00e4ltlich in verschiedenen Breiten und L\u00e4ngen.\" \/>\n<meta property=\"og:url\" content=\"https:\/\/sysmatec.ch\/de\/Produkt\/waage-mit-rollenbahn\/\" \/>\n<meta property=\"og:site_name\" content=\"Sysmatec\" \/>\n<meta property=\"article:modified_time\" content=\"2023-11-09T20:21:27+00:00\" \/>\n<meta property=\"og:image\" content=\"https:\/\/sysmatec.ch\/wp-content\/uploads\/2023\/11\/BalanceConvoyeur_KPZWaagen.jpg\" \/>\n\t<meta property=\"og:image:width\" content=\"460\" \/>\n\t<meta property=\"og:image:height\" content=\"306\" \/>\n\t<meta property=\"og:image:type\" content=\"image\/jpeg\" \/>\n<meta name=\"twitter:card\" content=\"summary_large_image\" \/>\n<meta name=\"twitter:label1\" content=\"Gesch\u00e4tzte Lesezeit\" \/>\n\t<meta name=\"twitter:data1\" content=\"1\u00a0Minute\" \/>\n<script type=\"application\/ld+json\" class=\"yoast-schema-graph\">{\"@context\":\"https:\\\/\\\/schema.org\",\"@graph\":[{\"@type\":\"WebPage\",\"@id\":\"https:\\\/\\\/sysmatec.ch\\\/de\\\/Produkt\\\/waage-mit-rollenbahn\\\/\",\"url\":\"https:\\\/\\\/sysmatec.ch\\\/de\\\/Produkt\\\/waage-mit-rollenbahn\\\/\",\"name\":\"Waage mit Rollenbahn - Sysmatec\",\"isPartOf\":{\"@id\":\"https:\\\/\\\/sysmatec.ch\\\/de\\\/#website\"},\"primaryImageOfPage\":{\"@id\":\"https:\\\/\\\/sysmatec.ch\\\/de\\\/Produkt\\\/waage-mit-rollenbahn\\\/#primaryimage\"},\"image\":{\"@id\":\"https:\\\/\\\/sysmatec.ch\\\/de\\\/Produkt\\\/waage-mit-rollenbahn\\\/#primaryimage\"},\"thumbnailUrl\":\"https:\\\/\\\/sysmatec.ch\\\/wp-content\\\/uploads\\\/2023\\\/11\\\/BalanceConvoyeur_KPZWaagen.jpg\",\"datePublished\":\"2023-11-09T19:23:47+00:00\",\"dateModified\":\"2023-11-09T20:21:27+00:00\",\"description\":\"Rollenbahnwaage f\u00fcr W\u00e4gebereiche von 0-60 bis 0-500 kg. Erh\u00e4ltlich in verschiedenen Breiten und L\u00e4ngen.\",\"breadcrumb\":{\"@id\":\"https:\\\/\\\/sysmatec.ch\\\/de\\\/Produkt\\\/waage-mit-rollenbahn\\\/#breadcrumb\"},\"inLanguage\":\"de\",\"potentialAction\":[{\"@type\":\"ReadAction\",\"target\":[\"https:\\\/\\\/sysmatec.ch\\\/de\\\/Produkt\\\/waage-mit-rollenbahn\\\/\"]}]},{\"@type\":\"ImageObject\",\"inLanguage\":\"de\",\"@id\":\"https:\\\/\\\/sysmatec.ch\\\/de\\\/Produkt\\\/waage-mit-rollenbahn\\\/#primaryimage\",\"url\":\"https:\\\/\\\/sysmatec.ch\\\/wp-content\\\/uploads\\\/2023\\\/11\\\/BalanceConvoyeur_KPZWaagen.jpg\",\"contentUrl\":\"https:\\\/\\\/sysmatec.ch\\\/wp-content\\\/uploads\\\/2023\\\/11\\\/BalanceConvoyeur_KPZWaagen.jpg\",\"width\":460,\"height\":306},{\"@type\":\"BreadcrumbList\",\"@id\":\"https:\\\/\\\/sysmatec.ch\\\/de\\\/Produkt\\\/waage-mit-rollenbahn\\\/#breadcrumb\",\"itemListElement\":[{\"@type\":\"ListItem\",\"position\":1,\"name\":\"Accueil\",\"item\":\"https:\\\/\\\/sysmatec.ch\\\/de\\\/\"},{\"@type\":\"ListItem\",\"position\":2,\"name\":\"Die Aktivit\u00e4t von Sysmatec\",\"item\":\"https:\\\/\\\/sysmatec.ch\\\/de\\\/\"},{\"@type\":\"ListItem\",\"position\":3,\"name\":\"Waage mit Rollenbahn\"}]},{\"@type\":\"WebSite\",\"@id\":\"https:\\\/\\\/sysmatec.ch\\\/de\\\/#website\",\"url\":\"https:\\\/\\\/sysmatec.ch\\\/de\\\/\",\"name\":\"Sysmatec\",\"description\":\"Equipement de laboratoire et logiciels\",\"publisher\":{\"@id\":\"https:\\\/\\\/sysmatec.ch\\\/de\\\/#organization\"},\"potentialAction\":[{\"@type\":\"SearchAction\",\"target\":{\"@type\":\"EntryPoint\",\"urlTemplate\":\"https:\\\/\\\/sysmatec.ch\\\/de\\\/?s={search_term_string}\"},\"query-input\":{\"@type\":\"PropertyValueSpecification\",\"valueRequired\":true,\"valueName\":\"search_term_string\"}}],\"inLanguage\":\"de\"},{\"@type\":\"Organization\",\"@id\":\"https:\\\/\\\/sysmatec.ch\\\/de\\\/#organization\",\"name\":\"Sysmatec\",\"url\":\"https:\\\/\\\/sysmatec.ch\\\/de\\\/\",\"logo\":{\"@type\":\"ImageObject\",\"inLanguage\":\"de\",\"@id\":\"https:\\\/\\\/sysmatec.ch\\\/de\\\/#\\\/schema\\\/logo\\\/image\\\/\",\"url\":\"https:\\\/\\\/sysmatec.ch\\\/wp-content\\\/uploads\\\/2018\\\/11\\\/LogoSysmatec.jpg\",\"contentUrl\":\"https:\\\/\\\/sysmatec.ch\\\/wp-content\\\/uploads\\\/2018\\\/11\\\/LogoSysmatec.jpg\",\"width\":301,\"height\":297,\"caption\":\"Sysmatec\"},\"image\":{\"@id\":\"https:\\\/\\\/sysmatec.ch\\\/de\\\/#\\\/schema\\\/logo\\\/image\\\/\"}}]}<\/script>\n<!-- \/ Yoast SEO plugin. -->","yoast_head_json":{"title":"Waage mit Rollenbahn - Sysmatec","description":"Rollenbahnwaage f\u00fcr W\u00e4gebereiche von 0-60 bis 0-500 kg. Erh\u00e4ltlich in verschiedenen Breiten und L\u00e4ngen.","robots":{"index":"index","follow":"follow","max-snippet":"max-snippet:-1","max-image-preview":"max-image-preview:large","max-video-preview":"max-video-preview:-1"},"canonical":"https:\/\/sysmatec.ch\/de\/Produkt\/waage-mit-rollenbahn\/","og_locale":"de_DE","og_type":"article","og_title":"Waage mit Rollenbahn - Sysmatec","og_description":"Rollenbahnwaage f\u00fcr W\u00e4gebereiche von 0-60 bis 0-500 kg. Erh\u00e4ltlich in verschiedenen Breiten und L\u00e4ngen.","og_url":"https:\/\/sysmatec.ch\/de\/Produkt\/waage-mit-rollenbahn\/","og_site_name":"Sysmatec","article_modified_time":"2023-11-09T20:21:27+00:00","og_image":[{"width":460,"height":306,"url":"https:\/\/sysmatec.ch\/wp-content\/uploads\/2023\/11\/BalanceConvoyeur_KPZWaagen.jpg","type":"image\/jpeg"}],"twitter_card":"summary_large_image","twitter_misc":{"Gesch\u00e4tzte Lesezeit":"1\u00a0Minute"},"schema":{"@context":"https:\/\/schema.org","@graph":[{"@type":"WebPage","@id":"https:\/\/sysmatec.ch\/de\/Produkt\/waage-mit-rollenbahn\/","url":"https:\/\/sysmatec.ch\/de\/Produkt\/waage-mit-rollenbahn\/","name":"Waage mit Rollenbahn - Sysmatec","isPartOf":{"@id":"https:\/\/sysmatec.ch\/de\/#website"},"primaryImageOfPage":{"@id":"https:\/\/sysmatec.ch\/de\/Produkt\/waage-mit-rollenbahn\/#primaryimage"},"image":{"@id":"https:\/\/sysmatec.ch\/de\/Produkt\/waage-mit-rollenbahn\/#primaryimage"},"thumbnailUrl":"https:\/\/sysmatec.ch\/wp-content\/uploads\/2023\/11\/BalanceConvoyeur_KPZWaagen.jpg","datePublished":"2023-11-09T19:23:47+00:00","dateModified":"2023-11-09T20:21:27+00:00","description":"Rollenbahnwaage f\u00fcr W\u00e4gebereiche von 0-60 bis 0-500 kg. Erh\u00e4ltlich in verschiedenen Breiten und L\u00e4ngen.","breadcrumb":{"@id":"https:\/\/sysmatec.ch\/de\/Produkt\/waage-mit-rollenbahn\/#breadcrumb"},"inLanguage":"de","potentialAction":[{"@type":"ReadAction","target":["https:\/\/sysmatec.ch\/de\/Produkt\/waage-mit-rollenbahn\/"]}]},{"@type":"ImageObject","inLanguage":"de","@id":"https:\/\/sysmatec.ch\/de\/Produkt\/waage-mit-rollenbahn\/#primaryimage","url":"https:\/\/sysmatec.ch\/wp-content\/uploads\/2023\/11\/BalanceConvoyeur_KPZWaagen.jpg","contentUrl":"https:\/\/sysmatec.ch\/wp-content\/uploads\/2023\/11\/BalanceConvoyeur_KPZWaagen.jpg","width":460,"height":306},{"@type":"BreadcrumbList","@id":"https:\/\/sysmatec.ch\/de\/Produkt\/waage-mit-rollenbahn\/#breadcrumb","itemListElement":[{"@type":"ListItem","position":1,"name":"Accueil","item":"https:\/\/sysmatec.ch\/de\/"},{"@type":"ListItem","position":2,"name":"Die Aktivit\u00e4t von Sysmatec","item":"https:\/\/sysmatec.ch\/de\/"},{"@type":"ListItem","position":3,"name":"Waage mit Rollenbahn"}]},{"@type":"WebSite","@id":"https:\/\/sysmatec.ch\/de\/#website","url":"https:\/\/sysmatec.ch\/de\/","name":"Sysmatec","description":"Equipement de laboratoire et logiciels","publisher":{"@id":"https:\/\/sysmatec.ch\/de\/#organization"},"potentialAction":[{"@type":"SearchAction","target":{"@type":"EntryPoint","urlTemplate":"https:\/\/sysmatec.ch\/de\/?s={search_term_string}"},"query-input":{"@type":"PropertyValueSpecification","valueRequired":true,"valueName":"search_term_string"}}],"inLanguage":"de"},{"@type":"Organization","@id":"https:\/\/sysmatec.ch\/de\/#organization","name":"Sysmatec","url":"https:\/\/sysmatec.ch\/de\/","logo":{"@type":"ImageObject","inLanguage":"de","@id":"https:\/\/sysmatec.ch\/de\/#\/schema\/logo\/image\/","url":"https:\/\/sysmatec.ch\/wp-content\/uploads\/2018\/11\/LogoSysmatec.jpg","contentUrl":"https:\/\/sysmatec.ch\/wp-content\/uploads\/2018\/11\/LogoSysmatec.jpg","width":301,"height":297,"caption":"Sysmatec"},"image":{"@id":"https:\/\/sysmatec.ch\/de\/#\/schema\/logo\/image\/"}}]}},"_links":{"self":[{"href":"https:\/\/sysmatec.ch\/de\/wp-json\/wp\/v2\/product\/28843","targetHints":{"allow":["GET"]}}],"collection":[{"href":"https:\/\/sysmatec.ch\/de\/wp-json\/wp\/v2\/product"}],"about":[{"href":"https:\/\/sysmatec.ch\/de\/wp-json\/wp\/v2\/types\/product"}],"wp:featuredmedia":[{"embeddable":true,"href":"https:\/\/sysmatec.ch\/de\/wp-json\/wp\/v2\/media\/28846"}],"wp:attachment":[{"href":"https:\/\/sysmatec.ch\/de\/wp-json\/wp\/v2\/media?parent=28843"}],"wp:term":[{"taxonomy":"product_brand","embeddable":true,"href":"https:\/\/sysmatec.ch\/de\/wp-json\/wp\/v2\/product_brand?post=28843"},{"taxonomy":"product_cat","embeddable":true,"href":"https:\/\/sysmatec.ch\/de\/wp-json\/wp\/v2\/product_cat?post=28843"},{"taxonomy":"product_tag","embeddable":true,"href":"https:\/\/sysmatec.ch\/de\/wp-json\/wp\/v2\/product_tag?post=28843"}],"curies":[{"name":"wp","href":"https:\/\/api.w.org\/{rel}","templated":true}]}}