{"id":28803,"date":"2023-09-27T14:31:00","date_gmt":"2023-09-27T12:31:00","guid":{"rendered":"https:\/\/sysmatec.ch\/?post_type=product&#038;p=28803"},"modified":"2023-09-27T15:23:04","modified_gmt":"2023-09-27T13:23:04","slug":"nitril-handschuh-nitrylex","status":"publish","type":"product","link":"https:\/\/sysmatec.ch\/de\/Produkt\/nitril-handschuh-nitrylex\/","title":{"rendered":"Nitril-Handschuh nitrylex"},"content":{"rendered":"<div class=\"p-descript\">\n<div class=\"lRu31\"><span class=\"HwtZe\" lang=\"de\"><span class=\"jCAhz ChMk0b\"><span class=\"ryNqvb\">Hochwertige, puderfreie medizinische Nitrilhandschuhe in verschiedenen Farben erh\u00e4ltlich.<\/span><\/span> <span class=\"jCAhz ChMk0b\"><span class=\"ryNqvb\">Dabei handelt es sich um klassische, puderfreie, schwarze Nitrilhandschuhe, die eine Barriere gegen Bakterien, Pilze und Viren bieten.<\/span><\/span><\/span><\/div>\n<div class=\"OvtS8d\"><\/div>\n<div class=\"UdTY9 WdefRb\" aria-hidden=\"true\" data-location=\"2\"><\/div>\n<\/div>\n<h2>Anwendung<\/h2>\n<ul>\n<li><span class=\"jCAhz ChMk0b\"><span class=\"ryNqvb\">Hausarbeit<\/span><\/span><\/li>\n<li><span class=\"jCAhz ChMk0b\"><span class=\"ryNqvb\">Obst- und Gem\u00fcseproduktion.<\/span><\/span><\/li>\n<li><span class=\"jCAhz ChMk0b\"><span class=\"ryNqvb\">Verarbeitung von Fleisch, Obst und Gem\u00fcse<\/span><\/span><\/li>\n<li><span class=\"jCAhz ChMk0b\"><span class=\"ryNqvb\">Mechanische Arbeiten.<\/span><\/span><\/li>\n<\/ul>\n<h2>Spezifikationen<\/h2>\n<ul>\n<li><span class=\"jCAhz ChMk0b\"><span class=\"ryNqvb\">Produkttyp: medizinisch und sch\u00fctzend<\/span><\/span><\/li>\n<li><span class=\"jCAhz ChMk0b\"><span class=\"ryNqvb\">Medizinische Klasse: I<\/span><\/span><\/li>\n<li><span class=\"jCAhz ChMk0b\"><span class=\"ryNqvb\">Schutzart: III<\/span><\/span> <span class=\"jCAhz ChMk0b\"><span class=\"ryNqvb\">Material: Nitril, puderfrei<\/span><\/span><\/li>\n<li><span class=\"jCAhz ChMk0b\"><span class=\"ryNqvb\">Sterilit\u00e4t: unsteril<\/span><\/span><\/li>\n<li><span class=\"jCAhz ChMk0b\"><span class=\"ryNqvb\">AQL-Wasserdichtigkeitsgrad: 1,5<\/span><\/span><\/li>\n<li><span class=\"jCAhz ChMk0b\"><span class=\"ryNqvb\">Manschette: gerollt<\/span><\/span><\/li>\n<li><span class=\"jCAhz ChMk0b\"><span class=\"ryNqvb\">Farben: Schwarz, Gr\u00fcn, Magenta, Pink<\/span><\/span><\/li>\n<li><span class=\"jCAhz ChMk0b\"><span class=\"ryNqvb\">Gr\u00f6\u00dfen: XS, S, M, L, XL, XXL<\/span><\/span><\/li>\n<li><span class=\"jCAhz ChMk0b\"><span class=\"ryNqvb\">Verpackung: Karton mit 100 St\u00fcck<\/span><\/span><\/li>\n<\/ul>\n<p>&nbsp;<\/p>\n","protected":false},"excerpt":{"rendered":"<p>Strapazierf\u00e4hige Nitrilhandschuhe.<\/p>\n","protected":false},"featured_media":28807,"template":"","meta":{"_crdt_document":""},"product_brand":[],"product_cat":[381,279],"product_tag":[],"class_list":{"0":"post-28803","1":"product","2":"type-product","3":"status-publish","4":"has-post-thumbnail","6":"product_cat-schutz","7":"product_cat-verbrauchsmaterial","9":"first","10":"instock","11":"taxable","12":"shipping-taxable","13":"product-type-simple"},"yoast_head":"<!-- This site is optimized with the Yoast SEO plugin v27.4 - https:\/\/yoast.com\/product\/yoast-seo-wordpress\/ -->\n<title>Nitril-Handschuh nitrylex - Sysmatec<\/title>\n<meta name=\"description\" content=\"Strapazierf\u00e4hige, unsterile, puderfreie Nitrilhandschuhe, Gr\u00f6\u00dfen S bis XXL, Schwarz, Gr\u00fcn, Magenta, Pink.\" \/>\n<meta name=\"robots\" content=\"index, follow, max-snippet:-1, max-image-preview:large, max-video-preview:-1\" \/>\n<link rel=\"canonical\" href=\"https:\/\/sysmatec.ch\/de\/Produkt\/nitril-handschuh-nitrylex\/\" \/>\n<meta property=\"og:locale\" content=\"de_DE\" \/>\n<meta property=\"og:type\" content=\"article\" \/>\n<meta property=\"og:title\" content=\"Nitril-Handschuh nitrylex - Sysmatec\" \/>\n<meta property=\"og:description\" content=\"Strapazierf\u00e4hige, unsterile, puderfreie Nitrilhandschuhe, Gr\u00f6\u00dfen S bis XXL, Schwarz, Gr\u00fcn, Magenta, Pink.\" \/>\n<meta property=\"og:url\" content=\"https:\/\/sysmatec.ch\/de\/Produkt\/nitril-handschuh-nitrylex\/\" \/>\n<meta property=\"og:site_name\" content=\"Sysmatec\" \/>\n<meta property=\"article:modified_time\" content=\"2023-09-27T13:23:04+00:00\" \/>\n<meta property=\"og:image\" content=\"https:\/\/sysmatec.ch\/wp-content\/uploads\/2023\/09\/GantNitrile_Mercator5.jpg\" \/>\n\t<meta property=\"og:image:width\" content=\"1800\" \/>\n\t<meta property=\"og:image:height\" content=\"1200\" \/>\n\t<meta property=\"og:image:type\" content=\"image\/jpeg\" \/>\n<meta name=\"twitter:card\" content=\"summary_large_image\" \/>\n<meta name=\"twitter:label1\" content=\"Gesch\u00e4tzte Lesezeit\" \/>\n\t<meta name=\"twitter:data1\" content=\"1\u00a0Minute\" \/>\n<script type=\"application\/ld+json\" class=\"yoast-schema-graph\">{\"@context\":\"https:\\\/\\\/schema.org\",\"@graph\":[{\"@type\":\"WebPage\",\"@id\":\"https:\\\/\\\/sysmatec.ch\\\/de\\\/Produkt\\\/nitril-handschuh-nitrylex\\\/\",\"url\":\"https:\\\/\\\/sysmatec.ch\\\/de\\\/Produkt\\\/nitril-handschuh-nitrylex\\\/\",\"name\":\"Nitril-Handschuh nitrylex - Sysmatec\",\"isPartOf\":{\"@id\":\"https:\\\/\\\/sysmatec.ch\\\/de\\\/#website\"},\"primaryImageOfPage\":{\"@id\":\"https:\\\/\\\/sysmatec.ch\\\/de\\\/Produkt\\\/nitril-handschuh-nitrylex\\\/#primaryimage\"},\"image\":{\"@id\":\"https:\\\/\\\/sysmatec.ch\\\/de\\\/Produkt\\\/nitril-handschuh-nitrylex\\\/#primaryimage\"},\"thumbnailUrl\":\"https:\\\/\\\/sysmatec.ch\\\/wp-content\\\/uploads\\\/2023\\\/09\\\/GantNitrile_Mercator5.jpg\",\"datePublished\":\"2023-09-27T12:31:00+00:00\",\"dateModified\":\"2023-09-27T13:23:04+00:00\",\"description\":\"Strapazierf\u00e4hige, unsterile, puderfreie Nitrilhandschuhe, Gr\u00f6\u00dfen S bis XXL, Schwarz, Gr\u00fcn, Magenta, Pink.\",\"breadcrumb\":{\"@id\":\"https:\\\/\\\/sysmatec.ch\\\/de\\\/Produkt\\\/nitril-handschuh-nitrylex\\\/#breadcrumb\"},\"inLanguage\":\"de\",\"potentialAction\":[{\"@type\":\"ReadAction\",\"target\":[\"https:\\\/\\\/sysmatec.ch\\\/de\\\/Produkt\\\/nitril-handschuh-nitrylex\\\/\"]}]},{\"@type\":\"ImageObject\",\"inLanguage\":\"de\",\"@id\":\"https:\\\/\\\/sysmatec.ch\\\/de\\\/Produkt\\\/nitril-handschuh-nitrylex\\\/#primaryimage\",\"url\":\"https:\\\/\\\/sysmatec.ch\\\/wp-content\\\/uploads\\\/2023\\\/09\\\/GantNitrile_Mercator5.jpg\",\"contentUrl\":\"https:\\\/\\\/sysmatec.ch\\\/wp-content\\\/uploads\\\/2023\\\/09\\\/GantNitrile_Mercator5.jpg\",\"width\":1800,\"height\":1200},{\"@type\":\"BreadcrumbList\",\"@id\":\"https:\\\/\\\/sysmatec.ch\\\/de\\\/Produkt\\\/nitril-handschuh-nitrylex\\\/#breadcrumb\",\"itemListElement\":[{\"@type\":\"ListItem\",\"position\":1,\"name\":\"Accueil\",\"item\":\"https:\\\/\\\/sysmatec.ch\\\/de\\\/\"},{\"@type\":\"ListItem\",\"position\":2,\"name\":\"Die Aktivit\u00e4t von Sysmatec\",\"item\":\"https:\\\/\\\/sysmatec.ch\\\/de\\\/\"},{\"@type\":\"ListItem\",\"position\":3,\"name\":\"Nitril-Handschuh nitrylex\"}]},{\"@type\":\"WebSite\",\"@id\":\"https:\\\/\\\/sysmatec.ch\\\/de\\\/#website\",\"url\":\"https:\\\/\\\/sysmatec.ch\\\/de\\\/\",\"name\":\"Sysmatec\",\"description\":\"Equipement de laboratoire et logiciels\",\"publisher\":{\"@id\":\"https:\\\/\\\/sysmatec.ch\\\/de\\\/#organization\"},\"potentialAction\":[{\"@type\":\"SearchAction\",\"target\":{\"@type\":\"EntryPoint\",\"urlTemplate\":\"https:\\\/\\\/sysmatec.ch\\\/de\\\/?s={search_term_string}\"},\"query-input\":{\"@type\":\"PropertyValueSpecification\",\"valueRequired\":true,\"valueName\":\"search_term_string\"}}],\"inLanguage\":\"de\"},{\"@type\":\"Organization\",\"@id\":\"https:\\\/\\\/sysmatec.ch\\\/de\\\/#organization\",\"name\":\"Sysmatec\",\"url\":\"https:\\\/\\\/sysmatec.ch\\\/de\\\/\",\"logo\":{\"@type\":\"ImageObject\",\"inLanguage\":\"de\",\"@id\":\"https:\\\/\\\/sysmatec.ch\\\/de\\\/#\\\/schema\\\/logo\\\/image\\\/\",\"url\":\"https:\\\/\\\/sysmatec.ch\\\/wp-content\\\/uploads\\\/2018\\\/11\\\/LogoSysmatec.jpg\",\"contentUrl\":\"https:\\\/\\\/sysmatec.ch\\\/wp-content\\\/uploads\\\/2018\\\/11\\\/LogoSysmatec.jpg\",\"width\":301,\"height\":297,\"caption\":\"Sysmatec\"},\"image\":{\"@id\":\"https:\\\/\\\/sysmatec.ch\\\/de\\\/#\\\/schema\\\/logo\\\/image\\\/\"}}]}<\/script>\n<!-- \/ Yoast SEO plugin. -->","yoast_head_json":{"title":"Nitril-Handschuh nitrylex - Sysmatec","description":"Strapazierf\u00e4hige, unsterile, puderfreie Nitrilhandschuhe, Gr\u00f6\u00dfen S bis XXL, Schwarz, Gr\u00fcn, Magenta, Pink.","robots":{"index":"index","follow":"follow","max-snippet":"max-snippet:-1","max-image-preview":"max-image-preview:large","max-video-preview":"max-video-preview:-1"},"canonical":"https:\/\/sysmatec.ch\/de\/Produkt\/nitril-handschuh-nitrylex\/","og_locale":"de_DE","og_type":"article","og_title":"Nitril-Handschuh nitrylex - Sysmatec","og_description":"Strapazierf\u00e4hige, unsterile, puderfreie Nitrilhandschuhe, Gr\u00f6\u00dfen S bis XXL, Schwarz, Gr\u00fcn, Magenta, Pink.","og_url":"https:\/\/sysmatec.ch\/de\/Produkt\/nitril-handschuh-nitrylex\/","og_site_name":"Sysmatec","article_modified_time":"2023-09-27T13:23:04+00:00","og_image":[{"width":1800,"height":1200,"url":"https:\/\/sysmatec.ch\/wp-content\/uploads\/2023\/09\/GantNitrile_Mercator5.jpg","type":"image\/jpeg"}],"twitter_card":"summary_large_image","twitter_misc":{"Gesch\u00e4tzte Lesezeit":"1\u00a0Minute"},"schema":{"@context":"https:\/\/schema.org","@graph":[{"@type":"WebPage","@id":"https:\/\/sysmatec.ch\/de\/Produkt\/nitril-handschuh-nitrylex\/","url":"https:\/\/sysmatec.ch\/de\/Produkt\/nitril-handschuh-nitrylex\/","name":"Nitril-Handschuh nitrylex - Sysmatec","isPartOf":{"@id":"https:\/\/sysmatec.ch\/de\/#website"},"primaryImageOfPage":{"@id":"https:\/\/sysmatec.ch\/de\/Produkt\/nitril-handschuh-nitrylex\/#primaryimage"},"image":{"@id":"https:\/\/sysmatec.ch\/de\/Produkt\/nitril-handschuh-nitrylex\/#primaryimage"},"thumbnailUrl":"https:\/\/sysmatec.ch\/wp-content\/uploads\/2023\/09\/GantNitrile_Mercator5.jpg","datePublished":"2023-09-27T12:31:00+00:00","dateModified":"2023-09-27T13:23:04+00:00","description":"Strapazierf\u00e4hige, unsterile, puderfreie Nitrilhandschuhe, Gr\u00f6\u00dfen S bis XXL, Schwarz, Gr\u00fcn, Magenta, Pink.","breadcrumb":{"@id":"https:\/\/sysmatec.ch\/de\/Produkt\/nitril-handschuh-nitrylex\/#breadcrumb"},"inLanguage":"de","potentialAction":[{"@type":"ReadAction","target":["https:\/\/sysmatec.ch\/de\/Produkt\/nitril-handschuh-nitrylex\/"]}]},{"@type":"ImageObject","inLanguage":"de","@id":"https:\/\/sysmatec.ch\/de\/Produkt\/nitril-handschuh-nitrylex\/#primaryimage","url":"https:\/\/sysmatec.ch\/wp-content\/uploads\/2023\/09\/GantNitrile_Mercator5.jpg","contentUrl":"https:\/\/sysmatec.ch\/wp-content\/uploads\/2023\/09\/GantNitrile_Mercator5.jpg","width":1800,"height":1200},{"@type":"BreadcrumbList","@id":"https:\/\/sysmatec.ch\/de\/Produkt\/nitril-handschuh-nitrylex\/#breadcrumb","itemListElement":[{"@type":"ListItem","position":1,"name":"Accueil","item":"https:\/\/sysmatec.ch\/de\/"},{"@type":"ListItem","position":2,"name":"Die Aktivit\u00e4t von Sysmatec","item":"https:\/\/sysmatec.ch\/de\/"},{"@type":"ListItem","position":3,"name":"Nitril-Handschuh nitrylex"}]},{"@type":"WebSite","@id":"https:\/\/sysmatec.ch\/de\/#website","url":"https:\/\/sysmatec.ch\/de\/","name":"Sysmatec","description":"Equipement de laboratoire et logiciels","publisher":{"@id":"https:\/\/sysmatec.ch\/de\/#organization"},"potentialAction":[{"@type":"SearchAction","target":{"@type":"EntryPoint","urlTemplate":"https:\/\/sysmatec.ch\/de\/?s={search_term_string}"},"query-input":{"@type":"PropertyValueSpecification","valueRequired":true,"valueName":"search_term_string"}}],"inLanguage":"de"},{"@type":"Organization","@id":"https:\/\/sysmatec.ch\/de\/#organization","name":"Sysmatec","url":"https:\/\/sysmatec.ch\/de\/","logo":{"@type":"ImageObject","inLanguage":"de","@id":"https:\/\/sysmatec.ch\/de\/#\/schema\/logo\/image\/","url":"https:\/\/sysmatec.ch\/wp-content\/uploads\/2018\/11\/LogoSysmatec.jpg","contentUrl":"https:\/\/sysmatec.ch\/wp-content\/uploads\/2018\/11\/LogoSysmatec.jpg","width":301,"height":297,"caption":"Sysmatec"},"image":{"@id":"https:\/\/sysmatec.ch\/de\/#\/schema\/logo\/image\/"}}]}},"_links":{"self":[{"href":"https:\/\/sysmatec.ch\/de\/wp-json\/wp\/v2\/product\/28803","targetHints":{"allow":["GET"]}}],"collection":[{"href":"https:\/\/sysmatec.ch\/de\/wp-json\/wp\/v2\/product"}],"about":[{"href":"https:\/\/sysmatec.ch\/de\/wp-json\/wp\/v2\/types\/product"}],"wp:featuredmedia":[{"embeddable":true,"href":"https:\/\/sysmatec.ch\/de\/wp-json\/wp\/v2\/media\/28807"}],"wp:attachment":[{"href":"https:\/\/sysmatec.ch\/de\/wp-json\/wp\/v2\/media?parent=28803"}],"wp:term":[{"taxonomy":"product_brand","embeddable":true,"href":"https:\/\/sysmatec.ch\/de\/wp-json\/wp\/v2\/product_brand?post=28803"},{"taxonomy":"product_cat","embeddable":true,"href":"https:\/\/sysmatec.ch\/de\/wp-json\/wp\/v2\/product_cat?post=28803"},{"taxonomy":"product_tag","embeddable":true,"href":"https:\/\/sysmatec.ch\/de\/wp-json\/wp\/v2\/product_tag?post=28803"}],"curies":[{"name":"wp","href":"https:\/\/api.w.org\/{rel}","templated":true}]}}