{"id":28731,"date":"2023-09-25T16:22:38","date_gmt":"2023-09-25T14:22:38","guid":{"rendered":"https:\/\/sysmatec.ch\/?post_type=product&#038;p=28731"},"modified":"2023-09-25T17:11:09","modified_gmt":"2023-09-25T15:11:09","slug":"gsm-temperaturrekorder-fuer-den-einmalgebrauch-templog-go","status":"publish","type":"product","link":"https:\/\/sysmatec.ch\/de\/Produkt\/gsm-temperaturrekorder-fuer-den-einmalgebrauch-templog-go\/","title":{"rendered":"GSM-Temperaturrekorder f\u00fcr den Einmalgebrauch Templog Go"},"content":{"rendered":"<p>Dieser Datenlogger wurde entwickelt, um temperaturempfindliche Produkte w\u00e4hrend der Lagerung und des Versands zu \u00fcberwachen und die Waren w\u00e4hrend des Transports in Echtzeit zu verfolgen.<br \/>\nUm die Temperaturberichte einzusehen, m\u00fcssen Sie nicht bis zum Ende der Sendung warten. Sie k\u00f6nnen die Informationen w\u00e4hrend des Versands in Echtzeit abrufen.<\/p>\n<ul>\n<li>Messung der Temperatur<\/li>\n<li>Messbereich -25\u00b0 bis +65\u00b0C<\/li>\n<li>Genauigkeit der Temperatur 0,5\u00b0C<\/li>\n<li>Aufl\u00f6sung der Temperatur +-0,1\u00b0C.<\/li>\n<li>Berichtsbereich 30 Tage: alle 15 Minuten<\/li>\n<li>60 Tage: alle 30 Minuten<\/li>\n<li>GSM 850\/900\/1800\/1900<\/li>\n<li>Aufzeichnungszeitraum 30-60 Tage<\/li>\n<li>IP-Klasse IP67<\/li>\n<li>Bericht Pdf \/ Grafik \/ Tabelle<\/li>\n<li>Alarmbenachrichtigung in der App<\/li>\n<li>Existiert als Multi-Use-Version<\/li>\n<li>Zur Zeit kann TemplogGo nicht f\u00fcr den Transport in Flugzeugen verwendet werden<\/li>\n<\/ul>\n","protected":false},"excerpt":{"rendered":"<p>GSM-Temperaturrekorder f\u00fcr den einmaligen Gebrauch.<\/p>\n","protected":false},"featured_media":28735,"template":"","meta":{"_crdt_document":""},"product_brand":[],"product_cat":[172,173],"product_tag":[],"class_list":{"0":"post-28731","1":"product","2":"type-product","3":"status-publish","4":"has-post-thumbnail","6":"product_cat-einweg-logger","7":"product_cat-temperatur","9":"first","10":"instock","11":"taxable","12":"shipping-taxable","13":"product-type-simple"},"yoast_head":"<!-- This site is optimized with the Yoast SEO plugin v27.4 - https:\/\/yoast.com\/product\/yoast-seo-wordpress\/ -->\n<title>GSM-Temperaturrekorder f\u00fcr den Einmalgebrauch Templog Go - Sysmatec<\/title>\n<meta name=\"description\" content=\"GSM-Temperaturschreiber zum Wegwerfen. Ideal f\u00fcr den Transport von temperaturempfindlichen Produkten.\" \/>\n<meta name=\"robots\" content=\"index, follow, max-snippet:-1, max-image-preview:large, max-video-preview:-1\" \/>\n<link rel=\"canonical\" href=\"https:\/\/sysmatec.ch\/de\/Produkt\/gsm-temperaturrekorder-fuer-den-einmalgebrauch-templog-go\/\" \/>\n<meta property=\"og:locale\" content=\"de_DE\" \/>\n<meta property=\"og:type\" content=\"article\" \/>\n<meta property=\"og:title\" content=\"GSM-Temperaturrekorder f\u00fcr den Einmalgebrauch Templog Go - Sysmatec\" \/>\n<meta property=\"og:description\" content=\"GSM-Temperaturschreiber zum Wegwerfen. Ideal f\u00fcr den Transport von temperaturempfindlichen Produkten.\" \/>\n<meta property=\"og:url\" content=\"https:\/\/sysmatec.ch\/de\/Produkt\/gsm-temperaturrekorder-fuer-den-einmalgebrauch-templog-go\/\" \/>\n<meta property=\"og:site_name\" content=\"Sysmatec\" \/>\n<meta property=\"article:modified_time\" content=\"2023-09-25T15:11:09+00:00\" \/>\n<meta property=\"og:image\" content=\"https:\/\/sysmatec.ch\/wp-content\/uploads\/2023\/09\/EnregistreurTemperature_TemplogGo.jpg\" \/>\n\t<meta property=\"og:image:width\" content=\"279\" \/>\n\t<meta property=\"og:image:height\" content=\"355\" \/>\n\t<meta property=\"og:image:type\" content=\"image\/jpeg\" \/>\n<meta name=\"twitter:card\" content=\"summary_large_image\" \/>\n<meta name=\"twitter:label1\" content=\"Gesch\u00e4tzte Lesezeit\" \/>\n\t<meta name=\"twitter:data1\" content=\"1\u00a0Minute\" \/>\n<script type=\"application\/ld+json\" class=\"yoast-schema-graph\">{\"@context\":\"https:\\\/\\\/schema.org\",\"@graph\":[{\"@type\":\"WebPage\",\"@id\":\"https:\\\/\\\/sysmatec.ch\\\/de\\\/Produkt\\\/gsm-temperaturrekorder-fuer-den-einmalgebrauch-templog-go\\\/\",\"url\":\"https:\\\/\\\/sysmatec.ch\\\/de\\\/Produkt\\\/gsm-temperaturrekorder-fuer-den-einmalgebrauch-templog-go\\\/\",\"name\":\"GSM-Temperaturrekorder f\u00fcr den Einmalgebrauch Templog Go - Sysmatec\",\"isPartOf\":{\"@id\":\"https:\\\/\\\/sysmatec.ch\\\/de\\\/#website\"},\"primaryImageOfPage\":{\"@id\":\"https:\\\/\\\/sysmatec.ch\\\/de\\\/Produkt\\\/gsm-temperaturrekorder-fuer-den-einmalgebrauch-templog-go\\\/#primaryimage\"},\"image\":{\"@id\":\"https:\\\/\\\/sysmatec.ch\\\/de\\\/Produkt\\\/gsm-temperaturrekorder-fuer-den-einmalgebrauch-templog-go\\\/#primaryimage\"},\"thumbnailUrl\":\"https:\\\/\\\/sysmatec.ch\\\/wp-content\\\/uploads\\\/2023\\\/09\\\/EnregistreurTemperature_TemplogGo.jpg\",\"datePublished\":\"2023-09-25T14:22:38+00:00\",\"dateModified\":\"2023-09-25T15:11:09+00:00\",\"description\":\"GSM-Temperaturschreiber zum Wegwerfen. Ideal f\u00fcr den Transport von temperaturempfindlichen Produkten.\",\"breadcrumb\":{\"@id\":\"https:\\\/\\\/sysmatec.ch\\\/de\\\/Produkt\\\/gsm-temperaturrekorder-fuer-den-einmalgebrauch-templog-go\\\/#breadcrumb\"},\"inLanguage\":\"de\",\"potentialAction\":[{\"@type\":\"ReadAction\",\"target\":[\"https:\\\/\\\/sysmatec.ch\\\/de\\\/Produkt\\\/gsm-temperaturrekorder-fuer-den-einmalgebrauch-templog-go\\\/\"]}]},{\"@type\":\"ImageObject\",\"inLanguage\":\"de\",\"@id\":\"https:\\\/\\\/sysmatec.ch\\\/de\\\/Produkt\\\/gsm-temperaturrekorder-fuer-den-einmalgebrauch-templog-go\\\/#primaryimage\",\"url\":\"https:\\\/\\\/sysmatec.ch\\\/wp-content\\\/uploads\\\/2023\\\/09\\\/EnregistreurTemperature_TemplogGo.jpg\",\"contentUrl\":\"https:\\\/\\\/sysmatec.ch\\\/wp-content\\\/uploads\\\/2023\\\/09\\\/EnregistreurTemperature_TemplogGo.jpg\",\"width\":279,\"height\":355},{\"@type\":\"BreadcrumbList\",\"@id\":\"https:\\\/\\\/sysmatec.ch\\\/de\\\/Produkt\\\/gsm-temperaturrekorder-fuer-den-einmalgebrauch-templog-go\\\/#breadcrumb\",\"itemListElement\":[{\"@type\":\"ListItem\",\"position\":1,\"name\":\"Accueil\",\"item\":\"https:\\\/\\\/sysmatec.ch\\\/de\\\/\"},{\"@type\":\"ListItem\",\"position\":2,\"name\":\"Die Aktivit\u00e4t von Sysmatec\",\"item\":\"https:\\\/\\\/sysmatec.ch\\\/de\\\/\"},{\"@type\":\"ListItem\",\"position\":3,\"name\":\"GSM-Temperaturrekorder f\u00fcr den Einmalgebrauch Templog Go\"}]},{\"@type\":\"WebSite\",\"@id\":\"https:\\\/\\\/sysmatec.ch\\\/de\\\/#website\",\"url\":\"https:\\\/\\\/sysmatec.ch\\\/de\\\/\",\"name\":\"Sysmatec\",\"description\":\"Equipement de laboratoire et logiciels\",\"publisher\":{\"@id\":\"https:\\\/\\\/sysmatec.ch\\\/de\\\/#organization\"},\"potentialAction\":[{\"@type\":\"SearchAction\",\"target\":{\"@type\":\"EntryPoint\",\"urlTemplate\":\"https:\\\/\\\/sysmatec.ch\\\/de\\\/?s={search_term_string}\"},\"query-input\":{\"@type\":\"PropertyValueSpecification\",\"valueRequired\":true,\"valueName\":\"search_term_string\"}}],\"inLanguage\":\"de\"},{\"@type\":\"Organization\",\"@id\":\"https:\\\/\\\/sysmatec.ch\\\/de\\\/#organization\",\"name\":\"Sysmatec\",\"url\":\"https:\\\/\\\/sysmatec.ch\\\/de\\\/\",\"logo\":{\"@type\":\"ImageObject\",\"inLanguage\":\"de\",\"@id\":\"https:\\\/\\\/sysmatec.ch\\\/de\\\/#\\\/schema\\\/logo\\\/image\\\/\",\"url\":\"https:\\\/\\\/sysmatec.ch\\\/wp-content\\\/uploads\\\/2018\\\/11\\\/LogoSysmatec.jpg\",\"contentUrl\":\"https:\\\/\\\/sysmatec.ch\\\/wp-content\\\/uploads\\\/2018\\\/11\\\/LogoSysmatec.jpg\",\"width\":301,\"height\":297,\"caption\":\"Sysmatec\"},\"image\":{\"@id\":\"https:\\\/\\\/sysmatec.ch\\\/de\\\/#\\\/schema\\\/logo\\\/image\\\/\"}}]}<\/script>\n<!-- \/ Yoast SEO plugin. -->","yoast_head_json":{"title":"GSM-Temperaturrekorder f\u00fcr den Einmalgebrauch Templog Go - Sysmatec","description":"GSM-Temperaturschreiber zum Wegwerfen. Ideal f\u00fcr den Transport von temperaturempfindlichen Produkten.","robots":{"index":"index","follow":"follow","max-snippet":"max-snippet:-1","max-image-preview":"max-image-preview:large","max-video-preview":"max-video-preview:-1"},"canonical":"https:\/\/sysmatec.ch\/de\/Produkt\/gsm-temperaturrekorder-fuer-den-einmalgebrauch-templog-go\/","og_locale":"de_DE","og_type":"article","og_title":"GSM-Temperaturrekorder f\u00fcr den Einmalgebrauch Templog Go - Sysmatec","og_description":"GSM-Temperaturschreiber zum Wegwerfen. Ideal f\u00fcr den Transport von temperaturempfindlichen Produkten.","og_url":"https:\/\/sysmatec.ch\/de\/Produkt\/gsm-temperaturrekorder-fuer-den-einmalgebrauch-templog-go\/","og_site_name":"Sysmatec","article_modified_time":"2023-09-25T15:11:09+00:00","og_image":[{"width":279,"height":355,"url":"https:\/\/sysmatec.ch\/wp-content\/uploads\/2023\/09\/EnregistreurTemperature_TemplogGo.jpg","type":"image\/jpeg"}],"twitter_card":"summary_large_image","twitter_misc":{"Gesch\u00e4tzte Lesezeit":"1\u00a0Minute"},"schema":{"@context":"https:\/\/schema.org","@graph":[{"@type":"WebPage","@id":"https:\/\/sysmatec.ch\/de\/Produkt\/gsm-temperaturrekorder-fuer-den-einmalgebrauch-templog-go\/","url":"https:\/\/sysmatec.ch\/de\/Produkt\/gsm-temperaturrekorder-fuer-den-einmalgebrauch-templog-go\/","name":"GSM-Temperaturrekorder f\u00fcr den Einmalgebrauch Templog Go - Sysmatec","isPartOf":{"@id":"https:\/\/sysmatec.ch\/de\/#website"},"primaryImageOfPage":{"@id":"https:\/\/sysmatec.ch\/de\/Produkt\/gsm-temperaturrekorder-fuer-den-einmalgebrauch-templog-go\/#primaryimage"},"image":{"@id":"https:\/\/sysmatec.ch\/de\/Produkt\/gsm-temperaturrekorder-fuer-den-einmalgebrauch-templog-go\/#primaryimage"},"thumbnailUrl":"https:\/\/sysmatec.ch\/wp-content\/uploads\/2023\/09\/EnregistreurTemperature_TemplogGo.jpg","datePublished":"2023-09-25T14:22:38+00:00","dateModified":"2023-09-25T15:11:09+00:00","description":"GSM-Temperaturschreiber zum Wegwerfen. Ideal f\u00fcr den Transport von temperaturempfindlichen Produkten.","breadcrumb":{"@id":"https:\/\/sysmatec.ch\/de\/Produkt\/gsm-temperaturrekorder-fuer-den-einmalgebrauch-templog-go\/#breadcrumb"},"inLanguage":"de","potentialAction":[{"@type":"ReadAction","target":["https:\/\/sysmatec.ch\/de\/Produkt\/gsm-temperaturrekorder-fuer-den-einmalgebrauch-templog-go\/"]}]},{"@type":"ImageObject","inLanguage":"de","@id":"https:\/\/sysmatec.ch\/de\/Produkt\/gsm-temperaturrekorder-fuer-den-einmalgebrauch-templog-go\/#primaryimage","url":"https:\/\/sysmatec.ch\/wp-content\/uploads\/2023\/09\/EnregistreurTemperature_TemplogGo.jpg","contentUrl":"https:\/\/sysmatec.ch\/wp-content\/uploads\/2023\/09\/EnregistreurTemperature_TemplogGo.jpg","width":279,"height":355},{"@type":"BreadcrumbList","@id":"https:\/\/sysmatec.ch\/de\/Produkt\/gsm-temperaturrekorder-fuer-den-einmalgebrauch-templog-go\/#breadcrumb","itemListElement":[{"@type":"ListItem","position":1,"name":"Accueil","item":"https:\/\/sysmatec.ch\/de\/"},{"@type":"ListItem","position":2,"name":"Die Aktivit\u00e4t von Sysmatec","item":"https:\/\/sysmatec.ch\/de\/"},{"@type":"ListItem","position":3,"name":"GSM-Temperaturrekorder f\u00fcr den Einmalgebrauch Templog Go"}]},{"@type":"WebSite","@id":"https:\/\/sysmatec.ch\/de\/#website","url":"https:\/\/sysmatec.ch\/de\/","name":"Sysmatec","description":"Equipement de laboratoire et logiciels","publisher":{"@id":"https:\/\/sysmatec.ch\/de\/#organization"},"potentialAction":[{"@type":"SearchAction","target":{"@type":"EntryPoint","urlTemplate":"https:\/\/sysmatec.ch\/de\/?s={search_term_string}"},"query-input":{"@type":"PropertyValueSpecification","valueRequired":true,"valueName":"search_term_string"}}],"inLanguage":"de"},{"@type":"Organization","@id":"https:\/\/sysmatec.ch\/de\/#organization","name":"Sysmatec","url":"https:\/\/sysmatec.ch\/de\/","logo":{"@type":"ImageObject","inLanguage":"de","@id":"https:\/\/sysmatec.ch\/de\/#\/schema\/logo\/image\/","url":"https:\/\/sysmatec.ch\/wp-content\/uploads\/2018\/11\/LogoSysmatec.jpg","contentUrl":"https:\/\/sysmatec.ch\/wp-content\/uploads\/2018\/11\/LogoSysmatec.jpg","width":301,"height":297,"caption":"Sysmatec"},"image":{"@id":"https:\/\/sysmatec.ch\/de\/#\/schema\/logo\/image\/"}}]}},"_links":{"self":[{"href":"https:\/\/sysmatec.ch\/de\/wp-json\/wp\/v2\/product\/28731","targetHints":{"allow":["GET"]}}],"collection":[{"href":"https:\/\/sysmatec.ch\/de\/wp-json\/wp\/v2\/product"}],"about":[{"href":"https:\/\/sysmatec.ch\/de\/wp-json\/wp\/v2\/types\/product"}],"wp:featuredmedia":[{"embeddable":true,"href":"https:\/\/sysmatec.ch\/de\/wp-json\/wp\/v2\/media\/28735"}],"wp:attachment":[{"href":"https:\/\/sysmatec.ch\/de\/wp-json\/wp\/v2\/media?parent=28731"}],"wp:term":[{"taxonomy":"product_brand","embeddable":true,"href":"https:\/\/sysmatec.ch\/de\/wp-json\/wp\/v2\/product_brand?post=28731"},{"taxonomy":"product_cat","embeddable":true,"href":"https:\/\/sysmatec.ch\/de\/wp-json\/wp\/v2\/product_cat?post=28731"},{"taxonomy":"product_tag","embeddable":true,"href":"https:\/\/sysmatec.ch\/de\/wp-json\/wp\/v2\/product_tag?post=28731"}],"curies":[{"name":"wp","href":"https:\/\/api.w.org\/{rel}","templated":true}]}}