{"id":28678,"date":"2023-08-26T17:54:12","date_gmt":"2023-08-26T15:54:12","guid":{"rendered":"https:\/\/sysmatec.ch\/?post_type=product&#038;p=28678"},"modified":"2023-08-26T18:25:31","modified_gmt":"2023-08-26T16:25:31","slug":"wifi-co2-und-raumluftqualitaetsmonitor-el-wem","status":"publish","type":"product","link":"https:\/\/sysmatec.ch\/de\/Produkt\/wifi-co2-und-raumluftqualitaetsmonitor-el-wem\/","title":{"rendered":"WiFi CO2- und Raumluftqualit\u00e4tsmonitor EL-WEM+"},"content":{"rendered":"<p>Der EL-WEM+ CO2- und Raumluftqualit\u00e4tsmonitor von EasyLog ist das ideale Ger\u00e4t, um eine angemessene Luftqualit\u00e4t am Arbeitsplatz und zu Hause sicherzustellen.<\/p>\n<p>Das EL-WEM+ misst und zeichnet CO2, Temperatur, Luftfeuchtigkeit, VOCs, Druck, PM1, PM2.5 und PM10 auf. Es \u00fcberwacht kontinuierlich die Luftqualit\u00e4t und stuft sie in f\u00fcnf Stufen von ausgezeichnet bis unzureichend ein. F\u00e4llt die Luftqualit\u00e4t auf die beiden niedrigsten Werte, leuchtet der Statusring des Ger\u00e4ts rot auf, ein akustischer Alarm wird aktiviert und eine E-Mail- oder SMS-Benachrichtigung kann an die von Ihnen ausgew\u00e4hlten Kontakte gesendet werden, um Sie sofort \u00fcber die Ver\u00e4nderung zu informieren.<\/p>\n<p>Das EL-WEM+ ist ideal f\u00fcr den Einsatz zu Hause und am Arbeitsplatz geeignet und verf\u00fcgt \u00fcber einen &#8222;Nicht st\u00f6ren&#8220;-Modus, mit dem Sie Tageszeiten festlegen k\u00f6nnen, zu denen der Statusring und der Signalton ausgeschaltet sind.<\/p>\n<p>Das EL-WEM+ misst st\u00e4ndig in Echtzeit und l\u00e4dt die Messwerte automatisch in die EasyLog-Cloud hoch, um einen einfachen Zugriff auf Ihre aktuellen und historischen Daten zu erm\u00f6glichen. Laden Sie die EasyLog App herunter, mit der Sie Ihre kompletten Messdaten von jedem internetf\u00e4higen Ger\u00e4t aus anzeigen, analysieren und herunterladen k\u00f6nnen. Sie k\u00f6nnen sogar einen Nachtmodus konfigurieren, der auch den Signalton stummschaltet und die LEDs einschaltet.<\/p>\n<p>VOCs sind Gase und Chemikalien in der Luft, die gesundheitliche Auswirkungen haben k\u00f6nnen. Viele g\u00e4ngige Chemikalien und<br \/>\nMaterialien emittieren VOCs, manchmal \u00fcber lange Zeitr\u00e4ume hinweg. Dazu geh\u00f6ren Farben und Lacke, Reinigungsmittel<br \/>\nReinigungsmittel und Lufterfrischer, Kunststoffe, Stoffe und vieles mehr.<\/p>\n<p>Zu den winzigen Partikeln, die in der Luft schweben, geh\u00f6ren Pollen, Staub, Schimmelsporen und Ru\u00df aus Motoren und Br\u00e4nden. In hohen Konzentrationen k\u00f6nnen sie<br \/>\nallergische Reaktionen und Gesundheitsprobleme verursachen. Das EL-WEM+ misst drei Arten: PM10, PM2,5 und das extrem kleine PM1.<\/p>\n<h2>Eigenschaften<\/h2>\n<ul>\n<li>EL-WEM+ Messparameter: CO2, Temperatur, Luftfeuchtigkeit, VOCs, PM1, PM2.5 und PM10, Druck<\/li>\n<\/ul>\n<p>&nbsp;<\/p>\n<p>&nbsp;<\/p>\n<table id=\"product-attribute-specs-table\" class=\"data-table\">\n<tbody>\n<tr class=\"first odd\">\n<th class=\"label\">Messbereich (CO2)<\/th>\n<td class=\"data last\">0 bis 40 000ppm<\/td>\n<\/tr>\n<tr class=\"even\">\n<th class=\"label\">Genauigkeit (CO2)<\/th>\n<td class=\"data last\">\u00b13%<\/td>\n<\/tr>\n<tr class=\"odd\">\n<th class=\"label\">Messbereich (T)<\/th>\n<td class=\"data last\">-20 to +60\u00b0C<\/td>\n<\/tr>\n<tr class=\"even\">\n<th class=\"label\">Genauigkeit (T)<\/th>\n<td class=\"data last\">\u00b10.6\u00b0C bei 15\u00b0C<\/td>\n<\/tr>\n<tr class=\"odd\">\n<th class=\"label\">Messbereich (%RH)<\/th>\n<td class=\"data last\">0 bis 95%RH<\/td>\n<\/tr>\n<tr class=\"even\">\n<th class=\"label\">Genauigkeit (RH)<\/th>\n<td class=\"data last\">\u00b13%<\/td>\n<\/tr>\n<tr class=\"odd\">\n<th class=\"label\">Messbereich (VOC)<\/th>\n<td class=\"data last\">ppm<\/td>\n<\/tr>\n<tr class=\"even\">\n<th class=\"label\">Genauigkeit (VOC)<\/th>\n<td class=\"data last\">\u00b15%<\/td>\n<\/tr>\n<tr class=\"odd\">\n<th class=\"label\">\n<div class=\"col-xxs-4 product-specification__label-container\">\n<div class=\"product-specification__label\">Particulate Size Measured (PM)<\/div>\n<\/div>\n<\/th>\n<td class=\"data last\">PM10, PM2.5, PM1<\/td>\n<\/tr>\n<tr class=\"even\">\n<th class=\"label\">Messbereich (PM)<\/th>\n<td class=\"data last\">0 bis 1000\u00b5g\/m3<\/td>\n<\/tr>\n<tr class=\"odd\">\n<th class=\"label\">Messbereich (mbar)<\/th>\n<td class=\"data last\">300 bis 1100mbar<\/td>\n<\/tr>\n<tr class=\"even\">\n<th class=\"label\">Genauigkeit (mbar)<\/th>\n<td class=\"data last\">\u00b10.6mbar<\/td>\n<\/tr>\n<tr class=\"odd\">\n<th class=\"label\">Abmessungen (H\u00f6he x Durchmesser)<\/th>\n<td class=\"data last\">170.5 x 77mm<\/td>\n<\/tr>\n<\/tbody>\n<\/table>\n<p>&nbsp;<\/p>\n","protected":false},"excerpt":{"rendered":"<p>Raumluftqualit\u00e4tsmonitor zur Messung von CO2, VOC, &#8230;<\/p>\n","protected":false},"featured_media":28683,"template":"","meta":{"_crdt_document":""},"product_brand":[],"product_cat":[185,248,374],"product_tag":[],"class_list":{"0":"post-28678","1":"product","2":"type-product","3":"status-publish","4":"has-post-thumbnail","6":"product_cat-analyzer-de","7":"product_cat-co2-de","8":"product_cat-gas-de","10":"first","11":"instock","12":"taxable","13":"shipping-taxable","14":"product-type-simple"},"yoast_head":"<!-- This site is optimized with the Yoast SEO plugin v27.4 - https:\/\/yoast.com\/product\/yoast-seo-wordpress\/ -->\n<title>WiFi CO2- und Raumluftqualit\u00e4tsmonitor EL-WEM+ - Sysmatec<\/title>\n<meta name=\"description\" content=\"Raumluftqualit\u00e4tsmonitor zur Messung von CO2, VOC, Partikeln, Temperatur, Feuchtigkeit und Druck.\" \/>\n<meta name=\"robots\" content=\"index, follow, max-snippet:-1, max-image-preview:large, max-video-preview:-1\" \/>\n<link rel=\"canonical\" href=\"https:\/\/sysmatec.ch\/de\/Produkt\/wifi-co2-und-raumluftqualitaetsmonitor-el-wem\/\" \/>\n<meta property=\"og:locale\" content=\"de_DE\" \/>\n<meta property=\"og:type\" content=\"article\" \/>\n<meta property=\"og:title\" content=\"WiFi CO2- und Raumluftqualit\u00e4tsmonitor EL-WEM+ - Sysmatec\" \/>\n<meta property=\"og:description\" content=\"Raumluftqualit\u00e4tsmonitor zur Messung von CO2, VOC, Partikeln, Temperatur, Feuchtigkeit und Druck.\" \/>\n<meta property=\"og:url\" content=\"https:\/\/sysmatec.ch\/de\/Produkt\/wifi-co2-und-raumluftqualitaetsmonitor-el-wem\/\" \/>\n<meta property=\"og:site_name\" content=\"Sysmatec\" \/>\n<meta property=\"article:modified_time\" content=\"2023-08-26T16:25:31+00:00\" \/>\n<meta property=\"og:image\" content=\"https:\/\/sysmatec.ch\/wp-content\/uploads\/2023\/08\/EnregistreurVOC_Lascar.jpg\" \/>\n\t<meta property=\"og:image:width\" content=\"283\" \/>\n\t<meta property=\"og:image:height\" content=\"380\" \/>\n\t<meta property=\"og:image:type\" content=\"image\/jpeg\" \/>\n<meta name=\"twitter:card\" content=\"summary_large_image\" \/>\n<meta name=\"twitter:label1\" content=\"Gesch\u00e4tzte Lesezeit\" \/>\n\t<meta name=\"twitter:data1\" content=\"2\u00a0Minuten\" \/>\n<script type=\"application\/ld+json\" class=\"yoast-schema-graph\">{\"@context\":\"https:\\\/\\\/schema.org\",\"@graph\":[{\"@type\":\"WebPage\",\"@id\":\"https:\\\/\\\/sysmatec.ch\\\/de\\\/Produkt\\\/wifi-co2-und-raumluftqualitaetsmonitor-el-wem\\\/\",\"url\":\"https:\\\/\\\/sysmatec.ch\\\/de\\\/Produkt\\\/wifi-co2-und-raumluftqualitaetsmonitor-el-wem\\\/\",\"name\":\"WiFi CO2- und Raumluftqualit\u00e4tsmonitor EL-WEM+ - Sysmatec\",\"isPartOf\":{\"@id\":\"https:\\\/\\\/sysmatec.ch\\\/de\\\/#website\"},\"primaryImageOfPage\":{\"@id\":\"https:\\\/\\\/sysmatec.ch\\\/de\\\/Produkt\\\/wifi-co2-und-raumluftqualitaetsmonitor-el-wem\\\/#primaryimage\"},\"image\":{\"@id\":\"https:\\\/\\\/sysmatec.ch\\\/de\\\/Produkt\\\/wifi-co2-und-raumluftqualitaetsmonitor-el-wem\\\/#primaryimage\"},\"thumbnailUrl\":\"https:\\\/\\\/sysmatec.ch\\\/wp-content\\\/uploads\\\/2023\\\/08\\\/EnregistreurVOC_Lascar.jpg\",\"datePublished\":\"2023-08-26T15:54:12+00:00\",\"dateModified\":\"2023-08-26T16:25:31+00:00\",\"description\":\"Raumluftqualit\u00e4tsmonitor zur Messung von CO2, VOC, Partikeln, Temperatur, Feuchtigkeit und Druck.\",\"breadcrumb\":{\"@id\":\"https:\\\/\\\/sysmatec.ch\\\/de\\\/Produkt\\\/wifi-co2-und-raumluftqualitaetsmonitor-el-wem\\\/#breadcrumb\"},\"inLanguage\":\"de\",\"potentialAction\":[{\"@type\":\"ReadAction\",\"target\":[\"https:\\\/\\\/sysmatec.ch\\\/de\\\/Produkt\\\/wifi-co2-und-raumluftqualitaetsmonitor-el-wem\\\/\"]}]},{\"@type\":\"ImageObject\",\"inLanguage\":\"de\",\"@id\":\"https:\\\/\\\/sysmatec.ch\\\/de\\\/Produkt\\\/wifi-co2-und-raumluftqualitaetsmonitor-el-wem\\\/#primaryimage\",\"url\":\"https:\\\/\\\/sysmatec.ch\\\/wp-content\\\/uploads\\\/2023\\\/08\\\/EnregistreurVOC_Lascar.jpg\",\"contentUrl\":\"https:\\\/\\\/sysmatec.ch\\\/wp-content\\\/uploads\\\/2023\\\/08\\\/EnregistreurVOC_Lascar.jpg\",\"width\":283,\"height\":380},{\"@type\":\"BreadcrumbList\",\"@id\":\"https:\\\/\\\/sysmatec.ch\\\/de\\\/Produkt\\\/wifi-co2-und-raumluftqualitaetsmonitor-el-wem\\\/#breadcrumb\",\"itemListElement\":[{\"@type\":\"ListItem\",\"position\":1,\"name\":\"Accueil\",\"item\":\"https:\\\/\\\/sysmatec.ch\\\/de\\\/\"},{\"@type\":\"ListItem\",\"position\":2,\"name\":\"Die Aktivit\u00e4t von Sysmatec\",\"item\":\"https:\\\/\\\/sysmatec.ch\\\/de\\\/\"},{\"@type\":\"ListItem\",\"position\":3,\"name\":\"WiFi CO2- und Raumluftqualit\u00e4tsmonitor EL-WEM+\"}]},{\"@type\":\"WebSite\",\"@id\":\"https:\\\/\\\/sysmatec.ch\\\/de\\\/#website\",\"url\":\"https:\\\/\\\/sysmatec.ch\\\/de\\\/\",\"name\":\"Sysmatec\",\"description\":\"Equipement de laboratoire et logiciels\",\"publisher\":{\"@id\":\"https:\\\/\\\/sysmatec.ch\\\/de\\\/#organization\"},\"potentialAction\":[{\"@type\":\"SearchAction\",\"target\":{\"@type\":\"EntryPoint\",\"urlTemplate\":\"https:\\\/\\\/sysmatec.ch\\\/de\\\/?s={search_term_string}\"},\"query-input\":{\"@type\":\"PropertyValueSpecification\",\"valueRequired\":true,\"valueName\":\"search_term_string\"}}],\"inLanguage\":\"de\"},{\"@type\":\"Organization\",\"@id\":\"https:\\\/\\\/sysmatec.ch\\\/de\\\/#organization\",\"name\":\"Sysmatec\",\"url\":\"https:\\\/\\\/sysmatec.ch\\\/de\\\/\",\"logo\":{\"@type\":\"ImageObject\",\"inLanguage\":\"de\",\"@id\":\"https:\\\/\\\/sysmatec.ch\\\/de\\\/#\\\/schema\\\/logo\\\/image\\\/\",\"url\":\"https:\\\/\\\/sysmatec.ch\\\/wp-content\\\/uploads\\\/2018\\\/11\\\/LogoSysmatec.jpg\",\"contentUrl\":\"https:\\\/\\\/sysmatec.ch\\\/wp-content\\\/uploads\\\/2018\\\/11\\\/LogoSysmatec.jpg\",\"width\":301,\"height\":297,\"caption\":\"Sysmatec\"},\"image\":{\"@id\":\"https:\\\/\\\/sysmatec.ch\\\/de\\\/#\\\/schema\\\/logo\\\/image\\\/\"}}]}<\/script>\n<!-- \/ Yoast SEO plugin. -->","yoast_head_json":{"title":"WiFi CO2- und Raumluftqualit\u00e4tsmonitor EL-WEM+ - Sysmatec","description":"Raumluftqualit\u00e4tsmonitor zur Messung von CO2, VOC, Partikeln, Temperatur, Feuchtigkeit und Druck.","robots":{"index":"index","follow":"follow","max-snippet":"max-snippet:-1","max-image-preview":"max-image-preview:large","max-video-preview":"max-video-preview:-1"},"canonical":"https:\/\/sysmatec.ch\/de\/Produkt\/wifi-co2-und-raumluftqualitaetsmonitor-el-wem\/","og_locale":"de_DE","og_type":"article","og_title":"WiFi CO2- und Raumluftqualit\u00e4tsmonitor EL-WEM+ - Sysmatec","og_description":"Raumluftqualit\u00e4tsmonitor zur Messung von CO2, VOC, Partikeln, Temperatur, Feuchtigkeit und Druck.","og_url":"https:\/\/sysmatec.ch\/de\/Produkt\/wifi-co2-und-raumluftqualitaetsmonitor-el-wem\/","og_site_name":"Sysmatec","article_modified_time":"2023-08-26T16:25:31+00:00","og_image":[{"width":283,"height":380,"url":"https:\/\/sysmatec.ch\/wp-content\/uploads\/2023\/08\/EnregistreurVOC_Lascar.jpg","type":"image\/jpeg"}],"twitter_card":"summary_large_image","twitter_misc":{"Gesch\u00e4tzte Lesezeit":"2\u00a0Minuten"},"schema":{"@context":"https:\/\/schema.org","@graph":[{"@type":"WebPage","@id":"https:\/\/sysmatec.ch\/de\/Produkt\/wifi-co2-und-raumluftqualitaetsmonitor-el-wem\/","url":"https:\/\/sysmatec.ch\/de\/Produkt\/wifi-co2-und-raumluftqualitaetsmonitor-el-wem\/","name":"WiFi CO2- und Raumluftqualit\u00e4tsmonitor EL-WEM+ - Sysmatec","isPartOf":{"@id":"https:\/\/sysmatec.ch\/de\/#website"},"primaryImageOfPage":{"@id":"https:\/\/sysmatec.ch\/de\/Produkt\/wifi-co2-und-raumluftqualitaetsmonitor-el-wem\/#primaryimage"},"image":{"@id":"https:\/\/sysmatec.ch\/de\/Produkt\/wifi-co2-und-raumluftqualitaetsmonitor-el-wem\/#primaryimage"},"thumbnailUrl":"https:\/\/sysmatec.ch\/wp-content\/uploads\/2023\/08\/EnregistreurVOC_Lascar.jpg","datePublished":"2023-08-26T15:54:12+00:00","dateModified":"2023-08-26T16:25:31+00:00","description":"Raumluftqualit\u00e4tsmonitor zur Messung von CO2, VOC, Partikeln, Temperatur, Feuchtigkeit und Druck.","breadcrumb":{"@id":"https:\/\/sysmatec.ch\/de\/Produkt\/wifi-co2-und-raumluftqualitaetsmonitor-el-wem\/#breadcrumb"},"inLanguage":"de","potentialAction":[{"@type":"ReadAction","target":["https:\/\/sysmatec.ch\/de\/Produkt\/wifi-co2-und-raumluftqualitaetsmonitor-el-wem\/"]}]},{"@type":"ImageObject","inLanguage":"de","@id":"https:\/\/sysmatec.ch\/de\/Produkt\/wifi-co2-und-raumluftqualitaetsmonitor-el-wem\/#primaryimage","url":"https:\/\/sysmatec.ch\/wp-content\/uploads\/2023\/08\/EnregistreurVOC_Lascar.jpg","contentUrl":"https:\/\/sysmatec.ch\/wp-content\/uploads\/2023\/08\/EnregistreurVOC_Lascar.jpg","width":283,"height":380},{"@type":"BreadcrumbList","@id":"https:\/\/sysmatec.ch\/de\/Produkt\/wifi-co2-und-raumluftqualitaetsmonitor-el-wem\/#breadcrumb","itemListElement":[{"@type":"ListItem","position":1,"name":"Accueil","item":"https:\/\/sysmatec.ch\/de\/"},{"@type":"ListItem","position":2,"name":"Die Aktivit\u00e4t von Sysmatec","item":"https:\/\/sysmatec.ch\/de\/"},{"@type":"ListItem","position":3,"name":"WiFi CO2- und Raumluftqualit\u00e4tsmonitor EL-WEM+"}]},{"@type":"WebSite","@id":"https:\/\/sysmatec.ch\/de\/#website","url":"https:\/\/sysmatec.ch\/de\/","name":"Sysmatec","description":"Equipement de laboratoire et logiciels","publisher":{"@id":"https:\/\/sysmatec.ch\/de\/#organization"},"potentialAction":[{"@type":"SearchAction","target":{"@type":"EntryPoint","urlTemplate":"https:\/\/sysmatec.ch\/de\/?s={search_term_string}"},"query-input":{"@type":"PropertyValueSpecification","valueRequired":true,"valueName":"search_term_string"}}],"inLanguage":"de"},{"@type":"Organization","@id":"https:\/\/sysmatec.ch\/de\/#organization","name":"Sysmatec","url":"https:\/\/sysmatec.ch\/de\/","logo":{"@type":"ImageObject","inLanguage":"de","@id":"https:\/\/sysmatec.ch\/de\/#\/schema\/logo\/image\/","url":"https:\/\/sysmatec.ch\/wp-content\/uploads\/2018\/11\/LogoSysmatec.jpg","contentUrl":"https:\/\/sysmatec.ch\/wp-content\/uploads\/2018\/11\/LogoSysmatec.jpg","width":301,"height":297,"caption":"Sysmatec"},"image":{"@id":"https:\/\/sysmatec.ch\/de\/#\/schema\/logo\/image\/"}}]}},"_links":{"self":[{"href":"https:\/\/sysmatec.ch\/de\/wp-json\/wp\/v2\/product\/28678","targetHints":{"allow":["GET"]}}],"collection":[{"href":"https:\/\/sysmatec.ch\/de\/wp-json\/wp\/v2\/product"}],"about":[{"href":"https:\/\/sysmatec.ch\/de\/wp-json\/wp\/v2\/types\/product"}],"wp:featuredmedia":[{"embeddable":true,"href":"https:\/\/sysmatec.ch\/de\/wp-json\/wp\/v2\/media\/28683"}],"wp:attachment":[{"href":"https:\/\/sysmatec.ch\/de\/wp-json\/wp\/v2\/media?parent=28678"}],"wp:term":[{"taxonomy":"product_brand","embeddable":true,"href":"https:\/\/sysmatec.ch\/de\/wp-json\/wp\/v2\/product_brand?post=28678"},{"taxonomy":"product_cat","embeddable":true,"href":"https:\/\/sysmatec.ch\/de\/wp-json\/wp\/v2\/product_cat?post=28678"},{"taxonomy":"product_tag","embeddable":true,"href":"https:\/\/sysmatec.ch\/de\/wp-json\/wp\/v2\/product_tag?post=28678"}],"curies":[{"name":"wp","href":"https:\/\/api.w.org\/{rel}","templated":true}]}}