{"id":28671,"date":"2023-08-25T18:14:59","date_gmt":"2023-08-25T16:14:59","guid":{"rendered":"https:\/\/sysmatec.ch\/?post_type=product&#038;p=28671"},"modified":"2023-08-26T17:53:31","modified_gmt":"2023-08-26T15:53:31","slug":"drahtloser-co2-und-luftqualitaets-datenlogger-el-iot-co2","status":"publish","type":"product","link":"https:\/\/sysmatec.ch\/de\/Produkt\/drahtloser-co2-und-luftqualitaets-datenlogger-el-iot-co2\/","title":{"rendered":"Drahtloser CO2- und Luftqualit\u00e4ts-Datenlogger EL-IOT-CO2"},"content":{"rendered":"<p>Unser kabelloser CO2- und Luftqualit\u00e4ts-Datenlogger ist das perfekte Ger\u00e4t f\u00fcr die \u00dcberwachung und Aufzeichnung der Luftqualit\u00e4t und des Kohlendioxidgehalts zu Hause, am Arbeitsplatz, in Schulen und in einer ganzen Reihe anderer Anwendungen einschlie\u00dflich Gartenbau.<\/p>\n<p>Der EL-IOT-CO2 misst Kohlendioxid, Temperatur und Luftfeuchtigkeit und zeichnet diese Parameter kontinuierlich auf. Auf dem hellen und \u00fcbersichtlichen Display werden die aktuellen, minimalen und maximalen Messwerte angezeigt, so dass Sie die Luftqualit\u00e4t auf einen Blick erkennen k\u00f6nnen.<\/p>\n<p>Legen Sie f\u00fcr jeden Parameter Ihre eigenen H\u00f6chst- und Tiefstwerte fest. Wenn Ihre Grenzwerte erreicht werden, k\u00f6nnen Sie sofort per E-Mail und\/oder SMS \u00fcber kritische Ver\u00e4nderungen informiert werden.<\/p>\n<p>Das EL-IOT-CO2 wird \u00fcber USB mit Strom versorgt und kann auch mit AA-Batterien betrieben werden, falls die Stromversorgung unterbrochen wird.<\/p>\n<h2>Eigenschaften<\/h2>\n<ul>\n<li>Monitor the air quality in homes, schools and offices<\/li>\n<li>Measures Carbon dioxide (CO2), Temperature, Humidity<\/li>\n<li>Automatically uploads data to the EasyLog Cloud (Wifi Network)<\/li>\n<li>Display shows current, maximum and minimum readings<\/li>\n<li>Status indicators and sounder<\/li>\n<li>Set up instant alarms and notifications<\/li>\n<li>Readings are recorded even if the WiFi signal is lost<\/li>\n<li>CO2 sensor automatically self-calibrates<\/li>\n<\/ul>\n<p>&nbsp;<\/p>\n<table id=\"product-attribute-specs-table\" class=\"data-table\">\n<tbody>\n<tr class=\"first odd\">\n<th class=\"label\">Messbereich (CO2)<\/th>\n<td class=\"data last\">0 bis 40 000ppm<\/td>\n<\/tr>\n<tr class=\"even\">\n<th class=\"label\">Genauigkeit 400 bis 2 000 ppm<\/th>\n<td class=\"data last\">\u00b1(50 ppm +5% vom Messwert)<\/td>\n<\/tr>\n<tr class=\"odd\">\n<th class=\"label\">Aufl\u00f6sung (CO2)<\/th>\n<td class=\"data last\">1ppm<\/td>\n<\/tr>\n<tr class=\"even\">\n<th class=\"label\">Auto-Kalibrierung (CO2)<\/th>\n<td class=\"data last\">ja<\/td>\n<\/tr>\n<tr class=\"odd\">\n<th class=\"label\">Temperaturmessbereich<\/th>\n<td class=\"data last\">-20 bis +60\u00b0C<\/td>\n<\/tr>\n<tr class=\"even\">\n<th class=\"label\">Genauigkeit (T)<\/th>\n<td class=\"data last\">\u00b10.3\u00b0C typisch<\/td>\n<\/tr>\n<tr class=\"odd\">\n<th class=\"label\">Aufl\u00f6sung (T)<\/th>\n<td class=\"data last\">0.1\u00b0 C<\/td>\n<\/tr>\n<tr class=\"even\">\n<th class=\"label\">Einheit (T)<\/th>\n<td class=\"data last\">\u00b0C oder \u00b0F<\/td>\n<\/tr>\n<tr class=\"odd\">\n<th class=\"label\">\n<div class=\"col-xxs-4 product-specification__label-container\">\n<div class=\"product-specification__label\">Messbereich der relativen Luftfeuchtigkeit<\/div>\n<\/div>\n<\/th>\n<td class=\"data last\">0 bis 100%RH<\/td>\n<\/tr>\n<tr class=\"even\">\n<th class=\"label\">Genauigkeit (RH)<\/th>\n<td class=\"data last\">\u00b12% typisch<\/td>\n<\/tr>\n<tr class=\"odd\">\n<th class=\"label\">Aufl\u00f6sung (RH)<\/th>\n<td class=\"data last\">0.1%<\/td>\n<\/tr>\n<tr class=\"even\">\n<th class=\"label\">Taupunkt-Genauigkeit<\/th>\n<td class=\"data last\">1.5\u00b0C typisch (40 bis 100%RH)<\/td>\n<\/tr>\n<tr class=\"odd\">\n<th class=\"label\">Datenerfassungsrate<\/th>\n<td class=\"data last\">10 Sekunden bis 12 Stunden (vom Benutzer w\u00e4hlbar)<\/td>\n<\/tr>\n<tr class=\"even\">\n<th class=\"label\">\u00dcbertragungsintervall<\/th>\n<td class=\"data last\">1 Minute bis 24 Stunden (vom Benutzer w\u00e4hlbar)<\/td>\n<\/tr>\n<tr class=\"odd\">\n<th class=\"label\">Dimension<\/th>\n<td class=\"data last\">97 x 87 x 33mm<\/td>\n<\/tr>\n<tr class=\"even\">\n<th class=\"label\">Betriebstemperatur Batterieleistung<\/th>\n<td class=\"data last\">-18 bis +55\u00b0C<\/td>\n<\/tr>\n<tr class=\"odd\">\n<th class=\"label\">Betriebstemperatur USB-Stromversorgung<\/th>\n<td class=\"data last\">-20 bis +60\u00b0C<\/td>\n<\/tr>\n<tr class=\"even\">\n<th class=\"label\">Interner Speicher<\/th>\n<td class=\"data last\">300 000 Messungen<\/td>\n<\/tr>\n<tr class=\"odd\">\n<th class=\"label\">Stromspeisung<\/th>\n<td class=\"data last\">mit USB-Kabel (im Lieferumfang des Netzteils enthalten)<\/p>\n<p>mit 4 x 1.5 V AA-Batterien (1 Jahr Lebensdauer)<\/td>\n<\/tr>\n<\/tbody>\n<\/table>\n<p>&nbsp;<\/p>\n","protected":false},"excerpt":{"rendered":"<p>CO2-Datenlogger, misst CO2, Temperatur und Luftfeuchtigkeit in R\u00e4umen, mit Anzeige und Alarmen, zur Verbesserung der Luftqualit\u00e4t.<\/p>\n","protected":false},"featured_media":28676,"template":"","meta":{"_crdt_document":""},"product_brand":[],"product_cat":[185,248,374],"product_tag":[],"class_list":{"0":"post-28671","1":"product","2":"type-product","3":"status-publish","4":"has-post-thumbnail","6":"product_cat-analyzer-de","7":"product_cat-co2-de","8":"product_cat-gas-de","10":"first","11":"instock","12":"taxable","13":"shipping-taxable","14":"product-type-simple"},"yoast_head":"<!-- This site is optimized with the Yoast SEO plugin v27.4 - https:\/\/yoast.com\/product\/yoast-seo-wordpress\/ -->\n<title>Drahtloser CO2- und Luftqualit\u00e4ts-Datenlogger EL-IOT-CO2 - Sysmatec<\/title>\n<meta name=\"description\" content=\"CO2-Detektor mit Aufzeichnungsfunktion. Ideal f\u00fcr die \u00dcberwachung der Luftqualit\u00e4t in Geb\u00e4uden. Version f\u00fcr die Wandmontage.\" \/>\n<meta name=\"robots\" content=\"index, follow, max-snippet:-1, max-image-preview:large, max-video-preview:-1\" \/>\n<link rel=\"canonical\" href=\"https:\/\/sysmatec.ch\/de\/Produkt\/drahtloser-co2-und-luftqualitaets-datenlogger-el-iot-co2\/\" \/>\n<meta property=\"og:locale\" content=\"de_DE\" \/>\n<meta property=\"og:type\" content=\"article\" \/>\n<meta property=\"og:title\" content=\"Drahtloser CO2- und Luftqualit\u00e4ts-Datenlogger EL-IOT-CO2 - Sysmatec\" \/>\n<meta property=\"og:description\" content=\"CO2-Detektor mit Aufzeichnungsfunktion. Ideal f\u00fcr die \u00dcberwachung der Luftqualit\u00e4t in Geb\u00e4uden. Version f\u00fcr die Wandmontage.\" \/>\n<meta property=\"og:url\" content=\"https:\/\/sysmatec.ch\/de\/Produkt\/drahtloser-co2-und-luftqualitaets-datenlogger-el-iot-co2\/\" \/>\n<meta property=\"og:site_name\" content=\"Sysmatec\" \/>\n<meta property=\"article:modified_time\" content=\"2023-08-26T15:53:31+00:00\" \/>\n<meta property=\"og:image\" content=\"https:\/\/sysmatec.ch\/wp-content\/uploads\/2023\/08\/EnregistreurCO2_Lascar.jpg\" \/>\n\t<meta property=\"og:image:width\" content=\"352\" \/>\n\t<meta property=\"og:image:height\" content=\"339\" \/>\n\t<meta property=\"og:image:type\" content=\"image\/jpeg\" \/>\n<meta name=\"twitter:card\" content=\"summary_large_image\" \/>\n<meta name=\"twitter:label1\" content=\"Gesch\u00e4tzte Lesezeit\" \/>\n\t<meta name=\"twitter:data1\" content=\"2\u00a0Minuten\" \/>\n<script type=\"application\/ld+json\" class=\"yoast-schema-graph\">{\"@context\":\"https:\\\/\\\/schema.org\",\"@graph\":[{\"@type\":\"WebPage\",\"@id\":\"https:\\\/\\\/sysmatec.ch\\\/de\\\/Produkt\\\/drahtloser-co2-und-luftqualitaets-datenlogger-el-iot-co2\\\/\",\"url\":\"https:\\\/\\\/sysmatec.ch\\\/de\\\/Produkt\\\/drahtloser-co2-und-luftqualitaets-datenlogger-el-iot-co2\\\/\",\"name\":\"Drahtloser CO2- und Luftqualit\u00e4ts-Datenlogger EL-IOT-CO2 - Sysmatec\",\"isPartOf\":{\"@id\":\"https:\\\/\\\/sysmatec.ch\\\/de\\\/#website\"},\"primaryImageOfPage\":{\"@id\":\"https:\\\/\\\/sysmatec.ch\\\/de\\\/Produkt\\\/drahtloser-co2-und-luftqualitaets-datenlogger-el-iot-co2\\\/#primaryimage\"},\"image\":{\"@id\":\"https:\\\/\\\/sysmatec.ch\\\/de\\\/Produkt\\\/drahtloser-co2-und-luftqualitaets-datenlogger-el-iot-co2\\\/#primaryimage\"},\"thumbnailUrl\":\"https:\\\/\\\/sysmatec.ch\\\/wp-content\\\/uploads\\\/2023\\\/08\\\/EnregistreurCO2_Lascar.jpg\",\"datePublished\":\"2023-08-25T16:14:59+00:00\",\"dateModified\":\"2023-08-26T15:53:31+00:00\",\"description\":\"CO2-Detektor mit Aufzeichnungsfunktion. Ideal f\u00fcr die \u00dcberwachung der Luftqualit\u00e4t in Geb\u00e4uden. Version f\u00fcr die Wandmontage.\",\"breadcrumb\":{\"@id\":\"https:\\\/\\\/sysmatec.ch\\\/de\\\/Produkt\\\/drahtloser-co2-und-luftqualitaets-datenlogger-el-iot-co2\\\/#breadcrumb\"},\"inLanguage\":\"de\",\"potentialAction\":[{\"@type\":\"ReadAction\",\"target\":[\"https:\\\/\\\/sysmatec.ch\\\/de\\\/Produkt\\\/drahtloser-co2-und-luftqualitaets-datenlogger-el-iot-co2\\\/\"]}]},{\"@type\":\"ImageObject\",\"inLanguage\":\"de\",\"@id\":\"https:\\\/\\\/sysmatec.ch\\\/de\\\/Produkt\\\/drahtloser-co2-und-luftqualitaets-datenlogger-el-iot-co2\\\/#primaryimage\",\"url\":\"https:\\\/\\\/sysmatec.ch\\\/wp-content\\\/uploads\\\/2023\\\/08\\\/EnregistreurCO2_Lascar.jpg\",\"contentUrl\":\"https:\\\/\\\/sysmatec.ch\\\/wp-content\\\/uploads\\\/2023\\\/08\\\/EnregistreurCO2_Lascar.jpg\",\"width\":352,\"height\":339},{\"@type\":\"BreadcrumbList\",\"@id\":\"https:\\\/\\\/sysmatec.ch\\\/de\\\/Produkt\\\/drahtloser-co2-und-luftqualitaets-datenlogger-el-iot-co2\\\/#breadcrumb\",\"itemListElement\":[{\"@type\":\"ListItem\",\"position\":1,\"name\":\"Accueil\",\"item\":\"https:\\\/\\\/sysmatec.ch\\\/de\\\/\"},{\"@type\":\"ListItem\",\"position\":2,\"name\":\"Die Aktivit\u00e4t von Sysmatec\",\"item\":\"https:\\\/\\\/sysmatec.ch\\\/de\\\/\"},{\"@type\":\"ListItem\",\"position\":3,\"name\":\"Drahtloser CO2- und Luftqualit\u00e4ts-Datenlogger EL-IOT-CO2\"}]},{\"@type\":\"WebSite\",\"@id\":\"https:\\\/\\\/sysmatec.ch\\\/de\\\/#website\",\"url\":\"https:\\\/\\\/sysmatec.ch\\\/de\\\/\",\"name\":\"Sysmatec\",\"description\":\"Equipement de laboratoire et logiciels\",\"publisher\":{\"@id\":\"https:\\\/\\\/sysmatec.ch\\\/de\\\/#organization\"},\"potentialAction\":[{\"@type\":\"SearchAction\",\"target\":{\"@type\":\"EntryPoint\",\"urlTemplate\":\"https:\\\/\\\/sysmatec.ch\\\/de\\\/?s={search_term_string}\"},\"query-input\":{\"@type\":\"PropertyValueSpecification\",\"valueRequired\":true,\"valueName\":\"search_term_string\"}}],\"inLanguage\":\"de\"},{\"@type\":\"Organization\",\"@id\":\"https:\\\/\\\/sysmatec.ch\\\/de\\\/#organization\",\"name\":\"Sysmatec\",\"url\":\"https:\\\/\\\/sysmatec.ch\\\/de\\\/\",\"logo\":{\"@type\":\"ImageObject\",\"inLanguage\":\"de\",\"@id\":\"https:\\\/\\\/sysmatec.ch\\\/de\\\/#\\\/schema\\\/logo\\\/image\\\/\",\"url\":\"https:\\\/\\\/sysmatec.ch\\\/wp-content\\\/uploads\\\/2018\\\/11\\\/LogoSysmatec.jpg\",\"contentUrl\":\"https:\\\/\\\/sysmatec.ch\\\/wp-content\\\/uploads\\\/2018\\\/11\\\/LogoSysmatec.jpg\",\"width\":301,\"height\":297,\"caption\":\"Sysmatec\"},\"image\":{\"@id\":\"https:\\\/\\\/sysmatec.ch\\\/de\\\/#\\\/schema\\\/logo\\\/image\\\/\"}}]}<\/script>\n<!-- \/ Yoast SEO plugin. -->","yoast_head_json":{"title":"Drahtloser CO2- und Luftqualit\u00e4ts-Datenlogger EL-IOT-CO2 - Sysmatec","description":"CO2-Detektor mit Aufzeichnungsfunktion. Ideal f\u00fcr die \u00dcberwachung der Luftqualit\u00e4t in Geb\u00e4uden. Version f\u00fcr die Wandmontage.","robots":{"index":"index","follow":"follow","max-snippet":"max-snippet:-1","max-image-preview":"max-image-preview:large","max-video-preview":"max-video-preview:-1"},"canonical":"https:\/\/sysmatec.ch\/de\/Produkt\/drahtloser-co2-und-luftqualitaets-datenlogger-el-iot-co2\/","og_locale":"de_DE","og_type":"article","og_title":"Drahtloser CO2- und Luftqualit\u00e4ts-Datenlogger EL-IOT-CO2 - Sysmatec","og_description":"CO2-Detektor mit Aufzeichnungsfunktion. Ideal f\u00fcr die \u00dcberwachung der Luftqualit\u00e4t in Geb\u00e4uden. Version f\u00fcr die Wandmontage.","og_url":"https:\/\/sysmatec.ch\/de\/Produkt\/drahtloser-co2-und-luftqualitaets-datenlogger-el-iot-co2\/","og_site_name":"Sysmatec","article_modified_time":"2023-08-26T15:53:31+00:00","og_image":[{"width":352,"height":339,"url":"https:\/\/sysmatec.ch\/wp-content\/uploads\/2023\/08\/EnregistreurCO2_Lascar.jpg","type":"image\/jpeg"}],"twitter_card":"summary_large_image","twitter_misc":{"Gesch\u00e4tzte Lesezeit":"2\u00a0Minuten"},"schema":{"@context":"https:\/\/schema.org","@graph":[{"@type":"WebPage","@id":"https:\/\/sysmatec.ch\/de\/Produkt\/drahtloser-co2-und-luftqualitaets-datenlogger-el-iot-co2\/","url":"https:\/\/sysmatec.ch\/de\/Produkt\/drahtloser-co2-und-luftqualitaets-datenlogger-el-iot-co2\/","name":"Drahtloser CO2- und Luftqualit\u00e4ts-Datenlogger EL-IOT-CO2 - Sysmatec","isPartOf":{"@id":"https:\/\/sysmatec.ch\/de\/#website"},"primaryImageOfPage":{"@id":"https:\/\/sysmatec.ch\/de\/Produkt\/drahtloser-co2-und-luftqualitaets-datenlogger-el-iot-co2\/#primaryimage"},"image":{"@id":"https:\/\/sysmatec.ch\/de\/Produkt\/drahtloser-co2-und-luftqualitaets-datenlogger-el-iot-co2\/#primaryimage"},"thumbnailUrl":"https:\/\/sysmatec.ch\/wp-content\/uploads\/2023\/08\/EnregistreurCO2_Lascar.jpg","datePublished":"2023-08-25T16:14:59+00:00","dateModified":"2023-08-26T15:53:31+00:00","description":"CO2-Detektor mit Aufzeichnungsfunktion. Ideal f\u00fcr die \u00dcberwachung der Luftqualit\u00e4t in Geb\u00e4uden. Version f\u00fcr die Wandmontage.","breadcrumb":{"@id":"https:\/\/sysmatec.ch\/de\/Produkt\/drahtloser-co2-und-luftqualitaets-datenlogger-el-iot-co2\/#breadcrumb"},"inLanguage":"de","potentialAction":[{"@type":"ReadAction","target":["https:\/\/sysmatec.ch\/de\/Produkt\/drahtloser-co2-und-luftqualitaets-datenlogger-el-iot-co2\/"]}]},{"@type":"ImageObject","inLanguage":"de","@id":"https:\/\/sysmatec.ch\/de\/Produkt\/drahtloser-co2-und-luftqualitaets-datenlogger-el-iot-co2\/#primaryimage","url":"https:\/\/sysmatec.ch\/wp-content\/uploads\/2023\/08\/EnregistreurCO2_Lascar.jpg","contentUrl":"https:\/\/sysmatec.ch\/wp-content\/uploads\/2023\/08\/EnregistreurCO2_Lascar.jpg","width":352,"height":339},{"@type":"BreadcrumbList","@id":"https:\/\/sysmatec.ch\/de\/Produkt\/drahtloser-co2-und-luftqualitaets-datenlogger-el-iot-co2\/#breadcrumb","itemListElement":[{"@type":"ListItem","position":1,"name":"Accueil","item":"https:\/\/sysmatec.ch\/de\/"},{"@type":"ListItem","position":2,"name":"Die Aktivit\u00e4t von Sysmatec","item":"https:\/\/sysmatec.ch\/de\/"},{"@type":"ListItem","position":3,"name":"Drahtloser CO2- und Luftqualit\u00e4ts-Datenlogger EL-IOT-CO2"}]},{"@type":"WebSite","@id":"https:\/\/sysmatec.ch\/de\/#website","url":"https:\/\/sysmatec.ch\/de\/","name":"Sysmatec","description":"Equipement de laboratoire et logiciels","publisher":{"@id":"https:\/\/sysmatec.ch\/de\/#organization"},"potentialAction":[{"@type":"SearchAction","target":{"@type":"EntryPoint","urlTemplate":"https:\/\/sysmatec.ch\/de\/?s={search_term_string}"},"query-input":{"@type":"PropertyValueSpecification","valueRequired":true,"valueName":"search_term_string"}}],"inLanguage":"de"},{"@type":"Organization","@id":"https:\/\/sysmatec.ch\/de\/#organization","name":"Sysmatec","url":"https:\/\/sysmatec.ch\/de\/","logo":{"@type":"ImageObject","inLanguage":"de","@id":"https:\/\/sysmatec.ch\/de\/#\/schema\/logo\/image\/","url":"https:\/\/sysmatec.ch\/wp-content\/uploads\/2018\/11\/LogoSysmatec.jpg","contentUrl":"https:\/\/sysmatec.ch\/wp-content\/uploads\/2018\/11\/LogoSysmatec.jpg","width":301,"height":297,"caption":"Sysmatec"},"image":{"@id":"https:\/\/sysmatec.ch\/de\/#\/schema\/logo\/image\/"}}]}},"_links":{"self":[{"href":"https:\/\/sysmatec.ch\/de\/wp-json\/wp\/v2\/product\/28671","targetHints":{"allow":["GET"]}}],"collection":[{"href":"https:\/\/sysmatec.ch\/de\/wp-json\/wp\/v2\/product"}],"about":[{"href":"https:\/\/sysmatec.ch\/de\/wp-json\/wp\/v2\/types\/product"}],"wp:featuredmedia":[{"embeddable":true,"href":"https:\/\/sysmatec.ch\/de\/wp-json\/wp\/v2\/media\/28676"}],"wp:attachment":[{"href":"https:\/\/sysmatec.ch\/de\/wp-json\/wp\/v2\/media?parent=28671"}],"wp:term":[{"taxonomy":"product_brand","embeddable":true,"href":"https:\/\/sysmatec.ch\/de\/wp-json\/wp\/v2\/product_brand?post=28671"},{"taxonomy":"product_cat","embeddable":true,"href":"https:\/\/sysmatec.ch\/de\/wp-json\/wp\/v2\/product_cat?post=28671"},{"taxonomy":"product_tag","embeddable":true,"href":"https:\/\/sysmatec.ch\/de\/wp-json\/wp\/v2\/product_tag?post=28671"}],"curies":[{"name":"wp","href":"https:\/\/api.w.org\/{rel}","templated":true}]}}