{"id":28645,"date":"2023-08-24T18:02:34","date_gmt":"2023-08-24T16:02:34","guid":{"rendered":"https:\/\/sysmatec.ch\/?post_type=product&#038;p=28645"},"modified":"2023-08-24T18:31:37","modified_gmt":"2023-08-24T16:31:37","slug":"kuevette-fuer-spektrophotometer-nanocuvette-s","status":"publish","type":"product","link":"https:\/\/sysmatec.ch\/de\/Produkt\/kuevette-fuer-spektrophotometer-nanocuvette-s\/","title":{"rendered":"K\u00fcvette f\u00fcr Spektrophotometer NanoCuvette S"},"content":{"rendered":"<p>Die NanoCuvette\u2122 S erm\u00f6glicht die spektrophotometrische Quantifizierung der Partikel-\/Zellgr\u00f6\u00dfe und Konzentrationsanalyse in zahlreichen Branchen wie Biotechnologie, Pharmazeutik, Biowissenschaften, Lebensmittel, einschlie\u00dflich verschiedener industrieller Anwendungen zur Qualit\u00e4tskontrolle.<\/p>\n<p>Die NanoCuvette\u2122 S erweitert die M\u00f6glichkeiten Ihres Spektralphotometers und erm\u00f6glicht Ihnen die kombinierte winkelaufgel\u00f6ste Lichtstreuung und Absorption bei 190-1100 nm. In die Oberfl\u00e4che ist ein patentierter photonischer Nanokristall (optischer Filter) integriert, der die Lichtstreuung so registriert, dass er die Partikelgr\u00f6\u00dfe in der N\u00e4he der photonischen Kristalloberfl\u00e4che misst.<\/p>\n<p>Wenn Licht auf einen photonischen Kristall im Nanoma\u00dfstab trifft, ist die Resonanzwellenl\u00e4nge mit dem Brechungsindex oder der Konzentration in der N\u00e4he der Oberfl\u00e4che verbunden: \u03bb = \u03b2(\u03b1c + ns) + \u03bb0 ,<\/p>\n<div class=\"row-fluid-wrapper row-depth-1 row-number-30 dnd-row\">\n<div class=\"row-fluid \">\n<div class=\"span12 widget-span widget-type-custom_widget widget_1664531151081-flexbox-positioning dnd-module\" data-widget-type=\"custom_widget\" data-x=\"0\" data-w=\"12\">\n<div id=\"hs_cos_wrapper_widget_1664531151081\" class=\"hs_cos_wrapper hs_cos_wrapper_widget hs_cos_wrapper_type_module widget-type-linked_image\" data-hs-cos-general-type=\"widget\" data-hs-cos-type=\"module\"><span id=\"hs_cos_wrapper_widget_1664531151081_\" class=\"hs_cos_wrapper hs_cos_wrapper_widget hs_cos_wrapper_type_linked_image\" data-hs-cos-general-type=\"widget\" data-hs-cos-type=\"linked_image\"><img decoding=\"async\" class=\"hs-image-widget \" title=\"ILLU_20160313_NanoCuvette_Principle_Simple_275x150\" src=\"https:\/\/cphnano.com\/hubfs\/ILLU_20160313_NanoCuvette_Principle_Simple_275x150.png\" alt=\"ILLU_20160313_NanoCuvette_Principle_Simple_275x150\" \/><\/span><\/div>\n<\/div>\n<\/div>\n<\/div>\n<div class=\"row-fluid-wrapper row-depth-1 row-number-31 dnd-row\">\n<div class=\"row-fluid \">\n<div class=\"span12 widget-span widget-type-custom_widget dnd-module\" data-widget-type=\"custom_widget\" data-x=\"0\" data-w=\"12\">\n<div id=\"hs_cos_wrapper_widget_1664532241320\" class=\"hs_cos_wrapper hs_cos_wrapper_widget hs_cos_wrapper_type_module widget-type-rich_text\" data-hs-cos-general-type=\"widget\" data-hs-cos-type=\"module\">\n<p>&nbsp;<\/p>\n<p>wobei \u03bb die Wellenl\u00e4nge, \u03b2 ein Koeffizient, \u03b1 das spezifische Brechungsinkrement, c die Konzentration, ns der Brechungsindex des L\u00f6sungsmittels und \u03bb0 die Referenz-Resonanzwellenl\u00e4nge ist, die aus dem Snell&#8217;schen Gesetz abgeleitet ist, und diese Gleichung wird Hand&#8217;sches Gesetz genannt. In dieser Anwendung wird dies als markierungsfreie Spektroskopie bezeichnet.<\/p>\n<\/div>\n<\/div>\n<\/div>\n<\/div>\n<h2>Eigenschaften<\/h2>\n<ul>\n<li>Markierungsfreie Messungen in verschiedenen Volumina (100 \u03bcL &#8211; 200 \u03bcL)<\/li>\n<li>Gr\u00f6\u00dfenanalyse von Partikeln von 50 nm bis 3000 nm mit Konzentrationsnachweisgrenze von 0,0001% bis 0,1%<\/li>\n<li>Messungen des Oberfl\u00e4chen-Brechungsindex im Bereich von 1,0 bis 1,6 nD<\/li>\n<li>Tr\u00fcbungs- und Verunreinigungs-QC- Messungen<\/li>\n<\/ul>\n","protected":false},"excerpt":{"rendered":"<p>K\u00fcvette mit integriertem optischen Nanotechnologie-Chip f\u00fcr effiziente Partikelgr\u00f6\u00dfenbestimmung und -konzentration.<\/p>\n","protected":false},"featured_media":28651,"template":"","meta":{"_crdt_document":""},"product_brand":[],"product_cat":[224],"product_tag":[],"class_list":{"0":"post-28645","1":"product","2":"type-product","3":"status-publish","4":"has-post-thumbnail","6":"product_cat-spektrophotometer","8":"first","9":"instock","10":"taxable","11":"shipping-taxable","12":"product-type-simple"},"yoast_head":"<!-- This site is optimized with the Yoast SEO plugin v27.3 - https:\/\/yoast.com\/product\/yoast-seo-wordpress\/ -->\n<title>K\u00fcvette f\u00fcr Spektrophotometer NanoCuvette S - Sysmatec<\/title>\n<meta name=\"description\" content=\"Einwegk\u00fcvette mit integriertem optischen Nanotechnologie-Chip f\u00fcr effiziente Partikelgr\u00f6\u00dfenbestimmung und -konzentration.\" \/>\n<meta name=\"robots\" content=\"index, follow, max-snippet:-1, max-image-preview:large, max-video-preview:-1\" \/>\n<link rel=\"canonical\" href=\"https:\/\/sysmatec.ch\/de\/Produkt\/kuevette-fuer-spektrophotometer-nanocuvette-s\/\" \/>\n<meta property=\"og:locale\" content=\"de_DE\" \/>\n<meta property=\"og:type\" content=\"article\" \/>\n<meta property=\"og:title\" content=\"K\u00fcvette f\u00fcr Spektrophotometer NanoCuvette S - Sysmatec\" \/>\n<meta property=\"og:description\" content=\"Einwegk\u00fcvette mit integriertem optischen Nanotechnologie-Chip f\u00fcr effiziente Partikelgr\u00f6\u00dfenbestimmung und -konzentration.\" \/>\n<meta property=\"og:url\" content=\"https:\/\/sysmatec.ch\/de\/Produkt\/kuevette-fuer-spektrophotometer-nanocuvette-s\/\" \/>\n<meta property=\"og:site_name\" content=\"Sysmatec\" \/>\n<meta property=\"article:modified_time\" content=\"2023-08-24T16:31:37+00:00\" \/>\n<meta property=\"og:image\" content=\"https:\/\/sysmatec.ch\/wp-content\/uploads\/2023\/08\/CuvetteNanoS_Cphnano.jpg\" \/>\n\t<meta property=\"og:image:width\" content=\"800\" \/>\n\t<meta property=\"og:image:height\" content=\"1220\" \/>\n\t<meta property=\"og:image:type\" content=\"image\/jpeg\" \/>\n<meta name=\"twitter:card\" content=\"summary_large_image\" \/>\n<meta name=\"twitter:label1\" content=\"Gesch\u00e4tzte Lesezeit\" \/>\n\t<meta name=\"twitter:data1\" content=\"2\u00a0Minuten\" \/>\n<script type=\"application\/ld+json\" class=\"yoast-schema-graph\">{\"@context\":\"https:\\\/\\\/schema.org\",\"@graph\":[{\"@type\":\"WebPage\",\"@id\":\"https:\\\/\\\/sysmatec.ch\\\/de\\\/Produkt\\\/kuevette-fuer-spektrophotometer-nanocuvette-s\\\/\",\"url\":\"https:\\\/\\\/sysmatec.ch\\\/de\\\/Produkt\\\/kuevette-fuer-spektrophotometer-nanocuvette-s\\\/\",\"name\":\"K\u00fcvette f\u00fcr Spektrophotometer NanoCuvette S - Sysmatec\",\"isPartOf\":{\"@id\":\"https:\\\/\\\/sysmatec.ch\\\/de\\\/#website\"},\"primaryImageOfPage\":{\"@id\":\"https:\\\/\\\/sysmatec.ch\\\/de\\\/Produkt\\\/kuevette-fuer-spektrophotometer-nanocuvette-s\\\/#primaryimage\"},\"image\":{\"@id\":\"https:\\\/\\\/sysmatec.ch\\\/de\\\/Produkt\\\/kuevette-fuer-spektrophotometer-nanocuvette-s\\\/#primaryimage\"},\"thumbnailUrl\":\"https:\\\/\\\/sysmatec.ch\\\/wp-content\\\/uploads\\\/2023\\\/08\\\/CuvetteNanoS_Cphnano.jpg\",\"datePublished\":\"2023-08-24T16:02:34+00:00\",\"dateModified\":\"2023-08-24T16:31:37+00:00\",\"description\":\"Einwegk\u00fcvette mit integriertem optischen Nanotechnologie-Chip f\u00fcr effiziente Partikelgr\u00f6\u00dfenbestimmung und -konzentration.\",\"breadcrumb\":{\"@id\":\"https:\\\/\\\/sysmatec.ch\\\/de\\\/Produkt\\\/kuevette-fuer-spektrophotometer-nanocuvette-s\\\/#breadcrumb\"},\"inLanguage\":\"de\",\"potentialAction\":[{\"@type\":\"ReadAction\",\"target\":[\"https:\\\/\\\/sysmatec.ch\\\/de\\\/Produkt\\\/kuevette-fuer-spektrophotometer-nanocuvette-s\\\/\"]}]},{\"@type\":\"ImageObject\",\"inLanguage\":\"de\",\"@id\":\"https:\\\/\\\/sysmatec.ch\\\/de\\\/Produkt\\\/kuevette-fuer-spektrophotometer-nanocuvette-s\\\/#primaryimage\",\"url\":\"https:\\\/\\\/sysmatec.ch\\\/wp-content\\\/uploads\\\/2023\\\/08\\\/CuvetteNanoS_Cphnano.jpg\",\"contentUrl\":\"https:\\\/\\\/sysmatec.ch\\\/wp-content\\\/uploads\\\/2023\\\/08\\\/CuvetteNanoS_Cphnano.jpg\",\"width\":800,\"height\":1220},{\"@type\":\"BreadcrumbList\",\"@id\":\"https:\\\/\\\/sysmatec.ch\\\/de\\\/Produkt\\\/kuevette-fuer-spektrophotometer-nanocuvette-s\\\/#breadcrumb\",\"itemListElement\":[{\"@type\":\"ListItem\",\"position\":1,\"name\":\"Accueil\",\"item\":\"https:\\\/\\\/sysmatec.ch\\\/de\\\/\"},{\"@type\":\"ListItem\",\"position\":2,\"name\":\"Die Aktivit\u00e4t von Sysmatec\",\"item\":\"https:\\\/\\\/sysmatec.ch\\\/de\\\/\"},{\"@type\":\"ListItem\",\"position\":3,\"name\":\"K\u00fcvette f\u00fcr Spektrophotometer NanoCuvette S\"}]},{\"@type\":\"WebSite\",\"@id\":\"https:\\\/\\\/sysmatec.ch\\\/de\\\/#website\",\"url\":\"https:\\\/\\\/sysmatec.ch\\\/de\\\/\",\"name\":\"Sysmatec\",\"description\":\"Equipement de laboratoire et logiciels\",\"publisher\":{\"@id\":\"https:\\\/\\\/sysmatec.ch\\\/de\\\/#organization\"},\"potentialAction\":[{\"@type\":\"SearchAction\",\"target\":{\"@type\":\"EntryPoint\",\"urlTemplate\":\"https:\\\/\\\/sysmatec.ch\\\/de\\\/?s={search_term_string}\"},\"query-input\":{\"@type\":\"PropertyValueSpecification\",\"valueRequired\":true,\"valueName\":\"search_term_string\"}}],\"inLanguage\":\"de\"},{\"@type\":\"Organization\",\"@id\":\"https:\\\/\\\/sysmatec.ch\\\/de\\\/#organization\",\"name\":\"Sysmatec\",\"url\":\"https:\\\/\\\/sysmatec.ch\\\/de\\\/\",\"logo\":{\"@type\":\"ImageObject\",\"inLanguage\":\"de\",\"@id\":\"https:\\\/\\\/sysmatec.ch\\\/de\\\/#\\\/schema\\\/logo\\\/image\\\/\",\"url\":\"https:\\\/\\\/sysmatec.ch\\\/wp-content\\\/uploads\\\/2018\\\/11\\\/LogoSysmatec.jpg\",\"contentUrl\":\"https:\\\/\\\/sysmatec.ch\\\/wp-content\\\/uploads\\\/2018\\\/11\\\/LogoSysmatec.jpg\",\"width\":301,\"height\":297,\"caption\":\"Sysmatec\"},\"image\":{\"@id\":\"https:\\\/\\\/sysmatec.ch\\\/de\\\/#\\\/schema\\\/logo\\\/image\\\/\"}}]}<\/script>\n<!-- \/ Yoast SEO plugin. -->","yoast_head_json":{"title":"K\u00fcvette f\u00fcr Spektrophotometer NanoCuvette S - Sysmatec","description":"Einwegk\u00fcvette mit integriertem optischen Nanotechnologie-Chip f\u00fcr effiziente Partikelgr\u00f6\u00dfenbestimmung und -konzentration.","robots":{"index":"index","follow":"follow","max-snippet":"max-snippet:-1","max-image-preview":"max-image-preview:large","max-video-preview":"max-video-preview:-1"},"canonical":"https:\/\/sysmatec.ch\/de\/Produkt\/kuevette-fuer-spektrophotometer-nanocuvette-s\/","og_locale":"de_DE","og_type":"article","og_title":"K\u00fcvette f\u00fcr Spektrophotometer NanoCuvette S - Sysmatec","og_description":"Einwegk\u00fcvette mit integriertem optischen Nanotechnologie-Chip f\u00fcr effiziente Partikelgr\u00f6\u00dfenbestimmung und -konzentration.","og_url":"https:\/\/sysmatec.ch\/de\/Produkt\/kuevette-fuer-spektrophotometer-nanocuvette-s\/","og_site_name":"Sysmatec","article_modified_time":"2023-08-24T16:31:37+00:00","og_image":[{"width":800,"height":1220,"url":"https:\/\/sysmatec.ch\/wp-content\/uploads\/2023\/08\/CuvetteNanoS_Cphnano.jpg","type":"image\/jpeg"}],"twitter_card":"summary_large_image","twitter_misc":{"Gesch\u00e4tzte Lesezeit":"2\u00a0Minuten"},"schema":{"@context":"https:\/\/schema.org","@graph":[{"@type":"WebPage","@id":"https:\/\/sysmatec.ch\/de\/Produkt\/kuevette-fuer-spektrophotometer-nanocuvette-s\/","url":"https:\/\/sysmatec.ch\/de\/Produkt\/kuevette-fuer-spektrophotometer-nanocuvette-s\/","name":"K\u00fcvette f\u00fcr Spektrophotometer NanoCuvette S - Sysmatec","isPartOf":{"@id":"https:\/\/sysmatec.ch\/de\/#website"},"primaryImageOfPage":{"@id":"https:\/\/sysmatec.ch\/de\/Produkt\/kuevette-fuer-spektrophotometer-nanocuvette-s\/#primaryimage"},"image":{"@id":"https:\/\/sysmatec.ch\/de\/Produkt\/kuevette-fuer-spektrophotometer-nanocuvette-s\/#primaryimage"},"thumbnailUrl":"https:\/\/sysmatec.ch\/wp-content\/uploads\/2023\/08\/CuvetteNanoS_Cphnano.jpg","datePublished":"2023-08-24T16:02:34+00:00","dateModified":"2023-08-24T16:31:37+00:00","description":"Einwegk\u00fcvette mit integriertem optischen Nanotechnologie-Chip f\u00fcr effiziente Partikelgr\u00f6\u00dfenbestimmung und -konzentration.","breadcrumb":{"@id":"https:\/\/sysmatec.ch\/de\/Produkt\/kuevette-fuer-spektrophotometer-nanocuvette-s\/#breadcrumb"},"inLanguage":"de","potentialAction":[{"@type":"ReadAction","target":["https:\/\/sysmatec.ch\/de\/Produkt\/kuevette-fuer-spektrophotometer-nanocuvette-s\/"]}]},{"@type":"ImageObject","inLanguage":"de","@id":"https:\/\/sysmatec.ch\/de\/Produkt\/kuevette-fuer-spektrophotometer-nanocuvette-s\/#primaryimage","url":"https:\/\/sysmatec.ch\/wp-content\/uploads\/2023\/08\/CuvetteNanoS_Cphnano.jpg","contentUrl":"https:\/\/sysmatec.ch\/wp-content\/uploads\/2023\/08\/CuvetteNanoS_Cphnano.jpg","width":800,"height":1220},{"@type":"BreadcrumbList","@id":"https:\/\/sysmatec.ch\/de\/Produkt\/kuevette-fuer-spektrophotometer-nanocuvette-s\/#breadcrumb","itemListElement":[{"@type":"ListItem","position":1,"name":"Accueil","item":"https:\/\/sysmatec.ch\/de\/"},{"@type":"ListItem","position":2,"name":"Die Aktivit\u00e4t von Sysmatec","item":"https:\/\/sysmatec.ch\/de\/"},{"@type":"ListItem","position":3,"name":"K\u00fcvette f\u00fcr Spektrophotometer NanoCuvette S"}]},{"@type":"WebSite","@id":"https:\/\/sysmatec.ch\/de\/#website","url":"https:\/\/sysmatec.ch\/de\/","name":"Sysmatec","description":"Equipement de laboratoire et logiciels","publisher":{"@id":"https:\/\/sysmatec.ch\/de\/#organization"},"potentialAction":[{"@type":"SearchAction","target":{"@type":"EntryPoint","urlTemplate":"https:\/\/sysmatec.ch\/de\/?s={search_term_string}"},"query-input":{"@type":"PropertyValueSpecification","valueRequired":true,"valueName":"search_term_string"}}],"inLanguage":"de"},{"@type":"Organization","@id":"https:\/\/sysmatec.ch\/de\/#organization","name":"Sysmatec","url":"https:\/\/sysmatec.ch\/de\/","logo":{"@type":"ImageObject","inLanguage":"de","@id":"https:\/\/sysmatec.ch\/de\/#\/schema\/logo\/image\/","url":"https:\/\/sysmatec.ch\/wp-content\/uploads\/2018\/11\/LogoSysmatec.jpg","contentUrl":"https:\/\/sysmatec.ch\/wp-content\/uploads\/2018\/11\/LogoSysmatec.jpg","width":301,"height":297,"caption":"Sysmatec"},"image":{"@id":"https:\/\/sysmatec.ch\/de\/#\/schema\/logo\/image\/"}}]}},"_links":{"self":[{"href":"https:\/\/sysmatec.ch\/de\/wp-json\/wp\/v2\/product\/28645","targetHints":{"allow":["GET"]}}],"collection":[{"href":"https:\/\/sysmatec.ch\/de\/wp-json\/wp\/v2\/product"}],"about":[{"href":"https:\/\/sysmatec.ch\/de\/wp-json\/wp\/v2\/types\/product"}],"wp:featuredmedia":[{"embeddable":true,"href":"https:\/\/sysmatec.ch\/de\/wp-json\/wp\/v2\/media\/28651"}],"wp:attachment":[{"href":"https:\/\/sysmatec.ch\/de\/wp-json\/wp\/v2\/media?parent=28645"}],"wp:term":[{"taxonomy":"product_brand","embeddable":true,"href":"https:\/\/sysmatec.ch\/de\/wp-json\/wp\/v2\/product_brand?post=28645"},{"taxonomy":"product_cat","embeddable":true,"href":"https:\/\/sysmatec.ch\/de\/wp-json\/wp\/v2\/product_cat?post=28645"},{"taxonomy":"product_tag","embeddable":true,"href":"https:\/\/sysmatec.ch\/de\/wp-json\/wp\/v2\/product_tag?post=28645"}],"curies":[{"name":"wp","href":"https:\/\/api.w.org\/{rel}","templated":true}]}}