{"id":28638,"date":"2023-08-24T11:42:15","date_gmt":"2023-08-24T09:42:15","guid":{"rendered":"https:\/\/sysmatec.ch\/?post_type=product&#038;p=28638"},"modified":"2023-08-24T17:56:06","modified_gmt":"2023-08-24T15:56:06","slug":"kuevette-fuer-spektrophotometer-nanocuvette-one","status":"publish","type":"product","link":"https:\/\/sysmatec.ch\/de\/Produkt\/kuevette-fuer-spektrophotometer-nanocuvette-one\/","title":{"rendered":"K\u00fcvette f\u00fcr Spektrophotometer NanoCuvette One"},"content":{"rendered":"<p>Die NanoCuvette\u2122 One ersetzt herk\u00f6mmliche Mikrovolumen-Spektralphotometer, Refraktometer usw. und bietet fortschrittliche Funktionen wie Brechungsindex-, Protein-, Enzym- und Mikrovolumen-Messungen, wodurch die Notwendigkeit spezifischer teurer Instrumente entf\u00e4llt.<\/p>\n<p>Mit der NanoCuvette\u2122 One k\u00f6nnen Sie kleinere Proben (bis zu 0,5 \u03bcL) und einen gro\u00dfen Konzentrationsbereich (0,02 &#8211; 300 mg\/mL) von nicht absorbierenden Verbindungen analysieren. Es erm\u00f6glicht Ihnen die klassische Absorptionsspektroskopie (Abschw\u00e4chung) und die markierungsfreie Spektroskopie \u00fcber den Brechungsindex. In die Oberfl\u00e4che ist ein patentierter photonischer Nanokristall (optischer Filter) integriert, der den Lichtstrahl so ablenkt, dass er den Brechungsindex in der N\u00e4he der photonischen Kristalloberfl\u00e4che im Wellenl\u00e4ngenbereich von 550 nm bis 800 nm misst.<\/p>\n<p>Wenn Licht auf einen nanoskaligen photonischen Kristall trifft, h\u00e4ngt die Resonanzwellenl\u00e4nge mit dem Brechungsindex oder der Konzentration nahe der Oberfl\u00e4che zusammen: \u03bb = \u03b2(\u03b1c + ns) + \u03bb0 ,<\/p>\n<div class=\"row-fluid-wrapper row-depth-1 row-number-30 dnd-row\">\n<div class=\"row-fluid \">\n<div class=\"span12 widget-span widget-type-custom_widget widget_1664531151081-flexbox-positioning dnd-module\" data-widget-type=\"custom_widget\" data-x=\"0\" data-w=\"12\">\n<div id=\"hs_cos_wrapper_widget_1664531151081\" class=\"hs_cos_wrapper hs_cos_wrapper_widget hs_cos_wrapper_type_module widget-type-linked_image\" data-hs-cos-general-type=\"widget\" data-hs-cos-type=\"module\"><span id=\"hs_cos_wrapper_widget_1664531151081_\" class=\"hs_cos_wrapper hs_cos_wrapper_widget hs_cos_wrapper_type_linked_image\" data-hs-cos-general-type=\"widget\" data-hs-cos-type=\"linked_image\"><img decoding=\"async\" class=\"hs-image-widget \" title=\"ILLU_20160313_NanoCuvette_Principle_Simple_275x150\" src=\"https:\/\/cphnano.com\/hubfs\/ILLU_20160313_NanoCuvette_Principle_Simple_275x150.png\" alt=\"ILLU_20160313_NanoCuvette_Principle_Simple_275x150\" \/><\/span><\/div>\n<\/div>\n<\/div>\n<\/div>\n<div class=\"row-fluid-wrapper row-depth-1 row-number-31 dnd-row\">\n<div class=\"row-fluid \">\n<div class=\"span12 widget-span widget-type-custom_widget dnd-module\" data-widget-type=\"custom_widget\" data-x=\"0\" data-w=\"12\">\n<div id=\"hs_cos_wrapper_widget_1664532241320\" class=\"hs_cos_wrapper hs_cos_wrapper_widget hs_cos_wrapper_type_module widget-type-rich_text\" data-hs-cos-general-type=\"widget\" data-hs-cos-type=\"module\">\n<p>&nbsp;<\/p>\n<p>wobei \u03bb die Wellenl\u00e4nge, \u03b2 ein Koeffizient, \u03b1 das spezifische Brechungsinkrement, c die Konzentration, ns der Brechungsindex des L\u00f6sungsmittels und \u03bb0 die Referenz-Resonanzwellenl\u00e4nge ist, die aus dem Snell&#8217;schen Gesetz abgeleitet ist, und diese Gleichung wird Hand&#8217;sches Gesetz genannt. In dieser Anwendung wird dies als markierungsfreie Spektroskopie bezeichnet<\/p>\n<\/div>\n<\/div>\n<\/div>\n<\/div>\n<h2>Eigenschaften<\/h2>\n<ul>\n<li>Messung von Extinktion und Brechungsindex<\/li>\n<li>Messungen bei verschiedenen Volumina (0,5 \u03bcl, 3 mL) und Konzentrationen (0,02 &#8211; 300 mg\/mL)<\/li>\n<li>Keine Verd\u00fcnnung oder Probenvorbereitung erforderlich<\/li>\n<li>Nicht-absorbierende Proteinkonzentrationen<\/li>\n<li>\u00dcberwachung markierungsfreier enzymatischer Reaktionen<\/li>\n<li>\u00dcberwachung nicht-absorbierender\/nicht-fluoreszierender Kinetiken<\/li>\n<li>QC-Messungen<\/li>\n<li>NanoCuvette\u2122 One funktioniert wahrscheinlich mit Ihrem vorhandenen UV-Vis-Spektrophotometer<\/li>\n<li>2 Versionen (Position des Kristalls) abh\u00e4ngig von Ihrem Spektralphotometer<\/li>\n<li>Wiederverwendbare K\u00fcvette bis zu 50 Mal, je nach Probengr\u00f6\u00dfee<\/li>\n<\/ul>\n","protected":false},"excerpt":{"rendered":"<p>K\u00fcvette mit integriertem optischen Nanotechnologie-Chip f\u00fcr die genaue und schnelle Fl\u00fcssigkeitsanalyse.<\/p>\n","protected":false},"featured_media":28641,"template":"","meta":{"_crdt_document":""},"product_brand":[],"product_cat":[224],"product_tag":[],"class_list":{"0":"post-28638","1":"product","2":"type-product","3":"status-publish","4":"has-post-thumbnail","6":"product_cat-spektrophotometer","8":"first","9":"instock","10":"taxable","11":"shipping-taxable","12":"product-type-simple"},"yoast_head":"<!-- This site is optimized with the Yoast SEO plugin v27.4 - https:\/\/yoast.com\/product\/yoast-seo-wordpress\/ -->\n<title>K\u00fcvette f\u00fcr Spektrophotometer NanoCuvette One - Sysmatec<\/title>\n<meta name=\"description\" content=\"Einwegk\u00fcvette mit integriertem optischen Nanotechnologie-Chip f\u00fcr die genaue und schnelle Analyse von Fl\u00fcssigkeiten.\" \/>\n<meta name=\"robots\" content=\"index, follow, max-snippet:-1, max-image-preview:large, max-video-preview:-1\" \/>\n<link rel=\"canonical\" href=\"https:\/\/sysmatec.ch\/de\/Produkt\/kuevette-fuer-spektrophotometer-nanocuvette-one\/\" \/>\n<meta property=\"og:locale\" content=\"de_DE\" \/>\n<meta property=\"og:type\" content=\"article\" \/>\n<meta property=\"og:title\" content=\"K\u00fcvette f\u00fcr Spektrophotometer NanoCuvette One - Sysmatec\" \/>\n<meta property=\"og:description\" content=\"Einwegk\u00fcvette mit integriertem optischen Nanotechnologie-Chip f\u00fcr die genaue und schnelle Analyse von Fl\u00fcssigkeiten.\" \/>\n<meta property=\"og:url\" content=\"https:\/\/sysmatec.ch\/de\/Produkt\/kuevette-fuer-spektrophotometer-nanocuvette-one\/\" \/>\n<meta property=\"og:site_name\" content=\"Sysmatec\" \/>\n<meta property=\"article:modified_time\" content=\"2023-08-24T15:56:06+00:00\" \/>\n<meta property=\"og:image\" content=\"https:\/\/sysmatec.ch\/wp-content\/uploads\/2023\/08\/CuvetteNano_Cphnano.jpg\" \/>\n\t<meta property=\"og:image:width\" content=\"2240\" \/>\n\t<meta property=\"og:image:height\" content=\"1794\" \/>\n\t<meta property=\"og:image:type\" content=\"image\/jpeg\" \/>\n<meta name=\"twitter:card\" content=\"summary_large_image\" \/>\n<meta name=\"twitter:label1\" content=\"Gesch\u00e4tzte Lesezeit\" \/>\n\t<meta name=\"twitter:data1\" content=\"2\u00a0Minuten\" \/>\n<script type=\"application\/ld+json\" class=\"yoast-schema-graph\">{\"@context\":\"https:\\\/\\\/schema.org\",\"@graph\":[{\"@type\":\"WebPage\",\"@id\":\"https:\\\/\\\/sysmatec.ch\\\/de\\\/Produkt\\\/kuevette-fuer-spektrophotometer-nanocuvette-one\\\/\",\"url\":\"https:\\\/\\\/sysmatec.ch\\\/de\\\/Produkt\\\/kuevette-fuer-spektrophotometer-nanocuvette-one\\\/\",\"name\":\"K\u00fcvette f\u00fcr Spektrophotometer NanoCuvette One - Sysmatec\",\"isPartOf\":{\"@id\":\"https:\\\/\\\/sysmatec.ch\\\/de\\\/#website\"},\"primaryImageOfPage\":{\"@id\":\"https:\\\/\\\/sysmatec.ch\\\/de\\\/Produkt\\\/kuevette-fuer-spektrophotometer-nanocuvette-one\\\/#primaryimage\"},\"image\":{\"@id\":\"https:\\\/\\\/sysmatec.ch\\\/de\\\/Produkt\\\/kuevette-fuer-spektrophotometer-nanocuvette-one\\\/#primaryimage\"},\"thumbnailUrl\":\"https:\\\/\\\/sysmatec.ch\\\/wp-content\\\/uploads\\\/2023\\\/08\\\/CuvetteNano_Cphnano.jpg\",\"datePublished\":\"2023-08-24T09:42:15+00:00\",\"dateModified\":\"2023-08-24T15:56:06+00:00\",\"description\":\"Einwegk\u00fcvette mit integriertem optischen Nanotechnologie-Chip f\u00fcr die genaue und schnelle Analyse von Fl\u00fcssigkeiten.\",\"breadcrumb\":{\"@id\":\"https:\\\/\\\/sysmatec.ch\\\/de\\\/Produkt\\\/kuevette-fuer-spektrophotometer-nanocuvette-one\\\/#breadcrumb\"},\"inLanguage\":\"de\",\"potentialAction\":[{\"@type\":\"ReadAction\",\"target\":[\"https:\\\/\\\/sysmatec.ch\\\/de\\\/Produkt\\\/kuevette-fuer-spektrophotometer-nanocuvette-one\\\/\"]}]},{\"@type\":\"ImageObject\",\"inLanguage\":\"de\",\"@id\":\"https:\\\/\\\/sysmatec.ch\\\/de\\\/Produkt\\\/kuevette-fuer-spektrophotometer-nanocuvette-one\\\/#primaryimage\",\"url\":\"https:\\\/\\\/sysmatec.ch\\\/wp-content\\\/uploads\\\/2023\\\/08\\\/CuvetteNano_Cphnano.jpg\",\"contentUrl\":\"https:\\\/\\\/sysmatec.ch\\\/wp-content\\\/uploads\\\/2023\\\/08\\\/CuvetteNano_Cphnano.jpg\",\"width\":2240,\"height\":1794},{\"@type\":\"BreadcrumbList\",\"@id\":\"https:\\\/\\\/sysmatec.ch\\\/de\\\/Produkt\\\/kuevette-fuer-spektrophotometer-nanocuvette-one\\\/#breadcrumb\",\"itemListElement\":[{\"@type\":\"ListItem\",\"position\":1,\"name\":\"Accueil\",\"item\":\"https:\\\/\\\/sysmatec.ch\\\/de\\\/\"},{\"@type\":\"ListItem\",\"position\":2,\"name\":\"Die Aktivit\u00e4t von Sysmatec\",\"item\":\"https:\\\/\\\/sysmatec.ch\\\/de\\\/\"},{\"@type\":\"ListItem\",\"position\":3,\"name\":\"K\u00fcvette f\u00fcr Spektrophotometer NanoCuvette One\"}]},{\"@type\":\"WebSite\",\"@id\":\"https:\\\/\\\/sysmatec.ch\\\/de\\\/#website\",\"url\":\"https:\\\/\\\/sysmatec.ch\\\/de\\\/\",\"name\":\"Sysmatec\",\"description\":\"Equipement de laboratoire et logiciels\",\"publisher\":{\"@id\":\"https:\\\/\\\/sysmatec.ch\\\/de\\\/#organization\"},\"potentialAction\":[{\"@type\":\"SearchAction\",\"target\":{\"@type\":\"EntryPoint\",\"urlTemplate\":\"https:\\\/\\\/sysmatec.ch\\\/de\\\/?s={search_term_string}\"},\"query-input\":{\"@type\":\"PropertyValueSpecification\",\"valueRequired\":true,\"valueName\":\"search_term_string\"}}],\"inLanguage\":\"de\"},{\"@type\":\"Organization\",\"@id\":\"https:\\\/\\\/sysmatec.ch\\\/de\\\/#organization\",\"name\":\"Sysmatec\",\"url\":\"https:\\\/\\\/sysmatec.ch\\\/de\\\/\",\"logo\":{\"@type\":\"ImageObject\",\"inLanguage\":\"de\",\"@id\":\"https:\\\/\\\/sysmatec.ch\\\/de\\\/#\\\/schema\\\/logo\\\/image\\\/\",\"url\":\"https:\\\/\\\/sysmatec.ch\\\/wp-content\\\/uploads\\\/2018\\\/11\\\/LogoSysmatec.jpg\",\"contentUrl\":\"https:\\\/\\\/sysmatec.ch\\\/wp-content\\\/uploads\\\/2018\\\/11\\\/LogoSysmatec.jpg\",\"width\":301,\"height\":297,\"caption\":\"Sysmatec\"},\"image\":{\"@id\":\"https:\\\/\\\/sysmatec.ch\\\/de\\\/#\\\/schema\\\/logo\\\/image\\\/\"}}]}<\/script>\n<!-- \/ Yoast SEO plugin. -->","yoast_head_json":{"title":"K\u00fcvette f\u00fcr Spektrophotometer NanoCuvette One - Sysmatec","description":"Einwegk\u00fcvette mit integriertem optischen Nanotechnologie-Chip f\u00fcr die genaue und schnelle Analyse von Fl\u00fcssigkeiten.","robots":{"index":"index","follow":"follow","max-snippet":"max-snippet:-1","max-image-preview":"max-image-preview:large","max-video-preview":"max-video-preview:-1"},"canonical":"https:\/\/sysmatec.ch\/de\/Produkt\/kuevette-fuer-spektrophotometer-nanocuvette-one\/","og_locale":"de_DE","og_type":"article","og_title":"K\u00fcvette f\u00fcr Spektrophotometer NanoCuvette One - Sysmatec","og_description":"Einwegk\u00fcvette mit integriertem optischen Nanotechnologie-Chip f\u00fcr die genaue und schnelle Analyse von Fl\u00fcssigkeiten.","og_url":"https:\/\/sysmatec.ch\/de\/Produkt\/kuevette-fuer-spektrophotometer-nanocuvette-one\/","og_site_name":"Sysmatec","article_modified_time":"2023-08-24T15:56:06+00:00","og_image":[{"width":2240,"height":1794,"url":"https:\/\/sysmatec.ch\/wp-content\/uploads\/2023\/08\/CuvetteNano_Cphnano.jpg","type":"image\/jpeg"}],"twitter_card":"summary_large_image","twitter_misc":{"Gesch\u00e4tzte Lesezeit":"2\u00a0Minuten"},"schema":{"@context":"https:\/\/schema.org","@graph":[{"@type":"WebPage","@id":"https:\/\/sysmatec.ch\/de\/Produkt\/kuevette-fuer-spektrophotometer-nanocuvette-one\/","url":"https:\/\/sysmatec.ch\/de\/Produkt\/kuevette-fuer-spektrophotometer-nanocuvette-one\/","name":"K\u00fcvette f\u00fcr Spektrophotometer NanoCuvette One - Sysmatec","isPartOf":{"@id":"https:\/\/sysmatec.ch\/de\/#website"},"primaryImageOfPage":{"@id":"https:\/\/sysmatec.ch\/de\/Produkt\/kuevette-fuer-spektrophotometer-nanocuvette-one\/#primaryimage"},"image":{"@id":"https:\/\/sysmatec.ch\/de\/Produkt\/kuevette-fuer-spektrophotometer-nanocuvette-one\/#primaryimage"},"thumbnailUrl":"https:\/\/sysmatec.ch\/wp-content\/uploads\/2023\/08\/CuvetteNano_Cphnano.jpg","datePublished":"2023-08-24T09:42:15+00:00","dateModified":"2023-08-24T15:56:06+00:00","description":"Einwegk\u00fcvette mit integriertem optischen Nanotechnologie-Chip f\u00fcr die genaue und schnelle Analyse von Fl\u00fcssigkeiten.","breadcrumb":{"@id":"https:\/\/sysmatec.ch\/de\/Produkt\/kuevette-fuer-spektrophotometer-nanocuvette-one\/#breadcrumb"},"inLanguage":"de","potentialAction":[{"@type":"ReadAction","target":["https:\/\/sysmatec.ch\/de\/Produkt\/kuevette-fuer-spektrophotometer-nanocuvette-one\/"]}]},{"@type":"ImageObject","inLanguage":"de","@id":"https:\/\/sysmatec.ch\/de\/Produkt\/kuevette-fuer-spektrophotometer-nanocuvette-one\/#primaryimage","url":"https:\/\/sysmatec.ch\/wp-content\/uploads\/2023\/08\/CuvetteNano_Cphnano.jpg","contentUrl":"https:\/\/sysmatec.ch\/wp-content\/uploads\/2023\/08\/CuvetteNano_Cphnano.jpg","width":2240,"height":1794},{"@type":"BreadcrumbList","@id":"https:\/\/sysmatec.ch\/de\/Produkt\/kuevette-fuer-spektrophotometer-nanocuvette-one\/#breadcrumb","itemListElement":[{"@type":"ListItem","position":1,"name":"Accueil","item":"https:\/\/sysmatec.ch\/de\/"},{"@type":"ListItem","position":2,"name":"Die Aktivit\u00e4t von Sysmatec","item":"https:\/\/sysmatec.ch\/de\/"},{"@type":"ListItem","position":3,"name":"K\u00fcvette f\u00fcr Spektrophotometer NanoCuvette One"}]},{"@type":"WebSite","@id":"https:\/\/sysmatec.ch\/de\/#website","url":"https:\/\/sysmatec.ch\/de\/","name":"Sysmatec","description":"Equipement de laboratoire et logiciels","publisher":{"@id":"https:\/\/sysmatec.ch\/de\/#organization"},"potentialAction":[{"@type":"SearchAction","target":{"@type":"EntryPoint","urlTemplate":"https:\/\/sysmatec.ch\/de\/?s={search_term_string}"},"query-input":{"@type":"PropertyValueSpecification","valueRequired":true,"valueName":"search_term_string"}}],"inLanguage":"de"},{"@type":"Organization","@id":"https:\/\/sysmatec.ch\/de\/#organization","name":"Sysmatec","url":"https:\/\/sysmatec.ch\/de\/","logo":{"@type":"ImageObject","inLanguage":"de","@id":"https:\/\/sysmatec.ch\/de\/#\/schema\/logo\/image\/","url":"https:\/\/sysmatec.ch\/wp-content\/uploads\/2018\/11\/LogoSysmatec.jpg","contentUrl":"https:\/\/sysmatec.ch\/wp-content\/uploads\/2018\/11\/LogoSysmatec.jpg","width":301,"height":297,"caption":"Sysmatec"},"image":{"@id":"https:\/\/sysmatec.ch\/de\/#\/schema\/logo\/image\/"}}]}},"_links":{"self":[{"href":"https:\/\/sysmatec.ch\/de\/wp-json\/wp\/v2\/product\/28638","targetHints":{"allow":["GET"]}}],"collection":[{"href":"https:\/\/sysmatec.ch\/de\/wp-json\/wp\/v2\/product"}],"about":[{"href":"https:\/\/sysmatec.ch\/de\/wp-json\/wp\/v2\/types\/product"}],"wp:featuredmedia":[{"embeddable":true,"href":"https:\/\/sysmatec.ch\/de\/wp-json\/wp\/v2\/media\/28641"}],"wp:attachment":[{"href":"https:\/\/sysmatec.ch\/de\/wp-json\/wp\/v2\/media?parent=28638"}],"wp:term":[{"taxonomy":"product_brand","embeddable":true,"href":"https:\/\/sysmatec.ch\/de\/wp-json\/wp\/v2\/product_brand?post=28638"},{"taxonomy":"product_cat","embeddable":true,"href":"https:\/\/sysmatec.ch\/de\/wp-json\/wp\/v2\/product_cat?post=28638"},{"taxonomy":"product_tag","embeddable":true,"href":"https:\/\/sysmatec.ch\/de\/wp-json\/wp\/v2\/product_tag?post=28638"}],"curies":[{"name":"wp","href":"https:\/\/api.w.org\/{rel}","templated":true}]}}