{"id":28630,"date":"2023-08-23T15:23:23","date_gmt":"2023-08-23T13:23:23","guid":{"rendered":"https:\/\/sysmatec.ch\/?post_type=product&#038;p=28630"},"modified":"2023-08-23T17:45:36","modified_gmt":"2023-08-23T15:45:36","slug":"tieftemperatur-datenlogger-tempmate-c1","status":"publish","type":"product","link":"https:\/\/sysmatec.ch\/de\/Produkt\/tieftemperatur-datenlogger-tempmate-c1\/","title":{"rendered":"Tieftemperatur Datenlogger Tempmate C1"},"content":{"rendered":"<p>Der gesamte Temperatur-Datenlogger ist so entwickelt, dass jede einzelne Komponente, sei es die Elektronik oder das Geh\u00e4use, extreme Temperaturen von -90\u00b0C bis +70\u00b0C problemlos aush\u00e4lt. Ideal f\u00fcr die Trockeneis- und Kryo\u00fcberwachung.<\/p>\n<p>Das einfache System, bestehend aus nur 2 Tasten, erm\u00f6glicht es Ihnen, das Ger\u00e4t vollst\u00e4ndig zu bedienen. Sie ben\u00f6tigen lediglich einen PC mit USB-Anschluss zum Auslesen der Daten, PDF- und CSV-Berichte werden automatisch erstellt.<\/p>\n<p>Die kostenlose Software tempbase-Cryo f\u00fchrt Sie durch ein einfaches Konfigurationsmen\u00fc zu Ihrem perfekten Datenlogger. Das Validierungszertifikat des Ger\u00e4ts befindet sich direkt auf dem Speicher des Ger\u00e4ts, so dass Sie es nicht verlieren k\u00f6nnen.<\/p>\n<p>Bis zu 6 auf Ihre Waren abgestimmte Alarmgrenzwerte bieten Ihnen die M\u00f6glichkeit, fr\u00fchzeitig auf Abweichungen Ihrer Temperaturbereiche zu reagieren. Der einstellbare Passwortschutz gibt Ihnen zudem die Sicherheit, dass niemand au\u00dfer Ihnen auf Ihre wichtigen Daten zugreifen kann.<\/p>\n<p>Sie k\u00f6nnen Start- und Stoppmodus, Logintervall und Alarme definieren. Die 24 Monate Haltbarkeit und bis zu 90 Tage aktive Laufzeit bieten Ihnen viel Freiheit bei der Planung Ihrer Ressourcen. Innerhalb der maximal 90 Tage k\u00f6nnen Sie Ihren tempmate.\u00ae-C1 Logger mehrfach starten und stoppen.<\/p>\n<table>\n<tbody>\n<tr>\n<td width=\"30%\">Datenloggertyp<\/td>\n<td width=\"70%\">Einweg-Temperaturschreiber<\/td>\n<\/tr>\n<tr>\n<td>Dimension<\/td>\n<td>96\/44\/15 mm (L\/B\/T)<\/td>\n<\/tr>\n<tr>\n<td>Gewicht<\/td>\n<td>30 g<\/td>\n<\/tr>\n<tr>\n<td>Schutzklasse<\/td>\n<td>IPE65<\/td>\n<\/tr>\n<tr>\n<td>Zertifierung<\/td>\n<td>Entspricht der Norm EN 12830 &amp; gem\u00e4\u00df FCC, CE, RoHS<\/td>\n<\/tr>\n<tr>\n<td>Datentransfer<\/td>\n<td><\/td>\n<\/tr>\n<tr>\n<td>Temperaturbereich<\/td>\n<td>-90\u00b0C \u00e0 +70\u00b0C<\/td>\n<\/tr>\n<tr>\n<td>Temperaturgenauigkeit<\/td>\n<td>Typische Genauigkeit \u00b10.5\u00b0C (-30 bis 70\u00b0C) \u00b11\u00b0C (Rest)<\/td>\n<\/tr>\n<tr>\n<td>Temperaturaufl\u00f6sung<\/td>\n<td>0.1\u00b0C<\/td>\n<\/tr>\n<tr>\n<td>Speciherungsintervall<\/td>\n<td>1 Minute bis 24 Stunden<\/td>\n<\/tr>\n<tr>\n<td>Speicherungsdauer<\/td>\n<td>90 Tage<\/td>\n<\/tr>\n<tr>\n<td>Aufnahmekapazit\u00e4t<\/td>\n<td>20.000 Datens\u00e4tze &#8211; 35.000 Datens\u00e4tze (PDF)<\/td>\n<\/tr>\n<tr>\n<td>Alarme<\/td>\n<td>Bis zu 6 programmierbare Schwellenwerte<\/td>\n<\/tr>\n<tr>\n<td>Lebensdauer der Batterie<\/td>\n<td>24 Monate\/ Lithium-Batterie 3.6 V<\/td>\n<\/tr>\n<\/tbody>\n<\/table>\n","protected":false},"excerpt":{"rendered":"<p>Einweg-Temperaturaufzeichnungsger\u00e4t (Einweg) f\u00fcr Kryogenie- und Trockeneisanwendungen.<\/p>\n","protected":false},"featured_media":28635,"template":"","meta":{"_crdt_document":""},"product_brand":[],"product_cat":[172,173],"product_tag":[],"class_list":{"0":"post-28630","1":"product","2":"type-product","3":"status-publish","4":"has-post-thumbnail","6":"product_cat-einweg-logger","7":"product_cat-temperatur","9":"first","10":"instock","11":"taxable","12":"shipping-taxable","13":"product-type-simple"},"yoast_head":"<!-- This site is optimized with the Yoast SEO plugin v27.4 - https:\/\/yoast.com\/product\/yoast-seo-wordpress\/ -->\n<title>Tieftemperatur Datenlogger Tempmate C1 - Sysmatec<\/title>\n<meta name=\"description\" content=\"Niedertemperaturrekorder f\u00fcr den einmaligen Gebrauch. Verwendbar f\u00fcr sehr niedrige Temperaturen bis zu -90 \u00b0C. F\u00fcr Kryogenie- und Trockeneisanwendungen.\" \/>\n<meta name=\"robots\" content=\"index, follow, max-snippet:-1, max-image-preview:large, max-video-preview:-1\" \/>\n<link rel=\"canonical\" href=\"https:\/\/sysmatec.ch\/de\/Produkt\/tieftemperatur-datenlogger-tempmate-c1\/\" \/>\n<meta property=\"og:locale\" content=\"de_DE\" \/>\n<meta property=\"og:type\" content=\"article\" \/>\n<meta property=\"og:title\" content=\"Tieftemperatur Datenlogger Tempmate C1 - Sysmatec\" \/>\n<meta property=\"og:description\" content=\"Niedertemperaturrekorder f\u00fcr den einmaligen Gebrauch. Verwendbar f\u00fcr sehr niedrige Temperaturen bis zu -90 \u00b0C. F\u00fcr Kryogenie- und Trockeneisanwendungen.\" \/>\n<meta property=\"og:url\" content=\"https:\/\/sysmatec.ch\/de\/Produkt\/tieftemperatur-datenlogger-tempmate-c1\/\" \/>\n<meta property=\"og:site_name\" content=\"Sysmatec\" \/>\n<meta property=\"article:modified_time\" content=\"2023-08-23T15:45:36+00:00\" \/>\n<meta property=\"og:image\" content=\"https:\/\/sysmatec.ch\/wp-content\/uploads\/2023\/08\/EnregistreurTemperature_TempmateC1.jpg\" \/>\n\t<meta property=\"og:image:width\" content=\"294\" \/>\n\t<meta property=\"og:image:height\" content=\"501\" \/>\n\t<meta property=\"og:image:type\" content=\"image\/jpeg\" \/>\n<meta name=\"twitter:card\" content=\"summary_large_image\" \/>\n<meta name=\"twitter:label1\" content=\"Gesch\u00e4tzte Lesezeit\" \/>\n\t<meta name=\"twitter:data1\" content=\"2\u00a0Minuten\" \/>\n<script type=\"application\/ld+json\" class=\"yoast-schema-graph\">{\"@context\":\"https:\\\/\\\/schema.org\",\"@graph\":[{\"@type\":\"WebPage\",\"@id\":\"https:\\\/\\\/sysmatec.ch\\\/de\\\/Produkt\\\/tieftemperatur-datenlogger-tempmate-c1\\\/\",\"url\":\"https:\\\/\\\/sysmatec.ch\\\/de\\\/Produkt\\\/tieftemperatur-datenlogger-tempmate-c1\\\/\",\"name\":\"Tieftemperatur Datenlogger Tempmate C1 - Sysmatec\",\"isPartOf\":{\"@id\":\"https:\\\/\\\/sysmatec.ch\\\/de\\\/#website\"},\"primaryImageOfPage\":{\"@id\":\"https:\\\/\\\/sysmatec.ch\\\/de\\\/Produkt\\\/tieftemperatur-datenlogger-tempmate-c1\\\/#primaryimage\"},\"image\":{\"@id\":\"https:\\\/\\\/sysmatec.ch\\\/de\\\/Produkt\\\/tieftemperatur-datenlogger-tempmate-c1\\\/#primaryimage\"},\"thumbnailUrl\":\"https:\\\/\\\/sysmatec.ch\\\/wp-content\\\/uploads\\\/2023\\\/08\\\/EnregistreurTemperature_TempmateC1.jpg\",\"datePublished\":\"2023-08-23T13:23:23+00:00\",\"dateModified\":\"2023-08-23T15:45:36+00:00\",\"description\":\"Niedertemperaturrekorder f\u00fcr den einmaligen Gebrauch. Verwendbar f\u00fcr sehr niedrige Temperaturen bis zu -90 \u00b0C. F\u00fcr Kryogenie- und Trockeneisanwendungen.\",\"breadcrumb\":{\"@id\":\"https:\\\/\\\/sysmatec.ch\\\/de\\\/Produkt\\\/tieftemperatur-datenlogger-tempmate-c1\\\/#breadcrumb\"},\"inLanguage\":\"de\",\"potentialAction\":[{\"@type\":\"ReadAction\",\"target\":[\"https:\\\/\\\/sysmatec.ch\\\/de\\\/Produkt\\\/tieftemperatur-datenlogger-tempmate-c1\\\/\"]}]},{\"@type\":\"ImageObject\",\"inLanguage\":\"de\",\"@id\":\"https:\\\/\\\/sysmatec.ch\\\/de\\\/Produkt\\\/tieftemperatur-datenlogger-tempmate-c1\\\/#primaryimage\",\"url\":\"https:\\\/\\\/sysmatec.ch\\\/wp-content\\\/uploads\\\/2023\\\/08\\\/EnregistreurTemperature_TempmateC1.jpg\",\"contentUrl\":\"https:\\\/\\\/sysmatec.ch\\\/wp-content\\\/uploads\\\/2023\\\/08\\\/EnregistreurTemperature_TempmateC1.jpg\",\"width\":294,\"height\":501},{\"@type\":\"BreadcrumbList\",\"@id\":\"https:\\\/\\\/sysmatec.ch\\\/de\\\/Produkt\\\/tieftemperatur-datenlogger-tempmate-c1\\\/#breadcrumb\",\"itemListElement\":[{\"@type\":\"ListItem\",\"position\":1,\"name\":\"Accueil\",\"item\":\"https:\\\/\\\/sysmatec.ch\\\/de\\\/\"},{\"@type\":\"ListItem\",\"position\":2,\"name\":\"Die Aktivit\u00e4t von Sysmatec\",\"item\":\"https:\\\/\\\/sysmatec.ch\\\/de\\\/\"},{\"@type\":\"ListItem\",\"position\":3,\"name\":\"Tieftemperatur Datenlogger Tempmate C1\"}]},{\"@type\":\"WebSite\",\"@id\":\"https:\\\/\\\/sysmatec.ch\\\/de\\\/#website\",\"url\":\"https:\\\/\\\/sysmatec.ch\\\/de\\\/\",\"name\":\"Sysmatec\",\"description\":\"Equipement de laboratoire et logiciels\",\"publisher\":{\"@id\":\"https:\\\/\\\/sysmatec.ch\\\/de\\\/#organization\"},\"potentialAction\":[{\"@type\":\"SearchAction\",\"target\":{\"@type\":\"EntryPoint\",\"urlTemplate\":\"https:\\\/\\\/sysmatec.ch\\\/de\\\/?s={search_term_string}\"},\"query-input\":{\"@type\":\"PropertyValueSpecification\",\"valueRequired\":true,\"valueName\":\"search_term_string\"}}],\"inLanguage\":\"de\"},{\"@type\":\"Organization\",\"@id\":\"https:\\\/\\\/sysmatec.ch\\\/de\\\/#organization\",\"name\":\"Sysmatec\",\"url\":\"https:\\\/\\\/sysmatec.ch\\\/de\\\/\",\"logo\":{\"@type\":\"ImageObject\",\"inLanguage\":\"de\",\"@id\":\"https:\\\/\\\/sysmatec.ch\\\/de\\\/#\\\/schema\\\/logo\\\/image\\\/\",\"url\":\"https:\\\/\\\/sysmatec.ch\\\/wp-content\\\/uploads\\\/2018\\\/11\\\/LogoSysmatec.jpg\",\"contentUrl\":\"https:\\\/\\\/sysmatec.ch\\\/wp-content\\\/uploads\\\/2018\\\/11\\\/LogoSysmatec.jpg\",\"width\":301,\"height\":297,\"caption\":\"Sysmatec\"},\"image\":{\"@id\":\"https:\\\/\\\/sysmatec.ch\\\/de\\\/#\\\/schema\\\/logo\\\/image\\\/\"}}]}<\/script>\n<!-- \/ Yoast SEO plugin. -->","yoast_head_json":{"title":"Tieftemperatur Datenlogger Tempmate C1 - Sysmatec","description":"Niedertemperaturrekorder f\u00fcr den einmaligen Gebrauch. Verwendbar f\u00fcr sehr niedrige Temperaturen bis zu -90 \u00b0C. F\u00fcr Kryogenie- und Trockeneisanwendungen.","robots":{"index":"index","follow":"follow","max-snippet":"max-snippet:-1","max-image-preview":"max-image-preview:large","max-video-preview":"max-video-preview:-1"},"canonical":"https:\/\/sysmatec.ch\/de\/Produkt\/tieftemperatur-datenlogger-tempmate-c1\/","og_locale":"de_DE","og_type":"article","og_title":"Tieftemperatur Datenlogger Tempmate C1 - Sysmatec","og_description":"Niedertemperaturrekorder f\u00fcr den einmaligen Gebrauch. Verwendbar f\u00fcr sehr niedrige Temperaturen bis zu -90 \u00b0C. F\u00fcr Kryogenie- und Trockeneisanwendungen.","og_url":"https:\/\/sysmatec.ch\/de\/Produkt\/tieftemperatur-datenlogger-tempmate-c1\/","og_site_name":"Sysmatec","article_modified_time":"2023-08-23T15:45:36+00:00","og_image":[{"width":294,"height":501,"url":"https:\/\/sysmatec.ch\/wp-content\/uploads\/2023\/08\/EnregistreurTemperature_TempmateC1.jpg","type":"image\/jpeg"}],"twitter_card":"summary_large_image","twitter_misc":{"Gesch\u00e4tzte Lesezeit":"2\u00a0Minuten"},"schema":{"@context":"https:\/\/schema.org","@graph":[{"@type":"WebPage","@id":"https:\/\/sysmatec.ch\/de\/Produkt\/tieftemperatur-datenlogger-tempmate-c1\/","url":"https:\/\/sysmatec.ch\/de\/Produkt\/tieftemperatur-datenlogger-tempmate-c1\/","name":"Tieftemperatur Datenlogger Tempmate C1 - Sysmatec","isPartOf":{"@id":"https:\/\/sysmatec.ch\/de\/#website"},"primaryImageOfPage":{"@id":"https:\/\/sysmatec.ch\/de\/Produkt\/tieftemperatur-datenlogger-tempmate-c1\/#primaryimage"},"image":{"@id":"https:\/\/sysmatec.ch\/de\/Produkt\/tieftemperatur-datenlogger-tempmate-c1\/#primaryimage"},"thumbnailUrl":"https:\/\/sysmatec.ch\/wp-content\/uploads\/2023\/08\/EnregistreurTemperature_TempmateC1.jpg","datePublished":"2023-08-23T13:23:23+00:00","dateModified":"2023-08-23T15:45:36+00:00","description":"Niedertemperaturrekorder f\u00fcr den einmaligen Gebrauch. Verwendbar f\u00fcr sehr niedrige Temperaturen bis zu -90 \u00b0C. F\u00fcr Kryogenie- und Trockeneisanwendungen.","breadcrumb":{"@id":"https:\/\/sysmatec.ch\/de\/Produkt\/tieftemperatur-datenlogger-tempmate-c1\/#breadcrumb"},"inLanguage":"de","potentialAction":[{"@type":"ReadAction","target":["https:\/\/sysmatec.ch\/de\/Produkt\/tieftemperatur-datenlogger-tempmate-c1\/"]}]},{"@type":"ImageObject","inLanguage":"de","@id":"https:\/\/sysmatec.ch\/de\/Produkt\/tieftemperatur-datenlogger-tempmate-c1\/#primaryimage","url":"https:\/\/sysmatec.ch\/wp-content\/uploads\/2023\/08\/EnregistreurTemperature_TempmateC1.jpg","contentUrl":"https:\/\/sysmatec.ch\/wp-content\/uploads\/2023\/08\/EnregistreurTemperature_TempmateC1.jpg","width":294,"height":501},{"@type":"BreadcrumbList","@id":"https:\/\/sysmatec.ch\/de\/Produkt\/tieftemperatur-datenlogger-tempmate-c1\/#breadcrumb","itemListElement":[{"@type":"ListItem","position":1,"name":"Accueil","item":"https:\/\/sysmatec.ch\/de\/"},{"@type":"ListItem","position":2,"name":"Die Aktivit\u00e4t von Sysmatec","item":"https:\/\/sysmatec.ch\/de\/"},{"@type":"ListItem","position":3,"name":"Tieftemperatur Datenlogger Tempmate C1"}]},{"@type":"WebSite","@id":"https:\/\/sysmatec.ch\/de\/#website","url":"https:\/\/sysmatec.ch\/de\/","name":"Sysmatec","description":"Equipement de laboratoire et logiciels","publisher":{"@id":"https:\/\/sysmatec.ch\/de\/#organization"},"potentialAction":[{"@type":"SearchAction","target":{"@type":"EntryPoint","urlTemplate":"https:\/\/sysmatec.ch\/de\/?s={search_term_string}"},"query-input":{"@type":"PropertyValueSpecification","valueRequired":true,"valueName":"search_term_string"}}],"inLanguage":"de"},{"@type":"Organization","@id":"https:\/\/sysmatec.ch\/de\/#organization","name":"Sysmatec","url":"https:\/\/sysmatec.ch\/de\/","logo":{"@type":"ImageObject","inLanguage":"de","@id":"https:\/\/sysmatec.ch\/de\/#\/schema\/logo\/image\/","url":"https:\/\/sysmatec.ch\/wp-content\/uploads\/2018\/11\/LogoSysmatec.jpg","contentUrl":"https:\/\/sysmatec.ch\/wp-content\/uploads\/2018\/11\/LogoSysmatec.jpg","width":301,"height":297,"caption":"Sysmatec"},"image":{"@id":"https:\/\/sysmatec.ch\/de\/#\/schema\/logo\/image\/"}}]}},"_links":{"self":[{"href":"https:\/\/sysmatec.ch\/de\/wp-json\/wp\/v2\/product\/28630","targetHints":{"allow":["GET"]}}],"collection":[{"href":"https:\/\/sysmatec.ch\/de\/wp-json\/wp\/v2\/product"}],"about":[{"href":"https:\/\/sysmatec.ch\/de\/wp-json\/wp\/v2\/types\/product"}],"wp:featuredmedia":[{"embeddable":true,"href":"https:\/\/sysmatec.ch\/de\/wp-json\/wp\/v2\/media\/28635"}],"wp:attachment":[{"href":"https:\/\/sysmatec.ch\/de\/wp-json\/wp\/v2\/media?parent=28630"}],"wp:term":[{"taxonomy":"product_brand","embeddable":true,"href":"https:\/\/sysmatec.ch\/de\/wp-json\/wp\/v2\/product_brand?post=28630"},{"taxonomy":"product_cat","embeddable":true,"href":"https:\/\/sysmatec.ch\/de\/wp-json\/wp\/v2\/product_cat?post=28630"},{"taxonomy":"product_tag","embeddable":true,"href":"https:\/\/sysmatec.ch\/de\/wp-json\/wp\/v2\/product_tag?post=28630"}],"curies":[{"name":"wp","href":"https:\/\/api.w.org\/{rel}","templated":true}]}}